{"id":1560,"date":"2025-04-08T19:00:18","date_gmt":"2025-04-08T19:00:18","guid":{"rendered":"https:\/\/klap.ee\/?page_id=1560"},"modified":"2026-02-12T02:50:34","modified_gmt":"2026-02-12T02:50:34","slug":"return-and-refund-policy","status":"publish","type":"page","link":"https:\/\/klap.ee\/et\/return-and-refund-policy\/","title":{"rendered":"Tagastamistingimused"},"content":{"rendered":"<p>Meil on 14-p\u00e4evane tagastus\u00f5igus, mis t\u00e4hendab, et tarbijatel (eraisikutel) on p\u00e4rast toote k\u00e4ttesaamist 14 p\u00e4eva aega, et taotleda selle tagastamist. Kui on ostetud renoveeritud toode, kehtib see \u00f5igus ka ettev\u00f5tetele.<br><br>Tagastamiseks peab teie toode olema samas seisukorras, nagu te selle k\u00e4tte saite, kandmata v\u00f5i kasutamata, siltidega ja originaalpakendis. Samuti vajate ostukviitungit v\u00f5i ostut\u00f5endit. Kui tool v\u00f5i muu itme ei sobi teile mingil p\u00f5hjusel ja te soovite seda tagastada, vastutab klient tagastamiskulude eest, v\u00e4lja arvatud juhul, kui toolile on tekkinud olulised defektid (katkine toolimehhanism, mittet\u00f6\u00f6tav silinder jne), millest ei olnud ostu ajal teada.<br><br>Tagastamise alustamiseks v\u00f5ite meiega \u00fchendust v\u00f5tta aadressil <a href=\"mailto:info@klap.ee\">info@klap.ee<\/a>. Pange t\u00e4hele, et tagastused tuleb saata j\u00e4rgmisele aadressile: Vana-L\u00f5una 39\/1, Tallinn, Eesti<br><br>Kui teie tagastamine v\u00f5etakse vastu, saadame teile tagastussildi ja juhised, kuidas ja kuhu oma pakki saata. Tagasi saadetud esemeid, mille kohta ei ole eelnevalt tagastamistaotlust esitatud, ei v\u00f5eta vastu.<br><br>V\u00f5ite alati meiega \u00fchendust v\u00f5tta, kui teil on k\u00fcsimusi tagastamise kohta. <a href=\"mailto:info@klap.ee\">info@klap.ee<\/a>.<\/p>\n\n\n\n<p><strong>Kahjud ja probleemid<\/strong><br>Palun kontrollige oma tellimus p\u00e4rast k\u00e4ttesaamist ja v\u00f5tke meiega viivitamatult \u00fchendust, kui toode on defektne, kahjustatud v\u00f5i kui saate vale toote, et saaksime hinnata probleemi ja seda parandada.<\/p>\n\n\n\n<p><strong>Erandid \/ tagastamisele mittekuuluvad esemed<\/strong><br>Teatud t\u00fc\u00fcpi kaupu ei saa tagastada, n\u00e4iteks kergesti riknevate kaupade, eritoodete (n\u00e4iteks eritellimuste v\u00f5i isikup\u00e4rastatud toodete) ja isikliku hoolduse kaupade puhul. Samuti ei v\u00f5ta me tagasi ohtlikke materjale, tuleohtlikke vedelikke ega gaase. Palun v\u00f5tke \u00fchendust, kui teil on k\u00fcsimusi v\u00f5i muresid konkreetse toote kohta.<br><br>Kahjuks ei saa me tagasi v\u00f5tta m\u00fc\u00fcgiesemeid ega kinkekaarte.<\/p>\n\n\n\n<p><strong>Vahetused<\/strong><br>Kiireim viis tagada, et saate soovitud toote, on tagastada olemasolev toode ja kui tagastamine on heaks kiidetud, osta uus toode eraldi.<\/p>\n\n\n\n<p><strong>Euroopa Liidu 14-p\u00e4evane j\u00e4relem\u00f5tlemisaeg<\/strong><br>Olenemata \u00fclaltoodust, kui kaup saadetakse Euroopa Liitu, on tarbijatel (eraisikutel) \u00f5igus t\u00fchistada v\u00f5i tagastada oma tellimus 14 p\u00e4eva jooksul mis tahes p\u00f5hjusel ja ilma p\u00f5hjendusteta. Nagu eespool \u00f6eldud, peab teie toode olema samas seisukorras, nagu te selle k\u00e4tte saite, kandmata v\u00f5i kasutamata, koos siltidega ja originaalpakendis. Samuti vajate ostukviitungit v\u00f5i ostut\u00f5endit.<\/p>\n\n\n\n<p><strong>Tagasimaksed<\/strong><br>Me teavitame teid, kui oleme teie tagastuse k\u00e4tte saanud ja kontrollinud ning anname teile teada, kas tagasimakse on heaks kiidetud v\u00f5i mitte. Kui see on heaks kiidetud, tagastatakse teile raha automaatselt teie algsel makseviisil 10 t\u00f6\u00f6p\u00e4eva jooksul. Palun pidage meeles, et ka teie pangal v\u00f5i krediitkaardifirmal v\u00f5ib kuluda aega tagasimakse t\u00f6\u00f6tlemiseks ja postitamiseks.<br>Kui teie tagastuse kinnitamisest on m\u00f6\u00f6dunud rohkem kui 15 t\u00f6\u00f6p\u00e4eva, v\u00f5tke meiega \u00fchendust aadressil info@klap.ee.<\/p>","protected":false},"excerpt":{"rendered":"<p>We have a 14-day return policy, which means consumers (individuals) have 14 days after receiving their item to request a return.&nbsp;If a refurbished product has been purchased, this right also &#8230;<\/p>","protected":false},"author":1,"featured_media":0,"parent":0,"menu_order":0,"comment_status":"closed","ping_status":"closed","template":"","meta":{"_themeisle_gutenberg_block_has_review":false,"iawp_total_views":13,"footnotes":""},"class_list":["post-1560","page","type-page","status-publish","hentry"],"yoast_head":"<!-- This site is optimized with the Yoast SEO plugin v27.6 - https:\/\/yoast.com\/product\/yoast-seo-wordpress\/ -->\n<title>Return and Refund Policy - KLAP<\/title>\n<meta name=\"robots\" content=\"index, follow, max-snippet:-1, max-image-preview:large, max-video-preview:-1\" \/>\n<link rel=\"canonical\" href=\"https:\/\/klap.ee\/et\/return-and-refund-policy\/\" \/>\n<meta property=\"og:locale\" content=\"et_EE\" \/>\n<meta property=\"og:type\" content=\"article\" \/>\n<meta property=\"og:title\" content=\"Return and Refund Policy - KLAP\" \/>\n<meta property=\"og:description\" content=\"We have a 14-day return policy, which means consumers (individuals) have 14 days after receiving their item to request a return.&nbsp;If a refurbished product has been purchased, this right also ...\" \/>\n<meta property=\"og:url\" content=\"https:\/\/klap.ee\/et\/return-and-refund-policy\/\" \/>\n<meta property=\"og:site_name\" content=\"KLAP\" \/>\n<meta property=\"article:modified_time\" content=\"2026-02-12T02:50:34+00:00\" \/>\n<meta name=\"twitter:card\" content=\"summary_large_image\" \/>\n<meta name=\"twitter:label1\" content=\"Est. reading time\" \/>\n\t<meta name=\"twitter:data1\" content=\"2 minutit\" \/>\n<script type=\"application\/ld+json\" class=\"yoast-schema-graph\">{\"@context\":\"https:\\\/\\\/schema.org\",\"@graph\":[{\"@type\":\"WebPage\",\"@id\":\"https:\\\/\\\/klap.ee\\\/return-and-refund-policy\\\/\",\"url\":\"https:\\\/\\\/klap.ee\\\/return-and-refund-policy\\\/\",\"name\":\"Return and Refund Policy - KLAP\",\"isPartOf\":{\"@id\":\"https:\\\/\\\/klap.ee\\\/#website\"},\"datePublished\":\"2025-04-08T19:00:18+00:00\",\"dateModified\":\"2026-02-12T02:50:34+00:00\",\"breadcrumb\":{\"@id\":\"https:\\\/\\\/klap.ee\\\/return-and-refund-policy\\\/#breadcrumb\"},\"inLanguage\":\"et\",\"potentialAction\":[{\"@type\":\"ReadAction\",\"target\":[\"https:\\\/\\\/klap.ee\\\/return-and-refund-policy\\\/\"]}]},{\"@type\":\"BreadcrumbList\",\"@id\":\"https:\\\/\\\/klap.ee\\\/return-and-refund-policy\\\/#breadcrumb\",\"itemListElement\":[{\"@type\":\"ListItem\",\"position\":1,\"name\":\"Home\",\"item\":\"https:\\\/\\\/klap.ee\\\/\"},{\"@type\":\"ListItem\",\"position\":2,\"name\":\"Return and Refund Policy\"}]},{\"@type\":\"WebSite\",\"@id\":\"https:\\\/\\\/klap.ee\\\/#website\",\"url\":\"https:\\\/\\\/klap.ee\\\/\",\"name\":\"KLAP\",\"description\":\"J\u00e4tkusuutliku disainm\u00f6\u00f6bli pood\",\"publisher\":{\"@id\":\"https:\\\/\\\/klap.ee\\\/#organization\"},\"potentialAction\":[{\"@type\":\"SearchAction\",\"target\":{\"@type\":\"EntryPoint\",\"urlTemplate\":\"https:\\\/\\\/klap.ee\\\/?s={search_term_string}\"},\"query-input\":{\"@type\":\"PropertyValueSpecification\",\"valueRequired\":true,\"valueName\":\"search_term_string\"}}],\"inLanguage\":\"et\"},{\"@type\":\"Organization\",\"@id\":\"https:\\\/\\\/klap.ee\\\/#organization\",\"name\":\"KLAP\",\"url\":\"https:\\\/\\\/klap.ee\\\/\",\"logo\":{\"@type\":\"ImageObject\",\"inLanguage\":\"et\",\"@id\":\"https:\\\/\\\/klap.ee\\\/#\\\/schema\\\/logo\\\/image\\\/\",\"url\":\"https:\\\/\\\/klap.ee\\\/wp-content\\\/uploads\\\/2025\\\/03\\\/klap_logo_transparent_410x158.png\",\"contentUrl\":\"https:\\\/\\\/klap.ee\\\/wp-content\\\/uploads\\\/2025\\\/03\\\/klap_logo_transparent_410x158.png\",\"width\":410,\"height\":158,\"caption\":\"KLAP\"},\"image\":{\"@id\":\"https:\\\/\\\/klap.ee\\\/#\\\/schema\\\/logo\\\/image\\\/\"}}]}<\/script>\n<!-- \/ Yoast SEO plugin. -->","yoast_head_json":{"title":"Return and Refund Policy - KLAP","robots":{"index":"index","follow":"follow","max-snippet":"max-snippet:-1","max-image-preview":"max-image-preview:large","max-video-preview":"max-video-preview:-1"},"canonical":"https:\/\/klap.ee\/et\/return-and-refund-policy\/","og_locale":"et_EE","og_type":"article","og_title":"Return and Refund Policy - KLAP","og_description":"We have a 14-day return policy, which means consumers (individuals) have 14 days after receiving their item to request a return.&nbsp;If a refurbished product has been purchased, this right also ...","og_url":"https:\/\/klap.ee\/et\/return-and-refund-policy\/","og_site_name":"KLAP","article_modified_time":"2026-02-12T02:50:34+00:00","twitter_card":"summary_large_image","twitter_misc":{"Est. reading time":"2 minutit"},"schema":{"@context":"https:\/\/schema.org","@graph":[{"@type":"WebPage","@id":"https:\/\/klap.ee\/return-and-refund-policy\/","url":"https:\/\/klap.ee\/return-and-refund-policy\/","name":"Return and Refund Policy - KLAP","isPartOf":{"@id":"https:\/\/klap.ee\/#website"},"datePublished":"2025-04-08T19:00:18+00:00","dateModified":"2026-02-12T02:50:34+00:00","breadcrumb":{"@id":"https:\/\/klap.ee\/return-and-refund-policy\/#breadcrumb"},"inLanguage":"et","potentialAction":[{"@type":"ReadAction","target":["https:\/\/klap.ee\/return-and-refund-policy\/"]}]},{"@type":"BreadcrumbList","@id":"https:\/\/klap.ee\/return-and-refund-policy\/#breadcrumb","itemListElement":[{"@type":"ListItem","position":1,"name":"Home","item":"https:\/\/klap.ee\/"},{"@type":"ListItem","position":2,"name":"Return and Refund Policy"}]},{"@type":"WebSite","@id":"https:\/\/klap.ee\/#website","url":"https:\/\/klap.ee\/","name":"KLAP","description":"J\u00e4tkusuutliku disainm\u00f6\u00f6bli pood","publisher":{"@id":"https:\/\/klap.ee\/#organization"},"potentialAction":[{"@type":"SearchAction","target":{"@type":"EntryPoint","urlTemplate":"https:\/\/klap.ee\/?s={search_term_string}"},"query-input":{"@type":"PropertyValueSpecification","valueRequired":true,"valueName":"search_term_string"}}],"inLanguage":"et"},{"@type":"Organization","@id":"https:\/\/klap.ee\/#organization","name":"KLAP","url":"https:\/\/klap.ee\/","logo":{"@type":"ImageObject","inLanguage":"et","@id":"https:\/\/klap.ee\/#\/schema\/logo\/image\/","url":"https:\/\/klap.ee\/wp-content\/uploads\/2025\/03\/klap_logo_transparent_410x158.png","contentUrl":"https:\/\/klap.ee\/wp-content\/uploads\/2025\/03\/klap_logo_transparent_410x158.png","width":410,"height":158,"caption":"KLAP"},"image":{"@id":"https:\/\/klap.ee\/#\/schema\/logo\/image\/"}}]}},"_links":{"self":[{"href":"https:\/\/klap.ee\/et\/wp-json\/wp\/v2\/pages\/1560","targetHints":{"allow":["GET"]}}],"collection":[{"href":"https:\/\/klap.ee\/et\/wp-json\/wp\/v2\/pages"}],"about":[{"href":"https:\/\/klap.ee\/et\/wp-json\/wp\/v2\/types\/page"}],"author":[{"embeddable":true,"href":"https:\/\/klap.ee\/et\/wp-json\/wp\/v2\/users\/1"}],"replies":[{"embeddable":true,"href":"https:\/\/klap.ee\/et\/wp-json\/wp\/v2\/comments?post=1560"}],"version-history":[{"count":6,"href":"https:\/\/klap.ee\/et\/wp-json\/wp\/v2\/pages\/1560\/revisions"}],"predecessor-version":[{"id":4258,"href":"https:\/\/klap.ee\/et\/wp-json\/wp\/v2\/pages\/1560\/revisions\/4258"}],"wp:attachment":[{"href":"https:\/\/klap.ee\/et\/wp-json\/wp\/v2\/media?parent=1560"}],"curies":[{"name":"wp","href":"https:\/\/api.w.org\/{rel}","templated":true}]}}