{"id":25,"date":"2025-03-07T04:48:04","date_gmt":"2025-03-07T04:48:04","guid":{"rendered":"https:\/\/klap-ee.vserver.zonevs.eu\/about\/"},"modified":"2026-05-03T11:32:05","modified_gmt":"2026-05-03T11:32:05","slug":"about","status":"publish","type":"page","link":"https:\/\/klap.ee\/et\/about\/","title":{"rendered":"Meist"},"content":{"rendered":"<div class=\"wp-block-group alignfull has-background-background-color has-background is-layout-constrained wp-container-core-group-is-layout-392eb801 wp-block-group-is-layout-constrained\" id=\"team\" style=\"margin-top:0;margin-bottom:0;padding-top:var(--wp--preset--spacing--60);padding-right:var(--wp--preset--spacing--30);padding-bottom:var(--wp--preset--spacing--60);padding-left:var(--wp--preset--spacing--30)\">\n<div class=\"wp-block-group is-content-justification-left is-layout-constrained wp-container-core-group-is-layout-eded1d97 wp-block-group-is-layout-constrained\">\n<div class=\"wp-block-media-text is-stacked-on-mobile is-vertically-aligned-center is-style-default\" style=\"grid-template-columns:45% auto\"><figure class=\"wp-block-media-text__media\"><img loading=\"lazy\" decoding=\"async\" width=\"1024\" height=\"768\" src=\"http:\/\/klap.ee\/wp-content\/uploads\/2025\/03\/hermanmiller_klap_luther-1024x768.webp\" alt=\"\" class=\"wp-image-806 size-full\" srcset=\"https:\/\/klap.ee\/wp-content\/uploads\/2025\/03\/hermanmiller_klap_luther-1024x768.webp 1024w, https:\/\/klap.ee\/wp-content\/uploads\/2025\/03\/hermanmiller_klap_luther-300x225.webp 300w, https:\/\/klap.ee\/wp-content\/uploads\/2025\/03\/hermanmiller_klap_luther-768x576.webp 768w, https:\/\/klap.ee\/wp-content\/uploads\/2025\/03\/hermanmiller_klap_luther-600x450.webp 600w, https:\/\/klap.ee\/wp-content\/uploads\/2025\/03\/hermanmiller_klap_luther-150x113.webp 150w, https:\/\/klap.ee\/wp-content\/uploads\/2025\/03\/hermanmiller_klap_luther.webp 1284w\" sizes=\"auto, (max-width: 1024px) 100vw, 1024px\" \/><\/figure><div class=\"wp-block-media-text__content\">\n<h2 class=\"wp-block-heading\" style=\"font-size:26px\">Tere tulemast KLAP-i. Sihtkohta, mis on loodud eesm\u00e4rgiga pakkumaks ajaproovile vastupidavat j\u00e4tkusuutliku m\u00f6\u00f6blit.<\/h2>\n\n\n\n<p>Meie teekond algas missiooniga v\u00f5idelda tohutu hulga m\u00f6\u00f6bli- ja ressursiraiskamise vastu, mis igal aastal pr\u00fcgilatesse satub. KLAP on liikumine nn. kiirm\u00f6\u00f6bli vastu, pakkudes keskkonnas\u00f5bralikku alternatiivi odavalt valmistatud esemetele, mis kestavad tavaliselt vaid v\u00e4ga l\u00fchikese ajaperioodi ja mida on raske parandada v\u00f5i uuendada.<\/p>\n\n\n\n<p>KLAP-is me usume kvaliteeti kvantiteedi ees. Oleme p\u00fchendunud m\u00f6\u00f6bli pakkumisele, mis mitte ainult ei paranda teie igap\u00e4evast kodu- v\u00f5i t\u00f6\u00f6keskkonda, vaid aitab kaasa ka tervema planeedi loomisele. Meie kollektsioonis on ainult hoolikalt disainitud ja kvaliteetsed m\u00f6\u00f6bliesemed, mis on loodud kestma aastak\u00fcmneid ning nende asendatavad osad pikendavad nende eluiga veelgi.<\/p>\n\n\n\n<p>Teeme eranditult koost\u00f6\u00f6d j\u00e4tkusuutlike ja kvaliteetsete m\u00f6\u00f6blibr\u00e4ndidega, v\u00f5imaldades keskkonnas\u00f5bralikele toodetele juurdep\u00e4\u00e4su rohkematele inimestele. Iga toode meie e-poes on 100% \u00f6kosertifikaadiga, mis tagab, et saate oma kodu- v\u00f5i t\u00f6\u00f6kohta sisustada puhta s\u00fcdametunnistusega.<\/p>\n<\/div><\/div>\n\n\n\n<p><\/p>\n\n\n\n<h2 class=\"wp-block-heading has-text-align-left\" style=\"margin-top:12px\">Meie p\u00fchendumus j\u00e4tkusuutlikkusele<\/h2>\n\n\n\n<ul class=\"wp-block-list\">\n<li><strong>J\u00e4tkusuutlik hankimine<\/strong>: meie poolt pakutavad kaubam\u00e4rgid kasutavad puitu j\u00e4tkusuutlikest metsadest, mida majandatakse hoolikalt, et v\u00f5imaldada looduslikku uuenemist ja toetada kohalikku elusloodust. Kohalike t\u00f6\u00f6tajate t\u00f6\u00f6tingimused on samuti tasakaalustatud, et edendada ausaid t\u00f6\u00f6tavasid.<br><\/li>\n\n\n\n<li><strong>Keskkonnas\u00f5bralikud materjalid<\/strong>: proovime pakkuda tooteid, kus on eelistatud veep\u00f5histe lakkide kasutamist, mis parandavad puidu loomulikku ilu ja vastupidavust ilma kahjulike kemikaalide kasutamiseta.<br><\/li>\n\n\n\n<li><strong>Vastupidavus ja parandatavus<\/strong>: vastupidavuse tagamiseks on meie pakutavae m\u00f6\u00f6bli konstruktsioone hoolikalt testitud ning sellega kaasneb viieaastane garantii. Kui m\u00f5ni teie m\u00f6\u00f6bliosa peaks aja jooksul katkmi minema, saab selle v\u00e4lja vahetada ja asendada uuega. K\u00f5ik tooted on konstrueeritud nii, et neid oleks lihtne \u00fcmbert\u00f6\u00f6tlemiseks p\u00f5himaterjalideks eraldada.<\/li>\n<\/ul>\n\n\n\n<p>KLAP on midagi enamat kui lihtsalt veebipood; see on p\u00fchendumus j\u00e4tkusuutlikule tulevikule. Valides meie m\u00f6\u00f6bli, \u00fchinete te meie missiooniga astumaks vastu kiirm\u00f6\u00f6bli tarbimisele ja aitate kaasa tervislikuma keskkonna loomisele. T\u00e4name, et toetate meie missiooni tuua j\u00e4tkusuutlik ja kvaliteetne m\u00f6\u00f6bel rohkematesse kodudesse ja t\u00f6\u00f6keskkondadesse.<\/p>\n\n\n\n<p class=\"has-text-align-left\" style=\"margin-top:16px\">Liitu meie missiooniga ja vali KLAP.<\/p>\n<\/div>\n<\/div>\n\n\n\n<p><\/p>","protected":false},"excerpt":{"rendered":"<p>Welcome to KLAP \u2013 premier destination for sustainable furniture that stands the test of time. Our journey began with a mission to combat the overwhelming amount of furniture that ends &#8230;<\/p>","protected":false},"author":1,"featured_media":0,"parent":0,"menu_order":0,"comment_status":"closed","ping_status":"closed","template":"","meta":{"_themeisle_gutenberg_block_has_review":false,"iawp_total_views":73,"footnotes":""},"class_list":["post-25","page","type-page","status-publish","hentry"],"yoast_head":"<!-- This site is optimized with the Yoast SEO plugin v27.6 - https:\/\/yoast.com\/product\/yoast-seo-wordpress\/ -->\n<title>About - KLAP<\/title>\n<meta name=\"robots\" content=\"index, follow, max-snippet:-1, max-image-preview:large, max-video-preview:-1\" \/>\n<link rel=\"canonical\" href=\"https:\/\/klap.ee\/et\/about\/\" \/>\n<meta property=\"og:locale\" content=\"et_EE\" \/>\n<meta property=\"og:type\" content=\"article\" \/>\n<meta property=\"og:title\" content=\"About - KLAP\" \/>\n<meta property=\"og:description\" content=\"Welcome to KLAP \u2013 premier destination for sustainable furniture that stands the test of time. Our journey began with a mission to combat the overwhelming amount of furniture that ends ...\" \/>\n<meta property=\"og:url\" content=\"https:\/\/klap.ee\/et\/about\/\" \/>\n<meta property=\"og:site_name\" content=\"KLAP\" \/>\n<meta property=\"article:modified_time\" content=\"2026-05-03T11:32:05+00:00\" \/>\n<meta property=\"og:image\" content=\"https:\/\/klap.ee\/wp-content\/uploads\/2025\/03\/hermanmiller_klap_luther.webp\" \/>\n\t<meta property=\"og:image:width\" content=\"1284\" \/>\n\t<meta property=\"og:image:height\" content=\"963\" \/>\n\t<meta property=\"og:image:type\" content=\"image\/webp\" \/>\n<meta name=\"twitter:card\" content=\"summary_large_image\" \/>\n<meta name=\"twitter:label1\" content=\"Est. reading time\" \/>\n\t<meta name=\"twitter:data1\" content=\"2 minutit\" \/>\n<script type=\"application\/ld+json\" class=\"yoast-schema-graph\">{\"@context\":\"https:\\\/\\\/schema.org\",\"@graph\":[{\"@type\":\"WebPage\",\"@id\":\"https:\\\/\\\/klap.ee\\\/about\\\/\",\"url\":\"https:\\\/\\\/klap.ee\\\/about\\\/\",\"name\":\"About - KLAP\",\"isPartOf\":{\"@id\":\"https:\\\/\\\/klap.ee\\\/#website\"},\"primaryImageOfPage\":{\"@id\":\"https:\\\/\\\/klap.ee\\\/about\\\/#primaryimage\"},\"image\":{\"@id\":\"https:\\\/\\\/klap.ee\\\/about\\\/#primaryimage\"},\"thumbnailUrl\":\"http:\\\/\\\/klap.ee\\\/wp-content\\\/uploads\\\/2025\\\/03\\\/hermanmiller_klap_luther-1024x768.webp\",\"datePublished\":\"2025-03-07T04:48:04+00:00\",\"dateModified\":\"2026-05-03T11:32:05+00:00\",\"breadcrumb\":{\"@id\":\"https:\\\/\\\/klap.ee\\\/about\\\/#breadcrumb\"},\"inLanguage\":\"et\",\"potentialAction\":[{\"@type\":\"ReadAction\",\"target\":[\"https:\\\/\\\/klap.ee\\\/about\\\/\"]}]},{\"@type\":\"ImageObject\",\"inLanguage\":\"et\",\"@id\":\"https:\\\/\\\/klap.ee\\\/about\\\/#primaryimage\",\"url\":\"http:\\\/\\\/klap.ee\\\/wp-content\\\/uploads\\\/2025\\\/03\\\/hermanmiller_klap_luther-1024x768.webp\",\"contentUrl\":\"http:\\\/\\\/klap.ee\\\/wp-content\\\/uploads\\\/2025\\\/03\\\/hermanmiller_klap_luther-1024x768.webp\"},{\"@type\":\"BreadcrumbList\",\"@id\":\"https:\\\/\\\/klap.ee\\\/about\\\/#breadcrumb\",\"itemListElement\":[{\"@type\":\"ListItem\",\"position\":1,\"name\":\"Home\",\"item\":\"https:\\\/\\\/klap.ee\\\/\"},{\"@type\":\"ListItem\",\"position\":2,\"name\":\"About\"}]},{\"@type\":\"WebSite\",\"@id\":\"https:\\\/\\\/klap.ee\\\/#website\",\"url\":\"https:\\\/\\\/klap.ee\\\/\",\"name\":\"KLAP\",\"description\":\"J\u00e4tkusuutliku disainm\u00f6\u00f6bli pood\",\"publisher\":{\"@id\":\"https:\\\/\\\/klap.ee\\\/#organization\"},\"potentialAction\":[{\"@type\":\"SearchAction\",\"target\":{\"@type\":\"EntryPoint\",\"urlTemplate\":\"https:\\\/\\\/klap.ee\\\/?s={search_term_string}\"},\"query-input\":{\"@type\":\"PropertyValueSpecification\",\"valueRequired\":true,\"valueName\":\"search_term_string\"}}],\"inLanguage\":\"et\"},{\"@type\":\"Organization\",\"@id\":\"https:\\\/\\\/klap.ee\\\/#organization\",\"name\":\"KLAP\",\"url\":\"https:\\\/\\\/klap.ee\\\/\",\"logo\":{\"@type\":\"ImageObject\",\"inLanguage\":\"et\",\"@id\":\"https:\\\/\\\/klap.ee\\\/#\\\/schema\\\/logo\\\/image\\\/\",\"url\":\"https:\\\/\\\/klap.ee\\\/wp-content\\\/uploads\\\/2025\\\/03\\\/klap_logo_transparent_410x158.png\",\"contentUrl\":\"https:\\\/\\\/klap.ee\\\/wp-content\\\/uploads\\\/2025\\\/03\\\/klap_logo_transparent_410x158.png\",\"width\":410,\"height\":158,\"caption\":\"KLAP\"},\"image\":{\"@id\":\"https:\\\/\\\/klap.ee\\\/#\\\/schema\\\/logo\\\/image\\\/\"}}]}<\/script>\n<!-- \/ Yoast SEO plugin. -->","yoast_head_json":{"title":"About - KLAP","robots":{"index":"index","follow":"follow","max-snippet":"max-snippet:-1","max-image-preview":"max-image-preview:large","max-video-preview":"max-video-preview:-1"},"canonical":"https:\/\/klap.ee\/et\/about\/","og_locale":"et_EE","og_type":"article","og_title":"About - KLAP","og_description":"Welcome to KLAP \u2013 premier destination for sustainable furniture that stands the test of time. Our journey began with a mission to combat the overwhelming amount of furniture that ends ...","og_url":"https:\/\/klap.ee\/et\/about\/","og_site_name":"KLAP","article_modified_time":"2026-05-03T11:32:05+00:00","og_image":[{"width":1284,"height":963,"url":"https:\/\/klap.ee\/wp-content\/uploads\/2025\/03\/hermanmiller_klap_luther.webp","type":"image\/webp"}],"twitter_card":"summary_large_image","twitter_misc":{"Est. reading time":"2 minutit"},"schema":{"@context":"https:\/\/schema.org","@graph":[{"@type":"WebPage","@id":"https:\/\/klap.ee\/about\/","url":"https:\/\/klap.ee\/about\/","name":"About - KLAP","isPartOf":{"@id":"https:\/\/klap.ee\/#website"},"primaryImageOfPage":{"@id":"https:\/\/klap.ee\/about\/#primaryimage"},"image":{"@id":"https:\/\/klap.ee\/about\/#primaryimage"},"thumbnailUrl":"http:\/\/klap.ee\/wp-content\/uploads\/2025\/03\/hermanmiller_klap_luther-1024x768.webp","datePublished":"2025-03-07T04:48:04+00:00","dateModified":"2026-05-03T11:32:05+00:00","breadcrumb":{"@id":"https:\/\/klap.ee\/about\/#breadcrumb"},"inLanguage":"et","potentialAction":[{"@type":"ReadAction","target":["https:\/\/klap.ee\/about\/"]}]},{"@type":"ImageObject","inLanguage":"et","@id":"https:\/\/klap.ee\/about\/#primaryimage","url":"http:\/\/klap.ee\/wp-content\/uploads\/2025\/03\/hermanmiller_klap_luther-1024x768.webp","contentUrl":"http:\/\/klap.ee\/wp-content\/uploads\/2025\/03\/hermanmiller_klap_luther-1024x768.webp"},{"@type":"BreadcrumbList","@id":"https:\/\/klap.ee\/about\/#breadcrumb","itemListElement":[{"@type":"ListItem","position":1,"name":"Home","item":"https:\/\/klap.ee\/"},{"@type":"ListItem","position":2,"name":"About"}]},{"@type":"WebSite","@id":"https:\/\/klap.ee\/#website","url":"https:\/\/klap.ee\/","name":"KLAP","description":"J\u00e4tkusuutliku disainm\u00f6\u00f6bli pood","publisher":{"@id":"https:\/\/klap.ee\/#organization"},"potentialAction":[{"@type":"SearchAction","target":{"@type":"EntryPoint","urlTemplate":"https:\/\/klap.ee\/?s={search_term_string}"},"query-input":{"@type":"PropertyValueSpecification","valueRequired":true,"valueName":"search_term_string"}}],"inLanguage":"et"},{"@type":"Organization","@id":"https:\/\/klap.ee\/#organization","name":"KLAP","url":"https:\/\/klap.ee\/","logo":{"@type":"ImageObject","inLanguage":"et","@id":"https:\/\/klap.ee\/#\/schema\/logo\/image\/","url":"https:\/\/klap.ee\/wp-content\/uploads\/2025\/03\/klap_logo_transparent_410x158.png","contentUrl":"https:\/\/klap.ee\/wp-content\/uploads\/2025\/03\/klap_logo_transparent_410x158.png","width":410,"height":158,"caption":"KLAP"},"image":{"@id":"https:\/\/klap.ee\/#\/schema\/logo\/image\/"}}]}},"_links":{"self":[{"href":"https:\/\/klap.ee\/et\/wp-json\/wp\/v2\/pages\/25","targetHints":{"allow":["GET"]}}],"collection":[{"href":"https:\/\/klap.ee\/et\/wp-json\/wp\/v2\/pages"}],"about":[{"href":"https:\/\/klap.ee\/et\/wp-json\/wp\/v2\/types\/page"}],"author":[{"embeddable":true,"href":"https:\/\/klap.ee\/et\/wp-json\/wp\/v2\/users\/1"}],"replies":[{"embeddable":true,"href":"https:\/\/klap.ee\/et\/wp-json\/wp\/v2\/comments?post=25"}],"version-history":[{"count":5,"href":"https:\/\/klap.ee\/et\/wp-json\/wp\/v2\/pages\/25\/revisions"}],"predecessor-version":[{"id":5101,"href":"https:\/\/klap.ee\/et\/wp-json\/wp\/v2\/pages\/25\/revisions\/5101"}],"wp:attachment":[{"href":"https:\/\/klap.ee\/et\/wp-json\/wp\/v2\/media?parent=25"}],"curies":[{"name":"wp","href":"https:\/\/api.w.org\/{rel}","templated":true}]}}