{"id":1130,"date":"2025-03-28T07:59:44","date_gmt":"2025-03-28T07:59:44","guid":{"rendered":"https:\/\/klap-ee.vserver.zonevs.eu\/?post_type=product&#038;p=1130"},"modified":"2026-05-02T12:45:31","modified_gmt":"2026-05-02T12:45:31","slug":"herman-miller-aeron-classic-carbon-graphite-refurbished-eng","status":"publish","type":"product","link":"https:\/\/klap.ee\/et\/toode\/herman-miller-aeron-classic-carbon-graphite-refurbished-eng\/","title":{"rendered":"Herman Miller Aeron Classic Carbon \/ Graphite (uuendatud)"},"content":{"rendered":"<div class=\"elementor-element elementor-element-6de725ea elementor-widget elementor-widget-heading\" data-widget_type=\"heading.default\" data-element_type=\"widget\" data-id=\"6de725ea\">\n<div class=\"elementor-widget-container\">\n<h2><strong>Toote kirjeldus<\/strong><\/h2>\n<p><strong>Herman Miller Aeron \u2013 ikooniline disain ja ergonoomiline t\u00e4iuslikkus<\/strong><br \/>Herman Miller Aeron on maailmatasemel tunnustatud kontoritool, mis on hinnatud oma uuendusliku disaini ja tipptasemel ergonoomika poolest.<\/p>\n<p>P\u00f5hjaliku kasutajauuringu tulemusena loodud Aeron kohandub sujuvalt erinevate kehat\u00fc\u00fcpide ja istumisasenditega. Silmapaistev omadus on Pellicle-\u00f5hkkangas, mis tagab suurep\u00e4rase \u00f5huvoolu ja hoiab sind jahedana ka pikkadel t\u00f6\u00f6p\u00e4evadel. Samuti jaotab kangas kehakaalu \u00fchtlaselt, v\u00e4hendades survepunkte ja suurendades \u00fcldist mugavust.<\/p>\n<p>Aeron Full Option pakub laia reguleeritavust, et vastata individuaalsetele ergonoomilistele vajadustele. K\u00f5rgust reguleeritavad k\u00e4etoed, kohandatav istme k\u00f5rgus ja painduvad kallutusmehhanismid v\u00f5imaldavad tooli t\u00e4pselt kohandada, toetades tervislikku kehahoiakut ja produktiivset t\u00f6\u00f6d.<\/p>\n<p>Tooli raam on valmistatud kvaliteetsetest ja j\u00e4tkusuutlikest materjalidest, sealhulgas taaskasutatud alumiiniumist ja plastikust, tagades pikaajalise vastupidavuse. Kaasaegne ja visuaalselt atraktiivne disain sobib nii traditsioonilistesse kui ka kaasaegsesse kontorikeskkonda.<\/p>\n<p>Lisaks mugavusele ja esteetikale on Aeron ka keskkonnas\u00f5bralik. Paljusid komponente saab asendada, pikendades tooli eluiga ja v\u00e4hendades j\u00e4\u00e4tmete hulka v\u00f5rreldes tavap\u00e4raste kontoritoolidega.<\/p>\n<p>Herman Miller Aeron Carbon \/ Graphite \u2013 s\u00fcmbol mugavusest, stiilist ja ergonoomilisest tipptasemest. See kontoritool \u00fchendab ikoonilise disaini t\u00e4iustatud funktsionaalsusega, pakkudes optimaalse istumiskogemuse. S\u00fcsinikviimistlus lisab nii esteetilist v\u00e4\u00e4rtust kui ka suurendab vastupidavust ja tuge. T\u00e4nu reguleeritavatele funktsioonidele \u2013 istme k\u00f5rgus, kallutusmehhanism ja k\u00e4etoed \u2013 kohandub tool sujuvalt iga kasutaja vajadustega. Kujundatud j\u00e4tkusuutlikkust ja keskkonnateadlikkust silmas pidades, sulandub Aeron vaevata igasse t\u00f6\u00f6keskkonda v\u00f5i kodusesse ruumi, \u00fchendades mugavuse ja stiili t\u00e4iuslikus harmoonias.<\/p>\n<h2>\u00dcldteave<\/h2>\n<p>Need kontoritoolid on uuendatud. Meie jaoks t\u00e4hendab 'refurbished' seda, et toolid on hoolikalt kontrollitud, v\u00f5imalik, et need on polsterdatud, varustatud uute ametlike osadega, puhastatud ja poleeritud. \u00dcritame saavutada toolide sellise seisukorra, et need n\u00e4eksid v\u00e4lja taas nagu uued.<\/p>\n<ul>\n<li>Suurus: B<\/li>\n<li>Seljatoe v\u00e4rv: S\u00fcsinik<\/li>\n<li>Raami v\u00e4rv: Grafiit<\/li>\n<li>Kallutuse piiraja<\/li>\n<li>2D reguleeritavad k\u00e4etoed<\/li>\n<li>Tahapoole kallutamine<\/li>\n<li>Ettepoole kallutamine<\/li>\n<li>Uuem mudel koos \"flipper\" k\u00e4etugedega<\/li>\n<li>Sisaldab fikseeritavat selja toestust<\/li>\n<\/ul>\n<h2>Toote spetsifikatsiionid<\/h2>\n<\/div>\n<table style=\"width: 649px; height: 558px;\" width=\"100%\">\n<tbody>\n<tr style=\"height: 19.6px;\">\n<td style=\"width: 49.7619%; height: 19.6px;\">\n<p style=\"text-align: left;\"><span style=\"color: #808080;\">Disainer<br \/>\n<\/span>Don Chadwick ja Bill Stumpf<\/p>\n<p style=\"text-align: left;\"><span style=\"color: #808080;\">Disainiaasta<br \/>\n<\/span>1994<\/p>\n<p style=\"text-align: left;\"><span style=\"color: #808080;\">Toodetud<\/span><br \/>\nUSA<\/p>\n<p style=\"text-align: left;\"><span style=\"color: #808080;\">Sertifikaadid<br \/>\n<\/span>level\u00ae<br \/>\nGREENGUARD<br \/>\nCradle to Cradle<\/p>\n<\/td>\n<td style=\"width: 49.7619%; height: 19.6px;\">&nbsp;<\/p>\n<p>&nbsp;<\/p>\n<p>&nbsp;<\/p>\n<p><span style=\"color: #808080;\">\u00dcldised m\u00f5\u00f5tmed<br \/>\n<\/span>Suurus A - 953 (k\u00f5rgus) x 635 (laius) x 567 mm (s\u00fcgavus)<br \/>\nSuurus B - 1090 (k\u00f5rgus) x 658 (laius) x 598 mm (s\u00fcgavus)<br \/>\nSuurus C - 1128 (k\u00f5rgus) x 695 (laius) x 664 mm (s\u00fcgavus)<\/p>\n<p><span style=\"color: #808080;\">Maksimaalne v\u00f5imsus<br \/>\n<\/span>Suurus A - 136 kg<br \/>\nSuurus B - 159 kg<br \/>\nSuurus C - 159 kg<\/p>\n<p><span style=\"color: #808080;\">Toote kaal<br \/>\n<\/span>Suurus A - 18,1 kg<br \/>\nSuurus B - 18,6 kg<br \/>\nSuurus C - 19,5 kg<\/p>\n<p>&nbsp;<\/td>\n<\/tr>\n<\/tbody>\n<\/table>\n<p>&nbsp;<\/p>\n<\/div>","protected":false},"excerpt":{"rendered":"<p>\u2713 Professionaalselt taastatud \u2013 A-kategooria seisukord<br \/>\n\u2713 Carbon seljatugi \/ grafiithall raam<br \/>\n\u2713 Nimmetugi ja \u00fclesklapitavad k\u00e4etoed sisalduvad<br \/>\n\u2713 5-aastane garantii<br \/>\n\u2713 Kiire tarne<\/p>","protected":false},"featured_media":4987,"template":"","meta":{"_themeisle_gutenberg_block_has_review":false,"iawp_total_views":36},"product_brand":[31],"product_cat":[115,33,34,112,25],"product_tag":[87,58,73,30],"class_list":{"0":"post-1130","1":"product","2":"type-product","3":"status-publish","4":"has-post-thumbnail","6":"product_brand-hermanmiller","7":"product_cat-brands","8":"product_cat-ergonomic-office-chairs","9":"product_cat-herman-miller","10":"product_cat-office-furniture","11":"product_cat-office-furniture-1","12":"product_tag-aeron","13":"product_tag-eco-friendly-choice","14":"product_tag-herman-miller","15":"product_tag-refurbished","16":"product_shipping_class-toolid","18":"first","19":"instock","20":"taxable","21":"shipping-taxable","22":"purchasable","23":"product-type-variable"},"yoast_head":"<!-- This site is optimized with the Yoast SEO plugin v27.6 - https:\/\/yoast.com\/product\/yoast-seo-wordpress\/ -->\n<title>Herman Miller Aeron Classic Refurbished (Carbon\/Graphite) | \u20ac939 | KLAP<\/title>\n<meta name=\"description\" content=\"Buy a refurbished Herman Miller Aeron Classic in Carbon\/Graphite for \u20ac939. Professionally restored, lumbar support included, flipper armrests, 12-year warranty. Same day delivery.\" \/>\n<meta name=\"robots\" content=\"index, follow, max-snippet:-1, max-image-preview:large, max-video-preview:-1\" \/>\n<link rel=\"canonical\" href=\"https:\/\/klap.ee\/et\/toode\/herman-miller-aeron-classic-carbon-graphite-refurbished-eng\/\" \/>\n<meta property=\"og:locale\" content=\"et_EE\" \/>\n<meta property=\"og:type\" content=\"article\" \/>\n<meta property=\"og:title\" content=\"Herman Miller Aeron Classic Refurbished (Carbon\/Graphite) | \u20ac939 | KLAP\" \/>\n<meta property=\"og:description\" content=\"Buy a refurbished Herman Miller Aeron Classic in Carbon\/Graphite for \u20ac939. Professionally restored, lumbar support included, flipper armrests, 12-year warranty. Same day delivery.\" \/>\n<meta property=\"og:url\" content=\"https:\/\/klap.ee\/et\/toode\/herman-miller-aeron-classic-carbon-graphite-refurbished-eng\/\" \/>\n<meta property=\"og:site_name\" content=\"KLAP\" \/>\n<meta property=\"article:modified_time\" content=\"2026-05-02T12:45:31+00:00\" \/>\n<meta property=\"og:image\" content=\"http:\/\/klap.ee\/wp-content\/uploads\/2025\/03\/Untitled-design-1-1-1024x1024.png\" \/>\n\t<meta property=\"og:image:width\" content=\"1024\" \/>\n\t<meta property=\"og:image:height\" content=\"1024\" \/>\n\t<meta property=\"og:image:type\" content=\"image\/png\" \/>\n<meta name=\"twitter:card\" content=\"summary_large_image\" \/>\n<meta name=\"twitter:label1\" content=\"Est. reading time\" \/>\n\t<meta name=\"twitter:data1\" content=\"2 minutit\" \/>\n<script type=\"application\/ld+json\" class=\"yoast-schema-graph\">{\"@context\":\"https:\\\/\\\/schema.org\",\"@graph\":[{\"@type\":\"WebPage\",\"@id\":\"https:\\\/\\\/klap.ee\\\/product\\\/herman-miller-aeron-classic-carbon-graphite-refurbished-eng\\\/\",\"url\":\"https:\\\/\\\/klap.ee\\\/product\\\/herman-miller-aeron-classic-carbon-graphite-refurbished-eng\\\/\",\"name\":\"Herman Miller Aeron Classic Refurbished (Carbon\\\/Graphite) | \u20ac939 | KLAP\",\"isPartOf\":{\"@id\":\"https:\\\/\\\/klap.ee\\\/#website\"},\"primaryImageOfPage\":{\"@id\":\"https:\\\/\\\/klap.ee\\\/product\\\/herman-miller-aeron-classic-carbon-graphite-refurbished-eng\\\/#primaryimage\"},\"image\":{\"@id\":\"https:\\\/\\\/klap.ee\\\/product\\\/herman-miller-aeron-classic-carbon-graphite-refurbished-eng\\\/#primaryimage\"},\"thumbnailUrl\":\"https:\\\/\\\/klap.ee\\\/wp-content\\\/uploads\\\/2025\\\/03\\\/Untitled-design-1-1.png\",\"datePublished\":\"2025-03-28T07:59:44+00:00\",\"dateModified\":\"2026-05-02T12:45:31+00:00\",\"description\":\"Buy a refurbished Herman Miller Aeron Classic in Carbon\\\/Graphite for \u20ac939. Professionally restored, lumbar support included, flipper armrests, 12-year warranty. Same day delivery.\",\"breadcrumb\":{\"@id\":\"https:\\\/\\\/klap.ee\\\/product\\\/herman-miller-aeron-classic-carbon-graphite-refurbished-eng\\\/#breadcrumb\"},\"inLanguage\":\"et\",\"potentialAction\":[{\"@type\":\"ReadAction\",\"target\":[\"https:\\\/\\\/klap.ee\\\/product\\\/herman-miller-aeron-classic-carbon-graphite-refurbished-eng\\\/\"]}]},{\"@type\":\"ImageObject\",\"inLanguage\":\"et\",\"@id\":\"https:\\\/\\\/klap.ee\\\/product\\\/herman-miller-aeron-classic-carbon-graphite-refurbished-eng\\\/#primaryimage\",\"url\":\"https:\\\/\\\/klap.ee\\\/wp-content\\\/uploads\\\/2025\\\/03\\\/Untitled-design-1-1.png\",\"contentUrl\":\"https:\\\/\\\/klap.ee\\\/wp-content\\\/uploads\\\/2025\\\/03\\\/Untitled-design-1-1.png\",\"width\":1600,\"height\":1600},{\"@type\":\"BreadcrumbList\",\"@id\":\"https:\\\/\\\/klap.ee\\\/product\\\/herman-miller-aeron-classic-carbon-graphite-refurbished-eng\\\/#breadcrumb\",\"itemListElement\":[{\"@type\":\"ListItem\",\"position\":1,\"name\":\"Home\",\"item\":\"https:\\\/\\\/klap.ee\\\/\"},{\"@type\":\"ListItem\",\"position\":2,\"name\":\"Products\",\"item\":\"https:\\\/\\\/klap.ee\\\/ergonomic-office-chairs\\\/\"},{\"@type\":\"ListItem\",\"position\":3,\"name\":\"Herman Miller Aeron Classic Carbon \\\/ Graphite (Refurbished)\"}]},{\"@type\":\"WebSite\",\"@id\":\"https:\\\/\\\/klap.ee\\\/#website\",\"url\":\"https:\\\/\\\/klap.ee\\\/\",\"name\":\"KLAP\",\"description\":\"J\u00e4tkusuutliku disainm\u00f6\u00f6bli pood\",\"publisher\":{\"@id\":\"https:\\\/\\\/klap.ee\\\/#organization\"},\"potentialAction\":[{\"@type\":\"SearchAction\",\"target\":{\"@type\":\"EntryPoint\",\"urlTemplate\":\"https:\\\/\\\/klap.ee\\\/?s={search_term_string}\"},\"query-input\":{\"@type\":\"PropertyValueSpecification\",\"valueRequired\":true,\"valueName\":\"search_term_string\"}}],\"inLanguage\":\"et\"},{\"@type\":\"Organization\",\"@id\":\"https:\\\/\\\/klap.ee\\\/#organization\",\"name\":\"KLAP\",\"url\":\"https:\\\/\\\/klap.ee\\\/\",\"logo\":{\"@type\":\"ImageObject\",\"inLanguage\":\"et\",\"@id\":\"https:\\\/\\\/klap.ee\\\/#\\\/schema\\\/logo\\\/image\\\/\",\"url\":\"https:\\\/\\\/klap.ee\\\/wp-content\\\/uploads\\\/2025\\\/03\\\/klap_logo_transparent_410x158.png\",\"contentUrl\":\"https:\\\/\\\/klap.ee\\\/wp-content\\\/uploads\\\/2025\\\/03\\\/klap_logo_transparent_410x158.png\",\"width\":410,\"height\":158,\"caption\":\"KLAP\"},\"image\":{\"@id\":\"https:\\\/\\\/klap.ee\\\/#\\\/schema\\\/logo\\\/image\\\/\"}}]}<\/script>\n<!-- \/ Yoast SEO plugin. -->","yoast_head_json":{"title":"Herman Miller Aeron Classic Uuendatud (Carbon\/Grafiit) | \u20ac939 | KLAP","description":"Osta uuendatud Herman Miller Aeron Classic Carbon\/Grafiit tool hinnaga \u20ac939. Professionaalselt taastatud, nimmetugi sees, \u00fclesklapitavad k\u00e4etoed, 12-aastane garantii. Kiire tarne.","robots":{"index":"index","follow":"follow","max-snippet":"max-snippet:-1","max-image-preview":"max-image-preview:large","max-video-preview":"max-video-preview:-1"},"canonical":"https:\/\/klap.ee\/et\/toode\/herman-miller-aeron-classic-carbon-graphite-refurbished-eng\/","og_locale":"et_EE","og_type":"article","og_title":"Herman Miller Aeron Classic Refurbished (Carbon\/Graphite) | \u20ac939 | KLAP","og_description":"Buy a refurbished Herman Miller Aeron Classic in Carbon\/Graphite for \u20ac939. Professionally restored, lumbar support included, flipper armrests, 12-year warranty. Same day delivery.","og_url":"https:\/\/klap.ee\/et\/toode\/herman-miller-aeron-classic-carbon-graphite-refurbished-eng\/","og_site_name":"KLAP","article_modified_time":"2026-05-02T12:45:31+00:00","og_image":[{"width":1024,"height":1024,"url":"http:\/\/klap.ee\/wp-content\/uploads\/2025\/03\/Untitled-design-1-1-1024x1024.png","type":"image\/png"}],"twitter_card":"summary_large_image","twitter_misc":{"Est. reading time":"2 minutit"},"schema":{"@context":"https:\/\/schema.org","@graph":[{"@type":"WebPage","@id":"https:\/\/klap.ee\/product\/herman-miller-aeron-classic-carbon-graphite-refurbished-eng\/","url":"https:\/\/klap.ee\/product\/herman-miller-aeron-classic-carbon-graphite-refurbished-eng\/","name":"Herman Miller Aeron Classic Uuendatud (Carbon\/Grafiit) | \u20ac939 | KLAP","isPartOf":{"@id":"https:\/\/klap.ee\/#website"},"primaryImageOfPage":{"@id":"https:\/\/klap.ee\/product\/herman-miller-aeron-classic-carbon-graphite-refurbished-eng\/#primaryimage"},"image":{"@id":"https:\/\/klap.ee\/product\/herman-miller-aeron-classic-carbon-graphite-refurbished-eng\/#primaryimage"},"thumbnailUrl":"https:\/\/klap.ee\/wp-content\/uploads\/2025\/03\/Untitled-design-1-1.png","datePublished":"2025-03-28T07:59:44+00:00","dateModified":"2026-05-02T12:45:31+00:00","description":"Osta uuendatud Herman Miller Aeron Classic Carbon\/Grafiit tool hinnaga \u20ac939. Professionaalselt taastatud, nimmetugi sees, \u00fclesklapitavad k\u00e4etoed, 12-aastane garantii. Kiire tarne.","breadcrumb":{"@id":"https:\/\/klap.ee\/product\/herman-miller-aeron-classic-carbon-graphite-refurbished-eng\/#breadcrumb"},"inLanguage":"et","potentialAction":[{"@type":"ReadAction","target":["https:\/\/klap.ee\/product\/herman-miller-aeron-classic-carbon-graphite-refurbished-eng\/"]}]},{"@type":"ImageObject","inLanguage":"et","@id":"https:\/\/klap.ee\/product\/herman-miller-aeron-classic-carbon-graphite-refurbished-eng\/#primaryimage","url":"https:\/\/klap.ee\/wp-content\/uploads\/2025\/03\/Untitled-design-1-1.png","contentUrl":"https:\/\/klap.ee\/wp-content\/uploads\/2025\/03\/Untitled-design-1-1.png","width":1600,"height":1600},{"@type":"BreadcrumbList","@id":"https:\/\/klap.ee\/product\/herman-miller-aeron-classic-carbon-graphite-refurbished-eng\/#breadcrumb","itemListElement":[{"@type":"ListItem","position":1,"name":"Home","item":"https:\/\/klap.ee\/"},{"@type":"ListItem","position":2,"name":"Products","item":"https:\/\/klap.ee\/ergonomic-office-chairs\/"},{"@type":"ListItem","position":3,"name":"Herman Miller Aeron Classic Carbon \/ Graphite (Refurbished)"}]},{"@type":"WebSite","@id":"https:\/\/klap.ee\/#website","url":"https:\/\/klap.ee\/","name":"KLAP","description":"J\u00e4tkusuutliku disainm\u00f6\u00f6bli pood","publisher":{"@id":"https:\/\/klap.ee\/#organization"},"potentialAction":[{"@type":"SearchAction","target":{"@type":"EntryPoint","urlTemplate":"https:\/\/klap.ee\/?s={search_term_string}"},"query-input":{"@type":"PropertyValueSpecification","valueRequired":true,"valueName":"search_term_string"}}],"inLanguage":"et"},{"@type":"Organization","@id":"https:\/\/klap.ee\/#organization","name":"KLAP","url":"https:\/\/klap.ee\/","logo":{"@type":"ImageObject","inLanguage":"et","@id":"https:\/\/klap.ee\/#\/schema\/logo\/image\/","url":"https:\/\/klap.ee\/wp-content\/uploads\/2025\/03\/klap_logo_transparent_410x158.png","contentUrl":"https:\/\/klap.ee\/wp-content\/uploads\/2025\/03\/klap_logo_transparent_410x158.png","width":410,"height":158,"caption":"KLAP"},"image":{"@id":"https:\/\/klap.ee\/#\/schema\/logo\/image\/"}}]}},"_links":{"self":[{"href":"https:\/\/klap.ee\/et\/wp-json\/wp\/v2\/product\/1130","targetHints":{"allow":["GET"]}}],"collection":[{"href":"https:\/\/klap.ee\/et\/wp-json\/wp\/v2\/product"}],"about":[{"href":"https:\/\/klap.ee\/et\/wp-json\/wp\/v2\/types\/product"}],"wp:featuredmedia":[{"embeddable":true,"href":"https:\/\/klap.ee\/et\/wp-json\/wp\/v2\/media\/4987"}],"wp:attachment":[{"href":"https:\/\/klap.ee\/et\/wp-json\/wp\/v2\/media?parent=1130"}],"wp:term":[{"taxonomy":"product_brand","embeddable":true,"href":"https:\/\/klap.ee\/et\/wp-json\/wp\/v2\/product_brand?post=1130"},{"taxonomy":"product_cat","embeddable":true,"href":"https:\/\/klap.ee\/et\/wp-json\/wp\/v2\/product_cat?post=1130"},{"taxonomy":"product_tag","embeddable":true,"href":"https:\/\/klap.ee\/et\/wp-json\/wp\/v2\/product_tag?post=1130"}],"curies":[{"name":"wp","href":"https:\/\/api.w.org\/{rel}","templated":true}]}}