{"id":1238,"date":"2025-04-02T10:42:19","date_gmt":"2025-04-02T10:42:19","guid":{"rendered":"https:\/\/klap-ee.vserver.zonevs.eu\/?post_type=product&#038;p=1238"},"modified":"2026-05-04T11:33:04","modified_gmt":"2026-05-04T11:33:04","slug":"hag-capisco-8106","status":"publish","type":"product","link":"https:\/\/klap.ee\/et\/toode\/hag-capisco-8106\/","title":{"rendered":"H\u00c5G Capisco 8106"},"content":{"rendered":"<div class=\"elementor-element elementor-element-6de725ea elementor-widget elementor-widget-heading\" data-id=\"6de725ea\" data-element_type=\"widget\" data-widget_type=\"heading.default\">\n<div class=\"elementor-widget-container\">\n<h2 class=\"elementor-heading-title elementor-size-default\">Toote kirjeldus<\/h2>\n<p class=\"elementor-heading-title elementor-size-default\">Aastal 1984, keset staatiliste istmete k\u00fcllust, tuli H\u00c5G Capisco turule ja t\u00f5stis esile k\u00fcsimuse, milline peaks olema \u00fcks tool, tuues kaasa ergonoomilise disaini uue ajastu. Tooli l\u00f5i vision\u00e4\u00e4rist t\u00f6\u00f6stusdisainer Peter Opsvik ning see ei olnud pelgalt iste \u2013 see oli liikumises filosoofia.<\/p>\n<p class=\"elementor-heading-title elementor-size-default\">Opsviki usk oli lihtne, ent s\u00fcgav: \u201eKui me saame liikuda, siis me liigume.\u201c Inspireerituna ratsanike d\u00fcnaamilisest kehahoiakust, s\u00fcndis Capisco erakordne esteetika. Selle skulptuurne sadulakujuline iste ja kaarduv seljatugi ei olnud pelgalt silmapaistvad; need kutsusid liikumisele, kehastades Opsviki mantrat: \u201eParim kehahoiak on alati j\u00e4rgmine.\u201c<\/p>\n<\/div>\n<\/div>\n<div class=\"elementor-element elementor-element-52345b8a elementor-widget elementor-widget-woocommerce-product-content\" data-id=\"52345b8a\" data-element_type=\"widget\" data-widget_type=\"woocommerce-product-content.default\">\n<div class=\"elementor-widget-container\">\n<p>H\u00c5G Capisco 8106 on klassikaline menukmudel. Saduliste saab reguleerida madalast kuni k\u00f5rge t\u00f6\u00f6asendini, isegi p\u00fcstiseisvas asendis t\u00f6\u00f6tamiseks, v\u00f5imaldades olla d\u00fcnaamilisem oma liikumistes, s\u00e4ilitades samal ajal tasakaalustatud asendi ka istudes.<\/p>\n<\/div>\n<\/div>\n<h2>\u00dcldteave<\/h2>\n<p>Need toolid on uued.<\/p>\n<ul>\n<li>H\u00c5G inBalance\u00ae (tasakaalustatud, sujuv kiigefunktsioon)<\/li>\n<li>Reguleeritav kiigepinge tahapoole kallutamiseks<\/li>\n<li>Istek\u00f5rguse reguleerimine<\/li>\n<li>Istmes\u00fcgavuse reguleerimine<\/li>\n<li>Seljatoe k\u00f5rguse reguleerimine<\/li>\n<li>Lukustatav iste<\/li>\n<li>Viisnurkne toolijalg<\/li>\n<\/ul>\n<h2>Toote spetsifikatsiionid<\/h2>\n<div class=\"elementor-element elementor-element-7a1db292 elementor-widget elementor-widget-heading\" data-id=\"7a1db292\" data-element_type=\"widget\" data-widget_type=\"heading.default\">\n<div class=\"elementor-widget-container\"><\/div>\n<\/div>\n<div class=\"elementor-element elementor-element-4d311189 elementor-widget elementor-widget-text-editor\" data-id=\"4d311189\" data-element_type=\"widget\" data-widget_type=\"text-editor.default\">\n<div class=\"elementor-widget-container\">\n<table style=\"width: 649px; height: 558px;\" width=\"100%\">\n<tbody>\n<tr style=\"height: 19.6px;\">\n<td style=\"width: 49.7619%; height: 19.6px;\">\n<p style=\"text-align: left;\"><span style=\"color: #808080;\">Disainer<br \/>\n<\/span>Peter Opsvik<\/p>\n<p style=\"text-align: left;\"><span style=\"color: #808080;\">Aasta<br \/>\n<\/span>1984<\/p>\n<p style=\"text-align: left;\"><span style=\"color: #808080;\">Toodetud<\/span><br \/>\nNorra<\/p>\n<p style=\"text-align: left;\"><span style=\"color: #808080;\">Sertifikaadid<br \/>\n<\/span>AFRDI roheline puuk<br \/>\nELi \u00f6kom\u00e4rgis<br \/>\nGreenguard Gold<br \/>\nEpro auhind<\/p>\n<\/td>\n<td style=\"width: 49.7619%; height: 19.6px;\"><span style=\"color: #808080;\">\u00dcldised m\u00f5\u00f5tmed<br \/>\n<\/span>Suurus -408-810 (k\u00f5rgus) x 470 (laius) x 340-420 mm (s\u00fcgavus)<span style=\"color: #808080;\"><br \/>\n<\/span><span style=\"color: #808080;\">Maksimaalne v\u00f5imsus<br \/>\n<\/span>131 kg<span style=\"color: #808080; font-family: inherit; font-size: inherit;\"><br \/>\nToote kaal<br \/>\n<\/span>13 kg<\/td>\n<\/tr>\n<\/tbody>\n<\/table>\n<\/div>\n<\/div>","protected":false},"excerpt":{"rendered":"<p>\u2713 T\u00e4iesti uus<br \/>\n\u2713 Sadulaiste: reguleeritav istumisk\u00f5rgusest peaaegu seisuk\u00f5rguseni<br \/>\n\u2713 Disainitud Peter Opsviki poolt (Norra, 1984)<br \/>\n\u2713 GREENGUARD Gold ja ELi \u00f6kom\u00e4rgis sertifikaadiga<br \/>\n\u2713 Kiire tarne<\/p>","protected":false},"featured_media":1241,"template":"","meta":{"_themeisle_gutenberg_block_has_review":false,"iawp_total_views":28},"product_brand":[43],"product_cat":[115,33,56,120,112,25],"product_tag":[97,96,76],"class_list":{"0":"post-1238","1":"product","2":"type-product","3":"status-publish","4":"has-post-thumbnail","6":"product_brand-hag","7":"product_cat-brands","8":"product_cat-ergonomic-office-chairs","9":"product_cat-hag","10":"product_cat-new","11":"product_cat-office-furniture","12":"product_cat-office-furniture-1","13":"product_tag-capisco","14":"product_tag-hag","15":"product_tag-new","16":"product_shipping_class-toolid","18":"first","19":"instock","20":"taxable","21":"shipping-taxable","22":"purchasable","23":"product-type-simple"},"yoast_head":"<!-- This site is optimized with the Yoast SEO plugin v27.6 - https:\/\/yoast.com\/product\/yoast-seo-wordpress\/ -->\n<title>HAG Capisco 8106 Ergonomic Chair (New) | \u20ac1,115 | KLAP<\/title>\n<meta name=\"description\" content=\"Buy the HAG Capisco 8106 saddle chair for \u20ac1,115. Brand new, designed by Peter Opsvik, adjustable from sitting to near-standing height. Ideal for dynamic working. Fast delivery across Europe.\" \/>\n<meta name=\"robots\" content=\"index, follow, max-snippet:-1, max-image-preview:large, max-video-preview:-1\" \/>\n<link rel=\"canonical\" href=\"https:\/\/klap.ee\/et\/toode\/hag-capisco-8106\/\" \/>\n<meta property=\"og:locale\" content=\"et_EE\" \/>\n<meta property=\"og:type\" content=\"article\" \/>\n<meta property=\"og:title\" content=\"HAG Capisco 8106 Ergonomic Chair (New) | \u20ac1,115 | KLAP\" \/>\n<meta property=\"og:description\" content=\"Buy the HAG Capisco 8106 saddle chair for \u20ac1,115. Brand new, designed by Peter Opsvik, adjustable from sitting to near-standing height. Ideal for dynamic working. Fast delivery across Europe.\" \/>\n<meta property=\"og:url\" content=\"https:\/\/klap.ee\/et\/toode\/hag-capisco-8106\/\" \/>\n<meta property=\"og:site_name\" content=\"KLAP\" \/>\n<meta property=\"article:modified_time\" content=\"2026-05-04T11:33:04+00:00\" \/>\n<meta property=\"og:image\" content=\"https:\/\/klap.ee\/wp-content\/uploads\/2025\/04\/FLOKK-HAG-8106-NATUR-05429-Front.webp\" \/>\n\t<meta property=\"og:image:width\" content=\"1080\" \/>\n\t<meta property=\"og:image:height\" content=\"1350\" \/>\n\t<meta property=\"og:image:type\" content=\"image\/webp\" \/>\n<meta name=\"twitter:card\" content=\"summary_large_image\" \/>\n<meta name=\"twitter:label1\" content=\"Est. reading time\" \/>\n\t<meta name=\"twitter:data1\" content=\"2 minutit\" \/>\n<script type=\"application\/ld+json\" class=\"yoast-schema-graph\">{\"@context\":\"https:\\\/\\\/schema.org\",\"@graph\":[{\"@type\":\"WebPage\",\"@id\":\"https:\\\/\\\/klap.ee\\\/product\\\/hag-capisco-8106\\\/\",\"url\":\"https:\\\/\\\/klap.ee\\\/product\\\/hag-capisco-8106\\\/\",\"name\":\"HAG Capisco 8106 Ergonomic Chair (New) | \u20ac1,115 | KLAP\",\"isPartOf\":{\"@id\":\"https:\\\/\\\/klap.ee\\\/#website\"},\"primaryImageOfPage\":{\"@id\":\"https:\\\/\\\/klap.ee\\\/product\\\/hag-capisco-8106\\\/#primaryimage\"},\"image\":{\"@id\":\"https:\\\/\\\/klap.ee\\\/product\\\/hag-capisco-8106\\\/#primaryimage\"},\"thumbnailUrl\":\"https:\\\/\\\/klap.ee\\\/wp-content\\\/uploads\\\/2025\\\/04\\\/FLOKK-HAG-8106-NATUR-05429-Front.webp\",\"datePublished\":\"2025-04-02T10:42:19+00:00\",\"dateModified\":\"2026-05-04T11:33:04+00:00\",\"description\":\"Buy the HAG Capisco 8106 saddle chair for \u20ac1,115. Brand new, designed by Peter Opsvik, adjustable from sitting to near-standing height. Ideal for dynamic working. Fast delivery across Europe.\",\"breadcrumb\":{\"@id\":\"https:\\\/\\\/klap.ee\\\/product\\\/hag-capisco-8106\\\/#breadcrumb\"},\"inLanguage\":\"et\",\"potentialAction\":[{\"@type\":\"ReadAction\",\"target\":[\"https:\\\/\\\/klap.ee\\\/product\\\/hag-capisco-8106\\\/\"]}]},{\"@type\":\"ImageObject\",\"inLanguage\":\"et\",\"@id\":\"https:\\\/\\\/klap.ee\\\/product\\\/hag-capisco-8106\\\/#primaryimage\",\"url\":\"https:\\\/\\\/klap.ee\\\/wp-content\\\/uploads\\\/2025\\\/04\\\/FLOKK-HAG-8106-NATUR-05429-Front.webp\",\"contentUrl\":\"https:\\\/\\\/klap.ee\\\/wp-content\\\/uploads\\\/2025\\\/04\\\/FLOKK-HAG-8106-NATUR-05429-Front.webp\",\"width\":1080,\"height\":1350},{\"@type\":\"BreadcrumbList\",\"@id\":\"https:\\\/\\\/klap.ee\\\/product\\\/hag-capisco-8106\\\/#breadcrumb\",\"itemListElement\":[{\"@type\":\"ListItem\",\"position\":1,\"name\":\"Home\",\"item\":\"https:\\\/\\\/klap.ee\\\/\"},{\"@type\":\"ListItem\",\"position\":2,\"name\":\"Products\",\"item\":\"https:\\\/\\\/klap.ee\\\/ergonomic-office-chairs\\\/\"},{\"@type\":\"ListItem\",\"position\":3,\"name\":\"H\u00c5G Capisco 8106\"}]},{\"@type\":\"WebSite\",\"@id\":\"https:\\\/\\\/klap.ee\\\/#website\",\"url\":\"https:\\\/\\\/klap.ee\\\/\",\"name\":\"KLAP\",\"description\":\"J\u00e4tkusuutliku disainm\u00f6\u00f6bli pood\",\"publisher\":{\"@id\":\"https:\\\/\\\/klap.ee\\\/#organization\"},\"potentialAction\":[{\"@type\":\"SearchAction\",\"target\":{\"@type\":\"EntryPoint\",\"urlTemplate\":\"https:\\\/\\\/klap.ee\\\/?s={search_term_string}\"},\"query-input\":{\"@type\":\"PropertyValueSpecification\",\"valueRequired\":true,\"valueName\":\"search_term_string\"}}],\"inLanguage\":\"et\"},{\"@type\":\"Organization\",\"@id\":\"https:\\\/\\\/klap.ee\\\/#organization\",\"name\":\"KLAP\",\"url\":\"https:\\\/\\\/klap.ee\\\/\",\"logo\":{\"@type\":\"ImageObject\",\"inLanguage\":\"et\",\"@id\":\"https:\\\/\\\/klap.ee\\\/#\\\/schema\\\/logo\\\/image\\\/\",\"url\":\"https:\\\/\\\/klap.ee\\\/wp-content\\\/uploads\\\/2025\\\/03\\\/klap_logo_transparent_410x158.png\",\"contentUrl\":\"https:\\\/\\\/klap.ee\\\/wp-content\\\/uploads\\\/2025\\\/03\\\/klap_logo_transparent_410x158.png\",\"width\":410,\"height\":158,\"caption\":\"KLAP\"},\"image\":{\"@id\":\"https:\\\/\\\/klap.ee\\\/#\\\/schema\\\/logo\\\/image\\\/\"}}]}<\/script>\n<!-- \/ Yoast SEO plugin. -->","yoast_head_json":{"title":"HAG Capisco 8106 Ergonomic Chair (New) | \u20ac1,115 | KLAP","description":"Buy the HAG Capisco 8106 saddle chair for \u20ac1,115. Brand new, designed by Peter Opsvik, adjustable from sitting to near-standing height. Ideal for dynamic working. Fast delivery across Europe.","robots":{"index":"index","follow":"follow","max-snippet":"max-snippet:-1","max-image-preview":"max-image-preview:large","max-video-preview":"max-video-preview:-1"},"canonical":"https:\/\/klap.ee\/et\/toode\/hag-capisco-8106\/","og_locale":"et_EE","og_type":"article","og_title":"HAG Capisco 8106 Ergonomic Chair (New) | \u20ac1,115 | KLAP","og_description":"Buy the HAG Capisco 8106 saddle chair for \u20ac1,115. Brand new, designed by Peter Opsvik, adjustable from sitting to near-standing height. Ideal for dynamic working. Fast delivery across Europe.","og_url":"https:\/\/klap.ee\/et\/toode\/hag-capisco-8106\/","og_site_name":"KLAP","article_modified_time":"2026-05-04T11:33:04+00:00","og_image":[{"width":1080,"height":1350,"url":"https:\/\/klap.ee\/wp-content\/uploads\/2025\/04\/FLOKK-HAG-8106-NATUR-05429-Front.webp","type":"image\/webp"}],"twitter_card":"summary_large_image","twitter_misc":{"Est. reading time":"2 minutit"},"schema":{"@context":"https:\/\/schema.org","@graph":[{"@type":"WebPage","@id":"https:\/\/klap.ee\/product\/hag-capisco-8106\/","url":"https:\/\/klap.ee\/product\/hag-capisco-8106\/","name":"HAG Capisco 8106 Ergonomic Chair (New) | \u20ac1,115 | KLAP","isPartOf":{"@id":"https:\/\/klap.ee\/#website"},"primaryImageOfPage":{"@id":"https:\/\/klap.ee\/product\/hag-capisco-8106\/#primaryimage"},"image":{"@id":"https:\/\/klap.ee\/product\/hag-capisco-8106\/#primaryimage"},"thumbnailUrl":"https:\/\/klap.ee\/wp-content\/uploads\/2025\/04\/FLOKK-HAG-8106-NATUR-05429-Front.webp","datePublished":"2025-04-02T10:42:19+00:00","dateModified":"2026-05-04T11:33:04+00:00","description":"Buy the HAG Capisco 8106 saddle chair for \u20ac1,115. Brand new, designed by Peter Opsvik, adjustable from sitting to near-standing height. Ideal for dynamic working. Fast delivery across Europe.","breadcrumb":{"@id":"https:\/\/klap.ee\/product\/hag-capisco-8106\/#breadcrumb"},"inLanguage":"et","potentialAction":[{"@type":"ReadAction","target":["https:\/\/klap.ee\/product\/hag-capisco-8106\/"]}]},{"@type":"ImageObject","inLanguage":"et","@id":"https:\/\/klap.ee\/product\/hag-capisco-8106\/#primaryimage","url":"https:\/\/klap.ee\/wp-content\/uploads\/2025\/04\/FLOKK-HAG-8106-NATUR-05429-Front.webp","contentUrl":"https:\/\/klap.ee\/wp-content\/uploads\/2025\/04\/FLOKK-HAG-8106-NATUR-05429-Front.webp","width":1080,"height":1350},{"@type":"BreadcrumbList","@id":"https:\/\/klap.ee\/product\/hag-capisco-8106\/#breadcrumb","itemListElement":[{"@type":"ListItem","position":1,"name":"Home","item":"https:\/\/klap.ee\/"},{"@type":"ListItem","position":2,"name":"Products","item":"https:\/\/klap.ee\/ergonomic-office-chairs\/"},{"@type":"ListItem","position":3,"name":"H\u00c5G Capisco 8106"}]},{"@type":"WebSite","@id":"https:\/\/klap.ee\/#website","url":"https:\/\/klap.ee\/","name":"KLAP","description":"J\u00e4tkusuutliku disainm\u00f6\u00f6bli pood","publisher":{"@id":"https:\/\/klap.ee\/#organization"},"potentialAction":[{"@type":"SearchAction","target":{"@type":"EntryPoint","urlTemplate":"https:\/\/klap.ee\/?s={search_term_string}"},"query-input":{"@type":"PropertyValueSpecification","valueRequired":true,"valueName":"search_term_string"}}],"inLanguage":"et"},{"@type":"Organization","@id":"https:\/\/klap.ee\/#organization","name":"KLAP","url":"https:\/\/klap.ee\/","logo":{"@type":"ImageObject","inLanguage":"et","@id":"https:\/\/klap.ee\/#\/schema\/logo\/image\/","url":"https:\/\/klap.ee\/wp-content\/uploads\/2025\/03\/klap_logo_transparent_410x158.png","contentUrl":"https:\/\/klap.ee\/wp-content\/uploads\/2025\/03\/klap_logo_transparent_410x158.png","width":410,"height":158,"caption":"KLAP"},"image":{"@id":"https:\/\/klap.ee\/#\/schema\/logo\/image\/"}}]}},"_links":{"self":[{"href":"https:\/\/klap.ee\/et\/wp-json\/wp\/v2\/product\/1238","targetHints":{"allow":["GET"]}}],"collection":[{"href":"https:\/\/klap.ee\/et\/wp-json\/wp\/v2\/product"}],"about":[{"href":"https:\/\/klap.ee\/et\/wp-json\/wp\/v2\/types\/product"}],"wp:featuredmedia":[{"embeddable":true,"href":"https:\/\/klap.ee\/et\/wp-json\/wp\/v2\/media\/1241"}],"wp:attachment":[{"href":"https:\/\/klap.ee\/et\/wp-json\/wp\/v2\/media?parent=1238"}],"wp:term":[{"taxonomy":"product_brand","embeddable":true,"href":"https:\/\/klap.ee\/et\/wp-json\/wp\/v2\/product_brand?post=1238"},{"taxonomy":"product_cat","embeddable":true,"href":"https:\/\/klap.ee\/et\/wp-json\/wp\/v2\/product_cat?post=1238"},{"taxonomy":"product_tag","embeddable":true,"href":"https:\/\/klap.ee\/et\/wp-json\/wp\/v2\/product_tag?post=1238"}],"curies":[{"name":"wp","href":"https:\/\/api.w.org\/{rel}","templated":true}]}}