{"id":1278,"date":"2025-04-02T10:57:51","date_gmt":"2025-04-02T10:57:51","guid":{"rendered":"https:\/\/klap-ee.vserver.zonevs.eu\/?post_type=product&#038;p=1278"},"modified":"2026-05-04T11:33:04","modified_gmt":"2026-05-04T11:33:04","slug":"adela-rex-chair-new-eng","status":"publish","type":"product","link":"https:\/\/klap.ee\/et\/toode\/adela-rex-chair-new-eng\/","title":{"rendered":"Andreu Word Adela Rex tool (uus)"},"content":{"rendered":"<h2><strong>Toote kirjeldus<\/strong><\/h2>\n<h3>\u00a0K\u00e4sit\u00f6\u00f6, delikaatsus, looduslik ilu.<\/h3>\n<p class=\"description\">Kujundanud ikooniline disainer <strong>Philippe Starck<\/strong>Ikoonilise disaineri Philippe Starcki disainitud tehnoloogiline puidudisain \u2013 s\u00fcndinud k\u00e4sit\u00f6\u00f6 ja tehnika meisterlikkusest \u2013 mis paistab silma valmistamise t\u00e4psuse ja vineeri keeruka k\u00f5veruse poolest, kus erilisel kohal on ergonoomika. Selle disain annab edasi t\u00e4psuse, sest kolm detaili, mis l\u00e4hevad kokku justkui pusle, ei vaja t\u00f6\u00f6riistu ega kruvisid, muutes istme ja seljatoe kumeruste vahel sujuvaks. Kollektsioon koosneb 100% FSC\u00ae puidust valmistatud tugitoolidest ja taburettidest. Tugitooli versiooni pakutakse kahes erinevas laiuses, et pakkuda suuremat paindlikkust ja paremat ergonoomiat selle erinevatel kasutusaladel. M\u00f5lemad on saadaval 100% puidust ning polsterdatud istme ja seljatoega. Adela Rex toob karakterit, soojust ja loomulikkust koju ning hotellidesse, restoranidesse ja t\u00f6\u00f6ruumidesse.<\/p>\n<h2>\u00dcldteave<\/h2>\n<p>Need toolid on uue.<\/p>\n<h2>Toote spetsifikatsioonid<\/h2>\n<table style=\"width: 649px; height: 558px;\" width=\"100%\">\n<tbody>\n<tr style=\"height: 19.6px;\">\n<td style=\"width: 49.7619%; height: 19.6px;\">\n<p style=\"text-align: left;\"><span style=\"color: #808080;\">Disainer<br \/>\n<\/span>Philippe Starck<\/p>\n<p style=\"text-align: left;\"><span style=\"color: #808080;\">Aasta<br \/>\n<\/span>2019<\/p>\n<p style=\"text-align: left;\"><span style=\"color: #808080;\">Toodetud<\/span><br \/>\nEL<\/p>\n<p style=\"text-align: left;\"><span style=\"color: #808080;\">Sertifikaadid<br \/>\n<\/span>ELi \u00f6kom\u00e4rgis<br \/>\nFSC<br \/>\nL1<\/p>\n<\/td>\n<td style=\"width: 49.7619%; height: 19.6px;\"><span style=\"color: #808080;\">\u00dcldised m\u00f5\u00f5tmed<br \/>\n<\/span>Suurus - 800 (k\u00f5rgus) x 560 (laius) x 1560 mm (laius)<span style=\"color: #808080;\"><br \/>\n<\/span><span style=\"color: #808080;\"><br \/>\nIstme k\u00f5rgus<br \/>\n<\/span>445 mm<span style=\"color: #808080; font-family: inherit; font-size: inherit;\"><br \/>\nToote kaal<br \/>\n<\/span>8,5 kg<\/td>\n<\/tr>\n<\/tbody>\n<\/table>\n<div><\/div>","protected":false},"excerpt":{"rendered":"<p>Product description \u00a0Craftsmanship, delicacy, natural beauty Designed by iconic designer Philippe Starck, this is a technological wood design \u2013 born of craftsmanship and technical mastery in wood \u2013 that stands &#8230;<\/p>","protected":false},"featured_media":1287,"template":"","meta":{"_themeisle_gutenberg_block_has_review":false,"iawp_total_views":1},"product_brand":[41],"product_cat":[32,115,120,112,25],"product_tag":[],"class_list":{"0":"post-1278","1":"product","2":"type-product","3":"status-publish","4":"has-post-thumbnail","6":"product_brand-andreuworld","7":"product_cat-andreu-world","8":"product_cat-brands","9":"product_cat-new","10":"product_cat-office-furniture","11":"product_cat-office-furniture-1","12":"product_shipping_class-toolid","14":"first","15":"instock","16":"taxable","17":"shipping-taxable","18":"purchasable","19":"product-type-simple"},"yoast_head":"<!-- This site is optimized with the Yoast SEO plugin v27.6 - https:\/\/yoast.com\/product\/yoast-seo-wordpress\/ -->\n<title>Andreu Word Adela Rex Chair (New) - KLAP<\/title>\n<meta name=\"robots\" content=\"index, follow, max-snippet:-1, max-image-preview:large, max-video-preview:-1\" \/>\n<link rel=\"canonical\" href=\"https:\/\/klap.ee\/et\/toode\/adela-rex-chair-new-eng\/\" \/>\n<meta property=\"og:locale\" content=\"et_EE\" \/>\n<meta property=\"og:type\" content=\"article\" \/>\n<meta property=\"og:title\" content=\"Andreu Word Adela Rex Chair (New) - KLAP\" \/>\n<meta property=\"og:description\" content=\"Product description \u00a0Craftsmanship, delicacy, natural beauty Designed by iconic designer Philippe Starck, this is a technological wood design \u2013 born of craftsmanship and technical mastery in wood \u2013 that stands ...\" \/>\n<meta property=\"og:url\" content=\"https:\/\/klap.ee\/et\/toode\/adela-rex-chair-new-eng\/\" \/>\n<meta property=\"og:site_name\" content=\"KLAP\" \/>\n<meta property=\"article:modified_time\" content=\"2026-05-04T11:33:04+00:00\" \/>\n<meta property=\"og:image\" content=\"https:\/\/klap.ee\/wp-content\/uploads\/2025\/04\/adela_rex_andreu_world_so1410_armchair_1_1.webp\" \/>\n\t<meta property=\"og:image:width\" content=\"700\" \/>\n\t<meta property=\"og:image:height\" content=\"700\" \/>\n\t<meta property=\"og:image:type\" content=\"image\/webp\" \/>\n<meta name=\"twitter:card\" content=\"summary_large_image\" \/>\n<meta name=\"twitter:label1\" content=\"Est. reading time\" \/>\n\t<meta name=\"twitter:data1\" content=\"1 minut\" \/>\n<script type=\"application\/ld+json\" class=\"yoast-schema-graph\">{\"@context\":\"https:\\\/\\\/schema.org\",\"@graph\":[{\"@type\":\"WebPage\",\"@id\":\"https:\\\/\\\/klap.ee\\\/product\\\/adela-rex-chair-new-eng\\\/\",\"url\":\"https:\\\/\\\/klap.ee\\\/product\\\/adela-rex-chair-new-eng\\\/\",\"name\":\"Andreu Word Adela Rex Chair (New) - KLAP\",\"isPartOf\":{\"@id\":\"https:\\\/\\\/klap.ee\\\/#website\"},\"primaryImageOfPage\":{\"@id\":\"https:\\\/\\\/klap.ee\\\/product\\\/adela-rex-chair-new-eng\\\/#primaryimage\"},\"image\":{\"@id\":\"https:\\\/\\\/klap.ee\\\/product\\\/adela-rex-chair-new-eng\\\/#primaryimage\"},\"thumbnailUrl\":\"https:\\\/\\\/klap.ee\\\/wp-content\\\/uploads\\\/2025\\\/04\\\/adela_rex_andreu_world_so1410_armchair_1_1.webp\",\"datePublished\":\"2025-04-02T10:57:51+00:00\",\"dateModified\":\"2026-05-04T11:33:04+00:00\",\"breadcrumb\":{\"@id\":\"https:\\\/\\\/klap.ee\\\/product\\\/adela-rex-chair-new-eng\\\/#breadcrumb\"},\"inLanguage\":\"et\",\"potentialAction\":[{\"@type\":\"ReadAction\",\"target\":[\"https:\\\/\\\/klap.ee\\\/product\\\/adela-rex-chair-new-eng\\\/\"]}]},{\"@type\":\"ImageObject\",\"inLanguage\":\"et\",\"@id\":\"https:\\\/\\\/klap.ee\\\/product\\\/adela-rex-chair-new-eng\\\/#primaryimage\",\"url\":\"https:\\\/\\\/klap.ee\\\/wp-content\\\/uploads\\\/2025\\\/04\\\/adela_rex_andreu_world_so1410_armchair_1_1.webp\",\"contentUrl\":\"https:\\\/\\\/klap.ee\\\/wp-content\\\/uploads\\\/2025\\\/04\\\/adela_rex_andreu_world_so1410_armchair_1_1.webp\",\"width\":700,\"height\":700},{\"@type\":\"BreadcrumbList\",\"@id\":\"https:\\\/\\\/klap.ee\\\/product\\\/adela-rex-chair-new-eng\\\/#breadcrumb\",\"itemListElement\":[{\"@type\":\"ListItem\",\"position\":1,\"name\":\"Home\",\"item\":\"https:\\\/\\\/klap.ee\\\/\"},{\"@type\":\"ListItem\",\"position\":2,\"name\":\"Products\",\"item\":\"https:\\\/\\\/klap.ee\\\/ergonomic-office-chairs\\\/\"},{\"@type\":\"ListItem\",\"position\":3,\"name\":\"Andreu Word Adela Rex Chair (New)\"}]},{\"@type\":\"WebSite\",\"@id\":\"https:\\\/\\\/klap.ee\\\/#website\",\"url\":\"https:\\\/\\\/klap.ee\\\/\",\"name\":\"KLAP\",\"description\":\"J\u00e4tkusuutliku disainm\u00f6\u00f6bli pood\",\"publisher\":{\"@id\":\"https:\\\/\\\/klap.ee\\\/#organization\"},\"potentialAction\":[{\"@type\":\"SearchAction\",\"target\":{\"@type\":\"EntryPoint\",\"urlTemplate\":\"https:\\\/\\\/klap.ee\\\/?s={search_term_string}\"},\"query-input\":{\"@type\":\"PropertyValueSpecification\",\"valueRequired\":true,\"valueName\":\"search_term_string\"}}],\"inLanguage\":\"et\"},{\"@type\":\"Organization\",\"@id\":\"https:\\\/\\\/klap.ee\\\/#organization\",\"name\":\"KLAP\",\"url\":\"https:\\\/\\\/klap.ee\\\/\",\"logo\":{\"@type\":\"ImageObject\",\"inLanguage\":\"et\",\"@id\":\"https:\\\/\\\/klap.ee\\\/#\\\/schema\\\/logo\\\/image\\\/\",\"url\":\"https:\\\/\\\/klap.ee\\\/wp-content\\\/uploads\\\/2025\\\/03\\\/klap_logo_transparent_410x158.png\",\"contentUrl\":\"https:\\\/\\\/klap.ee\\\/wp-content\\\/uploads\\\/2025\\\/03\\\/klap_logo_transparent_410x158.png\",\"width\":410,\"height\":158,\"caption\":\"KLAP\"},\"image\":{\"@id\":\"https:\\\/\\\/klap.ee\\\/#\\\/schema\\\/logo\\\/image\\\/\"}}]}<\/script>\n<!-- \/ Yoast SEO plugin. -->","yoast_head_json":{"title":"Andreu Word Adela Rex Chair (New) - KLAP","robots":{"index":"index","follow":"follow","max-snippet":"max-snippet:-1","max-image-preview":"max-image-preview:large","max-video-preview":"max-video-preview:-1"},"canonical":"https:\/\/klap.ee\/et\/toode\/adela-rex-chair-new-eng\/","og_locale":"et_EE","og_type":"article","og_title":"Andreu Word Adela Rex Chair (New) - KLAP","og_description":"Product description \u00a0Craftsmanship, delicacy, natural beauty Designed by iconic designer Philippe Starck, this is a technological wood design \u2013 born of craftsmanship and technical mastery in wood \u2013 that stands ...","og_url":"https:\/\/klap.ee\/et\/toode\/adela-rex-chair-new-eng\/","og_site_name":"KLAP","article_modified_time":"2026-05-04T11:33:04+00:00","og_image":[{"width":700,"height":700,"url":"https:\/\/klap.ee\/wp-content\/uploads\/2025\/04\/adela_rex_andreu_world_so1410_armchair_1_1.webp","type":"image\/webp"}],"twitter_card":"summary_large_image","twitter_misc":{"Est. reading time":"1 minut"},"schema":{"@context":"https:\/\/schema.org","@graph":[{"@type":"WebPage","@id":"https:\/\/klap.ee\/product\/adela-rex-chair-new-eng\/","url":"https:\/\/klap.ee\/product\/adela-rex-chair-new-eng\/","name":"Andreu Word Adela Rex Chair (New) - KLAP","isPartOf":{"@id":"https:\/\/klap.ee\/#website"},"primaryImageOfPage":{"@id":"https:\/\/klap.ee\/product\/adela-rex-chair-new-eng\/#primaryimage"},"image":{"@id":"https:\/\/klap.ee\/product\/adela-rex-chair-new-eng\/#primaryimage"},"thumbnailUrl":"https:\/\/klap.ee\/wp-content\/uploads\/2025\/04\/adela_rex_andreu_world_so1410_armchair_1_1.webp","datePublished":"2025-04-02T10:57:51+00:00","dateModified":"2026-05-04T11:33:04+00:00","breadcrumb":{"@id":"https:\/\/klap.ee\/product\/adela-rex-chair-new-eng\/#breadcrumb"},"inLanguage":"et","potentialAction":[{"@type":"ReadAction","target":["https:\/\/klap.ee\/product\/adela-rex-chair-new-eng\/"]}]},{"@type":"ImageObject","inLanguage":"et","@id":"https:\/\/klap.ee\/product\/adela-rex-chair-new-eng\/#primaryimage","url":"https:\/\/klap.ee\/wp-content\/uploads\/2025\/04\/adela_rex_andreu_world_so1410_armchair_1_1.webp","contentUrl":"https:\/\/klap.ee\/wp-content\/uploads\/2025\/04\/adela_rex_andreu_world_so1410_armchair_1_1.webp","width":700,"height":700},{"@type":"BreadcrumbList","@id":"https:\/\/klap.ee\/product\/adela-rex-chair-new-eng\/#breadcrumb","itemListElement":[{"@type":"ListItem","position":1,"name":"Home","item":"https:\/\/klap.ee\/"},{"@type":"ListItem","position":2,"name":"Products","item":"https:\/\/klap.ee\/ergonomic-office-chairs\/"},{"@type":"ListItem","position":3,"name":"Andreu Word Adela Rex Chair (New)"}]},{"@type":"WebSite","@id":"https:\/\/klap.ee\/#website","url":"https:\/\/klap.ee\/","name":"KLAP","description":"J\u00e4tkusuutliku disainm\u00f6\u00f6bli pood","publisher":{"@id":"https:\/\/klap.ee\/#organization"},"potentialAction":[{"@type":"SearchAction","target":{"@type":"EntryPoint","urlTemplate":"https:\/\/klap.ee\/?s={search_term_string}"},"query-input":{"@type":"PropertyValueSpecification","valueRequired":true,"valueName":"search_term_string"}}],"inLanguage":"et"},{"@type":"Organization","@id":"https:\/\/klap.ee\/#organization","name":"KLAP","url":"https:\/\/klap.ee\/","logo":{"@type":"ImageObject","inLanguage":"et","@id":"https:\/\/klap.ee\/#\/schema\/logo\/image\/","url":"https:\/\/klap.ee\/wp-content\/uploads\/2025\/03\/klap_logo_transparent_410x158.png","contentUrl":"https:\/\/klap.ee\/wp-content\/uploads\/2025\/03\/klap_logo_transparent_410x158.png","width":410,"height":158,"caption":"KLAP"},"image":{"@id":"https:\/\/klap.ee\/#\/schema\/logo\/image\/"}}]}},"_links":{"self":[{"href":"https:\/\/klap.ee\/et\/wp-json\/wp\/v2\/product\/1278","targetHints":{"allow":["GET"]}}],"collection":[{"href":"https:\/\/klap.ee\/et\/wp-json\/wp\/v2\/product"}],"about":[{"href":"https:\/\/klap.ee\/et\/wp-json\/wp\/v2\/types\/product"}],"wp:featuredmedia":[{"embeddable":true,"href":"https:\/\/klap.ee\/et\/wp-json\/wp\/v2\/media\/1287"}],"wp:attachment":[{"href":"https:\/\/klap.ee\/et\/wp-json\/wp\/v2\/media?parent=1278"}],"wp:term":[{"taxonomy":"product_brand","embeddable":true,"href":"https:\/\/klap.ee\/et\/wp-json\/wp\/v2\/product_brand?post=1278"},{"taxonomy":"product_cat","embeddable":true,"href":"https:\/\/klap.ee\/et\/wp-json\/wp\/v2\/product_cat?post=1278"},{"taxonomy":"product_tag","embeddable":true,"href":"https:\/\/klap.ee\/et\/wp-json\/wp\/v2\/product_tag?post=1278"}],"curies":[{"name":"wp","href":"https:\/\/api.w.org\/{rel}","templated":true}]}}