{"id":1290,"date":"2025-04-02T11:09:59","date_gmt":"2025-04-02T11:09:59","guid":{"rendered":"https:\/\/klap-ee.vserver.zonevs.eu\/?post_type=product&#038;p=1290"},"modified":"2026-05-02T12:45:31","modified_gmt":"2026-05-02T12:45:31","slug":"andreu-world-polina-table-new-eng","status":"publish","type":"product","link":"https:\/\/klap.ee\/et\/toode\/andreu-world-polina-table-new-eng\/","title":{"rendered":"Andreu World Polina Table (uus)"},"content":{"rendered":"<div class=\"product-info-main\">\n<div class=\"product attribute overview\">\n<div class=\"value\">\n<div class=\"top-container\">\n<h2><strong>Toote kirjeldus<\/strong><\/h2>\n<h3 class=\"title\">Inspireeritud malem\u00e4ngust<\/h3>\n<p class=\"title\">Philippe Starcki poolt disainitud Polina Table on uuendusliku ja autentse disainiga, mis on inspireeritud malem\u00e4ngu loogikast. Saadaval \u00fche- v\u00f5i kahealuselise versioonina ja oma kolmem\u00f5\u00f5tmelise kesksambaga saavutab see t\u00e4iusliku visuaalse tasakaalu ja m\u00e4rkimisv\u00e4\u00e4rse konstruktsioonitugevuse. Ringmajanduse p\u00f5him\u00f5tetele vastavalt loodud Polina Table on minimaalse s\u00fcsiniku jalaj\u00e4ljega, kasutades FSC\u00ae sertifikaadiga materjale ning k\u00f5ik selle komponendid on kergesti eraldatavad ja taaskasutatavad.<\/p>\n<h2>\u00dcldteave<\/h2>\n<p>Need lauad on uued<\/p>\n<h2>Toote spetsifikatsiionid<\/h2>\n<\/div>\n<\/div>\n<\/div>\n<\/div>\n<table style=\"width: 100.088%; height: 19.6px;\" width=\"100%\">\n<tbody>\n<tr style=\"height: 19.6px;\">\n<td style=\"width: 65.69%; height: 19.6px;\"><span style=\"color: #808080;\">Disainer<\/span><\/p>\n<div class=\"product-info-designer\">\n<div class=\"product-info-designer\">\n<p class=\"designer-name\">Philippe Starck<\/p>\n<\/div>\n<div class=\"product attribute overview\"><\/div>\n<\/div>\n<div class=\"product attribute overview\"><\/div>\n<p><span style=\"color: #808080;\">Aasta<\/span><\/p>\n<p><span style=\"color: #808080;\">Toodetud<\/span><br \/>\nEL<\/p>\n<p><span style=\"color: #808080;\">Sertifikaadid<\/span><br \/>\nJ\u00c4TKUSUUTLIKKUS<br \/>\nISO 14001<\/td>\n<td style=\"width: 33.9459%; height: 19.6px;\"><span style=\"color: #808080;\">M\u00f5\u00f5de<br \/>\n<\/span>L mm<br \/>\nW mm<br \/>\nH 750 mm<br \/>\nPaksus: paksus: 30 mm<span style=\"color: #808080;\">Kaal<\/span><br \/>\n14,1 kg<\/td>\n<\/tr>\n<\/tbody>\n<\/table>\n<p>&nbsp;<\/p>\n<div><\/div>","protected":false},"excerpt":{"rendered":"<p>Product description Inspired by a game of chess This table is an innovative and authentic design, inspired by the logic of the game of chess. Available in single or double &#8230;<\/p>","protected":false},"featured_media":1298,"template":"","meta":{"_themeisle_gutenberg_block_has_review":false,"iawp_total_views":0},"product_brand":[41],"product_cat":[32,115,112,25,36],"product_tag":[],"class_list":{"0":"post-1290","1":"product","2":"type-product","3":"status-publish","4":"has-post-thumbnail","6":"product_brand-andreuworld","7":"product_cat-andreu-world","8":"product_cat-brands","9":"product_cat-office-furniture","10":"product_cat-office-furniture-1","11":"product_cat-table","13":"first","14":"instock","15":"taxable","16":"shipping-taxable","17":"purchasable","18":"product-type-simple"},"yoast_head":"<!-- This site is optimized with the Yoast SEO plugin v27.6 - https:\/\/yoast.com\/product\/yoast-seo-wordpress\/ -->\n<title>Andreu World Polina Table (New) - KLAP<\/title>\n<meta name=\"robots\" content=\"index, follow, max-snippet:-1, max-image-preview:large, max-video-preview:-1\" \/>\n<link rel=\"canonical\" href=\"https:\/\/klap.ee\/et\/toode\/andreu-world-polina-table-new-eng\/\" \/>\n<meta property=\"og:locale\" content=\"et_EE\" \/>\n<meta property=\"og:type\" content=\"article\" \/>\n<meta property=\"og:title\" content=\"Andreu World Polina Table (New) - KLAP\" \/>\n<meta property=\"og:description\" content=\"Product description Inspired by a game of chess This table is an innovative and authentic design, inspired by the logic of the game of chess. Available in single or double ...\" \/>\n<meta property=\"og:url\" content=\"https:\/\/klap.ee\/et\/toode\/andreu-world-polina-table-new-eng\/\" \/>\n<meta property=\"og:site_name\" content=\"KLAP\" \/>\n<meta property=\"article:modified_time\" content=\"2026-05-02T12:45:31+00:00\" \/>\n<meta property=\"og:image\" content=\"http:\/\/klap.ee\/wp-content\/uploads\/2025\/04\/polina-table-andreu-world-1-scaled.jpg\" \/>\n\t<meta property=\"og:image:width\" content=\"2560\" \/>\n\t<meta property=\"og:image:height\" content=\"2560\" \/>\n\t<meta property=\"og:image:type\" content=\"image\/jpeg\" \/>\n<meta name=\"twitter:card\" content=\"summary_large_image\" \/>\n<meta name=\"twitter:label1\" content=\"Est. reading time\" \/>\n\t<meta name=\"twitter:data1\" content=\"1 minut\" \/>\n<script type=\"application\/ld+json\" class=\"yoast-schema-graph\">{\"@context\":\"https:\\\/\\\/schema.org\",\"@graph\":[{\"@type\":\"WebPage\",\"@id\":\"https:\\\/\\\/klap.ee\\\/product\\\/andreu-world-polina-table-new-eng\\\/\",\"url\":\"https:\\\/\\\/klap.ee\\\/product\\\/andreu-world-polina-table-new-eng\\\/\",\"name\":\"Andreu World Polina Table (New) - KLAP\",\"isPartOf\":{\"@id\":\"https:\\\/\\\/klap.ee\\\/#website\"},\"primaryImageOfPage\":{\"@id\":\"https:\\\/\\\/klap.ee\\\/product\\\/andreu-world-polina-table-new-eng\\\/#primaryimage\"},\"image\":{\"@id\":\"https:\\\/\\\/klap.ee\\\/product\\\/andreu-world-polina-table-new-eng\\\/#primaryimage\"},\"thumbnailUrl\":\"https:\\\/\\\/klap.ee\\\/wp-content\\\/uploads\\\/2025\\\/04\\\/polina-table-andreu-world-1-scaled.jpg\",\"datePublished\":\"2025-04-02T11:09:59+00:00\",\"dateModified\":\"2026-05-02T12:45:31+00:00\",\"breadcrumb\":{\"@id\":\"https:\\\/\\\/klap.ee\\\/product\\\/andreu-world-polina-table-new-eng\\\/#breadcrumb\"},\"inLanguage\":\"et\",\"potentialAction\":[{\"@type\":\"ReadAction\",\"target\":[\"https:\\\/\\\/klap.ee\\\/product\\\/andreu-world-polina-table-new-eng\\\/\"]}]},{\"@type\":\"ImageObject\",\"inLanguage\":\"et\",\"@id\":\"https:\\\/\\\/klap.ee\\\/product\\\/andreu-world-polina-table-new-eng\\\/#primaryimage\",\"url\":\"https:\\\/\\\/klap.ee\\\/wp-content\\\/uploads\\\/2025\\\/04\\\/polina-table-andreu-world-1-scaled.jpg\",\"contentUrl\":\"https:\\\/\\\/klap.ee\\\/wp-content\\\/uploads\\\/2025\\\/04\\\/polina-table-andreu-world-1-scaled.jpg\",\"width\":2560,\"height\":2560},{\"@type\":\"BreadcrumbList\",\"@id\":\"https:\\\/\\\/klap.ee\\\/product\\\/andreu-world-polina-table-new-eng\\\/#breadcrumb\",\"itemListElement\":[{\"@type\":\"ListItem\",\"position\":1,\"name\":\"Home\",\"item\":\"https:\\\/\\\/klap.ee\\\/\"},{\"@type\":\"ListItem\",\"position\":2,\"name\":\"Products\",\"item\":\"https:\\\/\\\/klap.ee\\\/ergonomic-office-chairs\\\/\"},{\"@type\":\"ListItem\",\"position\":3,\"name\":\"Andreu World Polina Table (New)\"}]},{\"@type\":\"WebSite\",\"@id\":\"https:\\\/\\\/klap.ee\\\/#website\",\"url\":\"https:\\\/\\\/klap.ee\\\/\",\"name\":\"KLAP\",\"description\":\"J\u00e4tkusuutliku disainm\u00f6\u00f6bli pood\",\"publisher\":{\"@id\":\"https:\\\/\\\/klap.ee\\\/#organization\"},\"potentialAction\":[{\"@type\":\"SearchAction\",\"target\":{\"@type\":\"EntryPoint\",\"urlTemplate\":\"https:\\\/\\\/klap.ee\\\/?s={search_term_string}\"},\"query-input\":{\"@type\":\"PropertyValueSpecification\",\"valueRequired\":true,\"valueName\":\"search_term_string\"}}],\"inLanguage\":\"et\"},{\"@type\":\"Organization\",\"@id\":\"https:\\\/\\\/klap.ee\\\/#organization\",\"name\":\"KLAP\",\"url\":\"https:\\\/\\\/klap.ee\\\/\",\"logo\":{\"@type\":\"ImageObject\",\"inLanguage\":\"et\",\"@id\":\"https:\\\/\\\/klap.ee\\\/#\\\/schema\\\/logo\\\/image\\\/\",\"url\":\"https:\\\/\\\/klap.ee\\\/wp-content\\\/uploads\\\/2025\\\/03\\\/klap_logo_transparent_410x158.png\",\"contentUrl\":\"https:\\\/\\\/klap.ee\\\/wp-content\\\/uploads\\\/2025\\\/03\\\/klap_logo_transparent_410x158.png\",\"width\":410,\"height\":158,\"caption\":\"KLAP\"},\"image\":{\"@id\":\"https:\\\/\\\/klap.ee\\\/#\\\/schema\\\/logo\\\/image\\\/\"}}]}<\/script>\n<!-- \/ Yoast SEO plugin. -->","yoast_head_json":{"title":"Andreu World Polina Table (New) - KLAP","robots":{"index":"index","follow":"follow","max-snippet":"max-snippet:-1","max-image-preview":"max-image-preview:large","max-video-preview":"max-video-preview:-1"},"canonical":"https:\/\/klap.ee\/et\/toode\/andreu-world-polina-table-new-eng\/","og_locale":"et_EE","og_type":"article","og_title":"Andreu World Polina Table (New) - KLAP","og_description":"Product description Inspired by a game of chess This table is an innovative and authentic design, inspired by the logic of the game of chess. Available in single or double ...","og_url":"https:\/\/klap.ee\/et\/toode\/andreu-world-polina-table-new-eng\/","og_site_name":"KLAP","article_modified_time":"2026-05-02T12:45:31+00:00","og_image":[{"width":2560,"height":2560,"url":"http:\/\/klap.ee\/wp-content\/uploads\/2025\/04\/polina-table-andreu-world-1-scaled.jpg","type":"image\/jpeg"}],"twitter_card":"summary_large_image","twitter_misc":{"Est. reading time":"1 minut"},"schema":{"@context":"https:\/\/schema.org","@graph":[{"@type":"WebPage","@id":"https:\/\/klap.ee\/product\/andreu-world-polina-table-new-eng\/","url":"https:\/\/klap.ee\/product\/andreu-world-polina-table-new-eng\/","name":"Andreu World Polina Table (New) - KLAP","isPartOf":{"@id":"https:\/\/klap.ee\/#website"},"primaryImageOfPage":{"@id":"https:\/\/klap.ee\/product\/andreu-world-polina-table-new-eng\/#primaryimage"},"image":{"@id":"https:\/\/klap.ee\/product\/andreu-world-polina-table-new-eng\/#primaryimage"},"thumbnailUrl":"https:\/\/klap.ee\/wp-content\/uploads\/2025\/04\/polina-table-andreu-world-1-scaled.jpg","datePublished":"2025-04-02T11:09:59+00:00","dateModified":"2026-05-02T12:45:31+00:00","breadcrumb":{"@id":"https:\/\/klap.ee\/product\/andreu-world-polina-table-new-eng\/#breadcrumb"},"inLanguage":"et","potentialAction":[{"@type":"ReadAction","target":["https:\/\/klap.ee\/product\/andreu-world-polina-table-new-eng\/"]}]},{"@type":"ImageObject","inLanguage":"et","@id":"https:\/\/klap.ee\/product\/andreu-world-polina-table-new-eng\/#primaryimage","url":"https:\/\/klap.ee\/wp-content\/uploads\/2025\/04\/polina-table-andreu-world-1-scaled.jpg","contentUrl":"https:\/\/klap.ee\/wp-content\/uploads\/2025\/04\/polina-table-andreu-world-1-scaled.jpg","width":2560,"height":2560},{"@type":"BreadcrumbList","@id":"https:\/\/klap.ee\/product\/andreu-world-polina-table-new-eng\/#breadcrumb","itemListElement":[{"@type":"ListItem","position":1,"name":"Home","item":"https:\/\/klap.ee\/"},{"@type":"ListItem","position":2,"name":"Products","item":"https:\/\/klap.ee\/ergonomic-office-chairs\/"},{"@type":"ListItem","position":3,"name":"Andreu World Polina Table (New)"}]},{"@type":"WebSite","@id":"https:\/\/klap.ee\/#website","url":"https:\/\/klap.ee\/","name":"KLAP","description":"J\u00e4tkusuutliku disainm\u00f6\u00f6bli pood","publisher":{"@id":"https:\/\/klap.ee\/#organization"},"potentialAction":[{"@type":"SearchAction","target":{"@type":"EntryPoint","urlTemplate":"https:\/\/klap.ee\/?s={search_term_string}"},"query-input":{"@type":"PropertyValueSpecification","valueRequired":true,"valueName":"search_term_string"}}],"inLanguage":"et"},{"@type":"Organization","@id":"https:\/\/klap.ee\/#organization","name":"KLAP","url":"https:\/\/klap.ee\/","logo":{"@type":"ImageObject","inLanguage":"et","@id":"https:\/\/klap.ee\/#\/schema\/logo\/image\/","url":"https:\/\/klap.ee\/wp-content\/uploads\/2025\/03\/klap_logo_transparent_410x158.png","contentUrl":"https:\/\/klap.ee\/wp-content\/uploads\/2025\/03\/klap_logo_transparent_410x158.png","width":410,"height":158,"caption":"KLAP"},"image":{"@id":"https:\/\/klap.ee\/#\/schema\/logo\/image\/"}}]}},"_links":{"self":[{"href":"https:\/\/klap.ee\/et\/wp-json\/wp\/v2\/product\/1290","targetHints":{"allow":["GET"]}}],"collection":[{"href":"https:\/\/klap.ee\/et\/wp-json\/wp\/v2\/product"}],"about":[{"href":"https:\/\/klap.ee\/et\/wp-json\/wp\/v2\/types\/product"}],"wp:featuredmedia":[{"embeddable":true,"href":"https:\/\/klap.ee\/et\/wp-json\/wp\/v2\/media\/1298"}],"wp:attachment":[{"href":"https:\/\/klap.ee\/et\/wp-json\/wp\/v2\/media?parent=1290"}],"wp:term":[{"taxonomy":"product_brand","embeddable":true,"href":"https:\/\/klap.ee\/et\/wp-json\/wp\/v2\/product_brand?post=1290"},{"taxonomy":"product_cat","embeddable":true,"href":"https:\/\/klap.ee\/et\/wp-json\/wp\/v2\/product_cat?post=1290"},{"taxonomy":"product_tag","embeddable":true,"href":"https:\/\/klap.ee\/et\/wp-json\/wp\/v2\/product_tag?post=1290"}],"curies":[{"name":"wp","href":"https:\/\/api.w.org\/{rel}","templated":true}]}}