{"id":1782,"date":"2025-05-13T08:21:25","date_gmt":"2025-05-13T08:21:25","guid":{"rendered":"https:\/\/klap.ee\/?post_type=product&#038;p=1782"},"modified":"2026-05-02T12:45:31","modified_gmt":"2026-05-02T12:45:31","slug":"herman-miller-aeron-remastered-mineral-refurbished","status":"publish","type":"product","link":"https:\/\/klap.ee\/et\/toode\/herman-miller-aeron-remastered-mineral-refurbished\/","title":{"rendered":"Herman Miller Aeron Remastered Mineral (uuendatud)"},"content":{"rendered":"<h2><strong>Toote kirjeldus<\/strong><\/h2>\n<p>Aeron Remastered on v\u00e4\u00e4rikas j\u00e4reltulija \u00fchele m\u00f5jukaimale kontoritoolile ajaloos. See on kergem, ergonoomilisem ja intuitiivsem kui selle ikooniline eelk\u00e4ija ning seab uued standardid kaasaegsele istumismugavusele.<\/p>\n<p>Algup\u00e4raselt 1990. aastatel Don Chadwicki ja Bill Stumpfi loodud Aeron sai kiiresti nii kultuuriliseks kui ka ergonoomiliseks verstapostiks. See oli esimene kontoritool, mis loobus traditsioonilisest polstrist ning pakkus selle asemel tulevikku suunatud disaini, mis \u00fchendas innovatsiooni ja mugavuse inimestele, kes veedavad pikki tunde oma t\u00f6\u00f6laudade taga. N\u00fc\u00fcd on Aeron Classic loodud t\u00e4nap\u00e4eva t\u00f6\u00f6ruumi jaoks uuesti ette kujutatuna. Remastered-versioon toob kaasa t\u00e4iustatud ergonoomika ja uuendusliku materjalitehnoloogia, viies tooli sooritusv\u00f5ime vastavusse 21. sajandi n\u00f5udmistega.<\/p>\n<p>Aeron Remastered p\u00fcsib endiselt oma kategoorias v\u00f5rreldamatuna. See on loodud pakkuma suurep\u00e4rast ergonoomilist tuge erinevatele kehat\u00fc\u00fcpidele ning selle hingav istme- ja seljatoe ripps\u00fcsteem kohandub kasutaja kehakujuga, v\u00e4hendades survet selgroole, kaelale ja puusadele. T\u00e4iustatud kallutusmehhanism ja t\u00e4ielikult reguleeritavad k\u00e4etoed v\u00f5imaldavad t\u00e4pset kohandamist, tagades terve ja toetava kehahoiaku ka pikkade t\u00f6\u00f6p\u00e4evade v\u00e4ltel. Oma elegantse ja kaasaegse esteetikaga pakub Aeron Remastered mitte ainult \u00fcletamatut funktsionaalsust, vaid sulandub ka sujuvalt igasse professionaalsesse keskkonda.<\/p>\n<h2>Peamised omadused<\/h2>\n<p><strong>Posture Fit SL:<\/strong><br \/>See patenteeritud ja \u00fcmberdisainitud seljatoe tugis\u00fcsteem pakub ergonoomilist stabiilsust vaagnapiirkonnale, jaotades toe \u00fchtlaselt m\u00f6\u00f6da selgroogu. Remastered-versioonis on t\u00f5estatud PostureFit t\u00e4iustatud kahe iseseisvalt reguleeritava padjakesega, mis stabiliseerivad nii ristluu- kui ka nimmepiirkonda.<\/p>\n<p><strong>8Z Pellicle Membrane:<\/strong><br \/>Hingav ja patenteeritud membraan j\u00e4ljendab inimese naha loomulikke difusiooniprotsesse, v\u00e4ltides kuumuse kogunemist ja tagades p\u00fcsiva mugavuse. See on loodud kaheksa erineva pingetasemega toestusv\u00f6\u00f6ndiga, mis pakuvad kehale t\u00e4pselt kohandatud tugevust ja kohanduvat surve leevendust kogu ulatuses.<\/p>\n<p><strong>3D k\u00e4etoed:<\/strong><br \/>Pakkudes suuremat kasutusmugavust ja t\u00e4iustatud komforti, on k\u00e4etoed varustatud kolmem\u00f5\u00f5tmelise reguleeritavusega \u2013 k\u00f5rgus, s\u00fcgavus ja p\u00f6\u00f6rdenurk \u2013, mis v\u00f5imaldab neid t\u00e4pselt kohandada igasuguses t\u00f6\u00f6keskkonnas.<\/p>\n<h2>\u00dcldteave<\/h2>\n<p>Need kontoritoolid on uuendatud. Meie jaoks t\u00e4hendab 'refurbished' seda, et toolid on hoolikalt kontrollitud, v\u00f5imalik, et need on polsterdatud, varustatud uute ametlike osadega, puhastatud ja poleeritud. \u00dcritame saavutada toolide sellise seisukorra, et need n\u00e4eksid v\u00e4lja taas nagu uued.<\/p>\n<ul>\n<li>Uuendatud - Konditsioon: A<\/li>\n<li>Suurused: B<\/li>\n<li>Seljatoe kate: Mineral<\/li>\n<li>Raami v\u00e4rv: Mineral<\/li>\n<li>Garantii: 5 aastat<\/li>\n<li>Reguleeritavad k\u00e4etoed<\/li>\n<li>Kallutuse piiraja<\/li>\n<li>Kallutuse lukustus<\/li>\n<li>Tahapoole kallutamine<\/li>\n<li>Fikseeritud PostureFit seljatugi<\/li>\n<li>8Z-Pellicle membraan<\/li>\n<li>Vin\u00fc\u00fclist k\u00e4etoed<\/li>\n<li>Muudetav istumisk\u00f5rgus<\/li>\n<\/ul>\n<h2>Toote spetsifikatsiionid<\/h2>\n<div class=\"elementor-element elementor-element-7a1db292 elementor-widget elementor-widget-heading\" data-id=\"7a1db292\" data-element_type=\"widget\" data-widget_type=\"heading.default\">\n<div class=\"elementor-widget-container\">\n<table style=\"width: 649px; height: 558px;\" width=\"100%\">\n<tbody>\n<tr style=\"height: 19.6px;\">\n<td style=\"width: 49.7619%; height: 19.6px;\">\n<p style=\"text-align: left;\"><span style=\"color: #808080;\">Disainer<br \/>\n<\/span>Don Chadwick ja Bill Stumpf<\/p>\n<p style=\"text-align: left;\"><span style=\"color: #808080;\">Disainiaasta<br \/>\n<\/span>2016<\/p>\n<p style=\"text-align: left;\"><span style=\"color: #808080;\">Toodetud<\/span><br \/>\nUSA<\/p>\n<p style=\"text-align: left;\"><span style=\"color: #808080;\">Sertifikaadid<br \/>\n<\/span>level\u00ae<br \/>\nGREENGUARD<br \/>\nCradle to Cradle<\/p>\n<\/td>\n<td style=\"width: 49.7619%; height: 19.6px;\">&nbsp;<\/p>\n<p>&nbsp;<\/p>\n<p>&nbsp;<\/p>\n<p><span style=\"color: #808080;\">\u00dcldised m\u00f5\u00f5tmed<br \/>\n<\/span>Suurus A - 953 (k\u00f5rgus) x 635 (laius) x 567 mm (s\u00fcgavus)<br \/>\nSuurus B - 1090 (k\u00f5rgus) x 658 (laius) x 598 mm (s\u00fcgavus)<br \/>\nSuurus C - 1128 (k\u00f5rgus) x 695 (laius) x 664 mm (s\u00fcgavus)<\/p>\n<p><span style=\"color: #808080;\">Maksimaalne v\u00f5imsus<br \/>\n<\/span>Suurus A - 136 kg<br \/>\nSuurus B - 159 kg<br \/>\nSuurus C - 159 kg<\/p>\n<p><span style=\"color: #808080;\">Toote kaal<br \/>\n<\/span>Suurus A - 18,1 kg<br \/>\nSuurus B - 18,6 kg<br \/>\nSuurus C - 19,5 kg<\/p>\n<p>&nbsp;<\/td>\n<\/tr>\n<\/tbody>\n<\/table>\n<p>&nbsp;<\/p>\n<\/div>\n<\/div>\n<div class=\"elementor-element elementor-element-4d311189 elementor-widget elementor-widget-text-editor\" data-id=\"4d311189\" data-element_type=\"widget\" data-widget_type=\"text-editor.default\">\n<div class=\"elementor-widget-container\"><\/div>\n<\/div>\n<div class=\"elementor-element elementor-element-4d311189 elementor-widget elementor-widget-text-editor\" data-id=\"4d311189\" data-element_type=\"widget\" data-widget_type=\"text-editor.default\">\n<div class=\"elementor-widget-container\"><\/div>\n<\/div>","protected":false},"excerpt":{"rendered":"<p>\u2713 Uuendatud \u2013 A-kategooria seisukord<br \/>\n\u2713 S\u00e4\u00e4sta 42% \u2013 Mineral raam ja seljatugi, suurused B ja C<br \/>\n\u2713 PostureFit ja 8Z Pellicle membraan<br \/>\n\u2713 5-aastane garantii<br \/>\n\u2713 Kiire tarne<\/p>","protected":false},"featured_media":4162,"template":"","meta":{"_themeisle_gutenberg_block_has_review":false,"iawp_total_views":7},"product_brand":[31],"product_cat":[115,33,34,112,25],"product_tag":[87,58,73,30],"class_list":{"0":"post-1782","1":"product","2":"type-product","3":"status-publish","4":"has-post-thumbnail","6":"product_brand-hermanmiller","7":"product_cat-brands","8":"product_cat-ergonomic-office-chairs","9":"product_cat-herman-miller","10":"product_cat-office-furniture","11":"product_cat-office-furniture-1","12":"product_tag-aeron","13":"product_tag-eco-friendly-choice","14":"product_tag-herman-miller","15":"product_tag-refurbished","16":"product_shipping_class-toolid","18":"first","19":"instock","20":"sale","21":"taxable","22":"shipping-taxable","23":"purchasable","24":"product-type-variable"},"yoast_head":"<!-- This site is optimized with the Yoast SEO plugin v27.6 - https:\/\/yoast.com\/product\/yoast-seo-wordpress\/ -->\n<title>Herman Miller Aeron Remastered Mineral Refurbished | \u20ac1,305 | KLAP<\/title>\n<meta name=\"description\" content=\"Buy a refurbished Herman Miller Aeron Remastered Mineral for \u20ac1,305. Save 42%, Condition A, sizes B &amp; C, PostureFit, 8Z Pellicle, Mineral frame. Fast delivery.\" \/>\n<meta name=\"robots\" content=\"index, follow, max-snippet:-1, max-image-preview:large, max-video-preview:-1\" \/>\n<link rel=\"canonical\" href=\"https:\/\/klap.ee\/et\/toode\/herman-miller-aeron-remastered-mineral-refurbished\/\" \/>\n<meta property=\"og:locale\" content=\"et_EE\" \/>\n<meta property=\"og:type\" content=\"article\" \/>\n<meta property=\"og:title\" content=\"Herman Miller Aeron Remastered Mineral Refurbished | \u20ac1,305 | KLAP\" \/>\n<meta property=\"og:description\" content=\"Buy a refurbished Herman Miller Aeron Remastered Mineral for \u20ac1,305. Save 42%, Condition A, sizes B &amp; C, PostureFit, 8Z Pellicle, Mineral frame. Fast delivery.\" \/>\n<meta property=\"og:url\" content=\"https:\/\/klap.ee\/et\/toode\/herman-miller-aeron-remastered-mineral-refurbished\/\" \/>\n<meta property=\"og:site_name\" content=\"KLAP\" \/>\n<meta property=\"article:modified_time\" content=\"2026-05-02T12:45:31+00:00\" \/>\n<meta property=\"og:image\" content=\"http:\/\/klap.ee\/wp-content\/uploads\/2025\/05\/Untitled-design-2-1-1024x1024.png\" \/>\n\t<meta property=\"og:image:width\" content=\"1024\" \/>\n\t<meta property=\"og:image:height\" content=\"1024\" \/>\n\t<meta property=\"og:image:type\" content=\"image\/png\" \/>\n<meta name=\"twitter:card\" content=\"summary_large_image\" \/>\n<meta name=\"twitter:label1\" content=\"Est. reading time\" \/>\n\t<meta name=\"twitter:data1\" content=\"3 minutit\" \/>\n<script type=\"application\/ld+json\" class=\"yoast-schema-graph\">{\"@context\":\"https:\\\/\\\/schema.org\",\"@graph\":[{\"@type\":\"WebPage\",\"@id\":\"https:\\\/\\\/klap.ee\\\/product\\\/herman-miller-aeron-remastered-mineral-refurbished\\\/\",\"url\":\"https:\\\/\\\/klap.ee\\\/product\\\/herman-miller-aeron-remastered-mineral-refurbished\\\/\",\"name\":\"Herman Miller Aeron Remastered Mineral Refurbished | \u20ac1,305 | KLAP\",\"isPartOf\":{\"@id\":\"https:\\\/\\\/klap.ee\\\/#website\"},\"primaryImageOfPage\":{\"@id\":\"https:\\\/\\\/klap.ee\\\/product\\\/herman-miller-aeron-remastered-mineral-refurbished\\\/#primaryimage\"},\"image\":{\"@id\":\"https:\\\/\\\/klap.ee\\\/product\\\/herman-miller-aeron-remastered-mineral-refurbished\\\/#primaryimage\"},\"thumbnailUrl\":\"https:\\\/\\\/klap.ee\\\/wp-content\\\/uploads\\\/2025\\\/05\\\/Untitled-design-2-1.png\",\"datePublished\":\"2025-05-13T08:21:25+00:00\",\"dateModified\":\"2026-05-02T12:45:31+00:00\",\"description\":\"Buy a refurbished Herman Miller Aeron Remastered Mineral for \u20ac1,305. Save 42%, Condition A, sizes B & C, PostureFit, 8Z Pellicle, Mineral frame. Fast delivery.\",\"breadcrumb\":{\"@id\":\"https:\\\/\\\/klap.ee\\\/product\\\/herman-miller-aeron-remastered-mineral-refurbished\\\/#breadcrumb\"},\"inLanguage\":\"et\",\"potentialAction\":[{\"@type\":\"ReadAction\",\"target\":[\"https:\\\/\\\/klap.ee\\\/product\\\/herman-miller-aeron-remastered-mineral-refurbished\\\/\"]}]},{\"@type\":\"ImageObject\",\"inLanguage\":\"et\",\"@id\":\"https:\\\/\\\/klap.ee\\\/product\\\/herman-miller-aeron-remastered-mineral-refurbished\\\/#primaryimage\",\"url\":\"https:\\\/\\\/klap.ee\\\/wp-content\\\/uploads\\\/2025\\\/05\\\/Untitled-design-2-1.png\",\"contentUrl\":\"https:\\\/\\\/klap.ee\\\/wp-content\\\/uploads\\\/2025\\\/05\\\/Untitled-design-2-1.png\",\"width\":1600,\"height\":1600},{\"@type\":\"BreadcrumbList\",\"@id\":\"https:\\\/\\\/klap.ee\\\/product\\\/herman-miller-aeron-remastered-mineral-refurbished\\\/#breadcrumb\",\"itemListElement\":[{\"@type\":\"ListItem\",\"position\":1,\"name\":\"Home\",\"item\":\"https:\\\/\\\/klap.ee\\\/\"},{\"@type\":\"ListItem\",\"position\":2,\"name\":\"Products\",\"item\":\"https:\\\/\\\/klap.ee\\\/ergonomic-office-chairs\\\/\"},{\"@type\":\"ListItem\",\"position\":3,\"name\":\"Herman Miller Aeron Remastered Mineral (Refurbished)\"}]},{\"@type\":\"WebSite\",\"@id\":\"https:\\\/\\\/klap.ee\\\/#website\",\"url\":\"https:\\\/\\\/klap.ee\\\/\",\"name\":\"KLAP\",\"description\":\"J\u00e4tkusuutliku disainm\u00f6\u00f6bli pood\",\"publisher\":{\"@id\":\"https:\\\/\\\/klap.ee\\\/#organization\"},\"potentialAction\":[{\"@type\":\"SearchAction\",\"target\":{\"@type\":\"EntryPoint\",\"urlTemplate\":\"https:\\\/\\\/klap.ee\\\/?s={search_term_string}\"},\"query-input\":{\"@type\":\"PropertyValueSpecification\",\"valueRequired\":true,\"valueName\":\"search_term_string\"}}],\"inLanguage\":\"et\"},{\"@type\":\"Organization\",\"@id\":\"https:\\\/\\\/klap.ee\\\/#organization\",\"name\":\"KLAP\",\"url\":\"https:\\\/\\\/klap.ee\\\/\",\"logo\":{\"@type\":\"ImageObject\",\"inLanguage\":\"et\",\"@id\":\"https:\\\/\\\/klap.ee\\\/#\\\/schema\\\/logo\\\/image\\\/\",\"url\":\"https:\\\/\\\/klap.ee\\\/wp-content\\\/uploads\\\/2025\\\/03\\\/klap_logo_transparent_410x158.png\",\"contentUrl\":\"https:\\\/\\\/klap.ee\\\/wp-content\\\/uploads\\\/2025\\\/03\\\/klap_logo_transparent_410x158.png\",\"width\":410,\"height\":158,\"caption\":\"KLAP\"},\"image\":{\"@id\":\"https:\\\/\\\/klap.ee\\\/#\\\/schema\\\/logo\\\/image\\\/\"}}]}<\/script>\n<!-- \/ Yoast SEO plugin. -->","yoast_head_json":{"title":"Herman Miller Aeron Remastered Mineral Refurbished | \u20ac1,305 | KLAP","description":"Buy a refurbished Herman Miller Aeron Remastered Mineral for \u20ac1,305. Save 42%, Condition A, sizes B & C, PostureFit, 8Z Pellicle, Mineral frame. Fast delivery.","robots":{"index":"index","follow":"follow","max-snippet":"max-snippet:-1","max-image-preview":"max-image-preview:large","max-video-preview":"max-video-preview:-1"},"canonical":"https:\/\/klap.ee\/et\/toode\/herman-miller-aeron-remastered-mineral-refurbished\/","og_locale":"et_EE","og_type":"article","og_title":"Herman Miller Aeron Remastered Mineral Refurbished | \u20ac1,305 | KLAP","og_description":"Buy a refurbished Herman Miller Aeron Remastered Mineral for \u20ac1,305. Save 42%, Condition A, sizes B & C, PostureFit, 8Z Pellicle, Mineral frame. Fast delivery.","og_url":"https:\/\/klap.ee\/et\/toode\/herman-miller-aeron-remastered-mineral-refurbished\/","og_site_name":"KLAP","article_modified_time":"2026-05-02T12:45:31+00:00","og_image":[{"width":1024,"height":1024,"url":"http:\/\/klap.ee\/wp-content\/uploads\/2025\/05\/Untitled-design-2-1-1024x1024.png","type":"image\/png"}],"twitter_card":"summary_large_image","twitter_misc":{"Est. reading time":"3 minutit"},"schema":{"@context":"https:\/\/schema.org","@graph":[{"@type":"WebPage","@id":"https:\/\/klap.ee\/product\/herman-miller-aeron-remastered-mineral-refurbished\/","url":"https:\/\/klap.ee\/product\/herman-miller-aeron-remastered-mineral-refurbished\/","name":"Herman Miller Aeron Remastered Mineral Refurbished | \u20ac1,305 | KLAP","isPartOf":{"@id":"https:\/\/klap.ee\/#website"},"primaryImageOfPage":{"@id":"https:\/\/klap.ee\/product\/herman-miller-aeron-remastered-mineral-refurbished\/#primaryimage"},"image":{"@id":"https:\/\/klap.ee\/product\/herman-miller-aeron-remastered-mineral-refurbished\/#primaryimage"},"thumbnailUrl":"https:\/\/klap.ee\/wp-content\/uploads\/2025\/05\/Untitled-design-2-1.png","datePublished":"2025-05-13T08:21:25+00:00","dateModified":"2026-05-02T12:45:31+00:00","description":"Buy a refurbished Herman Miller Aeron Remastered Mineral for \u20ac1,305. Save 42%, Condition A, sizes B & C, PostureFit, 8Z Pellicle, Mineral frame. Fast delivery.","breadcrumb":{"@id":"https:\/\/klap.ee\/product\/herman-miller-aeron-remastered-mineral-refurbished\/#breadcrumb"},"inLanguage":"et","potentialAction":[{"@type":"ReadAction","target":["https:\/\/klap.ee\/product\/herman-miller-aeron-remastered-mineral-refurbished\/"]}]},{"@type":"ImageObject","inLanguage":"et","@id":"https:\/\/klap.ee\/product\/herman-miller-aeron-remastered-mineral-refurbished\/#primaryimage","url":"https:\/\/klap.ee\/wp-content\/uploads\/2025\/05\/Untitled-design-2-1.png","contentUrl":"https:\/\/klap.ee\/wp-content\/uploads\/2025\/05\/Untitled-design-2-1.png","width":1600,"height":1600},{"@type":"BreadcrumbList","@id":"https:\/\/klap.ee\/product\/herman-miller-aeron-remastered-mineral-refurbished\/#breadcrumb","itemListElement":[{"@type":"ListItem","position":1,"name":"Home","item":"https:\/\/klap.ee\/"},{"@type":"ListItem","position":2,"name":"Products","item":"https:\/\/klap.ee\/ergonomic-office-chairs\/"},{"@type":"ListItem","position":3,"name":"Herman Miller Aeron Remastered Mineral (Refurbished)"}]},{"@type":"WebSite","@id":"https:\/\/klap.ee\/#website","url":"https:\/\/klap.ee\/","name":"KLAP","description":"J\u00e4tkusuutliku disainm\u00f6\u00f6bli pood","publisher":{"@id":"https:\/\/klap.ee\/#organization"},"potentialAction":[{"@type":"SearchAction","target":{"@type":"EntryPoint","urlTemplate":"https:\/\/klap.ee\/?s={search_term_string}"},"query-input":{"@type":"PropertyValueSpecification","valueRequired":true,"valueName":"search_term_string"}}],"inLanguage":"et"},{"@type":"Organization","@id":"https:\/\/klap.ee\/#organization","name":"KLAP","url":"https:\/\/klap.ee\/","logo":{"@type":"ImageObject","inLanguage":"et","@id":"https:\/\/klap.ee\/#\/schema\/logo\/image\/","url":"https:\/\/klap.ee\/wp-content\/uploads\/2025\/03\/klap_logo_transparent_410x158.png","contentUrl":"https:\/\/klap.ee\/wp-content\/uploads\/2025\/03\/klap_logo_transparent_410x158.png","width":410,"height":158,"caption":"KLAP"},"image":{"@id":"https:\/\/klap.ee\/#\/schema\/logo\/image\/"}}]}},"_links":{"self":[{"href":"https:\/\/klap.ee\/et\/wp-json\/wp\/v2\/product\/1782","targetHints":{"allow":["GET"]}}],"collection":[{"href":"https:\/\/klap.ee\/et\/wp-json\/wp\/v2\/product"}],"about":[{"href":"https:\/\/klap.ee\/et\/wp-json\/wp\/v2\/types\/product"}],"wp:featuredmedia":[{"embeddable":true,"href":"https:\/\/klap.ee\/et\/wp-json\/wp\/v2\/media\/4162"}],"wp:attachment":[{"href":"https:\/\/klap.ee\/et\/wp-json\/wp\/v2\/media?parent=1782"}],"wp:term":[{"taxonomy":"product_brand","embeddable":true,"href":"https:\/\/klap.ee\/et\/wp-json\/wp\/v2\/product_brand?post=1782"},{"taxonomy":"product_cat","embeddable":true,"href":"https:\/\/klap.ee\/et\/wp-json\/wp\/v2\/product_cat?post=1782"},{"taxonomy":"product_tag","embeddable":true,"href":"https:\/\/klap.ee\/et\/wp-json\/wp\/v2\/product_tag?post=1782"}],"curies":[{"name":"wp","href":"https:\/\/api.w.org\/{rel}","templated":true}]}}