{"id":1928,"date":"2025-05-19T11:04:37","date_gmt":"2025-05-19T11:04:37","guid":{"rendered":"https:\/\/klap.ee\/?post_type=product&#038;p=1928"},"modified":"2026-05-02T12:45:31","modified_gmt":"2026-05-02T12:45:31","slug":"steelcase-leap-v2-anthracite-refurbished","status":"publish","type":"product","link":"https:\/\/klap.ee\/et\/toode\/steelcase-leap-v2-anthracite-refurbished\/","title":{"rendered":"Steelcase Leap V2 Anthracite (uuendatud)"},"content":{"rendered":"<h2><strong>Toote kirjeldus<\/strong><\/h2>\n<p class=\"\">Steelcase <strong>Steelcase Leap V2<\/strong> on ergonoomiline kontoritool, mis v\u00f5imaldab saavutada t\u00e4pse ja isikup\u00e4rase sobivuse just seal, kus seda k\u00f5ige enam vajad. Tool on \u00e4\u00e4rmiselt intuitiivne ning sulle meeldib, kuidas tooli kallutades iste sujuvalt liigub edasi-tagasi, hoides sind kogu aeg mugavalt t\u00f6\u00f6le keskendununa.<\/p>\n<p class=\"\">Astu ergonoomilise mugavuse ja laitmatu funktsionaalsuse maailma <strong>Steelcase Leap V2 kontoritooliga.<\/strong> T\u00e4psuse ja meisterlikkusega loodud tool pakub t\u00e4iuslikku tasakaalu stiili ja toe vahel, sobitudes suurep\u00e4raselt t\u00e4nap\u00e4evasesse t\u00f6\u00f6keskkonda.<\/p>\n<p class=\"\">T\u00e4nu <strong>oma<\/strong>d\u00fcnaamilisele LiveBack\u00ae tehnoloogiale kohandub Leap V2 loomulikult sinu keha liikumiste ja r\u00fchiga, pakkudes p\u00e4eva jooksul pidevat tuge ja ideaalset istumismugavust. 4D reguleeritavad k\u00e4etoed, kohandatav nimmetugi ja gaasvedruga k\u00f5rguse reguleerimine v\u00f5imaldavad t\u00e4ielikult sinu vajadustele vastava isikup\u00e4rastatud istumiskogemuse. <strong>4D-reguleeritavad k\u00e4etoed, kohandatav nimmetugi ja gaast\u00f5stukiga k\u00f5rguse reguleerimine<\/strong> v\u00f5imaldavad tooli t\u00e4pselt sinu vajaduste j\u00e4rgi seadistada, pakkudes t\u00e4ielikult isikup\u00e4rastatud istumiskogemust.<\/p>\n<p class=\"\">Kuid Leap V2 ei keskendu ainult mugavusele \u2013 see on loodud <strong>kestma.<\/strong> Kuid Leap V2 ei paku vaid mugavust \u2013 see on loodud kestma. Vastupidavate materjalide ja kvaliteetse konstruktsiooniga tool tagab pikaajalise t\u00f6\u00f6kindluse ja vastupidavuse, olgu tegu kodukontori v\u00f5i professionaalse t\u00f6\u00f6keskkonnaga.<\/p>\n<p class=\"\">Avasta \u00fclim mugavuse, stiili ja funktsionaalsuse kooslus Steelcase Leap V2 kontoritooliga ning muuda iga t\u00f6\u00f6p\u00e4ev <strong>inspireerivaks<\/strong> ja tulemuslikuks.<\/p>\n<p><strong>Steelcase Leap V2 eelised:<\/strong><\/p>\n<ul>\n<li>Reguleeritavad k\u00e4etoed, mis kohanduvad lihtsalt sinu keha ja t\u00f6\u00f6asendiga.<\/li>\n<li>LiveBack-tehnoloogia, mis tagab d\u00fcnaamilise toe iga liigutuse ajal.<\/li>\n<li>Vastupidavad ja keskkonnas\u00f5bralikud materjalid, mis tagavad tooli pika eluea.<\/li>\n<li>Liugiste optimaalset ja isikup\u00e4rastatud istumisasendit silmas pidades.<\/li>\n<li>Stiilne disain, mis annab igale t\u00f6\u00f6keskkonnale professionaalse ilme.<\/li>\n<\/ul>\n<h2>\u00dcldteave<\/h2>\n<p class=\"\">Need kontoritoolid on uuendatud. Meie jaoks t\u00e4hendab 'refurbished' seda, et toolid on hoolikalt kontrollitud, v\u00f5imalik, et need on polsterdatud, varustatud uute ametlike osadega, puhastatud ja poleeritud. \u00dcritame saavutada toolide sellise seisukorra, et need n\u00e4eksid v\u00e4lja taas nagu uued.<\/p>\n<ul>\n<li>Uuendatud - Konditsioon: A<\/li>\n<li>Suurus: Universaalne<\/li>\n<li>Upholstery Color: Anthracite<\/li>\n<li>Raami v\u00e4rv: must<\/li>\n<li>Garantii: 5 aastat<\/li>\n<li>Kohandatav isumisasendi k\u00f5rgus ja s\u00fcgavus<\/li>\n<li>Selga toetav reguleeritav seljatugi<\/li>\n<li>LiveBack\u2122 tehnoloogia<\/li>\n<li>S\u00fcnkroonmehhanism ja kehakaalule vastav pingeregulatsioon.<\/li>\n<li>Kallutuse lukustus<\/li>\n<li>K\u00f5rgekvaliteediline istmepadi ja hingav polsterdus<\/li>\n<li>Reguleeritav ettepoole kallutus<\/li>\n<li>K\u00f5rguse reguleerimine<\/li>\n<li>4D reguleeritavad k\u00e4etoed<\/li>\n<li><b>T\u00e4isvarustus<\/b><\/li>\n<\/ul>\n<h2>Toote spetsifikatsiionid<\/h2>\n<p>&nbsp;<\/p>\n<table style=\"width: 649px; height: 558px;\" width=\"100%\">\n<tbody>\n<tr style=\"height: 19.6px;\">\n<td style=\"width: 49.7619%; height: 19.6px;\">\n<p style=\"text-align: left;\"><span style=\"color: #808080;\">Disainer<br \/>\n<\/span>Marcel Breuer<\/p>\n<p style=\"text-align: left;\"><span style=\"color: #808080;\">Disainiaasta<br \/>\n<\/span>2006<\/p>\n<p style=\"text-align: left;\"><span style=\"color: #808080;\">Toodetud<\/span><br \/>\nUSA<\/p>\n<p style=\"text-align: left;\"><span style=\"color: #808080;\">Sertifikaadid<br \/>\n<\/span>level\u00ae<br \/>\nGREENGUARD<br \/>\nCradle to Cradle<\/p>\n<\/td>\n<td style=\"width: 49.7619%; height: 19.6px;\">&nbsp;<\/p>\n<p>&nbsp;<\/p>\n<p>&nbsp;<\/p>\n<p><span style=\"color: #808080;\">\u00dcldised m\u00f5\u00f5tmed<br \/>\n<\/span>Suurus - 1000 (k\u00f5rgus) x 860 (laius) x 620 mm (s\u00fcgavus)<\/p>\n<p><span style=\"color: #808080;\">Maksimaalne v\u00f5imsus<br \/>\n<\/span>Suurus - 150 kg<\/p>\n<p><span style=\"color: #808080;\">Toote kaal<br \/>\n<\/span>Suurus - 20 kg<\/p>\n<p>&nbsp;<\/td>\n<\/tr>\n<\/tbody>\n<\/table>\n<p>&nbsp;<\/p>","protected":false},"excerpt":{"rendered":"<p>\u2713 Uuendatud \u2013 A-kategooria seisukord<br \/>\n\u2713 Anthracite upholstery \/ Black frame<br \/>\n\u2713 LiveBack tehnoloogia ja 4D k\u00e4etoed<br \/>\n\u2713 5-aastane garantii<br \/>\n\u2713 Kiire tarne<\/p>","protected":false},"featured_media":4135,"template":"","meta":{"_themeisle_gutenberg_block_has_review":false,"iawp_total_views":47},"product_brand":[54],"product_cat":[115,33,25,112,37],"product_tag":[57,58,81,30,88],"class_list":{"0":"post-1928","1":"product","2":"type-product","3":"status-publish","4":"has-post-thumbnail","6":"product_brand-steelcase","7":"product_cat-brands","8":"product_cat-ergonomic-office-chairs","9":"product_cat-office-furniture-1","10":"product_cat-office-furniture","11":"product_cat-steelcase","12":"product_tag-display-model","13":"product_tag-eco-friendly-choice","14":"product_tag-leap-v2","15":"product_tag-refurbished","16":"product_tag-steelcase","17":"product_shipping_class-toolid","19":"first","20":"instock","21":"taxable","22":"shipping-taxable","23":"purchasable","24":"product-type-simple"},"yoast_head":"<!-- This site is optimized with the Yoast SEO plugin v27.6 - https:\/\/yoast.com\/product\/yoast-seo-wordpress\/ -->\n<title>Steelcase Leap V2 Refurbished (Anthracite) | \u20ac875 | KLAP<\/title>\n<meta name=\"description\" content=\"Buy a refurbished Steelcase Leap V2 ergonomic chair in Anthracite for \u20ac875. Professionally restored, LiveBack technology, 4D armrests, adjustable lumbar. Fast delivery across Europe.\" \/>\n<meta name=\"robots\" content=\"index, follow, max-snippet:-1, max-image-preview:large, max-video-preview:-1\" \/>\n<link rel=\"canonical\" href=\"https:\/\/klap.ee\/et\/toode\/steelcase-leap-v2-anthracite-refurbished\/\" \/>\n<meta property=\"og:locale\" content=\"et_EE\" \/>\n<meta property=\"og:type\" content=\"article\" \/>\n<meta property=\"og:title\" content=\"Steelcase Leap V2 Refurbished (Anthracite) | \u20ac875 | KLAP\" \/>\n<meta property=\"og:description\" content=\"Buy a refurbished Steelcase Leap V2 ergonomic chair in Anthracite for \u20ac875. Professionally restored, LiveBack technology, 4D armrests, adjustable lumbar. Fast delivery across Europe.\" \/>\n<meta property=\"og:url\" content=\"https:\/\/klap.ee\/et\/toode\/steelcase-leap-v2-anthracite-refurbished\/\" \/>\n<meta property=\"og:site_name\" content=\"KLAP\" \/>\n<meta property=\"article:modified_time\" content=\"2026-05-02T12:45:31+00:00\" \/>\n<meta property=\"og:image\" content=\"http:\/\/klap.ee\/wp-content\/uploads\/2025\/05\/Untitled-design-3-1024x1024.png\" \/>\n\t<meta property=\"og:image:width\" content=\"1024\" \/>\n\t<meta property=\"og:image:height\" content=\"1024\" \/>\n\t<meta property=\"og:image:type\" content=\"image\/png\" \/>\n<meta name=\"twitter:card\" content=\"summary_large_image\" \/>\n<meta name=\"twitter:label1\" content=\"Est. reading time\" \/>\n\t<meta name=\"twitter:data1\" content=\"2 minutit\" \/>\n<script type=\"application\/ld+json\" class=\"yoast-schema-graph\">{\"@context\":\"https:\\\/\\\/schema.org\",\"@graph\":[{\"@type\":\"WebPage\",\"@id\":\"https:\\\/\\\/klap.ee\\\/product\\\/steelcase-leap-v2-anthracite-refurbished\\\/\",\"url\":\"https:\\\/\\\/klap.ee\\\/product\\\/steelcase-leap-v2-anthracite-refurbished\\\/\",\"name\":\"Steelcase Leap V2 Refurbished (Anthracite) | \u20ac875 | KLAP\",\"isPartOf\":{\"@id\":\"https:\\\/\\\/klap.ee\\\/#website\"},\"primaryImageOfPage\":{\"@id\":\"https:\\\/\\\/klap.ee\\\/product\\\/steelcase-leap-v2-anthracite-refurbished\\\/#primaryimage\"},\"image\":{\"@id\":\"https:\\\/\\\/klap.ee\\\/product\\\/steelcase-leap-v2-anthracite-refurbished\\\/#primaryimage\"},\"thumbnailUrl\":\"https:\\\/\\\/klap.ee\\\/wp-content\\\/uploads\\\/2025\\\/05\\\/Untitled-design-3.png\",\"datePublished\":\"2025-05-19T11:04:37+00:00\",\"dateModified\":\"2026-05-02T12:45:31+00:00\",\"description\":\"Buy a refurbished Steelcase Leap V2 ergonomic chair in Anthracite for \u20ac875. Professionally restored, LiveBack technology, 4D armrests, adjustable lumbar. Fast delivery across Europe.\",\"breadcrumb\":{\"@id\":\"https:\\\/\\\/klap.ee\\\/product\\\/steelcase-leap-v2-anthracite-refurbished\\\/#breadcrumb\"},\"inLanguage\":\"et\",\"potentialAction\":[{\"@type\":\"ReadAction\",\"target\":[\"https:\\\/\\\/klap.ee\\\/product\\\/steelcase-leap-v2-anthracite-refurbished\\\/\"]}]},{\"@type\":\"ImageObject\",\"inLanguage\":\"et\",\"@id\":\"https:\\\/\\\/klap.ee\\\/product\\\/steelcase-leap-v2-anthracite-refurbished\\\/#primaryimage\",\"url\":\"https:\\\/\\\/klap.ee\\\/wp-content\\\/uploads\\\/2025\\\/05\\\/Untitled-design-3.png\",\"contentUrl\":\"https:\\\/\\\/klap.ee\\\/wp-content\\\/uploads\\\/2025\\\/05\\\/Untitled-design-3.png\",\"width\":1600,\"height\":1600},{\"@type\":\"BreadcrumbList\",\"@id\":\"https:\\\/\\\/klap.ee\\\/product\\\/steelcase-leap-v2-anthracite-refurbished\\\/#breadcrumb\",\"itemListElement\":[{\"@type\":\"ListItem\",\"position\":1,\"name\":\"Home\",\"item\":\"https:\\\/\\\/klap.ee\\\/\"},{\"@type\":\"ListItem\",\"position\":2,\"name\":\"Products\",\"item\":\"https:\\\/\\\/klap.ee\\\/ergonomic-office-chairs\\\/\"},{\"@type\":\"ListItem\",\"position\":3,\"name\":\"Steelcase Leap V2 Anthracite (Refurbished)\"}]},{\"@type\":\"WebSite\",\"@id\":\"https:\\\/\\\/klap.ee\\\/#website\",\"url\":\"https:\\\/\\\/klap.ee\\\/\",\"name\":\"KLAP\",\"description\":\"J\u00e4tkusuutliku disainm\u00f6\u00f6bli pood\",\"publisher\":{\"@id\":\"https:\\\/\\\/klap.ee\\\/#organization\"},\"potentialAction\":[{\"@type\":\"SearchAction\",\"target\":{\"@type\":\"EntryPoint\",\"urlTemplate\":\"https:\\\/\\\/klap.ee\\\/?s={search_term_string}\"},\"query-input\":{\"@type\":\"PropertyValueSpecification\",\"valueRequired\":true,\"valueName\":\"search_term_string\"}}],\"inLanguage\":\"et\"},{\"@type\":\"Organization\",\"@id\":\"https:\\\/\\\/klap.ee\\\/#organization\",\"name\":\"KLAP\",\"url\":\"https:\\\/\\\/klap.ee\\\/\",\"logo\":{\"@type\":\"ImageObject\",\"inLanguage\":\"et\",\"@id\":\"https:\\\/\\\/klap.ee\\\/#\\\/schema\\\/logo\\\/image\\\/\",\"url\":\"https:\\\/\\\/klap.ee\\\/wp-content\\\/uploads\\\/2025\\\/03\\\/klap_logo_transparent_410x158.png\",\"contentUrl\":\"https:\\\/\\\/klap.ee\\\/wp-content\\\/uploads\\\/2025\\\/03\\\/klap_logo_transparent_410x158.png\",\"width\":410,\"height\":158,\"caption\":\"KLAP\"},\"image\":{\"@id\":\"https:\\\/\\\/klap.ee\\\/#\\\/schema\\\/logo\\\/image\\\/\"}}]}<\/script>\n<!-- \/ Yoast SEO plugin. -->","yoast_head_json":{"title":"Steelcase Leap V2 Refurbished (Anthracite) | \u20ac875 | KLAP","description":"Buy a refurbished Steelcase Leap V2 ergonomic chair in Anthracite for \u20ac875. Professionally restored, LiveBack technology, 4D armrests, adjustable lumbar. Fast delivery across Europe.","robots":{"index":"index","follow":"follow","max-snippet":"max-snippet:-1","max-image-preview":"max-image-preview:large","max-video-preview":"max-video-preview:-1"},"canonical":"https:\/\/klap.ee\/et\/toode\/steelcase-leap-v2-anthracite-refurbished\/","og_locale":"et_EE","og_type":"article","og_title":"Steelcase Leap V2 Refurbished (Anthracite) | \u20ac875 | KLAP","og_description":"Buy a refurbished Steelcase Leap V2 ergonomic chair in Anthracite for \u20ac875. Professionally restored, LiveBack technology, 4D armrests, adjustable lumbar. Fast delivery across Europe.","og_url":"https:\/\/klap.ee\/et\/toode\/steelcase-leap-v2-anthracite-refurbished\/","og_site_name":"KLAP","article_modified_time":"2026-05-02T12:45:31+00:00","og_image":[{"width":1024,"height":1024,"url":"http:\/\/klap.ee\/wp-content\/uploads\/2025\/05\/Untitled-design-3-1024x1024.png","type":"image\/png"}],"twitter_card":"summary_large_image","twitter_misc":{"Est. reading time":"2 minutit"},"schema":{"@context":"https:\/\/schema.org","@graph":[{"@type":"WebPage","@id":"https:\/\/klap.ee\/product\/steelcase-leap-v2-anthracite-refurbished\/","url":"https:\/\/klap.ee\/product\/steelcase-leap-v2-anthracite-refurbished\/","name":"Steelcase Leap V2 Refurbished (Anthracite) | \u20ac875 | KLAP","isPartOf":{"@id":"https:\/\/klap.ee\/#website"},"primaryImageOfPage":{"@id":"https:\/\/klap.ee\/product\/steelcase-leap-v2-anthracite-refurbished\/#primaryimage"},"image":{"@id":"https:\/\/klap.ee\/product\/steelcase-leap-v2-anthracite-refurbished\/#primaryimage"},"thumbnailUrl":"https:\/\/klap.ee\/wp-content\/uploads\/2025\/05\/Untitled-design-3.png","datePublished":"2025-05-19T11:04:37+00:00","dateModified":"2026-05-02T12:45:31+00:00","description":"Buy a refurbished Steelcase Leap V2 ergonomic chair in Anthracite for \u20ac875. Professionally restored, LiveBack technology, 4D armrests, adjustable lumbar. Fast delivery across Europe.","breadcrumb":{"@id":"https:\/\/klap.ee\/product\/steelcase-leap-v2-anthracite-refurbished\/#breadcrumb"},"inLanguage":"et","potentialAction":[{"@type":"ReadAction","target":["https:\/\/klap.ee\/product\/steelcase-leap-v2-anthracite-refurbished\/"]}]},{"@type":"ImageObject","inLanguage":"et","@id":"https:\/\/klap.ee\/product\/steelcase-leap-v2-anthracite-refurbished\/#primaryimage","url":"https:\/\/klap.ee\/wp-content\/uploads\/2025\/05\/Untitled-design-3.png","contentUrl":"https:\/\/klap.ee\/wp-content\/uploads\/2025\/05\/Untitled-design-3.png","width":1600,"height":1600},{"@type":"BreadcrumbList","@id":"https:\/\/klap.ee\/product\/steelcase-leap-v2-anthracite-refurbished\/#breadcrumb","itemListElement":[{"@type":"ListItem","position":1,"name":"Home","item":"https:\/\/klap.ee\/"},{"@type":"ListItem","position":2,"name":"Products","item":"https:\/\/klap.ee\/ergonomic-office-chairs\/"},{"@type":"ListItem","position":3,"name":"Steelcase Leap V2 Anthracite (Refurbished)"}]},{"@type":"WebSite","@id":"https:\/\/klap.ee\/#website","url":"https:\/\/klap.ee\/","name":"KLAP","description":"J\u00e4tkusuutliku disainm\u00f6\u00f6bli pood","publisher":{"@id":"https:\/\/klap.ee\/#organization"},"potentialAction":[{"@type":"SearchAction","target":{"@type":"EntryPoint","urlTemplate":"https:\/\/klap.ee\/?s={search_term_string}"},"query-input":{"@type":"PropertyValueSpecification","valueRequired":true,"valueName":"search_term_string"}}],"inLanguage":"et"},{"@type":"Organization","@id":"https:\/\/klap.ee\/#organization","name":"KLAP","url":"https:\/\/klap.ee\/","logo":{"@type":"ImageObject","inLanguage":"et","@id":"https:\/\/klap.ee\/#\/schema\/logo\/image\/","url":"https:\/\/klap.ee\/wp-content\/uploads\/2025\/03\/klap_logo_transparent_410x158.png","contentUrl":"https:\/\/klap.ee\/wp-content\/uploads\/2025\/03\/klap_logo_transparent_410x158.png","width":410,"height":158,"caption":"KLAP"},"image":{"@id":"https:\/\/klap.ee\/#\/schema\/logo\/image\/"}}]}},"_links":{"self":[{"href":"https:\/\/klap.ee\/et\/wp-json\/wp\/v2\/product\/1928","targetHints":{"allow":["GET"]}}],"collection":[{"href":"https:\/\/klap.ee\/et\/wp-json\/wp\/v2\/product"}],"about":[{"href":"https:\/\/klap.ee\/et\/wp-json\/wp\/v2\/types\/product"}],"wp:featuredmedia":[{"embeddable":true,"href":"https:\/\/klap.ee\/et\/wp-json\/wp\/v2\/media\/4135"}],"wp:attachment":[{"href":"https:\/\/klap.ee\/et\/wp-json\/wp\/v2\/media?parent=1928"}],"wp:term":[{"taxonomy":"product_brand","embeddable":true,"href":"https:\/\/klap.ee\/et\/wp-json\/wp\/v2\/product_brand?post=1928"},{"taxonomy":"product_cat","embeddable":true,"href":"https:\/\/klap.ee\/et\/wp-json\/wp\/v2\/product_cat?post=1928"},{"taxonomy":"product_tag","embeddable":true,"href":"https:\/\/klap.ee\/et\/wp-json\/wp\/v2\/product_tag?post=1928"}],"curies":[{"name":"wp","href":"https:\/\/api.w.org\/{rel}","templated":true}]}}