{"id":2335,"date":"2025-06-10T11:05:40","date_gmt":"2025-06-10T11:05:40","guid":{"rendered":"https:\/\/klap.ee\/?post_type=product&#038;p=2335"},"modified":"2026-05-02T12:45:31","modified_gmt":"2026-05-02T12:45:31","slug":"herman-miller-verus-triflex-refurbished","status":"publish","type":"product","link":"https:\/\/klap.ee\/et\/toode\/herman-miller-verus-triflex-refurbished\/","title":{"rendered":"Herman Miller Verus TriFlex (uuendatud)"},"content":{"rendered":"<h2><strong>Toote kirjeldus<\/strong><\/h2>\n<p><strong>Renoveeritud Herman Miller Verus \u2013 ergonoomiline mugavus, keskkonnas\u00f5bralik l\u00e4henemine<\/strong><br \/>Renoveeritud Herman Miller Verus kontoritool on loodud pakkuma suurep\u00e4rast ergonoomilist tuge ja mugavust kogu t\u00f6\u00f6p\u00e4evaks. K\u00f5rgust reguleeritav nimmeluutugi tagab korrektse alaselja joondatuse, samal ajal kui puhas ja tagasihoidlik disain peegeldab sama kvaliteeti ja insenertehnilist tipptaset, mis on iseloomulik kogu Herman Milleri tootesarjale.<\/p>\n<p>Renoveeritud Verus Graphite-versioon on t\u00e4ielikult uuendatud: olulised komponendid on asendatud v\u00f5i taastatud, tool l\u00e4bib p\u00f5hjaliku kontrolli ja testimise ning seda puhastatakse professionaalselt. Iga renoveeritud Verus tuleb koos <strong>5 aastase garantiiga,<\/strong>pakkudes kindlustunnet ja usaldusv\u00e4\u00e4rsust koos j\u00e4tkusuutliku valikuga.<\/p>\n<p><strong>Taskukohane ergonoomika iga t\u00f6\u00f6keskkonna jaoks<\/strong><br \/>Verus seab uue standardi taskukohaste, k\u00f5rge sooritusv\u00f5imega kontoritoolide seas. Hoolikalt disainitud ergonoomilise joondatuse toetamiseks, pakub see nii l\u00fchiajalist mugavust kui ka pikaajalisi terviseeeliseid konkurentsiv\u00f5imelise hinnaga. Selle mitmek\u00fclgne disain \u2013 saadaval erinevates v\u00e4rvides ja kangastes ning valikuga Suspension- v\u00f5i TriFlex-seljatugi \u2013 sobitub sujuvalt igasse t\u00f6\u00f6keskkonna stiili.<\/p>\n<h2>\u00dcldteave<\/h2>\n<p>Need kontoritoolid on uuendatud. Meie jaoks t\u00e4hendab 'refurbished' seda, et toolid on hoolikalt kontrollitud, v\u00f5imalik, et need on polsterdatud, varustatud uute ametlike osadega, puhastatud ja poleeritud. \u00dcritame\u00a0saavutada toolide sellise seisukorra, et need n\u00e4eksid v\u00e4lja taas nagu uued.<\/p>\n<ul>\n<li>Uuendatud - Konditsioon: A<\/li>\n<li>Suurus: Universaalne<\/li>\n<li>Seljatoe\u00a0kate: Must<\/li>\n<li>Raami v\u00e4rv: Grafiit<\/li>\n<li>Kallutuse piiraja<\/li>\n<li>Kallutuse lukustus<\/li>\n<li>Tahapoole kallutamine<\/li>\n<li>K\u00e4etugede k\u00f5rguse reguleerimine<\/li>\n<li>Istme k\u00f5rguse reguleerimine<\/li>\n<li>TriFlex seljatugi<\/li>\n<li>Garantii: 5 aastat<\/li>\n<li>Rattad: K\u00f5vale v\u00f5i pehmele p\u00f5rndale<\/li>\n<\/ul>\n<h2 style=\"text-align: left;\">Toote spetsifikatsiionid<\/h2>\n<div class=\"elementor-element elementor-element-4d311189 elementor-widget elementor-widget-text-editor\" data-id=\"4d311189\" data-element_type=\"widget\" data-widget_type=\"text-editor.default\"><\/div>\n<ul>\n<li style=\"list-style-type: none;\">\n<table style=\"width: 649px; height: 558px;\" width=\"100%\">\n<tbody>\n<tr style=\"height: 19.6px;\">\n<td style=\"width: 49.7619%; height: 19.6px;\">\n<p style=\"text-align: left;\"><span style=\"color: #808080;\">Disainer<br \/>\n<\/span>ITO disain<\/p>\n<p style=\"text-align: left;\"><span style=\"color: #808080;\">Disainiaasta<br \/>\n<\/span>2019<\/p>\n<p style=\"text-align: left;\"><span style=\"color: #808080;\">Toodetud<\/span><br \/>\nUSA<\/p>\n<p style=\"text-align: left;\"><span style=\"color: #808080;\">Sertifikaadid<br \/>\n<\/span>level\u00ae<br \/>\nGREENGUARD<br \/>\nCradle to Cradle<\/p>\n<\/td>\n<td style=\"width: 49.7619%; height: 19.6px;\">&nbsp;<\/p>\n<p>&nbsp;<\/p>\n<p>&nbsp;<\/p>\n<p><span style=\"color: #808080;\">\u00dcldised m\u00f5\u00f5tmed<br \/>\n<\/span>Suurus - 1070 (k\u00f5rgus) x 610 (laius) x 530 mm (s\u00fcgavus)<\/p>\n<p><span style=\"color: #808080;\">Maksimaalne v\u00f5imsus<br \/>\n<\/span>Suurus - 159 kg<\/p>\n<p><span style=\"color: #808080;\">Toote kaal<br \/>\n<\/span>Suurus - 15,9 kg<\/p>\n<p>&nbsp;<\/td>\n<\/tr>\n<\/tbody>\n<\/table>\n<p>&nbsp;<\/li>\n<\/ul>","protected":false},"excerpt":{"rendered":"<p>\u2713 Taastatud \u2013 A-kategooria seisukord (nagu uus)<br \/>\n\u2713 S\u00e4\u00e4sta 22% \u2013 TriFlex seljatugi, grafiithall raam<br \/>\n\u2713 Reguleeritav nimmetugi ja k\u00f5rguses reguleeritavad k\u00e4etoed<br \/>\n\u2713 5-aastane garantii<br \/>\n\u2713 Kiire tarne<\/p>","protected":false},"featured_media":3963,"template":"","meta":{"_themeisle_gutenberg_block_has_review":false,"iawp_total_views":15},"product_brand":[31],"product_cat":[115,33,34,112,25],"product_tag":[58,30,84],"class_list":{"0":"post-2335","1":"product","2":"type-product","3":"status-publish","4":"has-post-thumbnail","6":"product_brand-hermanmiller","7":"product_cat-brands","8":"product_cat-ergonomic-office-chairs","9":"product_cat-herman-miller","10":"product_cat-office-furniture","11":"product_cat-office-furniture-1","12":"product_tag-eco-friendly-choice","13":"product_tag-refurbished","14":"product_tag-verus","15":"product_shipping_class-toolid","17":"first","18":"instock","19":"sale","20":"taxable","21":"shipping-taxable","22":"purchasable","23":"product-type-simple"},"yoast_head":"<!-- This site is optimized with the Yoast SEO plugin v27.6 - https:\/\/yoast.com\/product\/yoast-seo-wordpress\/ -->\n<title>Herman Miller Verus TriFlex Refurbished | \u20ac592 | KLAP<\/title>\n<meta name=\"description\" content=\"Buy a refurbished Herman Miller Verus TriFlex for \u20ac592. Save 22%, Condition A, TriFlex backrest, adjustable lumbar, 5-year warranty. Choice of hard or soft castors. Fast delivery.\" \/>\n<meta name=\"robots\" content=\"index, follow, max-snippet:-1, max-image-preview:large, max-video-preview:-1\" \/>\n<link rel=\"canonical\" href=\"https:\/\/klap.ee\/et\/toode\/herman-miller-verus-triflex-refurbished\/\" \/>\n<meta property=\"og:locale\" content=\"et_EE\" \/>\n<meta property=\"og:type\" content=\"article\" \/>\n<meta property=\"og:title\" content=\"Herman Miller Verus TriFlex Refurbished | \u20ac592 | KLAP\" \/>\n<meta property=\"og:description\" content=\"Buy a refurbished Herman Miller Verus TriFlex for \u20ac592. Save 22%, Condition A, TriFlex backrest, adjustable lumbar, 5-year warranty. Choice of hard or soft castors. Fast delivery.\" \/>\n<meta property=\"og:url\" content=\"https:\/\/klap.ee\/et\/toode\/herman-miller-verus-triflex-refurbished\/\" \/>\n<meta property=\"og:site_name\" content=\"KLAP\" \/>\n<meta property=\"article:modified_time\" content=\"2026-05-02T12:45:31+00:00\" \/>\n<meta property=\"og:image\" content=\"http:\/\/klap.ee\/wp-content\/uploads\/2025\/06\/Untitled-1600-x-1600-px-1024x1024.png\" \/>\n\t<meta property=\"og:image:width\" content=\"1024\" \/>\n\t<meta property=\"og:image:height\" content=\"1024\" \/>\n\t<meta property=\"og:image:type\" content=\"image\/png\" \/>\n<meta name=\"twitter:card\" content=\"summary_large_image\" \/>\n<meta name=\"twitter:label1\" content=\"Est. reading time\" \/>\n\t<meta name=\"twitter:data1\" content=\"2 minutit\" \/>\n<script type=\"application\/ld+json\" class=\"yoast-schema-graph\">{\"@context\":\"https:\\\/\\\/schema.org\",\"@graph\":[{\"@type\":\"WebPage\",\"@id\":\"https:\\\/\\\/klap.ee\\\/product\\\/herman-miller-verus-triflex-refurbished\\\/\",\"url\":\"https:\\\/\\\/klap.ee\\\/product\\\/herman-miller-verus-triflex-refurbished\\\/\",\"name\":\"Herman Miller Verus TriFlex Refurbished | \u20ac592 | KLAP\",\"isPartOf\":{\"@id\":\"https:\\\/\\\/klap.ee\\\/#website\"},\"primaryImageOfPage\":{\"@id\":\"https:\\\/\\\/klap.ee\\\/product\\\/herman-miller-verus-triflex-refurbished\\\/#primaryimage\"},\"image\":{\"@id\":\"https:\\\/\\\/klap.ee\\\/product\\\/herman-miller-verus-triflex-refurbished\\\/#primaryimage\"},\"thumbnailUrl\":\"https:\\\/\\\/klap.ee\\\/wp-content\\\/uploads\\\/2025\\\/06\\\/Untitled-1600-x-1600-px.png\",\"datePublished\":\"2025-06-10T11:05:40+00:00\",\"dateModified\":\"2026-05-02T12:45:31+00:00\",\"description\":\"Buy a refurbished Herman Miller Verus TriFlex for \u20ac592. Save 22%, Condition A, TriFlex backrest, adjustable lumbar, 5-year warranty. Choice of hard or soft castors. Fast delivery.\",\"breadcrumb\":{\"@id\":\"https:\\\/\\\/klap.ee\\\/product\\\/herman-miller-verus-triflex-refurbished\\\/#breadcrumb\"},\"inLanguage\":\"et\",\"potentialAction\":[{\"@type\":\"ReadAction\",\"target\":[\"https:\\\/\\\/klap.ee\\\/product\\\/herman-miller-verus-triflex-refurbished\\\/\"]}]},{\"@type\":\"ImageObject\",\"inLanguage\":\"et\",\"@id\":\"https:\\\/\\\/klap.ee\\\/product\\\/herman-miller-verus-triflex-refurbished\\\/#primaryimage\",\"url\":\"https:\\\/\\\/klap.ee\\\/wp-content\\\/uploads\\\/2025\\\/06\\\/Untitled-1600-x-1600-px.png\",\"contentUrl\":\"https:\\\/\\\/klap.ee\\\/wp-content\\\/uploads\\\/2025\\\/06\\\/Untitled-1600-x-1600-px.png\",\"width\":1600,\"height\":1600},{\"@type\":\"BreadcrumbList\",\"@id\":\"https:\\\/\\\/klap.ee\\\/product\\\/herman-miller-verus-triflex-refurbished\\\/#breadcrumb\",\"itemListElement\":[{\"@type\":\"ListItem\",\"position\":1,\"name\":\"Home\",\"item\":\"https:\\\/\\\/klap.ee\\\/\"},{\"@type\":\"ListItem\",\"position\":2,\"name\":\"Products\",\"item\":\"https:\\\/\\\/klap.ee\\\/ergonomic-office-chairs\\\/\"},{\"@type\":\"ListItem\",\"position\":3,\"name\":\"Herman Miller Verus TriFlex (Refurbished)\"}]},{\"@type\":\"WebSite\",\"@id\":\"https:\\\/\\\/klap.ee\\\/#website\",\"url\":\"https:\\\/\\\/klap.ee\\\/\",\"name\":\"KLAP\",\"description\":\"J\u00e4tkusuutliku disainm\u00f6\u00f6bli pood\",\"publisher\":{\"@id\":\"https:\\\/\\\/klap.ee\\\/#organization\"},\"potentialAction\":[{\"@type\":\"SearchAction\",\"target\":{\"@type\":\"EntryPoint\",\"urlTemplate\":\"https:\\\/\\\/klap.ee\\\/?s={search_term_string}\"},\"query-input\":{\"@type\":\"PropertyValueSpecification\",\"valueRequired\":true,\"valueName\":\"search_term_string\"}}],\"inLanguage\":\"et\"},{\"@type\":\"Organization\",\"@id\":\"https:\\\/\\\/klap.ee\\\/#organization\",\"name\":\"KLAP\",\"url\":\"https:\\\/\\\/klap.ee\\\/\",\"logo\":{\"@type\":\"ImageObject\",\"inLanguage\":\"et\",\"@id\":\"https:\\\/\\\/klap.ee\\\/#\\\/schema\\\/logo\\\/image\\\/\",\"url\":\"https:\\\/\\\/klap.ee\\\/wp-content\\\/uploads\\\/2025\\\/03\\\/klap_logo_transparent_410x158.png\",\"contentUrl\":\"https:\\\/\\\/klap.ee\\\/wp-content\\\/uploads\\\/2025\\\/03\\\/klap_logo_transparent_410x158.png\",\"width\":410,\"height\":158,\"caption\":\"KLAP\"},\"image\":{\"@id\":\"https:\\\/\\\/klap.ee\\\/#\\\/schema\\\/logo\\\/image\\\/\"}}]}<\/script>\n<!-- \/ Yoast SEO plugin. -->","yoast_head_json":{"title":"Herman Miller Verus TriFlex Refurbished | \u20ac592 | KLAP","description":"Buy a refurbished Herman Miller Verus TriFlex for \u20ac592. Save 22%, Condition A, TriFlex backrest, adjustable lumbar, 5-year warranty. Choice of hard or soft castors. Fast delivery.","robots":{"index":"index","follow":"follow","max-snippet":"max-snippet:-1","max-image-preview":"max-image-preview:large","max-video-preview":"max-video-preview:-1"},"canonical":"https:\/\/klap.ee\/et\/toode\/herman-miller-verus-triflex-refurbished\/","og_locale":"et_EE","og_type":"article","og_title":"Herman Miller Verus TriFlex Refurbished | \u20ac592 | KLAP","og_description":"Buy a refurbished Herman Miller Verus TriFlex for \u20ac592. Save 22%, Condition A, TriFlex backrest, adjustable lumbar, 5-year warranty. Choice of hard or soft castors. Fast delivery.","og_url":"https:\/\/klap.ee\/et\/toode\/herman-miller-verus-triflex-refurbished\/","og_site_name":"KLAP","article_modified_time":"2026-05-02T12:45:31+00:00","og_image":[{"width":1024,"height":1024,"url":"http:\/\/klap.ee\/wp-content\/uploads\/2025\/06\/Untitled-1600-x-1600-px-1024x1024.png","type":"image\/png"}],"twitter_card":"summary_large_image","twitter_misc":{"Est. reading time":"2 minutit"},"schema":{"@context":"https:\/\/schema.org","@graph":[{"@type":"WebPage","@id":"https:\/\/klap.ee\/product\/herman-miller-verus-triflex-refurbished\/","url":"https:\/\/klap.ee\/product\/herman-miller-verus-triflex-refurbished\/","name":"Herman Miller Verus TriFlex Refurbished | \u20ac592 | KLAP","isPartOf":{"@id":"https:\/\/klap.ee\/#website"},"primaryImageOfPage":{"@id":"https:\/\/klap.ee\/product\/herman-miller-verus-triflex-refurbished\/#primaryimage"},"image":{"@id":"https:\/\/klap.ee\/product\/herman-miller-verus-triflex-refurbished\/#primaryimage"},"thumbnailUrl":"https:\/\/klap.ee\/wp-content\/uploads\/2025\/06\/Untitled-1600-x-1600-px.png","datePublished":"2025-06-10T11:05:40+00:00","dateModified":"2026-05-02T12:45:31+00:00","description":"Buy a refurbished Herman Miller Verus TriFlex for \u20ac592. Save 22%, Condition A, TriFlex backrest, adjustable lumbar, 5-year warranty. Choice of hard or soft castors. Fast delivery.","breadcrumb":{"@id":"https:\/\/klap.ee\/product\/herman-miller-verus-triflex-refurbished\/#breadcrumb"},"inLanguage":"et","potentialAction":[{"@type":"ReadAction","target":["https:\/\/klap.ee\/product\/herman-miller-verus-triflex-refurbished\/"]}]},{"@type":"ImageObject","inLanguage":"et","@id":"https:\/\/klap.ee\/product\/herman-miller-verus-triflex-refurbished\/#primaryimage","url":"https:\/\/klap.ee\/wp-content\/uploads\/2025\/06\/Untitled-1600-x-1600-px.png","contentUrl":"https:\/\/klap.ee\/wp-content\/uploads\/2025\/06\/Untitled-1600-x-1600-px.png","width":1600,"height":1600},{"@type":"BreadcrumbList","@id":"https:\/\/klap.ee\/product\/herman-miller-verus-triflex-refurbished\/#breadcrumb","itemListElement":[{"@type":"ListItem","position":1,"name":"Home","item":"https:\/\/klap.ee\/"},{"@type":"ListItem","position":2,"name":"Products","item":"https:\/\/klap.ee\/ergonomic-office-chairs\/"},{"@type":"ListItem","position":3,"name":"Herman Miller Verus TriFlex (Refurbished)"}]},{"@type":"WebSite","@id":"https:\/\/klap.ee\/#website","url":"https:\/\/klap.ee\/","name":"KLAP","description":"J\u00e4tkusuutliku disainm\u00f6\u00f6bli pood","publisher":{"@id":"https:\/\/klap.ee\/#organization"},"potentialAction":[{"@type":"SearchAction","target":{"@type":"EntryPoint","urlTemplate":"https:\/\/klap.ee\/?s={search_term_string}"},"query-input":{"@type":"PropertyValueSpecification","valueRequired":true,"valueName":"search_term_string"}}],"inLanguage":"et"},{"@type":"Organization","@id":"https:\/\/klap.ee\/#organization","name":"KLAP","url":"https:\/\/klap.ee\/","logo":{"@type":"ImageObject","inLanguage":"et","@id":"https:\/\/klap.ee\/#\/schema\/logo\/image\/","url":"https:\/\/klap.ee\/wp-content\/uploads\/2025\/03\/klap_logo_transparent_410x158.png","contentUrl":"https:\/\/klap.ee\/wp-content\/uploads\/2025\/03\/klap_logo_transparent_410x158.png","width":410,"height":158,"caption":"KLAP"},"image":{"@id":"https:\/\/klap.ee\/#\/schema\/logo\/image\/"}}]}},"_links":{"self":[{"href":"https:\/\/klap.ee\/et\/wp-json\/wp\/v2\/product\/2335","targetHints":{"allow":["GET"]}}],"collection":[{"href":"https:\/\/klap.ee\/et\/wp-json\/wp\/v2\/product"}],"about":[{"href":"https:\/\/klap.ee\/et\/wp-json\/wp\/v2\/types\/product"}],"wp:featuredmedia":[{"embeddable":true,"href":"https:\/\/klap.ee\/et\/wp-json\/wp\/v2\/media\/3963"}],"wp:attachment":[{"href":"https:\/\/klap.ee\/et\/wp-json\/wp\/v2\/media?parent=2335"}],"wp:term":[{"taxonomy":"product_brand","embeddable":true,"href":"https:\/\/klap.ee\/et\/wp-json\/wp\/v2\/product_brand?post=2335"},{"taxonomy":"product_cat","embeddable":true,"href":"https:\/\/klap.ee\/et\/wp-json\/wp\/v2\/product_cat?post=2335"},{"taxonomy":"product_tag","embeddable":true,"href":"https:\/\/klap.ee\/et\/wp-json\/wp\/v2\/product_tag?post=2335"}],"curies":[{"name":"wp","href":"https:\/\/api.w.org\/{rel}","templated":true}]}}