{"id":2391,"date":"2025-07-16T10:37:02","date_gmt":"2025-07-16T10:37:02","guid":{"rendered":"https:\/\/klap.ee\/?post_type=product&#038;p=2391"},"modified":"2026-05-04T11:33:04","modified_gmt":"2026-05-04T11:33:04","slug":"herman-miller-embody-gaming-chair","status":"publish","type":"product","link":"https:\/\/klap.ee\/et\/toode\/herman-miller-embody-gaming-chair\/","title":{"rendered":"Herman Miller Embody m\u00e4ngutool (sertifitseeritud-avatud-karp)"},"content":{"rendered":"<h2><strong>Toote kirjeldus<\/strong><\/h2>\n<p><strong>Pidevaks heaoluks<\/strong><br \/>Rohkem kui 30 biomehaanika, n\u00e4gemise, f\u00fcsioteraapia ja ergonoomika spetsialisti \u2013 arstide ja doktorikraadiga teadlaste \u2013 teadmiste p\u00f5hjal arendatud Embody tool on loodud neile, kes suhtuvad istumisse t\u00f5siselt. Ebamugavust v\u00e4hendades ja pikaajalist tervist toetades pakub see ainulaadset mugavuse ja usaldusv\u00e4\u00e4rse seljatoe kombinatsiooni.<\/p>\n<p>Embody eristub tavap\u00e4rastest kontoritoolidest t\u00e4nu erakordsele mugavusele, p\u00fcsivale seljatoele ja uuenduslikule disainifilosoofiale. Selle ainulaadne Tri-Flex seljatoe s\u00fcsteem kohandub d\u00fcnaamiliselt iga liigutusega, pakkudes sihitud tuge kolmes erinevas tsoonis. Selg \u2013 sealhulgas kriitiline nimmeosa \u2013 p\u00fcsib korrektselt joondatud ning vereringe jalgadesse ja puusadesse s\u00e4ilib ka pikema istumise ajal.<\/p>\n<p><strong>Inimestest l\u00e4htuv inseneeria<\/strong><br \/>Selle ergonoomilise tipptaseme saavutamiseks h\u00f5lmas disainiprotsess tihedat koost\u00f6\u00f6d arstide, f\u00fcsioterapeutide ja biomehaanika ekspertidega. Istme koostises on neli hoolikalt disainitud kihti, mida toetab vedrulaadne struktuur, pakkudes reageerivat mugavust nagu kvaliteetse madratsi puhul. Seljatugi on \u00fcles ehitatud painduvale raamile, mis toimib sarnaselt inimese skeletile \u2013 pakkudes kohanduvat tuge ja pehmendust, mis tundub nii loomulik, et v\u00f5ite unustada, et \u00fcldse istute.<\/p>\n<h2>Peamised omadused:<\/h2>\n<ul>\n<li><strong>Piksliline toetus<\/strong><br \/>Pixelated Support s\u00fcsteem pakub ainulaadset kerge ja tasakaalustatud tunnet. Selle d\u00fcnaamiline piksliv\u00f5rk kohandub pidevalt ka k\u00f5ige v\u00e4iksemate liigutuste j\u00e4rgi, jaotades survet \u00fchtlaselt istme ja seljatoe ulatuses. Koos neljakihilise ja k\u00f5rgelt hingava istmestruktuuriga tagab see erakordse mugavuse kogu p\u00e4eva v\u00e4ltel.<\/li>\n<li><strong>Backfit seljatugi painduva raamiga<\/strong><br \/>Inspireerituna inimese selgroost soodustab mitmetsooniline seljatoe struktuur loomulikku tervislikku kehahoiakut ja t\u00e4iskeha tuge. Backfit-mehhanism joondub vaagnaga ning reageerib sujuvalt liikumisele, soodustades l\u00f5\u00f5gastust ja isegi s\u00fcdame l\u00f6\u00f6gisageduse alandamist. Selle \u00f5huke ja kontuuriga profiil v\u00f5imaldab liikumisvabadust, s\u00e4ilitades samal ajal usaldusv\u00e4\u00e4rse toe.<\/li>\n<li><strong>T\u00e4iendatud istmepadjad<\/strong><br \/>2021. aasta veebruaris kasutusele v\u00f5etud t\u00e4iustatud Scrim Foam padjad suurendavad mugavust ja vastupidavust, tagades pikaajalise ja j\u00e4rjepideva toe.<\/li>\n<li><strong>Hingav pind ja ergonoomiline reguleeritavus<\/strong><br \/>Hingavad istmematerjalid soodustavad vereringet ja aktiivset istumist. Reguleeritavad k\u00e4etoed ja istmes\u00fcgavus v\u00e4hendavad selja ja kaela koormust, samal ajal kui \u00f5huke ja painduv seljatugi parandab kehahoiakut, piirates liikumist minimaalselt.<\/li>\n<li><strong>J\u00e4tkusuutlik ja vastupidav disain<\/strong><br \/>Embody tool ei toeta ainult f\u00fc\u00fcsilist heaolu, vaid aitab luua ka j\u00e4tkusuutliku t\u00f6\u00f6keskkonna. Valmistatud taaskasutatud ja PVC-vabadest materjalidest, \u00fchendab see pikaajalise ergonoomilise sooritusv\u00f5ime keskkonnas\u00f5bralikkusega.<\/li>\n<\/ul>\n<h2>\u00dcldteave<\/h2>\n<p>Meil on suurep\u00e4rane uudis! Kuigi \u00fckski ametlik edasim\u00fc\u00fcja ei ole Herman Miller poolt lubatud m\u00fc\u00fcma m\u00e4nguritoolide mudeleid (kuna Herman Miller m\u00fc\u00fcb neid ise ainult l\u00e4bi oma spetsiaalsete jaotuskanalite), oleme siiski suutnud hankida \u201cCertified Open Box\u201d mudelid. Certified Open Box t\u00e4hendab, et toolid on t\u00e4iesti uued \u2013 need on ainult tooli esitlemiseks lahti pakitud ning seej\u00e4rel uuesti originaalpakendisse tagasi pandud.<\/p>\n<div id=\"tw-container\" class=\"nev7se\" data-cp=\"1\" data-nnttsvi=\"1\" data-ntl-fpwrite=\"true\" data-sletp=\"false\" data-ssbp=\"false\" data-sugg-time=\"500\" data-sugg-url=\"https:\/\/clients1.google.com\/complete\/search\" data-uilc=\"en\" data-vil=\",af,af-ZA,am,am-ET,ar-EG,ar-AE,ar-KW,ar-QA,ar,ar-IL,ar-JO,ar-LB,ar-PS,az,az-AZ,bg,bg-BG,bn,bn-BD,bn-IN,ca,ca-es,cs,cs-CZ,de,de-DE,de-CH,de-AT,de-LI,en,en-US,en-CA,en-AU,en-NZ,en-GB,en-IN,en-KE,en-TZ,en-NG,en-GH,en-PH,en-ZA,es,es-ES,es-AR,es-UY,es-419,es-BO,es-CL,es-CR,es-CO,es-DO,es-EC,es-GT,es-HN,es-NI,es-PA,es-PE,es-PR,es-PY,es-SV,es-VE,es-MX,es-US,eu,eu-ES,fi,fi-FI,fr,fr-FR,fr-CH,fr-BE,gl,gl-ES,gu,gu-IN,he,he-IL,iw,iw-IL,hu,hu-HU,hy,hy-AM,id,id-ID,is,is-IS,it,it-IT,it-CH,ja,ja-JP,jv,jv-ID,ka,ka-GE,km,km-KH,kn,kn-IN,ko,ko-KR,la,lo,lo-LA,lv,lv-LV,ml,ml-IN,mr,mr-IN,ms,ms-MY,nl,nl-NL,nb,nb-NO,ne,ne-NP,pl,pl-PL,pt,pt-BR,pt-PT,ro,ro-RO,ru,ru-RU,si-LK,sk,sk-SK,sr,sr-RS,su,su-ID,sv,sv-SE,sw,sw-TZ,sw-KE,ta,ta-IN,ta-SG,ta-LK,ta-MY,te,te-IN,tr,tr-TR,ur,ur-PK,ur-IN,yue,yue-HK,yue-Hant-HK,zh-HK,zh,zh-CN,zh-cmn,zh-cmn-CN,zh-Hans,zh-Hans-CN,zh-cmn-Hans,zh-cmn-Hans-CN,cmn-CN,cmn-Hans,cmn-Hans-CN,zh-TW,zh-Hant-TW,cmn-TW,cmn-Hant-TW,zh-cmn-TW,zh-cmn-Hant-TW,zu,zu-ZA,hi,hi-IN,tl,tl-PH,pa,pa-IN\">\n<div id=\"tw-ob\" class=\"tw-src-ltr\">\n<div class=\"oSioSc\">\n<div id=\"tw-target\">\n<div id=\"kAz1tf\" class=\"g9WsWb PZPZlf\" data-attrid=\"tw-targetArea\" data-entityname=\"Google Translate\">\n<div id=\"tw-target-rmn-container\" class=\"tw-target-rmn tw-ta-container tw-nfl\" tabindex=\"0\" role=\"text\"><\/div>\n<\/div>\n<\/div>\n<\/div>\n<\/div>\n<\/div>\n<ul>\n<li>Seljatoe v\u00e4rv: erinevad v\u00e4rvid<\/li>\n<li>Raami v\u00e4rv: must\/valge<\/li>\n<li>Materjal: Sync<\/li>\n<li>Garantii: 12 aastat<\/li>\n<li>Rattad: universaalsed rattad (vaip\/k\u00f5va p\u00f5rand)<\/li>\n<li>Kasutusotstarve: m\u00e4ngimine, kontor, sagedane istumine<\/li>\n<li>Istme s\u00fcgavus: reguleeritav<\/li>\n<li>K\u00e4etoed: t\u00e4ielikult reguleeritavad<\/li>\n<li>Kallutuspiiraja: standardne<\/li>\n<li>Materjal: kuni 96% taaskasutatav<\/li>\n<li>Maksimaalne kandev\u00f5ime: 136kg<\/li>\n<\/ul>\n<h2>Toote spetsifikatsiionid<\/h2>\n<div class=\"elementor-element elementor-element-7a1db292 elementor-widget elementor-widget-heading\" data-id=\"7a1db292\" data-element_type=\"widget\" data-widget_type=\"heading.default\">\n<div class=\"elementor-widget-container\">\n<div class=\"elementor-widget-container\"><\/div>\n<div>\n<table style=\"width: 649px; height: 558px;\" width=\"100%\">\n<tbody>\n<tr style=\"height: 19.6px;\">\n<td style=\"width: 49.7619%; height: 19.6px;\">&nbsp;<\/p>\n<p style=\"text-align: left;\"><span style=\"color: #808080;\">Disainer<br \/>\n<\/span>Don Chadwick ja Bill Stumpf<\/p>\n<p style=\"text-align: left;\"><span style=\"color: #808080;\">Disainiaasta<br \/>\n<\/span>2009<\/p>\n<p style=\"text-align: left;\"><span style=\"color: #808080;\">Toodetud<\/span><br \/>\nUSA<\/p>\n<p style=\"text-align: left;\"><span style=\"color: #808080;\">Sertifikaadid<br \/>\n<\/span>Taaskasutatavus Kuni 95%<br \/>\nBIFMA tase\u00ae 3<br \/>\nGREENGUARD\u00ae Gold<br \/>\nCradle to Cradle\u00ae<\/p>\n<\/td>\n<td style=\"width: 49.7619%; height: 19.6px;\">&nbsp;<\/p>\n<p><span style=\"color: #808080;\">\u00dcldised m\u00f5\u00f5tmed<br \/>\n<\/span>Suurus - 1067-1143 (k\u00f5rgus) x 749 (laius) x 381-457 mm (s\u00fcgavus)<span style=\"color: #808080;\"><br \/>\n<\/span><\/p>\n<p>&nbsp;<\/p>\n<p><span style=\"color: #808080;\">Maksimaalne v\u00f5imsus<br \/>\n<\/span>136 kg<\/p>\n<p><span style=\"color: #808080; font-family: inherit; font-size: inherit;\"><br \/>\nToote kaal<br \/>\n<\/span>23,2<\/p>\n<p>&nbsp;<\/td>\n<\/tr>\n<\/tbody>\n<\/table>\n<\/div>\n<\/div>\n<\/div>","protected":false},"excerpt":{"rendered":"<p>\u2713 Certified Open Box \u2013 t\u00e4iesti uus, ainult lahti pakitud tooli esitlemiseks<br \/>\n\u2713 Pixelated Support ja BackFit reguleerimine<br \/>\n\u2713 4 v\u00e4rvi: Cyan, must, Galaxy, Amethyst<br \/>\n\u2713 12-aastane garantii<br \/>\n\u2713 V\u00e4ljastus samal p\u00e4eval<\/p>","protected":false},"featured_media":5074,"template":"","meta":{"_themeisle_gutenberg_block_has_review":false,"iawp_total_views":133},"product_brand":[31],"product_cat":[115,33,34,120,112,25],"product_tag":[86,73,85],"class_list":{"0":"post-2391","1":"product","2":"type-product","3":"status-publish","4":"has-post-thumbnail","6":"product_brand-hermanmiller","7":"product_cat-brands","8":"product_cat-ergonomic-office-chairs","9":"product_cat-herman-miller","10":"product_cat-new","11":"product_cat-office-furniture","12":"product_cat-office-furniture-1","13":"product_tag-gaming-embody","14":"product_tag-herman-miller","15":"product_tag-unboxed","16":"product_shipping_class-toolid","18":"first","19":"instock","20":"sale","21":"taxable","22":"shipping-taxable","23":"purchasable","24":"product-type-variable","25":"has-default-attributes"},"yoast_head":"<!-- This site is optimized with the Yoast SEO plugin v27.6 - https:\/\/yoast.com\/product\/yoast-seo-wordpress\/ -->\n<title>Herman Miller Embody Gaming Chair (Certified-Open-Box) | From \u20ac1,949 | KLAP<\/title>\n<meta name=\"description\" content=\"Buy the Herman Miller Embody Gaming Chair certified-open-box \u2014 brand new, only unboxed. 12-year warranty, 4 colour options, fast delivery across Estonia. From \u20ac1,949.\" \/>\n<meta name=\"robots\" content=\"index, follow, max-snippet:-1, max-image-preview:large, max-video-preview:-1\" \/>\n<link rel=\"canonical\" href=\"https:\/\/klap.ee\/et\/toode\/herman-miller-embody-gaming-chair\/\" \/>\n<meta property=\"og:locale\" content=\"et_EE\" \/>\n<meta property=\"og:type\" content=\"article\" \/>\n<meta property=\"og:title\" content=\"Herman Miller Embody Gaming Chair (Certified-Open-Box) | From \u20ac1,949 | KLAP\" \/>\n<meta property=\"og:description\" content=\"Buy the Herman Miller Embody Gaming Chair certified-open-box \u2014 brand new, only unboxed. 12-year warranty, 4 colour options, fast delivery across Estonia. From \u20ac1,949.\" \/>\n<meta property=\"og:url\" content=\"https:\/\/klap.ee\/et\/toode\/herman-miller-embody-gaming-chair\/\" \/>\n<meta property=\"og:site_name\" content=\"KLAP\" \/>\n<meta property=\"article:modified_time\" content=\"2026-05-04T11:33:04+00:00\" \/>\n<meta property=\"og:image\" content=\"https:\/\/klap.ee\/wp-content\/uploads\/2025\/07\/Untitled-design-4-1024x1024.png\" \/>\n\t<meta property=\"og:image:width\" content=\"1024\" \/>\n\t<meta property=\"og:image:height\" content=\"1024\" \/>\n\t<meta property=\"og:image:type\" content=\"image\/png\" \/>\n<meta name=\"twitter:card\" content=\"summary_large_image\" \/>\n<meta name=\"twitter:label1\" content=\"Est. reading time\" \/>\n\t<meta name=\"twitter:data1\" content=\"3 minutit\" \/>\n<script type=\"application\/ld+json\" class=\"yoast-schema-graph\">{\"@context\":\"https:\\\/\\\/schema.org\",\"@graph\":[{\"@type\":\"WebPage\",\"@id\":\"https:\\\/\\\/klap.ee\\\/product\\\/herman-miller-embody-gaming-chair\\\/\",\"url\":\"https:\\\/\\\/klap.ee\\\/product\\\/herman-miller-embody-gaming-chair\\\/\",\"name\":\"Herman Miller Embody Gaming Chair (Certified-Open-Box) | From \u20ac1,949 | KLAP\",\"isPartOf\":{\"@id\":\"https:\\\/\\\/klap.ee\\\/#website\"},\"primaryImageOfPage\":{\"@id\":\"https:\\\/\\\/klap.ee\\\/product\\\/herman-miller-embody-gaming-chair\\\/#primaryimage\"},\"image\":{\"@id\":\"https:\\\/\\\/klap.ee\\\/product\\\/herman-miller-embody-gaming-chair\\\/#primaryimage\"},\"thumbnailUrl\":\"https:\\\/\\\/klap.ee\\\/wp-content\\\/uploads\\\/2025\\\/07\\\/Untitled-design-4.png\",\"datePublished\":\"2025-07-16T10:37:02+00:00\",\"dateModified\":\"2026-05-04T11:33:04+00:00\",\"description\":\"Buy the Herman Miller Embody Gaming Chair certified-open-box \u2014 brand new, only unboxed. 12-year warranty, 4 colour options, fast delivery across Estonia. From \u20ac1,949.\",\"breadcrumb\":{\"@id\":\"https:\\\/\\\/klap.ee\\\/product\\\/herman-miller-embody-gaming-chair\\\/#breadcrumb\"},\"inLanguage\":\"et\",\"potentialAction\":[{\"@type\":\"ReadAction\",\"target\":[\"https:\\\/\\\/klap.ee\\\/product\\\/herman-miller-embody-gaming-chair\\\/\"]}]},{\"@type\":\"ImageObject\",\"inLanguage\":\"et\",\"@id\":\"https:\\\/\\\/klap.ee\\\/product\\\/herman-miller-embody-gaming-chair\\\/#primaryimage\",\"url\":\"https:\\\/\\\/klap.ee\\\/wp-content\\\/uploads\\\/2025\\\/07\\\/Untitled-design-4.png\",\"contentUrl\":\"https:\\\/\\\/klap.ee\\\/wp-content\\\/uploads\\\/2025\\\/07\\\/Untitled-design-4.png\",\"width\":1600,\"height\":1600},{\"@type\":\"BreadcrumbList\",\"@id\":\"https:\\\/\\\/klap.ee\\\/product\\\/herman-miller-embody-gaming-chair\\\/#breadcrumb\",\"itemListElement\":[{\"@type\":\"ListItem\",\"position\":1,\"name\":\"Home\",\"item\":\"https:\\\/\\\/klap.ee\\\/\"},{\"@type\":\"ListItem\",\"position\":2,\"name\":\"Products\",\"item\":\"https:\\\/\\\/klap.ee\\\/ergonomic-office-chairs\\\/\"},{\"@type\":\"ListItem\",\"position\":3,\"name\":\"Herman Miller Embody Gaming Chair (certified-open-box)\"}]},{\"@type\":\"WebSite\",\"@id\":\"https:\\\/\\\/klap.ee\\\/#website\",\"url\":\"https:\\\/\\\/klap.ee\\\/\",\"name\":\"KLAP\",\"description\":\"J\u00e4tkusuutliku disainm\u00f6\u00f6bli pood\",\"publisher\":{\"@id\":\"https:\\\/\\\/klap.ee\\\/#organization\"},\"potentialAction\":[{\"@type\":\"SearchAction\",\"target\":{\"@type\":\"EntryPoint\",\"urlTemplate\":\"https:\\\/\\\/klap.ee\\\/?s={search_term_string}\"},\"query-input\":{\"@type\":\"PropertyValueSpecification\",\"valueRequired\":true,\"valueName\":\"search_term_string\"}}],\"inLanguage\":\"et\"},{\"@type\":\"Organization\",\"@id\":\"https:\\\/\\\/klap.ee\\\/#organization\",\"name\":\"KLAP\",\"url\":\"https:\\\/\\\/klap.ee\\\/\",\"logo\":{\"@type\":\"ImageObject\",\"inLanguage\":\"et\",\"@id\":\"https:\\\/\\\/klap.ee\\\/#\\\/schema\\\/logo\\\/image\\\/\",\"url\":\"https:\\\/\\\/klap.ee\\\/wp-content\\\/uploads\\\/2025\\\/03\\\/klap_logo_transparent_410x158.png\",\"contentUrl\":\"https:\\\/\\\/klap.ee\\\/wp-content\\\/uploads\\\/2025\\\/03\\\/klap_logo_transparent_410x158.png\",\"width\":410,\"height\":158,\"caption\":\"KLAP\"},\"image\":{\"@id\":\"https:\\\/\\\/klap.ee\\\/#\\\/schema\\\/logo\\\/image\\\/\"}}]}<\/script>\n<!-- \/ Yoast SEO plugin. -->","yoast_head_json":{"title":"Herman Miller Embody Gaming Chair (Certified-Open-Box) | From \u20ac1,949 | KLAP","description":"Buy the Herman Miller Embody Gaming Chair certified-open-box \u2014 brand new, only unboxed. 12-year warranty, 4 colour options, fast delivery across Estonia. From \u20ac1,949.","robots":{"index":"index","follow":"follow","max-snippet":"max-snippet:-1","max-image-preview":"max-image-preview:large","max-video-preview":"max-video-preview:-1"},"canonical":"https:\/\/klap.ee\/et\/toode\/herman-miller-embody-gaming-chair\/","og_locale":"et_EE","og_type":"article","og_title":"Herman Miller Embody Gaming Chair (Certified-Open-Box) | From \u20ac1,949 | KLAP","og_description":"Buy the Herman Miller Embody Gaming Chair certified-open-box \u2014 brand new, only unboxed. 12-year warranty, 4 colour options, fast delivery across Estonia. From \u20ac1,949.","og_url":"https:\/\/klap.ee\/et\/toode\/herman-miller-embody-gaming-chair\/","og_site_name":"KLAP","article_modified_time":"2026-05-04T11:33:04+00:00","og_image":[{"width":1024,"height":1024,"url":"https:\/\/klap.ee\/wp-content\/uploads\/2025\/07\/Untitled-design-4-1024x1024.png","type":"image\/png"}],"twitter_card":"summary_large_image","twitter_misc":{"Est. reading time":"3 minutit"},"schema":{"@context":"https:\/\/schema.org","@graph":[{"@type":"WebPage","@id":"https:\/\/klap.ee\/product\/herman-miller-embody-gaming-chair\/","url":"https:\/\/klap.ee\/product\/herman-miller-embody-gaming-chair\/","name":"Herman Miller Embody Gaming Chair (Certified-Open-Box) | From \u20ac1,949 | KLAP","isPartOf":{"@id":"https:\/\/klap.ee\/#website"},"primaryImageOfPage":{"@id":"https:\/\/klap.ee\/product\/herman-miller-embody-gaming-chair\/#primaryimage"},"image":{"@id":"https:\/\/klap.ee\/product\/herman-miller-embody-gaming-chair\/#primaryimage"},"thumbnailUrl":"https:\/\/klap.ee\/wp-content\/uploads\/2025\/07\/Untitled-design-4.png","datePublished":"2025-07-16T10:37:02+00:00","dateModified":"2026-05-04T11:33:04+00:00","description":"Buy the Herman Miller Embody Gaming Chair certified-open-box \u2014 brand new, only unboxed. 12-year warranty, 4 colour options, fast delivery across Estonia. From \u20ac1,949.","breadcrumb":{"@id":"https:\/\/klap.ee\/product\/herman-miller-embody-gaming-chair\/#breadcrumb"},"inLanguage":"et","potentialAction":[{"@type":"ReadAction","target":["https:\/\/klap.ee\/product\/herman-miller-embody-gaming-chair\/"]}]},{"@type":"ImageObject","inLanguage":"et","@id":"https:\/\/klap.ee\/product\/herman-miller-embody-gaming-chair\/#primaryimage","url":"https:\/\/klap.ee\/wp-content\/uploads\/2025\/07\/Untitled-design-4.png","contentUrl":"https:\/\/klap.ee\/wp-content\/uploads\/2025\/07\/Untitled-design-4.png","width":1600,"height":1600},{"@type":"BreadcrumbList","@id":"https:\/\/klap.ee\/product\/herman-miller-embody-gaming-chair\/#breadcrumb","itemListElement":[{"@type":"ListItem","position":1,"name":"Home","item":"https:\/\/klap.ee\/"},{"@type":"ListItem","position":2,"name":"Products","item":"https:\/\/klap.ee\/ergonomic-office-chairs\/"},{"@type":"ListItem","position":3,"name":"Herman Miller Embody Gaming Chair (certified-open-box)"}]},{"@type":"WebSite","@id":"https:\/\/klap.ee\/#website","url":"https:\/\/klap.ee\/","name":"KLAP","description":"J\u00e4tkusuutliku disainm\u00f6\u00f6bli pood","publisher":{"@id":"https:\/\/klap.ee\/#organization"},"potentialAction":[{"@type":"SearchAction","target":{"@type":"EntryPoint","urlTemplate":"https:\/\/klap.ee\/?s={search_term_string}"},"query-input":{"@type":"PropertyValueSpecification","valueRequired":true,"valueName":"search_term_string"}}],"inLanguage":"et"},{"@type":"Organization","@id":"https:\/\/klap.ee\/#organization","name":"KLAP","url":"https:\/\/klap.ee\/","logo":{"@type":"ImageObject","inLanguage":"et","@id":"https:\/\/klap.ee\/#\/schema\/logo\/image\/","url":"https:\/\/klap.ee\/wp-content\/uploads\/2025\/03\/klap_logo_transparent_410x158.png","contentUrl":"https:\/\/klap.ee\/wp-content\/uploads\/2025\/03\/klap_logo_transparent_410x158.png","width":410,"height":158,"caption":"KLAP"},"image":{"@id":"https:\/\/klap.ee\/#\/schema\/logo\/image\/"}}]}},"_links":{"self":[{"href":"https:\/\/klap.ee\/et\/wp-json\/wp\/v2\/product\/2391","targetHints":{"allow":["GET"]}}],"collection":[{"href":"https:\/\/klap.ee\/et\/wp-json\/wp\/v2\/product"}],"about":[{"href":"https:\/\/klap.ee\/et\/wp-json\/wp\/v2\/types\/product"}],"wp:featuredmedia":[{"embeddable":true,"href":"https:\/\/klap.ee\/et\/wp-json\/wp\/v2\/media\/5074"}],"wp:attachment":[{"href":"https:\/\/klap.ee\/et\/wp-json\/wp\/v2\/media?parent=2391"}],"wp:term":[{"taxonomy":"product_brand","embeddable":true,"href":"https:\/\/klap.ee\/et\/wp-json\/wp\/v2\/product_brand?post=2391"},{"taxonomy":"product_cat","embeddable":true,"href":"https:\/\/klap.ee\/et\/wp-json\/wp\/v2\/product_cat?post=2391"},{"taxonomy":"product_tag","embeddable":true,"href":"https:\/\/klap.ee\/et\/wp-json\/wp\/v2\/product_tag?post=2391"}],"curies":[{"name":"wp","href":"https:\/\/api.w.org\/{rel}","templated":true}]}}