{"id":2751,"date":"2025-08-13T13:16:50","date_gmt":"2025-08-13T13:16:50","guid":{"rendered":"https:\/\/klap.ee\/?post_type=product&#038;p=2751"},"modified":"2026-05-04T11:33:03","modified_gmt":"2026-05-04T11:33:03","slug":"herman-miller-embody-white","status":"publish","type":"product","link":"https:\/\/klap.ee\/et\/toode\/herman-miller-embody-white\/","title":{"rendered":"Herman Miller Embody valge"},"content":{"rendered":"<h2><strong>Toote kirjeldus<\/strong><\/h2>\n<p><strong>Pidevaks heaoluks<\/strong><br \/>Rohkem kui 30 biomehaanika, n\u00e4gemise, f\u00fcsioteraapia ja ergonoomika spetsialisti \u2013 arstide ja doktorikraadiga teadlaste \u2013 teadmiste p\u00f5hjal arendatud Embody tool on loodud neile, kes suhtuvad istumisse t\u00f5siselt. Ebamugavust v\u00e4hendades ja pikaajalist tervist toetades pakub see ainulaadset mugavuse ja usaldusv\u00e4\u00e4rse seljatoe kombinatsiooni.<\/p>\n<p>Embody eristub tavap\u00e4rastest kontoritoolidest t\u00e4nu erakordsele mugavusele, p\u00fcsivale seljatoele ja uuenduslikule disainifilosoofiale. Selle ainulaadne Tri-Flex seljatoe s\u00fcsteem kohandub d\u00fcnaamiliselt iga liigutusega, pakkudes sihitud tuge kolmes erinevas tsoonis. Selg \u2013 sealhulgas kriitiline nimmeosa \u2013 p\u00fcsib korrektselt joondatud ning vereringe jalgadesse ja puusadesse s\u00e4ilib ka pikema istumise ajal.<\/p>\n<p><strong>Inimestest l\u00e4htuv inseneeria<br \/>\n<\/strong>Selle ergonoomilise tipptaseme saavutamiseks h\u00f5lmas disainiprotsess tihedat koost\u00f6\u00f6d arstide, f\u00fcsioterapeutide ja biomehaanika ekspertidega. Istme koostises on neli hoolikalt disainitud kihti, mida toetab vedrulaadne struktuur, pakkudes reageerivat mugavust nagu kvaliteetse madratsi puhul. Seljatugi on \u00fcles ehitatud painduvale raamile, mis toimib sarnaselt inimese skeletile \u2013 pakkudes kohanduvat tuge ja pehmendust, mis tundub nii loomulik, et v\u00f5ite unustada, et \u00fcldse istute.<\/p>\n<h2>Peamised omadused:<\/h2>\n<ul>\n<li><strong>Piksliline toetus<\/strong><br \/>Pixelated Support s\u00fcsteem pakub ainulaadset kerge ja tasakaalustatud tunnet. Selle d\u00fcnaamiline piksliv\u00f5rk kohandub pidevalt ka k\u00f5ige v\u00e4iksemate liigutuste j\u00e4rgi, jaotades survet \u00fchtlaselt istme ja seljatoe ulatuses. Koos neljakihilise ja k\u00f5rgelt hingava istmestruktuuriga tagab see erakordse mugavuse kogu p\u00e4eva v\u00e4ltel.<\/li>\n<li><strong>Backfit seljatugi painduva raamiga<\/strong><br \/>Inspireerituna inimese selgroost soodustab mitmetsooniline seljatoe struktuur loomulikku tervislikku kehahoiakut ja t\u00e4iskeha tuge. Backfit-mehhanism joondub vaagnaga ning reageerib sujuvalt liikumisele, soodustades l\u00f5\u00f5gastust ja isegi s\u00fcdame l\u00f6\u00f6gisageduse alandamist. Selle \u00f5huke ja kontuuriga profiil v\u00f5imaldab liikumisvabadust, s\u00e4ilitades samal ajal usaldusv\u00e4\u00e4rse toe.<\/li>\n<li><strong>T\u00e4iendatud istmepadjad<\/strong><br \/>2021. aasta veebruaris kasutusele v\u00f5etud t\u00e4iustatud Scrim Foam padjad suurendavad mugavust ja vastupidavust, tagades pikaajalise ja j\u00e4rjepideva toe.<\/li>\n<li><strong>Hingav pind ja ergonoomiline reguleeritavus<\/strong><br \/>Hingavad istmematerjalid soodustavad vereringet ja aktiivset istumist. Reguleeritavad k\u00e4etoed ja istmes\u00fcgavus v\u00e4hendavad selja ja kaela koormust, samal ajal kui \u00f5huke ja painduv seljatugi parandab kehahoiakut, piirates liikumist minimaalselt.<\/li>\n<li><strong>J\u00e4tkusuutlik ja vastupidav disain<\/strong><br \/>Embody tool ei toeta ainult f\u00fc\u00fcsilist heaolu, vaid aitab luua ka j\u00e4tkusuutliku t\u00f6\u00f6keskkonna. Valmistatud taaskasutatud ja PVC-vabadest materjalidest, \u00fchendab see pikaajalise ergonoomilise sooritusv\u00f5ime keskkonnas\u00f5bralikkusega.<\/li>\n<\/ul>\n<p>&nbsp;<\/p>\n<h2>\u00dcldteave<\/h2>\n<p>Need toolid on uued.<\/p>\n<ul>\n<li>Seljatoe v\u00e4rvus: mitmesugused<\/li>\n<li>Raami v\u00e4rvus: valge<\/li>\n<li>Garantii: 12 aastat<\/li>\n<li>Rattad: universaalsed rattad (vaip\/k\u00f5va p\u00f5rand)<\/li>\n<li>Kasutusotstarve: m\u00e4ngimine, kontorit\u00f6\u00f6, sagedane istumine<\/li>\n<li>Istme s\u00fcgavus: reguleeritav<\/li>\n<li>K\u00e4etoed: t\u00e4ielikult reguleeritavad<\/li>\n<li>Kallutuspiiraja: standardne<\/li>\n<li>Materjal: kuni 96% taaskasutatav<\/li>\n<li>Maksimaalne kandev\u00f5ime: 136kg<\/li>\n<\/ul>\n<h2>Toote spetsifikatsiionid<\/h2>\n<div class=\"elementor-element elementor-element-7a1db292 elementor-widget elementor-widget-heading\" data-id=\"7a1db292\" data-element_type=\"widget\" data-widget_type=\"heading.default\">\n<div class=\"elementor-widget-container\">\n<div class=\"elementor-widget-container\"><\/div>\n<div>\n<table style=\"width: 649px; height: 558px;\" width=\"100%\">\n<tbody>\n<tr style=\"height: 19.6px;\">\n<td style=\"width: 49.7619%; height: 19.6px;\">&nbsp;<\/p>\n<p style=\"text-align: left;\"><span style=\"color: #808080;\">Disainer<br \/>\n<\/span>Don Chadwick ja Bill Stumpf<\/p>\n<p style=\"text-align: left;\"><span style=\"color: #808080;\">Disainiaasta<br \/>\n<\/span>2009<\/p>\n<p style=\"text-align: left;\"><span style=\"color: #808080;\">Toodetud<\/span><br \/>\nUSA<\/p>\n<p style=\"text-align: left;\"><span style=\"color: #808080;\">Sertifikaadid<br \/>\n<\/span>Taaskasutatavus Kuni 95%<br \/>\nBIFMA tase\u00ae 3<br \/>\nGREENGUARD\u00ae Gold<br \/>\nCradle to Cradle\u00ae<\/p>\n<\/td>\n<td style=\"width: 49.7619%; height: 19.6px;\">&nbsp;<\/p>\n<p><span style=\"color: #808080;\">\u00dcldised m\u00f5\u00f5tmed<br \/>\n<\/span>Suurus - 1067-1143 (k\u00f5rgus) x 749 (laius) x 381-457 mm (s\u00fcgavus)<span style=\"color: #808080;\"><br \/>\n<\/span><\/p>\n<p>&nbsp;<\/p>\n<p><span style=\"color: #808080;\">Maksimaalne v\u00f5imsus<br \/>\n<\/span>136 kg<\/p>\n<p><span style=\"color: #808080; font-family: inherit; font-size: inherit;\"><br \/>\nToote kaal<br \/>\n<\/span>23,2<\/p>\n<p>&nbsp;<\/td>\n<\/tr>\n<\/tbody>\n<\/table>\n<\/div>\n<\/div>\n<\/div>","protected":false},"excerpt":{"rendered":"<p>\u2713 T\u00e4iesti uus \u2013 valge raam, 10 v\u00e4rvivalikut<br \/>\n\u2713 Pixelated Support ja BackFit reguleerimine<br \/>\n\u2713 Titan v\u00f5i alumiiniumist alus<br \/>\n\u2713 12-aastane garantii, kuni 96% ulatuses taaskasutatav<br \/>\n\u2713 Kiire tarne<\/p>","protected":false},"featured_media":4171,"template":"","meta":{"_themeisle_gutenberg_block_has_review":false,"iawp_total_views":20},"product_brand":[31],"product_cat":[115,33,34,120,112,25],"product_tag":[74,73,76],"class_list":{"0":"post-2751","1":"product","2":"type-product","3":"status-publish","4":"has-post-thumbnail","6":"product_brand-hermanmiller","7":"product_cat-brands","8":"product_cat-ergonomic-office-chairs","9":"product_cat-herman-miller","10":"product_cat-new","11":"product_cat-office-furniture","12":"product_cat-office-furniture-1","13":"product_tag-embody","14":"product_tag-herman-miller","15":"product_tag-new","16":"product_shipping_class-toolid","18":"first","19":"instock","20":"sale","21":"taxable","22":"shipping-taxable","23":"purchasable","24":"product-type-variable"},"yoast_head":"<!-- This site is optimized with the Yoast SEO plugin v27.6 - https:\/\/yoast.com\/product\/yoast-seo-wordpress\/ -->\n<title>Herman Miller Embody White (New) | From \u20ac1,743 | 10 Colours | KLAP<\/title>\n<meta name=\"description\" content=\"Buy the Herman Miller Embody with White frame from \u20ac1,743. Brand new, 10 colour options, Pixelated Support, BackFit adjustment, Titan or Aluminium base, 12-year warranty. Fast delivery.\" \/>\n<meta name=\"robots\" content=\"index, follow, max-snippet:-1, max-image-preview:large, max-video-preview:-1\" \/>\n<link rel=\"canonical\" href=\"https:\/\/klap.ee\/et\/toode\/herman-miller-embody-white\/\" \/>\n<meta property=\"og:locale\" content=\"et_EE\" \/>\n<meta property=\"og:type\" content=\"article\" \/>\n<meta property=\"og:title\" content=\"Herman Miller Embody White (New) | From \u20ac1,743 | 10 Colours | KLAP\" \/>\n<meta property=\"og:description\" content=\"Buy the Herman Miller Embody with White frame from \u20ac1,743. Brand new, 10 colour options, Pixelated Support, BackFit adjustment, Titan or Aluminium base, 12-year warranty. Fast delivery.\" \/>\n<meta property=\"og:url\" content=\"https:\/\/klap.ee\/et\/toode\/herman-miller-embody-white\/\" \/>\n<meta property=\"og:site_name\" content=\"KLAP\" \/>\n<meta property=\"article:modified_time\" content=\"2026-05-04T11:33:03+00:00\" \/>\n<meta property=\"og:image\" content=\"https:\/\/klap.ee\/wp-content\/uploads\/2025\/08\/Untitled-design-9-1024x1024.png\" \/>\n\t<meta property=\"og:image:width\" content=\"1024\" \/>\n\t<meta property=\"og:image:height\" content=\"1024\" \/>\n\t<meta property=\"og:image:type\" content=\"image\/png\" \/>\n<meta name=\"twitter:card\" content=\"summary_large_image\" \/>\n<meta name=\"twitter:label1\" content=\"Est. reading time\" \/>\n\t<meta name=\"twitter:data1\" content=\"3 minutit\" \/>\n<script type=\"application\/ld+json\" class=\"yoast-schema-graph\">{\"@context\":\"https:\\\/\\\/schema.org\",\"@graph\":[{\"@type\":\"WebPage\",\"@id\":\"https:\\\/\\\/klap.ee\\\/product\\\/herman-miller-embody-white\\\/\",\"url\":\"https:\\\/\\\/klap.ee\\\/product\\\/herman-miller-embody-white\\\/\",\"name\":\"Herman Miller Embody White (New) | From \u20ac1,743 | 10 Colours | KLAP\",\"isPartOf\":{\"@id\":\"https:\\\/\\\/klap.ee\\\/#website\"},\"primaryImageOfPage\":{\"@id\":\"https:\\\/\\\/klap.ee\\\/product\\\/herman-miller-embody-white\\\/#primaryimage\"},\"image\":{\"@id\":\"https:\\\/\\\/klap.ee\\\/product\\\/herman-miller-embody-white\\\/#primaryimage\"},\"thumbnailUrl\":\"https:\\\/\\\/klap.ee\\\/wp-content\\\/uploads\\\/2025\\\/08\\\/Untitled-design-9.png\",\"datePublished\":\"2025-08-13T13:16:50+00:00\",\"dateModified\":\"2026-05-04T11:33:03+00:00\",\"description\":\"Buy the Herman Miller Embody with White frame from \u20ac1,743. Brand new, 10 colour options, Pixelated Support, BackFit adjustment, Titan or Aluminium base, 12-year warranty. Fast delivery.\",\"breadcrumb\":{\"@id\":\"https:\\\/\\\/klap.ee\\\/product\\\/herman-miller-embody-white\\\/#breadcrumb\"},\"inLanguage\":\"et\",\"potentialAction\":[{\"@type\":\"ReadAction\",\"target\":[\"https:\\\/\\\/klap.ee\\\/product\\\/herman-miller-embody-white\\\/\"]}]},{\"@type\":\"ImageObject\",\"inLanguage\":\"et\",\"@id\":\"https:\\\/\\\/klap.ee\\\/product\\\/herman-miller-embody-white\\\/#primaryimage\",\"url\":\"https:\\\/\\\/klap.ee\\\/wp-content\\\/uploads\\\/2025\\\/08\\\/Untitled-design-9.png\",\"contentUrl\":\"https:\\\/\\\/klap.ee\\\/wp-content\\\/uploads\\\/2025\\\/08\\\/Untitled-design-9.png\",\"width\":1600,\"height\":1600},{\"@type\":\"BreadcrumbList\",\"@id\":\"https:\\\/\\\/klap.ee\\\/product\\\/herman-miller-embody-white\\\/#breadcrumb\",\"itemListElement\":[{\"@type\":\"ListItem\",\"position\":1,\"name\":\"Home\",\"item\":\"https:\\\/\\\/klap.ee\\\/\"},{\"@type\":\"ListItem\",\"position\":2,\"name\":\"Products\",\"item\":\"https:\\\/\\\/klap.ee\\\/ergonomic-office-chairs\\\/\"},{\"@type\":\"ListItem\",\"position\":3,\"name\":\"Herman Miller Embody White\"}]},{\"@type\":\"WebSite\",\"@id\":\"https:\\\/\\\/klap.ee\\\/#website\",\"url\":\"https:\\\/\\\/klap.ee\\\/\",\"name\":\"KLAP\",\"description\":\"J\u00e4tkusuutliku disainm\u00f6\u00f6bli pood\",\"publisher\":{\"@id\":\"https:\\\/\\\/klap.ee\\\/#organization\"},\"potentialAction\":[{\"@type\":\"SearchAction\",\"target\":{\"@type\":\"EntryPoint\",\"urlTemplate\":\"https:\\\/\\\/klap.ee\\\/?s={search_term_string}\"},\"query-input\":{\"@type\":\"PropertyValueSpecification\",\"valueRequired\":true,\"valueName\":\"search_term_string\"}}],\"inLanguage\":\"et\"},{\"@type\":\"Organization\",\"@id\":\"https:\\\/\\\/klap.ee\\\/#organization\",\"name\":\"KLAP\",\"url\":\"https:\\\/\\\/klap.ee\\\/\",\"logo\":{\"@type\":\"ImageObject\",\"inLanguage\":\"et\",\"@id\":\"https:\\\/\\\/klap.ee\\\/#\\\/schema\\\/logo\\\/image\\\/\",\"url\":\"https:\\\/\\\/klap.ee\\\/wp-content\\\/uploads\\\/2025\\\/03\\\/klap_logo_transparent_410x158.png\",\"contentUrl\":\"https:\\\/\\\/klap.ee\\\/wp-content\\\/uploads\\\/2025\\\/03\\\/klap_logo_transparent_410x158.png\",\"width\":410,\"height\":158,\"caption\":\"KLAP\"},\"image\":{\"@id\":\"https:\\\/\\\/klap.ee\\\/#\\\/schema\\\/logo\\\/image\\\/\"}}]}<\/script>\n<!-- \/ Yoast SEO plugin. -->","yoast_head_json":{"title":"Herman Miller Embody White (New) | From \u20ac1,743 | 10 Colours | KLAP","description":"Buy the Herman Miller Embody with White frame from \u20ac1,743. Brand new, 10 colour options, Pixelated Support, BackFit adjustment, Titan or Aluminium base, 12-year warranty. Fast delivery.","robots":{"index":"index","follow":"follow","max-snippet":"max-snippet:-1","max-image-preview":"max-image-preview:large","max-video-preview":"max-video-preview:-1"},"canonical":"https:\/\/klap.ee\/et\/toode\/herman-miller-embody-white\/","og_locale":"et_EE","og_type":"article","og_title":"Herman Miller Embody White (New) | From \u20ac1,743 | 10 Colours | KLAP","og_description":"Buy the Herman Miller Embody with White frame from \u20ac1,743. Brand new, 10 colour options, Pixelated Support, BackFit adjustment, Titan or Aluminium base, 12-year warranty. Fast delivery.","og_url":"https:\/\/klap.ee\/et\/toode\/herman-miller-embody-white\/","og_site_name":"KLAP","article_modified_time":"2026-05-04T11:33:03+00:00","og_image":[{"width":1024,"height":1024,"url":"https:\/\/klap.ee\/wp-content\/uploads\/2025\/08\/Untitled-design-9-1024x1024.png","type":"image\/png"}],"twitter_card":"summary_large_image","twitter_misc":{"Est. reading time":"3 minutit"},"schema":{"@context":"https:\/\/schema.org","@graph":[{"@type":"WebPage","@id":"https:\/\/klap.ee\/product\/herman-miller-embody-white\/","url":"https:\/\/klap.ee\/product\/herman-miller-embody-white\/","name":"Herman Miller Embody White (New) | From \u20ac1,743 | 10 Colours | KLAP","isPartOf":{"@id":"https:\/\/klap.ee\/#website"},"primaryImageOfPage":{"@id":"https:\/\/klap.ee\/product\/herman-miller-embody-white\/#primaryimage"},"image":{"@id":"https:\/\/klap.ee\/product\/herman-miller-embody-white\/#primaryimage"},"thumbnailUrl":"https:\/\/klap.ee\/wp-content\/uploads\/2025\/08\/Untitled-design-9.png","datePublished":"2025-08-13T13:16:50+00:00","dateModified":"2026-05-04T11:33:03+00:00","description":"Buy the Herman Miller Embody with White frame from \u20ac1,743. Brand new, 10 colour options, Pixelated Support, BackFit adjustment, Titan or Aluminium base, 12-year warranty. Fast delivery.","breadcrumb":{"@id":"https:\/\/klap.ee\/product\/herman-miller-embody-white\/#breadcrumb"},"inLanguage":"et","potentialAction":[{"@type":"ReadAction","target":["https:\/\/klap.ee\/product\/herman-miller-embody-white\/"]}]},{"@type":"ImageObject","inLanguage":"et","@id":"https:\/\/klap.ee\/product\/herman-miller-embody-white\/#primaryimage","url":"https:\/\/klap.ee\/wp-content\/uploads\/2025\/08\/Untitled-design-9.png","contentUrl":"https:\/\/klap.ee\/wp-content\/uploads\/2025\/08\/Untitled-design-9.png","width":1600,"height":1600},{"@type":"BreadcrumbList","@id":"https:\/\/klap.ee\/product\/herman-miller-embody-white\/#breadcrumb","itemListElement":[{"@type":"ListItem","position":1,"name":"Home","item":"https:\/\/klap.ee\/"},{"@type":"ListItem","position":2,"name":"Products","item":"https:\/\/klap.ee\/ergonomic-office-chairs\/"},{"@type":"ListItem","position":3,"name":"Herman Miller Embody White"}]},{"@type":"WebSite","@id":"https:\/\/klap.ee\/#website","url":"https:\/\/klap.ee\/","name":"KLAP","description":"J\u00e4tkusuutliku disainm\u00f6\u00f6bli pood","publisher":{"@id":"https:\/\/klap.ee\/#organization"},"potentialAction":[{"@type":"SearchAction","target":{"@type":"EntryPoint","urlTemplate":"https:\/\/klap.ee\/?s={search_term_string}"},"query-input":{"@type":"PropertyValueSpecification","valueRequired":true,"valueName":"search_term_string"}}],"inLanguage":"et"},{"@type":"Organization","@id":"https:\/\/klap.ee\/#organization","name":"KLAP","url":"https:\/\/klap.ee\/","logo":{"@type":"ImageObject","inLanguage":"et","@id":"https:\/\/klap.ee\/#\/schema\/logo\/image\/","url":"https:\/\/klap.ee\/wp-content\/uploads\/2025\/03\/klap_logo_transparent_410x158.png","contentUrl":"https:\/\/klap.ee\/wp-content\/uploads\/2025\/03\/klap_logo_transparent_410x158.png","width":410,"height":158,"caption":"KLAP"},"image":{"@id":"https:\/\/klap.ee\/#\/schema\/logo\/image\/"}}]}},"_links":{"self":[{"href":"https:\/\/klap.ee\/et\/wp-json\/wp\/v2\/product\/2751","targetHints":{"allow":["GET"]}}],"collection":[{"href":"https:\/\/klap.ee\/et\/wp-json\/wp\/v2\/product"}],"about":[{"href":"https:\/\/klap.ee\/et\/wp-json\/wp\/v2\/types\/product"}],"wp:featuredmedia":[{"embeddable":true,"href":"https:\/\/klap.ee\/et\/wp-json\/wp\/v2\/media\/4171"}],"wp:attachment":[{"href":"https:\/\/klap.ee\/et\/wp-json\/wp\/v2\/media?parent=2751"}],"wp:term":[{"taxonomy":"product_brand","embeddable":true,"href":"https:\/\/klap.ee\/et\/wp-json\/wp\/v2\/product_brand?post=2751"},{"taxonomy":"product_cat","embeddable":true,"href":"https:\/\/klap.ee\/et\/wp-json\/wp\/v2\/product_cat?post=2751"},{"taxonomy":"product_tag","embeddable":true,"href":"https:\/\/klap.ee\/et\/wp-json\/wp\/v2\/product_tag?post=2751"}],"curies":[{"name":"wp","href":"https:\/\/api.w.org\/{rel}","templated":true}]}}