{"id":3707,"date":"2025-12-08T06:22:19","date_gmt":"2025-12-08T06:22:19","guid":{"rendered":"https:\/\/klap.ee\/?post_type=product&#038;p=3707"},"modified":"2026-05-04T11:33:05","modified_gmt":"2026-05-04T11:33:05","slug":"herman-miller-cosm-low-back","status":"publish","type":"product","link":"https:\/\/klap.ee\/et\/toode\/herman-miller-cosm-low-back\/","title":{"rendered":"Herman Miller Cosm Low Back"},"content":{"rendered":"<h2><strong>Toote kirjeldus<\/strong><\/h2>\n<p>Herman Miller Cosm madala k\u00f5rgusega seljatoega versioon on tool, mis pakub kohest mugavust ilma \u00fchegi seadistuseta. Selle eesm\u00e4rk on muuta istumine v\u00f5imalikult lihtsaks \u2013 istuge lihtsalt tooli ja see kohandub automaatselt teie kehaga. Erinevalt paljudest teistest kontoritoolidest ei vaja Cosm keerulist reguleerimist, sest see reageerib intuitiivselt liikumisele ja kehahoiaku muutustele. Istme ja seljatoe moodustab \u00fchtne elastomeerne v\u00f5rk, mis jaotab kehakaalu \u00fchtlaselt, laseb \u00f5hul liikuda ning tagab \u00fchtlase toe kogu p\u00e4eva v\u00e4ltel. \u00d5huke ja paindlik raam liigub koos teiega, v\u00e4ltides teravaid servi ning soodustades loomulikku liikumisvabadust.<\/p>\n<p>Cosm on saadaval kolmes erinevas k\u00f5rguses \u2013 madal, keskmine ja k\u00f5rge seljatugi \u2013 et sobida erinevatele t\u00f6\u00f6stiilidele. K\u00e4etugede osas on valikus mitmed variandid, sealhulgas unikaalsed \u201eLeaf Arms\u201c, mis ei sega laua \u00e4\u00e4res t\u00f6\u00f6tamist. Lisaks tehnilistele omadustele on Cosm visuaalselt elegantne: see on saadaval \u00fchtsetes toonides, kus raam ja kate sulanduvad \u00fchte, luues minimalistliku ja luksusliku mulje. Tulemuseks on tool, mida kirjeldatakse sageli kui sellist, milles istudes unustab inimene, et ta \u00fcldse toolil istub.<\/p>\n<h2>Peamised omadused<\/h2>\n<ul>\n<li><strong>Isereguleeruv kallutusmehhanism<\/strong> Isereguleeruv mehhanism, mis kohandub automaatselt igas asendis ja tagab loomuliku toe ilma k\u00e4sitsi seadistamiseta.<\/li>\n<li><strong>Intercept-v\u00f5rkkangas<\/strong> \u00dchtne elastne v\u00f5rkpind seljal ja istmel, mis jaotab kehakaalu \u00fchtlaselt, hingab h\u00e4sti ning pakub pidevat tuge.<\/li>\n<li><strong>Painduv raam<\/strong> \u00d5huke ja paindlik raam, mis liigub koos kehaga, v\u00e4listades k\u00f5vad servad ja andes vabaduse loomulikeks liigutusteks.<\/li>\n<\/ul>\n<h2>\u00dcldteave<\/h2>\n<p>Need toolid on uued.<\/p>\n<ul>\n<li>Suurus: Universaalne<\/li>\n<li>Seljatoe v\u00e4rv: erinevad<\/li>\n<li>Raami v\u00e4rv: erinevad<\/li>\n<li>Garantii: 12 aastat<\/li>\n<li>Isereguleeruv kallutusmehhanism<\/li>\n<li>Kallutuse pingutusmehhanism<\/li>\n<li>Intercept-v\u00f5rkkangas<\/li>\n<li>Reguleeritava k\u00f5rgusega k\u00e4etoed<\/li>\n<li>Painduv raam<\/li>\n<li>Reguleeritav istme kalle<\/li>\n<li>Gaasiamortisaatoriga k\u00f5rguse reguleerimine<\/li>\n<\/ul>\n<h2>Toote spetsifikatsiionid<\/h2>\n<table style=\"width: 649px; height: 558px;\" width=\"100%\">\n<tbody>\n<tr style=\"height: 19.6px;\">\n<td style=\"width: 49.7619%; height: 19.6px;\">\n<p style=\"text-align: left;\"><span style=\"color: #808080;\">Disainer<br \/>\n<\/span>Stuudio 7.5<\/p>\n<p style=\"text-align: left;\"><span style=\"color: #808080;\">Disainiaasta<br \/>\n<\/span>2018<\/p>\n<p style=\"text-align: left;\"><span style=\"color: #808080;\">Toodetud<\/span><br \/>\nUSA<\/p>\n<p style=\"text-align: left;\"><span style=\"color: #808080;\">Sertifikaadid<br \/>\n<\/span>level\u00ae<br \/>\nGREENGUARD<br \/>\nCradle to Cradle<\/p>\n<\/td>\n<td style=\"width: 49.7619%; height: 19.6px;\">&nbsp;<\/p>\n<p>&nbsp;<\/p>\n<p>&nbsp;<\/p>\n<p><span style=\"color: #808080;\">\u00dcldised m\u00f5\u00f5tmed<br \/>\n<\/span>Madal seljatugi: 1031 (k) x 734 (laius) x 678 (s\u00fcgavus)<br \/>\nKeskmine seljaosa: 1156 (k) x 734 (laius) x 678 (s\u00fcgavus)<br \/>\nK\u00f5rge seljatugi: 1311 (k) x 734 (laius) x 678 (s\u00fcgavus)<\/p>\n<p><span style=\"color: #808080;\">Maksimaalne v\u00f5imsus<br \/>\n<\/span>159 kg<\/p>\n<p><span style=\"color: #808080;\">Toote kaal<br \/>\n<\/span>Madal seljaosa: 15.5<br \/>\nKeskmine selg: 15.8<br \/>\nK\u00f5rge seljaosa: 16.1<\/p>\n<p>&nbsp;<\/td>\n<\/tr>\n<\/tbody>\n<\/table>\n<p>&nbsp;<\/p>\n<div class=\"elementor-element elementor-element-4d311189 elementor-widget elementor-widget-text-editor\" data-id=\"4d311189\" data-element_type=\"widget\" data-widget_type=\"text-editor.default\">\n<div class=\"elementor-widget-container\"><\/div>\n<\/div>","protected":false},"excerpt":{"rendered":"<p>\u2713 T\u00e4iesti uus \u2013 lihtsalt istu, seadistusi pole vaja<br \/>\n\u2713 5 v\u00e4rvi, valik standard- v\u00f5i Leaf k\u00e4etugedega<br \/>\n\u2713 Auto-Harmonic Tilt ja Intercept Suspension v\u00f5rkkangas<br \/>\n\u2713 12-aastane garantii, toodetud USA-s<br \/>\n\u2713 Kiire tarne<\/p>","protected":false},"featured_media":4166,"template":"","meta":{"_themeisle_gutenberg_block_has_review":false,"iawp_total_views":0},"product_brand":[31],"product_cat":[115,33,34,120,25,112],"product_tag":[76],"class_list":{"0":"post-3707","1":"product","2":"type-product","3":"status-publish","4":"has-post-thumbnail","6":"product_brand-hermanmiller","7":"product_cat-brands","8":"product_cat-ergonomic-office-chairs","9":"product_cat-herman-miller","10":"product_cat-new","11":"product_cat-office-furniture-1","12":"product_cat-office-furniture","13":"product_tag-new","14":"product_shipping_class-toolid","16":"first","17":"instock","18":"sale","19":"taxable","20":"shipping-taxable","21":"purchasable","22":"product-type-variable"},"yoast_head":"<!-- This site is optimized with the Yoast SEO plugin v27.6 - https:\/\/yoast.com\/product\/yoast-seo-wordpress\/ -->\n<title>Herman Miller Cosm Low Back (New) | From \u20ac1,491 | 5 Colours | KLAP<\/title>\n<meta name=\"description\" content=\"Buy the Herman Miller Cosm Low Back from \u20ac1,491. Brand new, just sit down \u2014 no adjustments needed. 5 colours, Leaf Arms option, Auto-Harmonic Tilt, 12-year warranty. Fast delivery.\" \/>\n<meta name=\"robots\" content=\"index, follow, max-snippet:-1, max-image-preview:large, max-video-preview:-1\" \/>\n<link rel=\"canonical\" href=\"https:\/\/klap.ee\/et\/toode\/herman-miller-cosm-low-back\/\" \/>\n<meta property=\"og:locale\" content=\"et_EE\" \/>\n<meta property=\"og:type\" content=\"article\" \/>\n<meta property=\"og:title\" content=\"Herman Miller Cosm Low Back (New) | From \u20ac1,491 | 5 Colours | KLAP\" \/>\n<meta property=\"og:description\" content=\"Buy the Herman Miller Cosm Low Back from \u20ac1,491. Brand new, just sit down \u2014 no adjustments needed. 5 colours, Leaf Arms option, Auto-Harmonic Tilt, 12-year warranty. Fast delivery.\" \/>\n<meta property=\"og:url\" content=\"https:\/\/klap.ee\/et\/toode\/herman-miller-cosm-low-back\/\" \/>\n<meta property=\"og:site_name\" content=\"KLAP\" \/>\n<meta property=\"article:modified_time\" content=\"2026-05-04T11:33:05+00:00\" \/>\n<meta property=\"og:image\" content=\"https:\/\/klap.ee\/wp-content\/uploads\/2025\/12\/Untitled-design-4-1-1024x1024.png\" \/>\n\t<meta property=\"og:image:width\" content=\"1024\" \/>\n\t<meta property=\"og:image:height\" content=\"1024\" \/>\n\t<meta property=\"og:image:type\" content=\"image\/png\" \/>\n<meta name=\"twitter:card\" content=\"summary_large_image\" \/>\n<meta name=\"twitter:label1\" content=\"Est. reading time\" \/>\n\t<meta name=\"twitter:data1\" content=\"2 minutit\" \/>\n<script type=\"application\/ld+json\" class=\"yoast-schema-graph\">{\"@context\":\"https:\\\/\\\/schema.org\",\"@graph\":[{\"@type\":\"WebPage\",\"@id\":\"https:\\\/\\\/klap.ee\\\/product\\\/herman-miller-cosm-low-back\\\/\",\"url\":\"https:\\\/\\\/klap.ee\\\/product\\\/herman-miller-cosm-low-back\\\/\",\"name\":\"Herman Miller Cosm Low Back (New) | From \u20ac1,491 | 5 Colours | KLAP\",\"isPartOf\":{\"@id\":\"https:\\\/\\\/klap.ee\\\/#website\"},\"primaryImageOfPage\":{\"@id\":\"https:\\\/\\\/klap.ee\\\/product\\\/herman-miller-cosm-low-back\\\/#primaryimage\"},\"image\":{\"@id\":\"https:\\\/\\\/klap.ee\\\/product\\\/herman-miller-cosm-low-back\\\/#primaryimage\"},\"thumbnailUrl\":\"https:\\\/\\\/klap.ee\\\/wp-content\\\/uploads\\\/2025\\\/12\\\/Untitled-design-4-1.png\",\"datePublished\":\"2025-12-08T06:22:19+00:00\",\"dateModified\":\"2026-05-04T11:33:05+00:00\",\"description\":\"Buy the Herman Miller Cosm Low Back from \u20ac1,491. Brand new, just sit down \u2014 no adjustments needed. 5 colours, Leaf Arms option, Auto-Harmonic Tilt, 12-year warranty. Fast delivery.\",\"breadcrumb\":{\"@id\":\"https:\\\/\\\/klap.ee\\\/product\\\/herman-miller-cosm-low-back\\\/#breadcrumb\"},\"inLanguage\":\"et\",\"potentialAction\":[{\"@type\":\"ReadAction\",\"target\":[\"https:\\\/\\\/klap.ee\\\/product\\\/herman-miller-cosm-low-back\\\/\"]}]},{\"@type\":\"ImageObject\",\"inLanguage\":\"et\",\"@id\":\"https:\\\/\\\/klap.ee\\\/product\\\/herman-miller-cosm-low-back\\\/#primaryimage\",\"url\":\"https:\\\/\\\/klap.ee\\\/wp-content\\\/uploads\\\/2025\\\/12\\\/Untitled-design-4-1.png\",\"contentUrl\":\"https:\\\/\\\/klap.ee\\\/wp-content\\\/uploads\\\/2025\\\/12\\\/Untitled-design-4-1.png\",\"width\":1600,\"height\":1600},{\"@type\":\"BreadcrumbList\",\"@id\":\"https:\\\/\\\/klap.ee\\\/product\\\/herman-miller-cosm-low-back\\\/#breadcrumb\",\"itemListElement\":[{\"@type\":\"ListItem\",\"position\":1,\"name\":\"Home\",\"item\":\"https:\\\/\\\/klap.ee\\\/\"},{\"@type\":\"ListItem\",\"position\":2,\"name\":\"Products\",\"item\":\"https:\\\/\\\/klap.ee\\\/ergonomic-office-chairs\\\/\"},{\"@type\":\"ListItem\",\"position\":3,\"name\":\"Herman Miller Cosm Low Back\"}]},{\"@type\":\"WebSite\",\"@id\":\"https:\\\/\\\/klap.ee\\\/#website\",\"url\":\"https:\\\/\\\/klap.ee\\\/\",\"name\":\"KLAP\",\"description\":\"J\u00e4tkusuutliku disainm\u00f6\u00f6bli pood\",\"publisher\":{\"@id\":\"https:\\\/\\\/klap.ee\\\/#organization\"},\"potentialAction\":[{\"@type\":\"SearchAction\",\"target\":{\"@type\":\"EntryPoint\",\"urlTemplate\":\"https:\\\/\\\/klap.ee\\\/?s={search_term_string}\"},\"query-input\":{\"@type\":\"PropertyValueSpecification\",\"valueRequired\":true,\"valueName\":\"search_term_string\"}}],\"inLanguage\":\"et\"},{\"@type\":\"Organization\",\"@id\":\"https:\\\/\\\/klap.ee\\\/#organization\",\"name\":\"KLAP\",\"url\":\"https:\\\/\\\/klap.ee\\\/\",\"logo\":{\"@type\":\"ImageObject\",\"inLanguage\":\"et\",\"@id\":\"https:\\\/\\\/klap.ee\\\/#\\\/schema\\\/logo\\\/image\\\/\",\"url\":\"https:\\\/\\\/klap.ee\\\/wp-content\\\/uploads\\\/2025\\\/03\\\/klap_logo_transparent_410x158.png\",\"contentUrl\":\"https:\\\/\\\/klap.ee\\\/wp-content\\\/uploads\\\/2025\\\/03\\\/klap_logo_transparent_410x158.png\",\"width\":410,\"height\":158,\"caption\":\"KLAP\"},\"image\":{\"@id\":\"https:\\\/\\\/klap.ee\\\/#\\\/schema\\\/logo\\\/image\\\/\"}}]}<\/script>\n<!-- \/ Yoast SEO plugin. -->","yoast_head_json":{"title":"Herman Miller Cosm Low Back (New) | From \u20ac1,491 | 5 Colours | KLAP","description":"Buy the Herman Miller Cosm Low Back from \u20ac1,491. Brand new, just sit down \u2014 no adjustments needed. 5 colours, Leaf Arms option, Auto-Harmonic Tilt, 12-year warranty. Fast delivery.","robots":{"index":"index","follow":"follow","max-snippet":"max-snippet:-1","max-image-preview":"max-image-preview:large","max-video-preview":"max-video-preview:-1"},"canonical":"https:\/\/klap.ee\/et\/toode\/herman-miller-cosm-low-back\/","og_locale":"et_EE","og_type":"article","og_title":"Herman Miller Cosm Low Back (New) | From \u20ac1,491 | 5 Colours | KLAP","og_description":"Buy the Herman Miller Cosm Low Back from \u20ac1,491. Brand new, just sit down \u2014 no adjustments needed. 5 colours, Leaf Arms option, Auto-Harmonic Tilt, 12-year warranty. Fast delivery.","og_url":"https:\/\/klap.ee\/et\/toode\/herman-miller-cosm-low-back\/","og_site_name":"KLAP","article_modified_time":"2026-05-04T11:33:05+00:00","og_image":[{"width":1024,"height":1024,"url":"https:\/\/klap.ee\/wp-content\/uploads\/2025\/12\/Untitled-design-4-1-1024x1024.png","type":"image\/png"}],"twitter_card":"summary_large_image","twitter_misc":{"Est. reading time":"2 minutit"},"schema":{"@context":"https:\/\/schema.org","@graph":[{"@type":"WebPage","@id":"https:\/\/klap.ee\/product\/herman-miller-cosm-low-back\/","url":"https:\/\/klap.ee\/product\/herman-miller-cosm-low-back\/","name":"Herman Miller Cosm Low Back (New) | From \u20ac1,491 | 5 Colours | KLAP","isPartOf":{"@id":"https:\/\/klap.ee\/#website"},"primaryImageOfPage":{"@id":"https:\/\/klap.ee\/product\/herman-miller-cosm-low-back\/#primaryimage"},"image":{"@id":"https:\/\/klap.ee\/product\/herman-miller-cosm-low-back\/#primaryimage"},"thumbnailUrl":"https:\/\/klap.ee\/wp-content\/uploads\/2025\/12\/Untitled-design-4-1.png","datePublished":"2025-12-08T06:22:19+00:00","dateModified":"2026-05-04T11:33:05+00:00","description":"Buy the Herman Miller Cosm Low Back from \u20ac1,491. Brand new, just sit down \u2014 no adjustments needed. 5 colours, Leaf Arms option, Auto-Harmonic Tilt, 12-year warranty. Fast delivery.","breadcrumb":{"@id":"https:\/\/klap.ee\/product\/herman-miller-cosm-low-back\/#breadcrumb"},"inLanguage":"et","potentialAction":[{"@type":"ReadAction","target":["https:\/\/klap.ee\/product\/herman-miller-cosm-low-back\/"]}]},{"@type":"ImageObject","inLanguage":"et","@id":"https:\/\/klap.ee\/product\/herman-miller-cosm-low-back\/#primaryimage","url":"https:\/\/klap.ee\/wp-content\/uploads\/2025\/12\/Untitled-design-4-1.png","contentUrl":"https:\/\/klap.ee\/wp-content\/uploads\/2025\/12\/Untitled-design-4-1.png","width":1600,"height":1600},{"@type":"BreadcrumbList","@id":"https:\/\/klap.ee\/product\/herman-miller-cosm-low-back\/#breadcrumb","itemListElement":[{"@type":"ListItem","position":1,"name":"Home","item":"https:\/\/klap.ee\/"},{"@type":"ListItem","position":2,"name":"Products","item":"https:\/\/klap.ee\/ergonomic-office-chairs\/"},{"@type":"ListItem","position":3,"name":"Herman Miller Cosm Low Back"}]},{"@type":"WebSite","@id":"https:\/\/klap.ee\/#website","url":"https:\/\/klap.ee\/","name":"KLAP","description":"J\u00e4tkusuutliku disainm\u00f6\u00f6bli pood","publisher":{"@id":"https:\/\/klap.ee\/#organization"},"potentialAction":[{"@type":"SearchAction","target":{"@type":"EntryPoint","urlTemplate":"https:\/\/klap.ee\/?s={search_term_string}"},"query-input":{"@type":"PropertyValueSpecification","valueRequired":true,"valueName":"search_term_string"}}],"inLanguage":"et"},{"@type":"Organization","@id":"https:\/\/klap.ee\/#organization","name":"KLAP","url":"https:\/\/klap.ee\/","logo":{"@type":"ImageObject","inLanguage":"et","@id":"https:\/\/klap.ee\/#\/schema\/logo\/image\/","url":"https:\/\/klap.ee\/wp-content\/uploads\/2025\/03\/klap_logo_transparent_410x158.png","contentUrl":"https:\/\/klap.ee\/wp-content\/uploads\/2025\/03\/klap_logo_transparent_410x158.png","width":410,"height":158,"caption":"KLAP"},"image":{"@id":"https:\/\/klap.ee\/#\/schema\/logo\/image\/"}}]}},"_links":{"self":[{"href":"https:\/\/klap.ee\/et\/wp-json\/wp\/v2\/product\/3707","targetHints":{"allow":["GET"]}}],"collection":[{"href":"https:\/\/klap.ee\/et\/wp-json\/wp\/v2\/product"}],"about":[{"href":"https:\/\/klap.ee\/et\/wp-json\/wp\/v2\/types\/product"}],"wp:featuredmedia":[{"embeddable":true,"href":"https:\/\/klap.ee\/et\/wp-json\/wp\/v2\/media\/4166"}],"wp:attachment":[{"href":"https:\/\/klap.ee\/et\/wp-json\/wp\/v2\/media?parent=3707"}],"wp:term":[{"taxonomy":"product_brand","embeddable":true,"href":"https:\/\/klap.ee\/et\/wp-json\/wp\/v2\/product_brand?post=3707"},{"taxonomy":"product_cat","embeddable":true,"href":"https:\/\/klap.ee\/et\/wp-json\/wp\/v2\/product_cat?post=3707"},{"taxonomy":"product_tag","embeddable":true,"href":"https:\/\/klap.ee\/et\/wp-json\/wp\/v2\/product_tag?post=3707"}],"curies":[{"name":"wp","href":"https:\/\/api.w.org\/{rel}","templated":true}]}}