{"id":4274,"date":"2026-02-24T14:29:13","date_gmt":"2026-02-24T14:29:13","guid":{"rendered":"https:\/\/klap.ee\/?post_type=product&#038;p=4274"},"modified":"2026-04-15T08:48:39","modified_gmt":"2026-04-15T08:48:39","slug":"herman-miller-embody-refurbished","status":"publish","type":"product","link":"https:\/\/klap.ee\/et\/toode\/herman-miller-embody-refurbished\/","title":{"rendered":"Herman Miller Embody (Refurbished)"},"content":{"rendered":"<h2><strong>Toote kirjeldus<\/strong><\/h2>\n<p data-start=\"116\" data-end=\"483\"><strong data-start=\"116\" data-end=\"144\">Pidevaks heaoluks<\/strong><br data-start=\"144\" data-end=\"147\" \/>Rohkem kui 30 biomehaanika, n\u00e4gemise, f\u00fcsioteraapia ja ergonoomika spetsialisti \u2013 arstide ja doktorikraadiga teadlaste \u2013 teadmiste p\u00f5hjal arendatud Embody tool on loodud neile, kes suhtuvad istumisse t\u00f5siselt. Ebamugavust v\u00e4hendades ja pikaajalist tervist toetades pakub see ainulaadset mugavuse ja usaldusv\u00e4\u00e4rse seljatoe kombinatsiooni.<\/p>\n<p data-start=\"485\" data-end=\"930\">Embody eristub tavap\u00e4rastest kontoritoolidest t\u00e4nu erakordsele mugavusele, p\u00fcsivale seljatoele ja uuenduslikule disainifilosoofiale. Selle ainulaadne Tri-Flex seljatoe s\u00fcsteem kohandub d\u00fcnaamiliselt iga liigutusega, pakkudes sihitud tuge kolmes erinevas tsoonis. Selg \u2013 sealhulgas kriitiline nimmeosa \u2013 p\u00fcsib korrektselt joondatud ning vereringe jalgadesse ja puusadesse s\u00e4ilib ka pikema istumise ajal.<\/p>\n<p data-start=\"932\" data-end=\"1477\"><strong data-start=\"932\" data-end=\"962\">Inimestest l\u00e4htuv inseneeria<\/strong><br data-start=\"962\" data-end=\"965\" \/>Selle ergonoomilise tipptaseme saavutamiseks h\u00f5lmas disainiprotsess tihedat koost\u00f6\u00f6d arstide, f\u00fcsioterapeutide ja biomehaanika ekspertidega. Istme koostises on neli hoolikalt disainitud kihti, mida toetab vedrulaadne struktuur, pakkudes reageerivat mugavust nagu kvaliteetse madratsi puhul. Seljatugi on \u00fcles ehitatud painduvale raamile, mis toimib sarnaselt inimese skeletile \u2013 pakkudes kohanduvat tuge ja pehmendust, mis tundub nii loomulik, et v\u00f5ite unustada, et \u00fcldse istute.<\/p>\n<h2>Peamised omadused:<\/h2>\n<ul>\n<li data-start=\"119\" data-end=\"478\"><strong data-start=\"119\" data-end=\"140\">Pixelated Support<\/strong><br data-start=\"140\" data-end=\"143\" \/>Pixelated Support s\u00fcsteem pakub ainulaadset kerge ja tasakaalustatud tunnet. Selle d\u00fcnaamiline piksliv\u00f5rk kohandub pidevalt ka k\u00f5ige v\u00e4iksemate liigutuste j\u00e4rgi, jaotades survet \u00fchtlaselt istme ja seljatoe ulatuses. Koos neljakihilise ja k\u00f5rgelt hingava istmestruktuuriga tagab see erakordse mugavuse kogu p\u00e4eva v\u00e4ltel.<\/li>\n<li data-start=\"480\" data-end=\"877\"><strong data-start=\"480\" data-end=\"520\">Backfit seljatugi painduva raamiga<\/strong><br data-start=\"520\" data-end=\"523\" \/>Inspireerituna inimese selgroost soodustab mitmetsooniline seljatoe struktuur loomulikku tervislikku kehahoiakut ja t\u00e4iskeha tuge. Backfit-mehhanism joondub vaagnaga ning reageerib sujuvalt liikumisele, soodustades l\u00f5\u00f5gastust ja isegi s\u00fcdame l\u00f6\u00f6gisageduse alandamist. Selle \u00f5huke ja kontuuriga profiil v\u00f5imaldab liikumisvabadust, s\u00e4ilitades samal ajal usaldusv\u00e4\u00e4rse toe.<\/li>\n<li data-start=\"879\" data-end=\"1070\"><strong data-start=\"879\" data-end=\"904\">T\u00e4iendatud istmepadjad<\/strong><br data-start=\"904\" data-end=\"907\" \/>2021. aasta veebruaris kasutusele v\u00f5etud t\u00e4iustatud Scrim Foam padjad suurendavad mugavust ja vastupidavust, tagades pikaajalise ja j\u00e4rjepideva toe.<\/li>\n<li data-start=\"1072\" data-end=\"1364\"><strong data-start=\"1072\" data-end=\"1122\">Hingav pind ja ergonoomiline reguleeritavus<\/strong><br data-start=\"1122\" data-end=\"1125\" \/>Hingavad istmematerjalid soodustavad vereringet ja aktiivset istumist. Reguleeritavad k\u00e4etoed ja istmes\u00fcgavus v\u00e4hendavad selja ja kaela koormust, samal ajal kui \u00f5huke ja painduv seljatugi parandab kehahoiakut, piirates liikumist minimaalselt.<\/li>\n<li data-start=\"1366\" data-end=\"1633\"><strong data-start=\"1366\" data-end=\"1400\">J\u00e4tkusuutlik ja vastupidav disain<\/strong><br data-start=\"1400\" data-end=\"1403\" \/>Embody tool ei toeta ainult f\u00fc\u00fcsilist heaolu, vaid aitab luua ka j\u00e4tkusuutliku t\u00f6\u00f6keskkonna. Valmistatud taaskasutatud ja PVC-vabadest materjalidest, \u00fchendab see pikaajalise ergonoomilise sooritusv\u00f5ime keskkonnas\u00f5bralikkusega.<\/li>\n<\/ul>\n<h2>\u00dcldteave<\/h2>\n<p>Need kontoritoolid on uuendatud. Meie jaoks t\u00e4hendab 'refurbished' seda, et toolid on hoolikalt kontrollitud, v\u00f5imalik, et need on polsterdatud, varustatud uute ametlike osadega, puhastatud ja poleeritud. \u00dcritame saavutada toolide sellise seisukorra, et need n\u00e4eksid v\u00e4lja taas nagu uued.<\/p>\n<ul>\n<li><strong>Uuendatud: Seisukord A<\/strong><\/li>\n<li>Seljatoe v\u00e4rv: hall<\/li>\n<li>Raami v\u00e4rv: grafiit<\/li>\n<li>Jalarist: alumiinium \/ grafiit<\/li>\n<li>Rattad: universaalsed (vaip \/ k\u00f5va p\u00f5rand)<\/li>\n<li>Kasutusotstarve: pidev istumine, kontorit\u00f6\u00f6, m\u00e4ngimine<\/li>\n<li>Istme s\u00fcgavus: reguleeritav<\/li>\n<li>K\u00e4etoed: t\u00e4ielikult reguleeritavad<\/li>\n<li>Kallutuse piiraja: standartne<\/li>\n<li>Materjal: kuni 96% taaskasutatav<\/li>\n<li>Maksimaalne kandev\u00f5ime: 136kg<\/li>\n<\/ul>\n<h2>Toote spetsifikatsiionid<\/h2>\n<div class=\"elementor-widget-container\"><\/div>\n<div>\n<table style=\"width: 649px; height: 558px;\" width=\"100%\">\n<tbody>\n<tr style=\"height: 19.6px;\">\n<td style=\"width: 49.7619%; height: 19.6px;\">&nbsp;<\/p>\n<p style=\"text-align: left;\"><span style=\"color: #808080;\">Designer<br \/>\n<\/span>Don Chadwick and Bill Stumpf<\/p>\n<p style=\"text-align: left;\"><span style=\"color: #808080;\">Design year<br \/>\n<\/span>2009<\/p>\n<p style=\"text-align: left;\"><span style=\"color: #808080;\">Produced in<\/span><br \/>\nUSA<\/p>\n<p style=\"text-align: left;\"><span style=\"color: #808080;\">Certificates<br \/>\n<\/span>Recyclability Up to 95%<br \/>\nBIFMA level\u00ae 3<br \/>\nGREENGUARD\u00ae Gold<br \/>\nCradle to Cradle\u00ae<\/p>\n<\/td>\n<td style=\"width: 49.7619%; height: 19.6px;\"><span style=\"color: #808080;\">Overall Dimensions<br \/>\n<\/span>Size &#8211; 1067-1143 (H) x 749 (W) x 381-457 mm (D)<span style=\"color: #808080;\"><span style=\"color: #808080;\">Max Capacity<br \/>\n<\/span><\/span>136 kg<span style=\"color: #808080; font-family: inherit; font-size: inherit;\"><br \/>\nProduct Weight<br \/>\n<\/span>23,2<\/td>\n<\/tr>\n<\/tbody>\n<\/table>\n<p>&nbsp;<\/p>\n<\/div>","protected":false},"excerpt":{"rendered":"<p>\u2713 Uuendatud \u2013 A-kategooria seisukord<br \/>\n\u2713 S\u00e4\u00e4sta 27% v\u00f5rreldes uue hinnaga<br \/>\n\u2713 Pixelated Support ja BackFit reguleerimine<br \/>\n\u2713 Grafiithall v\u00f5i valge raam, 2 seljatoe v\u00e4rvivalikut<br \/>\n\u2713 Kiire tarne<\/p>","protected":false},"featured_media":4279,"template":"","meta":{"_themeisle_gutenberg_block_has_review":false,"iawp_total_views":6},"product_brand":[31],"product_cat":[115,33,34,112,25],"product_tag":[57,58,74,73],"class_list":{"0":"post-4274","1":"product","2":"type-product","3":"status-publish","4":"has-post-thumbnail","6":"product_brand-hermanmiller","7":"product_cat-brands","8":"product_cat-ergonomic-office-chairs","9":"product_cat-herman-miller","10":"product_cat-office-furniture","11":"product_cat-office-furniture-1","12":"product_tag-display-model","13":"product_tag-eco-friendly-choice","14":"product_tag-embody","15":"product_tag-herman-miller","16":"product_shipping_class-toolid","18":"first","19":"instock","20":"sale","21":"shipping-taxable","22":"purchasable","23":"product-type-simple"},"yoast_head":"<!-- This site is optimized with the Yoast SEO plugin v27.4 - https:\/\/yoast.com\/product\/yoast-seo-wordpress\/ -->\n<title>Herman Miller Embody Refurbished | \u20ac1,458 (was \u20ac2,001) | KLAP<\/title>\n<meta name=\"description\" content=\"Buy a refurbished Herman Miller Embody chair for \u20ac1,458 \u2014 save 27% off the new price. Condition A, Pixelated Support, BackFit adjustment, fully adjustable arms. Same day delivery.\" \/>\n<meta name=\"robots\" content=\"index, follow, max-snippet:-1, max-image-preview:large, max-video-preview:-1\" \/>\n<link rel=\"canonical\" href=\"https:\/\/klap.ee\/et\/toode\/herman-miller-embody-refurbished\/\" \/>\n<meta property=\"og:locale\" content=\"et_EE\" \/>\n<meta property=\"og:type\" content=\"article\" \/>\n<meta property=\"og:title\" content=\"Herman Miller Embody Refurbished | \u20ac1,458 (was \u20ac2,001) | KLAP\" \/>\n<meta property=\"og:description\" content=\"Buy a refurbished Herman Miller Embody chair for \u20ac1,458 \u2014 save 27% off the new price. Condition A, Pixelated Support, BackFit adjustment, fully adjustable arms. Same day delivery.\" \/>\n<meta property=\"og:url\" content=\"https:\/\/klap.ee\/et\/toode\/herman-miller-embody-refurbished\/\" \/>\n<meta property=\"og:site_name\" content=\"KLAP\" \/>\n<meta property=\"article:modified_time\" content=\"2026-04-15T08:48:39+00:00\" \/>\n<meta property=\"og:image\" content=\"https:\/\/mlwqeu8tue9b.i.optimole.com\/cb:q2jb.1a9\/w:auto\/h:auto\/q:mauto\/ig:avif\/http:\/\/klap.ee\/wp-content\/uploads\/2026\/02\/1367f7fc-69c4-424b-9cbf-25e654899620.png\" \/>\n\t<meta property=\"og:image:width\" content=\"1024\" \/>\n\t<meta property=\"og:image:height\" content=\"1024\" \/>\n\t<meta property=\"og:image:type\" content=\"image\/png\" \/>\n<meta name=\"twitter:card\" content=\"summary_large_image\" \/>\n<meta name=\"twitter:label1\" content=\"Est. reading time\" \/>\n\t<meta name=\"twitter:data1\" content=\"3 minutit\" \/>\n<script type=\"application\/ld+json\" class=\"yoast-schema-graph\">{\"@context\":\"https:\\\/\\\/schema.org\",\"@graph\":[{\"@type\":\"WebPage\",\"@id\":\"https:\\\/\\\/klap.ee\\\/product\\\/herman-miller-embody-refurbished\\\/\",\"url\":\"https:\\\/\\\/klap.ee\\\/product\\\/herman-miller-embody-refurbished\\\/\",\"name\":\"Herman Miller Embody Refurbished | \u20ac1,458 (was \u20ac2,001) | KLAP\",\"isPartOf\":{\"@id\":\"https:\\\/\\\/klap.ee\\\/#website\"},\"primaryImageOfPage\":{\"@id\":\"https:\\\/\\\/klap.ee\\\/product\\\/herman-miller-embody-refurbished\\\/#primaryimage\"},\"image\":{\"@id\":\"https:\\\/\\\/klap.ee\\\/product\\\/herman-miller-embody-refurbished\\\/#primaryimage\"},\"thumbnailUrl\":\"https:\\/\\/klap.ee\\/wp-content\\/uploads\\/2026\\/02\\/1367f7fc-69c4-424b-9cbf-25e654899620.png\",\"datePublished\":\"2026-02-24T14:29:13+00:00\",\"dateModified\":\"2026-04-15T08:48:39+00:00\",\"description\":\"Buy a refurbished Herman Miller Embody chair for \u20ac1,458 \u2014 save 27% off the new price. Condition A, Pixelated Support, BackFit adjustment, fully adjustable arms. Same day delivery.\",\"breadcrumb\":{\"@id\":\"https:\\\/\\\/klap.ee\\\/product\\\/herman-miller-embody-refurbished\\\/#breadcrumb\"},\"inLanguage\":\"et\",\"potentialAction\":[{\"@type\":\"ReadAction\",\"target\":[\"https:\\\/\\\/klap.ee\\\/product\\\/herman-miller-embody-refurbished\\\/\"]}]},{\"@type\":\"ImageObject\",\"inLanguage\":\"et\",\"@id\":\"https:\\\/\\\/klap.ee\\\/product\\\/herman-miller-embody-refurbished\\\/#primaryimage\",\"url\":\"https:\\/\\/klap.ee\\/wp-content\\/uploads\\/2026\\/02\\/1367f7fc-69c4-424b-9cbf-25e654899620.png\",\"contentUrl\":\"https:\\/\\/klap.ee\\/wp-content\\/uploads\\/2026\\/02\\/1367f7fc-69c4-424b-9cbf-25e654899620.png\",\"width\":1024,\"height\":1024},{\"@type\":\"BreadcrumbList\",\"@id\":\"https:\\\/\\\/klap.ee\\\/product\\\/herman-miller-embody-refurbished\\\/#breadcrumb\",\"itemListElement\":[{\"@type\":\"ListItem\",\"position\":1,\"name\":\"Home\",\"item\":\"https:\\\/\\\/klap.ee\\\/\"},{\"@type\":\"ListItem\",\"position\":2,\"name\":\"Products\",\"item\":\"https:\\\/\\\/klap.ee\\\/ergonomic-office-chairs\\\/\"},{\"@type\":\"ListItem\",\"position\":3,\"name\":\"Herman Miller Embody (Refurbished)\"}]},{\"@type\":\"WebSite\",\"@id\":\"https:\\\/\\\/klap.ee\\\/#website\",\"url\":\"https:\\\/\\\/klap.ee\\\/\",\"name\":\"KLAP\",\"description\":\"J&auml;tkusuutliku disainm&ouml;&ouml;bli pood\",\"publisher\":{\"@id\":\"https:\\\/\\\/klap.ee\\\/#organization\"},\"potentialAction\":[{\"@type\":\"SearchAction\",\"target\":{\"@type\":\"EntryPoint\",\"urlTemplate\":\"https:\\\/\\\/klap.ee\\\/?s={search_term_string}\"},\"query-input\":{\"@type\":\"PropertyValueSpecification\",\"valueRequired\":true,\"valueName\":\"search_term_string\"}}],\"inLanguage\":\"et\"},{\"@type\":\"Organization\",\"@id\":\"https:\\\/\\\/klap.ee\\\/#organization\",\"name\":\"KLAP\",\"url\":\"https:\\\/\\\/klap.ee\\\/\",\"logo\":{\"@type\":\"ImageObject\",\"inLanguage\":\"et\",\"@id\":\"https:\\\/\\\/klap.ee\\\/#\\\/schema\\\/logo\\\/image\\\/\",\"url\":\"https:\\/\\/klap.ee\\/wp-content\\/uploads\\/2025\\/03\\/klap_logo_transparent_410x158.png\",\"contentUrl\":\"https:\\/\\/klap.ee\\/wp-content\\/uploads\\/2025\\/03\\/klap_logo_transparent_410x158.png\",\"width\":410,\"height\":158,\"caption\":\"KLAP\"},\"image\":{\"@id\":\"https:\\\/\\\/klap.ee\\\/#\\\/schema\\\/logo\\\/image\\\/\"}}]}<\/script>\n<!-- \/ Yoast SEO plugin. -->","yoast_head_json":{"title":"Herman Miller Embody Refurbished | \u20ac1,458 (was \u20ac2,001) | KLAP","description":"Buy a refurbished Herman Miller Embody chair for \u20ac1,458 \u2014 save 27% off the new price. Condition A, Pixelated Support, BackFit adjustment, fully adjustable arms. Same day delivery.","robots":{"index":"index","follow":"follow","max-snippet":"max-snippet:-1","max-image-preview":"max-image-preview:large","max-video-preview":"max-video-preview:-1"},"canonical":"https:\/\/klap.ee\/et\/toode\/herman-miller-embody-refurbished\/","og_locale":"et_EE","og_type":"article","og_title":"Herman Miller Embody Refurbished | \u20ac1,458 (was \u20ac2,001) | KLAP","og_description":"Buy a refurbished Herman Miller Embody chair for \u20ac1,458 \u2014 save 27% off the new price. Condition A, Pixelated Support, BackFit adjustment, fully adjustable arms. Same day delivery.","og_url":"https:\/\/klap.ee\/et\/toode\/herman-miller-embody-refurbished\/","og_site_name":"KLAP","article_modified_time":"2026-04-15T08:48:39+00:00","og_image":[{"width":1024,"height":1024,"url":"https:\/\/mlwqeu8tue9b.i.optimole.com\/cb:q2jb.1a9\/w:auto\/h:auto\/q:mauto\/ig:avif\/http:\/\/klap.ee\/wp-content\/uploads\/2026\/02\/1367f7fc-69c4-424b-9cbf-25e654899620.png","type":"image\/png"}],"twitter_card":"summary_large_image","twitter_misc":{"Est. reading time":"3 minutit"},"schema":{"@context":"https:\/\/schema.org","@graph":[{"@type":"WebPage","@id":"https:\/\/klap.ee\/product\/herman-miller-embody-refurbished\/","url":"https:\/\/klap.ee\/product\/herman-miller-embody-refurbished\/","name":"Herman Miller Embody Refurbished | \u20ac1,458 (was \u20ac2,001) | KLAP","isPartOf":{"@id":"https:\/\/klap.ee\/#website"},"primaryImageOfPage":{"@id":"https:\/\/klap.ee\/product\/herman-miller-embody-refurbished\/#primaryimage"},"image":{"@id":"https:\/\/klap.ee\/product\/herman-miller-embody-refurbished\/#primaryimage"},"thumbnailUrl":"https:\/\/mlwqeu8tue9b.i.optimole.com\/cb:q2jb.1a9\/w:auto\/h:auto\/q:mauto\/ig:avif\/https:\/\/klap.ee\/wp-content\/uploads\/2026\/02\/1367f7fc-69c4-424b-9cbf-25e654899620.png","datePublished":"2026-02-24T14:29:13+00:00","dateModified":"2026-04-15T08:48:39+00:00","description":"Buy a refurbished Herman Miller Embody chair for \u20ac1,458 \u2014 save 27% off the new price. Condition A, Pixelated Support, BackFit adjustment, fully adjustable arms. Same day delivery.","breadcrumb":{"@id":"https:\/\/klap.ee\/product\/herman-miller-embody-refurbished\/#breadcrumb"},"inLanguage":"et","potentialAction":[{"@type":"ReadAction","target":["https:\/\/klap.ee\/product\/herman-miller-embody-refurbished\/"]}]},{"@type":"ImageObject","inLanguage":"et","@id":"https:\/\/klap.ee\/product\/herman-miller-embody-refurbished\/#primaryimage","url":"https:\/\/mlwqeu8tue9b.i.optimole.com\/cb:q2jb.1a9\/w:auto\/h:auto\/q:mauto\/ig:avif\/https:\/\/klap.ee\/wp-content\/uploads\/2026\/02\/1367f7fc-69c4-424b-9cbf-25e654899620.png","contentUrl":"https:\/\/mlwqeu8tue9b.i.optimole.com\/cb:q2jb.1a9\/w:auto\/h:auto\/q:mauto\/ig:avif\/https:\/\/klap.ee\/wp-content\/uploads\/2026\/02\/1367f7fc-69c4-424b-9cbf-25e654899620.png","width":1024,"height":1024},{"@type":"BreadcrumbList","@id":"https:\/\/klap.ee\/product\/herman-miller-embody-refurbished\/#breadcrumb","itemListElement":[{"@type":"ListItem","position":1,"name":"Home","item":"https:\/\/klap.ee\/"},{"@type":"ListItem","position":2,"name":"Products","item":"https:\/\/klap.ee\/ergonomic-office-chairs\/"},{"@type":"ListItem","position":3,"name":"Herman Miller Embody (Refurbished)"}]},{"@type":"WebSite","@id":"https:\/\/klap.ee\/#website","url":"https:\/\/klap.ee\/","name":"KLAP","description":"J&auml;tkusuutliku disainm&ouml;&ouml;bli pood","publisher":{"@id":"https:\/\/klap.ee\/#organization"},"potentialAction":[{"@type":"SearchAction","target":{"@type":"EntryPoint","urlTemplate":"https:\/\/klap.ee\/?s={search_term_string}"},"query-input":{"@type":"PropertyValueSpecification","valueRequired":true,"valueName":"search_term_string"}}],"inLanguage":"et"},{"@type":"Organization","@id":"https:\/\/klap.ee\/#organization","name":"KLAP","url":"https:\/\/klap.ee\/","logo":{"@type":"ImageObject","inLanguage":"et","@id":"https:\/\/klap.ee\/#\/schema\/logo\/image\/","url":"https:\/\/mlwqeu8tue9b.i.optimole.com\/cb:q2jb.1a9\/w:auto\/h:auto\/q:mauto\/ig:avif\/https:\/\/klap.ee\/wp-content\/uploads\/2025\/03\/klap_logo_transparent_410x158.png","contentUrl":"https:\/\/mlwqeu8tue9b.i.optimole.com\/cb:q2jb.1a9\/w:auto\/h:auto\/q:mauto\/ig:avif\/https:\/\/klap.ee\/wp-content\/uploads\/2025\/03\/klap_logo_transparent_410x158.png","width":410,"height":158,"caption":"KLAP"},"image":{"@id":"https:\/\/klap.ee\/#\/schema\/logo\/image\/"}}]}},"_links":{"self":[{"href":"https:\/\/klap.ee\/et\/wp-json\/wp\/v2\/product\/4274","targetHints":{"allow":["GET"]}}],"collection":[{"href":"https:\/\/klap.ee\/et\/wp-json\/wp\/v2\/product"}],"about":[{"href":"https:\/\/klap.ee\/et\/wp-json\/wp\/v2\/types\/product"}],"wp:featuredmedia":[{"embeddable":true,"href":"https:\/\/klap.ee\/et\/wp-json\/wp\/v2\/media\/4279"}],"wp:attachment":[{"href":"https:\/\/klap.ee\/et\/wp-json\/wp\/v2\/media?parent=4274"}],"wp:term":[{"taxonomy":"product_brand","embeddable":true,"href":"https:\/\/klap.ee\/et\/wp-json\/wp\/v2\/product_brand?post=4274"},{"taxonomy":"product_cat","embeddable":true,"href":"https:\/\/klap.ee\/et\/wp-json\/wp\/v2\/product_cat?post=4274"},{"taxonomy":"product_tag","embeddable":true,"href":"https:\/\/klap.ee\/et\/wp-json\/wp\/v2\/product_tag?post=4274"}],"curies":[{"name":"wp","href":"https:\/\/api.w.org\/{rel}","templated":true}]}}