{"id":4291,"date":"2026-02-28T09:36:00","date_gmt":"2026-02-28T09:36:00","guid":{"rendered":"https:\/\/klap.ee\/?post_type=product&#038;p=4291"},"modified":"2026-04-15T08:48:39","modified_gmt":"2026-04-15T08:48:39","slug":"herman-miller-sayl-refurbished","status":"publish","type":"product","link":"https:\/\/klap.ee\/et\/toode\/herman-miller-sayl-refurbished\/","title":{"rendered":"Herman Miller Sayl Polsterdatud (Uuendatud)"},"content":{"rendered":"<h2><strong>Herman Miller Sayl Polsterdatud\u00a0<\/strong><\/h2>\n<p data-start=\"170\" data-end=\"505\"><strong data-start=\"170\" data-end=\"231\">Sayl \u2013 kerge disain ja silmapaistev 3D-esteetika<\/strong><br data-start=\"231\" data-end=\"234\" \/>Herman Miller Sayl on elegantne, kerge p\u00f6\u00f6ratav tool, mis k\u00f6idab t\u00e4helepanu uuendusliku 3D-disaini poolest. Pakkudes muljetavaldavat valikut ergonoomilisi funktsioone taskukohase hinnaga, pakub see \u00fchte parimat hinna ja kvaliteedi suhet premium-klassi kontoritoolide seas.<\/p>\n<p data-start=\"507\" data-end=\"916\"><strong data-start=\"507\" data-end=\"533\">Stiilne ja funktsionaalne<\/strong><br data-start=\"533\" data-end=\"536\" \/>Tuntud kui \u00fcks Herman Milleri visuaalselt silmapaistvamaid toole, on Sayl p\u00e4lvinud kiitust oma skulpturaalse disaini eest, mida v\u00f5rreldakse funktsionaalse kunstiteosega. Hoolimata julgest v\u00e4limusest sisaldab see k\u00f5iki mugavuse ja toe jaoks vajalikke funktsioone. Selle suurim tugevus on auhinnatud disaini k\u00e4ttesaadavaks tegemine ilma funktsionaalsust v\u00f5i taskukohasust ohverdamata.<\/p>\n<p data-start=\"918\" data-end=\"1441\"><strong data-start=\"918\" data-end=\"964\">Seljatoe uuendus: tugi kohtub liikumisvabadusega<\/strong><br data-start=\"964\" data-end=\"967\" \/>Raamita ja intelligentne 3D-seljatugi soodustab loomulikku liikumist ja kerget venitust, pakkudes kindlat tuge koos liikumisvabaduse tundega. Painduvad elastomeern\u00f6\u00f6rid, mis erinevad paksuse ja pingega, annavad sihitud nimmeluu toe selgroole, v\u00f5imaldades samal ajal teistel kehaosadel vabalt liikuda. Mitmed istumisasendid on mugavalt toetatud, ning passiivne ristluutugi aitab hoida selgroo loomulikku S-kuju, v\u00e4hendades v\u00e4simust pikema istumise ajal.<\/p>\n<p data-start=\"1443\" data-end=\"1788\"><strong data-start=\"1443\" data-end=\"1481\">Inspireeritud Golden Gate\u2019i sillast<\/strong><br data-start=\"1481\" data-end=\"1484\" \/>Sayli on disaininud Yves B\u00e9har ning see on inspireeritud Golden Gate\u2019i silla riputusp\u00f5him\u00f5tetest, saavutades struktuurse tugevuse minimaalse materjaliga. See disainifilosoofia m\u00f5jutab nii seljatoe vastupidavust kui ka esteetikat, tehes selle visuaalselt silmapaistvaks ja samal ajal ergonoomiliselt t\u00f5husaks.<\/p>\n<p data-start=\"1790\" data-end=\"2123\"><strong data-start=\"1790\" data-end=\"1829\">Erakordne hinna ja sooritusv\u00f5ime suhe<\/strong><br data-start=\"1829\" data-end=\"1832\" \/>Innovatiivsete materjalide ja intelligentse disaini kombinatsioon tagab premium-mugavuse ja toe taskukohase hinnaga. Iga detail on hoolikalt viimistletud B\u00e9hari ja Herman Milleri meeskonna poolt, tulemuseks on tool, mis seab uued standardid disaini, sooritusv\u00f5ime ja taskukohasuse vallas.<\/p>\n<p data-start=\"2125\" data-end=\"2440\"><strong data-start=\"2125\" data-end=\"2163\">J\u00e4tkusuutlik ja vastutustundlik disain<\/strong><br data-start=\"2163\" data-end=\"2166\" \/>Eco-Dematerialized-l\u00e4henemine kasutab v\u00e4hem materjali, s\u00e4ilitades samal ajal struktuurse terviklikkuse ning toetades kasutajaid kuni 159 kg. Tootmine toimub kolmel kontinendil, et v\u00e4hendada transpordikaugusi. Sayl ei sisalda PVC-d ning on valmistatud peaaegu t\u00e4ielikult taaskasutatavatest materjalidest.<\/p>\n<p data-start=\"2442\" data-end=\"2777\"><strong data-start=\"2442\" data-end=\"2478\">T\u00e4iendatud funktsioonid kaasaegseks kasutuseks<\/strong><br data-start=\"2478\" data-end=\"2481\" \/>Premium Herman Miller Gaming Sayl sisaldab n\u00fc\u00fcd 4D reguleeritavaid k\u00e4etoesid ja t\u00e4iustatud nimmeluutuge, funktsioone, mida standardmudel ei paku. See sobib ideaalselt disainihuvilistele, loovatele professionaalidele ja n\u00f5udlikele arvutikomplektidele \u2013 ideaalne kodukontorisse, t\u00f6\u00f6keskkonda v\u00f5i m\u00e4ngimiseks.<\/p>\n<h3>Tippklassi funktsioonid kokkuv\u00f5tvalt<\/h3>\n<ul>\n<li><strong>Premium kangas:<\/strong> K\u00f5rge j\u00f5udlusega kangas, mis on loodud pakkuma erakordset mugavust ja pikaajalist vastupidavust.<\/li>\n<li><strong>3D intelligentne seljatugi<\/strong>\u00a0elastomeerist ribad muutuva pingega, mis tagavad optimaalse toe ja liikumisvabaduse \u2013 inspireeritud Golden Gate\u2019i sillast.<\/li>\n<li><strong>Harmonic\u2122 Tilt:<\/strong>\u00a0t\u00e4iustatud kiiketehnoloogia sujuvaks liikumiseks igas asendis \u2013 ideaalne pikkadeks kasutussessioonideks.<\/li>\n<li><strong>4D k\u00e4etoed:<\/strong>\u00a0t\u00e4ielikult reguleeritavad k\u00f5rguse, s\u00fcgavuse, laiuse ja nurga osas \u2013 t\u00e4iendus kuulub komplekti.<\/li>\n<li><strong>Saadaval neljas erinevas v\u00e4rvitoonis:<\/strong> Sinine, Roheline, Punane, Hall.<\/li>\n<li><strong>\u00d6kodematerialiseeritud disain:<\/strong>\u00a0kuni 90% taaskasutatav, PVC-vaba \u2013 minimaalne materjalikulu.<\/li>\n<\/ul>\n<h2>\u00dcldteave<\/h2>\n<p>Need kontoritoolid on uuendatud. Meie jaoks t\u00e4hendab 'refurbished' seda, et toolid on hoolikalt kontrollitud, v\u00f5imalik, et need on polsterdatud, varustatud uute ametlike osadega, puhastatud ja poleeritud. \u00dcritame saavutada toolide sellise seisukorra, et need n\u00e4eksid v\u00e4lja taas nagu uued.<\/p>\n<ul>\n<li><strong>Uuendatud: Seisukord A<\/strong><\/li>\n<li>Suurus: universaalne<\/li>\n<li>Seljatoe v\u00e4rvus: erinevad<\/li>\n<li>Raami v\u00e4rv: must<\/li>\n<li>Jalarist: alumiinium<\/li>\n<li>Garantii: 5 aastat<\/li>\n<li>4D kohaldatavad k\u00e4etoed<\/li>\n<li>Istme k\u00f5rguse reguleerimine<\/li>\n<li>Kallutuse reguleerimine<\/li>\n<li>Harmonic\u2122 Tilt<\/li>\n<li>Y-Tower\u00ae disain<\/li>\n<li>Reguleeritav istme kalle<\/li>\n<\/ul>\n<h2 style=\"text-align: left;\">Toote spetsifikatsiionid<\/h2>\n<ul>\n<li style=\"list-style-type: none;\">\n<table style=\"width: 649px; height: 558px;\" width=\"100%\">\n<tbody>\n<tr style=\"height: 19.6px;\">\n<td style=\"width: 49.7619%; height: 19.6px;\">\n<p style=\"text-align: left;\"><span style=\"color: #808080;\">Designer<br \/>\n<\/span>Yves B\u00e9har<\/p>\n<p style=\"text-align: left;\"><span style=\"color: #808080;\">Design year<br \/>\n<\/span>2010<\/p>\n<p style=\"text-align: left;\"><span style=\"color: #808080;\">Produced in<\/span><br \/>\nUSA<\/p>\n<p style=\"text-align: left;\"><span style=\"color: #808080;\">Certificates<br \/>\n<\/span>level\u00ae<br \/>\nGREENGUARD<br \/>\nCradle to Cradle<\/p>\n<\/td>\n<td style=\"width: 49.7619%; height: 19.6px;\"><span style=\"color: #808080;\">Overall Dimensions<br \/>\n<\/span>Size &#8211; 1035 (H) x 622 (W) x 502 mm (D)<span style=\"color: #808080;\">Max Capacity<br \/>\n<\/span>Size &#8211; 159 kg<span style=\"color: #808080;\">Product Weight<br \/>\n<\/span>Size &#8211; 16,8 &#8211; 18,1 kg<\/td>\n<\/tr>\n<\/tbody>\n<\/table>\n<p>&nbsp;<\/li>\n<\/ul>\n<p>&nbsp;<\/p>","protected":false},"excerpt":{"rendered":"<p>\u2713 Uuendatud \u2013 A-kategooria seisukord<br \/>\n\u2713 S\u00e4\u00e4sta 45% v\u00f5rreldes uue hinnaga<br \/>\n\u2713 4D k\u00e4etoed ja Harmonic Tilt kaasas<br \/>\n\u2713 5 v\u00e4rvi: sinine, punane, roheline, hall, must<br \/>\n\u2713 Kiire tarne<\/p>","protected":false},"featured_media":4616,"template":"","meta":{"_themeisle_gutenberg_block_has_review":false,"iawp_total_views":1},"product_brand":[31],"product_cat":[115,33,34,25,112],"product_tag":[73,30,83],"class_list":{"0":"post-4291","1":"product","2":"type-product","3":"status-publish","4":"has-post-thumbnail","6":"product_brand-hermanmiller","7":"product_cat-brands","8":"product_cat-ergonomic-office-chairs","9":"product_cat-herman-miller","10":"product_cat-office-furniture-1","11":"product_cat-office-furniture","12":"product_tag-herman-miller","13":"product_tag-refurbished","14":"product_tag-sayl","15":"product_shipping_class-toolid","17":"first","18":"instock","19":"sale","20":"shipping-taxable","21":"purchasable","22":"product-type-variable","23":"has-default-attributes"},"yoast_head":"<!-- This site is optimized with the Yoast SEO plugin v27.4 - https:\/\/yoast.com\/product\/yoast-seo-wordpress\/ -->\n<title>Herman Miller Sayl Refurbished | From \u20ac516 | 5 Colours | KLAP<\/title>\n<meta name=\"description\" content=\"Buy a refurbished Herman Miller Sayl upholstered chair from \u20ac516 \u2014 save 45%. Condition A, 4D armrests, Harmonic Tilt, 5-year warranty. Available in 5 colours. Same day delivery.\" \/>\n<meta name=\"robots\" content=\"index, follow, max-snippet:-1, max-image-preview:large, max-video-preview:-1\" \/>\n<link rel=\"canonical\" href=\"https:\/\/klap.ee\/et\/toode\/herman-miller-sayl-refurbished\/\" \/>\n<meta property=\"og:locale\" content=\"et_EE\" \/>\n<meta property=\"og:type\" content=\"article\" \/>\n<meta property=\"og:title\" content=\"Herman Miller Sayl Refurbished | From \u20ac516 | 5 Colours | KLAP\" \/>\n<meta property=\"og:description\" content=\"Buy a refurbished Herman Miller Sayl upholstered chair from \u20ac516 \u2014 save 45%. Condition A, 4D armrests, Harmonic Tilt, 5-year warranty. Available in 5 colours. Same day delivery.\" \/>\n<meta property=\"og:url\" content=\"https:\/\/klap.ee\/et\/toode\/herman-miller-sayl-refurbished\/\" \/>\n<meta property=\"og:site_name\" content=\"KLAP\" \/>\n<meta property=\"article:modified_time\" content=\"2026-04-15T08:48:39+00:00\" \/>\n<meta property=\"og:image\" content=\"https:\/\/mlwqeu8tue9b.i.optimole.com\/cb:q2jb.1a9\/w:1024\/h:1024\/q:mauto\/ig:avif\/http:\/\/klap.ee\/wp-content\/uploads\/2026\/02\/Untitled-design-14.png\" \/>\n\t<meta property=\"og:image:width\" content=\"1024\" \/>\n\t<meta property=\"og:image:height\" content=\"1024\" \/>\n\t<meta property=\"og:image:type\" content=\"image\/png\" \/>\n<meta name=\"twitter:card\" content=\"summary_large_image\" \/>\n<meta name=\"twitter:label1\" content=\"Est. reading time\" \/>\n\t<meta name=\"twitter:data1\" content=\"3 minutit\" \/>\n<script type=\"application\/ld+json\" class=\"yoast-schema-graph\">{\"@context\":\"https:\\\/\\\/schema.org\",\"@graph\":[{\"@type\":\"WebPage\",\"@id\":\"https:\\\/\\\/klap.ee\\\/product\\\/herman-miller-sayl-refurbished\\\/\",\"url\":\"https:\\\/\\\/klap.ee\\\/product\\\/herman-miller-sayl-refurbished\\\/\",\"name\":\"Herman Miller Sayl Refurbished | From \u20ac516 | 5 Colours | KLAP\",\"isPartOf\":{\"@id\":\"https:\\\/\\\/klap.ee\\\/#website\"},\"primaryImageOfPage\":{\"@id\":\"https:\\\/\\\/klap.ee\\\/product\\\/herman-miller-sayl-refurbished\\\/#primaryimage\"},\"image\":{\"@id\":\"https:\\\/\\\/klap.ee\\\/product\\\/herman-miller-sayl-refurbished\\\/#primaryimage\"},\"thumbnailUrl\":\"https:\\/\\/klap.ee\\/wp-content\\/uploads\\/2026\\/02\\/Untitled-design-14.png\",\"datePublished\":\"2026-02-28T09:36:00+00:00\",\"dateModified\":\"2026-04-15T08:48:39+00:00\",\"description\":\"Buy a refurbished Herman Miller Sayl upholstered chair from \u20ac516 \u2014 save 45%. Condition A, 4D armrests, Harmonic Tilt, 5-year warranty. Available in 5 colours. Same day delivery.\",\"breadcrumb\":{\"@id\":\"https:\\\/\\\/klap.ee\\\/product\\\/herman-miller-sayl-refurbished\\\/#breadcrumb\"},\"inLanguage\":\"et\",\"potentialAction\":[{\"@type\":\"ReadAction\",\"target\":[\"https:\\\/\\\/klap.ee\\\/product\\\/herman-miller-sayl-refurbished\\\/\"]}]},{\"@type\":\"ImageObject\",\"inLanguage\":\"et\",\"@id\":\"https:\\\/\\\/klap.ee\\\/product\\\/herman-miller-sayl-refurbished\\\/#primaryimage\",\"url\":\"https:\\/\\/klap.ee\\/wp-content\\/uploads\\/2026\\/02\\/Untitled-design-14.png\",\"contentUrl\":\"https:\\/\\/klap.ee\\/wp-content\\/uploads\\/2026\\/02\\/Untitled-design-14.png\",\"width\":1600,\"height\":1600},{\"@type\":\"BreadcrumbList\",\"@id\":\"https:\\\/\\\/klap.ee\\\/product\\\/herman-miller-sayl-refurbished\\\/#breadcrumb\",\"itemListElement\":[{\"@type\":\"ListItem\",\"position\":1,\"name\":\"Home\",\"item\":\"https:\\\/\\\/klap.ee\\\/\"},{\"@type\":\"ListItem\",\"position\":2,\"name\":\"Products\",\"item\":\"https:\\\/\\\/klap.ee\\\/ergonomic-office-chairs\\\/\"},{\"@type\":\"ListItem\",\"position\":3,\"name\":\"Herman Miller Upholstered Sayl (Refurbished)\"}]},{\"@type\":\"WebSite\",\"@id\":\"https:\\\/\\\/klap.ee\\\/#website\",\"url\":\"https:\\\/\\\/klap.ee\\\/\",\"name\":\"KLAP\",\"description\":\"J&auml;tkusuutliku disainm&ouml;&ouml;bli pood\",\"publisher\":{\"@id\":\"https:\\\/\\\/klap.ee\\\/#organization\"},\"potentialAction\":[{\"@type\":\"SearchAction\",\"target\":{\"@type\":\"EntryPoint\",\"urlTemplate\":\"https:\\\/\\\/klap.ee\\\/?s={search_term_string}\"},\"query-input\":{\"@type\":\"PropertyValueSpecification\",\"valueRequired\":true,\"valueName\":\"search_term_string\"}}],\"inLanguage\":\"et\"},{\"@type\":\"Organization\",\"@id\":\"https:\\\/\\\/klap.ee\\\/#organization\",\"name\":\"KLAP\",\"url\":\"https:\\\/\\\/klap.ee\\\/\",\"logo\":{\"@type\":\"ImageObject\",\"inLanguage\":\"et\",\"@id\":\"https:\\\/\\\/klap.ee\\\/#\\\/schema\\\/logo\\\/image\\\/\",\"url\":\"https:\\/\\/klap.ee\\/wp-content\\/uploads\\/2025\\/03\\/klap_logo_transparent_410x158.png\",\"contentUrl\":\"https:\\/\\/klap.ee\\/wp-content\\/uploads\\/2025\\/03\\/klap_logo_transparent_410x158.png\",\"width\":410,\"height\":158,\"caption\":\"KLAP\"},\"image\":{\"@id\":\"https:\\\/\\\/klap.ee\\\/#\\\/schema\\\/logo\\\/image\\\/\"}}]}<\/script>\n<!-- \/ Yoast SEO plugin. -->","yoast_head_json":{"title":"Herman Miller Sayl Refurbished | From \u20ac516 | 5 Colours | KLAP","description":"Buy a refurbished Herman Miller Sayl upholstered chair from \u20ac516 \u2014 save 45%. Condition A, 4D armrests, Harmonic Tilt, 5-year warranty. Available in 5 colours. Same day delivery.","robots":{"index":"index","follow":"follow","max-snippet":"max-snippet:-1","max-image-preview":"max-image-preview:large","max-video-preview":"max-video-preview:-1"},"canonical":"https:\/\/klap.ee\/et\/toode\/herman-miller-sayl-refurbished\/","og_locale":"et_EE","og_type":"article","og_title":"Herman Miller Sayl Refurbished | From \u20ac516 | 5 Colours | KLAP","og_description":"Buy a refurbished Herman Miller Sayl upholstered chair from \u20ac516 \u2014 save 45%. Condition A, 4D armrests, Harmonic Tilt, 5-year warranty. Available in 5 colours. Same day delivery.","og_url":"https:\/\/klap.ee\/et\/toode\/herman-miller-sayl-refurbished\/","og_site_name":"KLAP","article_modified_time":"2026-04-15T08:48:39+00:00","og_image":[{"width":1024,"height":1024,"url":"https:\/\/mlwqeu8tue9b.i.optimole.com\/cb:q2jb.1a9\/w:1024\/h:1024\/q:mauto\/ig:avif\/http:\/\/klap.ee\/wp-content\/uploads\/2026\/02\/Untitled-design-14.png","type":"image\/png"}],"twitter_card":"summary_large_image","twitter_misc":{"Est. reading time":"3 minutit"},"schema":{"@context":"https:\/\/schema.org","@graph":[{"@type":"WebPage","@id":"https:\/\/klap.ee\/product\/herman-miller-sayl-refurbished\/","url":"https:\/\/klap.ee\/product\/herman-miller-sayl-refurbished\/","name":"Herman Miller Sayl Refurbished | From \u20ac516 | 5 Colours | KLAP","isPartOf":{"@id":"https:\/\/klap.ee\/#website"},"primaryImageOfPage":{"@id":"https:\/\/klap.ee\/product\/herman-miller-sayl-refurbished\/#primaryimage"},"image":{"@id":"https:\/\/klap.ee\/product\/herman-miller-sayl-refurbished\/#primaryimage"},"thumbnailUrl":"https:\/\/mlwqeu8tue9b.i.optimole.com\/cb:q2jb.1a9\/w:auto\/h:auto\/q:mauto\/ig:avif\/https:\/\/klap.ee\/wp-content\/uploads\/2026\/02\/Untitled-design-14.png","datePublished":"2026-02-28T09:36:00+00:00","dateModified":"2026-04-15T08:48:39+00:00","description":"Buy a refurbished Herman Miller Sayl upholstered chair from \u20ac516 \u2014 save 45%. Condition A, 4D armrests, Harmonic Tilt, 5-year warranty. Available in 5 colours. Same day delivery.","breadcrumb":{"@id":"https:\/\/klap.ee\/product\/herman-miller-sayl-refurbished\/#breadcrumb"},"inLanguage":"et","potentialAction":[{"@type":"ReadAction","target":["https:\/\/klap.ee\/product\/herman-miller-sayl-refurbished\/"]}]},{"@type":"ImageObject","inLanguage":"et","@id":"https:\/\/klap.ee\/product\/herman-miller-sayl-refurbished\/#primaryimage","url":"https:\/\/mlwqeu8tue9b.i.optimole.com\/cb:q2jb.1a9\/w:auto\/h:auto\/q:mauto\/ig:avif\/https:\/\/klap.ee\/wp-content\/uploads\/2026\/02\/Untitled-design-14.png","contentUrl":"https:\/\/mlwqeu8tue9b.i.optimole.com\/cb:q2jb.1a9\/w:auto\/h:auto\/q:mauto\/ig:avif\/https:\/\/klap.ee\/wp-content\/uploads\/2026\/02\/Untitled-design-14.png","width":1600,"height":1600},{"@type":"BreadcrumbList","@id":"https:\/\/klap.ee\/product\/herman-miller-sayl-refurbished\/#breadcrumb","itemListElement":[{"@type":"ListItem","position":1,"name":"Home","item":"https:\/\/klap.ee\/"},{"@type":"ListItem","position":2,"name":"Products","item":"https:\/\/klap.ee\/ergonomic-office-chairs\/"},{"@type":"ListItem","position":3,"name":"Herman Miller Upholstered Sayl (Refurbished)"}]},{"@type":"WebSite","@id":"https:\/\/klap.ee\/#website","url":"https:\/\/klap.ee\/","name":"KLAP","description":"J&auml;tkusuutliku disainm&ouml;&ouml;bli pood","publisher":{"@id":"https:\/\/klap.ee\/#organization"},"potentialAction":[{"@type":"SearchAction","target":{"@type":"EntryPoint","urlTemplate":"https:\/\/klap.ee\/?s={search_term_string}"},"query-input":{"@type":"PropertyValueSpecification","valueRequired":true,"valueName":"search_term_string"}}],"inLanguage":"et"},{"@type":"Organization","@id":"https:\/\/klap.ee\/#organization","name":"KLAP","url":"https:\/\/klap.ee\/","logo":{"@type":"ImageObject","inLanguage":"et","@id":"https:\/\/klap.ee\/#\/schema\/logo\/image\/","url":"https:\/\/mlwqeu8tue9b.i.optimole.com\/cb:q2jb.1a9\/w:auto\/h:auto\/q:mauto\/ig:avif\/https:\/\/klap.ee\/wp-content\/uploads\/2025\/03\/klap_logo_transparent_410x158.png","contentUrl":"https:\/\/mlwqeu8tue9b.i.optimole.com\/cb:q2jb.1a9\/w:auto\/h:auto\/q:mauto\/ig:avif\/https:\/\/klap.ee\/wp-content\/uploads\/2025\/03\/klap_logo_transparent_410x158.png","width":410,"height":158,"caption":"KLAP"},"image":{"@id":"https:\/\/klap.ee\/#\/schema\/logo\/image\/"}}]}},"_links":{"self":[{"href":"https:\/\/klap.ee\/et\/wp-json\/wp\/v2\/product\/4291","targetHints":{"allow":["GET"]}}],"collection":[{"href":"https:\/\/klap.ee\/et\/wp-json\/wp\/v2\/product"}],"about":[{"href":"https:\/\/klap.ee\/et\/wp-json\/wp\/v2\/types\/product"}],"wp:featuredmedia":[{"embeddable":true,"href":"https:\/\/klap.ee\/et\/wp-json\/wp\/v2\/media\/4616"}],"wp:attachment":[{"href":"https:\/\/klap.ee\/et\/wp-json\/wp\/v2\/media?parent=4291"}],"wp:term":[{"taxonomy":"product_brand","embeddable":true,"href":"https:\/\/klap.ee\/et\/wp-json\/wp\/v2\/product_brand?post=4291"},{"taxonomy":"product_cat","embeddable":true,"href":"https:\/\/klap.ee\/et\/wp-json\/wp\/v2\/product_cat?post=4291"},{"taxonomy":"product_tag","embeddable":true,"href":"https:\/\/klap.ee\/et\/wp-json\/wp\/v2\/product_tag?post=4291"}],"curies":[{"name":"wp","href":"https:\/\/api.w.org\/{rel}","templated":true}]}}