{"id":4944,"date":"2026-04-21T06:47:52","date_gmt":"2026-04-21T06:47:52","guid":{"rendered":"https:\/\/klap.ee\/?post_type=product&#038;p=4944"},"modified":"2026-04-21T08:13:18","modified_gmt":"2026-04-21T08:13:18","slug":"https-klap-ee-product-vitra-eames-ea-117-refurbished","status":"publish","type":"product","link":"https:\/\/klap.ee\/et\/toode\/https-klap-ee-product-vitra-eames-ea-117-refurbished\/","title":{"rendered":"Vitra Eames EA 117 (uuendatud)"},"content":{"rendered":"<h2><strong>Toote kirjeldus<\/strong><\/h2>\n<p data-start=\"180\" data-end=\"789\">Vitra Eames EA 117 sinise nahaga on ajatu juhtimistool, mis \u00fchendab vaevata ikoonilise keskaja modernistliku disaini ja peene ergonoomilise funktsionaalsuse. Selle l\u00f5id legendaarne disainiduo Charles and Ray Eames ning EA 117 kuulub hinnatud Eames Aluminium Group kollektsiooni \u2014 seeriasse, mis on kujundanud kaasaegse kontoridisaini esteetikat alates selle turuletulekust. Kaetud rikkaliku sinise nahaga ja toetatud t\u00e4pselt valmistatud survevalualumiiniumist raamile, m\u00f5jub see tool julge, kuid samas elegantse aktsendina igas professionaalses keskkonnas. Olgu see paigutatud erakontorisse, n\u00f5upidamisruumi v\u00f5i kaasaegsesse kodukontorisse, Vitra Eames EA 117 pakub v\u00f5rdselt nii p\u00fcsivat stiili kui ka kestvat mugavust.<\/p>\n<h2 data-start=\"791\" data-end=\"829\">Vitra Eames EA 117 omadused<\/h2>\n<p data-start=\"831\" data-end=\"1178\">Vitra Eames EA 117 keskmes on selle iseloomulik pingutatud ripps\u00fcsteem, kus polsterdatud nahkpaneelid on t\u00f5mmatud pingule alumiiniumist k\u00fclgraamide vahele, luues toetava, kuid visuaalselt kerge konstruktsiooni. K\u00f5rgem seljatugi pakub suurep\u00e4rast nimme- ja \u00fclaselja tuge, muutes tooli eriti sobivaks pikemateks istumisperioodideks. Toolil on gaasit\u00f5stukiga reguleeritav istmek\u00f5rgus, kallutusmehhanism reguleeritava vastupanuga ning poleeritud viieharuline alumiiniumist jalarist sujuvalt veerevate ratastega. Pehme sinine nahkpolster lisab luksusliku viimistluse, samas kui survevalualumiiniumist raam tagab vastupidavuse ja selgelt \u00e4ratuntava visuaalse identiteedi, mis p\u00f5hineb Charles and Ray Eames disainip\u00e4randil.<\/p>\n<h2 data-start=\"1489\" data-end=\"1507\">Peamised eelised<\/h2>\n<ul>\n<li class=\"whitespace-normal break-words pl-2\">Disaininud Charles and Ray Eames \u2013 \u00fcks ikoonilisemaid toole disainiajaloos<\/li>\n<li class=\"whitespace-normal break-words pl-2\">Kvaliteetne sinine nahkpolster loob elegantse juhtkonnale sobiva esteetika<\/li>\n<li class=\"whitespace-normal break-words pl-2\">Kvaliteetne sinine nahkpolster loob elegantse juhtkonnale sobiva esteetika<\/li>\n<li class=\"whitespace-normal break-words pl-2\">Ikooniline survevalualumiiniumist raam tagab vastupidavuse ja visuaalse elegantsi<\/li>\n<li class=\"whitespace-normal break-words pl-2\">Mitmek\u00fclgne kasutus: ideaalne erakontorisse, n\u00f5upidamisruumi ja kodukontorisse<\/li>\n<\/ul>\n<h2>\u00dcldteave<\/h2>\n<p class=\"\" data-start=\"1302\" data-end=\"1578\">Need kontoritoolid on uuendatud. Meie jaoks t\u00e4hendab 'refurbished' seda, et toolid on hoolikalt kontrollitud, v\u00f5imalik, et need on polsterdatud, varustatud uute ametlike osadega, puhastatud ja poleeritud. \u00dcritame saavutada toolide sellise seisukorra, et need n\u00e4eksid v\u00e4lja taas nagu uued.<\/p>\n<ul>\n<li>Uunedatud - Konditsioon: A<\/li>\n<li>Polstri v\u00e4rv: sinine nahk<\/li>\n<li>Raami v\u00e4rv: poleeritud alumiinium<\/li>\n<li>Rattad: universaalsed rattad (vaip\/k\u00f5va p\u00f5rand)<\/li>\n<li>Kasutusotstarve: kontor, juhtkond, intensiivne kasutus<\/li>\n<\/ul>\n<h2>Toote spetsifikatsiionid<\/h2>\n<div class=\"elementor-widget-container\"><\/div>\n<div>\n<table style=\"width: 649px; height: 558px;\" width=\"100%\">\n<tbody>\n<tr style=\"height: 19.6px;\">\n<td style=\"width: 49.7619%; height: 19.6px;\">&nbsp;<\/p>\n<p style=\"text-align: left;\"><span style=\"color: #808080;\">Designer<br \/>\n<\/span>Charles &amp; Ray Eames<\/p>\n<p style=\"text-align: left;\"><span style=\"color: #808080;\">Design year<br \/>\n<\/span>1958<\/p>\n<p style=\"text-align: left;\"><span style=\"color: #808080;\">Produced in<\/span><br \/>\nSwizerland<\/p>\n<p style=\"text-align: left;\"><span style=\"color: #808080;\">Certificates<\/span><br \/>\nBIFMA level\u00ae 3,<br \/>\nREENGUARD\u00ae Gold<\/p>\n<\/td>\n<td style=\"width: 49.7619%; height: 19.6px;\">&nbsp;<\/p>\n<p><span style=\"color: #808080;\">Overall Dimensions<br \/>\n<\/span>Size \u2013 1060\u20131200 (H) x 660 (W) x 660 mm (D)<\/p>\n<p>&nbsp;<\/p>\n<p><span style=\"color: #808080;\"><span style=\"color: #808080;\">Max Capacity<br \/>\n<\/span><\/span>110 kg<\/p>\n<p><span style=\"color: #808080; font-family: inherit; font-size: inherit;\"><br \/>\nProduct Weight<br \/>\n<\/span>14<\/p>\n<p>&nbsp;<\/td>\n<\/tr>\n<\/tbody>\n<\/table>\n<p>&nbsp;<\/p>\n<\/div>","protected":false},"excerpt":{"rendered":"<p>\u2713 Uuendatud \u2013 A-kategooria seisukord<br \/>\n\u2713 S\u00e4\u00e4sta 76% \u2013 disaininud Charles and Ray Eames (Vitra, Switzerland)<br \/>\n\u2713 Kvaliteetne sinine nahkpolster<br \/>\n\u2713 Poleeritud survevalualumiiniumist raam<br \/>\n\u2713 Kiire tarne<\/p>","protected":false},"featured_media":4946,"template":"","meta":{"_themeisle_gutenberg_block_has_review":false,"iawp_total_views":1},"product_brand":[78],"product_cat":[115,33,112,25,77,106],"product_tag":[58,30],"class_list":{"0":"post-4944","1":"product","2":"type-product","3":"status-publish","4":"has-post-thumbnail","6":"product_brand-vitra","7":"product_cat-brands","8":"product_cat-ergonomic-office-chairs","9":"product_cat-office-furniture","10":"product_cat-office-furniture-1","11":"product_cat-refurbished-office-chairs","12":"product_cat-vitra","13":"product_tag-eco-friendly-choice","14":"product_tag-refurbished","15":"product_shipping_class-toolid","17":"first","18":"instock","19":"sale","20":"shipping-taxable","21":"purchasable","22":"product-type-simple"},"yoast_head":"<!-- This site is optimized with the Yoast SEO plugin v27.4 - https:\/\/yoast.com\/product\/yoast-seo-wordpress\/ -->\n<title>Vitra Eames EA 117 Refurbished | \u20ac832 | KLAP<\/title>\n<meta name=\"description\" content=\"Buy a refurbished Vitra Eames EA 117 office chair for \u20ac832 \u2014 save 76%. Condition A, designed by Charles &amp; Ray Eames, blue leather upholstery, polished aluminium frame. Fast delivery.\" \/>\n<meta name=\"robots\" content=\"index, follow, max-snippet:-1, max-image-preview:large, max-video-preview:-1\" \/>\n<link rel=\"canonical\" href=\"https:\/\/klap.ee\/et\/toode\/https-klap-ee-product-vitra-eames-ea-117-refurbished\/\" \/>\n<meta property=\"og:locale\" content=\"et_EE\" \/>\n<meta property=\"og:type\" content=\"article\" \/>\n<meta property=\"og:title\" content=\"Vitra Eames EA 117 Refurbished | \u20ac832 | KLAP\" \/>\n<meta property=\"og:description\" content=\"Buy a refurbished Vitra Eames EA 117 office chair for \u20ac832 \u2014 save 76%. Condition A, designed by Charles &amp; Ray Eames, blue leather upholstery, polished aluminium frame. Fast delivery.\" \/>\n<meta property=\"og:url\" content=\"https:\/\/klap.ee\/et\/toode\/https-klap-ee-product-vitra-eames-ea-117-refurbished\/\" \/>\n<meta property=\"og:site_name\" content=\"KLAP\" \/>\n<meta property=\"article:modified_time\" content=\"2026-04-21T08:13:18+00:00\" \/>\n<meta property=\"og:image\" content=\"https:\/\/mlwqeu8tue9b.i.optimole.com\/cb:KYJs.1ae\/w:1024\/h:1024\/q:mauto\/ig:avif\/http:\/\/klap.ee\/wp-content\/uploads\/2026\/04\/Untitled-design.png\" \/>\n\t<meta property=\"og:image:width\" content=\"1024\" \/>\n\t<meta property=\"og:image:height\" content=\"1024\" \/>\n\t<meta property=\"og:image:type\" content=\"image\/png\" \/>\n<meta name=\"twitter:card\" content=\"summary_large_image\" \/>\n<meta name=\"twitter:label1\" content=\"Est. reading time\" \/>\n\t<meta name=\"twitter:data1\" content=\"2 minutit\" \/>\n<script type=\"application\/ld+json\" class=\"yoast-schema-graph\">{\"@context\":\"https:\\\/\\\/schema.org\",\"@graph\":[{\"@type\":\"WebPage\",\"@id\":\"https:\\\/\\\/klap.ee\\\/product\\\/https-klap-ee-product-vitra-eames-ea-117-refurbished\\\/\",\"url\":\"https:\\\/\\\/klap.ee\\\/product\\\/https-klap-ee-product-vitra-eames-ea-117-refurbished\\\/\",\"name\":\"Vitra Eames EA 117 Refurbished | \u20ac832 | KLAP\",\"isPartOf\":{\"@id\":\"https:\\\/\\\/klap.ee\\\/#website\"},\"primaryImageOfPage\":{\"@id\":\"https:\\\/\\\/klap.ee\\\/product\\\/https-klap-ee-product-vitra-eames-ea-117-refurbished\\\/#primaryimage\"},\"image\":{\"@id\":\"https:\\\/\\\/klap.ee\\\/product\\\/https-klap-ee-product-vitra-eames-ea-117-refurbished\\\/#primaryimage\"},\"thumbnailUrl\":\"https:\\/\\/klap.ee\\/wp-content\\/uploads\\/2026\\/04\\/Untitled-design.png\",\"datePublished\":\"2026-04-21T06:47:52+00:00\",\"dateModified\":\"2026-04-21T08:13:18+00:00\",\"description\":\"Buy a refurbished Vitra Eames EA 117 office chair for \u20ac832 \u2014 save 76%. Condition A, designed by Charles & Ray Eames, blue leather upholstery, polished aluminium frame. Fast delivery.\",\"breadcrumb\":{\"@id\":\"https:\\\/\\\/klap.ee\\\/product\\\/https-klap-ee-product-vitra-eames-ea-117-refurbished\\\/#breadcrumb\"},\"inLanguage\":\"et\",\"potentialAction\":[{\"@type\":\"ReadAction\",\"target\":[\"https:\\\/\\\/klap.ee\\\/product\\\/https-klap-ee-product-vitra-eames-ea-117-refurbished\\\/\"]}]},{\"@type\":\"ImageObject\",\"inLanguage\":\"et\",\"@id\":\"https:\\\/\\\/klap.ee\\\/product\\\/https-klap-ee-product-vitra-eames-ea-117-refurbished\\\/#primaryimage\",\"url\":\"https:\\/\\/klap.ee\\/wp-content\\/uploads\\/2026\\/04\\/Untitled-design.png\",\"contentUrl\":\"https:\\/\\/klap.ee\\/wp-content\\/uploads\\/2026\\/04\\/Untitled-design.png\",\"width\":1600,\"height\":1600},{\"@type\":\"BreadcrumbList\",\"@id\":\"https:\\\/\\\/klap.ee\\\/product\\\/https-klap-ee-product-vitra-eames-ea-117-refurbished\\\/#breadcrumb\",\"itemListElement\":[{\"@type\":\"ListItem\",\"position\":1,\"name\":\"Home\",\"item\":\"https:\\\/\\\/klap.ee\\\/\"},{\"@type\":\"ListItem\",\"position\":2,\"name\":\"Products\",\"item\":\"https:\\\/\\\/klap.ee\\\/ergonomic-office-chairs\\\/\"},{\"@type\":\"ListItem\",\"position\":3,\"name\":\"Vitra Eames EA 117 (Refurbished)\"}]},{\"@type\":\"WebSite\",\"@id\":\"https:\\\/\\\/klap.ee\\\/#website\",\"url\":\"https:\\\/\\\/klap.ee\\\/\",\"name\":\"KLAP\",\"description\":\"J&auml;tkusuutliku disainm&ouml;&ouml;bli pood\",\"publisher\":{\"@id\":\"https:\\\/\\\/klap.ee\\\/#organization\"},\"potentialAction\":[{\"@type\":\"SearchAction\",\"target\":{\"@type\":\"EntryPoint\",\"urlTemplate\":\"https:\\\/\\\/klap.ee\\\/?s={search_term_string}\"},\"query-input\":{\"@type\":\"PropertyValueSpecification\",\"valueRequired\":true,\"valueName\":\"search_term_string\"}}],\"inLanguage\":\"et\"},{\"@type\":\"Organization\",\"@id\":\"https:\\\/\\\/klap.ee\\\/#organization\",\"name\":\"KLAP\",\"url\":\"https:\\\/\\\/klap.ee\\\/\",\"logo\":{\"@type\":\"ImageObject\",\"inLanguage\":\"et\",\"@id\":\"https:\\\/\\\/klap.ee\\\/#\\\/schema\\\/logo\\\/image\\\/\",\"url\":\"https:\\/\\/klap.ee\\/wp-content\\/uploads\\/2025\\/03\\/klap_logo_transparent_410x158.png\",\"contentUrl\":\"https:\\/\\/klap.ee\\/wp-content\\/uploads\\/2025\\/03\\/klap_logo_transparent_410x158.png\",\"width\":410,\"height\":158,\"caption\":\"KLAP\"},\"image\":{\"@id\":\"https:\\\/\\\/klap.ee\\\/#\\\/schema\\\/logo\\\/image\\\/\"}}]}<\/script>\n<!-- \/ Yoast SEO plugin. -->","yoast_head_json":{"title":"Vitra Eames EA 117 Refurbished | \u20ac832 | KLAP","description":"Buy a refurbished Vitra Eames EA 117 office chair for \u20ac832 \u2014 save 76%. Condition A, designed by Charles & Ray Eames, blue leather upholstery, polished aluminium frame. Fast delivery.","robots":{"index":"index","follow":"follow","max-snippet":"max-snippet:-1","max-image-preview":"max-image-preview:large","max-video-preview":"max-video-preview:-1"},"canonical":"https:\/\/klap.ee\/et\/toode\/https-klap-ee-product-vitra-eames-ea-117-refurbished\/","og_locale":"et_EE","og_type":"article","og_title":"Vitra Eames EA 117 Refurbished | \u20ac832 | KLAP","og_description":"Buy a refurbished Vitra Eames EA 117 office chair for \u20ac832 \u2014 save 76%. Condition A, designed by Charles & Ray Eames, blue leather upholstery, polished aluminium frame. Fast delivery.","og_url":"https:\/\/klap.ee\/et\/toode\/https-klap-ee-product-vitra-eames-ea-117-refurbished\/","og_site_name":"KLAP","article_modified_time":"2026-04-21T08:13:18+00:00","og_image":[{"width":1024,"height":1024,"url":"https:\/\/mlwqeu8tue9b.i.optimole.com\/cb:KYJs.1ae\/w:1024\/h:1024\/q:mauto\/ig:avif\/http:\/\/klap.ee\/wp-content\/uploads\/2026\/04\/Untitled-design.png","type":"image\/png"}],"twitter_card":"summary_large_image","twitter_misc":{"Est. reading time":"2 minutit"},"schema":{"@context":"https:\/\/schema.org","@graph":[{"@type":"WebPage","@id":"https:\/\/klap.ee\/product\/https-klap-ee-product-vitra-eames-ea-117-refurbished\/","url":"https:\/\/klap.ee\/product\/https-klap-ee-product-vitra-eames-ea-117-refurbished\/","name":"Vitra Eames EA 117 Refurbished | \u20ac832 | KLAP","isPartOf":{"@id":"https:\/\/klap.ee\/#website"},"primaryImageOfPage":{"@id":"https:\/\/klap.ee\/product\/https-klap-ee-product-vitra-eames-ea-117-refurbished\/#primaryimage"},"image":{"@id":"https:\/\/klap.ee\/product\/https-klap-ee-product-vitra-eames-ea-117-refurbished\/#primaryimage"},"thumbnailUrl":"https:\/\/mlwqeu8tue9b.i.optimole.com\/cb:KYJs.1ae\/w:auto\/h:auto\/q:mauto\/ig:avif\/https:\/\/klap.ee\/wp-content\/uploads\/2026\/04\/Untitled-design.png","datePublished":"2026-04-21T06:47:52+00:00","dateModified":"2026-04-21T08:13:18+00:00","description":"Buy a refurbished Vitra Eames EA 117 office chair for \u20ac832 \u2014 save 76%. Condition A, designed by Charles & Ray Eames, blue leather upholstery, polished aluminium frame. Fast delivery.","breadcrumb":{"@id":"https:\/\/klap.ee\/product\/https-klap-ee-product-vitra-eames-ea-117-refurbished\/#breadcrumb"},"inLanguage":"et","potentialAction":[{"@type":"ReadAction","target":["https:\/\/klap.ee\/product\/https-klap-ee-product-vitra-eames-ea-117-refurbished\/"]}]},{"@type":"ImageObject","inLanguage":"et","@id":"https:\/\/klap.ee\/product\/https-klap-ee-product-vitra-eames-ea-117-refurbished\/#primaryimage","url":"https:\/\/mlwqeu8tue9b.i.optimole.com\/cb:KYJs.1ae\/w:auto\/h:auto\/q:mauto\/ig:avif\/https:\/\/klap.ee\/wp-content\/uploads\/2026\/04\/Untitled-design.png","contentUrl":"https:\/\/mlwqeu8tue9b.i.optimole.com\/cb:KYJs.1ae\/w:auto\/h:auto\/q:mauto\/ig:avif\/https:\/\/klap.ee\/wp-content\/uploads\/2026\/04\/Untitled-design.png","width":1600,"height":1600},{"@type":"BreadcrumbList","@id":"https:\/\/klap.ee\/product\/https-klap-ee-product-vitra-eames-ea-117-refurbished\/#breadcrumb","itemListElement":[{"@type":"ListItem","position":1,"name":"Home","item":"https:\/\/klap.ee\/"},{"@type":"ListItem","position":2,"name":"Products","item":"https:\/\/klap.ee\/ergonomic-office-chairs\/"},{"@type":"ListItem","position":3,"name":"Vitra Eames EA 117 (Refurbished)"}]},{"@type":"WebSite","@id":"https:\/\/klap.ee\/#website","url":"https:\/\/klap.ee\/","name":"KLAP","description":"J&auml;tkusuutliku disainm&ouml;&ouml;bli pood","publisher":{"@id":"https:\/\/klap.ee\/#organization"},"potentialAction":[{"@type":"SearchAction","target":{"@type":"EntryPoint","urlTemplate":"https:\/\/klap.ee\/?s={search_term_string}"},"query-input":{"@type":"PropertyValueSpecification","valueRequired":true,"valueName":"search_term_string"}}],"inLanguage":"et"},{"@type":"Organization","@id":"https:\/\/klap.ee\/#organization","name":"KLAP","url":"https:\/\/klap.ee\/","logo":{"@type":"ImageObject","inLanguage":"et","@id":"https:\/\/klap.ee\/#\/schema\/logo\/image\/","url":"https:\/\/mlwqeu8tue9b.i.optimole.com\/cb:q2jb.1a9\/w:auto\/h:auto\/q:mauto\/ig:avif\/https:\/\/klap.ee\/wp-content\/uploads\/2025\/03\/klap_logo_transparent_410x158.png","contentUrl":"https:\/\/mlwqeu8tue9b.i.optimole.com\/cb:q2jb.1a9\/w:auto\/h:auto\/q:mauto\/ig:avif\/https:\/\/klap.ee\/wp-content\/uploads\/2025\/03\/klap_logo_transparent_410x158.png","width":410,"height":158,"caption":"KLAP"},"image":{"@id":"https:\/\/klap.ee\/#\/schema\/logo\/image\/"}}]}},"_links":{"self":[{"href":"https:\/\/klap.ee\/et\/wp-json\/wp\/v2\/product\/4944","targetHints":{"allow":["GET"]}}],"collection":[{"href":"https:\/\/klap.ee\/et\/wp-json\/wp\/v2\/product"}],"about":[{"href":"https:\/\/klap.ee\/et\/wp-json\/wp\/v2\/types\/product"}],"wp:featuredmedia":[{"embeddable":true,"href":"https:\/\/klap.ee\/et\/wp-json\/wp\/v2\/media\/4946"}],"wp:attachment":[{"href":"https:\/\/klap.ee\/et\/wp-json\/wp\/v2\/media?parent=4944"}],"wp:term":[{"taxonomy":"product_brand","embeddable":true,"href":"https:\/\/klap.ee\/et\/wp-json\/wp\/v2\/product_brand?post=4944"},{"taxonomy":"product_cat","embeddable":true,"href":"https:\/\/klap.ee\/et\/wp-json\/wp\/v2\/product_cat?post=4944"},{"taxonomy":"product_tag","embeddable":true,"href":"https:\/\/klap.ee\/et\/wp-json\/wp\/v2\/product_tag?post=4944"}],"curies":[{"name":"wp","href":"https:\/\/api.w.org\/{rel}","templated":true}]}}