{"id":4956,"date":"2026-04-21T10:00:38","date_gmt":"2026-04-21T10:00:38","guid":{"rendered":"https:\/\/klap.ee\/?post_type=product&#038;p=4956"},"modified":"2026-04-21T11:36:22","modified_gmt":"2026-04-21T11:36:22","slug":"vitra-eames-dsw-white-refurbished","status":"publish","type":"product","link":"https:\/\/klap.ee\/et\/toode\/vitra-eames-dsw-white-refurbished\/","title":{"rendered":"Vitra Eames DSW (uuendatud)"},"content":{"rendered":"<h2><strong>Toote kirjeldus<\/strong><\/h2>\n<p data-start=\"180\" data-end=\"789\">Dining Height Side Chair Wood Base (DSW) puhul \u00fchendasid Charles ja Ray Eames orgaanilise kujuga istme \u2013 mida Vitra toodab t\u00e4nap\u00e4eval tarbimisj\u00e4rgsest taaskasutatud plastist \u2013 neljajalgse puidust alusega. See plasti ja puidu kontrastne kombinatsioon annab klassikalisele disainile sooja ja vabalt m\u00f5juva iseloomu. Istmekorpusele saab lisada istmepadja v\u00f5i t\u00e4ieliku polsterduse laias kangav\u00e4rvide valikus, v\u00f5imaldades luua mitmesuguseid individuaalseid konfiguratsioone.<\/p>\n<h1>Peamine ajalugu ja taustainfo<\/h1>\n<p data-start=\"180\" data-end=\"789\">Eamesi plasttoolid tutvustati esmakordselt 1948. aastal New Yorgi Moodsa Kunsti Muuseumi (Museum of Modern Art) \u201cLow-Cost Furniture Design\u201d konkursil ning need j\u00f5udsid turule 1950. aastal kui esimesed massiliselt toodetud plasttoolid m\u00f6\u00f6bliajaloos. Charles ja Ray Eamesi eesm\u00e4rk oli: \u201cAnda parim v\u00f5imalik kvaliteet v\u00f5imalikult suurele hulgale inimestele v\u00f5imalikult v\u00e4ikese hinnaga.\u201d DSW oli \u00fchtlasi teerajaja uue m\u00f6\u00f6blit\u00fcpoloogia kujunemisel \u2014 multifunktsionaalne tool, mida saab kombineerida erinevate jalgadega vastavalt kasutusotstarbele. <em>\u201eAnda parim v\u00f5imalik kvaliteet v\u00f5imalikult suurele hulgale inimestele v\u00f5imalikult v\u00e4ikese hinnaga.\u201c<\/em> DSW oli \u00fchtlasi teerajaja uue m\u00f6\u00f6blit\u00fcpoloogia kujunemisel \u2014 multifunktsionaalne tool, mida saab kombineerida erinevate alustega vastavalt erinevatele kasutusotstarvetele.<\/p>\n<h1 data-start=\"180\" data-end=\"789\">Vitra Eames DSW omadused<\/h1>\n<ul>\n<li data-start=\"831\" data-end=\"1178\">Orgaanilise kujuga \u00fches t\u00fckis istmekorpus, mis on ergonoomiliselt vormitud vastavalt inimkeha kontuuridele.<\/li>\n<li data-start=\"831\" data-end=\"1178\">Neljal jalal puidust alus (vahtrapuidust v\u00f5i tumeda vahtra viimistlusega) koos mustade metallist risttugevdustega.<\/li>\n<li data-start=\"831\" data-end=\"1178\">V\u00f5imalik varustada lisavarustusena istmepatjadega (Soft Seats Type B) v\u00f5i t\u00e4ieliku polsterdusega.<\/li>\n<li data-start=\"831\" data-end=\"1178\">Jalgade \u00fchenduss\u00fcsteem v\u00f5imaldab \u00fchilduvust erinevat t\u00fc\u00fcpi jalgadega (DSW = s\u00f6\u00f6gik\u00f5rgus, k\u00fclgtool, puidust alus).<\/li>\n<\/ul>\n<h2 data-start=\"1489\" data-end=\"1507\">Peamised eelised<\/h2>\n<ul>\n<li class=\"whitespace-normal break-words pl-2\">Ikooniline disain: \u00fcks \u00e4ratuntavamaid ja tunnustatumaid toole disainiajaloos, mis p\u00e4rineb aastast 1950.<\/li>\n<li class=\"whitespace-normal break-words pl-2\">Ajatu mitmek\u00fclgsus: sobib s\u00f6\u00f6gitubadesse, kodukontoritesse, elutubadesse ja avalikesse ruumidesse.<\/li>\n<li class=\"whitespace-normal break-words pl-2\">Kohandatavus: mitmed aluse viimistlused, valikulised istmepadjad ja polsterdusv\u00f5imalused.<\/li>\n<li class=\"whitespace-normal break-words pl-2\">Mugavus ja vastupidavus: kulumiskindel, kergesti puhastatav ning sobib igap\u00e4evaseks kasutamiseks.<\/li>\n<li class=\"whitespace-normal break-words pl-2\">Autentsus: Euroopas ja L\u00e4his-Idas on ainult Vitra toodetud toolid ametlikud originaalid.<\/li>\n<\/ul>\n<h2>\u00dcldteave<\/h2>\n<p class=\"\" data-start=\"1302\" data-end=\"1578\">Need kontoritoolid on uuendatud. Meie jaoks t\u00e4hendab 'refurbished' seda, et toolid on hoolikalt kontrollitud, v\u00f5imalik, et need on polsterdatud, varustatud uute ametlike osadega, puhastatud ja poleeritud. \u00dcritame saavutada toolide sellise seisukorra, et need n\u00e4eksid v\u00e4lja taas nagu uued.<\/p>\n<ul>\n<li>Uunedatud - Konditsioon: A<\/li>\n<li>Seljatoe v\u00e4rv: valge<\/li>\n<li>Aluse materjal: t\u00e4ispuidust vaher koos pulberv\u00e4rvitud metallist risttugevdustega<\/li>\n<li>Aluse v\u00e4rv: kuldne vaher \/ tume vaher<\/li>\n<li>Jalatoed (liugurid): standardsed tumedad liugurid (vaipkattele) v\u00f5i vildist liugurid (k\u00f5vadele p\u00f5randatele)<\/li>\n<li>Kasutusotstarve: s\u00f6\u00f6gituba, kodu, hotellindus, avalikud ruumid<\/li>\n<\/ul>\n<h2>Toote spetsifikatsiionid<\/h2>\n<div class=\"elementor-widget-container\"><\/div>\n<div>\n<table style=\"width: 649px; height: 558px;\" width=\"100%\">\n<tbody>\n<tr style=\"height: 19.6px;\">\n<td style=\"width: 49.7619%; height: 19.6px;\">&nbsp;<\/p>\n<p style=\"text-align: left;\"><span style=\"color: #808080;\">Designer<br \/>\n<\/span>Charles &amp; Ray Eames<\/p>\n<p style=\"text-align: left;\"><span style=\"color: #808080;\">Design year<br \/>\n<\/span>1950<\/p>\n<p style=\"text-align: left;\"><span style=\"color: #808080;\">Produced in<\/span><br \/>\nGermany<\/p>\n<p style=\"text-align: left;\"><span style=\"color: #808080;\">Certificates<\/span><br \/>\nEPC RE EPD,<br \/>\nGREENGUARD Gold,<br \/>\nGS<\/p>\n<\/td>\n<td style=\"width: 49.7619%; height: 19.6px;\">&nbsp;<\/p>\n<p><span style=\"color: #808080;\">Overall Dimensions<br \/>\n<\/span>Size \u2013 830 (H) x 465 (W) x 550 mm (D)<\/p>\n<p>&nbsp;<\/p>\n<p><span style=\"color: #808080;\"><span style=\"color: #808080;\">Max Capacity<br \/>\n<\/span><\/span>110 kg<\/p>\n<p><span style=\"color: #808080; font-family: inherit; font-size: inherit;\"><br \/>\nProduct Weight<br \/>\n<\/span>3,5 kg<\/p>\n<p>&nbsp;<\/td>\n<\/tr>\n<\/tbody>\n<\/table>\n<p>&nbsp;<\/p>\n<\/div>","protected":false},"excerpt":{"rendered":"<p>\u2713 Uuendatud \u2013 A-kategooria seisukord<br \/>\n\u2713 S\u00e4\u00e4stad 44% \u2013 disainitud Charles &amp; Ray Eames\u2019i poolt (Vitra, Saksamaa)<br \/>\n\u2713 Valge taaskasutatud plastist kest<br \/>\n\u2713 T\u00e4ispuidust vahtrapuidust jalad<br \/>\n\u2713 Kiire tarne<\/p>","protected":false},"featured_media":4964,"template":"","meta":{"_themeisle_gutenberg_block_has_review":false,"iawp_total_views":1},"product_brand":[78],"product_cat":[115,33,112,25,77,106],"product_tag":[58,30],"class_list":{"0":"post-4956","1":"product","2":"type-product","3":"status-publish","4":"has-post-thumbnail","6":"product_brand-vitra","7":"product_cat-brands","8":"product_cat-ergonomic-office-chairs","9":"product_cat-office-furniture","10":"product_cat-office-furniture-1","11":"product_cat-refurbished-office-chairs","12":"product_cat-vitra","13":"product_tag-eco-friendly-choice","14":"product_tag-refurbished","15":"product_shipping_class-toolid","17":"first","18":"instock","19":"sale","20":"shipping-taxable","21":"purchasable","22":"product-type-simple"},"yoast_head":"<!-- This site is optimized with the Yoast SEO plugin v27.4 - https:\/\/yoast.com\/product\/yoast-seo-wordpress\/ -->\n<title>itra Eames DSW White Refurbished | \u20ac246 | KLAP<\/title>\n<meta name=\"description\" content=\"Buy a refurbished Vitra Eames DSW in white for \u20ac246 \u2014 save 44%. Condition A, designed by Charles &amp; Ray Eames, recycled plastic shell, solid maple base. Fast delivery.\" \/>\n<meta name=\"robots\" content=\"index, follow, max-snippet:-1, max-image-preview:large, max-video-preview:-1\" \/>\n<link rel=\"canonical\" href=\"https:\/\/klap.ee\/et\/toode\/vitra-eames-dsw-white-refurbished\/\" \/>\n<meta property=\"og:locale\" content=\"et_EE\" \/>\n<meta property=\"og:type\" content=\"article\" \/>\n<meta property=\"og:title\" content=\"itra Eames DSW White Refurbished | \u20ac246 | KLAP\" \/>\n<meta property=\"og:description\" content=\"Buy a refurbished Vitra Eames DSW in white for \u20ac246 \u2014 save 44%. Condition A, designed by Charles &amp; Ray Eames, recycled plastic shell, solid maple base. Fast delivery.\" \/>\n<meta property=\"og:url\" content=\"https:\/\/klap.ee\/et\/toode\/vitra-eames-dsw-white-refurbished\/\" \/>\n<meta property=\"og:site_name\" content=\"KLAP\" \/>\n<meta property=\"article:modified_time\" content=\"2026-04-21T11:36:22+00:00\" \/>\n<meta property=\"og:image\" content=\"https:\/\/mlwqeu8tue9b.i.optimole.com\/cb:MOAr.1b5\/w:1024\/h:1024\/q:mauto\/ig:avif\/http:\/\/klap.ee\/wp-content\/uploads\/2026\/04\/Untitled-design-2-1.png\" \/>\n\t<meta property=\"og:image:width\" content=\"1024\" \/>\n\t<meta property=\"og:image:height\" content=\"1024\" \/>\n\t<meta property=\"og:image:type\" content=\"image\/png\" \/>\n<meta name=\"twitter:card\" content=\"summary_large_image\" \/>\n<meta name=\"twitter:label1\" content=\"Est. reading time\" \/>\n\t<meta name=\"twitter:data1\" content=\"3 minutit\" \/>\n<script type=\"application\/ld+json\" class=\"yoast-schema-graph\">{\"@context\":\"https:\\\/\\\/schema.org\",\"@graph\":[{\"@type\":\"WebPage\",\"@id\":\"https:\\\/\\\/klap.ee\\\/product\\\/vitra-eames-dsw-white-refurbished\\\/\",\"url\":\"https:\\\/\\\/klap.ee\\\/product\\\/vitra-eames-dsw-white-refurbished\\\/\",\"name\":\"itra Eames DSW White Refurbished | \u20ac246 | KLAP\",\"isPartOf\":{\"@id\":\"https:\\\/\\\/klap.ee\\\/#website\"},\"primaryImageOfPage\":{\"@id\":\"https:\\\/\\\/klap.ee\\\/product\\\/vitra-eames-dsw-white-refurbished\\\/#primaryimage\"},\"image\":{\"@id\":\"https:\\\/\\\/klap.ee\\\/product\\\/vitra-eames-dsw-white-refurbished\\\/#primaryimage\"},\"thumbnailUrl\":\"https:\\/\\/klap.ee\\/wp-content\\/uploads\\/2026\\/04\\/Untitled-design-2-1.png\",\"datePublished\":\"2026-04-21T10:00:38+00:00\",\"dateModified\":\"2026-04-21T11:36:22+00:00\",\"description\":\"Buy a refurbished Vitra Eames DSW in white for \u20ac246 \u2014 save 44%. Condition A, designed by Charles & Ray Eames, recycled plastic shell, solid maple base. Fast delivery.\",\"breadcrumb\":{\"@id\":\"https:\\\/\\\/klap.ee\\\/product\\\/vitra-eames-dsw-white-refurbished\\\/#breadcrumb\"},\"inLanguage\":\"et\",\"potentialAction\":[{\"@type\":\"ReadAction\",\"target\":[\"https:\\\/\\\/klap.ee\\\/product\\\/vitra-eames-dsw-white-refurbished\\\/\"]}]},{\"@type\":\"ImageObject\",\"inLanguage\":\"et\",\"@id\":\"https:\\\/\\\/klap.ee\\\/product\\\/vitra-eames-dsw-white-refurbished\\\/#primaryimage\",\"url\":\"https:\\/\\/klap.ee\\/wp-content\\/uploads\\/2026\\/04\\/Untitled-design-2-1.png\",\"contentUrl\":\"https:\\/\\/klap.ee\\/wp-content\\/uploads\\/2026\\/04\\/Untitled-design-2-1.png\",\"width\":1600,\"height\":1600},{\"@type\":\"BreadcrumbList\",\"@id\":\"https:\\\/\\\/klap.ee\\\/product\\\/vitra-eames-dsw-white-refurbished\\\/#breadcrumb\",\"itemListElement\":[{\"@type\":\"ListItem\",\"position\":1,\"name\":\"Home\",\"item\":\"https:\\\/\\\/klap.ee\\\/\"},{\"@type\":\"ListItem\",\"position\":2,\"name\":\"Products\",\"item\":\"https:\\\/\\\/klap.ee\\\/ergonomic-office-chairs\\\/\"},{\"@type\":\"ListItem\",\"position\":3,\"name\":\"Vitra Eames DSW (Refurbished)\"}]},{\"@type\":\"WebSite\",\"@id\":\"https:\\\/\\\/klap.ee\\\/#website\",\"url\":\"https:\\\/\\\/klap.ee\\\/\",\"name\":\"KLAP\",\"description\":\"J&auml;tkusuutliku disainm&ouml;&ouml;bli pood\",\"publisher\":{\"@id\":\"https:\\\/\\\/klap.ee\\\/#organization\"},\"potentialAction\":[{\"@type\":\"SearchAction\",\"target\":{\"@type\":\"EntryPoint\",\"urlTemplate\":\"https:\\\/\\\/klap.ee\\\/?s={search_term_string}\"},\"query-input\":{\"@type\":\"PropertyValueSpecification\",\"valueRequired\":true,\"valueName\":\"search_term_string\"}}],\"inLanguage\":\"et\"},{\"@type\":\"Organization\",\"@id\":\"https:\\\/\\\/klap.ee\\\/#organization\",\"name\":\"KLAP\",\"url\":\"https:\\\/\\\/klap.ee\\\/\",\"logo\":{\"@type\":\"ImageObject\",\"inLanguage\":\"et\",\"@id\":\"https:\\\/\\\/klap.ee\\\/#\\\/schema\\\/logo\\\/image\\\/\",\"url\":\"https:\\/\\/klap.ee\\/wp-content\\/uploads\\/2025\\/03\\/klap_logo_transparent_410x158.png\",\"contentUrl\":\"https:\\/\\/klap.ee\\/wp-content\\/uploads\\/2025\\/03\\/klap_logo_transparent_410x158.png\",\"width\":410,\"height\":158,\"caption\":\"KLAP\"},\"image\":{\"@id\":\"https:\\\/\\\/klap.ee\\\/#\\\/schema\\\/logo\\\/image\\\/\"}}]}<\/script>\n<!-- \/ Yoast SEO plugin. -->","yoast_head_json":{"title":"itra Eames DSW White Refurbished | \u20ac246 | KLAP","description":"Buy a refurbished Vitra Eames DSW in white for \u20ac246 \u2014 save 44%. Condition A, designed by Charles & Ray Eames, recycled plastic shell, solid maple base. Fast delivery.","robots":{"index":"index","follow":"follow","max-snippet":"max-snippet:-1","max-image-preview":"max-image-preview:large","max-video-preview":"max-video-preview:-1"},"canonical":"https:\/\/klap.ee\/et\/toode\/vitra-eames-dsw-white-refurbished\/","og_locale":"et_EE","og_type":"article","og_title":"itra Eames DSW White Refurbished | \u20ac246 | KLAP","og_description":"Buy a refurbished Vitra Eames DSW in white for \u20ac246 \u2014 save 44%. Condition A, designed by Charles & Ray Eames, recycled plastic shell, solid maple base. Fast delivery.","og_url":"https:\/\/klap.ee\/et\/toode\/vitra-eames-dsw-white-refurbished\/","og_site_name":"KLAP","article_modified_time":"2026-04-21T11:36:22+00:00","og_image":[{"width":1024,"height":1024,"url":"https:\/\/mlwqeu8tue9b.i.optimole.com\/cb:MOAr.1b5\/w:1024\/h:1024\/q:mauto\/ig:avif\/http:\/\/klap.ee\/wp-content\/uploads\/2026\/04\/Untitled-design-2-1.png","type":"image\/png"}],"twitter_card":"summary_large_image","twitter_misc":{"Est. reading time":"3 minutit"},"schema":{"@context":"https:\/\/schema.org","@graph":[{"@type":"WebPage","@id":"https:\/\/klap.ee\/product\/vitra-eames-dsw-white-refurbished\/","url":"https:\/\/klap.ee\/product\/vitra-eames-dsw-white-refurbished\/","name":"itra Eames DSW White Refurbished | \u20ac246 | KLAP","isPartOf":{"@id":"https:\/\/klap.ee\/#website"},"primaryImageOfPage":{"@id":"https:\/\/klap.ee\/product\/vitra-eames-dsw-white-refurbished\/#primaryimage"},"image":{"@id":"https:\/\/klap.ee\/product\/vitra-eames-dsw-white-refurbished\/#primaryimage"},"thumbnailUrl":"https:\/\/mlwqeu8tue9b.i.optimole.com\/cb:MOAr.1b5\/w:auto\/h:auto\/q:mauto\/ig:avif\/https:\/\/klap.ee\/wp-content\/uploads\/2026\/04\/Untitled-design-2-1.png","datePublished":"2026-04-21T10:00:38+00:00","dateModified":"2026-04-21T11:36:22+00:00","description":"Buy a refurbished Vitra Eames DSW in white for \u20ac246 \u2014 save 44%. Condition A, designed by Charles & Ray Eames, recycled plastic shell, solid maple base. Fast delivery.","breadcrumb":{"@id":"https:\/\/klap.ee\/product\/vitra-eames-dsw-white-refurbished\/#breadcrumb"},"inLanguage":"et","potentialAction":[{"@type":"ReadAction","target":["https:\/\/klap.ee\/product\/vitra-eames-dsw-white-refurbished\/"]}]},{"@type":"ImageObject","inLanguage":"et","@id":"https:\/\/klap.ee\/product\/vitra-eames-dsw-white-refurbished\/#primaryimage","url":"https:\/\/mlwqeu8tue9b.i.optimole.com\/cb:MOAr.1b5\/w:auto\/h:auto\/q:mauto\/ig:avif\/https:\/\/klap.ee\/wp-content\/uploads\/2026\/04\/Untitled-design-2-1.png","contentUrl":"https:\/\/mlwqeu8tue9b.i.optimole.com\/cb:MOAr.1b5\/w:auto\/h:auto\/q:mauto\/ig:avif\/https:\/\/klap.ee\/wp-content\/uploads\/2026\/04\/Untitled-design-2-1.png","width":1600,"height":1600},{"@type":"BreadcrumbList","@id":"https:\/\/klap.ee\/product\/vitra-eames-dsw-white-refurbished\/#breadcrumb","itemListElement":[{"@type":"ListItem","position":1,"name":"Home","item":"https:\/\/klap.ee\/"},{"@type":"ListItem","position":2,"name":"Products","item":"https:\/\/klap.ee\/ergonomic-office-chairs\/"},{"@type":"ListItem","position":3,"name":"Vitra Eames DSW (Refurbished)"}]},{"@type":"WebSite","@id":"https:\/\/klap.ee\/#website","url":"https:\/\/klap.ee\/","name":"KLAP","description":"J&auml;tkusuutliku disainm&ouml;&ouml;bli pood","publisher":{"@id":"https:\/\/klap.ee\/#organization"},"potentialAction":[{"@type":"SearchAction","target":{"@type":"EntryPoint","urlTemplate":"https:\/\/klap.ee\/?s={search_term_string}"},"query-input":{"@type":"PropertyValueSpecification","valueRequired":true,"valueName":"search_term_string"}}],"inLanguage":"et"},{"@type":"Organization","@id":"https:\/\/klap.ee\/#organization","name":"KLAP","url":"https:\/\/klap.ee\/","logo":{"@type":"ImageObject","inLanguage":"et","@id":"https:\/\/klap.ee\/#\/schema\/logo\/image\/","url":"https:\/\/mlwqeu8tue9b.i.optimole.com\/cb:q2jb.1a9\/w:auto\/h:auto\/q:mauto\/ig:avif\/https:\/\/klap.ee\/wp-content\/uploads\/2025\/03\/klap_logo_transparent_410x158.png","contentUrl":"https:\/\/mlwqeu8tue9b.i.optimole.com\/cb:q2jb.1a9\/w:auto\/h:auto\/q:mauto\/ig:avif\/https:\/\/klap.ee\/wp-content\/uploads\/2025\/03\/klap_logo_transparent_410x158.png","width":410,"height":158,"caption":"KLAP"},"image":{"@id":"https:\/\/klap.ee\/#\/schema\/logo\/image\/"}}]}},"_links":{"self":[{"href":"https:\/\/klap.ee\/et\/wp-json\/wp\/v2\/product\/4956","targetHints":{"allow":["GET"]}}],"collection":[{"href":"https:\/\/klap.ee\/et\/wp-json\/wp\/v2\/product"}],"about":[{"href":"https:\/\/klap.ee\/et\/wp-json\/wp\/v2\/types\/product"}],"wp:featuredmedia":[{"embeddable":true,"href":"https:\/\/klap.ee\/et\/wp-json\/wp\/v2\/media\/4964"}],"wp:attachment":[{"href":"https:\/\/klap.ee\/et\/wp-json\/wp\/v2\/media?parent=4956"}],"wp:term":[{"taxonomy":"product_brand","embeddable":true,"href":"https:\/\/klap.ee\/et\/wp-json\/wp\/v2\/product_brand?post=4956"},{"taxonomy":"product_cat","embeddable":true,"href":"https:\/\/klap.ee\/et\/wp-json\/wp\/v2\/product_cat?post=4956"},{"taxonomy":"product_tag","embeddable":true,"href":"https:\/\/klap.ee\/et\/wp-json\/wp\/v2\/product_tag?post=4956"}],"curies":[{"name":"wp","href":"https:\/\/api.w.org\/{rel}","templated":true}]}}