{"id":1564,"date":"2025-04-08T19:02:49","date_gmt":"2025-04-08T19:02:49","guid":{"rendered":"https:\/\/klap.ee\/?page_id=1564"},"modified":"2025-11-02T22:01:47","modified_gmt":"2025-11-02T22:01:47","slug":"terms-of-service","status":"publish","type":"page","link":"https:\/\/klap.ee\/fi\/terms-of-service\/","title":{"rendered":"Palveluehdot"},"content":{"rendered":"<p>Verkkokauppa <a href=\"https:\/\/klap.ee\/fi\/\">www.klap.ee<\/a> (j\u00e4ljemp\u00e4n\u00e4 \u201cverkkokauppa\u201d) omistaa PopUp O\u00dc (rekisteritunnus 14013302), jonka osoite on Vana-L\u00f5una 39\/1, Tallinna.<\/p>\n\n\n\n<h4 class=\"wp-block-heading\">Myyntisopimuksen, tuote- ja hintatietojen p\u00e4tevyys<\/h4>\n\n\n\n<p>Ehtoja ja edellytyksi\u00e4 sovelletaan, kun ostat tavaroita verkkokaupasta.<\/p>\n\n\n\n<p>Verkkokaupassa myyt\u00e4vien tuotteiden hinnat n\u00e4kyv\u00e4t tuotteiden vieress\u00e4. Hintaan lis\u00e4t\u00e4\u00e4n tavaroiden toimituksesta aiheutuva lis\u00e4maksu. Kaikki verkkokaupan hinnat ovat eurom\u00e4\u00e4r\u00e4isi\u00e4.<\/p>\n\n\n\n<p>Toimitusmaksu riippuu ostajan sijainnista ja valitusta toimitustavasta. Toimitusmaksu ilmoitetaan ostajalle tilausta tehdess\u00e4.<\/p>\n\n\n\n<p>Tietoa tavaroista on suoraan tuotteiden vieress\u00e4 verkkokaupassa.<\/p>\n\n\n\n<h4 class=\"wp-block-heading\">Tilauksen tekeminen<\/h4>\n\n\n\n<p>Jotta voit tilata tavaroita, halutut tuotteet on lis\u00e4tt\u00e4v\u00e4 ostoskoriin. Tilauksen loppuunsaattamiseksi on t\u00e4ytett\u00e4v\u00e4 tarvittavat tietokent\u00e4t ja valittava sopiva toimitustapa. T\u00e4m\u00e4n j\u00e4lkeen n\u00e4yt\u00f6ll\u00e4 n\u00e4kyy kokonaissumma toimituskuluineen. Summa voidaan maksaa turvallisesti seuraavilla maksutavoilla:<\/p>\n\n\n\n<ul class=\"wp-block-list\">\n<li>Visa\/Mastercard\/Amex-luottokorttimaksu<\/li>\n<\/ul>\n\n\n\n<p><strong>HUOM:<\/strong> Kun maksat pankkilinkin kautta, varmista, ett\u00e4 napsautat pankin sivulla olevaa \u201cPalaa kauppiaalle\u201d -painiketta.<\/p>\n\n\n\n<p>Maksut k\u00e4sittelee Montonio. Maksut tapahtuvat suojatussa ymp\u00e4rist\u00f6ss\u00e4 - pankkilinkin kautta tapahtuvat maksut tapahtuvat kyseisen pankin suojatussa ymp\u00e4rist\u00f6ss\u00e4, ja luottokorttimaksut k\u00e4sitell\u00e4\u00e4n Montonion suojatussa ymp\u00e4rist\u00f6ss\u00e4. Myyj\u00e4ll\u00e4 ei ole p\u00e4\u00e4sy\u00e4 ostajan pankki- tai luottokorttitietoihin. Sopimus katsotaan p\u00e4tev\u00e4ksi, kun koko maksettava summa on saapunut verkkokaupan pankkitilille.<\/p>\n\n\n\n<p>Verkkokaupan omistaja on henkil\u00f6tietojen k\u00e4sittelyst\u00e4 vastaava rekisterinpit\u00e4j\u00e4, joka siirt\u00e4\u00e4 tarvittavat henkil\u00f6tiedot valtuutetulle henkil\u00f6tietojen k\u00e4sittelij\u00e4lle Montoniolle maksujen suorittamista varten.<\/p>\n\n\n\n<p>Jos tilattuja tavaroita ei voida toimittaa varastojen ehtymisen tai muun syyn vuoksi, ostajalle ilmoitetaan asiasta mahdollisimman pian, ja maksettu summa (toimituskulut mukaan lukien) palautetaan v\u00e4litt\u00f6m\u00e4sti, mutta viimeist\u00e4\u00e4n 14 p\u00e4iv\u00e4n kuluessa ilmoituksesta.<\/p>\n\n\n\n<h4 class=\"wp-block-heading\">Toimitus<\/h4>\n\n\n\n<p>Tavarat toimitetaan seuraaviin maihin: kaikki Euroopan unionin maat.<\/p>\n\n\n\n<p>Ostajalla on seuraavat toimitusvaihtoehdot:<\/p>\n\n\n\n<ul class=\"wp-block-list\">\n<li>Toimitus ostajan ilmoittamaan osoitteeseen;<\/li>\n\n\n\n<li>Mahdollisuus noutaa tavarat henkil\u00f6kohtaisesti.<\/li>\n<\/ul>\n\n\n\n<p>Verkkokauppa vastaa toimituskuluista, ja vastaavat hintatiedot n\u00e4kyv\u00e4t toimitustavan vieress\u00e4.<\/p>\n\n\n\n<p>Viron sis\u00e4iset toimitukset saapuvat ostajan osoittamaan m\u00e4\u00e4r\u00e4np\u00e4\u00e4h\u00e4n yleens\u00e4 10 ty\u00f6p\u00e4iv\u00e4n kuluessa myyntisopimuksen tekemisest\u00e4. Toimitukset Viron ulkopuolelle tapahtuvat 14 kalenterip\u00e4iv\u00e4n kuluessa.<\/p>\n\n\n\n<p>Poikkeustapauksissa toimitus voi kest\u00e4\u00e4 jopa 45 kalenterip\u00e4iv\u00e4\u00e4, ja joissakin tapauksissa KLAP pid\u00e4tt\u00e4\u00e4 oikeuden kuljettaa tavarat asiakkaan osoitetta l\u00e4himp\u00e4\u00e4n postitoimipaikkaan.<\/p>\n\n\n\n<p><\/p>\n\n\n\n<h4 class=\"wp-block-heading\">Peruuttamisoikeus<\/h4>\n\n\n\n<p>Ostajalla on oikeus peruuttaa sopimus 14 p\u00e4iv\u00e4n kuluessa ilman syyt\u00e4. Peruuttamisoikeutta ei sovelleta, jos ostaja on oikeushenkil\u00f6.<\/p>\n\n\n\n<p>Peruuttamisaika p\u00e4\u00e4ttyy 14 p\u00e4iv\u00e4n kuluttua siit\u00e4, kun ostaja tai muu kolmas osapuoli kuin rahdinkuljettaja on fyysisesti vastaanottanut tavarat. Jos asiakas ei ota l\u00e4hetyst\u00e4 vastaan ja se palautetaan myyj\u00e4lle, myyj\u00e4n katsotaan t\u00e4ytt\u00e4neen myyntisopimuksen. Jos myyj\u00e4 suostuu l\u00e4hett\u00e4m\u00e4\u00e4n tavaran uudelleen asiakkaan pyynn\u00f6st\u00e4, uusi 14 p\u00e4iv\u00e4n peruutusaika alkaa siit\u00e4 hetkest\u00e4, kun tavara on vastaanotettu, mutta myyj\u00e4 ei korvaa toistuvan toimituksen ja palautuksen kustannuksia.<\/p>\n\n\n\n<p>Jos asiakas kielt\u00e4ytyy vastaanottamasta toimitusta toisen kerran, myyj\u00e4 pid\u00e4tt\u00e4\u00e4 oikeuden pit\u00e4\u00e4 tavarat itsell\u00e4\u00e4n, veloittaa mahdolliset palautus- tai uudelleenl\u00e4hetyskulut ja kielt\u00e4yty\u00e4 ostohinnan palauttamisesta. T\u00e4llaisessa tilanteessa myyj\u00e4n katsotaan t\u00e4ytt\u00e4neen toimitusvelvoitteensa sopimuksen mukaisesti.<\/p>\n\n\n\n<p>Peruuttamisoikeuden k\u00e4ytt\u00e4miseksi ostajan on ilmoitettava PopUp O\u00dc:lle p\u00e4\u00e4t\u00f6ksest\u00e4\u00e4n peruuttaa sopimus l\u00e4hett\u00e4m\u00e4ll\u00e4 yksiselitteinen ilmoitus (esim. s\u00e4hk\u00f6postitse osoitteeseen <a>info@klap.ee<\/a>). Ostaja voi my\u00f6s t\u00e4ytt\u00e4\u00e4 ja l\u00e4hett\u00e4\u00e4 vakiomuotoisen peruuttamislomakkeen tai muun selke\u00e4n ilmoituksen s\u00e4hk\u00f6isesti verkkosivustollamme. <a href=\"https:\/\/klap.ee\/fi\/\">www.klap.ee<\/a>, alla olevalla lomakkeella. Jos ostaja k\u00e4ytt\u00e4\u00e4 t\u00e4t\u00e4 vaihtoehtoa, l\u00e4het\u00e4mme viipym\u00e4tt\u00e4 vahvistuksen peruuttamisilmoituksen vastaanottamisesta pysyv\u00e4ll\u00e4 v\u00e4lineell\u00e4 (esim. s\u00e4hk\u00f6postitse).<\/p>\n\n\n\n<p>Peruutusajan noudattamiseksi riitt\u00e4\u00e4, ett\u00e4 ostaja l\u00e4hett\u00e4\u00e4 peruuttamisoikeuden k\u00e4ytt\u00e4mist\u00e4 koskevan ilmoituksen ennen peruuttamisajan p\u00e4\u00e4ttymist\u00e4.<\/p>\n\n\n\n<h4 class=\"wp-block-heading\">Vet\u00e4ytymisen seuraukset<\/h4>\n\n\n\n<p>Jos ostaja peruuttaa t\u00e4m\u00e4n sopimuksen, palautamme kaikki ostajalta saadut maksut, mukaan lukien toimituskulut (lukuun ottamatta lis\u00e4kustannuksia, jotka johtuvat ostajan valitsemasta toimitustavasta, joka poikkeaa edullisimmasta vakiotoimitustavastamme, tai lukuun ottamatta kustannuksia, jotka johtuvat siit\u00e4, ett\u00e4 asiakas ei hyv\u00e4ksynyt l\u00e4hetyst\u00e4 ensimm\u00e4isell\u00e4 kerralla), ilman aiheetonta viivytyst\u00e4 ja viimeist\u00e4\u00e4n 14 p\u00e4iv\u00e4n kuluessa siit\u00e4 p\u00e4iv\u00e4st\u00e4, jona saamme tiedon ostajan p\u00e4\u00e4t\u00f6ksest\u00e4 peruuttaa t\u00e4m\u00e4 sopimus. Maksamme t\u00e4llaiset korvaukset k\u00e4ytt\u00e4en samaa maksutapaa, jota ostaja k\u00e4ytti alkuper\u00e4isess\u00e4 kaupassa, ellei ostaja ole nimenomaisesti sopinut toisin; miss\u00e4\u00e4n tapauksessa ostajalle ei aiheudu korvauksesta mit\u00e4\u00e4n kuluja.<\/p>\n\n\n\n<p>Voimme pid\u00e4tt\u00e4yty\u00e4 korvauksen maksamisesta, kunnes olemme vastaanottaneet tavarat takaisin tai ostaja on toimittanut todisteen tavaroiden palauttamisesta, riippuen siit\u00e4, kumpi ajankohta on aikaisempi.<\/p>\n\n\n\n<p>Ostajan on palautettava tavarat viipym\u00e4tt\u00e4 ja viimeist\u00e4\u00e4n 14 p\u00e4iv\u00e4n kuluessa siit\u00e4, kun h\u00e4n on ilmoittanut meille sopimuksen peruuttamisesta. M\u00e4\u00e4r\u00e4aikaa noudatetaan, jos ostaja palauttaa tavarat ennen 14 p\u00e4iv\u00e4n m\u00e4\u00e4r\u00e4ajan p\u00e4\u00e4ttymist\u00e4. Ostaja vastaa tavaroiden palauttamisesta aiheutuvista v\u00e4litt\u00f6mist\u00e4 kustannuksista.<\/p>\n\n\n\n<p>Ostaja on vastuussa ainoastaan tavaran arvon alenemisesta, joka johtuu siit\u00e4, ett\u00e4 tavaraa on k\u00e4sitelty enemm\u00e4n kuin on tarpeen sen luonteen, ominaisuuksien ja toiminnan selvitt\u00e4miseksi.<\/p>\n\n\n\n<p><strong>Peruuttamislomake:<\/strong><\/p>\n\n\n\n<ul class=\"wp-block-list\">\n<li>Ostajan nimi:<\/li>\n\n\n\n<li>S\u00e4hk\u00f6posti:<\/li>\n\n\n\n<li>Peruutan t\u00e4ten seuraavia tavaroita koskevan sopimuksen:<\/li>\n\n\n\n<li>Tilausnumero:<\/li>\n\n\n\n<li>P\u00e4iv\u00e4m\u00e4\u00e4r\u00e4:<\/li>\n<\/ul>\n\n\n\n<h4 class=\"wp-block-heading\">Oikeus tehd\u00e4 valitus<\/h4>\n\n\n\n<p>Verkkokauppa on vastuussa kaikista vaatimustenvastaisuuksista tai vioista, jotka ilmenev\u00e4t kahden vuoden kuluessa tavaran luovuttamisesta ostajalle. Yhden vuoden ajan luovutuksesta oletetaan, ett\u00e4 vika oli olemassa toimitushetkell\u00e4. Verkkokauppa on velvollinen osoittamaan toisin.<\/p>\n\n\n\n<p>Ostajan on ilmoitettava verkkokaupalle mahdollisista vioista viimeist\u00e4\u00e4n kahden kuukauden kuluessa siit\u00e4, kun vika on havaittu, l\u00e4hett\u00e4m\u00e4ll\u00e4 s\u00e4hk\u00f6postia osoitteeseen <a>info@klap.ee<\/a>.<\/p>\n\n\n\n<p>Verkkokauppa ei vastaa virheist\u00e4, jotka ilmenev\u00e4t sen j\u00e4lkeen, kun tavarat on luovutettu ostajalle.<\/p>\n\n\n\n<p>Jos Verkkokaupasta ostetuissa tavaroissa on virheit\u00e4, joista Verkkokauppa on vastuussa, Verkkokauppa korjaa tai vaihtaa vialliset tavarat. Jos tavaroita ei voida korjata tai korvata, Verkkokauppa palauttaa ostajalle kaikki kauppasopimuksen perusteella suoritetut maksut.<\/p>\n\n\n\n<p>Verkkokauppa vastaa kuluttajan valitukseen kirjallisesti tai kirjallisesti toistettavassa muodossa 15 p\u00e4iv\u00e4n kuluessa.<\/p>\n\n\n\n<h4 class=\"wp-block-heading\">Suoramarkkinointi ja henkil\u00f6tietojen k\u00e4sittely<\/h4>\n\n\n\n<p>Verkkokauppa k\u00e4ytt\u00e4\u00e4 ostajan antamia henkil\u00f6tietoja ainoastaan tilauksen k\u00e4sittelyyn ja tavaroiden toimittamiseen ostajalle. Verkkokauppa v\u00e4litt\u00e4\u00e4 henkil\u00f6tiedot kuljetuspalvelujen tarjoajille tavaroiden toimittamista varten.<\/p>\n\n\n\n<p>Verkkokauppa l\u00e4hett\u00e4\u00e4 uutiskirjeit\u00e4 ja tarjouksia ostajan s\u00e4hk\u00f6postiosoitteeseen vain, jos ostaja on ilmaissut halunsa saada niit\u00e4 sy\u00f6tt\u00e4m\u00e4ll\u00e4 s\u00e4hk\u00f6postinsa verkkosivustolle ja ilmoittamalla haluavansa vastaanottaa suoramarkkinointiviestej\u00e4.<\/p>\n\n\n\n<p>Ostaja voi milloin tahansa kielt\u00e4yty\u00e4 vastaanottamasta myynninedist\u00e4miss\u00e4hk\u00f6posteja ilmoittamalla siit\u00e4 meille s\u00e4hk\u00f6postitse tai noudattamalla myynninedist\u00e4miss\u00e4hk\u00f6postissa annettuja ohjeita.<\/p>\n\n\n\n<h4 class=\"wp-block-heading\">Riitojen ratkaiseminen<\/h4>\n\n\n\n<p>Jos ostajalla on verkkokauppaa koskevia valituksia, ne tulee l\u00e4hett\u00e4\u00e4 s\u00e4hk\u00f6postiosoitteeseen osoitteeseen <a>info@klap.ee<\/a>.<\/p>\n\n\n\n<p>Jos ostaja ja verkkokauppa eiv\u00e4t pysty ratkaisemaan riitaa neuvottelemalla, ostaja voi saattaa asian kuluttajariitalautakunnan k\u00e4sitelt\u00e4v\u00e4ksi. Menettelyn ehdot ja hakemuslomakkeet l\u00f6ytyv\u00e4t osoitteesta&nbsp;<a href=\"https:\/\/komisjon.ee\/et\/avalduse-esitamine\">kuule<\/a>.<\/p>\n\n\n\n<p>Kuluttajariitalautakunta on toimivaltainen ratkaisemaan ostajan ja verkkokaupan v\u00e4lisest\u00e4 sopimuksesta johtuvat riidat. Komitea k\u00e4sittelee ostajan valituksen maksutta.<\/p>\n\n\n\n<p>Ostaja voi my\u00f6s saattaa asian Euroopan unionin verkkov\u00e4litteisen riidanratkaisuelimen k\u00e4sitelt\u00e4v\u00e4ksi.&nbsp;<a href=\"https:\/\/ec.europa.eu\/consumers\/odr\/main\/index.cfm?event=main.home2.show&amp;lng=ET\">foorumi<\/a>.<\/p>\n\n\n\n<div style=\"height:100px\" aria-hidden=\"true\" class=\"wp-block-spacer\"><\/div>\n\n\n\n<p><\/p>\n\n\n\n<p><\/p>","protected":false},"excerpt":{"rendered":"<p>The online store www.klap.ee (hereinafter referred to as the &#8220;Online Store&#8221;) is owned by PopUp O\u00dc (registration code 14013302), located at Vana-L\u00f5una 39\/1, Tallinn. Validity of the Sales Agreement, Product &#8230;<\/p>","protected":false},"author":1,"featured_media":0,"parent":0,"menu_order":0,"comment_status":"closed","ping_status":"closed","template":"","meta":{"_themeisle_gutenberg_block_has_review":false,"iawp_total_views":15,"footnotes":""},"class_list":["post-1564","page","type-page","status-publish","hentry"],"yoast_head":"<!-- This site is optimized with the Yoast SEO plugin v27.6 - https:\/\/yoast.com\/product\/yoast-seo-wordpress\/ -->\n<title>Terms of service - KLAP<\/title>\n<meta name=\"robots\" content=\"index, follow, max-snippet:-1, max-image-preview:large, max-video-preview:-1\" \/>\n<link rel=\"canonical\" href=\"https:\/\/klap.ee\/fi\/terms-of-service\/\" \/>\n<meta property=\"og:locale\" content=\"fi_FI\" \/>\n<meta property=\"og:type\" content=\"article\" \/>\n<meta property=\"og:title\" content=\"Terms of service - KLAP\" \/>\n<meta property=\"og:description\" content=\"The online store www.klap.ee (hereinafter referred to as the &#8220;Online Store&#8221;) is owned by PopUp O\u00dc (registration code 14013302), located at Vana-L\u00f5una 39\/1, Tallinn. Validity of the Sales Agreement, Product ...\" \/>\n<meta property=\"og:url\" content=\"https:\/\/klap.ee\/fi\/terms-of-service\/\" \/>\n<meta property=\"og:site_name\" content=\"KLAP\" \/>\n<meta property=\"article:modified_time\" content=\"2025-11-02T22:01:47+00:00\" \/>\n<meta name=\"twitter:card\" content=\"summary_large_image\" \/>\n<meta name=\"twitter:label1\" content=\"Arvioitu lukuaika\" \/>\n\t<meta name=\"twitter:data1\" content=\"7 minuuttia\" \/>\n<script type=\"application\/ld+json\" class=\"yoast-schema-graph\">{\"@context\":\"https:\\\/\\\/schema.org\",\"@graph\":[{\"@type\":\"WebPage\",\"@id\":\"https:\\\/\\\/klap.ee\\\/terms-of-service\\\/\",\"url\":\"https:\\\/\\\/klap.ee\\\/terms-of-service\\\/\",\"name\":\"Terms of service - KLAP\",\"isPartOf\":{\"@id\":\"https:\\\/\\\/klap.ee\\\/#website\"},\"datePublished\":\"2025-04-08T19:02:49+00:00\",\"dateModified\":\"2025-11-02T22:01:47+00:00\",\"breadcrumb\":{\"@id\":\"https:\\\/\\\/klap.ee\\\/terms-of-service\\\/#breadcrumb\"},\"inLanguage\":\"fi\",\"potentialAction\":[{\"@type\":\"ReadAction\",\"target\":[\"https:\\\/\\\/klap.ee\\\/terms-of-service\\\/\"]}]},{\"@type\":\"BreadcrumbList\",\"@id\":\"https:\\\/\\\/klap.ee\\\/terms-of-service\\\/#breadcrumb\",\"itemListElement\":[{\"@type\":\"ListItem\",\"position\":1,\"name\":\"Home\",\"item\":\"https:\\\/\\\/klap.ee\\\/\"},{\"@type\":\"ListItem\",\"position\":2,\"name\":\"Terms of service\"}]},{\"@type\":\"WebSite\",\"@id\":\"https:\\\/\\\/klap.ee\\\/#website\",\"url\":\"https:\\\/\\\/klap.ee\\\/\",\"name\":\"KLAP\",\"description\":\"J\u00e4tkusuutliku disainm\u00f6\u00f6bli pood\",\"publisher\":{\"@id\":\"https:\\\/\\\/klap.ee\\\/#organization\"},\"potentialAction\":[{\"@type\":\"SearchAction\",\"target\":{\"@type\":\"EntryPoint\",\"urlTemplate\":\"https:\\\/\\\/klap.ee\\\/?s={search_term_string}\"},\"query-input\":{\"@type\":\"PropertyValueSpecification\",\"valueRequired\":true,\"valueName\":\"search_term_string\"}}],\"inLanguage\":\"fi\"},{\"@type\":\"Organization\",\"@id\":\"https:\\\/\\\/klap.ee\\\/#organization\",\"name\":\"KLAP\",\"url\":\"https:\\\/\\\/klap.ee\\\/\",\"logo\":{\"@type\":\"ImageObject\",\"inLanguage\":\"fi\",\"@id\":\"https:\\\/\\\/klap.ee\\\/#\\\/schema\\\/logo\\\/image\\\/\",\"url\":\"https:\\\/\\\/klap.ee\\\/wp-content\\\/uploads\\\/2025\\\/03\\\/klap_logo_transparent_410x158.png\",\"contentUrl\":\"https:\\\/\\\/klap.ee\\\/wp-content\\\/uploads\\\/2025\\\/03\\\/klap_logo_transparent_410x158.png\",\"width\":410,\"height\":158,\"caption\":\"KLAP\"},\"image\":{\"@id\":\"https:\\\/\\\/klap.ee\\\/#\\\/schema\\\/logo\\\/image\\\/\"}}]}<\/script>\n<!-- \/ Yoast SEO plugin. -->","yoast_head_json":{"title":"Terms of service - KLAP","robots":{"index":"index","follow":"follow","max-snippet":"max-snippet:-1","max-image-preview":"max-image-preview:large","max-video-preview":"max-video-preview:-1"},"canonical":"https:\/\/klap.ee\/fi\/terms-of-service\/","og_locale":"fi_FI","og_type":"article","og_title":"Terms of service - KLAP","og_description":"The online store www.klap.ee (hereinafter referred to as the &#8220;Online Store&#8221;) is owned by PopUp O\u00dc (registration code 14013302), located at Vana-L\u00f5una 39\/1, Tallinn. Validity of the Sales Agreement, Product ...","og_url":"https:\/\/klap.ee\/fi\/terms-of-service\/","og_site_name":"KLAP","article_modified_time":"2025-11-02T22:01:47+00:00","twitter_card":"summary_large_image","twitter_misc":{"Arvioitu lukuaika":"7 minuuttia"},"schema":{"@context":"https:\/\/schema.org","@graph":[{"@type":"WebPage","@id":"https:\/\/klap.ee\/terms-of-service\/","url":"https:\/\/klap.ee\/terms-of-service\/","name":"Terms of service - KLAP","isPartOf":{"@id":"https:\/\/klap.ee\/#website"},"datePublished":"2025-04-08T19:02:49+00:00","dateModified":"2025-11-02T22:01:47+00:00","breadcrumb":{"@id":"https:\/\/klap.ee\/terms-of-service\/#breadcrumb"},"inLanguage":"fi","potentialAction":[{"@type":"ReadAction","target":["https:\/\/klap.ee\/terms-of-service\/"]}]},{"@type":"BreadcrumbList","@id":"https:\/\/klap.ee\/terms-of-service\/#breadcrumb","itemListElement":[{"@type":"ListItem","position":1,"name":"Home","item":"https:\/\/klap.ee\/"},{"@type":"ListItem","position":2,"name":"Terms of service"}]},{"@type":"WebSite","@id":"https:\/\/klap.ee\/#website","url":"https:\/\/klap.ee\/","name":"KLAP","description":"J\u00e4tkusuutliku disainm\u00f6\u00f6bli pood","publisher":{"@id":"https:\/\/klap.ee\/#organization"},"potentialAction":[{"@type":"SearchAction","target":{"@type":"EntryPoint","urlTemplate":"https:\/\/klap.ee\/?s={search_term_string}"},"query-input":{"@type":"PropertyValueSpecification","valueRequired":true,"valueName":"search_term_string"}}],"inLanguage":"fi"},{"@type":"Organization","@id":"https:\/\/klap.ee\/#organization","name":"KLAP","url":"https:\/\/klap.ee\/","logo":{"@type":"ImageObject","inLanguage":"fi","@id":"https:\/\/klap.ee\/#\/schema\/logo\/image\/","url":"https:\/\/klap.ee\/wp-content\/uploads\/2025\/03\/klap_logo_transparent_410x158.png","contentUrl":"https:\/\/klap.ee\/wp-content\/uploads\/2025\/03\/klap_logo_transparent_410x158.png","width":410,"height":158,"caption":"KLAP"},"image":{"@id":"https:\/\/klap.ee\/#\/schema\/logo\/image\/"}}]}},"_links":{"self":[{"href":"https:\/\/klap.ee\/fi\/wp-json\/wp\/v2\/pages\/1564","targetHints":{"allow":["GET"]}}],"collection":[{"href":"https:\/\/klap.ee\/fi\/wp-json\/wp\/v2\/pages"}],"about":[{"href":"https:\/\/klap.ee\/fi\/wp-json\/wp\/v2\/types\/page"}],"author":[{"embeddable":true,"href":"https:\/\/klap.ee\/fi\/wp-json\/wp\/v2\/users\/1"}],"replies":[{"embeddable":true,"href":"https:\/\/klap.ee\/fi\/wp-json\/wp\/v2\/comments?post=1564"}],"version-history":[{"count":10,"href":"https:\/\/klap.ee\/fi\/wp-json\/wp\/v2\/pages\/1564\/revisions"}],"predecessor-version":[{"id":3495,"href":"https:\/\/klap.ee\/fi\/wp-json\/wp\/v2\/pages\/1564\/revisions\/3495"}],"wp:attachment":[{"href":"https:\/\/klap.ee\/fi\/wp-json\/wp\/v2\/media?parent=1564"}],"curies":[{"name":"wp","href":"https:\/\/api.w.org\/{rel}","templated":true}]}}