{"id":19,"date":"2025-03-07T04:47:36","date_gmt":"2025-03-07T04:47:36","guid":{"rendered":"https:\/\/klap-ee.vserver.zonevs.eu\/cart\/"},"modified":"2025-04-07T19:14:59","modified_gmt":"2025-04-07T19:14:59","slug":"cart","status":"publish","type":"page","link":"https:\/\/klap.ee\/fi\/cart\/","title":{"rendered":"Ostoskori"},"content":{"rendered":"<div data-block-name=\"woocommerce\/cart\" class=\"wp-block-woocommerce-cart alignwide is-loading\">\n<div data-block-name=\"woocommerce\/filled-cart-block\" class=\"wp-block-woocommerce-filled-cart-block\">\n<div data-block-name=\"woocommerce\/cart-items-block\" class=\"wp-block-woocommerce-cart-items-block\">\n<div data-block-name=\"woocommerce\/cart-line-items-block\" class=\"wp-block-woocommerce-cart-line-items-block\"><\/div>\n\n\n\n<div data-block-name=\"woocommerce\/cart-cross-sells-block\" class=\"wp-block-woocommerce-cart-cross-sells-block\">\n<h2 class=\"wp-block-heading has-large-font-size\">Saatat olla kiinnostunut...<\/h2>\n\n\n\n<div data-block-name=\"woocommerce\/cart-cross-sells-products-block\" class=\"wp-block-woocommerce-cart-cross-sells-products-block\"><\/div>\n<\/div>\n<\/div>\n\n\n\n<div data-block-name=\"woocommerce\/cart-totals-block\" class=\"wp-block-woocommerce-cart-totals-block\">\n<div data-block-name=\"woocommerce\/cart-order-summary-block\" class=\"wp-block-woocommerce-cart-order-summary-block\">\n<div data-block-name=\"woocommerce\/cart-order-summary-heading-block\" class=\"wp-block-woocommerce-cart-order-summary-heading-block\"><\/div><div data-block-name=\"woocommerce\/cart-order-summary-coupon-form-block\" class=\"wp-block-woocommerce-cart-order-summary-coupon-form-block\"><\/div><div data-block-name=\"woocommerce\/cart-order-summary-totals-block\" class=\"wp-block-woocommerce-cart-order-summary-totals-block\">\n<div data-block-name=\"woocommerce\/cart-order-summary-subtotal-block\" class=\"wp-block-woocommerce-cart-order-summary-subtotal-block\"><\/div>\n<div data-block-name=\"woocommerce\/cart-order-summary-discount-block\" class=\"wp-block-woocommerce-cart-order-summary-discount-block\"><\/div>\n<div data-block-name=\"woocommerce\/cart-order-summary-fee-block\" class=\"wp-block-woocommerce-cart-order-summary-fee-block\"><\/div>\n<div data-block-name=\"woocommerce\/cart-order-summary-shipping-block\" class=\"wp-block-woocommerce-cart-order-summary-shipping-block\"><\/div>\n<div data-block-name=\"woocommerce\/cart-order-summary-taxes-block\" class=\"wp-block-woocommerce-cart-order-summary-taxes-block\"><\/div><\/div>\n<\/div>\n\n\n\n<div data-block-name=\"woocommerce\/cart-express-payment-block\" class=\"wp-block-woocommerce-cart-express-payment-block\"><\/div>\n\n\n\n<div data-block-name=\"woocommerce\/proceed-to-checkout-block\" class=\"wp-block-woocommerce-proceed-to-checkout-block\"><\/div>\n\n\n\n<div data-block-name=\"woocommerce\/cart-accepted-payment-methods-block\" class=\"wp-block-woocommerce-cart-accepted-payment-methods-block\"><\/div>\n<\/div>\n<\/div>\n\n\n\n<div data-block-name=\"woocommerce\/empty-cart-block\" class=\"wp-block-woocommerce-empty-cart-block\">\n<h2 class=\"wp-block-heading has-text-align-center with-empty-cart-icon wc-block-cart__empty-cart__title\">Ostoskorisi on t\u00e4ll\u00e4 hetkell\u00e4 tyhj\u00e4!<\/h2>\n\n\n\n<hr class=\"wp-block-separator has-alpha-channel-opacity is-style-dots\"\/>\n\n\n\n<h2 class=\"wp-block-heading has-text-align-center\">Uutta myym\u00e4l\u00e4ss\u00e4<\/h2>\n\n\n<div data-block-name=\"woocommerce\/product-new\" data-columns=\"4\" data-rows=\"1\" class=\"wc-block-grid wp-block-product-new wp-block-woocommerce-product-new wc-block-product-new has-4-columns\"><ul class=\"wc-block-grid__products\"><li class=\"wc-block-grid__product\">\n\t\t\t\t<a href=\"https:\/\/klap.ee\/fi\/tuote\/humanscale-freedom-with-headrest-refurbished\/\" class=\"wc-block-grid__product-link\">\n\t\t\t\t\t<div class=\"wc-block-grid__product-onsale\">\n\t\t\t<span aria-hidden=\"true\" data-no-translation=\"\" data-trp-gettext=\"\">Myynti<\/span>\n\t\t\t<span class=\"screen-reader-text\" data-no-translation=\"\" data-trp-gettext=\"\">Tuote myynniss\u00e4<\/span>\n\t\t<\/div>\n\t\t\t\t\t<div class=\"wc-block-grid__product-image\"><img loading=\"lazy\" decoding=\"async\" width=\"300\" height=\"300\" src=\"https:\/\/klap.ee\/wp-content\/uploads\/2026\/05\/7508019b-c9be-492a-91ed-35646f90d830-300x300.png\" class=\"attachment-woocommerce_thumbnail size-woocommerce_thumbnail heim-product-hover-thumbnail\" alt=\"\" srcset=\"https:\/\/klap.ee\/wp-content\/uploads\/2026\/05\/7508019b-c9be-492a-91ed-35646f90d830-300x300.png 300w, https:\/\/klap.ee\/wp-content\/uploads\/2026\/05\/7508019b-c9be-492a-91ed-35646f90d830-150x150.png 150w, https:\/\/klap.ee\/wp-content\/uploads\/2026\/05\/7508019b-c9be-492a-91ed-35646f90d830-768x768.png 768w, https:\/\/klap.ee\/wp-content\/uploads\/2026\/05\/7508019b-c9be-492a-91ed-35646f90d830-12x12.png 12w, https:\/\/klap.ee\/wp-content\/uploads\/2026\/05\/7508019b-c9be-492a-91ed-35646f90d830-600x600.png 600w, https:\/\/klap.ee\/wp-content\/uploads\/2026\/05\/7508019b-c9be-492a-91ed-35646f90d830.png 1024w\" sizes=\"auto, (max-width: 300px) 100vw, 300px\" \/><img loading=\"lazy\" decoding=\"async\" width=\"300\" height=\"300\" src=\"https:\/\/klap.ee\/wp-content\/uploads\/2026\/05\/Untitled-design-5-300x300.png\" class=\"attachment-woocommerce_thumbnail size-woocommerce_thumbnail\" alt=\"Humanscale Freedom With Headrest (Refurbished)\" srcset=\"https:\/\/klap.ee\/wp-content\/uploads\/2026\/05\/Untitled-design-5-300x300.png 300w, https:\/\/klap.ee\/wp-content\/uploads\/2026\/05\/Untitled-design-5-1024x1024.png 1024w, https:\/\/klap.ee\/wp-content\/uploads\/2026\/05\/Untitled-design-5-150x150.png 150w, https:\/\/klap.ee\/wp-content\/uploads\/2026\/05\/Untitled-design-5-768x768.png 768w, https:\/\/klap.ee\/wp-content\/uploads\/2026\/05\/Untitled-design-5-1536x1536.png 1536w, https:\/\/klap.ee\/wp-content\/uploads\/2026\/05\/Untitled-design-5-12x12.png 12w, https:\/\/klap.ee\/wp-content\/uploads\/2026\/05\/Untitled-design-5-600x600.png 600w, https:\/\/klap.ee\/wp-content\/uploads\/2026\/05\/Untitled-design-5.png 1600w\" sizes=\"auto, (max-width: 300px) 100vw, 300px\" \/><\/div>\n\t\t\t\t\t<span class=\"heim-label-itsnew\">Uusi<\/span><div class=\"wc-block-grid__product-title\">Humanscale Freedom P\u00e4\u00e4ntuen kanssa (kunnostettu)<\/div>\n\t\t\t\t<\/a>\n\t\t\t\t<div class=\"wc-block-grid__product-price price\"><del aria-hidden=\"true\"><span class=\"woocommerce-Price-amount amount\">1854,00&nbsp;<span class=\"woocommerce-Price-currencySymbol\">\u20ac<\/span><\/span><\/del> <span class=\"screen-reader-text\" data-no-translation=\"\" data-trp-gettext=\"\">Alkuper\u00e4inen hinta oli: 1854,00&nbsp;&euro;.<\/span><ins aria-hidden=\"true\"><span class=\"woocommerce-Price-amount amount\">799,00&nbsp;<span class=\"woocommerce-Price-currencySymbol\">\u20ac<\/span><\/span><\/ins><span class=\"screen-reader-text\" data-no-translation=\"\" data-trp-gettext=\"\">Nykyinen hinta on: 799,00&nbsp;&euro;.<\/span><span class=\"onsale\"><span class=\"heim-onsale-before\">-<\/span>57<span class=\"heim-onsale-after\">%<\/span><\/span><\/div>\n\t\t\t\t\n\t\t\t\t<div class=\"wp-block-button wc-block-grid__product-add-to-cart\"><a href=\"\/fi\/wp-json\/wp\/v2\/pages\/19?add-to-cart=5137\" aria-label=\"Lis\u00e4\u00e4 ostoskoriin: \u201cHumanscale Freedom With Headrest (Refurbished)\u201d\" data-quantity=\"1\" data-product_id=\"5137\" data-product_sku=\"\" data-price=\"799\" rel=\"nofollow\" class=\"wp-block-button__link  add_to_cart_button ajax_add_to_cart\" data-no-translation-aria-label=\"\">Lis\u00e4\u00e4 ostoskoriin<\/a><\/div>\n\t\t\t<\/li><li class=\"wc-block-grid__product\">\n\t\t\t\t<a href=\"https:\/\/klap.ee\/fi\/tuote\/herman-miller-setu-refurbished\/\" class=\"wc-block-grid__product-link\">\n\t\t\t\t\t<div class=\"wc-block-grid__product-onsale\">\n\t\t\t<span aria-hidden=\"true\" data-no-translation=\"\" data-trp-gettext=\"\">Myynti<\/span>\n\t\t\t<span class=\"screen-reader-text\" data-no-translation=\"\" data-trp-gettext=\"\">Tuote myynniss\u00e4<\/span>\n\t\t<\/div>\n\t\t\t\t\t<div class=\"wc-block-grid__product-image\"><img loading=\"lazy\" decoding=\"async\" width=\"300\" height=\"300\" src=\"https:\/\/klap.ee\/wp-content\/uploads\/2026\/04\/6997d4c5-c9b6-4a48-8fae-04b187329b67-300x300.png\" class=\"attachment-woocommerce_thumbnail size-woocommerce_thumbnail heim-product-hover-thumbnail\" alt=\"\" srcset=\"https:\/\/klap.ee\/wp-content\/uploads\/2026\/04\/6997d4c5-c9b6-4a48-8fae-04b187329b67-300x300.png 300w, https:\/\/klap.ee\/wp-content\/uploads\/2026\/04\/6997d4c5-c9b6-4a48-8fae-04b187329b67-150x150.png 150w, https:\/\/klap.ee\/wp-content\/uploads\/2026\/04\/6997d4c5-c9b6-4a48-8fae-04b187329b67-768x768.png 768w, https:\/\/klap.ee\/wp-content\/uploads\/2026\/04\/6997d4c5-c9b6-4a48-8fae-04b187329b67-12x12.png 12w, https:\/\/klap.ee\/wp-content\/uploads\/2026\/04\/6997d4c5-c9b6-4a48-8fae-04b187329b67-600x600.png 600w, https:\/\/klap.ee\/wp-content\/uploads\/2026\/04\/6997d4c5-c9b6-4a48-8fae-04b187329b67.png 1024w\" sizes=\"auto, (max-width: 300px) 100vw, 300px\" \/><img loading=\"lazy\" decoding=\"async\" width=\"300\" height=\"300\" src=\"https:\/\/klap.ee\/wp-content\/uploads\/2026\/04\/Untitled-design-2-2-300x300.png\" class=\"attachment-woocommerce_thumbnail size-woocommerce_thumbnail\" alt=\"Herman Miller Setu (Refurbished)\" srcset=\"https:\/\/klap.ee\/wp-content\/uploads\/2026\/04\/Untitled-design-2-2-300x300.png 300w, https:\/\/klap.ee\/wp-content\/uploads\/2026\/04\/Untitled-design-2-2-1024x1024.png 1024w, https:\/\/klap.ee\/wp-content\/uploads\/2026\/04\/Untitled-design-2-2-150x150.png 150w, https:\/\/klap.ee\/wp-content\/uploads\/2026\/04\/Untitled-design-2-2-768x768.png 768w, https:\/\/klap.ee\/wp-content\/uploads\/2026\/04\/Untitled-design-2-2-1536x1536.png 1536w, https:\/\/klap.ee\/wp-content\/uploads\/2026\/04\/Untitled-design-2-2-12x12.png 12w, https:\/\/klap.ee\/wp-content\/uploads\/2026\/04\/Untitled-design-2-2-600x600.png 600w, https:\/\/klap.ee\/wp-content\/uploads\/2026\/04\/Untitled-design-2-2.png 1600w\" sizes=\"auto, (max-width: 300px) 100vw, 300px\" \/><\/div>\n\t\t\t\t\t<div class=\"wc-block-grid__product-title\">Herman Miller Setu (kunnostettu)<\/div>\n\t\t\t\t<\/a>\n\t\t\t\t<div class=\"wc-block-grid__product-price price\"><del aria-hidden=\"true\"><span class=\"woocommerce-Price-amount amount\">1170,00&nbsp;<span class=\"woocommerce-Price-currencySymbol\">\u20ac<\/span><\/span><\/del> <span class=\"screen-reader-text\" data-no-translation=\"\" data-trp-gettext=\"\">Alkuper\u00e4inen hinta oli: 1170,00&nbsp;&euro;.<\/span><ins aria-hidden=\"true\"><span class=\"woocommerce-Price-amount amount\">374,00&nbsp;<span class=\"woocommerce-Price-currencySymbol\">\u20ac<\/span><\/span><\/ins><span class=\"screen-reader-text\" data-no-translation=\"\" data-trp-gettext=\"\">Nykyinen hinta on: 374,00&nbsp;&euro;.<\/span><span class=\"onsale\"><span class=\"heim-onsale-before\">-<\/span>68<span class=\"heim-onsale-after\">%<\/span><\/span><\/div>\n\t\t\t\t\n\t\t\t\t<div class=\"wp-block-button wc-block-grid__product-add-to-cart\"><a href=\"\/fi\/wp-json\/wp\/v2\/pages\/19?add-to-cart=5061\" aria-label=\"Lis\u00e4\u00e4 ostoskoriin: \u201cHerman Miller Setu (Refurbished)\u201d\" data-quantity=\"1\" data-product_id=\"5061\" data-product_sku=\"\" data-price=\"374\" rel=\"nofollow\" class=\"wp-block-button__link  add_to_cart_button ajax_add_to_cart\" data-no-translation-aria-label=\"\">Lis\u00e4\u00e4 ostoskoriin<\/a><\/div>\n\t\t\t<\/li><li class=\"wc-block-grid__product\">\n\t\t\t\t<a href=\"https:\/\/klap.ee\/fi\/tuote\/vitra-eames-dsw-white-refurbished\/\" class=\"wc-block-grid__product-link\">\n\t\t\t\t\t<div class=\"wc-block-grid__product-onsale\">\n\t\t\t<span aria-hidden=\"true\" data-no-translation=\"\" data-trp-gettext=\"\">Myynti<\/span>\n\t\t\t<span class=\"screen-reader-text\" data-no-translation=\"\" data-trp-gettext=\"\">Tuote myynniss\u00e4<\/span>\n\t\t<\/div>\n\t\t\t\t\t<div class=\"wc-block-grid__product-image\"><img loading=\"lazy\" decoding=\"async\" width=\"300\" height=\"300\" src=\"https:\/\/klap.ee\/wp-content\/uploads\/2026\/04\/f29d0c5d-48c4-4ef3-8869-c11cabf042b4-300x300.png\" class=\"attachment-woocommerce_thumbnail size-woocommerce_thumbnail heim-product-hover-thumbnail\" alt=\"\" srcset=\"https:\/\/klap.ee\/wp-content\/uploads\/2026\/04\/f29d0c5d-48c4-4ef3-8869-c11cabf042b4-300x300.png 300w, https:\/\/klap.ee\/wp-content\/uploads\/2026\/04\/f29d0c5d-48c4-4ef3-8869-c11cabf042b4-150x150.png 150w, https:\/\/klap.ee\/wp-content\/uploads\/2026\/04\/f29d0c5d-48c4-4ef3-8869-c11cabf042b4-768x768.png 768w, https:\/\/klap.ee\/wp-content\/uploads\/2026\/04\/f29d0c5d-48c4-4ef3-8869-c11cabf042b4-12x12.png 12w, https:\/\/klap.ee\/wp-content\/uploads\/2026\/04\/f29d0c5d-48c4-4ef3-8869-c11cabf042b4-600x600.png 600w, https:\/\/klap.ee\/wp-content\/uploads\/2026\/04\/f29d0c5d-48c4-4ef3-8869-c11cabf042b4.png 1024w\" sizes=\"auto, (max-width: 300px) 100vw, 300px\" \/><img loading=\"lazy\" decoding=\"async\" width=\"300\" height=\"300\" src=\"https:\/\/klap.ee\/wp-content\/uploads\/2026\/04\/Untitled-design-2-1-300x300.png\" class=\"attachment-woocommerce_thumbnail size-woocommerce_thumbnail\" alt=\"Vitra Eames DSW (Refurbished)\" srcset=\"https:\/\/klap.ee\/wp-content\/uploads\/2026\/04\/Untitled-design-2-1-300x300.png 300w, https:\/\/klap.ee\/wp-content\/uploads\/2026\/04\/Untitled-design-2-1-1024x1024.png 1024w, https:\/\/klap.ee\/wp-content\/uploads\/2026\/04\/Untitled-design-2-1-150x150.png 150w, https:\/\/klap.ee\/wp-content\/uploads\/2026\/04\/Untitled-design-2-1-768x768.png 768w, https:\/\/klap.ee\/wp-content\/uploads\/2026\/04\/Untitled-design-2-1-1536x1536.png 1536w, https:\/\/klap.ee\/wp-content\/uploads\/2026\/04\/Untitled-design-2-1-12x12.png 12w, https:\/\/klap.ee\/wp-content\/uploads\/2026\/04\/Untitled-design-2-1-600x600.png 600w, https:\/\/klap.ee\/wp-content\/uploads\/2026\/04\/Untitled-design-2-1.png 1600w\" sizes=\"auto, (max-width: 300px) 100vw, 300px\" \/><\/div>\n\t\t\t\t\t<div class=\"wc-block-grid__product-title\">Vitra Eames DSW (Kunnostettu)<\/div>\n\t\t\t\t<\/a>\n\t\t\t\t<div class=\"wc-block-grid__product-price price\"><del aria-hidden=\"true\"><span class=\"woocommerce-Price-amount amount\">440,00&nbsp;<span class=\"woocommerce-Price-currencySymbol\">\u20ac<\/span><\/span><\/del> <span class=\"screen-reader-text\" data-no-translation=\"\" data-trp-gettext=\"\">Alkuper\u00e4inen hinta oli: 440,00&nbsp;&euro;.<\/span><ins aria-hidden=\"true\"><span class=\"woocommerce-Price-amount amount\">246,00&nbsp;<span class=\"woocommerce-Price-currencySymbol\">\u20ac<\/span><\/span><\/ins><span class=\"screen-reader-text\" data-no-translation=\"\" data-trp-gettext=\"\">Nykyinen hinta on: 246,00&nbsp;&euro;.<\/span><span class=\"onsale\"><span class=\"heim-onsale-before\">-<\/span>44<span class=\"heim-onsale-after\">%<\/span><\/span><\/div>\n\t\t\t\t\n\t\t\t\t<div class=\"wp-block-button wc-block-grid__product-add-to-cart\"><a href=\"\/fi\/wp-json\/wp\/v2\/pages\/19?add-to-cart=4956\" aria-label=\"Lis\u00e4\u00e4 ostoskoriin: \u201cVitra Eames DSW (Refurbished)\u201d\" data-quantity=\"1\" data-product_id=\"4956\" data-product_sku=\"\" data-price=\"246\" rel=\"nofollow\" class=\"wp-block-button__link  add_to_cart_button ajax_add_to_cart\" data-no-translation-aria-label=\"\">Lis\u00e4\u00e4 ostoskoriin<\/a><\/div>\n\t\t\t<\/li><li class=\"wc-block-grid__product\">\n\t\t\t\t<a href=\"https:\/\/klap.ee\/fi\/tuote\/https-klap-ee-product-vitra-eames-ea-117-refurbished\/\" class=\"wc-block-grid__product-link\">\n\t\t\t\t\t<div class=\"wc-block-grid__product-onsale\">\n\t\t\t<span aria-hidden=\"true\" data-no-translation=\"\" data-trp-gettext=\"\">Myynti<\/span>\n\t\t\t<span class=\"screen-reader-text\" data-no-translation=\"\" data-trp-gettext=\"\">Tuote myynniss\u00e4<\/span>\n\t\t<\/div>\n\t\t\t\t\t<div class=\"wc-block-grid__product-image\"><img loading=\"lazy\" decoding=\"async\" width=\"300\" height=\"300\" src=\"https:\/\/klap.ee\/wp-content\/uploads\/2026\/04\/37c30dd1-fc50-497c-8102-97e7ce02f26c-300x300.png\" class=\"attachment-woocommerce_thumbnail size-woocommerce_thumbnail heim-product-hover-thumbnail\" alt=\"\" srcset=\"https:\/\/klap.ee\/wp-content\/uploads\/2026\/04\/37c30dd1-fc50-497c-8102-97e7ce02f26c-300x300.png 300w, https:\/\/klap.ee\/wp-content\/uploads\/2026\/04\/37c30dd1-fc50-497c-8102-97e7ce02f26c-150x150.png 150w, https:\/\/klap.ee\/wp-content\/uploads\/2026\/04\/37c30dd1-fc50-497c-8102-97e7ce02f26c-768x768.png 768w, https:\/\/klap.ee\/wp-content\/uploads\/2026\/04\/37c30dd1-fc50-497c-8102-97e7ce02f26c-12x12.png 12w, https:\/\/klap.ee\/wp-content\/uploads\/2026\/04\/37c30dd1-fc50-497c-8102-97e7ce02f26c-600x600.png 600w, https:\/\/klap.ee\/wp-content\/uploads\/2026\/04\/37c30dd1-fc50-497c-8102-97e7ce02f26c.png 1024w\" sizes=\"auto, (max-width: 300px) 100vw, 300px\" \/><img loading=\"lazy\" decoding=\"async\" width=\"300\" height=\"300\" src=\"https:\/\/klap.ee\/wp-content\/uploads\/2026\/04\/Untitled-design-300x300.png\" class=\"attachment-woocommerce_thumbnail size-woocommerce_thumbnail\" alt=\"Vitra Eames EA 117 (Refurbished)\" srcset=\"https:\/\/klap.ee\/wp-content\/uploads\/2026\/04\/Untitled-design-300x300.png 300w, https:\/\/klap.ee\/wp-content\/uploads\/2026\/04\/Untitled-design-1024x1024.png 1024w, https:\/\/klap.ee\/wp-content\/uploads\/2026\/04\/Untitled-design-150x150.png 150w, https:\/\/klap.ee\/wp-content\/uploads\/2026\/04\/Untitled-design-768x768.png 768w, https:\/\/klap.ee\/wp-content\/uploads\/2026\/04\/Untitled-design-1536x1536.png 1536w, https:\/\/klap.ee\/wp-content\/uploads\/2026\/04\/Untitled-design-12x12.png 12w, https:\/\/klap.ee\/wp-content\/uploads\/2026\/04\/Untitled-design-600x600.png 600w, https:\/\/klap.ee\/wp-content\/uploads\/2026\/04\/Untitled-design.png 1600w\" sizes=\"auto, (max-width: 300px) 100vw, 300px\" \/><\/div>\n\t\t\t\t\t<div class=\"wc-block-grid__product-title\">Vitra Eames EA 117 (kunnostettu)<\/div>\n\t\t\t\t<\/a>\n\t\t\t\t<div class=\"wc-block-grid__product-price price\"><del aria-hidden=\"true\"><span class=\"woocommerce-Price-amount amount\">3420,00&nbsp;<span class=\"woocommerce-Price-currencySymbol\">\u20ac<\/span><\/span><\/del> <span class=\"screen-reader-text\" data-no-translation=\"\" data-trp-gettext=\"\">Alkuper\u00e4inen hinta oli: 3420,00&nbsp;&euro;.<\/span><ins aria-hidden=\"true\"><span class=\"woocommerce-Price-amount amount\">832,00&nbsp;<span class=\"woocommerce-Price-currencySymbol\">\u20ac<\/span><\/span><\/ins><span class=\"screen-reader-text\" data-no-translation=\"\" data-trp-gettext=\"\">Nykyinen hinta on: 832,00&nbsp;&euro;.<\/span><span class=\"onsale\"><span class=\"heim-onsale-before\">-<\/span>76<span class=\"heim-onsale-after\">%<\/span><\/span><\/div>\n\t\t\t\t\n\t\t\t\t<div class=\"wp-block-button wc-block-grid__product-add-to-cart\"><a href=\"\/fi\/wp-json\/wp\/v2\/pages\/19?add-to-cart=4944\" aria-label=\"Lis\u00e4\u00e4 ostoskoriin: \u201cVitra Eames EA 117 (Refurbished)\u201d\" data-quantity=\"1\" data-product_id=\"4944\" data-product_sku=\"\" data-price=\"832\" rel=\"nofollow\" class=\"wp-block-button__link  add_to_cart_button ajax_add_to_cart\" data-no-translation-aria-label=\"\">Lis\u00e4\u00e4 ostoskoriin<\/a><\/div>\n\t\t\t<\/li><\/ul><\/div><\/div>\n<\/div>","protected":false},"excerpt":{"rendered":"","protected":false},"author":1,"featured_media":0,"parent":0,"menu_order":0,"comment_status":"closed","ping_status":"closed","template":"","meta":{"_themeisle_gutenberg_block_has_review":false,"iawp_total_views":19,"footnotes":""},"class_list":["post-19","page","type-page","status-publish","hentry"],"yoast_head":"<!-- This site is optimized with the Yoast SEO plugin v27.6 - https:\/\/yoast.com\/product\/yoast-seo-wordpress\/ -->\n<title>Cart - KLAP<\/title>\n<meta name=\"robots\" content=\"index, follow, max-snippet:-1, max-image-preview:large, max-video-preview:-1\" \/>\n<link rel=\"canonical\" href=\"https:\/\/klap.ee\/fi\/cart\/\" \/>\n<meta property=\"og:locale\" content=\"fi_FI\" \/>\n<meta property=\"og:type\" content=\"article\" \/>\n<meta property=\"og:title\" content=\"Cart - KLAP\" \/>\n<meta property=\"og:url\" content=\"https:\/\/klap.ee\/fi\/cart\/\" \/>\n<meta property=\"og:site_name\" content=\"KLAP\" \/>\n<meta property=\"article:modified_time\" content=\"2025-04-07T19:14:59+00:00\" \/>\n<meta name=\"twitter:card\" content=\"summary_large_image\" \/>\n<script type=\"application\/ld+json\" class=\"yoast-schema-graph\">{\"@context\":\"https:\\\/\\\/schema.org\",\"@graph\":[{\"@type\":\"WebPage\",\"@id\":\"https:\\\/\\\/klap.ee\\\/cart\\\/\",\"url\":\"https:\\\/\\\/klap.ee\\\/cart\\\/\",\"name\":\"Cart - KLAP\",\"isPartOf\":{\"@id\":\"https:\\\/\\\/klap.ee\\\/#website\"},\"datePublished\":\"2025-03-07T04:47:36+00:00\",\"dateModified\":\"2025-04-07T19:14:59+00:00\",\"breadcrumb\":{\"@id\":\"https:\\\/\\\/klap.ee\\\/cart\\\/#breadcrumb\"},\"inLanguage\":\"fi\",\"potentialAction\":[{\"@type\":\"ReadAction\",\"target\":[\"https:\\\/\\\/klap.ee\\\/cart\\\/\"]}]},{\"@type\":\"BreadcrumbList\",\"@id\":\"https:\\\/\\\/klap.ee\\\/cart\\\/#breadcrumb\",\"itemListElement\":[{\"@type\":\"ListItem\",\"position\":1,\"name\":\"Home\",\"item\":\"https:\\\/\\\/klap.ee\\\/\"},{\"@type\":\"ListItem\",\"position\":2,\"name\":\"Cart\"}]},{\"@type\":\"WebSite\",\"@id\":\"https:\\\/\\\/klap.ee\\\/#website\",\"url\":\"https:\\\/\\\/klap.ee\\\/\",\"name\":\"KLAP\",\"description\":\"J\u00e4tkusuutliku disainm\u00f6\u00f6bli pood\",\"publisher\":{\"@id\":\"https:\\\/\\\/klap.ee\\\/#organization\"},\"potentialAction\":[{\"@type\":\"SearchAction\",\"target\":{\"@type\":\"EntryPoint\",\"urlTemplate\":\"https:\\\/\\\/klap.ee\\\/?s={search_term_string}\"},\"query-input\":{\"@type\":\"PropertyValueSpecification\",\"valueRequired\":true,\"valueName\":\"search_term_string\"}}],\"inLanguage\":\"fi\"},{\"@type\":\"Organization\",\"@id\":\"https:\\\/\\\/klap.ee\\\/#organization\",\"name\":\"KLAP\",\"url\":\"https:\\\/\\\/klap.ee\\\/\",\"logo\":{\"@type\":\"ImageObject\",\"inLanguage\":\"fi\",\"@id\":\"https:\\\/\\\/klap.ee\\\/#\\\/schema\\\/logo\\\/image\\\/\",\"url\":\"https:\\\/\\\/klap.ee\\\/wp-content\\\/uploads\\\/2025\\\/03\\\/klap_logo_transparent_410x158.png\",\"contentUrl\":\"https:\\\/\\\/klap.ee\\\/wp-content\\\/uploads\\\/2025\\\/03\\\/klap_logo_transparent_410x158.png\",\"width\":410,\"height\":158,\"caption\":\"KLAP\"},\"image\":{\"@id\":\"https:\\\/\\\/klap.ee\\\/#\\\/schema\\\/logo\\\/image\\\/\"}}]}<\/script>\n<!-- \/ Yoast SEO plugin. -->","yoast_head_json":{"title":"Cart - KLAP","robots":{"index":"index","follow":"follow","max-snippet":"max-snippet:-1","max-image-preview":"max-image-preview:large","max-video-preview":"max-video-preview:-1"},"canonical":"https:\/\/klap.ee\/fi\/cart\/","og_locale":"fi_FI","og_type":"article","og_title":"Cart - KLAP","og_url":"https:\/\/klap.ee\/fi\/cart\/","og_site_name":"KLAP","article_modified_time":"2025-04-07T19:14:59+00:00","twitter_card":"summary_large_image","schema":{"@context":"https:\/\/schema.org","@graph":[{"@type":"WebPage","@id":"https:\/\/klap.ee\/cart\/","url":"https:\/\/klap.ee\/cart\/","name":"Cart - KLAP","isPartOf":{"@id":"https:\/\/klap.ee\/#website"},"datePublished":"2025-03-07T04:47:36+00:00","dateModified":"2025-04-07T19:14:59+00:00","breadcrumb":{"@id":"https:\/\/klap.ee\/cart\/#breadcrumb"},"inLanguage":"fi","potentialAction":[{"@type":"ReadAction","target":["https:\/\/klap.ee\/cart\/"]}]},{"@type":"BreadcrumbList","@id":"https:\/\/klap.ee\/cart\/#breadcrumb","itemListElement":[{"@type":"ListItem","position":1,"name":"Home","item":"https:\/\/klap.ee\/"},{"@type":"ListItem","position":2,"name":"Cart"}]},{"@type":"WebSite","@id":"https:\/\/klap.ee\/#website","url":"https:\/\/klap.ee\/","name":"KLAP","description":"J\u00e4tkusuutliku disainm\u00f6\u00f6bli pood","publisher":{"@id":"https:\/\/klap.ee\/#organization"},"potentialAction":[{"@type":"SearchAction","target":{"@type":"EntryPoint","urlTemplate":"https:\/\/klap.ee\/?s={search_term_string}"},"query-input":{"@type":"PropertyValueSpecification","valueRequired":true,"valueName":"search_term_string"}}],"inLanguage":"fi"},{"@type":"Organization","@id":"https:\/\/klap.ee\/#organization","name":"KLAP","url":"https:\/\/klap.ee\/","logo":{"@type":"ImageObject","inLanguage":"fi","@id":"https:\/\/klap.ee\/#\/schema\/logo\/image\/","url":"https:\/\/klap.ee\/wp-content\/uploads\/2025\/03\/klap_logo_transparent_410x158.png","contentUrl":"https:\/\/klap.ee\/wp-content\/uploads\/2025\/03\/klap_logo_transparent_410x158.png","width":410,"height":158,"caption":"KLAP"},"image":{"@id":"https:\/\/klap.ee\/#\/schema\/logo\/image\/"}}]}},"_links":{"self":[{"href":"https:\/\/klap.ee\/fi\/wp-json\/wp\/v2\/pages\/19","targetHints":{"allow":["GET"]}}],"collection":[{"href":"https:\/\/klap.ee\/fi\/wp-json\/wp\/v2\/pages"}],"about":[{"href":"https:\/\/klap.ee\/fi\/wp-json\/wp\/v2\/types\/page"}],"author":[{"embeddable":true,"href":"https:\/\/klap.ee\/fi\/wp-json\/wp\/v2\/users\/1"}],"replies":[{"embeddable":true,"href":"https:\/\/klap.ee\/fi\/wp-json\/wp\/v2\/comments?post=19"}],"version-history":[{"count":1,"href":"https:\/\/klap.ee\/fi\/wp-json\/wp\/v2\/pages\/19\/revisions"}],"predecessor-version":[{"id":118,"href":"https:\/\/klap.ee\/fi\/wp-json\/wp\/v2\/pages\/19\/revisions\/118"}],"wp:attachment":[{"href":"https:\/\/klap.ee\/fi\/wp-json\/wp\/v2\/media?parent=19"}],"curies":[{"name":"wp","href":"https:\/\/api.w.org\/{rel}","templated":true}]}}