{"id":2444,"date":"2025-07-28T10:26:18","date_gmt":"2025-07-28T10:26:18","guid":{"rendered":"https:\/\/klap.ee\/?page_id=2444"},"modified":"2025-07-28T11:09:25","modified_gmt":"2025-07-28T11:09:25","slug":"blog","status":"publish","type":"page","link":"https:\/\/klap.ee\/fi\/blog\/","title":{"rendered":"Blogi"},"content":{"rendered":"<div class=\"wp-block-group alignfull has-background-background-color has-background is-layout-constrained wp-container-core-group-is-layout-392eb801 wp-block-group-is-layout-constrained\" style=\"margin-top:0;margin-bottom:0;padding-top:var(--wp--preset--spacing--60);padding-right:var(--wp--preset--spacing--30);padding-bottom:var(--wp--preset--spacing--60);padding-left:var(--wp--preset--spacing--30)\">\n<h2 class=\"wp-block-heading has-text-align-center has-large-font-size\">Tutustu sitoumukseemme kest\u00e4v\u00e4\u00e4n suunnitteluun<\/h2>\n\n\n\n<p class=\"has-text-align-center\" style=\"margin-top:16px\">Tutustu omistautumiseemme ymp\u00e4rist\u00f6yst\u00e4v\u00e4llisille huonekaluille, korostaen ydinarvoja ja kest\u00e4vi\u00e4 k\u00e4yt\u00e4nt\u00f6j\u00e4, jotka muovaavat KLAPin visiota ja edist\u00e4v\u00e4t jatkuvaa kasvuamme vihre\u00e4ss\u00e4 el\u00e4m\u00e4ss\u00e4.<\/p>\n<\/div>\n\n\n\n<p><\/p>\n\n\n<div class=\"pt-cv-wrapper\"><div class=\"pt-cv-view pt-cv-blockgrid iscvblock iscvhybrid list1 layout1\" id=\"pt-cv-view-fbf25b038d\"><div data-id=\"pt-cv-page-1\" class=\"pt-cv-page\" data-cvc=\"1\"><div class=\"pt-cv-content-item pt-cv-2-col\" ><div class=\"pt-cv-thumb-wrapper pull-left\"><a href=\"https:\/\/klap.ee\/fi\/klap-becomes-an-authorized-dealer-of-atlas-headrest\/\" class=\"_self pt-cv-href-thumbnail pt-cv-thumb-left\" target=\"_self\" ><img loading=\"lazy\" decoding=\"async\" width=\"300\" height=\"169\" src=\"https:\/\/klap.ee\/wp-content\/uploads\/2025\/08\/d061f6a95ffbd4b8763042e9d8b14002-1-300x169.webp\" class=\"pt-cv-thumbnail pull-left\" alt=\"\" srcset=\"https:\/\/klap.ee\/wp-content\/uploads\/2025\/08\/d061f6a95ffbd4b8763042e9d8b14002-1-300x169.webp 300w, https:\/\/klap.ee\/wp-content\/uploads\/2025\/08\/d061f6a95ffbd4b8763042e9d8b14002-1-1024x576.webp 1024w, https:\/\/klap.ee\/wp-content\/uploads\/2025\/08\/d061f6a95ffbd4b8763042e9d8b14002-1-768x432.webp 768w, https:\/\/klap.ee\/wp-content\/uploads\/2025\/08\/d061f6a95ffbd4b8763042e9d8b14002-1-1536x864.webp 1536w, https:\/\/klap.ee\/wp-content\/uploads\/2025\/08\/d061f6a95ffbd4b8763042e9d8b14002-1-2048x1152.webp 2048w, https:\/\/klap.ee\/wp-content\/uploads\/2025\/08\/d061f6a95ffbd4b8763042e9d8b14002-1-18x10.webp 18w, https:\/\/klap.ee\/wp-content\/uploads\/2025\/08\/d061f6a95ffbd4b8763042e9d8b14002-1-600x338.webp 600w, https:\/\/klap.ee\/wp-content\/uploads\/2025\/08\/d061f6a95ffbd4b8763042e9d8b14002-1-150x84.webp 150w\" sizes=\"auto, (max-width: 300px) 100vw, 300px\" \/><\/a><\/div>\n<div class=\"pt-cv-colwrap\"><div class=\"pt-cv-taxoterm above_title\"><a href='https:\/\/klap.ee\/fi\/category\/klap\/' title='KLAP' class='pt-cv-tax-klap'>KLAP<\/a><\/div><h4 class=\"pt-cv-title\"><a href=\"https:\/\/klap.ee\/fi\/klap-becomes-an-authorized-dealer-of-atlas-headrest\/\" class=\"_self\" target=\"_self\" >KLAPista tulee Atlas Headrestin valtuutettu j\u00e4lleenmyyj\u00e4<\/a><\/h4><div class=\"pt-cv-content\">Olemme innoissamme voidessamme ilmoittaa, ett\u00e4 KLAPista on tullut virallisesti Atlas ...<br \/><div class=\"pt-cv-rmwrap\"><a href=\"https:\/\/klap.ee\/fi\/klap-becomes-an-authorized-dealer-of-atlas-headrest\/\" class=\"_self pt-cv-readmore btn btn-success\" target=\"_self\">Read More<\/a><\/div><\/div><\/div><\/div>\n<div class=\"pt-cv-content-item pt-cv-2-col\" ><div class=\"pt-cv-thumb-wrapper pull-left\"><a href=\"https:\/\/klap.ee\/fi\/buy-once-buy-smart-why-investing-in-sustainable-office-furniture-pays-off\/\" class=\"_self pt-cv-href-thumbnail pt-cv-thumb-left\" target=\"_self\" ><img loading=\"lazy\" decoding=\"async\" width=\"300\" height=\"169\" src=\"https:\/\/klap.ee\/wp-content\/uploads\/2025\/07\/circulation-model-ig-3-3-1920x1080.jpg-300x169.webp\" class=\"pt-cv-thumbnail pull-left\" alt=\"\" srcset=\"https:\/\/klap.ee\/wp-content\/uploads\/2025\/07\/circulation-model-ig-3-3-1920x1080.jpg-300x169.webp 300w, https:\/\/klap.ee\/wp-content\/uploads\/2025\/07\/circulation-model-ig-3-3-1920x1080.jpg-1024x576.webp 1024w, https:\/\/klap.ee\/wp-content\/uploads\/2025\/07\/circulation-model-ig-3-3-1920x1080.jpg-768x432.webp 768w, https:\/\/klap.ee\/wp-content\/uploads\/2025\/07\/circulation-model-ig-3-3-1920x1080.jpg-1536x864.webp 1536w, https:\/\/klap.ee\/wp-content\/uploads\/2025\/07\/circulation-model-ig-3-3-1920x1080.jpg-18x10.webp 18w, https:\/\/klap.ee\/wp-content\/uploads\/2025\/07\/circulation-model-ig-3-3-1920x1080.jpg-600x338.webp 600w, https:\/\/klap.ee\/wp-content\/uploads\/2025\/07\/circulation-model-ig-3-3-1920x1080.jpg-150x84.webp 150w, https:\/\/klap.ee\/wp-content\/uploads\/2025\/07\/circulation-model-ig-3-3-1920x1080.jpg.webp 1920w\" sizes=\"auto, (max-width: 300px) 100vw, 300px\" \/><\/a><\/div>\n<div class=\"pt-cv-colwrap\"><div class=\"pt-cv-taxoterm above_title\"><a href='https:\/\/klap.ee\/fi\/category\/klap\/' title='KLAP' class='pt-cv-tax-klap'>KLAP<\/a><\/div><h4 class=\"pt-cv-title\"><a href=\"https:\/\/klap.ee\/fi\/buy-once-buy-smart-why-investing-in-sustainable-office-furniture-pays-off\/\" class=\"_self\" target=\"_self\" >Osta kerran, osta fiksusti: Miksi kest\u00e4viin toimistokalusteisiin sijoittaminen kannattaa.<\/a><\/h4><div class=\"pt-cv-content\">Olet luultavasti kuullut sanonnan: \u201cOsta halvalla, osta kahdesti\u201d. Nykyp\u00e4iv\u00e4n dynaamisissa ty\u00f6ymp\u00e4rist\u00f6iss\u00e4 ja ...<br \/><div class=\"pt-cv-rmwrap\"><a href=\"https:\/\/klap.ee\/fi\/buy-once-buy-smart-why-investing-in-sustainable-office-furniture-pays-off\/\" class=\"_self pt-cv-readmore btn btn-success\" target=\"_self\">Read More<\/a><\/div><\/div><\/div><\/div>\n<div class=\"pt-cv-content-item pt-cv-2-col\" ><div class=\"pt-cv-thumb-wrapper pull-left\"><a href=\"https:\/\/klap.ee\/fi\/now-part-of-our-selection-steelcase\/\" class=\"_self pt-cv-href-thumbnail pt-cv-thumb-left\" target=\"_self\" ><img loading=\"lazy\" decoding=\"async\" width=\"300\" height=\"150\" src=\"https:\/\/klap.ee\/wp-content\/uploads\/2025\/04\/20-0140271-980x490-1-300x150.webp\" class=\"pt-cv-thumbnail pull-left\" alt=\"\" srcset=\"https:\/\/klap.ee\/wp-content\/uploads\/2025\/04\/20-0140271-980x490-1-300x150.webp 300w, https:\/\/klap.ee\/wp-content\/uploads\/2025\/04\/20-0140271-980x490-1-768x384.webp 768w, https:\/\/klap.ee\/wp-content\/uploads\/2025\/04\/20-0140271-980x490-1-600x300.webp 600w, https:\/\/klap.ee\/wp-content\/uploads\/2025\/04\/20-0140271-980x490-1-150x75.webp 150w, https:\/\/klap.ee\/wp-content\/uploads\/2025\/04\/20-0140271-980x490-1.webp 980w\" sizes=\"auto, (max-width: 300px) 100vw, 300px\" \/><\/a><\/div>\n<div class=\"pt-cv-colwrap\"><div class=\"pt-cv-taxoterm above_title\"><a href='https:\/\/klap.ee\/fi\/category\/klap\/' title='KLAP' class='pt-cv-tax-klap'>KLAP<\/a><\/div><h4 class=\"pt-cv-title\"><a href=\"https:\/\/klap.ee\/fi\/now-part-of-our-selection-steelcase\/\" class=\"_self\" target=\"_self\" >Nyt osa valikoimaamme - Steelcase!<\/a><\/h4><div class=\"pt-cv-content\">Steelcase: Steelcase on yksi vaikutusvaltaisimmista ja ...<br \/><div class=\"pt-cv-rmwrap\"><a href=\"https:\/\/klap.ee\/fi\/now-part-of-our-selection-steelcase\/\" class=\"_self pt-cv-readmore btn btn-success\" target=\"_self\">Read More<\/a><\/div><\/div><\/div><\/div>\n<div class=\"pt-cv-content-item pt-cv-2-col\" ><div class=\"pt-cv-thumb-wrapper pull-left\"><a href=\"https:\/\/klap.ee\/fi\/miks-on-uuskasutatud-kontoritoolid-sageli-paremad-kui-uued\/\" class=\"_self pt-cv-href-thumbnail pt-cv-thumb-left\" target=\"_self\" ><img loading=\"lazy\" decoding=\"async\" width=\"300\" height=\"180\" src=\"https:\/\/klap.ee\/wp-content\/uploads\/2025\/03\/pi_why_sustainability_snapshot_03-300x180.webp\" class=\"pt-cv-thumbnail pull-left\" alt=\"\" srcset=\"https:\/\/klap.ee\/wp-content\/uploads\/2025\/03\/pi_why_sustainability_snapshot_03-300x180.webp 300w, https:\/\/klap.ee\/wp-content\/uploads\/2025\/03\/pi_why_sustainability_snapshot_03-1024x614.webp 1024w, https:\/\/klap.ee\/wp-content\/uploads\/2025\/03\/pi_why_sustainability_snapshot_03-768x461.webp 768w, https:\/\/klap.ee\/wp-content\/uploads\/2025\/03\/pi_why_sustainability_snapshot_03-1536x922.webp 1536w, https:\/\/klap.ee\/wp-content\/uploads\/2025\/03\/pi_why_sustainability_snapshot_03-2048x1229.webp 2048w, https:\/\/klap.ee\/wp-content\/uploads\/2025\/03\/pi_why_sustainability_snapshot_03-600x360.webp 600w, https:\/\/klap.ee\/wp-content\/uploads\/2025\/03\/pi_why_sustainability_snapshot_03-150x90.webp 150w\" sizes=\"auto, (max-width: 300px) 100vw, 300px\" \/><\/a><\/div>\n<div class=\"pt-cv-colwrap\"><div class=\"pt-cv-taxoterm above_title\"><a href='https:\/\/klap.ee\/fi\/category\/klap\/' title='KLAP' class='pt-cv-tax-klap'>KLAP<\/a><\/div><h4 class=\"pt-cv-title\"><a href=\"https:\/\/klap.ee\/fi\/miks-on-uuskasutatud-kontoritoolid-sageli-paremad-kui-uued\/\" class=\"_self\" target=\"_self\" >Miksi kunnostetut toimistotuolit ovat usein parempia kuin uudet?<\/a><\/h4><div class=\"pt-cv-content\">Maailmassa, jossa kest\u00e4vyys on yh\u00e4 t\u00e4rke\u00e4mp\u00e4\u00e4, my\u00f6s huonekaluteollisuus mukautuu ...<br \/><div class=\"pt-cv-rmwrap\"><a href=\"https:\/\/klap.ee\/fi\/miks-on-uuskasutatud-kontoritoolid-sageli-paremad-kui-uued\/\" class=\"_self pt-cv-readmore btn btn-success\" target=\"_self\">Read More<\/a><\/div><\/div><\/div><\/div>\n<div class=\"pt-cv-content-item pt-cv-2-col\" ><div class=\"pt-cv-thumb-wrapper pull-left\"><a href=\"https:\/\/klap.ee\/fi\/aeron-classic-vs-remastered-erinevused-ja-uuendused\/\" class=\"_self pt-cv-href-thumbnail pt-cv-thumb-left\" target=\"_self\" ><img loading=\"lazy\" decoding=\"async\" width=\"300\" height=\"180\" src=\"https:\/\/klap.ee\/wp-content\/uploads\/2025\/03\/classic-vs-remastered-vergleich-01_480x480-300x180.webp\" class=\"pt-cv-thumbnail pull-left\" alt=\"\" srcset=\"https:\/\/klap.ee\/wp-content\/uploads\/2025\/03\/classic-vs-remastered-vergleich-01_480x480-300x180.webp 300w, https:\/\/klap.ee\/wp-content\/uploads\/2025\/03\/classic-vs-remastered-vergleich-01_480x480-150x90.webp 150w, https:\/\/klap.ee\/wp-content\/uploads\/2025\/03\/classic-vs-remastered-vergleich-01_480x480.webp 480w\" sizes=\"auto, (max-width: 300px) 100vw, 300px\" \/><\/a><\/div>\n<div class=\"pt-cv-colwrap\"><div class=\"pt-cv-taxoterm above_title\"><a href='https:\/\/klap.ee\/fi\/category\/klap\/' title='KLAP' class='pt-cv-tax-klap'>KLAP<\/a><\/div><h4 class=\"pt-cv-title\"><a href=\"https:\/\/klap.ee\/fi\/aeron-classic-vs-remastered-erinevused-ja-uuendused\/\" class=\"_self\" target=\"_self\" >Aeron Classic vs. Remastered - erot ja innovaatiot<\/a><\/h4><div class=\"pt-cv-content\">Olisi v\u00e4\u00e4rin pit\u00e4\u00e4 klassista Aeronia vanhentuneena. Aeron Classic on ja ...<br \/><div class=\"pt-cv-rmwrap\"><a href=\"https:\/\/klap.ee\/fi\/aeron-classic-vs-remastered-erinevused-ja-uuendused\/\" class=\"_self pt-cv-readmore btn btn-success\" target=\"_self\">Read More<\/a><\/div><\/div><\/div><\/div><\/div><\/div><\/div>\t\t\t<style type=\"text\/css\" id=\"pt-cv-inline-style-91f43083l0\">\n#pt-cv-view-fbf25b038d .pt-cv-thumb-wrapper:not(.miniwrap) { width: 40%; }#pt-cv-view-fbf25b038d .pt-cv-thumbnail:not(.pt-cv-thumbnailsm) { height: 300px; }#pt-cv-view-fbf25b038d > .pt-cv-page {grid-template-columns: repeat(1, 1fr);grid-gap: 15px;}\n@media all and (max-width: 1024px) { \n#pt-cv-view-fbf25b038d > .pt-cv-page {grid-template-columns: repeat(1, 1fr);}\n} \n@media all and (max-width: 767px) { \n#pt-cv-view-fbf25b038d > .pt-cv-page {grid-template-columns: repeat(1, 1fr);}\n} <\/style>\r\n\t\t\t\n\n\n\n<p><\/p>","protected":false},"excerpt":{"rendered":"<p>Discover Our Commitment to Sustainable Design Dive into our dedication to eco-friendly furniture, highlighting the core values and sustainable practices that shape KLAP\u2019s vision and drive our ongoing growth in &#8230;<\/p>","protected":false},"author":3,"featured_media":0,"parent":0,"menu_order":0,"comment_status":"closed","ping_status":"closed","template":"","meta":{"_themeisle_gutenberg_block_has_review":false,"iawp_total_views":27,"footnotes":""},"class_list":["post-2444","page","type-page","status-publish","hentry"],"yoast_head":"<!-- This site is optimized with the Yoast SEO plugin v27.6 - https:\/\/yoast.com\/product\/yoast-seo-wordpress\/ -->\n<title>Blog - KLAP<\/title>\n<meta name=\"robots\" content=\"index, follow, max-snippet:-1, max-image-preview:large, max-video-preview:-1\" \/>\n<link rel=\"canonical\" href=\"https:\/\/klap.ee\/fi\/blog\/\" \/>\n<meta property=\"og:locale\" content=\"fi_FI\" \/>\n<meta property=\"og:type\" content=\"article\" \/>\n<meta property=\"og:title\" content=\"Blog - KLAP\" \/>\n<meta property=\"og:description\" content=\"Discover Our Commitment to Sustainable Design Dive into our dedication to eco-friendly furniture, highlighting the core values and sustainable practices that shape KLAP\u2019s vision and drive our ongoing growth in ...\" \/>\n<meta property=\"og:url\" content=\"https:\/\/klap.ee\/fi\/blog\/\" \/>\n<meta property=\"og:site_name\" content=\"KLAP\" \/>\n<meta property=\"article:modified_time\" content=\"2025-07-28T11:09:25+00:00\" \/>\n<meta name=\"twitter:card\" content=\"summary_large_image\" \/>\n<script type=\"application\/ld+json\" class=\"yoast-schema-graph\">{\"@context\":\"https:\\\/\\\/schema.org\",\"@graph\":[{\"@type\":\"WebPage\",\"@id\":\"https:\\\/\\\/klap.ee\\\/blog\\\/\",\"url\":\"https:\\\/\\\/klap.ee\\\/blog\\\/\",\"name\":\"Blog - KLAP\",\"isPartOf\":{\"@id\":\"https:\\\/\\\/klap.ee\\\/#website\"},\"datePublished\":\"2025-07-28T10:26:18+00:00\",\"dateModified\":\"2025-07-28T11:09:25+00:00\",\"breadcrumb\":{\"@id\":\"https:\\\/\\\/klap.ee\\\/blog\\\/#breadcrumb\"},\"inLanguage\":\"fi\",\"potentialAction\":[{\"@type\":\"ReadAction\",\"target\":[\"https:\\\/\\\/klap.ee\\\/blog\\\/\"]}]},{\"@type\":\"BreadcrumbList\",\"@id\":\"https:\\\/\\\/klap.ee\\\/blog\\\/#breadcrumb\",\"itemListElement\":[{\"@type\":\"ListItem\",\"position\":1,\"name\":\"Home\",\"item\":\"https:\\\/\\\/klap.ee\\\/\"},{\"@type\":\"ListItem\",\"position\":2,\"name\":\"Blog\"}]},{\"@type\":\"WebSite\",\"@id\":\"https:\\\/\\\/klap.ee\\\/#website\",\"url\":\"https:\\\/\\\/klap.ee\\\/\",\"name\":\"KLAP\",\"description\":\"J\u00e4tkusuutliku disainm\u00f6\u00f6bli pood\",\"publisher\":{\"@id\":\"https:\\\/\\\/klap.ee\\\/#organization\"},\"potentialAction\":[{\"@type\":\"SearchAction\",\"target\":{\"@type\":\"EntryPoint\",\"urlTemplate\":\"https:\\\/\\\/klap.ee\\\/?s={search_term_string}\"},\"query-input\":{\"@type\":\"PropertyValueSpecification\",\"valueRequired\":true,\"valueName\":\"search_term_string\"}}],\"inLanguage\":\"fi\"},{\"@type\":\"Organization\",\"@id\":\"https:\\\/\\\/klap.ee\\\/#organization\",\"name\":\"KLAP\",\"url\":\"https:\\\/\\\/klap.ee\\\/\",\"logo\":{\"@type\":\"ImageObject\",\"inLanguage\":\"fi\",\"@id\":\"https:\\\/\\\/klap.ee\\\/#\\\/schema\\\/logo\\\/image\\\/\",\"url\":\"https:\\\/\\\/klap.ee\\\/wp-content\\\/uploads\\\/2025\\\/03\\\/klap_logo_transparent_410x158.png\",\"contentUrl\":\"https:\\\/\\\/klap.ee\\\/wp-content\\\/uploads\\\/2025\\\/03\\\/klap_logo_transparent_410x158.png\",\"width\":410,\"height\":158,\"caption\":\"KLAP\"},\"image\":{\"@id\":\"https:\\\/\\\/klap.ee\\\/#\\\/schema\\\/logo\\\/image\\\/\"}}]}<\/script>\n<!-- \/ Yoast SEO plugin. -->","yoast_head_json":{"title":"Blog - KLAP","robots":{"index":"index","follow":"follow","max-snippet":"max-snippet:-1","max-image-preview":"max-image-preview:large","max-video-preview":"max-video-preview:-1"},"canonical":"https:\/\/klap.ee\/fi\/blog\/","og_locale":"fi_FI","og_type":"article","og_title":"Blog - KLAP","og_description":"Discover Our Commitment to Sustainable Design Dive into our dedication to eco-friendly furniture, highlighting the core values and sustainable practices that shape KLAP\u2019s vision and drive our ongoing growth in ...","og_url":"https:\/\/klap.ee\/fi\/blog\/","og_site_name":"KLAP","article_modified_time":"2025-07-28T11:09:25+00:00","twitter_card":"summary_large_image","schema":{"@context":"https:\/\/schema.org","@graph":[{"@type":"WebPage","@id":"https:\/\/klap.ee\/blog\/","url":"https:\/\/klap.ee\/blog\/","name":"Blog - KLAP","isPartOf":{"@id":"https:\/\/klap.ee\/#website"},"datePublished":"2025-07-28T10:26:18+00:00","dateModified":"2025-07-28T11:09:25+00:00","breadcrumb":{"@id":"https:\/\/klap.ee\/blog\/#breadcrumb"},"inLanguage":"fi","potentialAction":[{"@type":"ReadAction","target":["https:\/\/klap.ee\/blog\/"]}]},{"@type":"BreadcrumbList","@id":"https:\/\/klap.ee\/blog\/#breadcrumb","itemListElement":[{"@type":"ListItem","position":1,"name":"Home","item":"https:\/\/klap.ee\/"},{"@type":"ListItem","position":2,"name":"Blog"}]},{"@type":"WebSite","@id":"https:\/\/klap.ee\/#website","url":"https:\/\/klap.ee\/","name":"KLAP","description":"J\u00e4tkusuutliku disainm\u00f6\u00f6bli pood","publisher":{"@id":"https:\/\/klap.ee\/#organization"},"potentialAction":[{"@type":"SearchAction","target":{"@type":"EntryPoint","urlTemplate":"https:\/\/klap.ee\/?s={search_term_string}"},"query-input":{"@type":"PropertyValueSpecification","valueRequired":true,"valueName":"search_term_string"}}],"inLanguage":"fi"},{"@type":"Organization","@id":"https:\/\/klap.ee\/#organization","name":"KLAP","url":"https:\/\/klap.ee\/","logo":{"@type":"ImageObject","inLanguage":"fi","@id":"https:\/\/klap.ee\/#\/schema\/logo\/image\/","url":"https:\/\/klap.ee\/wp-content\/uploads\/2025\/03\/klap_logo_transparent_410x158.png","contentUrl":"https:\/\/klap.ee\/wp-content\/uploads\/2025\/03\/klap_logo_transparent_410x158.png","width":410,"height":158,"caption":"KLAP"},"image":{"@id":"https:\/\/klap.ee\/#\/schema\/logo\/image\/"}}]}},"_links":{"self":[{"href":"https:\/\/klap.ee\/fi\/wp-json\/wp\/v2\/pages\/2444","targetHints":{"allow":["GET"]}}],"collection":[{"href":"https:\/\/klap.ee\/fi\/wp-json\/wp\/v2\/pages"}],"about":[{"href":"https:\/\/klap.ee\/fi\/wp-json\/wp\/v2\/types\/page"}],"author":[{"embeddable":true,"href":"https:\/\/klap.ee\/fi\/wp-json\/wp\/v2\/users\/3"}],"replies":[{"embeddable":true,"href":"https:\/\/klap.ee\/fi\/wp-json\/wp\/v2\/comments?post=2444"}],"version-history":[{"count":5,"href":"https:\/\/klap.ee\/fi\/wp-json\/wp\/v2\/pages\/2444\/revisions"}],"predecessor-version":[{"id":2455,"href":"https:\/\/klap.ee\/fi\/wp-json\/wp\/v2\/pages\/2444\/revisions\/2455"}],"wp:attachment":[{"href":"https:\/\/klap.ee\/fi\/wp-json\/wp\/v2\/media?parent=2444"}],"curies":[{"name":"wp","href":"https:\/\/api.w.org\/{rel}","templated":true}]}}