{"id":3,"date":"2025-03-07T06:27:16","date_gmt":"2025-03-07T06:27:16","guid":{"rendered":"https:\/\/klap.ee\/?page_id=3"},"modified":"2025-04-08T19:16:44","modified_gmt":"2025-04-08T19:16:44","slug":"privacy-policy","status":"publish","type":"page","link":"https:\/\/klap.ee\/fi\/privacy-policy\/","title":{"rendered":"Tietosuojak\u00e4yt\u00e4nt\u00f6"},"content":{"rendered":"<p><strong>1. Yleiset s\u00e4\u00e4nn\u00f6kset<\/strong><\/p>\n\n\n\n<p>1.1. T\u00e4ss\u00e4 tietosuojak\u00e4yt\u00e4nn\u00f6ss\u00e4 s\u00e4\u00e4nnell\u00e4\u00e4n henkil\u00f6tietojen ker\u00e4\u00e4misen, k\u00e4sittelyn ja s\u00e4ilytt\u00e4misen periaatteita. Henkil\u00f6tietoja ker\u00e4\u00e4, k\u00e4sittelee ja s\u00e4ilytt\u00e4\u00e4 rekisterinpit\u00e4j\u00e4 PopUp O\u00dc (j\u00e4ljemp\u00e4n\u00e4 \u201ctietojen k\u00e4sittelij\u00e4\u201d).<\/p>\n\n\n\n<p>1.2. T\u00e4ss\u00e4 tietosuojak\u00e4yt\u00e4nn\u00f6ss\u00e4 \u201crekister\u00f6idyll\u00e4\u201d tarkoitetaan asiakasta tai muuta henkil\u00f6\u00e4, jonka henkil\u00f6tietoja henkil\u00f6tietojen k\u00e4sittelij\u00e4 k\u00e4sittelee.<\/p>\n\n\n\n<p>1.3. T\u00e4ss\u00e4 tietosuojak\u00e4yt\u00e4nn\u00f6ss\u00e4 \u201casiakas\u201d on henkil\u00f6, joka ostaa tavaroita tai palveluita henkil\u00f6tietojen k\u00e4sittelij\u00e4n verkkosivustolta.<\/p>\n\n\n\n<p>1.4. Tietojen k\u00e4sittelij\u00e4 noudattaa lains\u00e4\u00e4d\u00e4nn\u00f6ss\u00e4 vahvistettuja tietojenk\u00e4sittelyn periaatteita, mukaan lukien henkil\u00f6tietojen k\u00e4sittely laillisesti, oikeudenmukaisesti ja turvallisesti. Tietojen k\u00e4sittelij\u00e4 voi vahvistaa, ett\u00e4 henkil\u00f6tietoja on k\u00e4sitelty sovellettavan lains\u00e4\u00e4d\u00e4nn\u00f6n mukaisesti.<\/p>\n\n\n\n<p><strong>2. Henkil\u00f6tietojen ker\u00e4\u00e4minen, k\u00e4sittely ja s\u00e4ilytt\u00e4minen<\/strong><\/p>\n\n\n\n<p>2.1. Henkil\u00f6tietojen k\u00e4sittelij\u00e4n ker\u00e4\u00e4m\u00e4t, k\u00e4sittelem\u00e4t ja s\u00e4ilytt\u00e4m\u00e4t henkil\u00f6tiedot ker\u00e4t\u00e4\u00e4n s\u00e4hk\u00f6isesti, ensisijaisesti verkkosivuston ja s\u00e4hk\u00f6postin kautta.<\/p>\n\n\n\n<p>2.2. Jakamalla henkil\u00f6tietonsa rekister\u00f6ity antaa henkil\u00f6tietojen k\u00e4sittelij\u00e4lle oikeuden ker\u00e4t\u00e4, j\u00e4rjest\u00e4\u00e4, k\u00e4ytt\u00e4\u00e4 ja hallinnoida henkil\u00f6tietoja t\u00e4ss\u00e4 tietosuojak\u00e4yt\u00e4nn\u00f6ss\u00e4 m\u00e4\u00e4riteltyihin tarkoituksiin, jotka rekister\u00f6ity jakaa suoraan tai v\u00e4lillisesti ostaessaan tavaroita tai palveluja henkil\u00f6tietojen k\u00e4sittelij\u00e4n verkkosivustolta.<\/p>\n\n\n\n<p>2.3. Rekister\u00f6ity on vastuussa siit\u00e4, ett\u00e4 h\u00e4nen antamansa tiedot ovat tarkkoja, oikeita ja t\u00e4ydellisi\u00e4. Tietoisesti v\u00e4\u00e4rien tietojen antaminen katsotaan t\u00e4m\u00e4n tietosuojak\u00e4yt\u00e4nn\u00f6n rikkomiseksi. Rekister\u00f6ity on velvollinen ilmoittamaan viipym\u00e4tt\u00e4 tietojen k\u00e4sittelij\u00e4lle kaikista annettujen tietojen muutoksista.<\/p>\n\n\n\n<p>2.4. Tietojen k\u00e4sittelij\u00e4 ei ole vastuussa vahingoista, joita rekister\u00f6idylle tai kolmansille osapuolille aiheutuu siit\u00e4, ett\u00e4 rekister\u00f6ity on antanut virheellisi\u00e4 tietoja.<\/p>\n\n\n\n<p><strong>3. Asiakkaiden henkil\u00f6tietojen k\u00e4sittely<\/strong><\/p>\n\n\n\n<p>3.1. Tietojen k\u00e4sittelij\u00e4 voi k\u00e4sitell\u00e4 seuraavia rekister\u00f6idyn henkil\u00f6tietoja:<\/p>\n\n\n\n<p>3.1.1. Etu- ja sukunimi;<\/p>\n\n\n\n<p>3.1.2. Syntym\u00e4aika;<\/p>\n\n\n\n<p>3.1.3. Puhelinnumero;<\/p>\n\n\n\n<p>3.1.4. S\u00e4hk\u00f6postiosoite;<\/p>\n\n\n\n<p>3.1.5. Toimitusosoite;<\/p>\n\n\n\n<p>3.1.6. Pankkitilin numero;<\/p>\n\n\n\n<p>3.1.7. Maksukortin tiedot;<\/p>\n\n\n\n<p>3.2. Edell\u00e4 mainitun lis\u00e4ksi tietojen k\u00e4sittelij\u00e4ll\u00e4 on oikeus ker\u00e4t\u00e4 asiakkaasta tietoja, jotka ovat saatavilla julkisista rekistereist\u00e4.<\/p>\n\n\n\n<p>3.3. Henkil\u00f6tietojen k\u00e4sittelyn oikeusperusta on yleisen tietosuoja-asetuksen 6 artiklan 1 kohta, jossa todetaan:<\/p>\n\n\n\n<p>a) rekister\u00f6ity on antanut suostumuksensa henkil\u00f6tietojensa k\u00e4sittelyyn yht\u00e4 tai useampaa erityist\u00e4 tarkoitusta varten;<\/p>\n\n\n\n<p>b) henkil\u00f6tietojen k\u00e4sittely on tarpeen sellaisen sopimuksen t\u00e4yt\u00e4nt\u00f6\u00f6n panemiseksi, jossa rekister\u00f6ity on osapuolena, tai toimenpiteiden toteuttamiseksi rekister\u00f6idyn pyynn\u00f6st\u00e4 ennen sopimuksen tekemist\u00e4;<\/p>\n\n\n\n<p>c) henkil\u00f6tietojen k\u00e4sittely on tarpeen rekisterinpit\u00e4j\u00e4\u00e4n kohdistuvan oikeudellisen velvoitteen noudattamiseksi;<\/p>\n\n\n\n<p>f) henkil\u00f6tietojen k\u00e4sittely on tarpeen rekisterinpit\u00e4j\u00e4n tai kolmannen osapuolen oikeutettuja etuja varten, paitsi jos rekister\u00f6idyn edut tai perusoikeudet ja -vapaudet syrj\u00e4ytt\u00e4v\u00e4t n\u00e4m\u00e4 edut, erityisesti jos rekister\u00f6ity on lapsi.<\/p>\n\n\n\n<p>3.4. Henkil\u00f6tietojen k\u00e4sittely k\u00e4sittelyn tarkoituksen mukaisesti:<\/p>\n\n\n\n<p>3.4.1. K\u00e4sittelyn tarkoitus - turvallisuus<br>Henkil\u00f6tietojen enimm\u00e4iss\u00e4ilytysaika - laissa s\u00e4\u00e4dettyjen m\u00e4\u00e4r\u00e4aikojen mukaisesti.<\/p>\n\n\n\n<p>3.4.2. K\u00e4sittelyn tarkoitus - tilausten k\u00e4sittely<br>Henkil\u00f6tietojen enimm\u00e4iss\u00e4ilytysaika - 3 vuotta.<\/p>\n\n\n\n<p>3.4.3. K\u00e4sittelyn tarkoitus - s\u00e4hk\u00f6isen kaupank\u00e4ynnin palvelujen toiminnan varmistaminen.<br>Henkil\u00f6tietojen enimm\u00e4iss\u00e4ilytysaika - 3 vuotta.<\/p>\n\n\n\n<p>3.4.4. K\u00e4sittelyn tarkoitus - asiakashallinta<br>Henkil\u00f6tietojen enimm\u00e4iss\u00e4ilytysaika - 3 vuotta.<\/p>\n\n\n\n<p>3.4.5. K\u00e4sittelyn tarkoitus - rahoitustoimet, kirjanpito<br>Henkil\u00f6tietojen enimm\u00e4iss\u00e4ilytysaika - laissa s\u00e4\u00e4dettyjen m\u00e4\u00e4r\u00e4aikojen mukaisesti.<\/p>\n\n\n\n<p>3.4.6. K\u00e4sittelyn tarkoitus - markkinointi<br>Henkil\u00f6tietojen enimm\u00e4iss\u00e4ilytysaika - 3 vuotta.<\/p>\n\n\n\n<p>3.5. Tietojen k\u00e4sittelij\u00e4ll\u00e4 on oikeus jakaa asiakkaiden henkil\u00f6tietoja kolmansille osapuolille, joita voivat olla valtuutetut tietojen k\u00e4sittelij\u00e4t, kirjanpit\u00e4j\u00e4t, kuljetus- ja kuriiripalveluyritykset sek\u00e4 siirtopalveluja tarjoavat yritykset. Tietojen k\u00e4sittelij\u00e4 on vastuussa oleva rekisterinpit\u00e4j\u00e4. Tietojen k\u00e4sittelij\u00e4 v\u00e4litt\u00e4\u00e4 maksujen k\u00e4sittely\u00e4 varten tarvittavat henkil\u00f6tiedot valtuutetulle henkil\u00f6tietojen k\u00e4sittelij\u00e4lle Montoniolle.<\/p>\n\n\n\n<p>3.6. Rekister\u00f6idyn henkil\u00f6tietojen k\u00e4sittelyss\u00e4 ja s\u00e4ilytt\u00e4misess\u00e4 henkil\u00f6tietojen k\u00e4sittelij\u00e4 toteuttaa organisatorisia ja teknisi\u00e4 toimenpiteit\u00e4, joilla varmistetaan henkil\u00f6tietojen suojaaminen vahingossa tapahtuvalta tai laittomalta tuhoamiselta, muuttamiselta, luovuttamiselta ja muulta laittomalta k\u00e4sittelylt\u00e4.<\/p>\n\n\n\n<p>3.7. Henkil\u00f6tietojen k\u00e4sittelij\u00e4 s\u00e4ilytt\u00e4\u00e4 rekister\u00f6idyn tietoja k\u00e4sittelyn tarkoituksesta riippuen, mutta enint\u00e4\u00e4n 3 vuotta.<\/p>\n\n\n\n<p><strong>4. Rekister\u00f6idyn oikeudet<\/strong><\/p>\n\n\n\n<p>4.1. Rekister\u00f6idyll\u00e4 on oikeus saada p\u00e4\u00e4sy henkil\u00f6tietoihinsa ja tarkistaa ne.<\/p>\n\n\n\n<p>4.2. Rekister\u00f6idyll\u00e4 on oikeus saada tietoja henkil\u00f6tietojensa k\u00e4sittelyst\u00e4.<\/p>\n\n\n\n<p>4.3. Rekister\u00f6idyll\u00e4 on oikeus oikaista tai t\u00e4ydent\u00e4\u00e4 virheelliset tiedot.<\/p>\n\n\n\n<p>4.4. Jos henkil\u00f6tietojen k\u00e4sittelij\u00e4 k\u00e4sittelee rekister\u00f6idyn henkil\u00f6tietoja rekister\u00f6idyn suostumuksen perusteella, rekister\u00f6idyll\u00e4 on oikeus peruuttaa suostumus milloin tahansa.<\/p>\n\n\n\n<p>4.5. Rekister\u00f6ity voi ottaa yhteytt\u00e4 verkkokaupan asiakastukeen osoitteessa <a>info@klap.ee<\/a> k\u00e4ytt\u00e4\u00e4 oikeuksiaan.<\/p>\n\n\n\n<p>4.6. Rekister\u00f6idyll\u00e4 on my\u00f6s oikeus tehd\u00e4 valitus tietosuojavaltuutetulle oikeuksiensa suojelemiseksi.<\/p>\n\n\n\n<p><strong>5. Loppus\u00e4\u00e4nn\u00f6kset<\/strong><\/p>\n\n\n\n<p>5.1. N\u00e4m\u00e4 tietosuojaehdot on laadittu yksil\u00f6iden suojelusta henkil\u00f6tietojen k\u00e4sittelyss\u00e4 ja n\u00e4iden tietojen vapaasta liikkuvuudesta sek\u00e4 direktiivin 95\/46\/EY (yleinen tietosuoja-asetus) kumoamisesta annetun Euroopan parlamentin ja neuvoston asetuksen (EU) 2016\/679, Viron henkil\u00f6tietolain sek\u00e4 Viron tasavallan ja Euroopan unionin s\u00e4\u00e4d\u00f6sten mukaisesti.<\/p>\n\n\n\n<p>5.2. Tietojen k\u00e4sittelij\u00e4ll\u00e4 on oikeus muuttaa tietosuojaehtoja osittain tai kokonaan ilmoittamalla muutoksista rekister\u00f6idyille verkkosivuston kautta. <a href=\"https:\/\/klap.ee\/fi\/\">www.klap.ee<\/a>.<\/p>\n\n\n\n<div style=\"height:100px\" aria-hidden=\"true\" class=\"wp-block-spacer\"><\/div>\n\n\n\n<p><\/p>","protected":false},"excerpt":{"rendered":"<p>1. General Provisions 1.1. This privacy policy regulates the principles of collection, processing, and retention of personal data. Personal data is collected, processed, and retained by the data controller, PopUp &#8230;<\/p>","protected":false},"author":1,"featured_media":0,"parent":0,"menu_order":0,"comment_status":"closed","ping_status":"open","template":"","meta":{"_themeisle_gutenberg_block_has_review":false,"iawp_total_views":9,"footnotes":""},"class_list":["post-3","page","type-page","status-publish","hentry"],"yoast_head":"<!-- This site is optimized with the Yoast SEO plugin v27.6 - https:\/\/yoast.com\/product\/yoast-seo-wordpress\/ -->\n<title>Privacy Policy - KLAP<\/title>\n<meta name=\"robots\" content=\"index, follow, max-snippet:-1, max-image-preview:large, max-video-preview:-1\" \/>\n<link rel=\"canonical\" href=\"https:\/\/klap.ee\/fi\/privacy-policy\/\" \/>\n<meta property=\"og:locale\" content=\"fi_FI\" \/>\n<meta property=\"og:type\" content=\"article\" \/>\n<meta property=\"og:title\" content=\"Privacy Policy - KLAP\" \/>\n<meta property=\"og:description\" content=\"1. General Provisions 1.1. This privacy policy regulates the principles of collection, processing, and retention of personal data. Personal data is collected, processed, and retained by the data controller, PopUp ...\" \/>\n<meta property=\"og:url\" content=\"https:\/\/klap.ee\/fi\/privacy-policy\/\" \/>\n<meta property=\"og:site_name\" content=\"KLAP\" \/>\n<meta property=\"article:modified_time\" content=\"2025-04-08T19:16:44+00:00\" \/>\n<meta name=\"twitter:card\" content=\"summary_large_image\" \/>\n<meta name=\"twitter:label1\" content=\"Arvioitu lukuaika\" \/>\n\t<meta name=\"twitter:data1\" content=\"5 minuuttia\" \/>\n<script type=\"application\/ld+json\" class=\"yoast-schema-graph\">{\"@context\":\"https:\\\/\\\/schema.org\",\"@graph\":[{\"@type\":\"WebPage\",\"@id\":\"https:\\\/\\\/klap.ee\\\/privacy-policy\\\/\",\"url\":\"https:\\\/\\\/klap.ee\\\/privacy-policy\\\/\",\"name\":\"Privacy Policy - KLAP\",\"isPartOf\":{\"@id\":\"https:\\\/\\\/klap.ee\\\/#website\"},\"datePublished\":\"2025-03-07T06:27:16+00:00\",\"dateModified\":\"2025-04-08T19:16:44+00:00\",\"breadcrumb\":{\"@id\":\"https:\\\/\\\/klap.ee\\\/privacy-policy\\\/#breadcrumb\"},\"inLanguage\":\"fi\",\"potentialAction\":[{\"@type\":\"ReadAction\",\"target\":[\"https:\\\/\\\/klap.ee\\\/privacy-policy\\\/\"]}]},{\"@type\":\"BreadcrumbList\",\"@id\":\"https:\\\/\\\/klap.ee\\\/privacy-policy\\\/#breadcrumb\",\"itemListElement\":[{\"@type\":\"ListItem\",\"position\":1,\"name\":\"Home\",\"item\":\"https:\\\/\\\/klap.ee\\\/\"},{\"@type\":\"ListItem\",\"position\":2,\"name\":\"Privacy Policy\"}]},{\"@type\":\"WebSite\",\"@id\":\"https:\\\/\\\/klap.ee\\\/#website\",\"url\":\"https:\\\/\\\/klap.ee\\\/\",\"name\":\"KLAP\",\"description\":\"J\u00e4tkusuutliku disainm\u00f6\u00f6bli pood\",\"publisher\":{\"@id\":\"https:\\\/\\\/klap.ee\\\/#organization\"},\"potentialAction\":[{\"@type\":\"SearchAction\",\"target\":{\"@type\":\"EntryPoint\",\"urlTemplate\":\"https:\\\/\\\/klap.ee\\\/?s={search_term_string}\"},\"query-input\":{\"@type\":\"PropertyValueSpecification\",\"valueRequired\":true,\"valueName\":\"search_term_string\"}}],\"inLanguage\":\"fi\"},{\"@type\":\"Organization\",\"@id\":\"https:\\\/\\\/klap.ee\\\/#organization\",\"name\":\"KLAP\",\"url\":\"https:\\\/\\\/klap.ee\\\/\",\"logo\":{\"@type\":\"ImageObject\",\"inLanguage\":\"fi\",\"@id\":\"https:\\\/\\\/klap.ee\\\/#\\\/schema\\\/logo\\\/image\\\/\",\"url\":\"https:\\\/\\\/klap.ee\\\/wp-content\\\/uploads\\\/2025\\\/03\\\/klap_logo_transparent_410x158.png\",\"contentUrl\":\"https:\\\/\\\/klap.ee\\\/wp-content\\\/uploads\\\/2025\\\/03\\\/klap_logo_transparent_410x158.png\",\"width\":410,\"height\":158,\"caption\":\"KLAP\"},\"image\":{\"@id\":\"https:\\\/\\\/klap.ee\\\/#\\\/schema\\\/logo\\\/image\\\/\"}}]}<\/script>\n<!-- \/ Yoast SEO plugin. -->","yoast_head_json":{"title":"Privacy Policy - KLAP","robots":{"index":"index","follow":"follow","max-snippet":"max-snippet:-1","max-image-preview":"max-image-preview:large","max-video-preview":"max-video-preview:-1"},"canonical":"https:\/\/klap.ee\/fi\/privacy-policy\/","og_locale":"fi_FI","og_type":"article","og_title":"Privacy Policy - KLAP","og_description":"1. General Provisions 1.1. This privacy policy regulates the principles of collection, processing, and retention of personal data. Personal data is collected, processed, and retained by the data controller, PopUp ...","og_url":"https:\/\/klap.ee\/fi\/privacy-policy\/","og_site_name":"KLAP","article_modified_time":"2025-04-08T19:16:44+00:00","twitter_card":"summary_large_image","twitter_misc":{"Arvioitu lukuaika":"5 minuuttia"},"schema":{"@context":"https:\/\/schema.org","@graph":[{"@type":"WebPage","@id":"https:\/\/klap.ee\/privacy-policy\/","url":"https:\/\/klap.ee\/privacy-policy\/","name":"Privacy Policy - KLAP","isPartOf":{"@id":"https:\/\/klap.ee\/#website"},"datePublished":"2025-03-07T06:27:16+00:00","dateModified":"2025-04-08T19:16:44+00:00","breadcrumb":{"@id":"https:\/\/klap.ee\/privacy-policy\/#breadcrumb"},"inLanguage":"fi","potentialAction":[{"@type":"ReadAction","target":["https:\/\/klap.ee\/privacy-policy\/"]}]},{"@type":"BreadcrumbList","@id":"https:\/\/klap.ee\/privacy-policy\/#breadcrumb","itemListElement":[{"@type":"ListItem","position":1,"name":"Home","item":"https:\/\/klap.ee\/"},{"@type":"ListItem","position":2,"name":"Privacy Policy"}]},{"@type":"WebSite","@id":"https:\/\/klap.ee\/#website","url":"https:\/\/klap.ee\/","name":"KLAP","description":"J\u00e4tkusuutliku disainm\u00f6\u00f6bli pood","publisher":{"@id":"https:\/\/klap.ee\/#organization"},"potentialAction":[{"@type":"SearchAction","target":{"@type":"EntryPoint","urlTemplate":"https:\/\/klap.ee\/?s={search_term_string}"},"query-input":{"@type":"PropertyValueSpecification","valueRequired":true,"valueName":"search_term_string"}}],"inLanguage":"fi"},{"@type":"Organization","@id":"https:\/\/klap.ee\/#organization","name":"KLAP","url":"https:\/\/klap.ee\/","logo":{"@type":"ImageObject","inLanguage":"fi","@id":"https:\/\/klap.ee\/#\/schema\/logo\/image\/","url":"https:\/\/klap.ee\/wp-content\/uploads\/2025\/03\/klap_logo_transparent_410x158.png","contentUrl":"https:\/\/klap.ee\/wp-content\/uploads\/2025\/03\/klap_logo_transparent_410x158.png","width":410,"height":158,"caption":"KLAP"},"image":{"@id":"https:\/\/klap.ee\/#\/schema\/logo\/image\/"}}]}},"_links":{"self":[{"href":"https:\/\/klap.ee\/fi\/wp-json\/wp\/v2\/pages\/3","targetHints":{"allow":["GET"]}}],"collection":[{"href":"https:\/\/klap.ee\/fi\/wp-json\/wp\/v2\/pages"}],"about":[{"href":"https:\/\/klap.ee\/fi\/wp-json\/wp\/v2\/types\/page"}],"author":[{"embeddable":true,"href":"https:\/\/klap.ee\/fi\/wp-json\/wp\/v2\/users\/1"}],"replies":[{"embeddable":true,"href":"https:\/\/klap.ee\/fi\/wp-json\/wp\/v2\/comments?post=3"}],"version-history":[{"count":5,"href":"https:\/\/klap.ee\/fi\/wp-json\/wp\/v2\/pages\/3\/revisions"}],"predecessor-version":[{"id":1585,"href":"https:\/\/klap.ee\/fi\/wp-json\/wp\/v2\/pages\/3\/revisions\/1585"}],"wp:attachment":[{"href":"https:\/\/klap.ee\/fi\/wp-json\/wp\/v2\/media?parent=3"}],"curies":[{"name":"wp","href":"https:\/\/api.w.org\/{rel}","templated":true}]}}