{"id":1130,"date":"2025-03-28T07:59:44","date_gmt":"2025-03-28T07:59:44","guid":{"rendered":"https:\/\/klap-ee.vserver.zonevs.eu\/?post_type=product&#038;p=1130"},"modified":"2026-05-02T12:45:31","modified_gmt":"2026-05-02T12:45:31","slug":"herman-miller-aeron-classic-carbon-graphite-refurbished-eng","status":"publish","type":"product","link":"https:\/\/klap.ee\/fi\/tuote\/herman-miller-aeron-classic-carbon-graphite-refurbished-eng\/","title":{"rendered":"Herman Miller Aeron Classic Carbon \/ grafiitti (kunnostettu)"},"content":{"rendered":"<div class=\"elementor-element elementor-element-6de725ea elementor-widget elementor-widget-heading\" data-widget_type=\"heading.default\" data-element_type=\"widget\" data-id=\"6de725ea\">\n<div class=\"elementor-widget-container\">\n<h2><strong>Tuotteen kuvaus<\/strong><\/h2>\n<p><strong>Herman Miller Aeron - ikoninen muotoilu kohtaa ergonomisen huippuosaamisen.<\/strong><br \/>Herman Miller Aeron on maailmanlaajuisesti tunnustettu toimistotuoli, joka on tunnettu innovatiivisesta muotoilustaan ja erinomaisesta ergonomiastaan.<\/p>\n<p>Aeron on kehitetty k\u00e4ytt\u00e4jien tarpeita koskevan laajan tutkimuksen avulla, ja se mukautuu saumattomasti monenlaisiin vartalotyyppeihin ja istuma-asentoihin. Erinomainen ominaisuus on sen Pellicle-verkkop\u00e4\u00e4llyste, joka edist\u00e4\u00e4 erinomaista ilmavirtausta ja pit\u00e4\u00e4 sinut viile\u00e4n\u00e4 pitkien ty\u00f6p\u00e4ivien aikana. Verkko my\u00f6s jakaa painon tasaisesti, mik\u00e4 v\u00e4hent\u00e4\u00e4 painepisteit\u00e4 ja parantaa yleist\u00e4 mukavuutta.<\/p>\n<p>Aeron Full -vaihtoehto tarjoaa laajan s\u00e4\u00e4t\u00f6mahdollisuuden yksil\u00f6llisten ergonomiavaatimusten t\u00e4ytt\u00e4miseksi. Korkeuss\u00e4\u00e4dett\u00e4vien k\u00e4sinojien, mukautettavan istuinkorkeuden ja joustavien kallistusmekanismien ansiosta tuoli voidaan r\u00e4\u00e4t\u00e4l\u00f6id\u00e4 tukemaan tervett\u00e4 ryhti\u00e4 ja tuottavaa ty\u00f6skentely\u00e4.<\/p>\n<p>Aeronin kest\u00e4v\u00e4 runko on valmistettu korkealaatuisista, kest\u00e4vist\u00e4 materiaaleista, kuten kierr\u00e4tetyst\u00e4 alumiinista ja muovista, ja se takaa pitk\u00e4aikaisen k\u00e4yt\u00f6n. Sen moderni, visuaalisesti houkutteleva muotoilu t\u00e4ydent\u00e4\u00e4 sek\u00e4 perinteisi\u00e4 ett\u00e4 nykyaikaisia toimistoymp\u00e4rist\u00f6j\u00e4.<\/p>\n<p>Mukavuuden ja esteettisyyden lis\u00e4ksi Aeron on ymp\u00e4rist\u00f6tietoinen. Monet sen osista ovat vaihdettavissa, mik\u00e4 pident\u00e4\u00e4 tuolin k\u00e4ytt\u00f6ik\u00e4\u00e4 ja v\u00e4hent\u00e4\u00e4 j\u00e4tett\u00e4 perinteisiin toimistotuoleihin verrattuna.<\/p>\n<p>Herman Miller Aeron Carbon \/ Graphite - mukavuuden, tyylin ja ergonomian symboli. T\u00e4ss\u00e4 toimistotuolissa yhdistyv\u00e4t ikoninen muotoilu ja edistyksellinen toiminnallisuus optimaalisen istumakokemuksen tarjoamiseksi. Hiilipinnoite lis\u00e4\u00e4 esteettisen arvon lis\u00e4ksi kest\u00e4vyytt\u00e4 ja tukea. S\u00e4\u00e4dett\u00e4vien ominaisuuksiensa ansiosta - mukaan lukien istuinkorkeus, kallistusmekanismi ja k\u00e4sinojien asetukset - tuoli mukautuu saumattomasti k\u00e4ytt\u00e4j\u00e4n yksil\u00f6llisiin tarpeisiin. Aeron on suunniteltu kest\u00e4vyytt\u00e4 ja ymp\u00e4rist\u00f6vastuuta silm\u00e4ll\u00e4 pit\u00e4en, ja se sopii vaivattomasti mihin tahansa ty\u00f6tilaan tai asuinymp\u00e4rist\u00f6\u00f6n ja yhdist\u00e4\u00e4 mukavuuden ja tyylin t\u00e4ydelliseen harmoniaan.<\/p>\n<h2>Geneeriset tiedot<\/h2>\n<p>N\u00e4m\u00e4 toimistotuolit on kunnostettu. Meille \u2018kunnostettu\u2019 tarkoittaa, ett\u00e4 tuolit on tarkistettu huolellisesti, mahdollisesti verhoiltu uudelleen, varustettu uusilla virallisilla osilla, puhdistettu ja tarvittaessa maalattu uudelleen. Pyrimme saamaan tuolien kunnon j\u00e4lleen uuden veroiseksi.<\/p>\n<ul>\n<li>Koko: B<\/li>\n<li>Selk\u00e4nojan suojus: Hiili<\/li>\n<li>Rungon v\u00e4ri: Grafiitti<\/li>\n<li>Kallistuksen rajoitin<\/li>\n<li>2D s\u00e4\u00e4dett\u00e4v\u00e4t k\u00e4sinojat<\/li>\n<li>Kallistus taaksep\u00e4in<\/li>\n<li>Eteenp\u00e4in kallistus<\/li>\n<li>Uudempi malli, jossa on flipperik\u00e4sinojat<\/li>\n<li>Sis\u00e4lt\u00e4\u00e4 lannerangan tuen<\/li>\n<\/ul>\n<h2>Tuotteen tekniset tiedot<\/h2>\n<\/div>\n<table style=\"width: 649px; height: 558px;\" width=\"100%\">\n<tbody>\n<tr style=\"height: 19.6px;\">\n<td style=\"width: 49.7619%; height: 19.6px;\">\n<p style=\"text-align: left;\"><span style=\"color: #808080;\">Suunnittelija<br \/>\n<\/span>Don Chadwick ja Bill Stumpf<\/p>\n<p style=\"text-align: left;\"><span style=\"color: #808080;\">Suunnitteluvuosi<br \/>\n<\/span>1994<\/p>\n<p style=\"text-align: left;\"><span style=\"color: #808080;\">Tuotettu<\/span><br \/>\nYHDYSVALLAT<\/p>\n<p style=\"text-align: left;\"><span style=\"color: #808080;\">Todistukset<br \/>\n<\/span>level\u00ae<br \/>\nGREENGUARD<br \/>\nCradle to Cradle<\/p>\n<\/td>\n<td style=\"width: 49.7619%; height: 19.6px;\">&nbsp;<\/p>\n<p>&nbsp;<\/p>\n<p>&nbsp;<\/p>\n<p><span style=\"color: #808080;\">Kokonaismitat<br \/>\n<\/span>Koko A - 953 (korkeus) x 635 (leveys) x 567 mm (syvyys).<br \/>\nKoko B - 1090 (K) x 658 (L) x 598 mm (S)<br \/>\nKoko C - 1128 (K) x 695 (L) x 664 mm (S)<\/p>\n<p><span style=\"color: #808080;\">Maksimikapasiteetti<br \/>\n<\/span>Koko A - 136 kg<br \/>\nKoko B - 159 kg<br \/>\nKoko C - 159 kg<\/p>\n<p><span style=\"color: #808080;\">Tuotteen paino<br \/>\n<\/span>Koko A - 18,1 kg<br \/>\nKoko B - 18,6 kg<br \/>\nKoko C - 19,5 kg<\/p>\n<p>&nbsp;<\/td>\n<\/tr>\n<\/tbody>\n<\/table>\n<p>&nbsp;<\/p>\n<\/div>","protected":false},"excerpt":{"rendered":"<p>\u2713 Ammattimaisesti kunnostettu - Kunto A<br \/>\n\u2713 Hiilinen selk\u00e4noja \/ grafiittirunko<br \/>\n\u2713 Mukana lannerangan tuki ja k\u00e4\u00e4ntyv\u00e4t k\u00e4sinojat<br \/>\n\u2713 5 vuoden takuu<br \/>\n\u2713 Nopea toimitus<\/p>","protected":false},"featured_media":4987,"template":"","meta":{"_themeisle_gutenberg_block_has_review":false,"iawp_total_views":36},"product_brand":[31],"product_cat":[115,33,34,112,25],"product_tag":[87,58,73,30],"class_list":{"0":"post-1130","1":"product","2":"type-product","3":"status-publish","4":"has-post-thumbnail","6":"product_brand-hermanmiller","7":"product_cat-brands","8":"product_cat-ergonomic-office-chairs","9":"product_cat-herman-miller","10":"product_cat-office-furniture","11":"product_cat-office-furniture-1","12":"product_tag-aeron","13":"product_tag-eco-friendly-choice","14":"product_tag-herman-miller","15":"product_tag-refurbished","16":"product_shipping_class-toolid","18":"first","19":"instock","20":"taxable","21":"shipping-taxable","22":"purchasable","23":"product-type-variable"},"yoast_head":"<!-- This site is optimized with the Yoast SEO plugin v27.6 - https:\/\/yoast.com\/product\/yoast-seo-wordpress\/ -->\n<title>Herman Miller Aeron Classic Refurbished (Carbon\/Graphite) | \u20ac939 | KLAP<\/title>\n<meta name=\"description\" content=\"Buy a refurbished Herman Miller Aeron Classic in Carbon\/Graphite for \u20ac939. Professionally restored, lumbar support included, flipper armrests, 12-year warranty. Same day delivery.\" \/>\n<meta name=\"robots\" content=\"index, follow, max-snippet:-1, max-image-preview:large, max-video-preview:-1\" \/>\n<link rel=\"canonical\" href=\"https:\/\/klap.ee\/fi\/tuote\/herman-miller-aeron-classic-carbon-graphite-refurbished-eng\/\" \/>\n<meta property=\"og:locale\" content=\"fi_FI\" \/>\n<meta property=\"og:type\" content=\"article\" \/>\n<meta property=\"og:title\" content=\"Herman Miller Aeron Classic Refurbished (Carbon\/Graphite) | \u20ac939 | KLAP\" \/>\n<meta property=\"og:description\" content=\"Buy a refurbished Herman Miller Aeron Classic in Carbon\/Graphite for \u20ac939. Professionally restored, lumbar support included, flipper armrests, 12-year warranty. Same day delivery.\" \/>\n<meta property=\"og:url\" content=\"https:\/\/klap.ee\/fi\/tuote\/herman-miller-aeron-classic-carbon-graphite-refurbished-eng\/\" \/>\n<meta property=\"og:site_name\" content=\"KLAP\" \/>\n<meta property=\"article:modified_time\" content=\"2026-05-02T12:45:31+00:00\" \/>\n<meta property=\"og:image\" content=\"http:\/\/klap.ee\/wp-content\/uploads\/2025\/03\/Untitled-design-1-1-1024x1024.png\" \/>\n\t<meta property=\"og:image:width\" content=\"1024\" \/>\n\t<meta property=\"og:image:height\" content=\"1024\" \/>\n\t<meta property=\"og:image:type\" content=\"image\/png\" \/>\n<meta name=\"twitter:card\" content=\"summary_large_image\" \/>\n<meta name=\"twitter:label1\" content=\"Arvioitu lukuaika\" \/>\n\t<meta name=\"twitter:data1\" content=\"2 minuuttia\" \/>\n<script type=\"application\/ld+json\" class=\"yoast-schema-graph\">{\"@context\":\"https:\\\/\\\/schema.org\",\"@graph\":[{\"@type\":\"WebPage\",\"@id\":\"https:\\\/\\\/klap.ee\\\/product\\\/herman-miller-aeron-classic-carbon-graphite-refurbished-eng\\\/\",\"url\":\"https:\\\/\\\/klap.ee\\\/product\\\/herman-miller-aeron-classic-carbon-graphite-refurbished-eng\\\/\",\"name\":\"Herman Miller Aeron Classic Refurbished (Carbon\\\/Graphite) | \u20ac939 | KLAP\",\"isPartOf\":{\"@id\":\"https:\\\/\\\/klap.ee\\\/#website\"},\"primaryImageOfPage\":{\"@id\":\"https:\\\/\\\/klap.ee\\\/product\\\/herman-miller-aeron-classic-carbon-graphite-refurbished-eng\\\/#primaryimage\"},\"image\":{\"@id\":\"https:\\\/\\\/klap.ee\\\/product\\\/herman-miller-aeron-classic-carbon-graphite-refurbished-eng\\\/#primaryimage\"},\"thumbnailUrl\":\"https:\\\/\\\/klap.ee\\\/wp-content\\\/uploads\\\/2025\\\/03\\\/Untitled-design-1-1.png\",\"datePublished\":\"2025-03-28T07:59:44+00:00\",\"dateModified\":\"2026-05-02T12:45:31+00:00\",\"description\":\"Buy a refurbished Herman Miller Aeron Classic in Carbon\\\/Graphite for \u20ac939. Professionally restored, lumbar support included, flipper armrests, 12-year warranty. Same day delivery.\",\"breadcrumb\":{\"@id\":\"https:\\\/\\\/klap.ee\\\/product\\\/herman-miller-aeron-classic-carbon-graphite-refurbished-eng\\\/#breadcrumb\"},\"inLanguage\":\"fi\",\"potentialAction\":[{\"@type\":\"ReadAction\",\"target\":[\"https:\\\/\\\/klap.ee\\\/product\\\/herman-miller-aeron-classic-carbon-graphite-refurbished-eng\\\/\"]}]},{\"@type\":\"ImageObject\",\"inLanguage\":\"fi\",\"@id\":\"https:\\\/\\\/klap.ee\\\/product\\\/herman-miller-aeron-classic-carbon-graphite-refurbished-eng\\\/#primaryimage\",\"url\":\"https:\\\/\\\/klap.ee\\\/wp-content\\\/uploads\\\/2025\\\/03\\\/Untitled-design-1-1.png\",\"contentUrl\":\"https:\\\/\\\/klap.ee\\\/wp-content\\\/uploads\\\/2025\\\/03\\\/Untitled-design-1-1.png\",\"width\":1600,\"height\":1600},{\"@type\":\"BreadcrumbList\",\"@id\":\"https:\\\/\\\/klap.ee\\\/product\\\/herman-miller-aeron-classic-carbon-graphite-refurbished-eng\\\/#breadcrumb\",\"itemListElement\":[{\"@type\":\"ListItem\",\"position\":1,\"name\":\"Home\",\"item\":\"https:\\\/\\\/klap.ee\\\/\"},{\"@type\":\"ListItem\",\"position\":2,\"name\":\"Products\",\"item\":\"https:\\\/\\\/klap.ee\\\/ergonomic-office-chairs\\\/\"},{\"@type\":\"ListItem\",\"position\":3,\"name\":\"Herman Miller Aeron Classic Carbon \\\/ Graphite (Refurbished)\"}]},{\"@type\":\"WebSite\",\"@id\":\"https:\\\/\\\/klap.ee\\\/#website\",\"url\":\"https:\\\/\\\/klap.ee\\\/\",\"name\":\"KLAP\",\"description\":\"J\u00e4tkusuutliku disainm\u00f6\u00f6bli pood\",\"publisher\":{\"@id\":\"https:\\\/\\\/klap.ee\\\/#organization\"},\"potentialAction\":[{\"@type\":\"SearchAction\",\"target\":{\"@type\":\"EntryPoint\",\"urlTemplate\":\"https:\\\/\\\/klap.ee\\\/?s={search_term_string}\"},\"query-input\":{\"@type\":\"PropertyValueSpecification\",\"valueRequired\":true,\"valueName\":\"search_term_string\"}}],\"inLanguage\":\"fi\"},{\"@type\":\"Organization\",\"@id\":\"https:\\\/\\\/klap.ee\\\/#organization\",\"name\":\"KLAP\",\"url\":\"https:\\\/\\\/klap.ee\\\/\",\"logo\":{\"@type\":\"ImageObject\",\"inLanguage\":\"fi\",\"@id\":\"https:\\\/\\\/klap.ee\\\/#\\\/schema\\\/logo\\\/image\\\/\",\"url\":\"https:\\\/\\\/klap.ee\\\/wp-content\\\/uploads\\\/2025\\\/03\\\/klap_logo_transparent_410x158.png\",\"contentUrl\":\"https:\\\/\\\/klap.ee\\\/wp-content\\\/uploads\\\/2025\\\/03\\\/klap_logo_transparent_410x158.png\",\"width\":410,\"height\":158,\"caption\":\"KLAP\"},\"image\":{\"@id\":\"https:\\\/\\\/klap.ee\\\/#\\\/schema\\\/logo\\\/image\\\/\"}}]}<\/script>\n<!-- \/ Yoast SEO plugin. -->","yoast_head_json":{"title":"Herman Miller Aeron Classic Refurbished (Carbon\/Graphite) | \u20ac939 | KLAP","description":"Buy a refurbished Herman Miller Aeron Classic in Carbon\/Graphite for \u20ac939. Professionally restored, lumbar support included, flipper armrests, 12-year warranty. Same day delivery.","robots":{"index":"index","follow":"follow","max-snippet":"max-snippet:-1","max-image-preview":"max-image-preview:large","max-video-preview":"max-video-preview:-1"},"canonical":"https:\/\/klap.ee\/fi\/tuote\/herman-miller-aeron-classic-carbon-graphite-refurbished-eng\/","og_locale":"fi_FI","og_type":"article","og_title":"Herman Miller Aeron Classic Refurbished (Carbon\/Graphite) | \u20ac939 | KLAP","og_description":"Buy a refurbished Herman Miller Aeron Classic in Carbon\/Graphite for \u20ac939. Professionally restored, lumbar support included, flipper armrests, 12-year warranty. Same day delivery.","og_url":"https:\/\/klap.ee\/fi\/tuote\/herman-miller-aeron-classic-carbon-graphite-refurbished-eng\/","og_site_name":"KLAP","article_modified_time":"2026-05-02T12:45:31+00:00","og_image":[{"width":1024,"height":1024,"url":"http:\/\/klap.ee\/wp-content\/uploads\/2025\/03\/Untitled-design-1-1-1024x1024.png","type":"image\/png"}],"twitter_card":"summary_large_image","twitter_misc":{"Arvioitu lukuaika":"2 minuuttia"},"schema":{"@context":"https:\/\/schema.org","@graph":[{"@type":"WebPage","@id":"https:\/\/klap.ee\/product\/herman-miller-aeron-classic-carbon-graphite-refurbished-eng\/","url":"https:\/\/klap.ee\/product\/herman-miller-aeron-classic-carbon-graphite-refurbished-eng\/","name":"Herman Miller Aeron Classic Refurbished (Carbon\/Graphite) | \u20ac939 | KLAP","isPartOf":{"@id":"https:\/\/klap.ee\/#website"},"primaryImageOfPage":{"@id":"https:\/\/klap.ee\/product\/herman-miller-aeron-classic-carbon-graphite-refurbished-eng\/#primaryimage"},"image":{"@id":"https:\/\/klap.ee\/product\/herman-miller-aeron-classic-carbon-graphite-refurbished-eng\/#primaryimage"},"thumbnailUrl":"https:\/\/klap.ee\/wp-content\/uploads\/2025\/03\/Untitled-design-1-1.png","datePublished":"2025-03-28T07:59:44+00:00","dateModified":"2026-05-02T12:45:31+00:00","description":"Buy a refurbished Herman Miller Aeron Classic in Carbon\/Graphite for \u20ac939. Professionally restored, lumbar support included, flipper armrests, 12-year warranty. Same day delivery.","breadcrumb":{"@id":"https:\/\/klap.ee\/product\/herman-miller-aeron-classic-carbon-graphite-refurbished-eng\/#breadcrumb"},"inLanguage":"fi","potentialAction":[{"@type":"ReadAction","target":["https:\/\/klap.ee\/product\/herman-miller-aeron-classic-carbon-graphite-refurbished-eng\/"]}]},{"@type":"ImageObject","inLanguage":"fi","@id":"https:\/\/klap.ee\/product\/herman-miller-aeron-classic-carbon-graphite-refurbished-eng\/#primaryimage","url":"https:\/\/klap.ee\/wp-content\/uploads\/2025\/03\/Untitled-design-1-1.png","contentUrl":"https:\/\/klap.ee\/wp-content\/uploads\/2025\/03\/Untitled-design-1-1.png","width":1600,"height":1600},{"@type":"BreadcrumbList","@id":"https:\/\/klap.ee\/product\/herman-miller-aeron-classic-carbon-graphite-refurbished-eng\/#breadcrumb","itemListElement":[{"@type":"ListItem","position":1,"name":"Home","item":"https:\/\/klap.ee\/"},{"@type":"ListItem","position":2,"name":"Products","item":"https:\/\/klap.ee\/ergonomic-office-chairs\/"},{"@type":"ListItem","position":3,"name":"Herman Miller Aeron Classic Carbon \/ Graphite (Refurbished)"}]},{"@type":"WebSite","@id":"https:\/\/klap.ee\/#website","url":"https:\/\/klap.ee\/","name":"KLAP","description":"J\u00e4tkusuutliku disainm\u00f6\u00f6bli pood","publisher":{"@id":"https:\/\/klap.ee\/#organization"},"potentialAction":[{"@type":"SearchAction","target":{"@type":"EntryPoint","urlTemplate":"https:\/\/klap.ee\/?s={search_term_string}"},"query-input":{"@type":"PropertyValueSpecification","valueRequired":true,"valueName":"search_term_string"}}],"inLanguage":"fi"},{"@type":"Organization","@id":"https:\/\/klap.ee\/#organization","name":"KLAP","url":"https:\/\/klap.ee\/","logo":{"@type":"ImageObject","inLanguage":"fi","@id":"https:\/\/klap.ee\/#\/schema\/logo\/image\/","url":"https:\/\/klap.ee\/wp-content\/uploads\/2025\/03\/klap_logo_transparent_410x158.png","contentUrl":"https:\/\/klap.ee\/wp-content\/uploads\/2025\/03\/klap_logo_transparent_410x158.png","width":410,"height":158,"caption":"KLAP"},"image":{"@id":"https:\/\/klap.ee\/#\/schema\/logo\/image\/"}}]}},"_links":{"self":[{"href":"https:\/\/klap.ee\/fi\/wp-json\/wp\/v2\/product\/1130","targetHints":{"allow":["GET"]}}],"collection":[{"href":"https:\/\/klap.ee\/fi\/wp-json\/wp\/v2\/product"}],"about":[{"href":"https:\/\/klap.ee\/fi\/wp-json\/wp\/v2\/types\/product"}],"wp:featuredmedia":[{"embeddable":true,"href":"https:\/\/klap.ee\/fi\/wp-json\/wp\/v2\/media\/4987"}],"wp:attachment":[{"href":"https:\/\/klap.ee\/fi\/wp-json\/wp\/v2\/media?parent=1130"}],"wp:term":[{"taxonomy":"product_brand","embeddable":true,"href":"https:\/\/klap.ee\/fi\/wp-json\/wp\/v2\/product_brand?post=1130"},{"taxonomy":"product_cat","embeddable":true,"href":"https:\/\/klap.ee\/fi\/wp-json\/wp\/v2\/product_cat?post=1130"},{"taxonomy":"product_tag","embeddable":true,"href":"https:\/\/klap.ee\/fi\/wp-json\/wp\/v2\/product_tag?post=1130"}],"curies":[{"name":"wp","href":"https:\/\/api.w.org\/{rel}","templated":true}]}}