{"id":1138,"date":"2025-03-28T12:25:08","date_gmt":"2025-03-28T12:25:08","guid":{"rendered":"https:\/\/klap-ee.vserver.zonevs.eu\/?post_type=product&#038;p=1138"},"modified":"2026-05-02T12:45:31","modified_gmt":"2026-05-02T12:45:31","slug":"herman-miller-mirra-2-graphite-butterfly-refurbished","status":"publish","type":"product","link":"https:\/\/klap.ee\/fi\/tuote\/herman-miller-mirra-2-graphite-butterfly-refurbished\/","title":{"rendered":"Herman Miller Mirra 2 Graphite Butterfly (kunnostettu)"},"content":{"rendered":"<h2><strong>Tuotteen kuvaus<\/strong><\/h2>\n<p><strong>Mirra 2 - perimm\u00e4inen tuoli dynaamisiin ty\u00f6tyyleihin<\/strong><br \/>Herman Miller Mirra 2 edustaa ergonomisen k\u00e4\u00e4ntyv\u00e4n tuolin huippua ammattilaisille, jotka ovat jatkuvasti liikkeell\u00e4. Siin\u00e4 yhdistyv\u00e4t poikkeuksellinen mukavuus ja erottuva muotoilu, ja se tarjoaa istuinratkaisun, joka on r\u00e4\u00e4t\u00e4l\u00f6ity jokap\u00e4iv\u00e4iseen suorituskykyyn.<\/p>\n<p>Mirra 2 on yksi Herman Millerin menestyneimmist\u00e4 toimistotuoleista, ja siin\u00e4 on uudistettu selk\u00e4noja ja eritt\u00e4in herk\u00e4sti reagoiva kallistusmekanismi, jotka mahdollistavat pehme\u00e4t siirtym\u00e4t eri asentojen v\u00e4lill\u00e4. Sen ohut ja kevyt rakenne sopii saumattomasti mihin tahansa moderniin ty\u00f6tilaan, ja huolellisesti valittujen materiaali- ja v\u00e4rivaihtoehtojen avulla saavutetaan t\u00e4ydellinen tasapaino estetiikan ja toimivuuden v\u00e4lill\u00e4.<\/p>\n<p>Mirra 2 painaa 20% v\u00e4hemm\u00e4n kuin edelt\u00e4j\u00e4ns\u00e4, mik\u00e4 v\u00e4hent\u00e4\u00e4 my\u00f6s sen ymp\u00e4rist\u00f6vaikutuksia ja tarjoaa ymp\u00e4rist\u00f6tietoisen vaihtoehdon suorituskyvyst\u00e4 tinkim\u00e4tt\u00e4.<\/p>\n<p><strong>Suunniteltu aktiivisille ammattilaisille<\/strong><br \/>Berliinil\u00e4isen Studio 7.5:n luoma Mirra 2 on suunniteltu ammattilaisille, jotka siirtyv\u00e4t helposti yksitt\u00e4isten ja yhteisten teht\u00e4vien v\u00e4lill\u00e4. T\u00e4m\u00e4 tuoli mukautuu intuitiivisesti jokaiseen asennonmuutokseen: istuin ja selk\u00e4noja reagoivat v\u00e4litt\u00f6m\u00e4sti mikroliikkeisiin ja tarjoavat r\u00e4\u00e4t\u00e4l\u00f6ity\u00e4 ergonomista tukea ja pitk\u00e4kestoista mukavuutta.<\/p>\n<p>Muotoiltu selk\u00e4noja kannustaa luonnolliseen, rajoittamattomaan liikkumiseen ja mahdollistaa vaivattoman kiert\u00e4misen ja sivuttaisvenyttelyn. Sen innovatiivisessa Butterfly Back -selk\u00e4nojassa yhdistyv\u00e4t polymeerill\u00e4 t\u00e4ytetty kalvo ja hengitt\u00e4v\u00e4 rakenne, jotka takaavat joustavan tuen, tasaisen ilmavirtauksen ja optimaalisen l\u00e4mp\u00f6tilan s\u00e4\u00e4telyn my\u00f6s pitkien ty\u00f6skentelyjaksojen aikana.<\/p>\n<p><strong>Ergonominen kokonaispaketti<\/strong><br \/>Mirra 2:n avulla voit keskitty\u00e4 ty\u00f6h\u00f6si, et jatkuviin s\u00e4\u00e4t\u00f6ihin. Hienostunut Harmonic 2 -kallistusmekanismi tarjoaa tasapainoisen kallistuksen, joten on helppo siirty\u00e4 pystyasennosta rentoon asentoon. Integroitu PostureFit-teknologia yll\u00e4pit\u00e4\u00e4 selk\u00e4rangan tervett\u00e4 linjausta kaikissa asennoissa, v\u00e4hent\u00e4\u00e4 rasitusta ja tukee pitk\u00e4n aikav\u00e4lin hyvinvointia.<\/p>\n<p>T\u00e4rkeimpi\u00e4 ergonomisia ominaisuuksia ovat:<\/p>\n<ul>\n<li><strong>FlexFront-istuimen syvyyden s\u00e4\u00e4t\u00f6<\/strong><\/li>\n<li><strong>Eteenp\u00e4in kallistuksen ja lepotason rajoitin<\/strong><\/li>\n<li><strong>Pystysuoraan ja vaakasuoraan s\u00e4\u00e4dett\u00e4v\u00e4t k\u00e4sinojat<\/strong><\/li>\n<\/ul>\n<p>Yhdess\u00e4 n\u00e4m\u00e4 elementit muodostavat t\u00e4ydellisen ergonomisen j\u00e4rjestelm\u00e4n, joka on ominaista Herman Millerin korkeatasoisille standardeille.<\/p>\n<p><strong>Mirra 2 -kokemus<\/strong><br \/>Ergonomiaa, kest\u00e4vyytt\u00e4 ja nykyaikaista muotoilua yhdistelev\u00e4 Mirra 2 on enemm\u00e4n kuin pelkk\u00e4 tuoli - se on t\u00e4rke\u00e4 ty\u00f6kalu tehokkaisiin ty\u00f6tiloihin. Se on suunniteltu liikkumaan kanssasi, ja se takaa mukavuuden, kest\u00e4vyyden ja tyylin koko ty\u00f6p\u00e4iv\u00e4n ajan.<\/p>\n<h2>Yleisi\u00e4 tietoja<\/h2>\n<p>N\u00e4m\u00e4 toimistotuolit on kunnostettu. Meille \u2018kunnostettu\u2019 tarkoittaa, ett\u00e4 tuolit on tarkistettu huolellisesti, mahdollisesti verhoiltu uudelleen, varustettu uusilla virallisilla osilla, puhdistettu ja tarvittaessa maalattu uudelleen. Pyrimme saamaan tuolien kunnon j\u00e4lleen uuden veroiseksi.<\/p>\n<ul>\n<li>Kunnostettu - Kunto: A<\/li>\n<li>Backrest Color: Black<\/li>\n<li>Rungon v\u00e4ri: grafiitti<\/li>\n<li>Guarantee: 5 years<\/li>\n<li>Rullat: py\u00f6r\u00e4t: Yleispy\u00f6r\u00e4t (sopivat matolle ja koville lattioille).<\/li>\n<li>K\u00e4ytt\u00f6tarkoitus: Pelaaminen, toimistoty\u00f6, usein istuminen<\/li>\n<li>Istuimen korkeuden s\u00e4\u00e4t\u00f6<\/li>\n<li>K\u00e4sinojat: T\u00e4ysin s\u00e4\u00e4dett\u00e4viss\u00e4 nelj\u00e4\u00e4n suuntaan (4D).<\/li>\n<li>FlexFront-istuimen reunan s\u00e4\u00e4t\u00f6<\/li>\n<li>Kallistuksen kireyden s\u00e4\u00e4t\u00f6<\/li>\n<li>Istuimen syvyys: S\u00e4\u00e4dett\u00e4v\u00e4<\/li>\n<li>Materiaali: 96%:hen asti kierr\u00e4tett\u00e4viss\u00e4.<\/li>\n<li><strong>T\u00e4ysi vaihtoehto<\/strong><\/li>\n<\/ul>\n<h2>Tuotteen tekniset tiedot<\/h2>\n<div class=\"elementor-widget-container\"><\/div>\n<div>\n<table style=\"width: 649px; height: 558px;\" width=\"100%\">\n<tbody>\n<tr style=\"height: 19.6px;\">\n<td style=\"width: 49.7619%; height: 19.6px;\">&nbsp;<\/p>\n<p style=\"text-align: left;\"><span style=\"color: #808080;\">Suunnittelija<br \/>\n<\/span>Don Chadwick ja Bill Stumpf<\/p>\n<p style=\"text-align: left;\"><span style=\"color: #808080;\">Suunnitteluvuosi<br \/>\n<\/span>2009<\/p>\n<p style=\"text-align: left;\"><span style=\"color: #808080;\">Tuotettu<\/span><br \/>\nYHDYSVALLAT<\/p>\n<p style=\"text-align: left;\"><span style=\"color: #808080;\">Ymp\u00e4rist\u00f6n\u00e4k\u00f6kohdat<br \/>\n<\/span>Kierr\u00e4tett\u00e4vyys Enint\u00e4\u00e4n 93%<br \/>\nBIFMA taso\u00ae 3<br \/>\nGREENGUARD\u00ae Gold<br \/>\nCradle to Cradle\u00ae Silver<\/p>\n<\/td>\n<td style=\"width: 49.7619%; height: 19.6px;\"><span style=\"color: #808080;\">Kokonaismitat<br \/>\n<\/span>Koko - 1111 mm (korkeus) x 762 (leveys) x 470 mm (syvyys)<span style=\"color: #808080;\"><br \/>\n<\/span><span style=\"color: #808080;\"><br \/>\n<\/span><span style=\"color: #808080;\"><br \/>\n<\/span><span style=\"color: #808080;\">Maksimikapasiteetti<br \/>\n<\/span>159 kg<span style=\"color: #808080; font-family: inherit; font-size: inherit;\">Tuotteen paino<br \/>\n<\/span>15,9<\/td>\n<\/tr>\n<\/tbody>\n<\/table>\n<\/div>\n<p>&nbsp;<\/p>\n<p>&nbsp;<\/p>\n<p>&nbsp;<\/p>","protected":false},"excerpt":{"rendered":"<p>\u2713 Kunnostettu - Kunto A<br \/>\n\u2713 Save 32% \u2013 Graphite frame &amp; Butterfly Back<br \/>\n\u2713 PostureFit &amp; 4D k\u00e4sinojat - t\u00e4ysi lis\u00e4varuste<br \/>\n\u2713 5-year warranty, up to 93% recyclable<br \/>\n\u2713 Nopea toimitus<\/p>","protected":false},"featured_media":3372,"template":"","meta":{"_themeisle_gutenberg_block_has_review":false,"iawp_total_views":9},"product_brand":[31],"product_cat":[115,33,34,112,25],"product_tag":[58,73,93,30],"class_list":{"0":"post-1138","1":"product","2":"type-product","3":"status-publish","4":"has-post-thumbnail","6":"product_brand-hermanmiller","7":"product_cat-brands","8":"product_cat-ergonomic-office-chairs","9":"product_cat-herman-miller","10":"product_cat-office-furniture","11":"product_cat-office-furniture-1","12":"product_tag-eco-friendly-choice","13":"product_tag-herman-miller","14":"product_tag-mirra-2-butterfly","15":"product_tag-refurbished","16":"product_shipping_class-toolid","18":"first","19":"instock","20":"sale","21":"taxable","22":"shipping-taxable","23":"purchasable","24":"product-type-variable"},"yoast_head":"<!-- This site is optimized with the Yoast SEO plugin v27.6 - https:\/\/yoast.com\/product\/yoast-seo-wordpress\/ -->\n<title>Herman Miller Mirra 2 Graphite Butterfly Refurbished | \u20ac996 | KLAP<\/title>\n<meta name=\"description\" content=\"Buy a refurbished Herman Miller Mirra 2 Graphite Butterfly for \u20ac996. Save 32%, Condition A, PostureFit, 4D armrests, full option, 5-year warranty. Fast delivery.\" \/>\n<meta name=\"robots\" content=\"index, follow, max-snippet:-1, max-image-preview:large, max-video-preview:-1\" \/>\n<link rel=\"canonical\" href=\"https:\/\/klap.ee\/fi\/tuote\/herman-miller-mirra-2-graphite-butterfly-refurbished\/\" \/>\n<meta property=\"og:locale\" content=\"fi_FI\" \/>\n<meta property=\"og:type\" content=\"article\" \/>\n<meta property=\"og:title\" content=\"Herman Miller Mirra 2 Graphite Butterfly Refurbished | \u20ac996 | KLAP\" \/>\n<meta property=\"og:description\" content=\"Buy a refurbished Herman Miller Mirra 2 Graphite Butterfly for \u20ac996. Save 32%, Condition A, PostureFit, 4D armrests, full option, 5-year warranty. Fast delivery.\" \/>\n<meta property=\"og:url\" content=\"https:\/\/klap.ee\/fi\/tuote\/herman-miller-mirra-2-graphite-butterfly-refurbished\/\" \/>\n<meta property=\"og:site_name\" content=\"KLAP\" \/>\n<meta property=\"article:modified_time\" content=\"2026-05-02T12:45:31+00:00\" \/>\n<meta property=\"og:image\" content=\"http:\/\/klap.ee\/wp-content\/uploads\/2025\/03\/Untitled-1600-x-1600-px-1-1-1024x1024.png\" \/>\n\t<meta property=\"og:image:width\" content=\"1024\" \/>\n\t<meta property=\"og:image:height\" content=\"1024\" \/>\n\t<meta property=\"og:image:type\" content=\"image\/png\" \/>\n<meta name=\"twitter:card\" content=\"summary_large_image\" \/>\n<meta name=\"twitter:label1\" content=\"Arvioitu lukuaika\" \/>\n\t<meta name=\"twitter:data1\" content=\"3 minuuttia\" \/>\n<script type=\"application\/ld+json\" class=\"yoast-schema-graph\">{\"@context\":\"https:\\\/\\\/schema.org\",\"@graph\":[{\"@type\":\"WebPage\",\"@id\":\"https:\\\/\\\/klap.ee\\\/product\\\/herman-miller-mirra-2-graphite-butterfly-refurbished\\\/\",\"url\":\"https:\\\/\\\/klap.ee\\\/product\\\/herman-miller-mirra-2-graphite-butterfly-refurbished\\\/\",\"name\":\"Herman Miller Mirra 2 Graphite Butterfly Refurbished | \u20ac996 | KLAP\",\"isPartOf\":{\"@id\":\"https:\\\/\\\/klap.ee\\\/#website\"},\"primaryImageOfPage\":{\"@id\":\"https:\\\/\\\/klap.ee\\\/product\\\/herman-miller-mirra-2-graphite-butterfly-refurbished\\\/#primaryimage\"},\"image\":{\"@id\":\"https:\\\/\\\/klap.ee\\\/product\\\/herman-miller-mirra-2-graphite-butterfly-refurbished\\\/#primaryimage\"},\"thumbnailUrl\":\"https:\\\/\\\/klap.ee\\\/wp-content\\\/uploads\\\/2025\\\/03\\\/Untitled-1600-x-1600-px-1-1.png\",\"datePublished\":\"2025-03-28T12:25:08+00:00\",\"dateModified\":\"2026-05-02T12:45:31+00:00\",\"description\":\"Buy a refurbished Herman Miller Mirra 2 Graphite Butterfly for \u20ac996. Save 32%, Condition A, PostureFit, 4D armrests, full option, 5-year warranty. Fast delivery.\",\"breadcrumb\":{\"@id\":\"https:\\\/\\\/klap.ee\\\/product\\\/herman-miller-mirra-2-graphite-butterfly-refurbished\\\/#breadcrumb\"},\"inLanguage\":\"fi\",\"potentialAction\":[{\"@type\":\"ReadAction\",\"target\":[\"https:\\\/\\\/klap.ee\\\/product\\\/herman-miller-mirra-2-graphite-butterfly-refurbished\\\/\"]}]},{\"@type\":\"ImageObject\",\"inLanguage\":\"fi\",\"@id\":\"https:\\\/\\\/klap.ee\\\/product\\\/herman-miller-mirra-2-graphite-butterfly-refurbished\\\/#primaryimage\",\"url\":\"https:\\\/\\\/klap.ee\\\/wp-content\\\/uploads\\\/2025\\\/03\\\/Untitled-1600-x-1600-px-1-1.png\",\"contentUrl\":\"https:\\\/\\\/klap.ee\\\/wp-content\\\/uploads\\\/2025\\\/03\\\/Untitled-1600-x-1600-px-1-1.png\",\"width\":1600,\"height\":1600},{\"@type\":\"BreadcrumbList\",\"@id\":\"https:\\\/\\\/klap.ee\\\/product\\\/herman-miller-mirra-2-graphite-butterfly-refurbished\\\/#breadcrumb\",\"itemListElement\":[{\"@type\":\"ListItem\",\"position\":1,\"name\":\"Home\",\"item\":\"https:\\\/\\\/klap.ee\\\/\"},{\"@type\":\"ListItem\",\"position\":2,\"name\":\"Products\",\"item\":\"https:\\\/\\\/klap.ee\\\/ergonomic-office-chairs\\\/\"},{\"@type\":\"ListItem\",\"position\":3,\"name\":\"Herman Miller Mirra 2 Graphite Butterfly (Refurbished)\"}]},{\"@type\":\"WebSite\",\"@id\":\"https:\\\/\\\/klap.ee\\\/#website\",\"url\":\"https:\\\/\\\/klap.ee\\\/\",\"name\":\"KLAP\",\"description\":\"J\u00e4tkusuutliku disainm\u00f6\u00f6bli pood\",\"publisher\":{\"@id\":\"https:\\\/\\\/klap.ee\\\/#organization\"},\"potentialAction\":[{\"@type\":\"SearchAction\",\"target\":{\"@type\":\"EntryPoint\",\"urlTemplate\":\"https:\\\/\\\/klap.ee\\\/?s={search_term_string}\"},\"query-input\":{\"@type\":\"PropertyValueSpecification\",\"valueRequired\":true,\"valueName\":\"search_term_string\"}}],\"inLanguage\":\"fi\"},{\"@type\":\"Organization\",\"@id\":\"https:\\\/\\\/klap.ee\\\/#organization\",\"name\":\"KLAP\",\"url\":\"https:\\\/\\\/klap.ee\\\/\",\"logo\":{\"@type\":\"ImageObject\",\"inLanguage\":\"fi\",\"@id\":\"https:\\\/\\\/klap.ee\\\/#\\\/schema\\\/logo\\\/image\\\/\",\"url\":\"https:\\\/\\\/klap.ee\\\/wp-content\\\/uploads\\\/2025\\\/03\\\/klap_logo_transparent_410x158.png\",\"contentUrl\":\"https:\\\/\\\/klap.ee\\\/wp-content\\\/uploads\\\/2025\\\/03\\\/klap_logo_transparent_410x158.png\",\"width\":410,\"height\":158,\"caption\":\"KLAP\"},\"image\":{\"@id\":\"https:\\\/\\\/klap.ee\\\/#\\\/schema\\\/logo\\\/image\\\/\"}}]}<\/script>\n<!-- \/ Yoast SEO plugin. -->","yoast_head_json":{"title":"Herman Miller Mirra 2 Graphite Butterfly Refurbished | \u20ac996 | KLAP","description":"Buy a refurbished Herman Miller Mirra 2 Graphite Butterfly for \u20ac996. Save 32%, Condition A, PostureFit, 4D armrests, full option, 5-year warranty. Fast delivery.","robots":{"index":"index","follow":"follow","max-snippet":"max-snippet:-1","max-image-preview":"max-image-preview:large","max-video-preview":"max-video-preview:-1"},"canonical":"https:\/\/klap.ee\/fi\/tuote\/herman-miller-mirra-2-graphite-butterfly-refurbished\/","og_locale":"fi_FI","og_type":"article","og_title":"Herman Miller Mirra 2 Graphite Butterfly Refurbished | \u20ac996 | KLAP","og_description":"Buy a refurbished Herman Miller Mirra 2 Graphite Butterfly for \u20ac996. Save 32%, Condition A, PostureFit, 4D armrests, full option, 5-year warranty. Fast delivery.","og_url":"https:\/\/klap.ee\/fi\/tuote\/herman-miller-mirra-2-graphite-butterfly-refurbished\/","og_site_name":"KLAP","article_modified_time":"2026-05-02T12:45:31+00:00","og_image":[{"width":1024,"height":1024,"url":"http:\/\/klap.ee\/wp-content\/uploads\/2025\/03\/Untitled-1600-x-1600-px-1-1-1024x1024.png","type":"image\/png"}],"twitter_card":"summary_large_image","twitter_misc":{"Arvioitu lukuaika":"3 minuuttia"},"schema":{"@context":"https:\/\/schema.org","@graph":[{"@type":"WebPage","@id":"https:\/\/klap.ee\/product\/herman-miller-mirra-2-graphite-butterfly-refurbished\/","url":"https:\/\/klap.ee\/product\/herman-miller-mirra-2-graphite-butterfly-refurbished\/","name":"Herman Miller Mirra 2 Graphite Butterfly Refurbished | \u20ac996 | KLAP","isPartOf":{"@id":"https:\/\/klap.ee\/#website"},"primaryImageOfPage":{"@id":"https:\/\/klap.ee\/product\/herman-miller-mirra-2-graphite-butterfly-refurbished\/#primaryimage"},"image":{"@id":"https:\/\/klap.ee\/product\/herman-miller-mirra-2-graphite-butterfly-refurbished\/#primaryimage"},"thumbnailUrl":"https:\/\/klap.ee\/wp-content\/uploads\/2025\/03\/Untitled-1600-x-1600-px-1-1.png","datePublished":"2025-03-28T12:25:08+00:00","dateModified":"2026-05-02T12:45:31+00:00","description":"Buy a refurbished Herman Miller Mirra 2 Graphite Butterfly for \u20ac996. Save 32%, Condition A, PostureFit, 4D armrests, full option, 5-year warranty. Fast delivery.","breadcrumb":{"@id":"https:\/\/klap.ee\/product\/herman-miller-mirra-2-graphite-butterfly-refurbished\/#breadcrumb"},"inLanguage":"fi","potentialAction":[{"@type":"ReadAction","target":["https:\/\/klap.ee\/product\/herman-miller-mirra-2-graphite-butterfly-refurbished\/"]}]},{"@type":"ImageObject","inLanguage":"fi","@id":"https:\/\/klap.ee\/product\/herman-miller-mirra-2-graphite-butterfly-refurbished\/#primaryimage","url":"https:\/\/klap.ee\/wp-content\/uploads\/2025\/03\/Untitled-1600-x-1600-px-1-1.png","contentUrl":"https:\/\/klap.ee\/wp-content\/uploads\/2025\/03\/Untitled-1600-x-1600-px-1-1.png","width":1600,"height":1600},{"@type":"BreadcrumbList","@id":"https:\/\/klap.ee\/product\/herman-miller-mirra-2-graphite-butterfly-refurbished\/#breadcrumb","itemListElement":[{"@type":"ListItem","position":1,"name":"Home","item":"https:\/\/klap.ee\/"},{"@type":"ListItem","position":2,"name":"Products","item":"https:\/\/klap.ee\/ergonomic-office-chairs\/"},{"@type":"ListItem","position":3,"name":"Herman Miller Mirra 2 Graphite Butterfly (Refurbished)"}]},{"@type":"WebSite","@id":"https:\/\/klap.ee\/#website","url":"https:\/\/klap.ee\/","name":"KLAP","description":"J\u00e4tkusuutliku disainm\u00f6\u00f6bli pood","publisher":{"@id":"https:\/\/klap.ee\/#organization"},"potentialAction":[{"@type":"SearchAction","target":{"@type":"EntryPoint","urlTemplate":"https:\/\/klap.ee\/?s={search_term_string}"},"query-input":{"@type":"PropertyValueSpecification","valueRequired":true,"valueName":"search_term_string"}}],"inLanguage":"fi"},{"@type":"Organization","@id":"https:\/\/klap.ee\/#organization","name":"KLAP","url":"https:\/\/klap.ee\/","logo":{"@type":"ImageObject","inLanguage":"fi","@id":"https:\/\/klap.ee\/#\/schema\/logo\/image\/","url":"https:\/\/klap.ee\/wp-content\/uploads\/2025\/03\/klap_logo_transparent_410x158.png","contentUrl":"https:\/\/klap.ee\/wp-content\/uploads\/2025\/03\/klap_logo_transparent_410x158.png","width":410,"height":158,"caption":"KLAP"},"image":{"@id":"https:\/\/klap.ee\/#\/schema\/logo\/image\/"}}]}},"_links":{"self":[{"href":"https:\/\/klap.ee\/fi\/wp-json\/wp\/v2\/product\/1138","targetHints":{"allow":["GET"]}}],"collection":[{"href":"https:\/\/klap.ee\/fi\/wp-json\/wp\/v2\/product"}],"about":[{"href":"https:\/\/klap.ee\/fi\/wp-json\/wp\/v2\/types\/product"}],"wp:featuredmedia":[{"embeddable":true,"href":"https:\/\/klap.ee\/fi\/wp-json\/wp\/v2\/media\/3372"}],"wp:attachment":[{"href":"https:\/\/klap.ee\/fi\/wp-json\/wp\/v2\/media?parent=1138"}],"wp:term":[{"taxonomy":"product_brand","embeddable":true,"href":"https:\/\/klap.ee\/fi\/wp-json\/wp\/v2\/product_brand?post=1138"},{"taxonomy":"product_cat","embeddable":true,"href":"https:\/\/klap.ee\/fi\/wp-json\/wp\/v2\/product_cat?post=1138"},{"taxonomy":"product_tag","embeddable":true,"href":"https:\/\/klap.ee\/fi\/wp-json\/wp\/v2\/product_tag?post=1138"}],"curies":[{"name":"wp","href":"https:\/\/api.w.org\/{rel}","templated":true}]}}