{"id":1238,"date":"2025-04-02T10:42:19","date_gmt":"2025-04-02T10:42:19","guid":{"rendered":"https:\/\/klap-ee.vserver.zonevs.eu\/?post_type=product&#038;p=1238"},"modified":"2026-05-04T11:33:04","modified_gmt":"2026-05-04T11:33:04","slug":"hag-capisco-8106","status":"publish","type":"product","link":"https:\/\/klap.ee\/fi\/tuote\/hag-capisco-8106\/","title":{"rendered":"H\u00c5G Capisco 8106"},"content":{"rendered":"<div class=\"elementor-element elementor-element-6de725ea elementor-widget elementor-widget-heading\" data-id=\"6de725ea\" data-element_type=\"widget\" data-widget_type=\"heading.default\">\n<div class=\"elementor-widget-container\">\n<h2 class=\"elementor-heading-title elementor-size-default\">Tuotteen kuvaus<\/h2>\n<p class=\"elementor-heading-title elementor-size-default\">Vuonna 1984, keskell\u00e4 staattisten istuinten merta, H\u00c5G Capisco ilmestyi n\u00e4ytt\u00e4m\u00f6lle, haastoi normit siit\u00e4, milt\u00e4 tuolin pit\u00e4isi n\u00e4ytt\u00e4\u00e4, ja aloitti ergonomisen muotoilun uuden aikakauden. Vision\u00e4\u00e4risen teollisen muotoilijan Peter Opsvikin suunnittelema tuoli ei ollut pelkk\u00e4 istuin, vaan filosofia liikkeess\u00e4.<\/p>\n<p class=\"elementor-heading-title elementor-size-default\">Opsvikin usko oli yksinkertainen mutta syv\u00e4llinen: \u201cJos meid\u00e4n annetaan liikkua, me liikumme.\u201d Capiscon radikaali estetiikka syntyi ratsastajien dynaamisen asennon innoittamana. Sen veistoksellinen satulanmuotoinen istuin ja kaareva selk\u00e4noja eiv\u00e4t olleet vain huomiota her\u00e4tt\u00e4vi\u00e4, vaan ne olivat kutsuja liikkeeseen, jotka ilment\u00e4v\u00e4t Opsvikin mantraa: \u201cParas asento on aina seuraava.\u201d<\/p>\n<\/div>\n<\/div>\n<div class=\"elementor-element elementor-element-52345b8a elementor-widget elementor-widget-woocommerce-product-content\" data-id=\"52345b8a\" data-element_type=\"widget\" data-widget_type=\"woocommerce-product-content.default\">\n<div class=\"elementor-widget-container\">\n<p>H\u00c5G Capisco 8106 on klassinen bestseller-malli. Satulan istuinta voidaan s\u00e4\u00e4t\u00e4\u00e4 matalasta ja korkeasta ty\u00f6asennosta aina seisoma-asentoon asti, jolloin voit liikkua dynaamisemmin ja istua silti tasapainoisessa asennossa.<\/p>\n<\/div>\n<\/div>\n<h2>Yleist\u00e4<\/h2>\n<p>N\u00e4m\u00e4 toimistotuolit ovat uusia.<\/p>\n<ul>\n<li>H\u00c5G inBalance\u00ae (tasapainotettu, virtaava kallistustoiminto)<\/li>\n<li>S\u00e4\u00e4dett\u00e4v\u00e4 kallistuksen kireys taaksep\u00e4in<\/li>\n<li>Istuimen korkeuden s\u00e4\u00e4t\u00f6<\/li>\n<li>Istuimen syvyyden s\u00e4\u00e4t\u00f6<\/li>\n<li>Sel\u00e4n korkeuden s\u00e4\u00e4t\u00f6<\/li>\n<li>Lukittava istuin<\/li>\n<li>Viiden t\u00e4hden jalustapohja<\/li>\n<\/ul>\n<h2>Tuotteen tekniset tiedot<\/h2>\n<div class=\"elementor-element elementor-element-7a1db292 elementor-widget elementor-widget-heading\" data-id=\"7a1db292\" data-element_type=\"widget\" data-widget_type=\"heading.default\">\n<div class=\"elementor-widget-container\"><\/div>\n<\/div>\n<div class=\"elementor-element elementor-element-4d311189 elementor-widget elementor-widget-text-editor\" data-id=\"4d311189\" data-element_type=\"widget\" data-widget_type=\"text-editor.default\">\n<div class=\"elementor-widget-container\">\n<table style=\"width: 649px; height: 558px;\" width=\"100%\">\n<tbody>\n<tr style=\"height: 19.6px;\">\n<td style=\"width: 49.7619%; height: 19.6px;\">\n<p style=\"text-align: left;\"><span style=\"color: #808080;\">Suunnittelija<br \/>\n<\/span>Peter Opsvik<\/p>\n<p style=\"text-align: left;\"><span style=\"color: #808080;\">Vuosi<br \/>\n<\/span>1984<\/p>\n<p style=\"text-align: left;\"><span style=\"color: #808080;\">Tuotettu<\/span><br \/>\nNorja<\/p>\n<p style=\"text-align: left;\"><span style=\"color: #808080;\">Todistukset<br \/>\n<\/span>AFRDI Vihre\u00e4 rasti<br \/>\nEU-ymp\u00e4rist\u00f6merkki<br \/>\nGreenguard Gold<br \/>\nEpro-palkinto<\/p>\n<\/td>\n<td style=\"width: 49.7619%; height: 19.6px;\"><span style=\"color: #808080;\">Kokonaismitat<br \/>\n<\/span>Koko -408-810 (korkeus) x 470 (leveys) x 340-420 mm (paksuus)<span style=\"color: #808080;\"><br \/>\n<\/span><span style=\"color: #808080;\">Maksimikapasiteetti<br \/>\n<\/span>131 kg<span style=\"color: #808080; font-family: inherit; font-size: inherit;\"><br \/>\nTuotteen paino<br \/>\n<\/span>13 kg<\/td>\n<\/tr>\n<\/tbody>\n<\/table>\n<\/div>\n<\/div>","protected":false},"excerpt":{"rendered":"<p>\u2713 Upouusi<br \/>\n\u2713 Satulan istuin: s\u00e4\u00e4dett\u00e4viss\u00e4 istumasta l\u00e4hes seisomakorkeudelle<br \/>\n\u2713 Suunnittelija Peter Opsvik (Norja, 1984)<br \/>\n\u2713 GREENGUARD Gold &amp; EU-ymp\u00e4rist\u00f6merkki sertifioitu<br \/>\n\u2713 Nopea toimitus<\/p>","protected":false},"featured_media":1241,"template":"","meta":{"_themeisle_gutenberg_block_has_review":false,"iawp_total_views":28},"product_brand":[43],"product_cat":[115,33,56,120,112,25],"product_tag":[97,96,76],"class_list":{"0":"post-1238","1":"product","2":"type-product","3":"status-publish","4":"has-post-thumbnail","6":"product_brand-hag","7":"product_cat-brands","8":"product_cat-ergonomic-office-chairs","9":"product_cat-hag","10":"product_cat-new","11":"product_cat-office-furniture","12":"product_cat-office-furniture-1","13":"product_tag-capisco","14":"product_tag-hag","15":"product_tag-new","16":"product_shipping_class-toolid","18":"first","19":"instock","20":"taxable","21":"shipping-taxable","22":"purchasable","23":"product-type-simple"},"yoast_head":"<!-- This site is optimized with the Yoast SEO plugin v27.6 - https:\/\/yoast.com\/product\/yoast-seo-wordpress\/ -->\n<title>HAG Capisco 8106 Ergonomic Chair (New) | \u20ac1,115 | KLAP<\/title>\n<meta name=\"description\" content=\"Buy the HAG Capisco 8106 saddle chair for \u20ac1,115. Brand new, designed by Peter Opsvik, adjustable from sitting to near-standing height. Ideal for dynamic working. Fast delivery across Europe.\" \/>\n<meta name=\"robots\" content=\"index, follow, max-snippet:-1, max-image-preview:large, max-video-preview:-1\" \/>\n<link rel=\"canonical\" href=\"https:\/\/klap.ee\/fi\/tuote\/hag-capisco-8106\/\" \/>\n<meta property=\"og:locale\" content=\"fi_FI\" \/>\n<meta property=\"og:type\" content=\"article\" \/>\n<meta property=\"og:title\" content=\"HAG Capisco 8106 Ergonomic Chair (New) | \u20ac1,115 | KLAP\" \/>\n<meta property=\"og:description\" content=\"Buy the HAG Capisco 8106 saddle chair for \u20ac1,115. Brand new, designed by Peter Opsvik, adjustable from sitting to near-standing height. Ideal for dynamic working. Fast delivery across Europe.\" \/>\n<meta property=\"og:url\" content=\"https:\/\/klap.ee\/fi\/tuote\/hag-capisco-8106\/\" \/>\n<meta property=\"og:site_name\" content=\"KLAP\" \/>\n<meta property=\"article:modified_time\" content=\"2026-05-04T11:33:04+00:00\" \/>\n<meta property=\"og:image\" content=\"https:\/\/klap.ee\/wp-content\/uploads\/2025\/04\/FLOKK-HAG-8106-NATUR-05429-Front.webp\" \/>\n\t<meta property=\"og:image:width\" content=\"1080\" \/>\n\t<meta property=\"og:image:height\" content=\"1350\" \/>\n\t<meta property=\"og:image:type\" content=\"image\/webp\" \/>\n<meta name=\"twitter:card\" content=\"summary_large_image\" \/>\n<meta name=\"twitter:label1\" content=\"Arvioitu lukuaika\" \/>\n\t<meta name=\"twitter:data1\" content=\"2 minuuttia\" \/>\n<script type=\"application\/ld+json\" class=\"yoast-schema-graph\">{\"@context\":\"https:\\\/\\\/schema.org\",\"@graph\":[{\"@type\":\"WebPage\",\"@id\":\"https:\\\/\\\/klap.ee\\\/product\\\/hag-capisco-8106\\\/\",\"url\":\"https:\\\/\\\/klap.ee\\\/product\\\/hag-capisco-8106\\\/\",\"name\":\"HAG Capisco 8106 Ergonomic Chair (New) | \u20ac1,115 | KLAP\",\"isPartOf\":{\"@id\":\"https:\\\/\\\/klap.ee\\\/#website\"},\"primaryImageOfPage\":{\"@id\":\"https:\\\/\\\/klap.ee\\\/product\\\/hag-capisco-8106\\\/#primaryimage\"},\"image\":{\"@id\":\"https:\\\/\\\/klap.ee\\\/product\\\/hag-capisco-8106\\\/#primaryimage\"},\"thumbnailUrl\":\"https:\\\/\\\/klap.ee\\\/wp-content\\\/uploads\\\/2025\\\/04\\\/FLOKK-HAG-8106-NATUR-05429-Front.webp\",\"datePublished\":\"2025-04-02T10:42:19+00:00\",\"dateModified\":\"2026-05-04T11:33:04+00:00\",\"description\":\"Buy the HAG Capisco 8106 saddle chair for \u20ac1,115. Brand new, designed by Peter Opsvik, adjustable from sitting to near-standing height. Ideal for dynamic working. Fast delivery across Europe.\",\"breadcrumb\":{\"@id\":\"https:\\\/\\\/klap.ee\\\/product\\\/hag-capisco-8106\\\/#breadcrumb\"},\"inLanguage\":\"fi\",\"potentialAction\":[{\"@type\":\"ReadAction\",\"target\":[\"https:\\\/\\\/klap.ee\\\/product\\\/hag-capisco-8106\\\/\"]}]},{\"@type\":\"ImageObject\",\"inLanguage\":\"fi\",\"@id\":\"https:\\\/\\\/klap.ee\\\/product\\\/hag-capisco-8106\\\/#primaryimage\",\"url\":\"https:\\\/\\\/klap.ee\\\/wp-content\\\/uploads\\\/2025\\\/04\\\/FLOKK-HAG-8106-NATUR-05429-Front.webp\",\"contentUrl\":\"https:\\\/\\\/klap.ee\\\/wp-content\\\/uploads\\\/2025\\\/04\\\/FLOKK-HAG-8106-NATUR-05429-Front.webp\",\"width\":1080,\"height\":1350},{\"@type\":\"BreadcrumbList\",\"@id\":\"https:\\\/\\\/klap.ee\\\/product\\\/hag-capisco-8106\\\/#breadcrumb\",\"itemListElement\":[{\"@type\":\"ListItem\",\"position\":1,\"name\":\"Home\",\"item\":\"https:\\\/\\\/klap.ee\\\/\"},{\"@type\":\"ListItem\",\"position\":2,\"name\":\"Products\",\"item\":\"https:\\\/\\\/klap.ee\\\/ergonomic-office-chairs\\\/\"},{\"@type\":\"ListItem\",\"position\":3,\"name\":\"H\u00c5G Capisco 8106\"}]},{\"@type\":\"WebSite\",\"@id\":\"https:\\\/\\\/klap.ee\\\/#website\",\"url\":\"https:\\\/\\\/klap.ee\\\/\",\"name\":\"KLAP\",\"description\":\"J\u00e4tkusuutliku disainm\u00f6\u00f6bli pood\",\"publisher\":{\"@id\":\"https:\\\/\\\/klap.ee\\\/#organization\"},\"potentialAction\":[{\"@type\":\"SearchAction\",\"target\":{\"@type\":\"EntryPoint\",\"urlTemplate\":\"https:\\\/\\\/klap.ee\\\/?s={search_term_string}\"},\"query-input\":{\"@type\":\"PropertyValueSpecification\",\"valueRequired\":true,\"valueName\":\"search_term_string\"}}],\"inLanguage\":\"fi\"},{\"@type\":\"Organization\",\"@id\":\"https:\\\/\\\/klap.ee\\\/#organization\",\"name\":\"KLAP\",\"url\":\"https:\\\/\\\/klap.ee\\\/\",\"logo\":{\"@type\":\"ImageObject\",\"inLanguage\":\"fi\",\"@id\":\"https:\\\/\\\/klap.ee\\\/#\\\/schema\\\/logo\\\/image\\\/\",\"url\":\"https:\\\/\\\/klap.ee\\\/wp-content\\\/uploads\\\/2025\\\/03\\\/klap_logo_transparent_410x158.png\",\"contentUrl\":\"https:\\\/\\\/klap.ee\\\/wp-content\\\/uploads\\\/2025\\\/03\\\/klap_logo_transparent_410x158.png\",\"width\":410,\"height\":158,\"caption\":\"KLAP\"},\"image\":{\"@id\":\"https:\\\/\\\/klap.ee\\\/#\\\/schema\\\/logo\\\/image\\\/\"}}]}<\/script>\n<!-- \/ Yoast SEO plugin. -->","yoast_head_json":{"title":"HAG Capisco 8106 Ergonomic Chair (New) | \u20ac1,115 | KLAP","description":"Buy the HAG Capisco 8106 saddle chair for \u20ac1,115. Brand new, designed by Peter Opsvik, adjustable from sitting to near-standing height. Ideal for dynamic working. Fast delivery across Europe.","robots":{"index":"index","follow":"follow","max-snippet":"max-snippet:-1","max-image-preview":"max-image-preview:large","max-video-preview":"max-video-preview:-1"},"canonical":"https:\/\/klap.ee\/fi\/tuote\/hag-capisco-8106\/","og_locale":"fi_FI","og_type":"article","og_title":"HAG Capisco 8106 Ergonomic Chair (New) | \u20ac1,115 | KLAP","og_description":"Buy the HAG Capisco 8106 saddle chair for \u20ac1,115. Brand new, designed by Peter Opsvik, adjustable from sitting to near-standing height. Ideal for dynamic working. Fast delivery across Europe.","og_url":"https:\/\/klap.ee\/fi\/tuote\/hag-capisco-8106\/","og_site_name":"KLAP","article_modified_time":"2026-05-04T11:33:04+00:00","og_image":[{"width":1080,"height":1350,"url":"https:\/\/klap.ee\/wp-content\/uploads\/2025\/04\/FLOKK-HAG-8106-NATUR-05429-Front.webp","type":"image\/webp"}],"twitter_card":"summary_large_image","twitter_misc":{"Arvioitu lukuaika":"2 minuuttia"},"schema":{"@context":"https:\/\/schema.org","@graph":[{"@type":"WebPage","@id":"https:\/\/klap.ee\/product\/hag-capisco-8106\/","url":"https:\/\/klap.ee\/product\/hag-capisco-8106\/","name":"HAG Capisco 8106 Ergonomic Chair (New) | \u20ac1,115 | KLAP","isPartOf":{"@id":"https:\/\/klap.ee\/#website"},"primaryImageOfPage":{"@id":"https:\/\/klap.ee\/product\/hag-capisco-8106\/#primaryimage"},"image":{"@id":"https:\/\/klap.ee\/product\/hag-capisco-8106\/#primaryimage"},"thumbnailUrl":"https:\/\/klap.ee\/wp-content\/uploads\/2025\/04\/FLOKK-HAG-8106-NATUR-05429-Front.webp","datePublished":"2025-04-02T10:42:19+00:00","dateModified":"2026-05-04T11:33:04+00:00","description":"Buy the HAG Capisco 8106 saddle chair for \u20ac1,115. Brand new, designed by Peter Opsvik, adjustable from sitting to near-standing height. Ideal for dynamic working. Fast delivery across Europe.","breadcrumb":{"@id":"https:\/\/klap.ee\/product\/hag-capisco-8106\/#breadcrumb"},"inLanguage":"fi","potentialAction":[{"@type":"ReadAction","target":["https:\/\/klap.ee\/product\/hag-capisco-8106\/"]}]},{"@type":"ImageObject","inLanguage":"fi","@id":"https:\/\/klap.ee\/product\/hag-capisco-8106\/#primaryimage","url":"https:\/\/klap.ee\/wp-content\/uploads\/2025\/04\/FLOKK-HAG-8106-NATUR-05429-Front.webp","contentUrl":"https:\/\/klap.ee\/wp-content\/uploads\/2025\/04\/FLOKK-HAG-8106-NATUR-05429-Front.webp","width":1080,"height":1350},{"@type":"BreadcrumbList","@id":"https:\/\/klap.ee\/product\/hag-capisco-8106\/#breadcrumb","itemListElement":[{"@type":"ListItem","position":1,"name":"Home","item":"https:\/\/klap.ee\/"},{"@type":"ListItem","position":2,"name":"Products","item":"https:\/\/klap.ee\/ergonomic-office-chairs\/"},{"@type":"ListItem","position":3,"name":"H\u00c5G Capisco 8106"}]},{"@type":"WebSite","@id":"https:\/\/klap.ee\/#website","url":"https:\/\/klap.ee\/","name":"KLAP","description":"J\u00e4tkusuutliku disainm\u00f6\u00f6bli pood","publisher":{"@id":"https:\/\/klap.ee\/#organization"},"potentialAction":[{"@type":"SearchAction","target":{"@type":"EntryPoint","urlTemplate":"https:\/\/klap.ee\/?s={search_term_string}"},"query-input":{"@type":"PropertyValueSpecification","valueRequired":true,"valueName":"search_term_string"}}],"inLanguage":"fi"},{"@type":"Organization","@id":"https:\/\/klap.ee\/#organization","name":"KLAP","url":"https:\/\/klap.ee\/","logo":{"@type":"ImageObject","inLanguage":"fi","@id":"https:\/\/klap.ee\/#\/schema\/logo\/image\/","url":"https:\/\/klap.ee\/wp-content\/uploads\/2025\/03\/klap_logo_transparent_410x158.png","contentUrl":"https:\/\/klap.ee\/wp-content\/uploads\/2025\/03\/klap_logo_transparent_410x158.png","width":410,"height":158,"caption":"KLAP"},"image":{"@id":"https:\/\/klap.ee\/#\/schema\/logo\/image\/"}}]}},"_links":{"self":[{"href":"https:\/\/klap.ee\/fi\/wp-json\/wp\/v2\/product\/1238","targetHints":{"allow":["GET"]}}],"collection":[{"href":"https:\/\/klap.ee\/fi\/wp-json\/wp\/v2\/product"}],"about":[{"href":"https:\/\/klap.ee\/fi\/wp-json\/wp\/v2\/types\/product"}],"wp:featuredmedia":[{"embeddable":true,"href":"https:\/\/klap.ee\/fi\/wp-json\/wp\/v2\/media\/1241"}],"wp:attachment":[{"href":"https:\/\/klap.ee\/fi\/wp-json\/wp\/v2\/media?parent=1238"}],"wp:term":[{"taxonomy":"product_brand","embeddable":true,"href":"https:\/\/klap.ee\/fi\/wp-json\/wp\/v2\/product_brand?post=1238"},{"taxonomy":"product_cat","embeddable":true,"href":"https:\/\/klap.ee\/fi\/wp-json\/wp\/v2\/product_cat?post=1238"},{"taxonomy":"product_tag","embeddable":true,"href":"https:\/\/klap.ee\/fi\/wp-json\/wp\/v2\/product_tag?post=1238"}],"curies":[{"name":"wp","href":"https:\/\/api.w.org\/{rel}","templated":true}]}}