{"id":1302,"date":"2025-04-02T11:31:05","date_gmt":"2025-04-02T11:31:05","guid":{"rendered":"https:\/\/klap-ee.vserver.zonevs.eu\/?post_type=product&#038;p=1302"},"modified":"2026-05-02T12:45:31","modified_gmt":"2026-05-02T12:45:31","slug":"andreu-world-tamara-table","status":"publish","type":"product","link":"https:\/\/klap.ee\/fi\/tuote\/andreu-world-tamara-table\/","title":{"rendered":"Andreu World Tamara p\u00f6yt\u00e4 (UUTUUS)"},"content":{"rendered":"<div class=\"product-info-main\">\n<div class=\"product attribute overview\">\n<div class=\"value\">\n<div class=\"top-container\">\n<h2><strong>Tuotteen kuvaus<\/strong><\/h2>\n<h3 class=\"title\">Huippuluokkaa. Hybridi. Hieno.<\/h3>\n<p class=\"description\">Tamara-p\u00f6yt\u00e4 on esimerkillinen p\u00f6yt\u00e4, joka on huolellisen valmistusprosessin tulos, jossa yksityiskohtia on ty\u00f6stetty persoonallisuutensa ja houkuttelevuutensa vuoksi huomattavan muotoilun saavuttamiseksi. Se mahdollistaa hybridik\u00e4yt\u00f6n uusissa julkisissa ja yksityisiss\u00e4 tiloissa. Vallankumouksellinen p\u00f6yd\u00e4n konsepti, joka perustuu ekologisesta vanerista valmistettujen litteiden kappaleiden rakentavaan yhteenliitt\u00e4miseen niin, ett\u00e4 muodostuu kolmiulotteinen rakenteellinen kokoonpano, jolla on suuri lujuus ja kiinteys.<\/p>\n<h2>Yleist\u00e4<\/h2>\n<p>N\u00e4m\u00e4 taulukot ovat uusia.<\/p>\n<h2>Tuotteen tekniset tiedot<\/h2>\n<\/div>\n<\/div>\n<\/div>\n<\/div>\n<div class=\"elementor-widget-container\"><\/div>\n<div>\n<table style=\"width: 649px; height: 558px;\" width=\"100%\">\n<tbody>\n<tr style=\"height: 19.6px;\">\n<td style=\"width: 49.7619%; height: 19.6px;\">\n<p style=\"text-align: left;\"><span style=\"color: #808080;\">Suunnittelija<br \/>\n<\/span>Philippe Starck<\/p>\n<p style=\"text-align: left;\"><span style=\"color: #808080;\">Suunnitteluvuosi<br \/>\n<\/span>2019<\/p>\n<p style=\"text-align: left;\"><span style=\"color: #808080;\">Tuotettu<\/span><br \/>\nEU<\/p>\n<p style=\"text-align: left;\"><span style=\"color: #808080;\">Todistukset<br \/>\n<\/span>KEST\u00c4VYYS<br \/>\nISO 14001<\/p>\n<\/td>\n<td style=\"width: 49.7619%; height: 19.6px;\"><span style=\"color: #808080;\">Kokonaismitat<br \/>\n<\/span>Koko - 720 (korkeus) x 750 (leveys) x 1500 mm (pituus)<span style=\"color: #808080;\"><br \/>\n<\/span><span style=\"color: #808080;\">Maksimikapasiteetti<br \/>\n<\/span><span style=\"color: #808080; font-family: inherit; font-size: inherit;\"><br \/>\nTuotteen paino<br \/>\n<\/span>30,7<\/p>\n<p>&nbsp;<\/td>\n<\/tr>\n<\/tbody>\n<\/table>\n<\/div>","protected":false},"excerpt":{"rendered":"<p>\u2713 Upouusi - Philippe Starckin suunnittelema (2019)<br \/>\n\u2713 Ekologinen vaneri - 3D-rakenne, joka lukittuu toisiinsa<br \/>\n\u2713 750 \u00d7 1500 mm - hybridi toimisto- ja julkisten tilojen k\u00e4ytt\u00f6\u00f6n.<br \/>\n\u2713 Tuotettu EU:ssa, ISO 14001 -sertifioitu.<br \/>\n\u2713 Nopea toimitus<\/p>","protected":false},"featured_media":1318,"template":"","meta":{"_themeisle_gutenberg_block_has_review":false,"iawp_total_views":2},"product_brand":[41],"product_cat":[32,115,112,25,36],"product_tag":[],"class_list":{"0":"post-1302","1":"product","2":"type-product","3":"status-publish","4":"has-post-thumbnail","6":"product_brand-andreuworld","7":"product_cat-andreu-world","8":"product_cat-brands","9":"product_cat-office-furniture","10":"product_cat-office-furniture-1","11":"product_cat-table","13":"first","14":"instock","15":"taxable","16":"shipping-taxable","17":"purchasable","18":"product-type-simple"},"yoast_head":"<!-- This site is optimized with the Yoast SEO plugin v27.6 - https:\/\/yoast.com\/product\/yoast-seo-wordpress\/ -->\n<title>Andreu World Tamara Table (New) | \u20ac2,951 | KLAP<\/title>\n<meta name=\"description\" content=\"Buy the Andreu World Tamara Table for \u20ac2,951. Brand new, designed by Philippe Starck, ecological plywood construction, 750\u00d71500mm. Hybrid use for office and public spaces. Fast delivery.\" \/>\n<meta name=\"robots\" content=\"index, follow, max-snippet:-1, max-image-preview:large, max-video-preview:-1\" \/>\n<link rel=\"canonical\" href=\"https:\/\/klap.ee\/fi\/tuote\/andreu-world-tamara-table\/\" \/>\n<meta property=\"og:locale\" content=\"fi_FI\" \/>\n<meta property=\"og:type\" content=\"article\" \/>\n<meta property=\"og:title\" content=\"Andreu World Tamara Table (New) | \u20ac2,951 | KLAP\" \/>\n<meta property=\"og:description\" content=\"Buy the Andreu World Tamara Table for \u20ac2,951. Brand new, designed by Philippe Starck, ecological plywood construction, 750\u00d71500mm. Hybrid use for office and public spaces. Fast delivery.\" \/>\n<meta property=\"og:url\" content=\"https:\/\/klap.ee\/fi\/tuote\/andreu-world-tamara-table\/\" \/>\n<meta property=\"og:site_name\" content=\"KLAP\" \/>\n<meta property=\"article:modified_time\" content=\"2026-05-02T12:45:31+00:00\" \/>\n<meta property=\"og:image\" content=\"http:\/\/klap.ee\/wp-content\/uploads\/2025\/04\/tamara-table-andreu-world-2-scaled.jpg\" \/>\n\t<meta property=\"og:image:width\" content=\"2560\" \/>\n\t<meta property=\"og:image:height\" content=\"2560\" \/>\n\t<meta property=\"og:image:type\" content=\"image\/jpeg\" \/>\n<meta name=\"twitter:card\" content=\"summary_large_image\" \/>\n<meta name=\"twitter:label1\" content=\"Arvioitu lukuaika\" \/>\n\t<meta name=\"twitter:data1\" content=\"1 minuutti\" \/>\n<script type=\"application\/ld+json\" class=\"yoast-schema-graph\">{\"@context\":\"https:\\\/\\\/schema.org\",\"@graph\":[{\"@type\":\"WebPage\",\"@id\":\"https:\\\/\\\/klap.ee\\\/product\\\/andreu-world-tamara-table\\\/\",\"url\":\"https:\\\/\\\/klap.ee\\\/product\\\/andreu-world-tamara-table\\\/\",\"name\":\"Andreu World Tamara Table (New) | \u20ac2,951 | KLAP\",\"isPartOf\":{\"@id\":\"https:\\\/\\\/klap.ee\\\/#website\"},\"primaryImageOfPage\":{\"@id\":\"https:\\\/\\\/klap.ee\\\/product\\\/andreu-world-tamara-table\\\/#primaryimage\"},\"image\":{\"@id\":\"https:\\\/\\\/klap.ee\\\/product\\\/andreu-world-tamara-table\\\/#primaryimage\"},\"thumbnailUrl\":\"https:\\\/\\\/klap.ee\\\/wp-content\\\/uploads\\\/2025\\\/04\\\/tamara-table-andreu-world-2-scaled.jpg\",\"datePublished\":\"2025-04-02T11:31:05+00:00\",\"dateModified\":\"2026-05-02T12:45:31+00:00\",\"description\":\"Buy the Andreu World Tamara Table for \u20ac2,951. Brand new, designed by Philippe Starck, ecological plywood construction, 750\u00d71500mm. Hybrid use for office and public spaces. Fast delivery.\",\"breadcrumb\":{\"@id\":\"https:\\\/\\\/klap.ee\\\/product\\\/andreu-world-tamara-table\\\/#breadcrumb\"},\"inLanguage\":\"fi\",\"potentialAction\":[{\"@type\":\"ReadAction\",\"target\":[\"https:\\\/\\\/klap.ee\\\/product\\\/andreu-world-tamara-table\\\/\"]}]},{\"@type\":\"ImageObject\",\"inLanguage\":\"fi\",\"@id\":\"https:\\\/\\\/klap.ee\\\/product\\\/andreu-world-tamara-table\\\/#primaryimage\",\"url\":\"https:\\\/\\\/klap.ee\\\/wp-content\\\/uploads\\\/2025\\\/04\\\/tamara-table-andreu-world-2-scaled.jpg\",\"contentUrl\":\"https:\\\/\\\/klap.ee\\\/wp-content\\\/uploads\\\/2025\\\/04\\\/tamara-table-andreu-world-2-scaled.jpg\",\"width\":2560,\"height\":2560},{\"@type\":\"BreadcrumbList\",\"@id\":\"https:\\\/\\\/klap.ee\\\/product\\\/andreu-world-tamara-table\\\/#breadcrumb\",\"itemListElement\":[{\"@type\":\"ListItem\",\"position\":1,\"name\":\"Home\",\"item\":\"https:\\\/\\\/klap.ee\\\/\"},{\"@type\":\"ListItem\",\"position\":2,\"name\":\"Products\",\"item\":\"https:\\\/\\\/klap.ee\\\/ergonomic-office-chairs\\\/\"},{\"@type\":\"ListItem\",\"position\":3,\"name\":\"Andreu World Tamara Table (NEW)\"}]},{\"@type\":\"WebSite\",\"@id\":\"https:\\\/\\\/klap.ee\\\/#website\",\"url\":\"https:\\\/\\\/klap.ee\\\/\",\"name\":\"KLAP\",\"description\":\"J\u00e4tkusuutliku disainm\u00f6\u00f6bli pood\",\"publisher\":{\"@id\":\"https:\\\/\\\/klap.ee\\\/#organization\"},\"potentialAction\":[{\"@type\":\"SearchAction\",\"target\":{\"@type\":\"EntryPoint\",\"urlTemplate\":\"https:\\\/\\\/klap.ee\\\/?s={search_term_string}\"},\"query-input\":{\"@type\":\"PropertyValueSpecification\",\"valueRequired\":true,\"valueName\":\"search_term_string\"}}],\"inLanguage\":\"fi\"},{\"@type\":\"Organization\",\"@id\":\"https:\\\/\\\/klap.ee\\\/#organization\",\"name\":\"KLAP\",\"url\":\"https:\\\/\\\/klap.ee\\\/\",\"logo\":{\"@type\":\"ImageObject\",\"inLanguage\":\"fi\",\"@id\":\"https:\\\/\\\/klap.ee\\\/#\\\/schema\\\/logo\\\/image\\\/\",\"url\":\"https:\\\/\\\/klap.ee\\\/wp-content\\\/uploads\\\/2025\\\/03\\\/klap_logo_transparent_410x158.png\",\"contentUrl\":\"https:\\\/\\\/klap.ee\\\/wp-content\\\/uploads\\\/2025\\\/03\\\/klap_logo_transparent_410x158.png\",\"width\":410,\"height\":158,\"caption\":\"KLAP\"},\"image\":{\"@id\":\"https:\\\/\\\/klap.ee\\\/#\\\/schema\\\/logo\\\/image\\\/\"}}]}<\/script>\n<!-- \/ Yoast SEO plugin. -->","yoast_head_json":{"title":"Andreu World Tamara Table (New) | \u20ac2,951 | KLAP","description":"Buy the Andreu World Tamara Table for \u20ac2,951. Brand new, designed by Philippe Starck, ecological plywood construction, 750\u00d71500mm. Hybrid use for office and public spaces. Fast delivery.","robots":{"index":"index","follow":"follow","max-snippet":"max-snippet:-1","max-image-preview":"max-image-preview:large","max-video-preview":"max-video-preview:-1"},"canonical":"https:\/\/klap.ee\/fi\/tuote\/andreu-world-tamara-table\/","og_locale":"fi_FI","og_type":"article","og_title":"Andreu World Tamara Table (New) | \u20ac2,951 | KLAP","og_description":"Buy the Andreu World Tamara Table for \u20ac2,951. Brand new, designed by Philippe Starck, ecological plywood construction, 750\u00d71500mm. Hybrid use for office and public spaces. Fast delivery.","og_url":"https:\/\/klap.ee\/fi\/tuote\/andreu-world-tamara-table\/","og_site_name":"KLAP","article_modified_time":"2026-05-02T12:45:31+00:00","og_image":[{"width":2560,"height":2560,"url":"http:\/\/klap.ee\/wp-content\/uploads\/2025\/04\/tamara-table-andreu-world-2-scaled.jpg","type":"image\/jpeg"}],"twitter_card":"summary_large_image","twitter_misc":{"Arvioitu lukuaika":"1 minuutti"},"schema":{"@context":"https:\/\/schema.org","@graph":[{"@type":"WebPage","@id":"https:\/\/klap.ee\/product\/andreu-world-tamara-table\/","url":"https:\/\/klap.ee\/product\/andreu-world-tamara-table\/","name":"Andreu World Tamara Table (New) | \u20ac2,951 | KLAP","isPartOf":{"@id":"https:\/\/klap.ee\/#website"},"primaryImageOfPage":{"@id":"https:\/\/klap.ee\/product\/andreu-world-tamara-table\/#primaryimage"},"image":{"@id":"https:\/\/klap.ee\/product\/andreu-world-tamara-table\/#primaryimage"},"thumbnailUrl":"https:\/\/klap.ee\/wp-content\/uploads\/2025\/04\/tamara-table-andreu-world-2-scaled.jpg","datePublished":"2025-04-02T11:31:05+00:00","dateModified":"2026-05-02T12:45:31+00:00","description":"Buy the Andreu World Tamara Table for \u20ac2,951. Brand new, designed by Philippe Starck, ecological plywood construction, 750\u00d71500mm. Hybrid use for office and public spaces. Fast delivery.","breadcrumb":{"@id":"https:\/\/klap.ee\/product\/andreu-world-tamara-table\/#breadcrumb"},"inLanguage":"fi","potentialAction":[{"@type":"ReadAction","target":["https:\/\/klap.ee\/product\/andreu-world-tamara-table\/"]}]},{"@type":"ImageObject","inLanguage":"fi","@id":"https:\/\/klap.ee\/product\/andreu-world-tamara-table\/#primaryimage","url":"https:\/\/klap.ee\/wp-content\/uploads\/2025\/04\/tamara-table-andreu-world-2-scaled.jpg","contentUrl":"https:\/\/klap.ee\/wp-content\/uploads\/2025\/04\/tamara-table-andreu-world-2-scaled.jpg","width":2560,"height":2560},{"@type":"BreadcrumbList","@id":"https:\/\/klap.ee\/product\/andreu-world-tamara-table\/#breadcrumb","itemListElement":[{"@type":"ListItem","position":1,"name":"Home","item":"https:\/\/klap.ee\/"},{"@type":"ListItem","position":2,"name":"Products","item":"https:\/\/klap.ee\/ergonomic-office-chairs\/"},{"@type":"ListItem","position":3,"name":"Andreu World Tamara Table (NEW)"}]},{"@type":"WebSite","@id":"https:\/\/klap.ee\/#website","url":"https:\/\/klap.ee\/","name":"KLAP","description":"J\u00e4tkusuutliku disainm\u00f6\u00f6bli pood","publisher":{"@id":"https:\/\/klap.ee\/#organization"},"potentialAction":[{"@type":"SearchAction","target":{"@type":"EntryPoint","urlTemplate":"https:\/\/klap.ee\/?s={search_term_string}"},"query-input":{"@type":"PropertyValueSpecification","valueRequired":true,"valueName":"search_term_string"}}],"inLanguage":"fi"},{"@type":"Organization","@id":"https:\/\/klap.ee\/#organization","name":"KLAP","url":"https:\/\/klap.ee\/","logo":{"@type":"ImageObject","inLanguage":"fi","@id":"https:\/\/klap.ee\/#\/schema\/logo\/image\/","url":"https:\/\/klap.ee\/wp-content\/uploads\/2025\/03\/klap_logo_transparent_410x158.png","contentUrl":"https:\/\/klap.ee\/wp-content\/uploads\/2025\/03\/klap_logo_transparent_410x158.png","width":410,"height":158,"caption":"KLAP"},"image":{"@id":"https:\/\/klap.ee\/#\/schema\/logo\/image\/"}}]}},"_links":{"self":[{"href":"https:\/\/klap.ee\/fi\/wp-json\/wp\/v2\/product\/1302","targetHints":{"allow":["GET"]}}],"collection":[{"href":"https:\/\/klap.ee\/fi\/wp-json\/wp\/v2\/product"}],"about":[{"href":"https:\/\/klap.ee\/fi\/wp-json\/wp\/v2\/types\/product"}],"wp:featuredmedia":[{"embeddable":true,"href":"https:\/\/klap.ee\/fi\/wp-json\/wp\/v2\/media\/1318"}],"wp:attachment":[{"href":"https:\/\/klap.ee\/fi\/wp-json\/wp\/v2\/media?parent=1302"}],"wp:term":[{"taxonomy":"product_brand","embeddable":true,"href":"https:\/\/klap.ee\/fi\/wp-json\/wp\/v2\/product_brand?post=1302"},{"taxonomy":"product_cat","embeddable":true,"href":"https:\/\/klap.ee\/fi\/wp-json\/wp\/v2\/product_cat?post=1302"},{"taxonomy":"product_tag","embeddable":true,"href":"https:\/\/klap.ee\/fi\/wp-json\/wp\/v2\/product_tag?post=1302"}],"curies":[{"name":"wp","href":"https:\/\/api.w.org\/{rel}","templated":true}]}}