{"id":1922,"date":"2025-05-19T10:35:42","date_gmt":"2025-05-19T10:35:42","guid":{"rendered":"https:\/\/klap.ee\/?post_type=product&#038;p=1922"},"modified":"2026-05-02T12:45:31","modified_gmt":"2026-05-02T12:45:31","slug":"steelcase-leap-v2-bordeaux-display-model","status":"publish","type":"product","link":"https:\/\/klap.ee\/fi\/tuote\/steelcase-leap-v2-bordeaux-display-model\/","title":{"rendered":"Steelcase Leap V2 Bordeaux (N\u00e4yt\u00f6n malli)"},"content":{"rendered":"<h2><strong>Tuotteen kuvaus<\/strong><\/h2>\n<p class=\"\">The <strong>Steelcase Leap V2<\/strong> on ergonominen toimistotuoli, joka on suunniteltu istumaan tarkasti ja yksil\u00f6llisesti juuri sinne, miss\u00e4 sit\u00e4 eniten tarvitset. T\u00e4m\u00e4 eritt\u00e4in intuitiivinen tuoli liikkuu saumattomasti kanssasi - sen istuin liukuu vaivattomasti, kun asetut taaksep\u00e4in, mik\u00e4 takaa jatkuvan mukavuuden ja antaa sinun keskitty\u00e4 t\u00e4ysin ty\u00f6h\u00f6si.<\/p>\n<p class=\"\">Astu maailmaan <strong>ergonominen mukavuus ja moitteeton toimivuus<\/strong> Steelcase Leap V2 -toimistotuolin kanssa. Tarkasti ja asiantuntevasti valmistettu tuoli on t\u00e4ydellinen tasapaino tyylin ja tuen v\u00e4lill\u00e4, joten se on ihanteellinen valinta nykyp\u00e4iv\u00e4n moderniin ty\u00f6ymp\u00e4rist\u00f6\u00f6n.<\/p>\n<p class=\"\">Sen <strong>dynaaminen LiveBack\u00ae-teknologia<\/strong>, Leap V2 mukautuu luonnollisesti kehosi liikkeisiin ja asentoon ja tarjoaa jatkuvaa tukea ja optimaalista istuinmukavuutta koko p\u00e4iv\u00e4n ajan. <strong>4D-s\u00e4\u00e4dett\u00e4v\u00e4t k\u00e4sinojat, mukautettava lannerangan tuki ja kaasunostimen korkeuss\u00e4\u00e4t\u00f6.<\/strong> avulla voit hienos\u00e4\u00e4t\u00e4\u00e4 tuolin juuri sinun tarpeisiisi ja luoda t\u00e4ysin yksil\u00f6llisen istumiskokemuksen.<\/p>\n<p class=\"\">Mutta Leap V2 ei ole vain mukavuutta - se on rakennettu kest\u00e4m\u00e4\u00e4n. Se on valmistettu <strong>kest\u00e4v\u00e4t materiaalit<\/strong> ja suunniteltu pitk\u00e4aikaiseen luotettavuuteen, t\u00e4m\u00e4 tuoli takaa kest\u00e4v\u00e4n suorituskyvyn niin kotitoimistossa kuin ammatillisessa ty\u00f6tilassa.<\/p>\n<p class=\"\">Tutustu <strong>mukavuuden, tyylin ja toiminnallisuuden \u00e4\u00e4rimm\u00e4inen yhdistelm\u00e4<\/strong> Steelcase Leap V2 -toimistotuolilla ja tee jokaisesta ty\u00f6p\u00e4iv\u00e4st\u00e4 inspiroiva ja tuottava kokemus.<\/p>\n<p><strong>Steelcase Leap V2:n edut (n\u00e4ytt\u00f6malli):<\/strong><\/p>\n<ul>\n<li>LiveBack\u2122-teknologia: Tarjoaa dynaamisen ja luonnollisen selk\u00e4tuen, joka vastaa jokaista liikett\u00e4.<\/li>\n<li>4D k\u00e4sinojat: T\u00e4ysin s\u00e4\u00e4dett\u00e4v\u00e4t k\u00e4sinojat optimaalisen mukavuuden takaamiseksi eri ty\u00f6asennoissa.<\/li>\n<li>S\u00e4\u00e4dett\u00e4v\u00e4 lannerangan tuki ja kallistus eteenp\u00e4in: Tarjoaa lis\u00e4tukea aktiiviseen ty\u00f6asentoon.<\/li>\n<li>Synkronoitu mekanismi ja painon s\u00e4\u00e4t\u00f6: Tuolin automaattinen s\u00e4\u00e4t\u00f6 kehon painon ja liikkeen mukaan takaa tasaisen istumakokemuksen.<\/li>\n<li>Pneumaattinen korkeuss\u00e4\u00e4t\u00f6: Pneumaattinen istuinkorkeus: S\u00e4\u00e4d\u00e4 tuoli helposti ihanteelliselle istumakorkeudelle.<\/li>\n<li>Laadukas istuintyyny ja hengitt\u00e4v\u00e4 verhoilu: Lis\u00e4\u00e4 mukavuutta ja est\u00e4\u00e4 ylikuumenemisen pitk\u00e4aikaisen istumisen aikana.<\/li>\n<li>Kest\u00e4v\u00e4 rakenne: Steelcase Leap V2 on suunniteltu pitk\u00e4aikaiseen k\u00e4ytt\u00f6\u00f6n, ja sen korkealaatuiset materiaalit kest\u00e4v\u00e4t vuosia.<\/li>\n<\/ul>\n<h2>Yleist\u00e4<\/h2>\n<p class=\"\">N\u00e4m\u00e4 toimistotuolit on kunnostettu. Meille \u2018kunnostettu\u2019 tarkoittaa, ett\u00e4 tuolit on tarkistettu huolellisesti, mahdollisesti verhoiltu uudelleen, varustettu uusilla virallisilla osilla, puhdistettu ja tarvittaessa maalattu uudelleen. Pyrimme saamaan tuolien kunnon j\u00e4lleen uuden veroiseksi.<\/p>\n<ul>\n<li><strong>N\u00e4yt\u00f6n malli - Kunto: A<\/strong><\/li>\n<li>Koko: Universal<\/li>\n<li>Upholstery Color: Bordeaux<\/li>\n<li>Rungon v\u00e4ri: Musta<\/li>\n<li>Takuu: 5 vuotta<\/li>\n<li>S\u00e4\u00e4dett\u00e4v\u00e4 istuimen korkeus ja syvyys<\/li>\n<li>LiveBack\u2122-teknologia<\/li>\n<li>Synchronous mechanism and weight control<\/li>\n<li>Tilt Lock<\/li>\n<li>Korkealaatuinen istuintyyny ja hengitt\u00e4v\u00e4 verhoilu<\/li>\n<li>S\u00e4\u00e4dett\u00e4v\u00e4 kallistus eteenp\u00e4in<\/li>\n<li>Istuimen korkeuden s\u00e4\u00e4t\u00f6<\/li>\n<li>4D S\u00e4\u00e4dett\u00e4v\u00e4t k\u00e4sinojat<\/li>\n<li><b>T\u00e4ysi vaihtoehto<\/b><\/li>\n<\/ul>\n<h2>Tuotteen tekniset tiedot<\/h2>\n<p>&nbsp;<\/p>\n<table style=\"width: 649px; height: 558px;\" width=\"100%\">\n<tbody>\n<tr style=\"height: 19.6px;\">\n<td style=\"width: 49.7619%; height: 19.6px;\">\n<p style=\"text-align: left;\"><span style=\"color: #808080;\">Suunnittelija<br \/>\n<\/span>Marcel Breuer<\/p>\n<p style=\"text-align: left;\"><span style=\"color: #808080;\">Suunnitteluvuosi<br \/>\n<\/span>2006<\/p>\n<p style=\"text-align: left;\"><span style=\"color: #808080;\">Tuotettu<\/span><br \/>\nYHDYSVALLAT<\/p>\n<p style=\"text-align: left;\"><span style=\"color: #808080;\">Todistukset<br \/>\n<\/span>level\u00ae<br \/>\nGREENGUARD<br \/>\nCradle to Cradle<\/p>\n<\/td>\n<td style=\"width: 49.7619%; height: 19.6px;\">&nbsp;<\/p>\n<p>&nbsp;<\/p>\n<p>&nbsp;<\/p>\n<p><span style=\"color: #808080;\">Kokonaismitat<br \/>\n<\/span>Koko - 1000 (korkeus) x 860 (leveys) x 620 mm (syvyys)<\/p>\n<p><span style=\"color: #808080;\">Maksimikapasiteetti<br \/>\n<\/span>Koko - 150 kg<\/p>\n<p><span style=\"color: #808080;\">Tuotteen paino<br \/>\n<\/span>Koko - 20 kg<\/p>\n<p>&nbsp;<\/td>\n<\/tr>\n<\/tbody>\n<\/table>\n<p>&nbsp;<\/p>","protected":false},"excerpt":{"rendered":"<p>\u2713 N\u00e4yt\u00f6n malli - Kunto A (kuin uusi)<br \/>\n\u2713 Bordeaux upholstery \u2013 unique colour, limited stock<br \/>\n\u2713 LiveBack-teknologia &amp; 4D-k\u00e4sinojat - t\u00e4ysi lis\u00e4varuste<br \/>\n\u2713 5 vuoden takuu<br \/>\n\u2713 Nopea toimitus<\/p>","protected":false},"featured_media":4114,"template":"","meta":{"_themeisle_gutenberg_block_has_review":false,"iawp_total_views":4},"product_brand":[54],"product_cat":[115,33,112,25,37],"product_tag":[57,58,81,30,88],"class_list":{"0":"post-1922","1":"product","2":"type-product","3":"status-publish","4":"has-post-thumbnail","6":"product_brand-steelcase","7":"product_cat-brands","8":"product_cat-ergonomic-office-chairs","9":"product_cat-office-furniture","10":"product_cat-office-furniture-1","11":"product_cat-steelcase","12":"product_tag-display-model","13":"product_tag-eco-friendly-choice","14":"product_tag-leap-v2","15":"product_tag-refurbished","16":"product_tag-steelcase","17":"product_shipping_class-toolid","19":"first","20":"instock","21":"taxable","22":"shipping-taxable","23":"purchasable","24":"product-type-simple"},"yoast_head":"<!-- This site is optimized with the Yoast SEO plugin v27.6 - https:\/\/yoast.com\/product\/yoast-seo-wordpress\/ -->\n<title>Steelcase Leap V2 Bordeaux Display Model | \u20ac898 | KLAP<\/title>\n<meta name=\"description\" content=\"Buy the Steelcase Leap V2 in Bordeaux as a display model for \u20ac898. Condition A, LiveBack technology, 4D armrests, full option, 5-year warranty. Unique colour. Fast delivery.\" \/>\n<meta name=\"robots\" content=\"index, follow, max-snippet:-1, max-image-preview:large, max-video-preview:-1\" \/>\n<link rel=\"canonical\" href=\"https:\/\/klap.ee\/fi\/tuote\/steelcase-leap-v2-bordeaux-display-model\/\" \/>\n<meta property=\"og:locale\" content=\"fi_FI\" \/>\n<meta property=\"og:type\" content=\"article\" \/>\n<meta property=\"og:title\" content=\"Steelcase Leap V2 Bordeaux Display Model | \u20ac898 | KLAP\" \/>\n<meta property=\"og:description\" content=\"Buy the Steelcase Leap V2 in Bordeaux as a display model for \u20ac898. Condition A, LiveBack technology, 4D armrests, full option, 5-year warranty. Unique colour. Fast delivery.\" \/>\n<meta property=\"og:url\" content=\"https:\/\/klap.ee\/fi\/tuote\/steelcase-leap-v2-bordeaux-display-model\/\" \/>\n<meta property=\"og:site_name\" content=\"KLAP\" \/>\n<meta property=\"article:modified_time\" content=\"2026-05-02T12:45:31+00:00\" \/>\n<meta property=\"og:image\" content=\"http:\/\/klap.ee\/wp-content\/uploads\/2025\/05\/Untitled-1600-x-1600-px-1-9.png\" \/>\n\t<meta property=\"og:image:width\" content=\"1600\" \/>\n\t<meta property=\"og:image:height\" content=\"1600\" \/>\n\t<meta property=\"og:image:type\" content=\"image\/png\" \/>\n<meta name=\"twitter:card\" content=\"summary_large_image\" \/>\n<meta name=\"twitter:label1\" content=\"Arvioitu lukuaika\" \/>\n\t<meta name=\"twitter:data1\" content=\"3 minuuttia\" \/>\n<script type=\"application\/ld+json\" class=\"yoast-schema-graph\">{\"@context\":\"https:\\\/\\\/schema.org\",\"@graph\":[{\"@type\":\"WebPage\",\"@id\":\"https:\\\/\\\/klap.ee\\\/product\\\/steelcase-leap-v2-bordeaux-display-model\\\/\",\"url\":\"https:\\\/\\\/klap.ee\\\/product\\\/steelcase-leap-v2-bordeaux-display-model\\\/\",\"name\":\"Steelcase Leap V2 Bordeaux Display Model | \u20ac898 | KLAP\",\"isPartOf\":{\"@id\":\"https:\\\/\\\/klap.ee\\\/#website\"},\"primaryImageOfPage\":{\"@id\":\"https:\\\/\\\/klap.ee\\\/product\\\/steelcase-leap-v2-bordeaux-display-model\\\/#primaryimage\"},\"image\":{\"@id\":\"https:\\\/\\\/klap.ee\\\/product\\\/steelcase-leap-v2-bordeaux-display-model\\\/#primaryimage\"},\"thumbnailUrl\":\"https:\\\/\\\/klap.ee\\\/wp-content\\\/uploads\\\/2025\\\/05\\\/Untitled-1600-x-1600-px-1-9.png\",\"datePublished\":\"2025-05-19T10:35:42+00:00\",\"dateModified\":\"2026-05-02T12:45:31+00:00\",\"description\":\"Buy the Steelcase Leap V2 in Bordeaux as a display model for \u20ac898. Condition A, LiveBack technology, 4D armrests, full option, 5-year warranty. Unique colour. Fast delivery.\",\"breadcrumb\":{\"@id\":\"https:\\\/\\\/klap.ee\\\/product\\\/steelcase-leap-v2-bordeaux-display-model\\\/#breadcrumb\"},\"inLanguage\":\"fi\",\"potentialAction\":[{\"@type\":\"ReadAction\",\"target\":[\"https:\\\/\\\/klap.ee\\\/product\\\/steelcase-leap-v2-bordeaux-display-model\\\/\"]}]},{\"@type\":\"ImageObject\",\"inLanguage\":\"fi\",\"@id\":\"https:\\\/\\\/klap.ee\\\/product\\\/steelcase-leap-v2-bordeaux-display-model\\\/#primaryimage\",\"url\":\"https:\\\/\\\/klap.ee\\\/wp-content\\\/uploads\\\/2025\\\/05\\\/Untitled-1600-x-1600-px-1-9.png\",\"contentUrl\":\"https:\\\/\\\/klap.ee\\\/wp-content\\\/uploads\\\/2025\\\/05\\\/Untitled-1600-x-1600-px-1-9.png\",\"width\":1600,\"height\":1600},{\"@type\":\"BreadcrumbList\",\"@id\":\"https:\\\/\\\/klap.ee\\\/product\\\/steelcase-leap-v2-bordeaux-display-model\\\/#breadcrumb\",\"itemListElement\":[{\"@type\":\"ListItem\",\"position\":1,\"name\":\"Home\",\"item\":\"https:\\\/\\\/klap.ee\\\/\"},{\"@type\":\"ListItem\",\"position\":2,\"name\":\"Products\",\"item\":\"https:\\\/\\\/klap.ee\\\/ergonomic-office-chairs\\\/\"},{\"@type\":\"ListItem\",\"position\":3,\"name\":\"Steelcase Leap V2 Bordeaux (Display Model)\"}]},{\"@type\":\"WebSite\",\"@id\":\"https:\\\/\\\/klap.ee\\\/#website\",\"url\":\"https:\\\/\\\/klap.ee\\\/\",\"name\":\"KLAP\",\"description\":\"J\u00e4tkusuutliku disainm\u00f6\u00f6bli pood\",\"publisher\":{\"@id\":\"https:\\\/\\\/klap.ee\\\/#organization\"},\"potentialAction\":[{\"@type\":\"SearchAction\",\"target\":{\"@type\":\"EntryPoint\",\"urlTemplate\":\"https:\\\/\\\/klap.ee\\\/?s={search_term_string}\"},\"query-input\":{\"@type\":\"PropertyValueSpecification\",\"valueRequired\":true,\"valueName\":\"search_term_string\"}}],\"inLanguage\":\"fi\"},{\"@type\":\"Organization\",\"@id\":\"https:\\\/\\\/klap.ee\\\/#organization\",\"name\":\"KLAP\",\"url\":\"https:\\\/\\\/klap.ee\\\/\",\"logo\":{\"@type\":\"ImageObject\",\"inLanguage\":\"fi\",\"@id\":\"https:\\\/\\\/klap.ee\\\/#\\\/schema\\\/logo\\\/image\\\/\",\"url\":\"https:\\\/\\\/klap.ee\\\/wp-content\\\/uploads\\\/2025\\\/03\\\/klap_logo_transparent_410x158.png\",\"contentUrl\":\"https:\\\/\\\/klap.ee\\\/wp-content\\\/uploads\\\/2025\\\/03\\\/klap_logo_transparent_410x158.png\",\"width\":410,\"height\":158,\"caption\":\"KLAP\"},\"image\":{\"@id\":\"https:\\\/\\\/klap.ee\\\/#\\\/schema\\\/logo\\\/image\\\/\"}}]}<\/script>\n<!-- \/ Yoast SEO plugin. -->","yoast_head_json":{"title":"Steelcase Leap V2 Bordeaux Display Model | \u20ac898 | KLAP","description":"Buy the Steelcase Leap V2 in Bordeaux as a display model for \u20ac898. Condition A, LiveBack technology, 4D armrests, full option, 5-year warranty. Unique colour. Fast delivery.","robots":{"index":"index","follow":"follow","max-snippet":"max-snippet:-1","max-image-preview":"max-image-preview:large","max-video-preview":"max-video-preview:-1"},"canonical":"https:\/\/klap.ee\/fi\/tuote\/steelcase-leap-v2-bordeaux-display-model\/","og_locale":"fi_FI","og_type":"article","og_title":"Steelcase Leap V2 Bordeaux Display Model | \u20ac898 | KLAP","og_description":"Buy the Steelcase Leap V2 in Bordeaux as a display model for \u20ac898. Condition A, LiveBack technology, 4D armrests, full option, 5-year warranty. Unique colour. Fast delivery.","og_url":"https:\/\/klap.ee\/fi\/tuote\/steelcase-leap-v2-bordeaux-display-model\/","og_site_name":"KLAP","article_modified_time":"2026-05-02T12:45:31+00:00","og_image":[{"width":1600,"height":1600,"url":"http:\/\/klap.ee\/wp-content\/uploads\/2025\/05\/Untitled-1600-x-1600-px-1-9.png","type":"image\/png"}],"twitter_card":"summary_large_image","twitter_misc":{"Arvioitu lukuaika":"3 minuuttia"},"schema":{"@context":"https:\/\/schema.org","@graph":[{"@type":"WebPage","@id":"https:\/\/klap.ee\/product\/steelcase-leap-v2-bordeaux-display-model\/","url":"https:\/\/klap.ee\/product\/steelcase-leap-v2-bordeaux-display-model\/","name":"Steelcase Leap V2 Bordeaux Display Model | \u20ac898 | KLAP","isPartOf":{"@id":"https:\/\/klap.ee\/#website"},"primaryImageOfPage":{"@id":"https:\/\/klap.ee\/product\/steelcase-leap-v2-bordeaux-display-model\/#primaryimage"},"image":{"@id":"https:\/\/klap.ee\/product\/steelcase-leap-v2-bordeaux-display-model\/#primaryimage"},"thumbnailUrl":"https:\/\/klap.ee\/wp-content\/uploads\/2025\/05\/Untitled-1600-x-1600-px-1-9.png","datePublished":"2025-05-19T10:35:42+00:00","dateModified":"2026-05-02T12:45:31+00:00","description":"Buy the Steelcase Leap V2 in Bordeaux as a display model for \u20ac898. Condition A, LiveBack technology, 4D armrests, full option, 5-year warranty. Unique colour. Fast delivery.","breadcrumb":{"@id":"https:\/\/klap.ee\/product\/steelcase-leap-v2-bordeaux-display-model\/#breadcrumb"},"inLanguage":"fi","potentialAction":[{"@type":"ReadAction","target":["https:\/\/klap.ee\/product\/steelcase-leap-v2-bordeaux-display-model\/"]}]},{"@type":"ImageObject","inLanguage":"fi","@id":"https:\/\/klap.ee\/product\/steelcase-leap-v2-bordeaux-display-model\/#primaryimage","url":"https:\/\/klap.ee\/wp-content\/uploads\/2025\/05\/Untitled-1600-x-1600-px-1-9.png","contentUrl":"https:\/\/klap.ee\/wp-content\/uploads\/2025\/05\/Untitled-1600-x-1600-px-1-9.png","width":1600,"height":1600},{"@type":"BreadcrumbList","@id":"https:\/\/klap.ee\/product\/steelcase-leap-v2-bordeaux-display-model\/#breadcrumb","itemListElement":[{"@type":"ListItem","position":1,"name":"Home","item":"https:\/\/klap.ee\/"},{"@type":"ListItem","position":2,"name":"Products","item":"https:\/\/klap.ee\/ergonomic-office-chairs\/"},{"@type":"ListItem","position":3,"name":"Steelcase Leap V2 Bordeaux (Display Model)"}]},{"@type":"WebSite","@id":"https:\/\/klap.ee\/#website","url":"https:\/\/klap.ee\/","name":"KLAP","description":"J\u00e4tkusuutliku disainm\u00f6\u00f6bli pood","publisher":{"@id":"https:\/\/klap.ee\/#organization"},"potentialAction":[{"@type":"SearchAction","target":{"@type":"EntryPoint","urlTemplate":"https:\/\/klap.ee\/?s={search_term_string}"},"query-input":{"@type":"PropertyValueSpecification","valueRequired":true,"valueName":"search_term_string"}}],"inLanguage":"fi"},{"@type":"Organization","@id":"https:\/\/klap.ee\/#organization","name":"KLAP","url":"https:\/\/klap.ee\/","logo":{"@type":"ImageObject","inLanguage":"fi","@id":"https:\/\/klap.ee\/#\/schema\/logo\/image\/","url":"https:\/\/klap.ee\/wp-content\/uploads\/2025\/03\/klap_logo_transparent_410x158.png","contentUrl":"https:\/\/klap.ee\/wp-content\/uploads\/2025\/03\/klap_logo_transparent_410x158.png","width":410,"height":158,"caption":"KLAP"},"image":{"@id":"https:\/\/klap.ee\/#\/schema\/logo\/image\/"}}]}},"_links":{"self":[{"href":"https:\/\/klap.ee\/fi\/wp-json\/wp\/v2\/product\/1922","targetHints":{"allow":["GET"]}}],"collection":[{"href":"https:\/\/klap.ee\/fi\/wp-json\/wp\/v2\/product"}],"about":[{"href":"https:\/\/klap.ee\/fi\/wp-json\/wp\/v2\/types\/product"}],"wp:featuredmedia":[{"embeddable":true,"href":"https:\/\/klap.ee\/fi\/wp-json\/wp\/v2\/media\/4114"}],"wp:attachment":[{"href":"https:\/\/klap.ee\/fi\/wp-json\/wp\/v2\/media?parent=1922"}],"wp:term":[{"taxonomy":"product_brand","embeddable":true,"href":"https:\/\/klap.ee\/fi\/wp-json\/wp\/v2\/product_brand?post=1922"},{"taxonomy":"product_cat","embeddable":true,"href":"https:\/\/klap.ee\/fi\/wp-json\/wp\/v2\/product_cat?post=1922"},{"taxonomy":"product_tag","embeddable":true,"href":"https:\/\/klap.ee\/fi\/wp-json\/wp\/v2\/product_tag?post=1922"}],"curies":[{"name":"wp","href":"https:\/\/api.w.org\/{rel}","templated":true}]}}