{"id":2335,"date":"2025-06-10T11:05:40","date_gmt":"2025-06-10T11:05:40","guid":{"rendered":"https:\/\/klap.ee\/?post_type=product&#038;p=2335"},"modified":"2026-05-02T12:45:31","modified_gmt":"2026-05-02T12:45:31","slug":"herman-miller-verus-triflex-refurbished","status":"publish","type":"product","link":"https:\/\/klap.ee\/fi\/tuote\/herman-miller-verus-triflex-refurbished\/","title":{"rendered":"Herman Miller Verus TriFlex (kunnostettu)"},"content":{"rendered":"<h2><strong>Tuotteen kuvaus<\/strong><\/h2>\n<p><strong>Kunnostettu Herman Miller Verus - Ergonominen mukavuus kohtaa kest\u00e4vyyden<\/strong><br \/>Uudistettu Herman Millerin Verus-toimistotuoli on suunniteltu tarjoamaan erinomaista ergonomista tukea ja istuinmukavuutta koko p\u00e4iv\u00e4ksi. Sen korkeuss\u00e4\u00e4dett\u00e4v\u00e4 lannerangan tuki takaa alasel\u00e4n oikean linjauksen, ja sen selke\u00e4, hillitty muotoilu heijastaa samaa laatua ja teknist\u00e4 huippuosaamista, joka on n\u00e4ht\u00e4viss\u00e4 koko Herman Millerin valikoimassa.<\/p>\n<p>Kunnostetun Verus-tuolin Graphite-versio on t\u00e4ysin kunnostettu: keskeiset osat on vaihdettu tai kunnostettu, tuoli on tarkastettu ja testattu perusteellisesti ja se on puhdistettu ammattimaisesti. Jokaisen kunnostetun Veruksen mukana toimitetaan <strong>5 vuoden takuu<\/strong>, joka tarjoaa luottamusta ja luotettavuutta kest\u00e4v\u00e4ll\u00e4 valinnalla.<\/p>\n<p><strong>Edullista ergonomiaa jokaiseen ty\u00f6tilaan<\/strong><br \/>Verus asettaa uuden standardin esteett\u00f6mille, suorituskykyisille toimistotuoleille. Se on suunniteltu harkitusti tukemaan ergonomista linjausta, ja se tarjoaa sek\u00e4 lyhyen aikav\u00e4lin mukavuutta ett\u00e4 pitk\u00e4n aikav\u00e4lin terveyshy\u00f6tyj\u00e4 kilpailukykyiseen hintaan. Sen monipuolinen muotoilu - saatavana useina v\u00e4rein\u00e4, kankaina ja valittavanaan Suspension- tai TriFlex-selk\u00e4noja - sopii saumattomasti mihin tahansa ty\u00f6tilan estetiikkaan.<\/p>\n<h2>Yleist\u00e4<\/h2>\n<p>N\u00e4m\u00e4 toimistotuolit on kunnostettu. Meille \u2018kunnostettu\u2019 tarkoittaa, ett\u00e4 tuolit on tarkistettu huolellisesti, mahdollisesti verhoiltu uudelleen, varustettu uusilla virallisilla osilla, puhdistettu ja tarvittaessa maalattu uudelleen. Pyrimme saamaan tuolien kunnon j\u00e4lleen uuden veroiseksi.<\/p>\n<ul>\n<li>Kunnostettu - Kunto: A<\/li>\n<li>Koko: Universal<\/li>\n<li>Verkkopeite: .<\/li>\n<li>V\u00e4rikehys: Grafiitti<\/li>\n<li>Kallistuksen rajoitin<\/li>\n<li>Kallistuksen lukitus<\/li>\n<li>Kallistus taaksep\u00e4in<\/li>\n<li>Korkeuss\u00e4\u00e4dett\u00e4v\u00e4t k\u00e4sinojat<\/li>\n<li>Istuimen korkeuden s\u00e4\u00e4t\u00f6<\/li>\n<li>TriFlex selk\u00e4noja<\/li>\n<li>Takuu: 5 vuotta<\/li>\n<li>Rullat: Kovat py\u00f6r\u00e4t pehmeille pinnoille tai pehme\u00e4t py\u00f6r\u00e4t koville pinnoille.<\/li>\n<\/ul>\n<h2 style=\"text-align: left;\">Tuotteen tekniset tiedot<\/h2>\n<div class=\"elementor-element elementor-element-4d311189 elementor-widget elementor-widget-text-editor\" data-id=\"4d311189\" data-element_type=\"widget\" data-widget_type=\"text-editor.default\"><\/div>\n<ul>\n<li style=\"list-style-type: none;\">\n<table style=\"width: 649px; height: 558px;\" width=\"100%\">\n<tbody>\n<tr style=\"height: 19.6px;\">\n<td style=\"width: 49.7619%; height: 19.6px;\">\n<p style=\"text-align: left;\"><span style=\"color: #808080;\">Suunnittelija<br \/>\n<\/span>ITO-suunnittelu<\/p>\n<p style=\"text-align: left;\"><span style=\"color: #808080;\">Suunnitteluvuosi<br \/>\n<\/span>2019<\/p>\n<p style=\"text-align: left;\"><span style=\"color: #808080;\">Tuotettu<\/span><br \/>\nYHDYSVALLAT<\/p>\n<p style=\"text-align: left;\"><span style=\"color: #808080;\">Todistukset<br \/>\n<\/span>level\u00ae<br \/>\nGREENGUARD<br \/>\nCradle to Cradle<\/p>\n<\/td>\n<td style=\"width: 49.7619%; height: 19.6px;\">&nbsp;<\/p>\n<p>&nbsp;<\/p>\n<p>&nbsp;<\/p>\n<p><span style=\"color: #808080;\">Kokonaismitat<br \/>\n<\/span>Koko - 1070 (korkeus) x 610 (leveys) x 530 mm (syvyys)<\/p>\n<p><span style=\"color: #808080;\">Maksimikapasiteetti<br \/>\n<\/span>Koko - 159 kg<\/p>\n<p><span style=\"color: #808080;\">Tuotteen paino<br \/>\n<\/span>Koko - 15,9 kg<\/p>\n<p>&nbsp;<\/td>\n<\/tr>\n<\/tbody>\n<\/table>\n<p>&nbsp;<\/li>\n<\/ul>","protected":false},"excerpt":{"rendered":"<p>\u2713 Kunnostettu - Kunto A (kuin uusi)<br \/>\n\u2713 Save 22% - TriFlex selk\u00e4noja, grafiittirunko<br \/>\n\u2713 S\u00e4\u00e4dett\u00e4v\u00e4 lanneranka ja korkeuss\u00e4\u00e4dett\u00e4v\u00e4t k\u00e4sinojat<br \/>\n\u2713 5 vuoden takuu<br \/>\n\u2713 Nopea toimitus<\/p>","protected":false},"featured_media":3963,"template":"","meta":{"_themeisle_gutenberg_block_has_review":false,"iawp_total_views":15},"product_brand":[31],"product_cat":[115,33,34,25,112],"product_tag":[58,30,84],"class_list":{"0":"post-2335","1":"product","2":"type-product","3":"status-publish","4":"has-post-thumbnail","6":"product_brand-hermanmiller","7":"product_cat-brands","8":"product_cat-ergonomic-office-chairs","9":"product_cat-herman-miller","10":"product_cat-office-furniture-1","11":"product_cat-office-furniture","12":"product_tag-eco-friendly-choice","13":"product_tag-refurbished","14":"product_tag-verus","15":"product_shipping_class-toolid","17":"first","18":"instock","19":"sale","20":"taxable","21":"shipping-taxable","22":"purchasable","23":"product-type-simple"},"yoast_head":"<!-- This site is optimized with the Yoast SEO plugin v27.6 - https:\/\/yoast.com\/product\/yoast-seo-wordpress\/ -->\n<title>Herman Miller Verus TriFlex Refurbished | \u20ac592 | KLAP<\/title>\n<meta name=\"description\" content=\"Buy a refurbished Herman Miller Verus TriFlex for \u20ac592. Save 22%, Condition A, TriFlex backrest, adjustable lumbar, 5-year warranty. Choice of hard or soft castors. Fast delivery.\" \/>\n<meta name=\"robots\" content=\"index, follow, max-snippet:-1, max-image-preview:large, max-video-preview:-1\" \/>\n<link rel=\"canonical\" href=\"https:\/\/klap.ee\/fi\/tuote\/herman-miller-verus-triflex-refurbished\/\" \/>\n<meta property=\"og:locale\" content=\"fi_FI\" \/>\n<meta property=\"og:type\" content=\"article\" \/>\n<meta property=\"og:title\" content=\"Herman Miller Verus TriFlex Refurbished | \u20ac592 | KLAP\" \/>\n<meta property=\"og:description\" content=\"Buy a refurbished Herman Miller Verus TriFlex for \u20ac592. Save 22%, Condition A, TriFlex backrest, adjustable lumbar, 5-year warranty. Choice of hard or soft castors. Fast delivery.\" \/>\n<meta property=\"og:url\" content=\"https:\/\/klap.ee\/fi\/tuote\/herman-miller-verus-triflex-refurbished\/\" \/>\n<meta property=\"og:site_name\" content=\"KLAP\" \/>\n<meta property=\"article:modified_time\" content=\"2026-05-02T12:45:31+00:00\" \/>\n<meta property=\"og:image\" content=\"http:\/\/klap.ee\/wp-content\/uploads\/2025\/06\/Untitled-1600-x-1600-px-1024x1024.png\" \/>\n\t<meta property=\"og:image:width\" content=\"1024\" \/>\n\t<meta property=\"og:image:height\" content=\"1024\" \/>\n\t<meta property=\"og:image:type\" content=\"image\/png\" \/>\n<meta name=\"twitter:card\" content=\"summary_large_image\" \/>\n<meta name=\"twitter:label1\" content=\"Arvioitu lukuaika\" \/>\n\t<meta name=\"twitter:data1\" content=\"2 minuuttia\" \/>\n<script type=\"application\/ld+json\" class=\"yoast-schema-graph\">{\"@context\":\"https:\\\/\\\/schema.org\",\"@graph\":[{\"@type\":\"WebPage\",\"@id\":\"https:\\\/\\\/klap.ee\\\/product\\\/herman-miller-verus-triflex-refurbished\\\/\",\"url\":\"https:\\\/\\\/klap.ee\\\/product\\\/herman-miller-verus-triflex-refurbished\\\/\",\"name\":\"Herman Miller Verus TriFlex Refurbished | \u20ac592 | KLAP\",\"isPartOf\":{\"@id\":\"https:\\\/\\\/klap.ee\\\/#website\"},\"primaryImageOfPage\":{\"@id\":\"https:\\\/\\\/klap.ee\\\/product\\\/herman-miller-verus-triflex-refurbished\\\/#primaryimage\"},\"image\":{\"@id\":\"https:\\\/\\\/klap.ee\\\/product\\\/herman-miller-verus-triflex-refurbished\\\/#primaryimage\"},\"thumbnailUrl\":\"https:\\\/\\\/klap.ee\\\/wp-content\\\/uploads\\\/2025\\\/06\\\/Untitled-1600-x-1600-px.png\",\"datePublished\":\"2025-06-10T11:05:40+00:00\",\"dateModified\":\"2026-05-02T12:45:31+00:00\",\"description\":\"Buy a refurbished Herman Miller Verus TriFlex for \u20ac592. Save 22%, Condition A, TriFlex backrest, adjustable lumbar, 5-year warranty. Choice of hard or soft castors. Fast delivery.\",\"breadcrumb\":{\"@id\":\"https:\\\/\\\/klap.ee\\\/product\\\/herman-miller-verus-triflex-refurbished\\\/#breadcrumb\"},\"inLanguage\":\"fi\",\"potentialAction\":[{\"@type\":\"ReadAction\",\"target\":[\"https:\\\/\\\/klap.ee\\\/product\\\/herman-miller-verus-triflex-refurbished\\\/\"]}]},{\"@type\":\"ImageObject\",\"inLanguage\":\"fi\",\"@id\":\"https:\\\/\\\/klap.ee\\\/product\\\/herman-miller-verus-triflex-refurbished\\\/#primaryimage\",\"url\":\"https:\\\/\\\/klap.ee\\\/wp-content\\\/uploads\\\/2025\\\/06\\\/Untitled-1600-x-1600-px.png\",\"contentUrl\":\"https:\\\/\\\/klap.ee\\\/wp-content\\\/uploads\\\/2025\\\/06\\\/Untitled-1600-x-1600-px.png\",\"width\":1600,\"height\":1600},{\"@type\":\"BreadcrumbList\",\"@id\":\"https:\\\/\\\/klap.ee\\\/product\\\/herman-miller-verus-triflex-refurbished\\\/#breadcrumb\",\"itemListElement\":[{\"@type\":\"ListItem\",\"position\":1,\"name\":\"Home\",\"item\":\"https:\\\/\\\/klap.ee\\\/\"},{\"@type\":\"ListItem\",\"position\":2,\"name\":\"Products\",\"item\":\"https:\\\/\\\/klap.ee\\\/ergonomic-office-chairs\\\/\"},{\"@type\":\"ListItem\",\"position\":3,\"name\":\"Herman Miller Verus TriFlex (Refurbished)\"}]},{\"@type\":\"WebSite\",\"@id\":\"https:\\\/\\\/klap.ee\\\/#website\",\"url\":\"https:\\\/\\\/klap.ee\\\/\",\"name\":\"KLAP\",\"description\":\"J\u00e4tkusuutliku disainm\u00f6\u00f6bli pood\",\"publisher\":{\"@id\":\"https:\\\/\\\/klap.ee\\\/#organization\"},\"potentialAction\":[{\"@type\":\"SearchAction\",\"target\":{\"@type\":\"EntryPoint\",\"urlTemplate\":\"https:\\\/\\\/klap.ee\\\/?s={search_term_string}\"},\"query-input\":{\"@type\":\"PropertyValueSpecification\",\"valueRequired\":true,\"valueName\":\"search_term_string\"}}],\"inLanguage\":\"fi\"},{\"@type\":\"Organization\",\"@id\":\"https:\\\/\\\/klap.ee\\\/#organization\",\"name\":\"KLAP\",\"url\":\"https:\\\/\\\/klap.ee\\\/\",\"logo\":{\"@type\":\"ImageObject\",\"inLanguage\":\"fi\",\"@id\":\"https:\\\/\\\/klap.ee\\\/#\\\/schema\\\/logo\\\/image\\\/\",\"url\":\"https:\\\/\\\/klap.ee\\\/wp-content\\\/uploads\\\/2025\\\/03\\\/klap_logo_transparent_410x158.png\",\"contentUrl\":\"https:\\\/\\\/klap.ee\\\/wp-content\\\/uploads\\\/2025\\\/03\\\/klap_logo_transparent_410x158.png\",\"width\":410,\"height\":158,\"caption\":\"KLAP\"},\"image\":{\"@id\":\"https:\\\/\\\/klap.ee\\\/#\\\/schema\\\/logo\\\/image\\\/\"}}]}<\/script>\n<!-- \/ Yoast SEO plugin. -->","yoast_head_json":{"title":"Herman Miller Verus TriFlex Refurbished | \u20ac592 | KLAP","description":"Buy a refurbished Herman Miller Verus TriFlex for \u20ac592. Save 22%, Condition A, TriFlex backrest, adjustable lumbar, 5-year warranty. Choice of hard or soft castors. Fast delivery.","robots":{"index":"index","follow":"follow","max-snippet":"max-snippet:-1","max-image-preview":"max-image-preview:large","max-video-preview":"max-video-preview:-1"},"canonical":"https:\/\/klap.ee\/fi\/tuote\/herman-miller-verus-triflex-refurbished\/","og_locale":"fi_FI","og_type":"article","og_title":"Herman Miller Verus TriFlex Refurbished | \u20ac592 | KLAP","og_description":"Buy a refurbished Herman Miller Verus TriFlex for \u20ac592. Save 22%, Condition A, TriFlex backrest, adjustable lumbar, 5-year warranty. Choice of hard or soft castors. Fast delivery.","og_url":"https:\/\/klap.ee\/fi\/tuote\/herman-miller-verus-triflex-refurbished\/","og_site_name":"KLAP","article_modified_time":"2026-05-02T12:45:31+00:00","og_image":[{"width":1024,"height":1024,"url":"http:\/\/klap.ee\/wp-content\/uploads\/2025\/06\/Untitled-1600-x-1600-px-1024x1024.png","type":"image\/png"}],"twitter_card":"summary_large_image","twitter_misc":{"Arvioitu lukuaika":"2 minuuttia"},"schema":{"@context":"https:\/\/schema.org","@graph":[{"@type":"WebPage","@id":"https:\/\/klap.ee\/product\/herman-miller-verus-triflex-refurbished\/","url":"https:\/\/klap.ee\/product\/herman-miller-verus-triflex-refurbished\/","name":"Herman Miller Verus TriFlex Refurbished | \u20ac592 | KLAP","isPartOf":{"@id":"https:\/\/klap.ee\/#website"},"primaryImageOfPage":{"@id":"https:\/\/klap.ee\/product\/herman-miller-verus-triflex-refurbished\/#primaryimage"},"image":{"@id":"https:\/\/klap.ee\/product\/herman-miller-verus-triflex-refurbished\/#primaryimage"},"thumbnailUrl":"https:\/\/klap.ee\/wp-content\/uploads\/2025\/06\/Untitled-1600-x-1600-px.png","datePublished":"2025-06-10T11:05:40+00:00","dateModified":"2026-05-02T12:45:31+00:00","description":"Buy a refurbished Herman Miller Verus TriFlex for \u20ac592. Save 22%, Condition A, TriFlex backrest, adjustable lumbar, 5-year warranty. Choice of hard or soft castors. Fast delivery.","breadcrumb":{"@id":"https:\/\/klap.ee\/product\/herman-miller-verus-triflex-refurbished\/#breadcrumb"},"inLanguage":"fi","potentialAction":[{"@type":"ReadAction","target":["https:\/\/klap.ee\/product\/herman-miller-verus-triflex-refurbished\/"]}]},{"@type":"ImageObject","inLanguage":"fi","@id":"https:\/\/klap.ee\/product\/herman-miller-verus-triflex-refurbished\/#primaryimage","url":"https:\/\/klap.ee\/wp-content\/uploads\/2025\/06\/Untitled-1600-x-1600-px.png","contentUrl":"https:\/\/klap.ee\/wp-content\/uploads\/2025\/06\/Untitled-1600-x-1600-px.png","width":1600,"height":1600},{"@type":"BreadcrumbList","@id":"https:\/\/klap.ee\/product\/herman-miller-verus-triflex-refurbished\/#breadcrumb","itemListElement":[{"@type":"ListItem","position":1,"name":"Home","item":"https:\/\/klap.ee\/"},{"@type":"ListItem","position":2,"name":"Products","item":"https:\/\/klap.ee\/ergonomic-office-chairs\/"},{"@type":"ListItem","position":3,"name":"Herman Miller Verus TriFlex (Refurbished)"}]},{"@type":"WebSite","@id":"https:\/\/klap.ee\/#website","url":"https:\/\/klap.ee\/","name":"KLAP","description":"J\u00e4tkusuutliku disainm\u00f6\u00f6bli pood","publisher":{"@id":"https:\/\/klap.ee\/#organization"},"potentialAction":[{"@type":"SearchAction","target":{"@type":"EntryPoint","urlTemplate":"https:\/\/klap.ee\/?s={search_term_string}"},"query-input":{"@type":"PropertyValueSpecification","valueRequired":true,"valueName":"search_term_string"}}],"inLanguage":"fi"},{"@type":"Organization","@id":"https:\/\/klap.ee\/#organization","name":"KLAP","url":"https:\/\/klap.ee\/","logo":{"@type":"ImageObject","inLanguage":"fi","@id":"https:\/\/klap.ee\/#\/schema\/logo\/image\/","url":"https:\/\/klap.ee\/wp-content\/uploads\/2025\/03\/klap_logo_transparent_410x158.png","contentUrl":"https:\/\/klap.ee\/wp-content\/uploads\/2025\/03\/klap_logo_transparent_410x158.png","width":410,"height":158,"caption":"KLAP"},"image":{"@id":"https:\/\/klap.ee\/#\/schema\/logo\/image\/"}}]}},"_links":{"self":[{"href":"https:\/\/klap.ee\/fi\/wp-json\/wp\/v2\/product\/2335","targetHints":{"allow":["GET"]}}],"collection":[{"href":"https:\/\/klap.ee\/fi\/wp-json\/wp\/v2\/product"}],"about":[{"href":"https:\/\/klap.ee\/fi\/wp-json\/wp\/v2\/types\/product"}],"wp:featuredmedia":[{"embeddable":true,"href":"https:\/\/klap.ee\/fi\/wp-json\/wp\/v2\/media\/3963"}],"wp:attachment":[{"href":"https:\/\/klap.ee\/fi\/wp-json\/wp\/v2\/media?parent=2335"}],"wp:term":[{"taxonomy":"product_brand","embeddable":true,"href":"https:\/\/klap.ee\/fi\/wp-json\/wp\/v2\/product_brand?post=2335"},{"taxonomy":"product_cat","embeddable":true,"href":"https:\/\/klap.ee\/fi\/wp-json\/wp\/v2\/product_cat?post=2335"},{"taxonomy":"product_tag","embeddable":true,"href":"https:\/\/klap.ee\/fi\/wp-json\/wp\/v2\/product_tag?post=2335"}],"curies":[{"name":"wp","href":"https:\/\/api.w.org\/{rel}","templated":true}]}}