{"id":2375,"date":"2025-07-16T09:33:18","date_gmt":"2025-07-16T09:33:18","guid":{"rendered":"https:\/\/klap.ee\/?post_type=product&#038;p=2375"},"modified":"2026-05-02T12:45:31","modified_gmt":"2026-05-02T12:45:31","slug":"herman-miller-aeron-remastered-headrest","status":"publish","type":"product","link":"https:\/\/klap.ee\/fi\/tuote\/herman-miller-aeron-remastered-headrest\/","title":{"rendered":"Atlas Headrest for Aeron Remastered"},"content":{"rendered":"<h2><strong>Tuotteen kuvaus<\/strong><\/h2>\n<p>The\u00a0<strong>Atlas Headrest<\/strong> is undoubtedly the best headrest ever designed for your Aeron Chair. Engineered from the ground up to complement your chair beautifully and maximize your ergonomic investment. Materials and craftsmanship have been perfected to perfectly complement your chair. Proudly Its design seamlessly fits the Aeron Remastered and enhances its iconic look. Designed, engineered, and manufactured in the USA.<\/p>\n<h2>T\u00e4rkeimm\u00e4t ominaisuudet<\/h2>\n<ul>\n<li class=\"translation-block\"><strong>Top-laatu:<\/strong> Atlas-p\u00e4\u00e4ntuet tarjoavat samaa korkeaa laatua, jota odotat Herman Millerilt\u00e4.<\/li>\n<li><strong>Valmistettu Yhdysvalloissa:<\/strong>\u00a0Tuotettu ja kehitetty Yhdysvalloissa - t\u00e4ydellinen lis\u00e4 tuoliin.<\/li>\n<li class=\"translation-block\"><strong>Takuu:<\/strong> P\u00e4\u00e4ntuilla on <strong>3 vuoden takuu<\/strong>, joten voit luottaa niiden kest\u00e4vyyteen ja laatuun.<\/li>\n<\/ul>\n<h2>Erinomaiset ominaisuudet:<\/h2>\n<p><strong>Erottuva istuvuus<\/strong>: Specifically designed for the Aeron Remastered<br \/>\n<strong>Helppo s\u00e4\u00e4dett\u00e4vyys<\/strong>: Joustava s\u00e4\u00e4t\u00f6 yksil\u00f6llisen istuma-asennon mukaan<br \/>\n<strong>Ergonominen mukavuus<\/strong>: Optimaalinen tuki niskalle ja p\u00e4\u00e4h\u00e4n<br \/>\n<strong>Korkealaatuiset materiaalit<\/strong>: Valmistettu samoista ensiluokkaisista materiaaleista kuin Aeron-mallisi.<br \/>\n<strong>Valmistettu Yhdysvalloissa<\/strong>: Ylpe\u00e4n\u00e4 suunniteltu ja valmistettu Yhdysvalloissa<\/p>\n<h2>Yleist\u00e4<\/h2>\n<p>N\u00e4m\u00e4 tuotteet ovat uusia.<\/p>","protected":false},"excerpt":{"rendered":"<p>\u2713 Brand new \u2013 specifically designed for Aeron Remastered<br \/>\n\u2713 Valmistettu Yhdysvalloissa, ensiluokkaiset materiaalit<br \/>\n\u2713 3 vuoden takuu<br \/>\n\u2713 3 colours: Onyx, Graphite, Mineral<br \/>\n\u2713 L\u00e4hetys samana p\u00e4iv\u00e4n\u00e4<\/p>","protected":false},"featured_media":2879,"template":"","meta":{"_themeisle_gutenberg_block_has_review":false,"iawp_total_views":31},"product_brand":[71],"product_cat":[70,115,114,112,25],"product_tag":[72,74,73,76],"class_list":{"0":"post-2375","1":"product","2":"type-product","3":"status-publish","4":"has-post-thumbnail","6":"product_brand-atlas-headrest","7":"product_cat-atlas-headrest","8":"product_cat-brands","9":"product_cat-office-chair-headrests","10":"product_cat-office-furniture","11":"product_cat-office-furniture-1","12":"product_tag-atlas-headrest","13":"product_tag-embody","14":"product_tag-herman-miller","15":"product_tag-new","16":"product_shipping_class-peatoed","18":"first","19":"instock","20":"taxable","21":"shipping-taxable","22":"purchasable","23":"product-type-variable"},"yoast_head":"<!-- This site is optimized with the Yoast SEO plugin v27.6 - https:\/\/yoast.com\/product\/yoast-seo-wordpress\/ -->\n<title>Herman Miller Aeron Remastered Headrest | Atlas | From \u20ac219 | KLAP<\/title>\n<meta name=\"description\" content=\"Add neck support to your Herman Miller Aeron Remastered with the Atlas Headrest. Made in USA, 3-year warranty, easy adjustment. Available in Onyx, Graphite and Mineral. From \u20ac219.\" \/>\n<meta name=\"robots\" content=\"index, follow, max-snippet:-1, max-image-preview:large, max-video-preview:-1\" \/>\n<link rel=\"canonical\" href=\"https:\/\/klap.ee\/fi\/tuote\/herman-miller-aeron-remastered-headrest\/\" \/>\n<meta property=\"og:locale\" content=\"fi_FI\" \/>\n<meta property=\"og:type\" content=\"article\" \/>\n<meta property=\"og:title\" content=\"Herman Miller Aeron Remastered Headrest | Atlas | From \u20ac219 | KLAP\" \/>\n<meta property=\"og:description\" content=\"Add neck support to your Herman Miller Aeron Remastered with the Atlas Headrest. Made in USA, 3-year warranty, easy adjustment. Available in Onyx, Graphite and Mineral. From \u20ac219.\" \/>\n<meta property=\"og:url\" content=\"https:\/\/klap.ee\/fi\/tuote\/herman-miller-aeron-remastered-headrest\/\" \/>\n<meta property=\"og:site_name\" content=\"KLAP\" \/>\n<meta property=\"article:modified_time\" content=\"2026-05-02T12:45:31+00:00\" \/>\n<meta property=\"og:image\" content=\"http:\/\/klap.ee\/wp-content\/uploads\/2025\/07\/AtlasOnyx2500.jpg\" \/>\n\t<meta property=\"og:image:width\" content=\"2500\" \/>\n\t<meta property=\"og:image:height\" content=\"1458\" \/>\n\t<meta property=\"og:image:type\" content=\"image\/jpeg\" \/>\n<meta name=\"twitter:card\" content=\"summary_large_image\" \/>\n<meta name=\"twitter:label1\" content=\"Arvioitu lukuaika\" \/>\n\t<meta name=\"twitter:data1\" content=\"1 minuutti\" \/>\n<script type=\"application\/ld+json\" class=\"yoast-schema-graph\">{\"@context\":\"https:\\\/\\\/schema.org\",\"@graph\":[{\"@type\":\"WebPage\",\"@id\":\"https:\\\/\\\/klap.ee\\\/product\\\/herman-miller-aeron-remastered-headrest\\\/\",\"url\":\"https:\\\/\\\/klap.ee\\\/product\\\/herman-miller-aeron-remastered-headrest\\\/\",\"name\":\"Herman Miller Aeron Remastered Headrest | Atlas | From \u20ac219 | KLAP\",\"isPartOf\":{\"@id\":\"https:\\\/\\\/klap.ee\\\/#website\"},\"primaryImageOfPage\":{\"@id\":\"https:\\\/\\\/klap.ee\\\/product\\\/herman-miller-aeron-remastered-headrest\\\/#primaryimage\"},\"image\":{\"@id\":\"https:\\\/\\\/klap.ee\\\/product\\\/herman-miller-aeron-remastered-headrest\\\/#primaryimage\"},\"thumbnailUrl\":\"https:\\\/\\\/klap.ee\\\/wp-content\\\/uploads\\\/2025\\\/07\\\/AtlasOnyx2500.jpg\",\"datePublished\":\"2025-07-16T09:33:18+00:00\",\"dateModified\":\"2026-05-02T12:45:31+00:00\",\"description\":\"Add neck support to your Herman Miller Aeron Remastered with the Atlas Headrest. Made in USA, 3-year warranty, easy adjustment. Available in Onyx, Graphite and Mineral. From \u20ac219.\",\"breadcrumb\":{\"@id\":\"https:\\\/\\\/klap.ee\\\/product\\\/herman-miller-aeron-remastered-headrest\\\/#breadcrumb\"},\"inLanguage\":\"fi\",\"potentialAction\":[{\"@type\":\"ReadAction\",\"target\":[\"https:\\\/\\\/klap.ee\\\/product\\\/herman-miller-aeron-remastered-headrest\\\/\"]}]},{\"@type\":\"ImageObject\",\"inLanguage\":\"fi\",\"@id\":\"https:\\\/\\\/klap.ee\\\/product\\\/herman-miller-aeron-remastered-headrest\\\/#primaryimage\",\"url\":\"https:\\\/\\\/klap.ee\\\/wp-content\\\/uploads\\\/2025\\\/07\\\/AtlasOnyx2500.jpg\",\"contentUrl\":\"https:\\\/\\\/klap.ee\\\/wp-content\\\/uploads\\\/2025\\\/07\\\/AtlasOnyx2500.jpg\",\"width\":2500,\"height\":1458},{\"@type\":\"BreadcrumbList\",\"@id\":\"https:\\\/\\\/klap.ee\\\/product\\\/herman-miller-aeron-remastered-headrest\\\/#breadcrumb\",\"itemListElement\":[{\"@type\":\"ListItem\",\"position\":1,\"name\":\"Home\",\"item\":\"https:\\\/\\\/klap.ee\\\/\"},{\"@type\":\"ListItem\",\"position\":2,\"name\":\"Products\",\"item\":\"https:\\\/\\\/klap.ee\\\/ergonomic-office-chairs\\\/\"},{\"@type\":\"ListItem\",\"position\":3,\"name\":\"Atlas Headrest for Aeron Remastered\"}]},{\"@type\":\"WebSite\",\"@id\":\"https:\\\/\\\/klap.ee\\\/#website\",\"url\":\"https:\\\/\\\/klap.ee\\\/\",\"name\":\"KLAP\",\"description\":\"J\u00e4tkusuutliku disainm\u00f6\u00f6bli pood\",\"publisher\":{\"@id\":\"https:\\\/\\\/klap.ee\\\/#organization\"},\"potentialAction\":[{\"@type\":\"SearchAction\",\"target\":{\"@type\":\"EntryPoint\",\"urlTemplate\":\"https:\\\/\\\/klap.ee\\\/?s={search_term_string}\"},\"query-input\":{\"@type\":\"PropertyValueSpecification\",\"valueRequired\":true,\"valueName\":\"search_term_string\"}}],\"inLanguage\":\"fi\"},{\"@type\":\"Organization\",\"@id\":\"https:\\\/\\\/klap.ee\\\/#organization\",\"name\":\"KLAP\",\"url\":\"https:\\\/\\\/klap.ee\\\/\",\"logo\":{\"@type\":\"ImageObject\",\"inLanguage\":\"fi\",\"@id\":\"https:\\\/\\\/klap.ee\\\/#\\\/schema\\\/logo\\\/image\\\/\",\"url\":\"https:\\\/\\\/klap.ee\\\/wp-content\\\/uploads\\\/2025\\\/03\\\/klap_logo_transparent_410x158.png\",\"contentUrl\":\"https:\\\/\\\/klap.ee\\\/wp-content\\\/uploads\\\/2025\\\/03\\\/klap_logo_transparent_410x158.png\",\"width\":410,\"height\":158,\"caption\":\"KLAP\"},\"image\":{\"@id\":\"https:\\\/\\\/klap.ee\\\/#\\\/schema\\\/logo\\\/image\\\/\"}}]}<\/script>\n<!-- \/ Yoast SEO plugin. -->","yoast_head_json":{"title":"Herman Miller Aeron Remastered Headrest | Atlas | From \u20ac219 | KLAP","description":"Add neck support to your Herman Miller Aeron Remastered with the Atlas Headrest. Made in USA, 3-year warranty, easy adjustment. Available in Onyx, Graphite and Mineral. From \u20ac219.","robots":{"index":"index","follow":"follow","max-snippet":"max-snippet:-1","max-image-preview":"max-image-preview:large","max-video-preview":"max-video-preview:-1"},"canonical":"https:\/\/klap.ee\/fi\/tuote\/herman-miller-aeron-remastered-headrest\/","og_locale":"fi_FI","og_type":"article","og_title":"Herman Miller Aeron Remastered Headrest | Atlas | From \u20ac219 | KLAP","og_description":"Add neck support to your Herman Miller Aeron Remastered with the Atlas Headrest. Made in USA, 3-year warranty, easy adjustment. Available in Onyx, Graphite and Mineral. From \u20ac219.","og_url":"https:\/\/klap.ee\/fi\/tuote\/herman-miller-aeron-remastered-headrest\/","og_site_name":"KLAP","article_modified_time":"2026-05-02T12:45:31+00:00","og_image":[{"width":2500,"height":1458,"url":"http:\/\/klap.ee\/wp-content\/uploads\/2025\/07\/AtlasOnyx2500.jpg","type":"image\/jpeg"}],"twitter_card":"summary_large_image","twitter_misc":{"Arvioitu lukuaika":"1 minuutti"},"schema":{"@context":"https:\/\/schema.org","@graph":[{"@type":"WebPage","@id":"https:\/\/klap.ee\/product\/herman-miller-aeron-remastered-headrest\/","url":"https:\/\/klap.ee\/product\/herman-miller-aeron-remastered-headrest\/","name":"Herman Miller Aeron Remastered Headrest | Atlas | From \u20ac219 | KLAP","isPartOf":{"@id":"https:\/\/klap.ee\/#website"},"primaryImageOfPage":{"@id":"https:\/\/klap.ee\/product\/herman-miller-aeron-remastered-headrest\/#primaryimage"},"image":{"@id":"https:\/\/klap.ee\/product\/herman-miller-aeron-remastered-headrest\/#primaryimage"},"thumbnailUrl":"https:\/\/klap.ee\/wp-content\/uploads\/2025\/07\/AtlasOnyx2500.jpg","datePublished":"2025-07-16T09:33:18+00:00","dateModified":"2026-05-02T12:45:31+00:00","description":"Add neck support to your Herman Miller Aeron Remastered with the Atlas Headrest. Made in USA, 3-year warranty, easy adjustment. Available in Onyx, Graphite and Mineral. From \u20ac219.","breadcrumb":{"@id":"https:\/\/klap.ee\/product\/herman-miller-aeron-remastered-headrest\/#breadcrumb"},"inLanguage":"fi","potentialAction":[{"@type":"ReadAction","target":["https:\/\/klap.ee\/product\/herman-miller-aeron-remastered-headrest\/"]}]},{"@type":"ImageObject","inLanguage":"fi","@id":"https:\/\/klap.ee\/product\/herman-miller-aeron-remastered-headrest\/#primaryimage","url":"https:\/\/klap.ee\/wp-content\/uploads\/2025\/07\/AtlasOnyx2500.jpg","contentUrl":"https:\/\/klap.ee\/wp-content\/uploads\/2025\/07\/AtlasOnyx2500.jpg","width":2500,"height":1458},{"@type":"BreadcrumbList","@id":"https:\/\/klap.ee\/product\/herman-miller-aeron-remastered-headrest\/#breadcrumb","itemListElement":[{"@type":"ListItem","position":1,"name":"Home","item":"https:\/\/klap.ee\/"},{"@type":"ListItem","position":2,"name":"Products","item":"https:\/\/klap.ee\/ergonomic-office-chairs\/"},{"@type":"ListItem","position":3,"name":"Atlas Headrest for Aeron Remastered"}]},{"@type":"WebSite","@id":"https:\/\/klap.ee\/#website","url":"https:\/\/klap.ee\/","name":"KLAP","description":"J\u00e4tkusuutliku disainm\u00f6\u00f6bli pood","publisher":{"@id":"https:\/\/klap.ee\/#organization"},"potentialAction":[{"@type":"SearchAction","target":{"@type":"EntryPoint","urlTemplate":"https:\/\/klap.ee\/?s={search_term_string}"},"query-input":{"@type":"PropertyValueSpecification","valueRequired":true,"valueName":"search_term_string"}}],"inLanguage":"fi"},{"@type":"Organization","@id":"https:\/\/klap.ee\/#organization","name":"KLAP","url":"https:\/\/klap.ee\/","logo":{"@type":"ImageObject","inLanguage":"fi","@id":"https:\/\/klap.ee\/#\/schema\/logo\/image\/","url":"https:\/\/klap.ee\/wp-content\/uploads\/2025\/03\/klap_logo_transparent_410x158.png","contentUrl":"https:\/\/klap.ee\/wp-content\/uploads\/2025\/03\/klap_logo_transparent_410x158.png","width":410,"height":158,"caption":"KLAP"},"image":{"@id":"https:\/\/klap.ee\/#\/schema\/logo\/image\/"}}]}},"_links":{"self":[{"href":"https:\/\/klap.ee\/fi\/wp-json\/wp\/v2\/product\/2375","targetHints":{"allow":["GET"]}}],"collection":[{"href":"https:\/\/klap.ee\/fi\/wp-json\/wp\/v2\/product"}],"about":[{"href":"https:\/\/klap.ee\/fi\/wp-json\/wp\/v2\/types\/product"}],"wp:featuredmedia":[{"embeddable":true,"href":"https:\/\/klap.ee\/fi\/wp-json\/wp\/v2\/media\/2879"}],"wp:attachment":[{"href":"https:\/\/klap.ee\/fi\/wp-json\/wp\/v2\/media?parent=2375"}],"wp:term":[{"taxonomy":"product_brand","embeddable":true,"href":"https:\/\/klap.ee\/fi\/wp-json\/wp\/v2\/product_brand?post=2375"},{"taxonomy":"product_cat","embeddable":true,"href":"https:\/\/klap.ee\/fi\/wp-json\/wp\/v2\/product_cat?post=2375"},{"taxonomy":"product_tag","embeddable":true,"href":"https:\/\/klap.ee\/fi\/wp-json\/wp\/v2\/product_tag?post=2375"}],"curies":[{"name":"wp","href":"https:\/\/api.w.org\/{rel}","templated":true}]}}