{"id":2460,"date":"2025-07-29T11:13:38","date_gmt":"2025-07-29T11:13:38","guid":{"rendered":"https:\/\/klap.ee\/?post_type=product&#038;p=2460"},"modified":"2026-05-04T11:33:04","modified_gmt":"2026-05-04T11:33:04","slug":"herman-miller-verus-mineral","status":"publish","type":"product","link":"https:\/\/klap.ee\/fi\/tuote\/herman-miller-verus-mineral\/","title":{"rendered":"Herman Miller Verus Mineral"},"content":{"rendered":"<h2><strong>Tuotteen kuvaus<\/strong><\/h2>\n<p><strong>Herman Miller Verus - Ergonominen mukavuus saavutettavaksi tehtyn\u00e4<\/strong><br \/>Herman Millerin Verus-toimistotuoli on harkitusti suunniteltu tarjoamaan ergonomista tukea ja koko p\u00e4iv\u00e4n istumismukavuutta. Sen korkeuss\u00e4\u00e4dett\u00e4v\u00e4 lannerangan tuki tarjoaa kohdennettua helpotusta alaselk\u00e4\u00e4n, mik\u00e4 takaa terveen ryhdin koko ty\u00f6p\u00e4iv\u00e4n ajan. Hillityst\u00e4 muotoilustaan huolimatta Verus noudattaa samoja laatu- ja suunnitteluperiaatteita kuin kaikki Herman Millerin tuolit.<\/p>\n<p><strong>Edulliset, suorituskykyiset istuimet<\/strong><br \/>Verus m\u00e4\u00e4rittelee uudelleen, mit\u00e4 edullinen toimistotuoli voi tarjota. Se on suunniteltu ergonomiseen linjaukseen ja luotettavaan tukeen, ja se tarjoaa sek\u00e4 lyhytaikaista mukavuutta ett\u00e4 pitk\u00e4aikaista hyvinvointia kilpailukykyiseen hintaan. Verus-tuoliperheen puhdas, monipuolinen muotoilu, joka on saatavana useissa eri v\u00e4reiss\u00e4 ja kankaissa, t\u00e4ydent\u00e4\u00e4 helposti mink\u00e4 tahansa toimiston estetiikkaa.<\/p>\n<p><strong>Ergonomia, joka tuottaa tuloksia<\/strong><br \/>Verus-tuoli tuo ammattilaistason ergonomiset ominaisuudet mihin tahansa ty\u00f6tilaan tinkim\u00e4tt\u00e4 mukavuudesta tai toiminnallisuudesta. Se tukee terveellist\u00e4 istuma-asentoa ja on helposti s\u00e4\u00e4dett\u00e4viss\u00e4 eri k\u00e4ytt\u00e4jien tarpeiden mukaan.<\/p>\n<p><strong>Aktiivinen, terveellinen istuminen<\/strong><br \/>Integroidulla ristisel\u00e4n tuella ja s\u00e4\u00e4dett\u00e4v\u00e4ll\u00e4 lannerangan j\u00e4rjestelm\u00e4ll\u00e4 varustettu Verus edist\u00e4\u00e4 selk\u00e4rangan oikeaa linjausta. T\u00e4ysin synkronoitu kallistusmekanismi, jossa on eteenp\u00e4in kallistuksen s\u00e4\u00e4t\u00f6, mukautuu liikkeisiisi ja mahdollistaa mukavan ja dynaamisen istumisen koko p\u00e4iv\u00e4n ajan.<\/p>\n<ul>\n<li><strong>T\u00e4rkeimm\u00e4t ominaisuudet jokap\u00e4iv\u00e4iseen k\u00e4ytt\u00f6\u00f6n<\/strong><\/li>\n<li><strong>PostureFit\u00ae<\/strong> - Tukee ristiluuta selk\u00e4rangan luonnollista linjausta varten.<\/li>\n<li><strong>Interweave 2 -kalvo<\/strong> - Joustava, hengitt\u00e4v\u00e4 selk\u00e4noja takaa pitk\u00e4kestoisen mukavuuden.<\/li>\n<li><strong>T\u00e4ysin synkronoitu kallistusmekanismi<\/strong> - Tukee luonnollisia liikkeit\u00e4 kallistuksenrajoittimella ja eteenp\u00e4in kallistuksella<\/li>\n<li><strong>S\u00e4\u00e4dett\u00e4v\u00e4 lannerangan tuki<\/strong> - Korkeuss\u00e4\u00e4dett\u00e4v\u00e4 henkil\u00f6kohtaisen mukavuuden saavuttamiseksi<\/li>\n<li><strong>Sync kangasverhoilu<\/strong> - Kest\u00e4v\u00e4, laadukas materiaali, jossa on pehme\u00e4 ja mukava tuntuma.<\/li>\n<li><strong>Monipuoliset k\u00e4sinojan vaihtoehdot<\/strong> - Kiinte\u00e4 tai t\u00e4ysin s\u00e4\u00e4dett\u00e4v\u00e4 korkeus, syvyys ja leveys<\/li>\n<\/ul>\n<p><span style=\"font-size: 24px;\">Yleist\u00e4<\/span><\/p>\n<p>N\u00e4m\u00e4 toimistotuolit ovat uusia.<\/p>\n<ul>\n<li>Koko: Universal<\/li>\n<li>Verkkopeite: Mineraali<\/li>\n<li>V\u00e4rikehys: Mineraali<\/li>\n<li>Kallistusj\u00e4nnitys<\/li>\n<li>Kierto<\/li>\n<li>Kallistus taaksep\u00e4in<\/li>\n<li>4d k\u00e4sinojat<\/li>\n<li>Istuimen korkeuden s\u00e4\u00e4t\u00f6<\/li>\n<li>Takuu: 12 vuotta<\/li>\n<li>Rullat: Universal<\/li>\n<\/ul>\n<h2 style=\"text-align: left;\">Tuotteen tekniset tiedot<\/h2>\n<div class=\"elementor-element elementor-element-4d311189 elementor-widget elementor-widget-text-editor\" data-id=\"4d311189\" data-element_type=\"widget\" data-widget_type=\"text-editor.default\"><\/div>\n<ul>\n<li style=\"list-style-type: none;\">\n<table style=\"width: 649px; height: 558px;\" width=\"100%\">\n<tbody>\n<tr style=\"height: 19.6px;\">\n<td style=\"width: 49.7619%; height: 19.6px;\">\n<p style=\"text-align: left;\"><span style=\"color: #808080;\">Suunnittelija<br \/>\n<\/span>ITO-suunnittelu<\/p>\n<p style=\"text-align: left;\"><span style=\"color: #808080;\">Suunnitteluvuosi<br \/>\n<\/span>2019<\/p>\n<p style=\"text-align: left;\"><span style=\"color: #808080;\">Tuotettu<\/span><br \/>\nYHDYSVALLAT<\/p>\n<p style=\"text-align: left;\"><span style=\"color: #808080;\">Todistukset<br \/>\n<\/span>level\u00ae<br \/>\nGREENGUARD<br \/>\nCradle to Cradle<\/p>\n<\/td>\n<td style=\"width: 49.7619%; height: 19.6px;\">&nbsp;<\/p>\n<p>&nbsp;<\/p>\n<p>&nbsp;<\/p>\n<p><span style=\"color: #808080;\">Kokonaismitat<br \/>\n<\/span>Koko - 1070 (korkeus) x 610 (leveys) x 530 mm (syvyys)<\/p>\n<p><span style=\"color: #808080;\">Maksimikapasiteetti<br \/>\n<\/span>Koko - 159 kg<\/p>\n<p><span style=\"color: #808080;\">Tuotteen paino<br \/>\n<\/span>Koko - 15,9 kg<\/p>\n<p>&nbsp;<\/td>\n<\/tr>\n<\/tbody>\n<\/table>\n<p>&nbsp;<\/li>\n<\/ul>","protected":false},"excerpt":{"rendered":"<p>\u2713 Upouusi - Mineraaliv\u00e4ri, mineraali kehys<br \/>\n\u2713 PostureFit ristisel\u00e4n tuki ja s\u00e4\u00e4dett\u00e4v\u00e4 lanneranka<br \/>\n\u2713 Interweave 2 hengitt\u00e4v\u00e4 verkko selk\u00e4nojassa<br \/>\n\u2713 12 vuoden takuu, valmistettu Yhdysvalloissa<br \/>\n\u2713 Nopea toimitus<\/p>","protected":false},"featured_media":3964,"template":"","meta":{"_themeisle_gutenberg_block_has_review":false,"iawp_total_views":8},"product_brand":[31],"product_cat":[115,33,34,120,112,25],"product_tag":[58,76,84],"class_list":{"0":"post-2460","1":"product","2":"type-product","3":"status-publish","4":"has-post-thumbnail","6":"product_brand-hermanmiller","7":"product_cat-brands","8":"product_cat-ergonomic-office-chairs","9":"product_cat-herman-miller","10":"product_cat-new","11":"product_cat-office-furniture","12":"product_cat-office-furniture-1","13":"product_tag-eco-friendly-choice","14":"product_tag-new","15":"product_tag-verus","16":"product_shipping_class-toolid","18":"first","19":"instock","20":"sale","21":"taxable","22":"shipping-taxable","23":"purchasable","24":"product-type-simple"},"yoast_head":"<!-- This site is optimized with the Yoast SEO plugin v27.6 - https:\/\/yoast.com\/product\/yoast-seo-wordpress\/ -->\n<title>Herman Miller Verus Mineral (New) | \u20ac732 | KLAP<\/title>\n<meta name=\"description\" content=\"Buy the Herman Miller Verus Mineral ergonomic chair for \u20ac732. Brand new, PostureFit sacral support, Interweave 2 membrane, 4D armrests, 12-year warranty. Fast delivery.\" \/>\n<meta name=\"robots\" content=\"index, follow, max-snippet:-1, max-image-preview:large, max-video-preview:-1\" \/>\n<link rel=\"canonical\" href=\"https:\/\/klap.ee\/fi\/tuote\/herman-miller-verus-mineral\/\" \/>\n<meta property=\"og:locale\" content=\"fi_FI\" \/>\n<meta property=\"og:type\" content=\"article\" \/>\n<meta property=\"og:title\" content=\"Herman Miller Verus Mineral (New) | \u20ac732 | KLAP\" \/>\n<meta property=\"og:description\" content=\"Buy the Herman Miller Verus Mineral ergonomic chair for \u20ac732. Brand new, PostureFit sacral support, Interweave 2 membrane, 4D armrests, 12-year warranty. Fast delivery.\" \/>\n<meta property=\"og:url\" content=\"https:\/\/klap.ee\/fi\/tuote\/herman-miller-verus-mineral\/\" \/>\n<meta property=\"og:site_name\" content=\"KLAP\" \/>\n<meta property=\"article:modified_time\" content=\"2026-05-04T11:33:04+00:00\" \/>\n<meta property=\"og:image\" content=\"https:\/\/klap.ee\/wp-content\/uploads\/2025\/07\/Untitled-1600-x-1600-px-1600-x-1600-px-1024x1024.png\" \/>\n\t<meta property=\"og:image:width\" content=\"1024\" \/>\n\t<meta property=\"og:image:height\" content=\"1024\" \/>\n\t<meta property=\"og:image:type\" content=\"image\/png\" \/>\n<meta name=\"twitter:card\" content=\"summary_large_image\" \/>\n<meta name=\"twitter:label1\" content=\"Arvioitu lukuaika\" \/>\n\t<meta name=\"twitter:data1\" content=\"2 minuuttia\" \/>\n<script type=\"application\/ld+json\" class=\"yoast-schema-graph\">{\"@context\":\"https:\\\/\\\/schema.org\",\"@graph\":[{\"@type\":\"WebPage\",\"@id\":\"https:\\\/\\\/klap.ee\\\/product\\\/herman-miller-verus-mineral\\\/\",\"url\":\"https:\\\/\\\/klap.ee\\\/product\\\/herman-miller-verus-mineral\\\/\",\"name\":\"Herman Miller Verus Mineral (New) | \u20ac732 | KLAP\",\"isPartOf\":{\"@id\":\"https:\\\/\\\/klap.ee\\\/#website\"},\"primaryImageOfPage\":{\"@id\":\"https:\\\/\\\/klap.ee\\\/product\\\/herman-miller-verus-mineral\\\/#primaryimage\"},\"image\":{\"@id\":\"https:\\\/\\\/klap.ee\\\/product\\\/herman-miller-verus-mineral\\\/#primaryimage\"},\"thumbnailUrl\":\"https:\\\/\\\/klap.ee\\\/wp-content\\\/uploads\\\/2025\\\/07\\\/Untitled-1600-x-1600-px-1600-x-1600-px.png\",\"datePublished\":\"2025-07-29T11:13:38+00:00\",\"dateModified\":\"2026-05-04T11:33:04+00:00\",\"description\":\"Buy the Herman Miller Verus Mineral ergonomic chair for \u20ac732. Brand new, PostureFit sacral support, Interweave 2 membrane, 4D armrests, 12-year warranty. Fast delivery.\",\"breadcrumb\":{\"@id\":\"https:\\\/\\\/klap.ee\\\/product\\\/herman-miller-verus-mineral\\\/#breadcrumb\"},\"inLanguage\":\"fi\",\"potentialAction\":[{\"@type\":\"ReadAction\",\"target\":[\"https:\\\/\\\/klap.ee\\\/product\\\/herman-miller-verus-mineral\\\/\"]}]},{\"@type\":\"ImageObject\",\"inLanguage\":\"fi\",\"@id\":\"https:\\\/\\\/klap.ee\\\/product\\\/herman-miller-verus-mineral\\\/#primaryimage\",\"url\":\"https:\\\/\\\/klap.ee\\\/wp-content\\\/uploads\\\/2025\\\/07\\\/Untitled-1600-x-1600-px-1600-x-1600-px.png\",\"contentUrl\":\"https:\\\/\\\/klap.ee\\\/wp-content\\\/uploads\\\/2025\\\/07\\\/Untitled-1600-x-1600-px-1600-x-1600-px.png\",\"width\":1600,\"height\":1600},{\"@type\":\"BreadcrumbList\",\"@id\":\"https:\\\/\\\/klap.ee\\\/product\\\/herman-miller-verus-mineral\\\/#breadcrumb\",\"itemListElement\":[{\"@type\":\"ListItem\",\"position\":1,\"name\":\"Home\",\"item\":\"https:\\\/\\\/klap.ee\\\/\"},{\"@type\":\"ListItem\",\"position\":2,\"name\":\"Products\",\"item\":\"https:\\\/\\\/klap.ee\\\/ergonomic-office-chairs\\\/\"},{\"@type\":\"ListItem\",\"position\":3,\"name\":\"Herman Miller Verus Mineral\"}]},{\"@type\":\"WebSite\",\"@id\":\"https:\\\/\\\/klap.ee\\\/#website\",\"url\":\"https:\\\/\\\/klap.ee\\\/\",\"name\":\"KLAP\",\"description\":\"J\u00e4tkusuutliku disainm\u00f6\u00f6bli pood\",\"publisher\":{\"@id\":\"https:\\\/\\\/klap.ee\\\/#organization\"},\"potentialAction\":[{\"@type\":\"SearchAction\",\"target\":{\"@type\":\"EntryPoint\",\"urlTemplate\":\"https:\\\/\\\/klap.ee\\\/?s={search_term_string}\"},\"query-input\":{\"@type\":\"PropertyValueSpecification\",\"valueRequired\":true,\"valueName\":\"search_term_string\"}}],\"inLanguage\":\"fi\"},{\"@type\":\"Organization\",\"@id\":\"https:\\\/\\\/klap.ee\\\/#organization\",\"name\":\"KLAP\",\"url\":\"https:\\\/\\\/klap.ee\\\/\",\"logo\":{\"@type\":\"ImageObject\",\"inLanguage\":\"fi\",\"@id\":\"https:\\\/\\\/klap.ee\\\/#\\\/schema\\\/logo\\\/image\\\/\",\"url\":\"https:\\\/\\\/klap.ee\\\/wp-content\\\/uploads\\\/2025\\\/03\\\/klap_logo_transparent_410x158.png\",\"contentUrl\":\"https:\\\/\\\/klap.ee\\\/wp-content\\\/uploads\\\/2025\\\/03\\\/klap_logo_transparent_410x158.png\",\"width\":410,\"height\":158,\"caption\":\"KLAP\"},\"image\":{\"@id\":\"https:\\\/\\\/klap.ee\\\/#\\\/schema\\\/logo\\\/image\\\/\"}}]}<\/script>\n<!-- \/ Yoast SEO plugin. -->","yoast_head_json":{"title":"Herman Miller Verus Mineral (New) | \u20ac732 | KLAP","description":"Buy the Herman Miller Verus Mineral ergonomic chair for \u20ac732. Brand new, PostureFit sacral support, Interweave 2 membrane, 4D armrests, 12-year warranty. Fast delivery.","robots":{"index":"index","follow":"follow","max-snippet":"max-snippet:-1","max-image-preview":"max-image-preview:large","max-video-preview":"max-video-preview:-1"},"canonical":"https:\/\/klap.ee\/fi\/tuote\/herman-miller-verus-mineral\/","og_locale":"fi_FI","og_type":"article","og_title":"Herman Miller Verus Mineral (New) | \u20ac732 | KLAP","og_description":"Buy the Herman Miller Verus Mineral ergonomic chair for \u20ac732. Brand new, PostureFit sacral support, Interweave 2 membrane, 4D armrests, 12-year warranty. Fast delivery.","og_url":"https:\/\/klap.ee\/fi\/tuote\/herman-miller-verus-mineral\/","og_site_name":"KLAP","article_modified_time":"2026-05-04T11:33:04+00:00","og_image":[{"width":1024,"height":1024,"url":"https:\/\/klap.ee\/wp-content\/uploads\/2025\/07\/Untitled-1600-x-1600-px-1600-x-1600-px-1024x1024.png","type":"image\/png"}],"twitter_card":"summary_large_image","twitter_misc":{"Arvioitu lukuaika":"2 minuuttia"},"schema":{"@context":"https:\/\/schema.org","@graph":[{"@type":"WebPage","@id":"https:\/\/klap.ee\/product\/herman-miller-verus-mineral\/","url":"https:\/\/klap.ee\/product\/herman-miller-verus-mineral\/","name":"Herman Miller Verus Mineral (New) | \u20ac732 | KLAP","isPartOf":{"@id":"https:\/\/klap.ee\/#website"},"primaryImageOfPage":{"@id":"https:\/\/klap.ee\/product\/herman-miller-verus-mineral\/#primaryimage"},"image":{"@id":"https:\/\/klap.ee\/product\/herman-miller-verus-mineral\/#primaryimage"},"thumbnailUrl":"https:\/\/klap.ee\/wp-content\/uploads\/2025\/07\/Untitled-1600-x-1600-px-1600-x-1600-px.png","datePublished":"2025-07-29T11:13:38+00:00","dateModified":"2026-05-04T11:33:04+00:00","description":"Buy the Herman Miller Verus Mineral ergonomic chair for \u20ac732. Brand new, PostureFit sacral support, Interweave 2 membrane, 4D armrests, 12-year warranty. Fast delivery.","breadcrumb":{"@id":"https:\/\/klap.ee\/product\/herman-miller-verus-mineral\/#breadcrumb"},"inLanguage":"fi","potentialAction":[{"@type":"ReadAction","target":["https:\/\/klap.ee\/product\/herman-miller-verus-mineral\/"]}]},{"@type":"ImageObject","inLanguage":"fi","@id":"https:\/\/klap.ee\/product\/herman-miller-verus-mineral\/#primaryimage","url":"https:\/\/klap.ee\/wp-content\/uploads\/2025\/07\/Untitled-1600-x-1600-px-1600-x-1600-px.png","contentUrl":"https:\/\/klap.ee\/wp-content\/uploads\/2025\/07\/Untitled-1600-x-1600-px-1600-x-1600-px.png","width":1600,"height":1600},{"@type":"BreadcrumbList","@id":"https:\/\/klap.ee\/product\/herman-miller-verus-mineral\/#breadcrumb","itemListElement":[{"@type":"ListItem","position":1,"name":"Home","item":"https:\/\/klap.ee\/"},{"@type":"ListItem","position":2,"name":"Products","item":"https:\/\/klap.ee\/ergonomic-office-chairs\/"},{"@type":"ListItem","position":3,"name":"Herman Miller Verus Mineral"}]},{"@type":"WebSite","@id":"https:\/\/klap.ee\/#website","url":"https:\/\/klap.ee\/","name":"KLAP","description":"J\u00e4tkusuutliku disainm\u00f6\u00f6bli pood","publisher":{"@id":"https:\/\/klap.ee\/#organization"},"potentialAction":[{"@type":"SearchAction","target":{"@type":"EntryPoint","urlTemplate":"https:\/\/klap.ee\/?s={search_term_string}"},"query-input":{"@type":"PropertyValueSpecification","valueRequired":true,"valueName":"search_term_string"}}],"inLanguage":"fi"},{"@type":"Organization","@id":"https:\/\/klap.ee\/#organization","name":"KLAP","url":"https:\/\/klap.ee\/","logo":{"@type":"ImageObject","inLanguage":"fi","@id":"https:\/\/klap.ee\/#\/schema\/logo\/image\/","url":"https:\/\/klap.ee\/wp-content\/uploads\/2025\/03\/klap_logo_transparent_410x158.png","contentUrl":"https:\/\/klap.ee\/wp-content\/uploads\/2025\/03\/klap_logo_transparent_410x158.png","width":410,"height":158,"caption":"KLAP"},"image":{"@id":"https:\/\/klap.ee\/#\/schema\/logo\/image\/"}}]}},"_links":{"self":[{"href":"https:\/\/klap.ee\/fi\/wp-json\/wp\/v2\/product\/2460","targetHints":{"allow":["GET"]}}],"collection":[{"href":"https:\/\/klap.ee\/fi\/wp-json\/wp\/v2\/product"}],"about":[{"href":"https:\/\/klap.ee\/fi\/wp-json\/wp\/v2\/types\/product"}],"wp:featuredmedia":[{"embeddable":true,"href":"https:\/\/klap.ee\/fi\/wp-json\/wp\/v2\/media\/3964"}],"wp:attachment":[{"href":"https:\/\/klap.ee\/fi\/wp-json\/wp\/v2\/media?parent=2460"}],"wp:term":[{"taxonomy":"product_brand","embeddable":true,"href":"https:\/\/klap.ee\/fi\/wp-json\/wp\/v2\/product_brand?post=2460"},{"taxonomy":"product_cat","embeddable":true,"href":"https:\/\/klap.ee\/fi\/wp-json\/wp\/v2\/product_cat?post=2460"},{"taxonomy":"product_tag","embeddable":true,"href":"https:\/\/klap.ee\/fi\/wp-json\/wp\/v2\/product_tag?post=2460"}],"curies":[{"name":"wp","href":"https:\/\/api.w.org\/{rel}","templated":true}]}}