{"id":2506,"date":"2025-08-05T07:56:38","date_gmt":"2025-08-05T07:56:38","guid":{"rendered":"https:\/\/klap.ee\/?post_type=product&#038;p=2506"},"modified":"2026-05-04T11:33:04","modified_gmt":"2026-05-04T11:33:04","slug":"herman-miller-gaming-sayl","status":"publish","type":"product","link":"https:\/\/klap.ee\/fi\/tuote\/herman-miller-gaming-sayl\/","title":{"rendered":"Herman Miller Gaming Sayl"},"content":{"rendered":"<h2><strong>Herman Miller Gaming Sayl\u00a0<\/strong><\/h2>\n<p><strong>Sayl - Kevyt muotoilu ja silmiinpist\u00e4v\u00e4 3D-estetiikka<\/strong><br \/>Herman Miller Sayl on tyylik\u00e4s ja kevyt k\u00e4\u00e4ntyv\u00e4 tuoli, joka kiehtoo innovatiivisella 3D-vaikutteisella muotoilullaan. Se tarjoaa vaikuttavan valikoiman ergonomisia ominaisuuksia edulliseen hintaan, ja se on yksi parhaista hinta-laatusuhteeltaan parhaista vaihtoehdoista toimistop\u00f6yd\u00e4n istuimissa.<\/p>\n<p><strong>Tyylik\u00e4s ja toimiva<\/strong><br \/>Sayl-tuolia pidet\u00e4\u00e4n laajalti yhten\u00e4 Herman Millerin visuaalisesti omaleimaisimmista tuoleista, ja se on saanut kriitikoiden ylistyst\u00e4 veistoksellisesta muotoilustaan, joka kilpailee funktionaalisen taiteen kanssa. Rohkeasta ulkon\u00e4\u00f6st\u00e4\u00e4n huolimatta siin\u00e4 on kaikki olennaiset mukavuutta ja tukea tarjoavat ominaisuudet. Sen suurin vahvuus on ikonisen muotoilun tekeminen helposti l\u00e4hestytt\u00e4v\u00e4ksi tinkim\u00e4tt\u00e4 toiminnallisuudesta tai edullisuudesta.<\/p>\n<p><strong>Selk\u00e4nojan innovaatio: Tuki kohtaa vapauden<\/strong><br \/>Kehykset\u00f6n, \u00e4lyk\u00e4s 3D-selk\u00e4noja kannustaa luonnolliseen liikkumiseen ja rentoon venyttelyyn, ja siin\u00e4 tasapainoilee luja tuki ja vapauden tunne. Joustavat elastomeeris\u00e4ikeet vaihtelevat paksuudeltaan ja kireydelt\u00e4\u00e4n tarjoten kohdennettua lannerangan tukea pitkin selk\u00e4rankaa ja sallien samalla rajoittamattoman liikkumisen muilla alueilla. Useita istuma-asentoja tuetaan mukavasti, ja passiivinen ristisel\u00e4n tuki auttaa yll\u00e4pit\u00e4m\u00e4\u00e4n selk\u00e4rangan luonnollista S-k\u00e4yr\u00e4\u00e4, mik\u00e4 v\u00e4hent\u00e4\u00e4 v\u00e4symyst\u00e4 pitkien istumisaikojen aikana.<\/p>\n<p><strong>Golden Gate -sillan innoittamana<\/strong><br \/>Yves B\u00e9harin suunnittelema Sayl on saanut inspiraationsa Golden Gate -sillan ripustusperiaatteista, ja sen rakenteellinen lujuus saavutetaan minimaalisella materiaalilla. T\u00e4m\u00e4 suunnittelufilosofia vaikuttaa sek\u00e4 selk\u00e4nojan kest\u00e4vyyteen ett\u00e4 esteettisyyteen, mik\u00e4 tekee siit\u00e4 visuaalisesti silmiinpist\u00e4v\u00e4n ja samalla ergonomisesti tehokkaan.<\/p>\n<p><strong>Poikkeuksellinen hinta-laatusuhde<\/strong><br \/>Yhdist\u00e4m\u00e4ll\u00e4 innovatiivisia materiaaleja ja \u00e4lyk\u00e4st\u00e4 suunnittelua Sayl tarjoaa ensiluokkaista mukavuutta ja tukea edulliseen hintaan. B\u00e9har ja Herman Millerin tiimi ovat hioneet huolellisesti jokaista yksityiskohtaa, ja tuloksena on tuoli, joka asettaa mittapuun muotoilulle, suorituskyvylle ja edullisuudelle.<\/p>\n<p><strong>Kest\u00e4v\u00e4 ja vastuullinen suunnittelu<\/strong><br \/>Eco-Dematerialized-l\u00e4hestymistapa k\u00e4ytt\u00e4\u00e4 v\u00e4hemm\u00e4n materiaalia s\u00e4ilytt\u00e4en samalla rakenteellisen eheyden, ja se tukee jopa 159 kg painavia k\u00e4ytt\u00e4ji\u00e4. Kolmella mantereella kuljetusmatkojen minimoimiseksi valmistettu Sayl ei sis\u00e4ll\u00e4 PVC:t\u00e4 ja se on valmistettu l\u00e4hes kokonaan kierr\u00e4tett\u00e4vist\u00e4 materiaaleista.<\/p>\n<p><strong>Parannetut ominaisuudet nykyaikaiseen k\u00e4ytt\u00f6\u00f6n<\/strong><br \/>Premium Herman Miller Gaming Sayl sis\u00e4lt\u00e4\u00e4 nyt 4D-s\u00e4\u00e4dett\u00e4v\u00e4t k\u00e4sinojat ja parannetun lannerangan tuen, joita ei ole tarjolla vakiomallissa. Se sopii t\u00e4ydellisesti muotoilun harrastajille, luoville ammattilaisille ja vaativille PC-asetuksille - ihanteellinen kotitoimistoon, ty\u00f6h\u00f6n tai peliymp\u00e4rist\u00f6\u00f6n.<\/p>\n<h3>Korkealuokkaiset ominaisuudet yhdell\u00e4 silm\u00e4yksell\u00e4<\/h3>\n<ul>\n<li><strong>3D Intelligent\u00ae selk\u00e4noja:<\/strong>\u00a0Elastomeeris\u00e4ikeet, joissa on vaihteleva kireys optimaalista tukea ja liikkumisen vapautta varten - Golden Gate -sillan inspiroimana.<\/li>\n<li><strong>Harmonic\u2122 Tilt:<\/strong>\u00a0Kehittynyt kallistustekniikka takaa sulavan liikkeen kaikissa asennoissa - ihanteellinen pitkiin istuntoihin.<\/li>\n<li><strong>PostureFit\u00ae:<\/strong>\u00a0Tukee lantiota ja vakauttaa selk\u00e4rangan luonnollista S-muotoa.<\/li>\n<li><strong>4D k\u00e4sinojat:<\/strong>\u00a0T\u00e4ysin s\u00e4\u00e4dett\u00e4v\u00e4 korkeus, syvyys, leveys ja kulma - p\u00e4ivitys sis\u00e4ltyy.<\/li>\n<li><strong>S\u00e4\u00e4dett\u00e4v\u00e4 lannerangan tuki:<\/strong>\u00a0Lis\u00e4tuki alasel\u00e4lle - mukana.<\/li>\n<li><strong>Ekologinen, materiaalia s\u00e4\u00e4st\u00e4v\u00e4 muotoilu:<\/strong>\u00a0Jopa 90% kierr\u00e4tett\u00e4v\u00e4\u00e4, PVC-vapaata - minimaalinen materiaalin k\u00e4ytt\u00f6.<\/li>\n<\/ul>\n<h2>Yleist\u00e4<\/h2>\n<p>N\u00e4m\u00e4 toimistotuolit ovat uusia.<\/p>\n<ul>\n<li>Koko: Universal<\/li>\n<li>Selk\u00e4nojan verhoilu: Musta\/Sumu\/Studiovalkoinen\/Marjansininen\/Vihre\u00e4 omena\/Punainen.<\/li>\n<li>V\u00e4rikehys: Musta<\/li>\n<li>Takuu: 12 vuotta<\/li>\n<li>4D s\u00e4\u00e4dett\u00e4v\u00e4t k\u00e4sinojat<\/li>\n<li>S\u00e4\u00e4dett\u00e4v\u00e4 lannerangan tuki<\/li>\n<li>Istuimen korkeuden s\u00e4\u00e4t\u00f6<\/li>\n<li>Kallistusj\u00e4nnitys<\/li>\n<li>Kallistus taaksep\u00e4in<\/li>\n<li>S\u00e4\u00e4dett\u00e4v\u00e4 istuinkulma<\/li>\n<li>Sopii pelaajille<\/li>\n<\/ul>\n<h2 style=\"text-align: left;\">Tuotteen tekniset tiedot<\/h2>\n<ul>\n<li style=\"list-style-type: none;\">\n<table style=\"width: 649px; height: 558px;\" width=\"100%\">\n<tbody>\n<tr style=\"height: 19.6px;\">\n<td style=\"width: 49.7619%; height: 19.6px;\">\n<p style=\"text-align: left;\"><span style=\"color: #808080;\">Suunnittelija<br \/>\n<\/span>Yves B\u00e9har<\/p>\n<p style=\"text-align: left;\"><span style=\"color: #808080;\">Suunnitteluvuosi<br \/>\n<\/span>2010<\/p>\n<p style=\"text-align: left;\"><span style=\"color: #808080;\">Tuotettu<\/span><br \/>\nYHDYSVALLAT<\/p>\n<p style=\"text-align: left;\"><span style=\"color: #808080;\">Todistukset<br \/>\n<\/span>level\u00ae<br \/>\nGREENGUARD<br \/>\nCradle to Cradle<\/p>\n<\/td>\n<td style=\"width: 49.7619%; height: 19.6px;\"><span style=\"color: #808080;\">Kokonaismitat<br \/>\n<\/span>Koko - 1035 (korkeus) x 622 (leveys) x 502 mm (syvyys)<span style=\"color: #808080;\">Maksimikapasiteetti<br \/>\n<\/span>Koko - 159 kg<span style=\"color: #808080;\">Tuotteen paino<br \/>\n<\/span>Koko - 16,8 - 18,1 kg<\/td>\n<\/tr>\n<\/tbody>\n<\/table>\n<p>&nbsp;<\/li>\n<\/ul>\n<p>&nbsp;<\/p>","protected":false},"excerpt":{"rendered":"<p>\u2713 Upouusi - 6 rohkeaa v\u00e4rivaihtoehtoa<br \/>\n\u2713 Pelik\u00e4ytt\u00f6 ja toimistok\u00e4ytt\u00f6 - PostureFit &amp; 4D-k\u00e4sinojat mukana<br \/>\n\u2713 Golden Gate -sillan inspiroima 3D-\u00e4lyk\u00e4s selk\u00e4noja<br \/>\n\u2713 12 vuoden takuu, jopa 90% kierr\u00e4tett\u00e4viss\u00e4<br \/>\n\u2713 Nopea toimitus<\/p>","protected":false},"featured_media":3537,"template":"","meta":{"_themeisle_gutenberg_block_has_review":false,"iawp_total_views":8},"product_brand":[31],"product_cat":[115,33,34,120,112,25],"product_tag":[73,76,83],"class_list":{"0":"post-2506","1":"product","2":"type-product","3":"status-publish","4":"has-post-thumbnail","6":"product_brand-hermanmiller","7":"product_cat-brands","8":"product_cat-ergonomic-office-chairs","9":"product_cat-herman-miller","10":"product_cat-new","11":"product_cat-office-furniture","12":"product_cat-office-furniture-1","13":"product_tag-herman-miller","14":"product_tag-new","15":"product_tag-sayl","16":"product_shipping_class-toolid","18":"first","19":"instock","20":"sale","21":"taxable","22":"shipping-taxable","23":"purchasable","24":"product-type-variable"},"yoast_head":"<!-- This site is optimized with the Yoast SEO plugin v27.6 - https:\/\/yoast.com\/product\/yoast-seo-wordpress\/ -->\n<title>Herman Miller Gaming Sayl (New) | \u20ac863 | 6 Colours | KLAP<\/title>\n<meta name=\"description\" content=\"Buy the Herman Miller Gaming Sayl for \u20ac863. Brand new, 4D armrests, PostureFit, Harmonic Tilt, 12-year warranty. 6 colours: Black, Fog, White, Berry Blue, Green Apple, Red. Fast delivery.\" \/>\n<meta name=\"robots\" content=\"index, follow, max-snippet:-1, max-image-preview:large, max-video-preview:-1\" \/>\n<link rel=\"canonical\" href=\"https:\/\/klap.ee\/fi\/tuote\/herman-miller-gaming-sayl\/\" \/>\n<meta property=\"og:locale\" content=\"fi_FI\" \/>\n<meta property=\"og:type\" content=\"article\" \/>\n<meta property=\"og:title\" content=\"Herman Miller Gaming Sayl (New) | \u20ac863 | 6 Colours | KLAP\" \/>\n<meta property=\"og:description\" content=\"Buy the Herman Miller Gaming Sayl for \u20ac863. Brand new, 4D armrests, PostureFit, Harmonic Tilt, 12-year warranty. 6 colours: Black, Fog, White, Berry Blue, Green Apple, Red. Fast delivery.\" \/>\n<meta property=\"og:url\" content=\"https:\/\/klap.ee\/fi\/tuote\/herman-miller-gaming-sayl\/\" \/>\n<meta property=\"og:site_name\" content=\"KLAP\" \/>\n<meta property=\"article:modified_time\" content=\"2026-05-04T11:33:04+00:00\" \/>\n<meta property=\"og:image\" content=\"https:\/\/klap.ee\/wp-content\/uploads\/2025\/08\/Untitled-design-1.png\" \/>\n\t<meta property=\"og:image:width\" content=\"760\" \/>\n\t<meta property=\"og:image:height\" content=\"760\" \/>\n\t<meta property=\"og:image:type\" content=\"image\/png\" \/>\n<meta name=\"twitter:card\" content=\"summary_large_image\" \/>\n<meta name=\"twitter:label1\" content=\"Arvioitu lukuaika\" \/>\n\t<meta name=\"twitter:data1\" content=\"3 minuuttia\" \/>\n<script type=\"application\/ld+json\" class=\"yoast-schema-graph\">{\"@context\":\"https:\\\/\\\/schema.org\",\"@graph\":[{\"@type\":\"WebPage\",\"@id\":\"https:\\\/\\\/klap.ee\\\/product\\\/herman-miller-gaming-sayl\\\/\",\"url\":\"https:\\\/\\\/klap.ee\\\/product\\\/herman-miller-gaming-sayl\\\/\",\"name\":\"Herman Miller Gaming Sayl (New) | \u20ac863 | 6 Colours | KLAP\",\"isPartOf\":{\"@id\":\"https:\\\/\\\/klap.ee\\\/#website\"},\"primaryImageOfPage\":{\"@id\":\"https:\\\/\\\/klap.ee\\\/product\\\/herman-miller-gaming-sayl\\\/#primaryimage\"},\"image\":{\"@id\":\"https:\\\/\\\/klap.ee\\\/product\\\/herman-miller-gaming-sayl\\\/#primaryimage\"},\"thumbnailUrl\":\"https:\\\/\\\/klap.ee\\\/wp-content\\\/uploads\\\/2025\\\/08\\\/Untitled-design-1.png\",\"datePublished\":\"2025-08-05T07:56:38+00:00\",\"dateModified\":\"2026-05-04T11:33:04+00:00\",\"description\":\"Buy the Herman Miller Gaming Sayl for \u20ac863. Brand new, 4D armrests, PostureFit, Harmonic Tilt, 12-year warranty. 6 colours: Black, Fog, White, Berry Blue, Green Apple, Red. Fast delivery.\",\"breadcrumb\":{\"@id\":\"https:\\\/\\\/klap.ee\\\/product\\\/herman-miller-gaming-sayl\\\/#breadcrumb\"},\"inLanguage\":\"fi\",\"potentialAction\":[{\"@type\":\"ReadAction\",\"target\":[\"https:\\\/\\\/klap.ee\\\/product\\\/herman-miller-gaming-sayl\\\/\"]}]},{\"@type\":\"ImageObject\",\"inLanguage\":\"fi\",\"@id\":\"https:\\\/\\\/klap.ee\\\/product\\\/herman-miller-gaming-sayl\\\/#primaryimage\",\"url\":\"https:\\\/\\\/klap.ee\\\/wp-content\\\/uploads\\\/2025\\\/08\\\/Untitled-design-1.png\",\"contentUrl\":\"https:\\\/\\\/klap.ee\\\/wp-content\\\/uploads\\\/2025\\\/08\\\/Untitled-design-1.png\",\"width\":1600,\"height\":1600},{\"@type\":\"BreadcrumbList\",\"@id\":\"https:\\\/\\\/klap.ee\\\/product\\\/herman-miller-gaming-sayl\\\/#breadcrumb\",\"itemListElement\":[{\"@type\":\"ListItem\",\"position\":1,\"name\":\"Home\",\"item\":\"https:\\\/\\\/klap.ee\\\/\"},{\"@type\":\"ListItem\",\"position\":2,\"name\":\"Products\",\"item\":\"https:\\\/\\\/klap.ee\\\/ergonomic-office-chairs\\\/\"},{\"@type\":\"ListItem\",\"position\":3,\"name\":\"Herman Miller Gaming Sayl\"}]},{\"@type\":\"WebSite\",\"@id\":\"https:\\\/\\\/klap.ee\\\/#website\",\"url\":\"https:\\\/\\\/klap.ee\\\/\",\"name\":\"KLAP\",\"description\":\"J\u00e4tkusuutliku disainm\u00f6\u00f6bli pood\",\"publisher\":{\"@id\":\"https:\\\/\\\/klap.ee\\\/#organization\"},\"potentialAction\":[{\"@type\":\"SearchAction\",\"target\":{\"@type\":\"EntryPoint\",\"urlTemplate\":\"https:\\\/\\\/klap.ee\\\/?s={search_term_string}\"},\"query-input\":{\"@type\":\"PropertyValueSpecification\",\"valueRequired\":true,\"valueName\":\"search_term_string\"}}],\"inLanguage\":\"fi\"},{\"@type\":\"Organization\",\"@id\":\"https:\\\/\\\/klap.ee\\\/#organization\",\"name\":\"KLAP\",\"url\":\"https:\\\/\\\/klap.ee\\\/\",\"logo\":{\"@type\":\"ImageObject\",\"inLanguage\":\"fi\",\"@id\":\"https:\\\/\\\/klap.ee\\\/#\\\/schema\\\/logo\\\/image\\\/\",\"url\":\"https:\\\/\\\/klap.ee\\\/wp-content\\\/uploads\\\/2025\\\/03\\\/klap_logo_transparent_410x158.png\",\"contentUrl\":\"https:\\\/\\\/klap.ee\\\/wp-content\\\/uploads\\\/2025\\\/03\\\/klap_logo_transparent_410x158.png\",\"width\":410,\"height\":158,\"caption\":\"KLAP\"},\"image\":{\"@id\":\"https:\\\/\\\/klap.ee\\\/#\\\/schema\\\/logo\\\/image\\\/\"}}]}<\/script>\n<!-- \/ Yoast SEO plugin. -->","yoast_head_json":{"title":"Herman Miller Gaming Sayl (New) | \u20ac863 | 6 Colours | KLAP","description":"Buy the Herman Miller Gaming Sayl for \u20ac863. Brand new, 4D armrests, PostureFit, Harmonic Tilt, 12-year warranty. 6 colours: Black, Fog, White, Berry Blue, Green Apple, Red. Fast delivery.","robots":{"index":"index","follow":"follow","max-snippet":"max-snippet:-1","max-image-preview":"max-image-preview:large","max-video-preview":"max-video-preview:-1"},"canonical":"https:\/\/klap.ee\/fi\/tuote\/herman-miller-gaming-sayl\/","og_locale":"fi_FI","og_type":"article","og_title":"Herman Miller Gaming Sayl (New) | \u20ac863 | 6 Colours | KLAP","og_description":"Buy the Herman Miller Gaming Sayl for \u20ac863. Brand new, 4D armrests, PostureFit, Harmonic Tilt, 12-year warranty. 6 colours: Black, Fog, White, Berry Blue, Green Apple, Red. Fast delivery.","og_url":"https:\/\/klap.ee\/fi\/tuote\/herman-miller-gaming-sayl\/","og_site_name":"KLAP","article_modified_time":"2026-05-04T11:33:04+00:00","og_image":[{"url":"https:\/\/klap.ee\/wp-content\/uploads\/2025\/08\/Untitled-design-1.png","width":760,"height":760,"type":"image\/png"}],"twitter_card":"summary_large_image","twitter_misc":{"Arvioitu lukuaika":"3 minuuttia"},"schema":{"@context":"https:\/\/schema.org","@graph":[{"@type":"WebPage","@id":"https:\/\/klap.ee\/product\/herman-miller-gaming-sayl\/","url":"https:\/\/klap.ee\/product\/herman-miller-gaming-sayl\/","name":"Herman Miller Gaming Sayl (New) | \u20ac863 | 6 Colours | KLAP","isPartOf":{"@id":"https:\/\/klap.ee\/#website"},"primaryImageOfPage":{"@id":"https:\/\/klap.ee\/product\/herman-miller-gaming-sayl\/#primaryimage"},"image":{"@id":"https:\/\/klap.ee\/product\/herman-miller-gaming-sayl\/#primaryimage"},"thumbnailUrl":"https:\/\/klap.ee\/wp-content\/uploads\/2025\/08\/Untitled-design-1.png","datePublished":"2025-08-05T07:56:38+00:00","dateModified":"2026-05-04T11:33:04+00:00","description":"Buy the Herman Miller Gaming Sayl for \u20ac863. Brand new, 4D armrests, PostureFit, Harmonic Tilt, 12-year warranty. 6 colours: Black, Fog, White, Berry Blue, Green Apple, Red. Fast delivery.","breadcrumb":{"@id":"https:\/\/klap.ee\/product\/herman-miller-gaming-sayl\/#breadcrumb"},"inLanguage":"fi","potentialAction":[{"@type":"ReadAction","target":["https:\/\/klap.ee\/product\/herman-miller-gaming-sayl\/"]}]},{"@type":"ImageObject","inLanguage":"fi","@id":"https:\/\/klap.ee\/product\/herman-miller-gaming-sayl\/#primaryimage","url":"https:\/\/klap.ee\/wp-content\/uploads\/2025\/08\/Untitled-design-1.png","contentUrl":"https:\/\/klap.ee\/wp-content\/uploads\/2025\/08\/Untitled-design-1.png","width":1600,"height":1600},{"@type":"BreadcrumbList","@id":"https:\/\/klap.ee\/product\/herman-miller-gaming-sayl\/#breadcrumb","itemListElement":[{"@type":"ListItem","position":1,"name":"Home","item":"https:\/\/klap.ee\/"},{"@type":"ListItem","position":2,"name":"Products","item":"https:\/\/klap.ee\/ergonomic-office-chairs\/"},{"@type":"ListItem","position":3,"name":"Herman Miller Gaming Sayl"}]},{"@type":"WebSite","@id":"https:\/\/klap.ee\/#website","url":"https:\/\/klap.ee\/","name":"KLAP","description":"J\u00e4tkusuutliku disainm\u00f6\u00f6bli pood","publisher":{"@id":"https:\/\/klap.ee\/#organization"},"potentialAction":[{"@type":"SearchAction","target":{"@type":"EntryPoint","urlTemplate":"https:\/\/klap.ee\/?s={search_term_string}"},"query-input":{"@type":"PropertyValueSpecification","valueRequired":true,"valueName":"search_term_string"}}],"inLanguage":"fi"},{"@type":"Organization","@id":"https:\/\/klap.ee\/#organization","name":"KLAP","url":"https:\/\/klap.ee\/","logo":{"@type":"ImageObject","inLanguage":"fi","@id":"https:\/\/klap.ee\/#\/schema\/logo\/image\/","url":"https:\/\/klap.ee\/wp-content\/uploads\/2025\/03\/klap_logo_transparent_410x158.png","contentUrl":"https:\/\/klap.ee\/wp-content\/uploads\/2025\/03\/klap_logo_transparent_410x158.png","width":410,"height":158,"caption":"KLAP"},"image":{"@id":"https:\/\/klap.ee\/#\/schema\/logo\/image\/"}}]}},"_links":{"self":[{"href":"https:\/\/klap.ee\/fi\/wp-json\/wp\/v2\/product\/2506","targetHints":{"allow":["GET"]}}],"collection":[{"href":"https:\/\/klap.ee\/fi\/wp-json\/wp\/v2\/product"}],"about":[{"href":"https:\/\/klap.ee\/fi\/wp-json\/wp\/v2\/types\/product"}],"wp:featuredmedia":[{"embeddable":true,"href":"https:\/\/klap.ee\/fi\/wp-json\/wp\/v2\/media\/3537"}],"wp:attachment":[{"href":"https:\/\/klap.ee\/fi\/wp-json\/wp\/v2\/media?parent=2506"}],"wp:term":[{"taxonomy":"product_brand","embeddable":true,"href":"https:\/\/klap.ee\/fi\/wp-json\/wp\/v2\/product_brand?post=2506"},{"taxonomy":"product_cat","embeddable":true,"href":"https:\/\/klap.ee\/fi\/wp-json\/wp\/v2\/product_cat?post=2506"},{"taxonomy":"product_tag","embeddable":true,"href":"https:\/\/klap.ee\/fi\/wp-json\/wp\/v2\/product_tag?post=2506"}],"curies":[{"name":"wp","href":"https:\/\/api.w.org\/{rel}","templated":true}]}}