{"id":2538,"date":"2025-08-12T07:29:14","date_gmt":"2025-08-12T07:29:14","guid":{"rendered":"https:\/\/klap.ee\/?post_type=product&#038;p=2538"},"modified":"2026-05-02T12:45:31","modified_gmt":"2026-05-02T12:45:31","slug":"herman-miller-embody-gaming-chair-headrest","status":"publish","type":"product","link":"https:\/\/klap.ee\/fi\/tuote\/herman-miller-embody-gaming-chair-headrest\/","title":{"rendered":"Atlas-p\u00e4\u00e4ntuki Embody-pelituolille"},"content":{"rendered":"<h2><strong>Tuotteen kuvaus<\/strong><\/h2>\n<p>The\u00a0Atlas Headrest is undoubtedly the best headrest ever designed for your Embody Chair. Engineered from the ground up to complement your chair beautifully and maximize your ergonomic investment. Materials and craftsmanship have been perfected to perfectly complement your chair. Proudly designed, engineered, and manufactured in the USA.<\/p>\n<p><strong>T\u00e4ydellinen istuvuus &amp; ensiluokkainen k\u00e4sity\u00f6taito<\/strong><br \/>\nThe Atlas Headrest blends seamlessly with the iconic design of the Embody chair. Built with premium materials and precise craftsmanship, it meets the high-quality standards of Herman Miller \u2013 a true upgrade for all Embody users.<\/p>\n<h3>T\u00e4rkeimm\u00e4t ominaisuudet<\/h3>\n<ul>\n<li><strong>Optimaalinen niskatuki:<\/strong>\u00a0V\u00e4hent\u00e4\u00e4 kaularankaan kohdistuvaa painetta pitkien istuntojen aikana.<\/li>\n<li><strong>Suunnittelun yhteensopivuus:<\/strong>\u00a0Tailored to match the Embody Chair in the\u00a0<em>Sync Gaming<\/em>\u00a0look<\/li>\n<li><strong>Seuraavan tason ergonomia:<\/strong>\u00a0T\u00e4ydent\u00e4\u00e4 Embodyn nykyist\u00e4 selk\u00e4tukea.<\/li>\n<li><strong>Huipputuotanto:<\/strong>\u00a0Valmistettu USA:ssa kest\u00e4vyytt\u00e4 painottaen.<\/li>\n<li><strong>Helppo asennus:<\/strong>\u00a0Nopea ja turvallinen kiinnitys tuoliin<\/li>\n<li><strong>Huippulaatua:<\/strong> Atlas-p\u00e4\u00e4ntuet tarjoavat samaa korkeaa laatua, jota odotat Herman Millerilt\u00e4.<\/li>\n<li class=\"translation-block\"><strong>Takuu:<\/strong> P\u00e4\u00e4ntuilla on <strong>3 vuoden takuu<\/strong>, joten voit luottaa niiden kest\u00e4vyyteen ja laatuun.<\/li>\n<\/ul>\n<h2>Yleist\u00e4<\/h2>\n<p>These items are new. Same day \/ next day delivery.<\/p>","protected":false},"excerpt":{"rendered":"<p>\u2713 Brand new \u2013 specifically designed for Embody Gaming Chair<br \/>\n\u2713 Matches all 4 Embody Gaming colours: Black, Galaxy, Amethyst, Cyan<br \/>\n\u2713 Valmistettu Yhdysvalloissa, ensiluokkaiset materiaalit<br \/>\n\u2713 3 vuoden takuu<br \/>\n\u2713 L\u00e4hetys samana p\u00e4iv\u00e4n\u00e4<\/p>","protected":false},"featured_media":2861,"template":"","meta":{"_themeisle_gutenberg_block_has_review":false,"iawp_total_views":60},"product_brand":[71],"product_cat":[70,115,114,112,25],"product_tag":[72,74,73,76],"class_list":{"0":"post-2538","1":"product","2":"type-product","3":"status-publish","4":"has-post-thumbnail","6":"product_brand-atlas-headrest","7":"product_cat-atlas-headrest","8":"product_cat-brands","9":"product_cat-office-chair-headrests","10":"product_cat-office-furniture","11":"product_cat-office-furniture-1","12":"product_tag-atlas-headrest","13":"product_tag-embody","14":"product_tag-herman-miller","15":"product_tag-new","16":"product_shipping_class-peatoed","18":"first","19":"instock","20":"taxable","21":"shipping-taxable","22":"purchasable","23":"product-type-variable"},"yoast_head":"<!-- This site is optimized with the Yoast SEO plugin v27.6 - https:\/\/yoast.com\/product\/yoast-seo-wordpress\/ -->\n<title>Herman Miller Embody Gaming Chair Headrest | Atlas | \u20ac229 | KLAP<\/title>\n<meta name=\"description\" content=\"Add neck support to your Herman Miller Embody Gaming Chair with the Atlas Headrest. Made in USA, 3-year warranty, matches all Embody Gaming colours. Black, Galaxy, Amethyst, Cyan. Same day delivery. \u20ac229.\" \/>\n<meta name=\"robots\" content=\"index, follow, max-snippet:-1, max-image-preview:large, max-video-preview:-1\" \/>\n<link rel=\"canonical\" href=\"https:\/\/klap.ee\/fi\/tuote\/herman-miller-embody-gaming-chair-headrest\/\" \/>\n<meta property=\"og:locale\" content=\"fi_FI\" \/>\n<meta property=\"og:type\" content=\"article\" \/>\n<meta property=\"og:title\" content=\"Herman Miller Embody Gaming Chair Headrest | Atlas | \u20ac229 | KLAP\" \/>\n<meta property=\"og:description\" content=\"Add neck support to your Herman Miller Embody Gaming Chair with the Atlas Headrest. Made in USA, 3-year warranty, matches all Embody Gaming colours. Black, Galaxy, Amethyst, Cyan. Same day delivery. \u20ac229.\" \/>\n<meta property=\"og:url\" content=\"https:\/\/klap.ee\/fi\/tuote\/herman-miller-embody-gaming-chair-headrest\/\" \/>\n<meta property=\"og:site_name\" content=\"KLAP\" \/>\n<meta property=\"article:modified_time\" content=\"2026-05-02T12:45:31+00:00\" \/>\n<meta property=\"og:image\" content=\"http:\/\/klap.ee\/wp-content\/uploads\/2025\/08\/Embody-Gaming-Black-GraphiteFrameGraphiteBackv2-1024x1024.png\" \/>\n\t<meta property=\"og:image:width\" content=\"1024\" \/>\n\t<meta property=\"og:image:height\" content=\"1024\" \/>\n\t<meta property=\"og:image:type\" content=\"image\/png\" \/>\n<meta name=\"twitter:card\" content=\"summary_large_image\" \/>\n<meta name=\"twitter:label1\" content=\"Arvioitu lukuaika\" \/>\n\t<meta name=\"twitter:data1\" content=\"2 minuuttia\" \/>\n<script type=\"application\/ld+json\" class=\"yoast-schema-graph\">{\"@context\":\"https:\\\/\\\/schema.org\",\"@graph\":[{\"@type\":\"WebPage\",\"@id\":\"https:\\\/\\\/klap.ee\\\/product\\\/herman-miller-embody-gaming-chair-headrest\\\/\",\"url\":\"https:\\\/\\\/klap.ee\\\/product\\\/herman-miller-embody-gaming-chair-headrest\\\/\",\"name\":\"Herman Miller Embody Gaming Chair Headrest | Atlas | \u20ac229 | KLAP\",\"isPartOf\":{\"@id\":\"https:\\\/\\\/klap.ee\\\/#website\"},\"primaryImageOfPage\":{\"@id\":\"https:\\\/\\\/klap.ee\\\/product\\\/herman-miller-embody-gaming-chair-headrest\\\/#primaryimage\"},\"image\":{\"@id\":\"https:\\\/\\\/klap.ee\\\/product\\\/herman-miller-embody-gaming-chair-headrest\\\/#primaryimage\"},\"thumbnailUrl\":\"https:\\\/\\\/klap.ee\\\/wp-content\\\/uploads\\\/2025\\\/08\\\/Embody-Gaming-Black-GraphiteFrameGraphiteBackv2.png\",\"datePublished\":\"2025-08-12T07:29:14+00:00\",\"dateModified\":\"2026-05-02T12:45:31+00:00\",\"description\":\"Add neck support to your Herman Miller Embody Gaming Chair with the Atlas Headrest. Made in USA, 3-year warranty, matches all Embody Gaming colours. Black, Galaxy, Amethyst, Cyan. Same day delivery. \u20ac229.\",\"breadcrumb\":{\"@id\":\"https:\\\/\\\/klap.ee\\\/product\\\/herman-miller-embody-gaming-chair-headrest\\\/#breadcrumb\"},\"inLanguage\":\"fi\",\"potentialAction\":[{\"@type\":\"ReadAction\",\"target\":[\"https:\\\/\\\/klap.ee\\\/product\\\/herman-miller-embody-gaming-chair-headrest\\\/\"]}]},{\"@type\":\"ImageObject\",\"inLanguage\":\"fi\",\"@id\":\"https:\\\/\\\/klap.ee\\\/product\\\/herman-miller-embody-gaming-chair-headrest\\\/#primaryimage\",\"url\":\"https:\\\/\\\/klap.ee\\\/wp-content\\\/uploads\\\/2025\\\/08\\\/Embody-Gaming-Black-GraphiteFrameGraphiteBackv2.png\",\"contentUrl\":\"https:\\\/\\\/klap.ee\\\/wp-content\\\/uploads\\\/2025\\\/08\\\/Embody-Gaming-Black-GraphiteFrameGraphiteBackv2.png\",\"width\":1800,\"height\":1800},{\"@type\":\"BreadcrumbList\",\"@id\":\"https:\\\/\\\/klap.ee\\\/product\\\/herman-miller-embody-gaming-chair-headrest\\\/#breadcrumb\",\"itemListElement\":[{\"@type\":\"ListItem\",\"position\":1,\"name\":\"Home\",\"item\":\"https:\\\/\\\/klap.ee\\\/\"},{\"@type\":\"ListItem\",\"position\":2,\"name\":\"Products\",\"item\":\"https:\\\/\\\/klap.ee\\\/ergonomic-office-chairs\\\/\"},{\"@type\":\"ListItem\",\"position\":3,\"name\":\"Atlas Headrest for Embody Gaming Chair\"}]},{\"@type\":\"WebSite\",\"@id\":\"https:\\\/\\\/klap.ee\\\/#website\",\"url\":\"https:\\\/\\\/klap.ee\\\/\",\"name\":\"KLAP\",\"description\":\"J\u00e4tkusuutliku disainm\u00f6\u00f6bli pood\",\"publisher\":{\"@id\":\"https:\\\/\\\/klap.ee\\\/#organization\"},\"potentialAction\":[{\"@type\":\"SearchAction\",\"target\":{\"@type\":\"EntryPoint\",\"urlTemplate\":\"https:\\\/\\\/klap.ee\\\/?s={search_term_string}\"},\"query-input\":{\"@type\":\"PropertyValueSpecification\",\"valueRequired\":true,\"valueName\":\"search_term_string\"}}],\"inLanguage\":\"fi\"},{\"@type\":\"Organization\",\"@id\":\"https:\\\/\\\/klap.ee\\\/#organization\",\"name\":\"KLAP\",\"url\":\"https:\\\/\\\/klap.ee\\\/\",\"logo\":{\"@type\":\"ImageObject\",\"inLanguage\":\"fi\",\"@id\":\"https:\\\/\\\/klap.ee\\\/#\\\/schema\\\/logo\\\/image\\\/\",\"url\":\"https:\\\/\\\/klap.ee\\\/wp-content\\\/uploads\\\/2025\\\/03\\\/klap_logo_transparent_410x158.png\",\"contentUrl\":\"https:\\\/\\\/klap.ee\\\/wp-content\\\/uploads\\\/2025\\\/03\\\/klap_logo_transparent_410x158.png\",\"width\":410,\"height\":158,\"caption\":\"KLAP\"},\"image\":{\"@id\":\"https:\\\/\\\/klap.ee\\\/#\\\/schema\\\/logo\\\/image\\\/\"}}]}<\/script>\n<!-- \/ Yoast SEO plugin. -->","yoast_head_json":{"title":"Herman Miller Embody Gaming Chair Headrest | Atlas | \u20ac229 | KLAP","description":"Add neck support to your Herman Miller Embody Gaming Chair with the Atlas Headrest. Made in USA, 3-year warranty, matches all Embody Gaming colours. Black, Galaxy, Amethyst, Cyan. Same day delivery. \u20ac229.","robots":{"index":"index","follow":"follow","max-snippet":"max-snippet:-1","max-image-preview":"max-image-preview:large","max-video-preview":"max-video-preview:-1"},"canonical":"https:\/\/klap.ee\/fi\/tuote\/herman-miller-embody-gaming-chair-headrest\/","og_locale":"fi_FI","og_type":"article","og_title":"Herman Miller Embody Gaming Chair Headrest | Atlas | \u20ac229 | KLAP","og_description":"Add neck support to your Herman Miller Embody Gaming Chair with the Atlas Headrest. Made in USA, 3-year warranty, matches all Embody Gaming colours. Black, Galaxy, Amethyst, Cyan. Same day delivery. \u20ac229.","og_url":"https:\/\/klap.ee\/fi\/tuote\/herman-miller-embody-gaming-chair-headrest\/","og_site_name":"KLAP","article_modified_time":"2026-05-02T12:45:31+00:00","og_image":[{"width":1024,"height":1024,"url":"http:\/\/klap.ee\/wp-content\/uploads\/2025\/08\/Embody-Gaming-Black-GraphiteFrameGraphiteBackv2-1024x1024.png","type":"image\/png"}],"twitter_card":"summary_large_image","twitter_misc":{"Arvioitu lukuaika":"2 minuuttia"},"schema":{"@context":"https:\/\/schema.org","@graph":[{"@type":"WebPage","@id":"https:\/\/klap.ee\/product\/herman-miller-embody-gaming-chair-headrest\/","url":"https:\/\/klap.ee\/product\/herman-miller-embody-gaming-chair-headrest\/","name":"Herman Miller Embody Gaming Chair Headrest | Atlas | \u20ac229 | KLAP","isPartOf":{"@id":"https:\/\/klap.ee\/#website"},"primaryImageOfPage":{"@id":"https:\/\/klap.ee\/product\/herman-miller-embody-gaming-chair-headrest\/#primaryimage"},"image":{"@id":"https:\/\/klap.ee\/product\/herman-miller-embody-gaming-chair-headrest\/#primaryimage"},"thumbnailUrl":"https:\/\/klap.ee\/wp-content\/uploads\/2025\/08\/Embody-Gaming-Black-GraphiteFrameGraphiteBackv2.png","datePublished":"2025-08-12T07:29:14+00:00","dateModified":"2026-05-02T12:45:31+00:00","description":"Add neck support to your Herman Miller Embody Gaming Chair with the Atlas Headrest. Made in USA, 3-year warranty, matches all Embody Gaming colours. Black, Galaxy, Amethyst, Cyan. Same day delivery. \u20ac229.","breadcrumb":{"@id":"https:\/\/klap.ee\/product\/herman-miller-embody-gaming-chair-headrest\/#breadcrumb"},"inLanguage":"fi","potentialAction":[{"@type":"ReadAction","target":["https:\/\/klap.ee\/product\/herman-miller-embody-gaming-chair-headrest\/"]}]},{"@type":"ImageObject","inLanguage":"fi","@id":"https:\/\/klap.ee\/product\/herman-miller-embody-gaming-chair-headrest\/#primaryimage","url":"https:\/\/klap.ee\/wp-content\/uploads\/2025\/08\/Embody-Gaming-Black-GraphiteFrameGraphiteBackv2.png","contentUrl":"https:\/\/klap.ee\/wp-content\/uploads\/2025\/08\/Embody-Gaming-Black-GraphiteFrameGraphiteBackv2.png","width":1800,"height":1800},{"@type":"BreadcrumbList","@id":"https:\/\/klap.ee\/product\/herman-miller-embody-gaming-chair-headrest\/#breadcrumb","itemListElement":[{"@type":"ListItem","position":1,"name":"Home","item":"https:\/\/klap.ee\/"},{"@type":"ListItem","position":2,"name":"Products","item":"https:\/\/klap.ee\/ergonomic-office-chairs\/"},{"@type":"ListItem","position":3,"name":"Atlas Headrest for Embody Gaming Chair"}]},{"@type":"WebSite","@id":"https:\/\/klap.ee\/#website","url":"https:\/\/klap.ee\/","name":"KLAP","description":"J\u00e4tkusuutliku disainm\u00f6\u00f6bli pood","publisher":{"@id":"https:\/\/klap.ee\/#organization"},"potentialAction":[{"@type":"SearchAction","target":{"@type":"EntryPoint","urlTemplate":"https:\/\/klap.ee\/?s={search_term_string}"},"query-input":{"@type":"PropertyValueSpecification","valueRequired":true,"valueName":"search_term_string"}}],"inLanguage":"fi"},{"@type":"Organization","@id":"https:\/\/klap.ee\/#organization","name":"KLAP","url":"https:\/\/klap.ee\/","logo":{"@type":"ImageObject","inLanguage":"fi","@id":"https:\/\/klap.ee\/#\/schema\/logo\/image\/","url":"https:\/\/klap.ee\/wp-content\/uploads\/2025\/03\/klap_logo_transparent_410x158.png","contentUrl":"https:\/\/klap.ee\/wp-content\/uploads\/2025\/03\/klap_logo_transparent_410x158.png","width":410,"height":158,"caption":"KLAP"},"image":{"@id":"https:\/\/klap.ee\/#\/schema\/logo\/image\/"}}]}},"_links":{"self":[{"href":"https:\/\/klap.ee\/fi\/wp-json\/wp\/v2\/product\/2538","targetHints":{"allow":["GET"]}}],"collection":[{"href":"https:\/\/klap.ee\/fi\/wp-json\/wp\/v2\/product"}],"about":[{"href":"https:\/\/klap.ee\/fi\/wp-json\/wp\/v2\/types\/product"}],"wp:featuredmedia":[{"embeddable":true,"href":"https:\/\/klap.ee\/fi\/wp-json\/wp\/v2\/media\/2861"}],"wp:attachment":[{"href":"https:\/\/klap.ee\/fi\/wp-json\/wp\/v2\/media?parent=2538"}],"wp:term":[{"taxonomy":"product_brand","embeddable":true,"href":"https:\/\/klap.ee\/fi\/wp-json\/wp\/v2\/product_brand?post=2538"},{"taxonomy":"product_cat","embeddable":true,"href":"https:\/\/klap.ee\/fi\/wp-json\/wp\/v2\/product_cat?post=2538"},{"taxonomy":"product_tag","embeddable":true,"href":"https:\/\/klap.ee\/fi\/wp-json\/wp\/v2\/product_tag?post=2538"}],"curies":[{"name":"wp","href":"https:\/\/api.w.org\/{rel}","templated":true}]}}