{"id":2574,"date":"2025-08-12T08:32:19","date_gmt":"2025-08-12T08:32:19","guid":{"rendered":"https:\/\/klap.ee\/?post_type=product&#038;p=2574"},"modified":"2026-05-02T12:45:31","modified_gmt":"2026-05-02T12:45:31","slug":"herman-miller-embody-headrest-white","status":"publish","type":"product","link":"https:\/\/klap.ee\/fi\/tuote\/herman-miller-embody-headrest-white\/","title":{"rendered":"Atlas-p\u00e4\u00e4ntuki Embody White -malliin"},"content":{"rendered":"<h2><strong>Tuotteen kuvaus<\/strong><\/h2>\n<p>The\u00a0<strong>Atlas Headrest<\/strong> on ep\u00e4ilem\u00e4tt\u00e4 paras koskaan Embody-tuoliin suunniteltu p\u00e4\u00e4ntuki. Se on suunniteltu alusta asti t\u00e4ydent\u00e4m\u00e4\u00e4n tuoliasi kauniisti ja maksimoimaan ergonomiainvestointisi. Materiaalit ja k\u00e4sity\u00f6taito on viimeistelty t\u00e4ydent\u00e4m\u00e4\u00e4n tuoliasi t\u00e4ydellisesti. Suunniteltu, suunniteltu ja valmistettu ylpe\u00e4n\u00e4 Yhdysvalloissa.<\/p>\n<h2>T\u00e4rkeimm\u00e4t ominaisuudet<\/h2>\n<ul>\n<li><strong>Optimaalinen niskatuki:<\/strong>\u00a0V\u00e4hent\u00e4\u00e4 kaularankaan kohdistuvaa painetta pitkien istuntojen aikana.<\/li>\n<li><strong>Suunnittelun yhteensopivuus:<\/strong> R\u00e4\u00e4t\u00e4l\u00f6ity vastaamaan Embody-tuolia<\/li>\n<li><strong>Seuraavan tason ergonomia:<\/strong>\u00a0T\u00e4ydent\u00e4\u00e4 Embodyn nykyist\u00e4 selk\u00e4tukea.<\/li>\n<li><strong>Huipputuotanto:<\/strong>\u00a0Valmistettu USA:ssa kest\u00e4vyytt\u00e4 painottaen.<\/li>\n<li><strong>Helppo asennus:<\/strong>\u00a0Nopea ja turvallinen kiinnitys tuoliin<\/li>\n<li><strong>Huippulaatua:<\/strong>\u00a0Atlas-p\u00e4\u00e4ntuet tarjoavat samaa korkeaa laatua, jota odotat Herman Millerilt\u00e4.<\/li>\n<li class=\"translation-block\"><strong>Takuu:<\/strong> P\u00e4\u00e4ntuilla on <strong>3 vuoden takuu<\/strong>, joten voit luottaa niiden kest\u00e4vyyteen ja laatuun.<\/li>\n<li><\/li>\n<\/ul>\n<h2>Yleist\u00e4<\/h2>\n<p>N\u00e4m\u00e4 tuotteet ovat uusia.<\/p>","protected":false},"excerpt":{"rendered":"<p>\u2713 Upouusi - suunniteltu Embodyyn valkoisella kehyksell\u00e4 varustettuna<br \/>\n\u2713 4 v\u00e4rivaihtoehtoa: Chutney, Nightfall, Pine Cone, Musta.<br \/>\n\u2713 Valmistettu Yhdysvalloissa, ensiluokkaiset materiaalit<br \/>\n\u2713 3 vuoden takuu<br \/>\n\u2713 L\u00e4hetys samana p\u00e4iv\u00e4n\u00e4<\/p>","protected":false},"featured_media":2586,"template":"","meta":{"_themeisle_gutenberg_block_has_review":false,"iawp_total_views":22},"product_brand":[71],"product_cat":[70,115,114,112,25],"product_tag":[72,74,73,76],"class_list":{"0":"post-2574","1":"product","2":"type-product","3":"status-publish","4":"has-post-thumbnail","6":"product_brand-atlas-headrest","7":"product_cat-atlas-headrest","8":"product_cat-brands","9":"product_cat-office-chair-headrests","10":"product_cat-office-furniture","11":"product_cat-office-furniture-1","12":"product_tag-atlas-headrest","13":"product_tag-embody","14":"product_tag-herman-miller","15":"product_tag-new","16":"product_shipping_class-peatoed","18":"first","19":"instock","20":"taxable","21":"shipping-taxable","22":"purchasable","23":"product-type-variable"},"yoast_head":"<!-- This site is optimized with the Yoast SEO plugin v27.6 - https:\/\/yoast.com\/product\/yoast-seo-wordpress\/ -->\n<title>Herman Miller Embody Headrest (White Frame) | Atlas | \u20ac219 | KLAP<\/title>\n<meta name=\"description\" content=\"Add neck support to your Herman Miller Embody chair with the Atlas Headrest for White frame. Made in USA, 3-year warranty, 4 colour options. Same day dispatch. \u20ac219.\" \/>\n<meta name=\"robots\" content=\"index, follow, max-snippet:-1, max-image-preview:large, max-video-preview:-1\" \/>\n<link rel=\"canonical\" href=\"https:\/\/klap.ee\/fi\/tuote\/herman-miller-embody-headrest-white\/\" \/>\n<meta property=\"og:locale\" content=\"fi_FI\" \/>\n<meta property=\"og:type\" content=\"article\" \/>\n<meta property=\"og:title\" content=\"Herman Miller Embody Headrest (White Frame) | Atlas | \u20ac219 | KLAP\" \/>\n<meta property=\"og:description\" content=\"Add neck support to your Herman Miller Embody chair with the Atlas Headrest for White frame. Made in USA, 3-year warranty, 4 colour options. Same day dispatch. \u20ac219.\" \/>\n<meta property=\"og:url\" content=\"https:\/\/klap.ee\/fi\/tuote\/herman-miller-embody-headrest-white\/\" \/>\n<meta property=\"og:site_name\" content=\"KLAP\" \/>\n<meta property=\"article:modified_time\" content=\"2026-05-02T12:45:31+00:00\" \/>\n<meta property=\"og:image\" content=\"http:\/\/klap.ee\/wp-content\/uploads\/2025\/08\/pine_cone.png\" \/>\n\t<meta property=\"og:image:width\" content=\"800\" \/>\n\t<meta property=\"og:image:height\" content=\"800\" \/>\n\t<meta property=\"og:image:type\" content=\"image\/png\" \/>\n<meta name=\"twitter:card\" content=\"summary_large_image\" \/>\n<meta name=\"twitter:label1\" content=\"Arvioitu lukuaika\" \/>\n\t<meta name=\"twitter:data1\" content=\"1 minuutti\" \/>\n<script type=\"application\/ld+json\" class=\"yoast-schema-graph\">{\"@context\":\"https:\\\/\\\/schema.org\",\"@graph\":[{\"@type\":\"WebPage\",\"@id\":\"https:\\\/\\\/klap.ee\\\/product\\\/herman-miller-embody-headrest-white\\\/\",\"url\":\"https:\\\/\\\/klap.ee\\\/product\\\/herman-miller-embody-headrest-white\\\/\",\"name\":\"Herman Miller Embody Headrest (White Frame) | Atlas | \u20ac219 | KLAP\",\"isPartOf\":{\"@id\":\"https:\\\/\\\/klap.ee\\\/#website\"},\"primaryImageOfPage\":{\"@id\":\"https:\\\/\\\/klap.ee\\\/product\\\/herman-miller-embody-headrest-white\\\/#primaryimage\"},\"image\":{\"@id\":\"https:\\\/\\\/klap.ee\\\/product\\\/herman-miller-embody-headrest-white\\\/#primaryimage\"},\"thumbnailUrl\":\"https:\\\/\\\/klap.ee\\\/wp-content\\\/uploads\\\/2025\\\/08\\\/pine_cone.png\",\"datePublished\":\"2025-08-12T08:32:19+00:00\",\"dateModified\":\"2026-05-02T12:45:31+00:00\",\"description\":\"Add neck support to your Herman Miller Embody chair with the Atlas Headrest for White frame. Made in USA, 3-year warranty, 4 colour options. Same day dispatch. \u20ac219.\",\"breadcrumb\":{\"@id\":\"https:\\\/\\\/klap.ee\\\/product\\\/herman-miller-embody-headrest-white\\\/#breadcrumb\"},\"inLanguage\":\"fi\",\"potentialAction\":[{\"@type\":\"ReadAction\",\"target\":[\"https:\\\/\\\/klap.ee\\\/product\\\/herman-miller-embody-headrest-white\\\/\"]}]},{\"@type\":\"ImageObject\",\"inLanguage\":\"fi\",\"@id\":\"https:\\\/\\\/klap.ee\\\/product\\\/herman-miller-embody-headrest-white\\\/#primaryimage\",\"url\":\"https:\\\/\\\/klap.ee\\\/wp-content\\\/uploads\\\/2025\\\/08\\\/pine_cone.png\",\"contentUrl\":\"https:\\\/\\\/klap.ee\\\/wp-content\\\/uploads\\\/2025\\\/08\\\/pine_cone.png\",\"width\":800,\"height\":800},{\"@type\":\"BreadcrumbList\",\"@id\":\"https:\\\/\\\/klap.ee\\\/product\\\/herman-miller-embody-headrest-white\\\/#breadcrumb\",\"itemListElement\":[{\"@type\":\"ListItem\",\"position\":1,\"name\":\"Home\",\"item\":\"https:\\\/\\\/klap.ee\\\/\"},{\"@type\":\"ListItem\",\"position\":2,\"name\":\"Products\",\"item\":\"https:\\\/\\\/klap.ee\\\/ergonomic-office-chairs\\\/\"},{\"@type\":\"ListItem\",\"position\":3,\"name\":\"Atlas Headrest for Embody White\"}]},{\"@type\":\"WebSite\",\"@id\":\"https:\\\/\\\/klap.ee\\\/#website\",\"url\":\"https:\\\/\\\/klap.ee\\\/\",\"name\":\"KLAP\",\"description\":\"J\u00e4tkusuutliku disainm\u00f6\u00f6bli pood\",\"publisher\":{\"@id\":\"https:\\\/\\\/klap.ee\\\/#organization\"},\"potentialAction\":[{\"@type\":\"SearchAction\",\"target\":{\"@type\":\"EntryPoint\",\"urlTemplate\":\"https:\\\/\\\/klap.ee\\\/?s={search_term_string}\"},\"query-input\":{\"@type\":\"PropertyValueSpecification\",\"valueRequired\":true,\"valueName\":\"search_term_string\"}}],\"inLanguage\":\"fi\"},{\"@type\":\"Organization\",\"@id\":\"https:\\\/\\\/klap.ee\\\/#organization\",\"name\":\"KLAP\",\"url\":\"https:\\\/\\\/klap.ee\\\/\",\"logo\":{\"@type\":\"ImageObject\",\"inLanguage\":\"fi\",\"@id\":\"https:\\\/\\\/klap.ee\\\/#\\\/schema\\\/logo\\\/image\\\/\",\"url\":\"https:\\\/\\\/klap.ee\\\/wp-content\\\/uploads\\\/2025\\\/03\\\/klap_logo_transparent_410x158.png\",\"contentUrl\":\"https:\\\/\\\/klap.ee\\\/wp-content\\\/uploads\\\/2025\\\/03\\\/klap_logo_transparent_410x158.png\",\"width\":410,\"height\":158,\"caption\":\"KLAP\"},\"image\":{\"@id\":\"https:\\\/\\\/klap.ee\\\/#\\\/schema\\\/logo\\\/image\\\/\"}}]}<\/script>\n<!-- \/ Yoast SEO plugin. -->","yoast_head_json":{"title":"Herman Miller Embody Headrest (White Frame) | Atlas | \u20ac219 | KLAP","description":"Add neck support to your Herman Miller Embody chair with the Atlas Headrest for White frame. Made in USA, 3-year warranty, 4 colour options. Same day dispatch. \u20ac219.","robots":{"index":"index","follow":"follow","max-snippet":"max-snippet:-1","max-image-preview":"max-image-preview:large","max-video-preview":"max-video-preview:-1"},"canonical":"https:\/\/klap.ee\/fi\/tuote\/herman-miller-embody-headrest-white\/","og_locale":"fi_FI","og_type":"article","og_title":"Herman Miller Embody Headrest (White Frame) | Atlas | \u20ac219 | KLAP","og_description":"Add neck support to your Herman Miller Embody chair with the Atlas Headrest for White frame. Made in USA, 3-year warranty, 4 colour options. Same day dispatch. \u20ac219.","og_url":"https:\/\/klap.ee\/fi\/tuote\/herman-miller-embody-headrest-white\/","og_site_name":"KLAP","article_modified_time":"2026-05-02T12:45:31+00:00","og_image":[{"width":800,"height":800,"url":"http:\/\/klap.ee\/wp-content\/uploads\/2025\/08\/pine_cone.png","type":"image\/png"}],"twitter_card":"summary_large_image","twitter_misc":{"Arvioitu lukuaika":"1 minuutti"},"schema":{"@context":"https:\/\/schema.org","@graph":[{"@type":"WebPage","@id":"https:\/\/klap.ee\/product\/herman-miller-embody-headrest-white\/","url":"https:\/\/klap.ee\/product\/herman-miller-embody-headrest-white\/","name":"Herman Miller Embody Headrest (White Frame) | Atlas | \u20ac219 | KLAP","isPartOf":{"@id":"https:\/\/klap.ee\/#website"},"primaryImageOfPage":{"@id":"https:\/\/klap.ee\/product\/herman-miller-embody-headrest-white\/#primaryimage"},"image":{"@id":"https:\/\/klap.ee\/product\/herman-miller-embody-headrest-white\/#primaryimage"},"thumbnailUrl":"https:\/\/klap.ee\/wp-content\/uploads\/2025\/08\/pine_cone.png","datePublished":"2025-08-12T08:32:19+00:00","dateModified":"2026-05-02T12:45:31+00:00","description":"Add neck support to your Herman Miller Embody chair with the Atlas Headrest for White frame. Made in USA, 3-year warranty, 4 colour options. Same day dispatch. \u20ac219.","breadcrumb":{"@id":"https:\/\/klap.ee\/product\/herman-miller-embody-headrest-white\/#breadcrumb"},"inLanguage":"fi","potentialAction":[{"@type":"ReadAction","target":["https:\/\/klap.ee\/product\/herman-miller-embody-headrest-white\/"]}]},{"@type":"ImageObject","inLanguage":"fi","@id":"https:\/\/klap.ee\/product\/herman-miller-embody-headrest-white\/#primaryimage","url":"https:\/\/klap.ee\/wp-content\/uploads\/2025\/08\/pine_cone.png","contentUrl":"https:\/\/klap.ee\/wp-content\/uploads\/2025\/08\/pine_cone.png","width":800,"height":800},{"@type":"BreadcrumbList","@id":"https:\/\/klap.ee\/product\/herman-miller-embody-headrest-white\/#breadcrumb","itemListElement":[{"@type":"ListItem","position":1,"name":"Home","item":"https:\/\/klap.ee\/"},{"@type":"ListItem","position":2,"name":"Products","item":"https:\/\/klap.ee\/ergonomic-office-chairs\/"},{"@type":"ListItem","position":3,"name":"Atlas Headrest for Embody White"}]},{"@type":"WebSite","@id":"https:\/\/klap.ee\/#website","url":"https:\/\/klap.ee\/","name":"KLAP","description":"J\u00e4tkusuutliku disainm\u00f6\u00f6bli pood","publisher":{"@id":"https:\/\/klap.ee\/#organization"},"potentialAction":[{"@type":"SearchAction","target":{"@type":"EntryPoint","urlTemplate":"https:\/\/klap.ee\/?s={search_term_string}"},"query-input":{"@type":"PropertyValueSpecification","valueRequired":true,"valueName":"search_term_string"}}],"inLanguage":"fi"},{"@type":"Organization","@id":"https:\/\/klap.ee\/#organization","name":"KLAP","url":"https:\/\/klap.ee\/","logo":{"@type":"ImageObject","inLanguage":"fi","@id":"https:\/\/klap.ee\/#\/schema\/logo\/image\/","url":"https:\/\/klap.ee\/wp-content\/uploads\/2025\/03\/klap_logo_transparent_410x158.png","contentUrl":"https:\/\/klap.ee\/wp-content\/uploads\/2025\/03\/klap_logo_transparent_410x158.png","width":410,"height":158,"caption":"KLAP"},"image":{"@id":"https:\/\/klap.ee\/#\/schema\/logo\/image\/"}}]}},"_links":{"self":[{"href":"https:\/\/klap.ee\/fi\/wp-json\/wp\/v2\/product\/2574","targetHints":{"allow":["GET"]}}],"collection":[{"href":"https:\/\/klap.ee\/fi\/wp-json\/wp\/v2\/product"}],"about":[{"href":"https:\/\/klap.ee\/fi\/wp-json\/wp\/v2\/types\/product"}],"wp:featuredmedia":[{"embeddable":true,"href":"https:\/\/klap.ee\/fi\/wp-json\/wp\/v2\/media\/2586"}],"wp:attachment":[{"href":"https:\/\/klap.ee\/fi\/wp-json\/wp\/v2\/media?parent=2574"}],"wp:term":[{"taxonomy":"product_brand","embeddable":true,"href":"https:\/\/klap.ee\/fi\/wp-json\/wp\/v2\/product_brand?post=2574"},{"taxonomy":"product_cat","embeddable":true,"href":"https:\/\/klap.ee\/fi\/wp-json\/wp\/v2\/product_cat?post=2574"},{"taxonomy":"product_tag","embeddable":true,"href":"https:\/\/klap.ee\/fi\/wp-json\/wp\/v2\/product_tag?post=2574"}],"curies":[{"name":"wp","href":"https:\/\/api.w.org\/{rel}","templated":true}]}}