{"id":3159,"date":"2025-09-26T07:32:28","date_gmt":"2025-09-26T07:32:28","guid":{"rendered":"https:\/\/klap.ee\/?post_type=product&#038;p=3159"},"modified":"2026-05-04T11:33:06","modified_gmt":"2026-05-04T11:33:06","slug":"herman-miller-embody-rhythm-black","status":"publish","type":"product","link":"https:\/\/klap.ee\/fi\/tuote\/herman-miller-embody-rhythm-black\/","title":{"rendered":"Herman Miller Embody Rhythm Musta"},"content":{"rendered":"<h2><strong>Tuotteen kuvaus<\/strong><\/h2>\n<p><strong>Jatkuvaa hyvinvointia varten<\/strong><br \/>Embody-tuoli on kehitetty yli 30 biomekaniikkaan, n\u00e4kemiseen, fysioterapiaan ja ergonomiaan erikoistuneen l\u00e4\u00e4k\u00e4rin ja tohtorin n\u00e4kemysten pohjalta, ja se on suunniteltu niille, jotka ottavat istumisen vakavasti. Se on suunniteltu lievitt\u00e4m\u00e4\u00e4n ep\u00e4mukavuutta ja edist\u00e4m\u00e4\u00e4n terveytt\u00e4 pitk\u00e4ll\u00e4 aikav\u00e4lill\u00e4, ja se tarjoaa vertaansa vailla olevan yhdistelm\u00e4n mukavuutta ja luotettavaa selk\u00e4rangan tukea.<\/p>\n<p>Embody erottuu tavanomaisista toimistotuoleista poikkeuksellisen mukavuutensa, kest\u00e4v\u00e4n selk\u00e4tuen ja innovatiivisen suunnittelufilosofiansa ansiosta. Sen ainutlaatuinen Tri-Flex-selk\u00e4j\u00e4rjestelm\u00e4 mukautuu dynaamisesti jokaiseen liikkeeseen ja tarjoaa kohdennettua tukea kolmella eri vy\u00f6hykkeell\u00e4. Selk\u00e4ranka - mukaan lukien kriittinen lannerangan alue - pysyy oikeassa linjassa, ja verenkierto jalkoihin ja lantioon s\u00e4ilyy my\u00f6s pitkien istumisaikojen aikana.<\/p>\n<p><strong>Ihmiskeskeinen suunnittelu<\/strong><br \/>Ergonomisen huippuosaamisen saavuttamiseksi suunnitteluprosessissa tehtiin laajaa yhteisty\u00f6t\u00e4 l\u00e4\u00e4k\u00e4reiden, fysioterapeuttien ja biomekaniikan asiantuntijoiden kanssa. Istuin koostuu nelj\u00e4st\u00e4 huolellisesti suunnitellusta kerroksesta, joita tukee jousimaisen rakenteen kaltainen rakenne, joka tarjoaa laadukkaan patjan kaltaista mukavuutta. Selk\u00e4noja on rakennettu joustavan rungon ymp\u00e4rille, joka toimii ihmisen luurangon tavoin ja tarjoaa mukautuvaa tukea ja pehmustusta, joka tuntuu niin luonnolliselta, ett\u00e4 saatat unohtaa istuvasi lainkaan.<\/p>\n<h2>T\u00e4rkeimm\u00e4t ominaisuudet<\/h2>\n<ul>\n<li><strong>Piksel\u00f6ity tuki<\/strong><br \/>Pixelated Support -j\u00e4rjestelm\u00e4 tarjoaa ainutlaatuisen painottoman tasapainon tunteen. Sen dynaaminen pikselimatriisi mukautuu jatkuvasti pienimpiinkin asennonmuutoksiin ja jakaa paineen tasaisesti istuimelle ja selk\u00e4nojalle. Yhdess\u00e4 nelikerroksisen, eritt\u00e4in hengitt\u00e4v\u00e4n istuinrakenteen kanssa se takaa poikkeuksellisen mukavuuden koko p\u00e4iv\u00e4ksi.<\/li>\n<li><strong>Backfit Selk\u00e4noja joustavalla kehyksell\u00e4<\/strong><br \/>Ihmisen selk\u00e4rangan innoittamana monialueinen selk\u00e4nojan rakenne edist\u00e4\u00e4 luonnollisesti tervett\u00e4 ryhti\u00e4 ja koko kehon tukea. Backfit-mekanismi on linjassa lantion kanssa ja reagoi saumattomasti liikkeisiin, mik\u00e4 edist\u00e4\u00e4 rentoutumista ja jopa alentaa sykett\u00e4. Sen ohut, muotoiltu profiili antaa liikkumisvapauden ja s\u00e4ilytt\u00e4\u00e4 samalla luotettavan tuen.<\/li>\n<li><strong>P\u00e4ivitetty istuinpehmuste<\/strong><br \/>Helmikuun 2021 p\u00e4ivityksen my\u00f6t\u00e4 k\u00e4ytt\u00f6\u00f6n otettu parannettu Scrim Foam -pehmuste lis\u00e4\u00e4 k\u00e4ytt\u00f6mukavuutta ja kest\u00e4vyytt\u00e4, mik\u00e4 takaa tasaisen tuen pitkien k\u00e4ytt\u00f6jaksojen ajan.<\/li>\n<li><strong>Hengitt\u00e4v\u00e4 pinta ja ergonominen s\u00e4\u00e4dett\u00e4vyys<\/strong><br \/>Hengitt\u00e4v\u00e4t istuinmateriaalit edist\u00e4v\u00e4t verenkiertoa ja tukevat aktiivista istumista. S\u00e4\u00e4dett\u00e4v\u00e4t k\u00e4sinojat ja istuimen syvyys auttavat lievitt\u00e4m\u00e4\u00e4n sel\u00e4n ja niskan rasitusta, ja ohut, joustava selk\u00e4noja parantaa ryhti\u00e4 rajoittamatta liikkumista.<\/li>\n<li><strong>Kest\u00e4v\u00e4 ja kest\u00e4v\u00e4 suunnittelu<\/strong><br \/>Embody-tuoli ei ainoastaan edist\u00e4 fyysist\u00e4 hyvinvointia vaan tukee my\u00f6s kest\u00e4v\u00e4\u00e4 ty\u00f6tilaa. Se on valmistettu kierr\u00e4tetyist\u00e4 ja PVC-vapaista materiaaleista, joten siin\u00e4 yhdistyv\u00e4t pitk\u00e4aikainen ergonominen suorituskyky ja ymp\u00e4rist\u00f6vastuu.<\/li>\n<\/ul>\n<h2>Yleist\u00e4<\/h2>\n<p>N\u00e4m\u00e4 toimistotuolit ovat uusia.<\/p>\n<ul>\n<li>Material: rhythm<\/li>\n<li>Selk\u00e4nojan v\u00e4ri: musta<\/li>\n<li>Rungon v\u00e4ri: musta<\/li>\n<li>Lattiarullat: yleisk\u00e4ytt\u00f6iset py\u00f6r\u00e4t (matto\/kova lattia)<\/li>\n<li>K\u00e4ytt\u00f6tarkoitus: pelaaminen, toimisto, usein istuva matkustaja<\/li>\n<li>Istuimen syvyys: s\u00e4\u00e4dett\u00e4v\u00e4<\/li>\n<li>K\u00e4sivarsivaihtoehdot: t\u00e4ysin s\u00e4\u00e4dett\u00e4v\u00e4t k\u00e4sivarret<\/li>\n<li>Kallistuksen rajoitin: vakio<\/li>\n<li>Jopa 96% kierr\u00e4tett\u00e4viss\u00e4 olevaa materiaalia<\/li>\n<li>Maksimikuorma: 136kg<\/li>\n<\/ul>\n<h2>Tuotteen tekniset tiedot<\/h2>\n<div class=\"elementor-widget-container\"><\/div>\n<div>\n<table style=\"width: 649px; height: 558px;\" width=\"100%\">\n<tbody>\n<tr style=\"height: 19.6px;\">\n<td style=\"width: 49.7619%; height: 19.6px;\">&nbsp;<\/p>\n<p style=\"text-align: left;\"><span style=\"color: #808080;\">Suunnittelija<br \/>\n<\/span>Don Chadwick ja Bill Stumpf<\/p>\n<p style=\"text-align: left;\"><span style=\"color: #808080;\">Suunnitteluvuosi<br \/>\n<\/span>2009<\/p>\n<p style=\"text-align: left;\"><span style=\"color: #808080;\">Tuotettu<\/span><br \/>\nYHDYSVALLAT<\/p>\n<p style=\"text-align: left;\"><span style=\"color: #808080;\">Todistukset<br \/>\n<\/span>Kierr\u00e4tett\u00e4vyys Enint\u00e4\u00e4n 95%<br \/>\nBIFMA taso\u00ae 3<br \/>\nGREENGUARD\u00ae Gold<br \/>\nCradle to Cradle\u00ae<\/p>\n<\/td>\n<td style=\"width: 49.7619%; height: 19.6px;\"><span style=\"color: #808080;\">Kokonaismitat<br \/>\n<\/span>Koko - 1067-1143 (korkeus) x 749 (leveys) x 381-457 mm (syvyys)<span style=\"color: #808080;\"><span style=\"color: #808080;\">Maksimikapasiteetti<br \/>\n<\/span><\/span>136 kg<span style=\"color: #808080; font-family: inherit; font-size: inherit;\"><br \/>\nTuotteen paino<br \/>\n<\/span>23,2<\/td>\n<\/tr>\n<\/tbody>\n<\/table>\n<p>&nbsp;<\/p>\n<\/div>","protected":false},"excerpt":{"rendered":"<p>\u2713 Brand new \u2013 Rhythm Black fabric, Graphite or Aluminium base<br \/>\n\u2713 Piksel\u00f6ity tuki &amp; BackFit-s\u00e4\u00e4t\u00f6<br \/>\n\u2713 Suunniteltu yli 30 l\u00e4\u00e4k\u00e4rin ja ergonomia-asiantuntijan kanssa.<br \/>\n\u2713 12 vuoden takuu, jopa 96% kierr\u00e4tett\u00e4viss\u00e4<br \/>\n\u2713 Nopea toimitus<\/p>","protected":false},"featured_media":3376,"template":"","meta":{"_themeisle_gutenberg_block_has_review":false,"iawp_total_views":30},"product_brand":[31],"product_cat":[115,33,34,120,112,25],"product_tag":[58,76],"class_list":{"0":"post-3159","1":"product","2":"type-product","3":"status-publish","4":"has-post-thumbnail","6":"product_brand-hermanmiller","7":"product_cat-brands","8":"product_cat-ergonomic-office-chairs","9":"product_cat-herman-miller","10":"product_cat-new","11":"product_cat-office-furniture","12":"product_cat-office-furniture-1","13":"product_tag-eco-friendly-choice","14":"product_tag-new","15":"product_shipping_class-toolid","17":"first","18":"instock","19":"sale","20":"taxable","21":"shipping-taxable","22":"purchasable","23":"product-type-variable"},"yoast_head":"<!-- This site is optimized with the Yoast SEO plugin v27.6 - https:\/\/yoast.com\/product\/yoast-seo-wordpress\/ -->\n<title>Herman Miller Embody Rhythm Black (New) | From \u20ac1,743 | KLAP<\/title>\n<meta name=\"description\" content=\"Buy the Herman Miller Embody chair in Rhythm Black fabric from \u20ac1,743. Brand new, Pixelated Support, BackFit adjustment, 12-year warranty. Choice of Graphite or Aluminium base. Delivery across Europe.\" \/>\n<meta name=\"robots\" content=\"index, follow, max-snippet:-1, max-image-preview:large, max-video-preview:-1\" \/>\n<link rel=\"canonical\" href=\"https:\/\/klap.ee\/fi\/tuote\/herman-miller-embody-rhythm-black\/\" \/>\n<meta property=\"og:locale\" content=\"fi_FI\" \/>\n<meta property=\"og:type\" content=\"article\" \/>\n<meta property=\"og:title\" content=\"Herman Miller Embody Rhythm Black (New) | From \u20ac1,743 | KLAP\" \/>\n<meta property=\"og:description\" content=\"Buy the Herman Miller Embody chair in Rhythm Black fabric from \u20ac1,743. Brand new, Pixelated Support, BackFit adjustment, 12-year warranty. Choice of Graphite or Aluminium base. Delivery across Europe.\" \/>\n<meta property=\"og:url\" content=\"https:\/\/klap.ee\/fi\/tuote\/herman-miller-embody-rhythm-black\/\" \/>\n<meta property=\"og:site_name\" content=\"KLAP\" \/>\n<meta property=\"article:modified_time\" content=\"2026-05-04T11:33:06+00:00\" \/>\n<meta property=\"og:image\" content=\"https:\/\/klap.ee\/wp-content\/uploads\/2025\/03\/3a80eb03-bad9-4f2e-9cf8-864553217cd8.png\" \/>\n\t<meta property=\"og:image:width\" content=\"1024\" \/>\n\t<meta property=\"og:image:height\" content=\"1024\" \/>\n\t<meta property=\"og:image:type\" content=\"image\/png\" \/>\n<meta name=\"twitter:card\" content=\"summary_large_image\" \/>\n<meta name=\"twitter:label1\" content=\"Arvioitu lukuaika\" \/>\n\t<meta name=\"twitter:data1\" content=\"3 minuuttia\" \/>\n<script type=\"application\/ld+json\" class=\"yoast-schema-graph\">{\"@context\":\"https:\\\/\\\/schema.org\",\"@graph\":[{\"@type\":\"WebPage\",\"@id\":\"https:\\\/\\\/klap.ee\\\/product\\\/herman-miller-embody-rhythm-black\\\/\",\"url\":\"https:\\\/\\\/klap.ee\\\/product\\\/herman-miller-embody-rhythm-black\\\/\",\"name\":\"Herman Miller Embody Rhythm Black (New) | From \u20ac1,743 | KLAP\",\"isPartOf\":{\"@id\":\"https:\\\/\\\/klap.ee\\\/#website\"},\"primaryImageOfPage\":{\"@id\":\"https:\\\/\\\/klap.ee\\\/product\\\/herman-miller-embody-rhythm-black\\\/#primaryimage\"},\"image\":{\"@id\":\"https:\\\/\\\/klap.ee\\\/product\\\/herman-miller-embody-rhythm-black\\\/#primaryimage\"},\"thumbnailUrl\":\"https:\\\/\\\/klap.ee\\\/wp-content\\\/uploads\\\/2025\\\/03\\\/3a80eb03-bad9-4f2e-9cf8-864553217cd8.png\",\"datePublished\":\"2025-09-26T07:32:28+00:00\",\"dateModified\":\"2026-05-04T11:33:06+00:00\",\"description\":\"Buy the Herman Miller Embody chair in Rhythm Black fabric from \u20ac1,743. Brand new, Pixelated Support, BackFit adjustment, 12-year warranty. Choice of Graphite or Aluminium base. Delivery across Europe.\",\"breadcrumb\":{\"@id\":\"https:\\\/\\\/klap.ee\\\/product\\\/herman-miller-embody-rhythm-black\\\/#breadcrumb\"},\"inLanguage\":\"fi\",\"potentialAction\":[{\"@type\":\"ReadAction\",\"target\":[\"https:\\\/\\\/klap.ee\\\/product\\\/herman-miller-embody-rhythm-black\\\/\"]}]},{\"@type\":\"ImageObject\",\"inLanguage\":\"fi\",\"@id\":\"https:\\\/\\\/klap.ee\\\/product\\\/herman-miller-embody-rhythm-black\\\/#primaryimage\",\"url\":\"https:\\\/\\\/klap.ee\\\/wp-content\\\/uploads\\\/2025\\\/03\\\/3a80eb03-bad9-4f2e-9cf8-864553217cd8.png\",\"contentUrl\":\"https:\\\/\\\/klap.ee\\\/wp-content\\\/uploads\\\/2025\\\/03\\\/3a80eb03-bad9-4f2e-9cf8-864553217cd8.png\",\"width\":1024,\"height\":1024},{\"@type\":\"BreadcrumbList\",\"@id\":\"https:\\\/\\\/klap.ee\\\/product\\\/herman-miller-embody-rhythm-black\\\/#breadcrumb\",\"itemListElement\":[{\"@type\":\"ListItem\",\"position\":1,\"name\":\"Home\",\"item\":\"https:\\\/\\\/klap.ee\\\/\"},{\"@type\":\"ListItem\",\"position\":2,\"name\":\"Products\",\"item\":\"https:\\\/\\\/klap.ee\\\/ergonomic-office-chairs\\\/\"},{\"@type\":\"ListItem\",\"position\":3,\"name\":\"Herman Miller Embody Rhythm Black\"}]},{\"@type\":\"WebSite\",\"@id\":\"https:\\\/\\\/klap.ee\\\/#website\",\"url\":\"https:\\\/\\\/klap.ee\\\/\",\"name\":\"KLAP\",\"description\":\"J\u00e4tkusuutliku disainm\u00f6\u00f6bli pood\",\"publisher\":{\"@id\":\"https:\\\/\\\/klap.ee\\\/#organization\"},\"potentialAction\":[{\"@type\":\"SearchAction\",\"target\":{\"@type\":\"EntryPoint\",\"urlTemplate\":\"https:\\\/\\\/klap.ee\\\/?s={search_term_string}\"},\"query-input\":{\"@type\":\"PropertyValueSpecification\",\"valueRequired\":true,\"valueName\":\"search_term_string\"}}],\"inLanguage\":\"fi\"},{\"@type\":\"Organization\",\"@id\":\"https:\\\/\\\/klap.ee\\\/#organization\",\"name\":\"KLAP\",\"url\":\"https:\\\/\\\/klap.ee\\\/\",\"logo\":{\"@type\":\"ImageObject\",\"inLanguage\":\"fi\",\"@id\":\"https:\\\/\\\/klap.ee\\\/#\\\/schema\\\/logo\\\/image\\\/\",\"url\":\"https:\\\/\\\/klap.ee\\\/wp-content\\\/uploads\\\/2025\\\/03\\\/klap_logo_transparent_410x158.png\",\"contentUrl\":\"https:\\\/\\\/klap.ee\\\/wp-content\\\/uploads\\\/2025\\\/03\\\/klap_logo_transparent_410x158.png\",\"width\":410,\"height\":158,\"caption\":\"KLAP\"},\"image\":{\"@id\":\"https:\\\/\\\/klap.ee\\\/#\\\/schema\\\/logo\\\/image\\\/\"}}]}<\/script>\n<!-- \/ Yoast SEO plugin. -->","yoast_head_json":{"title":"Herman Miller Embody Rhythm Black (New) | From \u20ac1,743 | KLAP","description":"Buy the Herman Miller Embody chair in Rhythm Black fabric from \u20ac1,743. Brand new, Pixelated Support, BackFit adjustment, 12-year warranty. Choice of Graphite or Aluminium base. Delivery across Europe.","robots":{"index":"index","follow":"follow","max-snippet":"max-snippet:-1","max-image-preview":"max-image-preview:large","max-video-preview":"max-video-preview:-1"},"canonical":"https:\/\/klap.ee\/fi\/tuote\/herman-miller-embody-rhythm-black\/","og_locale":"fi_FI","og_type":"article","og_title":"Herman Miller Embody Rhythm Black (New) | From \u20ac1,743 | KLAP","og_description":"Buy the Herman Miller Embody chair in Rhythm Black fabric from \u20ac1,743. Brand new, Pixelated Support, BackFit adjustment, 12-year warranty. Choice of Graphite or Aluminium base. Delivery across Europe.","og_url":"https:\/\/klap.ee\/fi\/tuote\/herman-miller-embody-rhythm-black\/","og_site_name":"KLAP","article_modified_time":"2026-05-04T11:33:06+00:00","og_image":[{"width":1024,"height":1024,"url":"https:\/\/klap.ee\/wp-content\/uploads\/2025\/03\/3a80eb03-bad9-4f2e-9cf8-864553217cd8.png","type":"image\/png"}],"twitter_card":"summary_large_image","twitter_misc":{"Arvioitu lukuaika":"3 minuuttia"},"schema":{"@context":"https:\/\/schema.org","@graph":[{"@type":"WebPage","@id":"https:\/\/klap.ee\/product\/herman-miller-embody-rhythm-black\/","url":"https:\/\/klap.ee\/product\/herman-miller-embody-rhythm-black\/","name":"Herman Miller Embody Rhythm Black (New) | From \u20ac1,743 | KLAP","isPartOf":{"@id":"https:\/\/klap.ee\/#website"},"primaryImageOfPage":{"@id":"https:\/\/klap.ee\/product\/herman-miller-embody-rhythm-black\/#primaryimage"},"image":{"@id":"https:\/\/klap.ee\/product\/herman-miller-embody-rhythm-black\/#primaryimage"},"thumbnailUrl":"https:\/\/klap.ee\/wp-content\/uploads\/2025\/03\/3a80eb03-bad9-4f2e-9cf8-864553217cd8.png","datePublished":"2025-09-26T07:32:28+00:00","dateModified":"2026-05-04T11:33:06+00:00","description":"Buy the Herman Miller Embody chair in Rhythm Black fabric from \u20ac1,743. Brand new, Pixelated Support, BackFit adjustment, 12-year warranty. Choice of Graphite or Aluminium base. Delivery across Europe.","breadcrumb":{"@id":"https:\/\/klap.ee\/product\/herman-miller-embody-rhythm-black\/#breadcrumb"},"inLanguage":"fi","potentialAction":[{"@type":"ReadAction","target":["https:\/\/klap.ee\/product\/herman-miller-embody-rhythm-black\/"]}]},{"@type":"ImageObject","inLanguage":"fi","@id":"https:\/\/klap.ee\/product\/herman-miller-embody-rhythm-black\/#primaryimage","url":"https:\/\/klap.ee\/wp-content\/uploads\/2025\/03\/3a80eb03-bad9-4f2e-9cf8-864553217cd8.png","contentUrl":"https:\/\/klap.ee\/wp-content\/uploads\/2025\/03\/3a80eb03-bad9-4f2e-9cf8-864553217cd8.png","width":1024,"height":1024},{"@type":"BreadcrumbList","@id":"https:\/\/klap.ee\/product\/herman-miller-embody-rhythm-black\/#breadcrumb","itemListElement":[{"@type":"ListItem","position":1,"name":"Home","item":"https:\/\/klap.ee\/"},{"@type":"ListItem","position":2,"name":"Products","item":"https:\/\/klap.ee\/ergonomic-office-chairs\/"},{"@type":"ListItem","position":3,"name":"Herman Miller Embody Rhythm Black"}]},{"@type":"WebSite","@id":"https:\/\/klap.ee\/#website","url":"https:\/\/klap.ee\/","name":"KLAP","description":"J\u00e4tkusuutliku disainm\u00f6\u00f6bli pood","publisher":{"@id":"https:\/\/klap.ee\/#organization"},"potentialAction":[{"@type":"SearchAction","target":{"@type":"EntryPoint","urlTemplate":"https:\/\/klap.ee\/?s={search_term_string}"},"query-input":{"@type":"PropertyValueSpecification","valueRequired":true,"valueName":"search_term_string"}}],"inLanguage":"fi"},{"@type":"Organization","@id":"https:\/\/klap.ee\/#organization","name":"KLAP","url":"https:\/\/klap.ee\/","logo":{"@type":"ImageObject","inLanguage":"fi","@id":"https:\/\/klap.ee\/#\/schema\/logo\/image\/","url":"https:\/\/klap.ee\/wp-content\/uploads\/2025\/03\/klap_logo_transparent_410x158.png","contentUrl":"https:\/\/klap.ee\/wp-content\/uploads\/2025\/03\/klap_logo_transparent_410x158.png","width":410,"height":158,"caption":"KLAP"},"image":{"@id":"https:\/\/klap.ee\/#\/schema\/logo\/image\/"}}]}},"_links":{"self":[{"href":"https:\/\/klap.ee\/fi\/wp-json\/wp\/v2\/product\/3159","targetHints":{"allow":["GET"]}}],"collection":[{"href":"https:\/\/klap.ee\/fi\/wp-json\/wp\/v2\/product"}],"about":[{"href":"https:\/\/klap.ee\/fi\/wp-json\/wp\/v2\/types\/product"}],"wp:featuredmedia":[{"embeddable":true,"href":"https:\/\/klap.ee\/fi\/wp-json\/wp\/v2\/media\/3376"}],"wp:attachment":[{"href":"https:\/\/klap.ee\/fi\/wp-json\/wp\/v2\/media?parent=3159"}],"wp:term":[{"taxonomy":"product_brand","embeddable":true,"href":"https:\/\/klap.ee\/fi\/wp-json\/wp\/v2\/product_brand?post=3159"},{"taxonomy":"product_cat","embeddable":true,"href":"https:\/\/klap.ee\/fi\/wp-json\/wp\/v2\/product_cat?post=3159"},{"taxonomy":"product_tag","embeddable":true,"href":"https:\/\/klap.ee\/fi\/wp-json\/wp\/v2\/product_tag?post=3159"}],"curies":[{"name":"wp","href":"https:\/\/api.w.org\/{rel}","templated":true}]}}