{"id":3172,"date":"2025-09-26T10:03:06","date_gmt":"2025-09-26T10:03:06","guid":{"rendered":"https:\/\/klap.ee\/?post_type=product&#038;p=3172"},"modified":"2026-05-04T11:33:05","modified_gmt":"2026-05-04T11:33:05","slug":"herman-miller-cosm-high-back","status":"publish","type":"product","link":"https:\/\/klap.ee\/fi\/tuote\/herman-miller-cosm-high-back\/","title":{"rendered":"Herman Miller Cosm High Back"},"content":{"rendered":"<h2><strong>Tuotteen kuvaus<\/strong><\/h2>\n<p>Herman Miller Cosm with high backseat on tuoli, joka on suunniteltu tarjoamaan v\u00e4lit\u00f6nt\u00e4 mukavuutta ilman s\u00e4\u00e4t\u00f6j\u00e4. Sen tarkoituksena on tehd\u00e4 istumisesta mahdollisimman vaivatonta - istut vain alas, ja tuoli mukautuu automaattisesti kehoosi. Toisin kuin monet muut toimistotuolit, Cosm ei vaadi monimutkaista hienos\u00e4\u00e4t\u00f6\u00e4, sill\u00e4 se reagoi intuitiivisesti liikkeisiin ja asennon muutoksiin. Istuin ja selk\u00e4noja on valmistettu jatkuvasta elastomeerisest\u00e4 verkosta, joka jakaa painon tasaisesti, p\u00e4\u00e4st\u00e4\u00e4 ilman virtaamaan ja tarjoaa tasaisen tuen koko p\u00e4iv\u00e4n ajan. Sen ohut, joustava runko liikkuu kanssasi, eliminoi kovat reunat ja edist\u00e4\u00e4 luonnollista liikkumisvapautta.<\/p>\n<p>Cosm on saatavana kolmella selk\u00e4nojan korkeudella - matala, keskikorkea ja korkea - joten se soveltuu erilaisiin ty\u00f6tyyleihin ja tuen tarpeisiin. Tuolissa on my\u00f6s erilaisia k\u00e4sinojavaihtoehtoja, mukaan lukien tunnusomaiset \u201cLeaf Arms\u201d -k\u00e4sinojat, jotka on suunniteltu pysym\u00e4\u00e4n huomaamattomina, kun ty\u00f6skennell\u00e4\u00e4n l\u00e4hell\u00e4 ty\u00f6p\u00f6yt\u00e4\u00e4. Teknisten ominaisuuksiensa lis\u00e4ksi Cosm erottuu esteettisyydell\u00e4\u00e4n: yhten\u00e4isiss\u00e4 v\u00e4ris\u00e4vyiss\u00e4 tarjottu tuoli, jossa runko ja jousitus sulautuvat saumattomasti toisiinsa, on minimalistinen mutta hienostunut. Tuloksena on tuoli, jota usein kuvaillaan tuoliksi, jossa voit unohtaa istuvasi, kiitos sen muotoilun, mukavuuden ja ergonomian vaivattoman tasapainon.<\/p>\n<h2>Avainominaisuudet<\/h2>\n<ul>\n<li><strong>Auto-harmoninen kallistus<\/strong> - Itses\u00e4\u00e4tyv\u00e4 kallistusmekanismi, joka mukautuu automaattisesti jokaiseen asentoon ja tarjoaa luonnollisen tasapainon ja tuen ilman manuaalisia s\u00e4\u00e4t\u00f6j\u00e4.<\/li>\n<li><strong>Intercept Jousitus<\/strong> - Istuimen ja selk\u00e4nojan kauttaaltaan jatkuva elastomeerinen verkko, joka jakaa painon tasaisesti, sallii ilmavirtauksen ja antaa tasaisen tuen.<\/li>\n<li><strong>Joustava runko<\/strong> - Ohut, joustava runko, joka liikkuu kehon mukana, poistaa kovat reunat ja mahdollistaa luonnollisen liikkumisen vapauden.<\/li>\n<\/ul>\n<h2>Yleist\u00e4<\/h2>\n<p>N\u00e4m\u00e4 toimistotuolit ovat uusia.<\/p>\n<ul>\n<li>Koot: univerraali<\/li>\n<li>Selk\u00e4nojan suojus: eri<\/li>\n<li>Kehyksen v\u00e4ri: eri<\/li>\n<li>Takuu: 12 vuotta<\/li>\n<li>Auto-harmoninen kallistus<\/li>\n<li>Kallistusj\u00e4nnitys<\/li>\n<li>Intercept Jousitus<\/li>\n<li>Korkeuss\u00e4\u00e4dett\u00e4v\u00e4t k\u00e4sinojat<\/li>\n<li>Joustava runko<\/li>\n<li>S\u00e4\u00e4dett\u00e4v\u00e4 istuinkulma<\/li>\n<li>Kaasujousi s\u00e4\u00e4dett\u00e4v\u00e4ll\u00e4 korkeudella<\/li>\n<\/ul>\n<h2>Tuotteen tekniset tiedot<\/h2>\n<table style=\"width: 649px; height: 558px;\" width=\"100%\">\n<tbody>\n<tr style=\"height: 19.6px;\">\n<td style=\"width: 49.7619%; height: 19.6px;\">\n<p style=\"text-align: left;\"><span style=\"color: #808080;\">Suunnittelija<br \/>\n<\/span>Studio 7.5<\/p>\n<p style=\"text-align: left;\"><span style=\"color: #808080;\">Suunnitteluvuosi<br \/>\n<\/span>2018<\/p>\n<p style=\"text-align: left;\"><span style=\"color: #808080;\">Tuotettu<\/span><br \/>\nYHDYSVALLAT<\/p>\n<p style=\"text-align: left;\"><span style=\"color: #808080;\">Todistukset<br \/>\n<\/span>level\u00ae<br \/>\nGREENGUARD<br \/>\nCradle to Cradle<\/p>\n<\/td>\n<td style=\"width: 49.7619%; height: 19.6px;\">&nbsp;<\/p>\n<p>&nbsp;<\/p>\n<p>&nbsp;<\/p>\n<p><span style=\"color: #808080;\">Kokonaismitat<br \/>\n<\/span>Alaselk\u00e4: 1031 (h) x 734 (s) x 678 (k)<br \/>\nKeskiselk\u00e4: 1156 (h) x 734 (s) x 678 (k)<br \/>\nKorkea selk\u00e4noja: 1311 (h) x 734 (s) x 678 (k)<\/p>\n<p><span style=\"color: #808080;\">Maksimikapasiteetti<br \/>\n<\/span>159 kg<\/p>\n<p><span style=\"color: #808080;\">Tuotteen paino<br \/>\n<\/span>Alaselk\u00e4: 15.5<br \/>\nKeskiselk\u00e4: 15.8<br \/>\nKorkea selk\u00e4: 16.1<\/p>\n<p>&nbsp;<\/td>\n<\/tr>\n<\/tbody>\n<\/table>\n<p>&nbsp;<\/p>\n<div class=\"elementor-element elementor-element-4d311189 elementor-widget elementor-widget-text-editor\" data-id=\"4d311189\" data-element_type=\"widget\" data-widget_type=\"text-editor.default\">\n<div class=\"elementor-widget-container\"><\/div>\n<\/div>","protected":false},"excerpt":{"rendered":"<p>\u2713 Upouusi - istu vain alas, ei tarvita s\u00e4\u00e4t\u00f6j\u00e4<br \/>\n\u2713 6 v\u00e4ri\u00e4, vakio- tai lehtivarsivalinta<br \/>\n\u2713 Auto-harmoninen kallistus- ja v\u00e4lijousitusverkko (Auto-Harmonic Tilt &amp; Intercept)<br \/>\n\u2713 12 vuoden takuu, valmistettu Yhdysvalloissa<br \/>\n\u2713 Nopea toimitus<\/p>","protected":false},"featured_media":3649,"template":"","meta":{"_themeisle_gutenberg_block_has_review":false,"iawp_total_views":5},"product_brand":[31],"product_cat":[115,33,34,120,112,25],"product_tag":[76],"class_list":{"0":"post-3172","1":"product","2":"type-product","3":"status-publish","4":"has-post-thumbnail","6":"product_brand-hermanmiller","7":"product_cat-brands","8":"product_cat-ergonomic-office-chairs","9":"product_cat-herman-miller","10":"product_cat-new","11":"product_cat-office-furniture","12":"product_cat-office-furniture-1","13":"product_tag-new","14":"product_shipping_class-toolid","16":"first","17":"instock","18":"sale","19":"taxable","20":"shipping-taxable","21":"purchasable","22":"product-type-variable"},"yoast_head":"<!-- This site is optimized with the Yoast SEO plugin v27.6 - https:\/\/yoast.com\/product\/yoast-seo-wordpress\/ -->\n<title>Herman Miller Cosm High Back (New) | From \u20ac1,718 | KLAP<\/title>\n<meta name=\"description\" content=\"Buy the Herman Miller Cosm High Back chair from \u20ac1,718. Brand new, Auto-Harmonic Tilt adapts automatically, 6 colours, Leaf Arms option, 12-year warranty. Same day dispatch.\" \/>\n<meta name=\"robots\" content=\"index, follow, max-snippet:-1, max-image-preview:large, max-video-preview:-1\" \/>\n<link rel=\"canonical\" href=\"https:\/\/klap.ee\/fi\/tuote\/herman-miller-cosm-high-back\/\" \/>\n<meta property=\"og:locale\" content=\"fi_FI\" \/>\n<meta property=\"og:type\" content=\"article\" \/>\n<meta property=\"og:title\" content=\"Herman Miller Cosm High Back (New) | From \u20ac1,718 | KLAP\" \/>\n<meta property=\"og:description\" content=\"Buy the Herman Miller Cosm High Back chair from \u20ac1,718. Brand new, Auto-Harmonic Tilt adapts automatically, 6 colours, Leaf Arms option, 12-year warranty. Same day dispatch.\" \/>\n<meta property=\"og:url\" content=\"https:\/\/klap.ee\/fi\/tuote\/herman-miller-cosm-high-back\/\" \/>\n<meta property=\"og:site_name\" content=\"KLAP\" \/>\n<meta property=\"article:modified_time\" content=\"2026-05-04T11:33:05+00:00\" \/>\n<meta property=\"og:image\" content=\"https:\/\/klap.ee\/wp-content\/uploads\/2025\/09\/aa3aaa4b-df5e-4e83-98be-4decaabea49e.png\" \/>\n\t<meta property=\"og:image:width\" content=\"1024\" \/>\n\t<meta property=\"og:image:height\" content=\"1024\" \/>\n\t<meta property=\"og:image:type\" content=\"image\/png\" \/>\n<meta name=\"twitter:card\" content=\"summary_large_image\" \/>\n<meta name=\"twitter:label1\" content=\"Arvioitu lukuaika\" \/>\n\t<meta name=\"twitter:data1\" content=\"2 minuuttia\" \/>\n<script type=\"application\/ld+json\" class=\"yoast-schema-graph\">{\"@context\":\"https:\\\/\\\/schema.org\",\"@graph\":[{\"@type\":\"WebPage\",\"@id\":\"https:\\\/\\\/klap.ee\\\/product\\\/herman-miller-cosm-high-back\\\/\",\"url\":\"https:\\\/\\\/klap.ee\\\/product\\\/herman-miller-cosm-high-back\\\/\",\"name\":\"Herman Miller Cosm High Back (New) | From \u20ac1,718 | KLAP\",\"isPartOf\":{\"@id\":\"https:\\\/\\\/klap.ee\\\/#website\"},\"primaryImageOfPage\":{\"@id\":\"https:\\\/\\\/klap.ee\\\/product\\\/herman-miller-cosm-high-back\\\/#primaryimage\"},\"image\":{\"@id\":\"https:\\\/\\\/klap.ee\\\/product\\\/herman-miller-cosm-high-back\\\/#primaryimage\"},\"thumbnailUrl\":\"https:\\\/\\\/klap.ee\\\/wp-content\\\/uploads\\\/2025\\\/09\\\/aa3aaa4b-df5e-4e83-98be-4decaabea49e.png\",\"datePublished\":\"2025-09-26T10:03:06+00:00\",\"dateModified\":\"2026-05-04T11:33:05+00:00\",\"description\":\"Buy the Herman Miller Cosm High Back chair from \u20ac1,718. Brand new, Auto-Harmonic Tilt adapts automatically, 6 colours, Leaf Arms option, 12-year warranty. Same day dispatch.\",\"breadcrumb\":{\"@id\":\"https:\\\/\\\/klap.ee\\\/product\\\/herman-miller-cosm-high-back\\\/#breadcrumb\"},\"inLanguage\":\"fi\",\"potentialAction\":[{\"@type\":\"ReadAction\",\"target\":[\"https:\\\/\\\/klap.ee\\\/product\\\/herman-miller-cosm-high-back\\\/\"]}]},{\"@type\":\"ImageObject\",\"inLanguage\":\"fi\",\"@id\":\"https:\\\/\\\/klap.ee\\\/product\\\/herman-miller-cosm-high-back\\\/#primaryimage\",\"url\":\"https:\\\/\\\/klap.ee\\\/wp-content\\\/uploads\\\/2025\\\/09\\\/aa3aaa4b-df5e-4e83-98be-4decaabea49e.png\",\"contentUrl\":\"https:\\\/\\\/klap.ee\\\/wp-content\\\/uploads\\\/2025\\\/09\\\/aa3aaa4b-df5e-4e83-98be-4decaabea49e.png\",\"width\":1024,\"height\":1024},{\"@type\":\"BreadcrumbList\",\"@id\":\"https:\\\/\\\/klap.ee\\\/product\\\/herman-miller-cosm-high-back\\\/#breadcrumb\",\"itemListElement\":[{\"@type\":\"ListItem\",\"position\":1,\"name\":\"Home\",\"item\":\"https:\\\/\\\/klap.ee\\\/\"},{\"@type\":\"ListItem\",\"position\":2,\"name\":\"Products\",\"item\":\"https:\\\/\\\/klap.ee\\\/ergonomic-office-chairs\\\/\"},{\"@type\":\"ListItem\",\"position\":3,\"name\":\"Herman Miller Cosm High Back\"}]},{\"@type\":\"WebSite\",\"@id\":\"https:\\\/\\\/klap.ee\\\/#website\",\"url\":\"https:\\\/\\\/klap.ee\\\/\",\"name\":\"KLAP\",\"description\":\"J\u00e4tkusuutliku disainm\u00f6\u00f6bli pood\",\"publisher\":{\"@id\":\"https:\\\/\\\/klap.ee\\\/#organization\"},\"potentialAction\":[{\"@type\":\"SearchAction\",\"target\":{\"@type\":\"EntryPoint\",\"urlTemplate\":\"https:\\\/\\\/klap.ee\\\/?s={search_term_string}\"},\"query-input\":{\"@type\":\"PropertyValueSpecification\",\"valueRequired\":true,\"valueName\":\"search_term_string\"}}],\"inLanguage\":\"fi\"},{\"@type\":\"Organization\",\"@id\":\"https:\\\/\\\/klap.ee\\\/#organization\",\"name\":\"KLAP\",\"url\":\"https:\\\/\\\/klap.ee\\\/\",\"logo\":{\"@type\":\"ImageObject\",\"inLanguage\":\"fi\",\"@id\":\"https:\\\/\\\/klap.ee\\\/#\\\/schema\\\/logo\\\/image\\\/\",\"url\":\"https:\\\/\\\/klap.ee\\\/wp-content\\\/uploads\\\/2025\\\/03\\\/klap_logo_transparent_410x158.png\",\"contentUrl\":\"https:\\\/\\\/klap.ee\\\/wp-content\\\/uploads\\\/2025\\\/03\\\/klap_logo_transparent_410x158.png\",\"width\":410,\"height\":158,\"caption\":\"KLAP\"},\"image\":{\"@id\":\"https:\\\/\\\/klap.ee\\\/#\\\/schema\\\/logo\\\/image\\\/\"}}]}<\/script>\n<!-- \/ Yoast SEO plugin. -->","yoast_head_json":{"title":"Herman Miller Cosm High Back (New) | From \u20ac1,718 | KLAP","description":"Buy the Herman Miller Cosm High Back chair from \u20ac1,718. Brand new, Auto-Harmonic Tilt adapts automatically, 6 colours, Leaf Arms option, 12-year warranty. Same day dispatch.","robots":{"index":"index","follow":"follow","max-snippet":"max-snippet:-1","max-image-preview":"max-image-preview:large","max-video-preview":"max-video-preview:-1"},"canonical":"https:\/\/klap.ee\/fi\/tuote\/herman-miller-cosm-high-back\/","og_locale":"fi_FI","og_type":"article","og_title":"Herman Miller Cosm High Back (New) | From \u20ac1,718 | KLAP","og_description":"Buy the Herman Miller Cosm High Back chair from \u20ac1,718. Brand new, Auto-Harmonic Tilt adapts automatically, 6 colours, Leaf Arms option, 12-year warranty. Same day dispatch.","og_url":"https:\/\/klap.ee\/fi\/tuote\/herman-miller-cosm-high-back\/","og_site_name":"KLAP","article_modified_time":"2026-05-04T11:33:05+00:00","og_image":[{"width":1024,"height":1024,"url":"https:\/\/klap.ee\/wp-content\/uploads\/2025\/09\/aa3aaa4b-df5e-4e83-98be-4decaabea49e.png","type":"image\/png"}],"twitter_card":"summary_large_image","twitter_misc":{"Arvioitu lukuaika":"2 minuuttia"},"schema":{"@context":"https:\/\/schema.org","@graph":[{"@type":"WebPage","@id":"https:\/\/klap.ee\/product\/herman-miller-cosm-high-back\/","url":"https:\/\/klap.ee\/product\/herman-miller-cosm-high-back\/","name":"Herman Miller Cosm High Back (New) | From \u20ac1,718 | KLAP","isPartOf":{"@id":"https:\/\/klap.ee\/#website"},"primaryImageOfPage":{"@id":"https:\/\/klap.ee\/product\/herman-miller-cosm-high-back\/#primaryimage"},"image":{"@id":"https:\/\/klap.ee\/product\/herman-miller-cosm-high-back\/#primaryimage"},"thumbnailUrl":"https:\/\/klap.ee\/wp-content\/uploads\/2025\/09\/aa3aaa4b-df5e-4e83-98be-4decaabea49e.png","datePublished":"2025-09-26T10:03:06+00:00","dateModified":"2026-05-04T11:33:05+00:00","description":"Buy the Herman Miller Cosm High Back chair from \u20ac1,718. Brand new, Auto-Harmonic Tilt adapts automatically, 6 colours, Leaf Arms option, 12-year warranty. Same day dispatch.","breadcrumb":{"@id":"https:\/\/klap.ee\/product\/herman-miller-cosm-high-back\/#breadcrumb"},"inLanguage":"fi","potentialAction":[{"@type":"ReadAction","target":["https:\/\/klap.ee\/product\/herman-miller-cosm-high-back\/"]}]},{"@type":"ImageObject","inLanguage":"fi","@id":"https:\/\/klap.ee\/product\/herman-miller-cosm-high-back\/#primaryimage","url":"https:\/\/klap.ee\/wp-content\/uploads\/2025\/09\/aa3aaa4b-df5e-4e83-98be-4decaabea49e.png","contentUrl":"https:\/\/klap.ee\/wp-content\/uploads\/2025\/09\/aa3aaa4b-df5e-4e83-98be-4decaabea49e.png","width":1024,"height":1024},{"@type":"BreadcrumbList","@id":"https:\/\/klap.ee\/product\/herman-miller-cosm-high-back\/#breadcrumb","itemListElement":[{"@type":"ListItem","position":1,"name":"Home","item":"https:\/\/klap.ee\/"},{"@type":"ListItem","position":2,"name":"Products","item":"https:\/\/klap.ee\/ergonomic-office-chairs\/"},{"@type":"ListItem","position":3,"name":"Herman Miller Cosm High Back"}]},{"@type":"WebSite","@id":"https:\/\/klap.ee\/#website","url":"https:\/\/klap.ee\/","name":"KLAP","description":"J\u00e4tkusuutliku disainm\u00f6\u00f6bli pood","publisher":{"@id":"https:\/\/klap.ee\/#organization"},"potentialAction":[{"@type":"SearchAction","target":{"@type":"EntryPoint","urlTemplate":"https:\/\/klap.ee\/?s={search_term_string}"},"query-input":{"@type":"PropertyValueSpecification","valueRequired":true,"valueName":"search_term_string"}}],"inLanguage":"fi"},{"@type":"Organization","@id":"https:\/\/klap.ee\/#organization","name":"KLAP","url":"https:\/\/klap.ee\/","logo":{"@type":"ImageObject","inLanguage":"fi","@id":"https:\/\/klap.ee\/#\/schema\/logo\/image\/","url":"https:\/\/klap.ee\/wp-content\/uploads\/2025\/03\/klap_logo_transparent_410x158.png","contentUrl":"https:\/\/klap.ee\/wp-content\/uploads\/2025\/03\/klap_logo_transparent_410x158.png","width":410,"height":158,"caption":"KLAP"},"image":{"@id":"https:\/\/klap.ee\/#\/schema\/logo\/image\/"}}]}},"_links":{"self":[{"href":"https:\/\/klap.ee\/fi\/wp-json\/wp\/v2\/product\/3172","targetHints":{"allow":["GET"]}}],"collection":[{"href":"https:\/\/klap.ee\/fi\/wp-json\/wp\/v2\/product"}],"about":[{"href":"https:\/\/klap.ee\/fi\/wp-json\/wp\/v2\/types\/product"}],"wp:featuredmedia":[{"embeddable":true,"href":"https:\/\/klap.ee\/fi\/wp-json\/wp\/v2\/media\/3649"}],"wp:attachment":[{"href":"https:\/\/klap.ee\/fi\/wp-json\/wp\/v2\/media?parent=3172"}],"wp:term":[{"taxonomy":"product_brand","embeddable":true,"href":"https:\/\/klap.ee\/fi\/wp-json\/wp\/v2\/product_brand?post=3172"},{"taxonomy":"product_cat","embeddable":true,"href":"https:\/\/klap.ee\/fi\/wp-json\/wp\/v2\/product_cat?post=3172"},{"taxonomy":"product_tag","embeddable":true,"href":"https:\/\/klap.ee\/fi\/wp-json\/wp\/v2\/product_tag?post=3172"}],"curies":[{"name":"wp","href":"https:\/\/api.w.org\/{rel}","templated":true}]}}