{"id":3329,"date":"2025-10-03T08:00:17","date_gmt":"2025-10-03T08:00:17","guid":{"rendered":"https:\/\/klap.ee\/?post_type=product&#038;p=3329"},"modified":"2026-05-02T12:45:30","modified_gmt":"2026-05-02T12:45:30","slug":"herman-miller-cosm-mid-back-refurbished","status":"publish","type":"product","link":"https:\/\/klap.ee\/fi\/tuote\/herman-miller-cosm-mid-back-refurbished\/","title":{"rendered":"Herman Miller Cosm Mid-Back (kunnostettu)"},"content":{"rendered":"<h2><strong>Tuotteen kuvaus<\/strong><\/h2>\n<p>Herman Miller Cosm keskiselk\u00e4nojalla on tuoli, joka on suunniteltu tarjoamaan v\u00e4lit\u00f6nt\u00e4 mukavuutta ilman s\u00e4\u00e4t\u00f6j\u00e4. Sen tarkoituksena on tehd\u00e4 istumisesta mahdollisimman vaivatonta - istut vain alas, ja tuoli mukautuu automaattisesti kehoosi. Toisin kuin monet muut toimistotuolit, Cosm ei vaadi monimutkaista hienos\u00e4\u00e4t\u00f6\u00e4, sill\u00e4 se reagoi intuitiivisesti liikkeisiin ja asennon muutoksiin. Istuin ja selk\u00e4noja on valmistettu jatkuvasta elastomeerisest\u00e4 verkosta, joka jakaa painon tasaisesti, p\u00e4\u00e4st\u00e4\u00e4 ilman virtaamaan ja tarjoaa tasaisen tuen koko p\u00e4iv\u00e4n ajan. Sen ohut, joustava runko liikkuu kanssasi, eliminoi kovat reunat ja edist\u00e4\u00e4 luonnollista liikkumisvapautta.<\/p>\n<p>Cosm on saatavana kolmella selk\u00e4nojan korkeudella - matala, keskikorkea ja korkea - joten se soveltuu erilaisiin ty\u00f6tyyleihin ja tuen tarpeisiin. Tuolissa on my\u00f6s erilaisia k\u00e4sinojavaihtoehtoja, mukaan lukien tunnusomaiset \u201cLeaf Arms\u201d -k\u00e4sinojat, jotka on suunniteltu pysym\u00e4\u00e4n huomaamattomina, kun ty\u00f6skennell\u00e4\u00e4n l\u00e4hell\u00e4 ty\u00f6p\u00f6yt\u00e4\u00e4. Teknisten ominaisuuksiensa lis\u00e4ksi Cosm erottuu esteettisyydell\u00e4\u00e4n: yhten\u00e4isiss\u00e4 v\u00e4ris\u00e4vyiss\u00e4 tarjottu tuoli, jossa runko ja jousitus sulautuvat saumattomasti toisiinsa, on minimalistinen mutta hienostunut. Tuloksena on tuoli, jota usein kuvaillaan tuoliksi, jossa voit unohtaa istuvasi, kiitos sen muotoilun, mukavuuden ja ergonomian vaivattoman tasapainon.<\/p>\n<h2>Avainominaisuudet<\/h2>\n<ul>\n<li><strong>Auto-harmoninen kallistus<\/strong> - Itses\u00e4\u00e4tyv\u00e4 kallistusmekanismi, joka mukautuu automaattisesti jokaiseen asentoon ja tarjoaa luonnollisen tasapainon ja tuen ilman manuaalisia s\u00e4\u00e4t\u00f6j\u00e4.<\/li>\n<li><strong>Intercept Jousitus<\/strong> - Istuimen ja selk\u00e4nojan kauttaaltaan jatkuva elastomeerinen verkko, joka jakaa painon tasaisesti, sallii ilmavirtauksen ja antaa tasaisen tuen.<\/li>\n<li><strong>Joustava runko<\/strong> - Ohut, joustava runko, joka liikkuu kehon mukana, poistaa kovat reunat ja mahdollistaa luonnollisen liikkumisen vapauden.<\/li>\n<\/ul>\n<h2>Yleist\u00e4<\/h2>\n<p>N\u00e4m\u00e4 toimistotuolit on kunnostettu. Meille \u2018kunnostettu\u2019 tarkoittaa, ett\u00e4 tuolit on tarkistettu huolellisesti, mahdollisesti verhoiltu uudelleen, varustettu uusilla virallisilla osilla, puhdistettu ja tarvittaessa maalattu uudelleen. Pyrimme saamaan tuolien kunnon j\u00e4lleen uuden veroiseksi.<\/p>\n<ul>\n<li>Kunnostettu - Kunto: A<\/li>\n<li>Koot: Univeral<\/li>\n<li>Selk\u00e4nojan suojus: Grafiitti<\/li>\n<li>Rungon v\u00e4ri: Grafiitti<\/li>\n<li>Takuu: 5 vuotta<\/li>\n<li>Auto-harmoninen kallistus<\/li>\n<li>Kallistusj\u00e4nnitys<\/li>\n<li>Intercept Jousitus<\/li>\n<li>Sopii kaikille vartalotyypeille<\/li>\n<li>Joustava runko<\/li>\n<li>S\u00e4\u00e4dett\u00e4v\u00e4 istuinkulma<\/li>\n<li>Kaasujousi s\u00e4\u00e4dett\u00e4v\u00e4ll\u00e4 korkeudella<\/li>\n<\/ul>\n<h2>Tuotteen tekniset tiedot<\/h2>\n<table style=\"width: 649px; height: 558px;\" width=\"100%\">\n<tbody>\n<tr style=\"height: 19.6px;\">\n<td style=\"width: 49.7619%; height: 19.6px;\">\n<p style=\"text-align: left;\"><span style=\"color: #808080;\">Suunnittelija<br \/>\n<\/span>Studio 7.5<\/p>\n<p style=\"text-align: left;\"><span style=\"color: #808080;\">Suunnitteluvuosi<br \/>\n<\/span>2018<\/p>\n<p style=\"text-align: left;\"><span style=\"color: #808080;\">Tuotettu<\/span><br \/>\nYHDYSVALLAT<\/p>\n<p style=\"text-align: left;\"><span style=\"color: #808080;\">Todistukset<br \/>\n<\/span>level\u00ae<br \/>\nGREENGUARD<br \/>\nCradle to Cradle<\/p>\n<\/td>\n<td style=\"width: 49.7619%; height: 19.6px;\">&nbsp;<\/p>\n<p>&nbsp;<\/p>\n<p>&nbsp;<\/p>\n<p><span style=\"color: #808080;\">Kokonaismitat<br \/>\n<\/span>Alaselk\u00e4: 1031 (h) x 734 (s) x 678 (k)<br \/>\nKeskiselk\u00e4: 1156 (h) x 734 (s) x 678 (k)<br \/>\nKorkea selk\u00e4noja: 1311 (h) x 734 (s) x 678 (k)<\/p>\n<p><span style=\"color: #808080;\">Maksimikapasiteetti<br \/>\n<\/span>159 kg<\/p>\n<p><span style=\"color: #808080;\">Tuotteen paino<br \/>\n<\/span>Alaselk\u00e4: 15.5<br \/>\nKeskiselk\u00e4: 15.8<br \/>\nKorkea selk\u00e4: 16.1<\/p>\n<p>&nbsp;<\/td>\n<\/tr>\n<\/tbody>\n<\/table>\n<p>&nbsp;<\/p>\n<div class=\"elementor-element elementor-element-4d311189 elementor-widget elementor-widget-text-editor\" data-id=\"4d311189\" data-element_type=\"widget\" data-widget_type=\"text-editor.default\">\n<div class=\"elementor-widget-container\"><\/div>\n<\/div>","protected":false},"excerpt":{"rendered":"<p>\u2713 Kunnostettu - Kunto A<br \/>\n\u2713 Istuu itse: Auto-harmoninen kallistus mukautuu automaattisesti - s\u00e4\u00e4t\u00f6j\u00e4 ei tarvita.<br \/>\n\u2713 Intercept Suspension -verkko koko p\u00e4iv\u00e4n ilmavirtausta ja tukea varten.<br \/>\n\u2713 5 vuoden takuu<br \/>\n\u2713 Nopea toimitus<\/p>","protected":false},"featured_media":4168,"template":"","meta":{"_themeisle_gutenberg_block_has_review":false,"iawp_total_views":6},"product_brand":[31],"product_cat":[115,33,34,112,25],"product_tag":[58,30],"class_list":{"0":"post-3329","1":"product","2":"type-product","3":"status-publish","4":"has-post-thumbnail","6":"product_brand-hermanmiller","7":"product_cat-brands","8":"product_cat-ergonomic-office-chairs","9":"product_cat-herman-miller","10":"product_cat-office-furniture","11":"product_cat-office-furniture-1","12":"product_tag-eco-friendly-choice","13":"product_tag-refurbished","14":"product_shipping_class-toolid","16":"first","17":"instock","18":"taxable","19":"shipping-taxable","20":"purchasable","21":"product-type-simple"},"yoast_head":"<!-- This site is optimized with the Yoast SEO plugin v27.6 - https:\/\/yoast.com\/product\/yoast-seo-wordpress\/ -->\n<title>Herman Miller Cosm Mid-Back Refurbished | \u20ac1,156 | KLAP<\/title>\n<meta name=\"description\" content=\"Buy a refurbished Herman Miller Cosm Mid-Back chair for \u20ac1,156. Condition A, Auto-Harmonic Tilt, Intercept Suspension mesh, no adjustments needed. 5-year warranty. Same day delivery.\" \/>\n<meta name=\"robots\" content=\"index, follow, max-snippet:-1, max-image-preview:large, max-video-preview:-1\" \/>\n<link rel=\"canonical\" href=\"https:\/\/klap.ee\/fi\/tuote\/herman-miller-cosm-mid-back-refurbished\/\" \/>\n<meta property=\"og:locale\" content=\"fi_FI\" \/>\n<meta property=\"og:type\" content=\"article\" \/>\n<meta property=\"og:title\" content=\"Herman Miller Cosm Mid-Back Refurbished | \u20ac1,156 | KLAP\" \/>\n<meta property=\"og:description\" content=\"Buy a refurbished Herman Miller Cosm Mid-Back chair for \u20ac1,156. Condition A, Auto-Harmonic Tilt, Intercept Suspension mesh, no adjustments needed. 5-year warranty. Same day delivery.\" \/>\n<meta property=\"og:url\" content=\"https:\/\/klap.ee\/fi\/tuote\/herman-miller-cosm-mid-back-refurbished\/\" \/>\n<meta property=\"og:site_name\" content=\"KLAP\" \/>\n<meta property=\"article:modified_time\" content=\"2026-05-02T12:45:30+00:00\" \/>\n<meta property=\"og:image\" content=\"http:\/\/klap.ee\/wp-content\/uploads\/2025\/10\/Untitled-design-6-1024x1024.png\" \/>\n\t<meta property=\"og:image:width\" content=\"1024\" \/>\n\t<meta property=\"og:image:height\" content=\"1024\" \/>\n\t<meta property=\"og:image:type\" content=\"image\/png\" \/>\n<meta name=\"twitter:card\" content=\"summary_large_image\" \/>\n<meta name=\"twitter:label1\" content=\"Arvioitu lukuaika\" \/>\n\t<meta name=\"twitter:data1\" content=\"3 minuuttia\" \/>\n<script type=\"application\/ld+json\" class=\"yoast-schema-graph\">{\"@context\":\"https:\\\/\\\/schema.org\",\"@graph\":[{\"@type\":\"WebPage\",\"@id\":\"https:\\\/\\\/klap.ee\\\/product\\\/herman-miller-cosm-mid-back-refurbished\\\/\",\"url\":\"https:\\\/\\\/klap.ee\\\/product\\\/herman-miller-cosm-mid-back-refurbished\\\/\",\"name\":\"Herman Miller Cosm Mid-Back Refurbished | \u20ac1,156 | KLAP\",\"isPartOf\":{\"@id\":\"https:\\\/\\\/klap.ee\\\/#website\"},\"primaryImageOfPage\":{\"@id\":\"https:\\\/\\\/klap.ee\\\/product\\\/herman-miller-cosm-mid-back-refurbished\\\/#primaryimage\"},\"image\":{\"@id\":\"https:\\\/\\\/klap.ee\\\/product\\\/herman-miller-cosm-mid-back-refurbished\\\/#primaryimage\"},\"thumbnailUrl\":\"https:\\\/\\\/klap.ee\\\/wp-content\\\/uploads\\\/2025\\\/10\\\/Untitled-design-6.png\",\"datePublished\":\"2025-10-03T08:00:17+00:00\",\"dateModified\":\"2026-05-02T12:45:30+00:00\",\"description\":\"Buy a refurbished Herman Miller Cosm Mid-Back chair for \u20ac1,156. Condition A, Auto-Harmonic Tilt, Intercept Suspension mesh, no adjustments needed. 5-year warranty. Same day delivery.\",\"breadcrumb\":{\"@id\":\"https:\\\/\\\/klap.ee\\\/product\\\/herman-miller-cosm-mid-back-refurbished\\\/#breadcrumb\"},\"inLanguage\":\"fi\",\"potentialAction\":[{\"@type\":\"ReadAction\",\"target\":[\"https:\\\/\\\/klap.ee\\\/product\\\/herman-miller-cosm-mid-back-refurbished\\\/\"]}]},{\"@type\":\"ImageObject\",\"inLanguage\":\"fi\",\"@id\":\"https:\\\/\\\/klap.ee\\\/product\\\/herman-miller-cosm-mid-back-refurbished\\\/#primaryimage\",\"url\":\"https:\\\/\\\/klap.ee\\\/wp-content\\\/uploads\\\/2025\\\/10\\\/Untitled-design-6.png\",\"contentUrl\":\"https:\\\/\\\/klap.ee\\\/wp-content\\\/uploads\\\/2025\\\/10\\\/Untitled-design-6.png\",\"width\":1600,\"height\":1600},{\"@type\":\"BreadcrumbList\",\"@id\":\"https:\\\/\\\/klap.ee\\\/product\\\/herman-miller-cosm-mid-back-refurbished\\\/#breadcrumb\",\"itemListElement\":[{\"@type\":\"ListItem\",\"position\":1,\"name\":\"Home\",\"item\":\"https:\\\/\\\/klap.ee\\\/\"},{\"@type\":\"ListItem\",\"position\":2,\"name\":\"Products\",\"item\":\"https:\\\/\\\/klap.ee\\\/ergonomic-office-chairs\\\/\"},{\"@type\":\"ListItem\",\"position\":3,\"name\":\"Herman Miller Cosm Mid-Back (Refurbished)\"}]},{\"@type\":\"WebSite\",\"@id\":\"https:\\\/\\\/klap.ee\\\/#website\",\"url\":\"https:\\\/\\\/klap.ee\\\/\",\"name\":\"KLAP\",\"description\":\"J\u00e4tkusuutliku disainm\u00f6\u00f6bli pood\",\"publisher\":{\"@id\":\"https:\\\/\\\/klap.ee\\\/#organization\"},\"potentialAction\":[{\"@type\":\"SearchAction\",\"target\":{\"@type\":\"EntryPoint\",\"urlTemplate\":\"https:\\\/\\\/klap.ee\\\/?s={search_term_string}\"},\"query-input\":{\"@type\":\"PropertyValueSpecification\",\"valueRequired\":true,\"valueName\":\"search_term_string\"}}],\"inLanguage\":\"fi\"},{\"@type\":\"Organization\",\"@id\":\"https:\\\/\\\/klap.ee\\\/#organization\",\"name\":\"KLAP\",\"url\":\"https:\\\/\\\/klap.ee\\\/\",\"logo\":{\"@type\":\"ImageObject\",\"inLanguage\":\"fi\",\"@id\":\"https:\\\/\\\/klap.ee\\\/#\\\/schema\\\/logo\\\/image\\\/\",\"url\":\"https:\\\/\\\/klap.ee\\\/wp-content\\\/uploads\\\/2025\\\/03\\\/klap_logo_transparent_410x158.png\",\"contentUrl\":\"https:\\\/\\\/klap.ee\\\/wp-content\\\/uploads\\\/2025\\\/03\\\/klap_logo_transparent_410x158.png\",\"width\":410,\"height\":158,\"caption\":\"KLAP\"},\"image\":{\"@id\":\"https:\\\/\\\/klap.ee\\\/#\\\/schema\\\/logo\\\/image\\\/\"}}]}<\/script>\n<!-- \/ Yoast SEO plugin. -->","yoast_head_json":{"title":"Herman Miller Cosm Mid-Back Refurbished | \u20ac1,156 | KLAP","description":"Buy a refurbished Herman Miller Cosm Mid-Back chair for \u20ac1,156. Condition A, Auto-Harmonic Tilt, Intercept Suspension mesh, no adjustments needed. 5-year warranty. Same day delivery.","robots":{"index":"index","follow":"follow","max-snippet":"max-snippet:-1","max-image-preview":"max-image-preview:large","max-video-preview":"max-video-preview:-1"},"canonical":"https:\/\/klap.ee\/fi\/tuote\/herman-miller-cosm-mid-back-refurbished\/","og_locale":"fi_FI","og_type":"article","og_title":"Herman Miller Cosm Mid-Back Refurbished | \u20ac1,156 | KLAP","og_description":"Buy a refurbished Herman Miller Cosm Mid-Back chair for \u20ac1,156. Condition A, Auto-Harmonic Tilt, Intercept Suspension mesh, no adjustments needed. 5-year warranty. Same day delivery.","og_url":"https:\/\/klap.ee\/fi\/tuote\/herman-miller-cosm-mid-back-refurbished\/","og_site_name":"KLAP","article_modified_time":"2026-05-02T12:45:30+00:00","og_image":[{"width":1024,"height":1024,"url":"http:\/\/klap.ee\/wp-content\/uploads\/2025\/10\/Untitled-design-6-1024x1024.png","type":"image\/png"}],"twitter_card":"summary_large_image","twitter_misc":{"Arvioitu lukuaika":"3 minuuttia"},"schema":{"@context":"https:\/\/schema.org","@graph":[{"@type":"WebPage","@id":"https:\/\/klap.ee\/product\/herman-miller-cosm-mid-back-refurbished\/","url":"https:\/\/klap.ee\/product\/herman-miller-cosm-mid-back-refurbished\/","name":"Herman Miller Cosm Mid-Back Refurbished | \u20ac1,156 | KLAP","isPartOf":{"@id":"https:\/\/klap.ee\/#website"},"primaryImageOfPage":{"@id":"https:\/\/klap.ee\/product\/herman-miller-cosm-mid-back-refurbished\/#primaryimage"},"image":{"@id":"https:\/\/klap.ee\/product\/herman-miller-cosm-mid-back-refurbished\/#primaryimage"},"thumbnailUrl":"https:\/\/klap.ee\/wp-content\/uploads\/2025\/10\/Untitled-design-6.png","datePublished":"2025-10-03T08:00:17+00:00","dateModified":"2026-05-02T12:45:30+00:00","description":"Buy a refurbished Herman Miller Cosm Mid-Back chair for \u20ac1,156. Condition A, Auto-Harmonic Tilt, Intercept Suspension mesh, no adjustments needed. 5-year warranty. Same day delivery.","breadcrumb":{"@id":"https:\/\/klap.ee\/product\/herman-miller-cosm-mid-back-refurbished\/#breadcrumb"},"inLanguage":"fi","potentialAction":[{"@type":"ReadAction","target":["https:\/\/klap.ee\/product\/herman-miller-cosm-mid-back-refurbished\/"]}]},{"@type":"ImageObject","inLanguage":"fi","@id":"https:\/\/klap.ee\/product\/herman-miller-cosm-mid-back-refurbished\/#primaryimage","url":"https:\/\/klap.ee\/wp-content\/uploads\/2025\/10\/Untitled-design-6.png","contentUrl":"https:\/\/klap.ee\/wp-content\/uploads\/2025\/10\/Untitled-design-6.png","width":1600,"height":1600},{"@type":"BreadcrumbList","@id":"https:\/\/klap.ee\/product\/herman-miller-cosm-mid-back-refurbished\/#breadcrumb","itemListElement":[{"@type":"ListItem","position":1,"name":"Home","item":"https:\/\/klap.ee\/"},{"@type":"ListItem","position":2,"name":"Products","item":"https:\/\/klap.ee\/ergonomic-office-chairs\/"},{"@type":"ListItem","position":3,"name":"Herman Miller Cosm Mid-Back (Refurbished)"}]},{"@type":"WebSite","@id":"https:\/\/klap.ee\/#website","url":"https:\/\/klap.ee\/","name":"KLAP","description":"J\u00e4tkusuutliku disainm\u00f6\u00f6bli pood","publisher":{"@id":"https:\/\/klap.ee\/#organization"},"potentialAction":[{"@type":"SearchAction","target":{"@type":"EntryPoint","urlTemplate":"https:\/\/klap.ee\/?s={search_term_string}"},"query-input":{"@type":"PropertyValueSpecification","valueRequired":true,"valueName":"search_term_string"}}],"inLanguage":"fi"},{"@type":"Organization","@id":"https:\/\/klap.ee\/#organization","name":"KLAP","url":"https:\/\/klap.ee\/","logo":{"@type":"ImageObject","inLanguage":"fi","@id":"https:\/\/klap.ee\/#\/schema\/logo\/image\/","url":"https:\/\/klap.ee\/wp-content\/uploads\/2025\/03\/klap_logo_transparent_410x158.png","contentUrl":"https:\/\/klap.ee\/wp-content\/uploads\/2025\/03\/klap_logo_transparent_410x158.png","width":410,"height":158,"caption":"KLAP"},"image":{"@id":"https:\/\/klap.ee\/#\/schema\/logo\/image\/"}}]}},"_links":{"self":[{"href":"https:\/\/klap.ee\/fi\/wp-json\/wp\/v2\/product\/3329","targetHints":{"allow":["GET"]}}],"collection":[{"href":"https:\/\/klap.ee\/fi\/wp-json\/wp\/v2\/product"}],"about":[{"href":"https:\/\/klap.ee\/fi\/wp-json\/wp\/v2\/types\/product"}],"wp:featuredmedia":[{"embeddable":true,"href":"https:\/\/klap.ee\/fi\/wp-json\/wp\/v2\/media\/4168"}],"wp:attachment":[{"href":"https:\/\/klap.ee\/fi\/wp-json\/wp\/v2\/media?parent=3329"}],"wp:term":[{"taxonomy":"product_brand","embeddable":true,"href":"https:\/\/klap.ee\/fi\/wp-json\/wp\/v2\/product_brand?post=3329"},{"taxonomy":"product_cat","embeddable":true,"href":"https:\/\/klap.ee\/fi\/wp-json\/wp\/v2\/product_cat?post=3329"},{"taxonomy":"product_tag","embeddable":true,"href":"https:\/\/klap.ee\/fi\/wp-json\/wp\/v2\/product_tag?post=3329"}],"curies":[{"name":"wp","href":"https:\/\/api.w.org\/{rel}","templated":true}]}}