{"id":3353,"date":"2025-10-06T11:23:42","date_gmt":"2025-10-06T11:23:42","guid":{"rendered":"https:\/\/klap.ee\/?post_type=product&#038;p=3353"},"modified":"2026-05-02T12:45:30","modified_gmt":"2026-05-02T12:45:30","slug":"vitra-eames-ea-117-refurbished","status":"publish","type":"product","link":"https:\/\/klap.ee\/fi\/tuote\/vitra-eames-ea-117-refurbished\/","title":{"rendered":"Vitra Physix toimistotuoli (kunnostettu)"},"content":{"rendered":"<h2><strong>Tuotteen kuvaus<\/strong><\/h2>\n<p>Vitra Physix mustana on nykyaikainen toimistotuoli, jossa yhdistyv\u00e4t saumattomasti innovaatio, mukavuus ja minimalistinen muotoilu. Tunnetun muotoilijan Alberto Medan luoma tuoli erottuu tyylikk\u00e4\u00e4n siluetin, joustavan rakenteen ja hienostuneen estetiikkansa ansiosta. Ensiluokkaisista materiaaleista valmistettu ja edistyksellisell\u00e4 teknologialla suunniteltu Physix tarjoaa poikkeuksellisen ergonomisen tuen pitk\u00e4\u00e4n istumiseen - visuaalisesta tyylikkyydest\u00e4 tinkim\u00e4tt\u00e4. Vitra Physix lis\u00e4\u00e4 vaivattomasti sek\u00e4 mukavuutta ett\u00e4 sisustuksen hienostuneisuutta, olipa se sijoitettu kotitoimistoon, yrityksen ty\u00f6tilaan tai kokoushuoneeseen.<\/p>\n<h2>Vitra Physix Blackin ominaisuudet<\/h2>\n<p>Physixin ytimess\u00e4 on jatkuva joustava tekstiilikalvo, joka on pingotettu kahden ohuen sivukehyksen v\u00e4liin. T\u00e4m\u00e4 edistyksellinen muotoilu mahdollistaa mukautuvan joustavuuden ja johdonmukaisen vartalotuen. Alumiinirunko ja tarkasti muotoiltu viisit\u00e4htijalusta takaavat erinomaisen vakauden lis\u00e4ksi my\u00f6s kevyen ja tyylikk\u00e4\u00e4n ulkon\u00e4\u00f6n.<\/p>\n<p>S\u00e4\u00e4dett\u00e4v\u00e4n istuinkorkeuden ja ergonomisesti muotoillun selk\u00e4nojan ansiosta Physix seuraa intuitiivisesti k\u00e4ytt\u00e4j\u00e4n luonnollista asentoa ja liikkeit\u00e4. Tuloksena on tuoli, joka on yht\u00e4 kest\u00e4v\u00e4 ja toimiva kuin esteettisesti hienostunut - ihanteellinen kaikille, jotka etsiv\u00e4t mukavuutta ja tyyli\u00e4 p\u00e4ivitt\u00e4iseen ty\u00f6tilaansa.<\/p>\n<h2>T\u00e4rkeimm\u00e4t edut<\/h2>\n<ul>\n<li>Alberto Medan suunnittelema - ajatonta ja tulevaisuuteen suuntautuvaa k\u00e4sity\u00f6taitoa.<\/li>\n<li>Elastinen tekstiili tarjoaa dynaamisen, reagoivan tuen<\/li>\n<li>Ergonominen mukavuus my\u00f6s pitkien ty\u00f6tuntien aikana<\/li>\n<li>Jalostettu alumiinijalusta takaa vakauden ja visuaalisen keveyden.<\/li>\n<li>Monipuolinen k\u00e4ytt\u00f6: sopii toimistoon, kotitoimistoon ja kokoushuoneisiin.<\/li>\n<\/ul>\n<h2>Yleist\u00e4<\/h2>\n<p class=\"\">N\u00e4m\u00e4 toimistotuolit on kunnostettu. Meille \u2018kunnostettu\u2019 tarkoittaa, ett\u00e4 tuolit on tarkistettu huolellisesti, mahdollisesti verhoiltu uudelleen, varustettu uusilla virallisilla osilla, puhdistettu ja tarvittaessa maalattu uudelleen. Pyrimme saamaan tuolien kunnon j\u00e4lleen uuden veroiseksi.<\/p>\n<ul>\n<li>Kunnostettu - Kunto: A<\/li>\n<li>Selk\u00e4nojan v\u00e4ri: musta<\/li>\n<li>Rungon v\u00e4ri: musta<\/li>\n<li>Lattiarullat: yleisk\u00e4ytt\u00f6iset py\u00f6r\u00e4t (matto\/kova lattia)<\/li>\n<li>K\u00e4ytt\u00f6tarkoitus: pelaaminen, toimisto, usein istuva matkustaja<\/li>\n<\/ul>\n<h2>Tuotteen tekniset tiedot<\/h2>\n<div class=\"elementor-widget-container\"><\/div>\n<div>\n<table style=\"width: 649px; height: 558px;\" width=\"100%\">\n<tbody>\n<tr style=\"height: 19.6px;\">\n<td style=\"width: 49.7619%; height: 19.6px;\">&nbsp;<\/p>\n<p style=\"text-align: left;\"><span style=\"color: #808080;\">Suunnittelija<br \/>\n<\/span>Alberto Meda<\/p>\n<p style=\"text-align: left;\"><span style=\"color: #808080;\">Suunnitteluvuosi<br \/>\n<\/span>2017<\/p>\n<p style=\"text-align: left;\"><span style=\"color: #808080;\">Tuotettu<\/span><br \/>\nSwizerland<\/p>\n<p style=\"text-align: left;\"><span style=\"color: #808080;\">Todistukset<\/span><br \/>\nBIFMA taso\u00ae 3<br \/>\nGREENGUARD\u00ae Gold<\/p>\n<\/td>\n<td style=\"width: 49.7619%; height: 19.6px;\">&nbsp;<\/p>\n<p><span style=\"color: #808080;\">Kokonaismitat<br \/>\n<\/span>Koko - 1000 (korkeus) x 635 (leveys) x 800 mm (syvyys)<\/p>\n<p>&nbsp;<\/p>\n<p><span style=\"color: #808080;\"><span style=\"color: #808080;\">Maksimikapasiteetti<br \/>\n<\/span><\/span>136 kg<\/p>\n<p><span style=\"color: #808080; font-family: inherit; font-size: inherit;\"><br \/>\nTuotteen paino<br \/>\n<\/span>13<\/p>\n<p>&nbsp;<\/td>\n<\/tr>\n<\/tbody>\n<\/table>\n<p>&nbsp;<\/p>\n<\/div>","protected":false},"excerpt":{"rendered":"<p>\u2713 Refurbished \u2013 Condition A<br \/>\n\u2713 Save [23]% \u2013 designed by Charles &amp; Ray Eames (Vitra, Switzerland)<br \/>\n\u2713 Premium blue leather upholstery \u2013 timeless executive elegance<br \/>\n\u2713 Die-cast aluminium frame \u2013 iconic Eames Group design<br \/>\n\u2713 Fast delivery<\/p>\n","protected":false},"featured_media":4955,"template":"","meta":{"_themeisle_gutenberg_block_has_review":false,"iawp_total_views":5},"product_brand":[78],"product_cat":[115,33,25,112],"product_tag":[58,30],"class_list":{"0":"post-3353","1":"product","2":"type-product","3":"status-publish","4":"has-post-thumbnail","6":"product_brand-vitra","7":"product_cat-brands","8":"product_cat-ergonomic-office-chairs","9":"product_cat-office-furniture-1","10":"product_cat-office-furniture","11":"product_tag-eco-friendly-choice","12":"product_tag-refurbished","13":"product_shipping_class-toolid","15":"first","16":"instock","17":"sale","18":"taxable","19":"shipping-taxable","20":"purchasable","21":"product-type-simple"},"yoast_head":"<!-- This site is optimized with the Yoast SEO plugin v27.6 - https:\/\/yoast.com\/product\/yoast-seo-wordpress\/ -->\n<title>itra Eames EA 117 Office Chair Refurbished | \u20ac887 | KLAP<\/title>\n<meta name=\"description\" content=\"Buy a refurbished Vitra Eames EA 117 office chair in blue leather \u2014 save 23%. Condition A, designed by Charles &amp; Ray Eames, premium leather upholstery, aluminium base. Fast delivery.\" \/>\n<meta name=\"robots\" content=\"index, follow, max-snippet:-1, max-image-preview:large, max-video-preview:-1\" \/>\n<link rel=\"canonical\" href=\"https:\/\/klap.ee\/fi\/tuote\/vitra-eames-ea-117-refurbished\/\" \/>\n<meta property=\"og:locale\" content=\"fi_FI\" \/>\n<meta property=\"og:type\" content=\"article\" \/>\n<meta property=\"og:title\" content=\"itra Eames EA 117 Office Chair Refurbished | \u20ac887 | KLAP\" \/>\n<meta property=\"og:description\" content=\"Buy a refurbished Vitra Eames EA 117 office chair in blue leather \u2014 save 23%. Condition A, designed by Charles &amp; Ray Eames, premium leather upholstery, aluminium base. Fast delivery.\" \/>\n<meta property=\"og:url\" content=\"https:\/\/klap.ee\/fi\/tuote\/vitra-eames-ea-117-refurbished\/\" \/>\n<meta property=\"og:site_name\" content=\"KLAP\" \/>\n<meta property=\"article:modified_time\" content=\"2026-05-02T12:45:30+00:00\" \/>\n<meta property=\"og:image\" content=\"http:\/\/klap.ee\/wp-content\/uploads\/2025\/10\/Untitled-design-1-1.png\" \/>\n\t<meta property=\"og:image:width\" content=\"1600\" \/>\n\t<meta property=\"og:image:height\" content=\"1600\" \/>\n\t<meta property=\"og:image:type\" content=\"image\/png\" \/>\n<meta name=\"twitter:card\" content=\"summary_large_image\" \/>\n<meta name=\"twitter:label1\" content=\"Arvioitu lukuaika\" \/>\n\t<meta name=\"twitter:data1\" content=\"2 minuuttia\" \/>\n<script type=\"application\/ld+json\" class=\"yoast-schema-graph\">{\"@context\":\"https:\\\/\\\/schema.org\",\"@graph\":[{\"@type\":\"WebPage\",\"@id\":\"https:\\\/\\\/klap.ee\\\/product\\\/vitra-eames-ea-117-refurbished\\\/\",\"url\":\"https:\\\/\\\/klap.ee\\\/product\\\/vitra-eames-ea-117-refurbished\\\/\",\"name\":\"itra Eames EA 117 Office Chair Refurbished | \u20ac887 | KLAP\",\"isPartOf\":{\"@id\":\"https:\\\/\\\/klap.ee\\\/#website\"},\"primaryImageOfPage\":{\"@id\":\"https:\\\/\\\/klap.ee\\\/product\\\/vitra-eames-ea-117-refurbished\\\/#primaryimage\"},\"image\":{\"@id\":\"https:\\\/\\\/klap.ee\\\/product\\\/vitra-eames-ea-117-refurbished\\\/#primaryimage\"},\"thumbnailUrl\":\"https:\\\/\\\/klap.ee\\\/wp-content\\\/uploads\\\/2025\\\/10\\\/Untitled-design-1-1.png\",\"datePublished\":\"2025-10-06T11:23:42+00:00\",\"dateModified\":\"2026-05-02T12:45:30+00:00\",\"description\":\"Buy a refurbished Vitra Eames EA 117 office chair in blue leather \u2014 save 23%. Condition A, designed by Charles & Ray Eames, premium leather upholstery, aluminium base. Fast delivery.\",\"breadcrumb\":{\"@id\":\"https:\\\/\\\/klap.ee\\\/product\\\/vitra-eames-ea-117-refurbished\\\/#breadcrumb\"},\"inLanguage\":\"fi\",\"potentialAction\":[{\"@type\":\"ReadAction\",\"target\":[\"https:\\\/\\\/klap.ee\\\/product\\\/vitra-eames-ea-117-refurbished\\\/\"]}]},{\"@type\":\"ImageObject\",\"inLanguage\":\"fi\",\"@id\":\"https:\\\/\\\/klap.ee\\\/product\\\/vitra-eames-ea-117-refurbished\\\/#primaryimage\",\"url\":\"https:\\\/\\\/klap.ee\\\/wp-content\\\/uploads\\\/2025\\\/10\\\/Untitled-design-1-1.png\",\"contentUrl\":\"https:\\\/\\\/klap.ee\\\/wp-content\\\/uploads\\\/2025\\\/10\\\/Untitled-design-1-1.png\",\"width\":1600,\"height\":1600},{\"@type\":\"BreadcrumbList\",\"@id\":\"https:\\\/\\\/klap.ee\\\/product\\\/vitra-eames-ea-117-refurbished\\\/#breadcrumb\",\"itemListElement\":[{\"@type\":\"ListItem\",\"position\":1,\"name\":\"Home\",\"item\":\"https:\\\/\\\/klap.ee\\\/\"},{\"@type\":\"ListItem\",\"position\":2,\"name\":\"Products\",\"item\":\"https:\\\/\\\/klap.ee\\\/ergonomic-office-chairs\\\/\"},{\"@type\":\"ListItem\",\"position\":3,\"name\":\"Vitra Physix Office Chair (Refurbished)\"}]},{\"@type\":\"WebSite\",\"@id\":\"https:\\\/\\\/klap.ee\\\/#website\",\"url\":\"https:\\\/\\\/klap.ee\\\/\",\"name\":\"KLAP\",\"description\":\"J\u00e4tkusuutliku disainm\u00f6\u00f6bli pood\",\"publisher\":{\"@id\":\"https:\\\/\\\/klap.ee\\\/#organization\"},\"potentialAction\":[{\"@type\":\"SearchAction\",\"target\":{\"@type\":\"EntryPoint\",\"urlTemplate\":\"https:\\\/\\\/klap.ee\\\/?s={search_term_string}\"},\"query-input\":{\"@type\":\"PropertyValueSpecification\",\"valueRequired\":true,\"valueName\":\"search_term_string\"}}],\"inLanguage\":\"fi\"},{\"@type\":\"Organization\",\"@id\":\"https:\\\/\\\/klap.ee\\\/#organization\",\"name\":\"KLAP\",\"url\":\"https:\\\/\\\/klap.ee\\\/\",\"logo\":{\"@type\":\"ImageObject\",\"inLanguage\":\"fi\",\"@id\":\"https:\\\/\\\/klap.ee\\\/#\\\/schema\\\/logo\\\/image\\\/\",\"url\":\"https:\\\/\\\/klap.ee\\\/wp-content\\\/uploads\\\/2025\\\/03\\\/klap_logo_transparent_410x158.png\",\"contentUrl\":\"https:\\\/\\\/klap.ee\\\/wp-content\\\/uploads\\\/2025\\\/03\\\/klap_logo_transparent_410x158.png\",\"width\":410,\"height\":158,\"caption\":\"KLAP\"},\"image\":{\"@id\":\"https:\\\/\\\/klap.ee\\\/#\\\/schema\\\/logo\\\/image\\\/\"}}]}<\/script>\n<!-- \/ Yoast SEO plugin. -->","yoast_head_json":{"title":"itra Eames EA 117 Office Chair Refurbished | \u20ac887 | KLAP","description":"Buy a refurbished Vitra Eames EA 117 office chair in blue leather \u2014 save 23%. Condition A, designed by Charles & Ray Eames, premium leather upholstery, aluminium base. Fast delivery.","robots":{"index":"index","follow":"follow","max-snippet":"max-snippet:-1","max-image-preview":"max-image-preview:large","max-video-preview":"max-video-preview:-1"},"canonical":"https:\/\/klap.ee\/fi\/tuote\/vitra-eames-ea-117-refurbished\/","og_locale":"fi_FI","og_type":"article","og_title":"itra Eames EA 117 Office Chair Refurbished | \u20ac887 | KLAP","og_description":"Buy a refurbished Vitra Eames EA 117 office chair in blue leather \u2014 save 23%. Condition A, designed by Charles & Ray Eames, premium leather upholstery, aluminium base. Fast delivery.","og_url":"https:\/\/klap.ee\/fi\/tuote\/vitra-eames-ea-117-refurbished\/","og_site_name":"KLAP","article_modified_time":"2026-05-02T12:45:30+00:00","og_image":[{"width":1600,"height":1600,"url":"http:\/\/klap.ee\/wp-content\/uploads\/2025\/10\/Untitled-design-1-1.png","type":"image\/png"}],"twitter_card":"summary_large_image","twitter_misc":{"Arvioitu lukuaika":"2 minuuttia"},"schema":{"@context":"https:\/\/schema.org","@graph":[{"@type":"WebPage","@id":"https:\/\/klap.ee\/product\/vitra-eames-ea-117-refurbished\/","url":"https:\/\/klap.ee\/product\/vitra-eames-ea-117-refurbished\/","name":"itra Eames EA 117 Office Chair Refurbished | \u20ac887 | KLAP","isPartOf":{"@id":"https:\/\/klap.ee\/#website"},"primaryImageOfPage":{"@id":"https:\/\/klap.ee\/product\/vitra-eames-ea-117-refurbished\/#primaryimage"},"image":{"@id":"https:\/\/klap.ee\/product\/vitra-eames-ea-117-refurbished\/#primaryimage"},"thumbnailUrl":"https:\/\/klap.ee\/wp-content\/uploads\/2025\/10\/Untitled-design-1-1.png","datePublished":"2025-10-06T11:23:42+00:00","dateModified":"2026-05-02T12:45:30+00:00","description":"Buy a refurbished Vitra Eames EA 117 office chair in blue leather \u2014 save 23%. Condition A, designed by Charles & Ray Eames, premium leather upholstery, aluminium base. Fast delivery.","breadcrumb":{"@id":"https:\/\/klap.ee\/product\/vitra-eames-ea-117-refurbished\/#breadcrumb"},"inLanguage":"fi","potentialAction":[{"@type":"ReadAction","target":["https:\/\/klap.ee\/product\/vitra-eames-ea-117-refurbished\/"]}]},{"@type":"ImageObject","inLanguage":"fi","@id":"https:\/\/klap.ee\/product\/vitra-eames-ea-117-refurbished\/#primaryimage","url":"https:\/\/klap.ee\/wp-content\/uploads\/2025\/10\/Untitled-design-1-1.png","contentUrl":"https:\/\/klap.ee\/wp-content\/uploads\/2025\/10\/Untitled-design-1-1.png","width":1600,"height":1600},{"@type":"BreadcrumbList","@id":"https:\/\/klap.ee\/product\/vitra-eames-ea-117-refurbished\/#breadcrumb","itemListElement":[{"@type":"ListItem","position":1,"name":"Home","item":"https:\/\/klap.ee\/"},{"@type":"ListItem","position":2,"name":"Products","item":"https:\/\/klap.ee\/ergonomic-office-chairs\/"},{"@type":"ListItem","position":3,"name":"Vitra Physix Office Chair (Refurbished)"}]},{"@type":"WebSite","@id":"https:\/\/klap.ee\/#website","url":"https:\/\/klap.ee\/","name":"KLAP","description":"J\u00e4tkusuutliku disainm\u00f6\u00f6bli pood","publisher":{"@id":"https:\/\/klap.ee\/#organization"},"potentialAction":[{"@type":"SearchAction","target":{"@type":"EntryPoint","urlTemplate":"https:\/\/klap.ee\/?s={search_term_string}"},"query-input":{"@type":"PropertyValueSpecification","valueRequired":true,"valueName":"search_term_string"}}],"inLanguage":"fi"},{"@type":"Organization","@id":"https:\/\/klap.ee\/#organization","name":"KLAP","url":"https:\/\/klap.ee\/","logo":{"@type":"ImageObject","inLanguage":"fi","@id":"https:\/\/klap.ee\/#\/schema\/logo\/image\/","url":"https:\/\/klap.ee\/wp-content\/uploads\/2025\/03\/klap_logo_transparent_410x158.png","contentUrl":"https:\/\/klap.ee\/wp-content\/uploads\/2025\/03\/klap_logo_transparent_410x158.png","width":410,"height":158,"caption":"KLAP"},"image":{"@id":"https:\/\/klap.ee\/#\/schema\/logo\/image\/"}}]}},"_links":{"self":[{"href":"https:\/\/klap.ee\/fi\/wp-json\/wp\/v2\/product\/3353","targetHints":{"allow":["GET"]}}],"collection":[{"href":"https:\/\/klap.ee\/fi\/wp-json\/wp\/v2\/product"}],"about":[{"href":"https:\/\/klap.ee\/fi\/wp-json\/wp\/v2\/types\/product"}],"wp:featuredmedia":[{"embeddable":true,"href":"https:\/\/klap.ee\/fi\/wp-json\/wp\/v2\/media\/4955"}],"wp:attachment":[{"href":"https:\/\/klap.ee\/fi\/wp-json\/wp\/v2\/media?parent=3353"}],"wp:term":[{"taxonomy":"product_brand","embeddable":true,"href":"https:\/\/klap.ee\/fi\/wp-json\/wp\/v2\/product_brand?post=3353"},{"taxonomy":"product_cat","embeddable":true,"href":"https:\/\/klap.ee\/fi\/wp-json\/wp\/v2\/product_cat?post=3353"},{"taxonomy":"product_tag","embeddable":true,"href":"https:\/\/klap.ee\/fi\/wp-json\/wp\/v2\/product_tag?post=3353"}],"curies":[{"name":"wp","href":"https:\/\/api.w.org\/{rel}","templated":true}]}}