{"id":3707,"date":"2025-12-08T06:22:19","date_gmt":"2025-12-08T06:22:19","guid":{"rendered":"https:\/\/klap.ee\/?post_type=product&#038;p=3707"},"modified":"2026-05-04T11:33:05","modified_gmt":"2026-05-04T11:33:05","slug":"herman-miller-cosm-low-back","status":"publish","type":"product","link":"https:\/\/klap.ee\/fi\/tuote\/herman-miller-cosm-low-back\/","title":{"rendered":"Herman Miller Cosm Low Back"},"content":{"rendered":"<h2><strong>Tuotteen kuvaus<\/strong><\/h2>\n<p>The Herman Miller Cosm with low backseat is a chair designed to deliver immediate comfort without the need for adjustments. Its purpose is to make sitting as effortless as possible \u2013 you simply sit down, and the chair automatically adapts to your body. Unlike many other office chairs, the Cosm requires no complex fine-tuning, as it intuitively responds to movement and changes in posture. The seat and back are made from a continuous elastomeric mesh that distributes weight evenly, allows air to flow, and provides consistent support throughout the day. Its slim, flexible frame moves with you, eliminating hard edges and encouraging natural freedom of motion.<\/p>\n<p>Cosm on saatavana kolmella selk\u00e4nojan korkeudella - matala, keskikorkea ja korkea - joten se soveltuu erilaisiin ty\u00f6tyyleihin ja tuen tarpeisiin. Tuolissa on my\u00f6s erilaisia k\u00e4sinojavaihtoehtoja, mukaan lukien tunnusomaiset \u201cLeaf Arms\u201d -k\u00e4sinojat, jotka on suunniteltu pysym\u00e4\u00e4n huomaamattomina, kun ty\u00f6skennell\u00e4\u00e4n l\u00e4hell\u00e4 ty\u00f6p\u00f6yt\u00e4\u00e4. Teknisten ominaisuuksiensa lis\u00e4ksi Cosm erottuu esteettisyydell\u00e4\u00e4n: yhten\u00e4isiss\u00e4 v\u00e4ris\u00e4vyiss\u00e4 tarjottu tuoli, jossa runko ja jousitus sulautuvat saumattomasti toisiinsa, on minimalistinen mutta hienostunut. Tuloksena on tuoli, jota usein kuvaillaan tuoliksi, jossa voit unohtaa istuvasi, kiitos sen muotoilun, mukavuuden ja ergonomian vaivattoman tasapainon.<\/p>\n<h2>Avainominaisuudet<\/h2>\n<ul>\n<li><strong>Auto-harmoninen kallistus<\/strong> - Itses\u00e4\u00e4tyv\u00e4 kallistusmekanismi, joka mukautuu automaattisesti jokaiseen asentoon ja tarjoaa luonnollisen tasapainon ja tuen ilman manuaalisia s\u00e4\u00e4t\u00f6j\u00e4.<\/li>\n<li><strong>Intercept Jousitus<\/strong> - Istuimen ja selk\u00e4nojan kauttaaltaan jatkuva elastomeerinen verkko, joka jakaa painon tasaisesti, sallii ilmavirtauksen ja antaa tasaisen tuen.<\/li>\n<li><strong>Joustava runko<\/strong> - Ohut, joustava runko, joka liikkuu kehon mukana, poistaa kovat reunat ja mahdollistaa luonnollisen liikkumisen vapauden.<\/li>\n<\/ul>\n<h2>Yleist\u00e4<\/h2>\n<p>N\u00e4m\u00e4 toimistotuolit ovat uusia.<\/p>\n<ul>\n<li>Koot: univerraali<\/li>\n<li>Selk\u00e4nojan suojus: eri<\/li>\n<li>Kehyksen v\u00e4ri: eri<\/li>\n<li>Takuu: 12 vuotta<\/li>\n<li>Auto-harmoninen kallistus<\/li>\n<li>Kallistusj\u00e4nnitys<\/li>\n<li>Intercept Jousitus<\/li>\n<li>Korkeuss\u00e4\u00e4dett\u00e4v\u00e4t k\u00e4sinojat<\/li>\n<li>Joustava runko<\/li>\n<li>S\u00e4\u00e4dett\u00e4v\u00e4 istuinkulma<\/li>\n<li>Kaasujousi s\u00e4\u00e4dett\u00e4v\u00e4ll\u00e4 korkeudella<\/li>\n<\/ul>\n<h2>Tuotteen tekniset tiedot<\/h2>\n<table style=\"width: 649px; height: 558px;\" width=\"100%\">\n<tbody>\n<tr style=\"height: 19.6px;\">\n<td style=\"width: 49.7619%; height: 19.6px;\">\n<p style=\"text-align: left;\"><span style=\"color: #808080;\">Suunnittelija<br \/>\n<\/span>Studio 7.5<\/p>\n<p style=\"text-align: left;\"><span style=\"color: #808080;\">Suunnitteluvuosi<br \/>\n<\/span>2018<\/p>\n<p style=\"text-align: left;\"><span style=\"color: #808080;\">Tuotettu<\/span><br \/>\nYHDYSVALLAT<\/p>\n<p style=\"text-align: left;\"><span style=\"color: #808080;\">Todistukset<br \/>\n<\/span>level\u00ae<br \/>\nGREENGUARD<br \/>\nCradle to Cradle<\/p>\n<\/td>\n<td style=\"width: 49.7619%; height: 19.6px;\">&nbsp;<\/p>\n<p>&nbsp;<\/p>\n<p>&nbsp;<\/p>\n<p><span style=\"color: #808080;\">Kokonaismitat<br \/>\n<\/span>Alaselk\u00e4: 1031 (h) x 734 (s) x 678 (k)<br \/>\nKeskiselk\u00e4: 1156 (h) x 734 (s) x 678 (k)<br \/>\nKorkea selk\u00e4noja: 1311 (h) x 734 (s) x 678 (k)<\/p>\n<p><span style=\"color: #808080;\">Maksimikapasiteetti<br \/>\n<\/span>159 kg<\/p>\n<p><span style=\"color: #808080;\">Tuotteen paino<br \/>\n<\/span>Alaselk\u00e4: 15.5<br \/>\nKeskiselk\u00e4: 15.8<br \/>\nKorkea selk\u00e4: 16.1<\/p>\n<p>&nbsp;<\/td>\n<\/tr>\n<\/tbody>\n<\/table>\n<p>&nbsp;<\/p>\n<div class=\"elementor-element elementor-element-4d311189 elementor-widget elementor-widget-text-editor\" data-id=\"4d311189\" data-element_type=\"widget\" data-widget_type=\"text-editor.default\">\n<div class=\"elementor-widget-container\"><\/div>\n<\/div>","protected":false},"excerpt":{"rendered":"<p>\u2713 Upouusi - istu vain alas, ei tarvita s\u00e4\u00e4t\u00f6j\u00e4<br \/>\n\u2713 5 colours, choice of standard or Leaf Arms<br \/>\n\u2713 Auto-harmoninen kallistus- ja v\u00e4lijousitusverkko (Auto-Harmonic Tilt &amp; Intercept)<br \/>\n\u2713 12 vuoden takuu, valmistettu Yhdysvalloissa<br \/>\n\u2713 Nopea toimitus<\/p>","protected":false},"featured_media":4166,"template":"","meta":{"_themeisle_gutenberg_block_has_review":false,"iawp_total_views":0},"product_brand":[31],"product_cat":[115,33,34,120,25,112],"product_tag":[76],"class_list":{"0":"post-3707","1":"product","2":"type-product","3":"status-publish","4":"has-post-thumbnail","6":"product_brand-hermanmiller","7":"product_cat-brands","8":"product_cat-ergonomic-office-chairs","9":"product_cat-herman-miller","10":"product_cat-new","11":"product_cat-office-furniture-1","12":"product_cat-office-furniture","13":"product_tag-new","14":"product_shipping_class-toolid","16":"first","17":"instock","18":"sale","19":"taxable","20":"shipping-taxable","21":"purchasable","22":"product-type-variable"},"yoast_head":"<!-- This site is optimized with the Yoast SEO plugin v27.6 - https:\/\/yoast.com\/product\/yoast-seo-wordpress\/ -->\n<title>Herman Miller Cosm Low Back (New) | From \u20ac1,491 | 5 Colours | KLAP<\/title>\n<meta name=\"description\" content=\"Buy the Herman Miller Cosm Low Back from \u20ac1,491. Brand new, just sit down \u2014 no adjustments needed. 5 colours, Leaf Arms option, Auto-Harmonic Tilt, 12-year warranty. Fast delivery.\" \/>\n<meta name=\"robots\" content=\"index, follow, max-snippet:-1, max-image-preview:large, max-video-preview:-1\" \/>\n<link rel=\"canonical\" href=\"https:\/\/klap.ee\/fi\/tuote\/herman-miller-cosm-low-back\/\" \/>\n<meta property=\"og:locale\" content=\"fi_FI\" \/>\n<meta property=\"og:type\" content=\"article\" \/>\n<meta property=\"og:title\" content=\"Herman Miller Cosm Low Back (New) | From \u20ac1,491 | 5 Colours | KLAP\" \/>\n<meta property=\"og:description\" content=\"Buy the Herman Miller Cosm Low Back from \u20ac1,491. Brand new, just sit down \u2014 no adjustments needed. 5 colours, Leaf Arms option, Auto-Harmonic Tilt, 12-year warranty. Fast delivery.\" \/>\n<meta property=\"og:url\" content=\"https:\/\/klap.ee\/fi\/tuote\/herman-miller-cosm-low-back\/\" \/>\n<meta property=\"og:site_name\" content=\"KLAP\" \/>\n<meta property=\"article:modified_time\" content=\"2026-05-04T11:33:05+00:00\" \/>\n<meta property=\"og:image\" content=\"https:\/\/klap.ee\/wp-content\/uploads\/2025\/12\/Untitled-design-4-1-1024x1024.png\" \/>\n\t<meta property=\"og:image:width\" content=\"1024\" \/>\n\t<meta property=\"og:image:height\" content=\"1024\" \/>\n\t<meta property=\"og:image:type\" content=\"image\/png\" \/>\n<meta name=\"twitter:card\" content=\"summary_large_image\" \/>\n<meta name=\"twitter:label1\" content=\"Arvioitu lukuaika\" \/>\n\t<meta name=\"twitter:data1\" content=\"2 minuuttia\" \/>\n<script type=\"application\/ld+json\" class=\"yoast-schema-graph\">{\"@context\":\"https:\\\/\\\/schema.org\",\"@graph\":[{\"@type\":\"WebPage\",\"@id\":\"https:\\\/\\\/klap.ee\\\/product\\\/herman-miller-cosm-low-back\\\/\",\"url\":\"https:\\\/\\\/klap.ee\\\/product\\\/herman-miller-cosm-low-back\\\/\",\"name\":\"Herman Miller Cosm Low Back (New) | From \u20ac1,491 | 5 Colours | KLAP\",\"isPartOf\":{\"@id\":\"https:\\\/\\\/klap.ee\\\/#website\"},\"primaryImageOfPage\":{\"@id\":\"https:\\\/\\\/klap.ee\\\/product\\\/herman-miller-cosm-low-back\\\/#primaryimage\"},\"image\":{\"@id\":\"https:\\\/\\\/klap.ee\\\/product\\\/herman-miller-cosm-low-back\\\/#primaryimage\"},\"thumbnailUrl\":\"https:\\\/\\\/klap.ee\\\/wp-content\\\/uploads\\\/2025\\\/12\\\/Untitled-design-4-1.png\",\"datePublished\":\"2025-12-08T06:22:19+00:00\",\"dateModified\":\"2026-05-04T11:33:05+00:00\",\"description\":\"Buy the Herman Miller Cosm Low Back from \u20ac1,491. Brand new, just sit down \u2014 no adjustments needed. 5 colours, Leaf Arms option, Auto-Harmonic Tilt, 12-year warranty. Fast delivery.\",\"breadcrumb\":{\"@id\":\"https:\\\/\\\/klap.ee\\\/product\\\/herman-miller-cosm-low-back\\\/#breadcrumb\"},\"inLanguage\":\"fi\",\"potentialAction\":[{\"@type\":\"ReadAction\",\"target\":[\"https:\\\/\\\/klap.ee\\\/product\\\/herman-miller-cosm-low-back\\\/\"]}]},{\"@type\":\"ImageObject\",\"inLanguage\":\"fi\",\"@id\":\"https:\\\/\\\/klap.ee\\\/product\\\/herman-miller-cosm-low-back\\\/#primaryimage\",\"url\":\"https:\\\/\\\/klap.ee\\\/wp-content\\\/uploads\\\/2025\\\/12\\\/Untitled-design-4-1.png\",\"contentUrl\":\"https:\\\/\\\/klap.ee\\\/wp-content\\\/uploads\\\/2025\\\/12\\\/Untitled-design-4-1.png\",\"width\":1600,\"height\":1600},{\"@type\":\"BreadcrumbList\",\"@id\":\"https:\\\/\\\/klap.ee\\\/product\\\/herman-miller-cosm-low-back\\\/#breadcrumb\",\"itemListElement\":[{\"@type\":\"ListItem\",\"position\":1,\"name\":\"Home\",\"item\":\"https:\\\/\\\/klap.ee\\\/\"},{\"@type\":\"ListItem\",\"position\":2,\"name\":\"Products\",\"item\":\"https:\\\/\\\/klap.ee\\\/ergonomic-office-chairs\\\/\"},{\"@type\":\"ListItem\",\"position\":3,\"name\":\"Herman Miller Cosm Low Back\"}]},{\"@type\":\"WebSite\",\"@id\":\"https:\\\/\\\/klap.ee\\\/#website\",\"url\":\"https:\\\/\\\/klap.ee\\\/\",\"name\":\"KLAP\",\"description\":\"J\u00e4tkusuutliku disainm\u00f6\u00f6bli pood\",\"publisher\":{\"@id\":\"https:\\\/\\\/klap.ee\\\/#organization\"},\"potentialAction\":[{\"@type\":\"SearchAction\",\"target\":{\"@type\":\"EntryPoint\",\"urlTemplate\":\"https:\\\/\\\/klap.ee\\\/?s={search_term_string}\"},\"query-input\":{\"@type\":\"PropertyValueSpecification\",\"valueRequired\":true,\"valueName\":\"search_term_string\"}}],\"inLanguage\":\"fi\"},{\"@type\":\"Organization\",\"@id\":\"https:\\\/\\\/klap.ee\\\/#organization\",\"name\":\"KLAP\",\"url\":\"https:\\\/\\\/klap.ee\\\/\",\"logo\":{\"@type\":\"ImageObject\",\"inLanguage\":\"fi\",\"@id\":\"https:\\\/\\\/klap.ee\\\/#\\\/schema\\\/logo\\\/image\\\/\",\"url\":\"https:\\\/\\\/klap.ee\\\/wp-content\\\/uploads\\\/2025\\\/03\\\/klap_logo_transparent_410x158.png\",\"contentUrl\":\"https:\\\/\\\/klap.ee\\\/wp-content\\\/uploads\\\/2025\\\/03\\\/klap_logo_transparent_410x158.png\",\"width\":410,\"height\":158,\"caption\":\"KLAP\"},\"image\":{\"@id\":\"https:\\\/\\\/klap.ee\\\/#\\\/schema\\\/logo\\\/image\\\/\"}}]}<\/script>\n<!-- \/ Yoast SEO plugin. -->","yoast_head_json":{"title":"Herman Miller Cosm Low Back (New) | From \u20ac1,491 | 5 Colours | KLAP","description":"Buy the Herman Miller Cosm Low Back from \u20ac1,491. Brand new, just sit down \u2014 no adjustments needed. 5 colours, Leaf Arms option, Auto-Harmonic Tilt, 12-year warranty. Fast delivery.","robots":{"index":"index","follow":"follow","max-snippet":"max-snippet:-1","max-image-preview":"max-image-preview:large","max-video-preview":"max-video-preview:-1"},"canonical":"https:\/\/klap.ee\/fi\/tuote\/herman-miller-cosm-low-back\/","og_locale":"fi_FI","og_type":"article","og_title":"Herman Miller Cosm Low Back (New) | From \u20ac1,491 | 5 Colours | KLAP","og_description":"Buy the Herman Miller Cosm Low Back from \u20ac1,491. Brand new, just sit down \u2014 no adjustments needed. 5 colours, Leaf Arms option, Auto-Harmonic Tilt, 12-year warranty. Fast delivery.","og_url":"https:\/\/klap.ee\/fi\/tuote\/herman-miller-cosm-low-back\/","og_site_name":"KLAP","article_modified_time":"2026-05-04T11:33:05+00:00","og_image":[{"width":1024,"height":1024,"url":"https:\/\/klap.ee\/wp-content\/uploads\/2025\/12\/Untitled-design-4-1-1024x1024.png","type":"image\/png"}],"twitter_card":"summary_large_image","twitter_misc":{"Arvioitu lukuaika":"2 minuuttia"},"schema":{"@context":"https:\/\/schema.org","@graph":[{"@type":"WebPage","@id":"https:\/\/klap.ee\/product\/herman-miller-cosm-low-back\/","url":"https:\/\/klap.ee\/product\/herman-miller-cosm-low-back\/","name":"Herman Miller Cosm Low Back (New) | From \u20ac1,491 | 5 Colours | KLAP","isPartOf":{"@id":"https:\/\/klap.ee\/#website"},"primaryImageOfPage":{"@id":"https:\/\/klap.ee\/product\/herman-miller-cosm-low-back\/#primaryimage"},"image":{"@id":"https:\/\/klap.ee\/product\/herman-miller-cosm-low-back\/#primaryimage"},"thumbnailUrl":"https:\/\/klap.ee\/wp-content\/uploads\/2025\/12\/Untitled-design-4-1.png","datePublished":"2025-12-08T06:22:19+00:00","dateModified":"2026-05-04T11:33:05+00:00","description":"Buy the Herman Miller Cosm Low Back from \u20ac1,491. Brand new, just sit down \u2014 no adjustments needed. 5 colours, Leaf Arms option, Auto-Harmonic Tilt, 12-year warranty. Fast delivery.","breadcrumb":{"@id":"https:\/\/klap.ee\/product\/herman-miller-cosm-low-back\/#breadcrumb"},"inLanguage":"fi","potentialAction":[{"@type":"ReadAction","target":["https:\/\/klap.ee\/product\/herman-miller-cosm-low-back\/"]}]},{"@type":"ImageObject","inLanguage":"fi","@id":"https:\/\/klap.ee\/product\/herman-miller-cosm-low-back\/#primaryimage","url":"https:\/\/klap.ee\/wp-content\/uploads\/2025\/12\/Untitled-design-4-1.png","contentUrl":"https:\/\/klap.ee\/wp-content\/uploads\/2025\/12\/Untitled-design-4-1.png","width":1600,"height":1600},{"@type":"BreadcrumbList","@id":"https:\/\/klap.ee\/product\/herman-miller-cosm-low-back\/#breadcrumb","itemListElement":[{"@type":"ListItem","position":1,"name":"Home","item":"https:\/\/klap.ee\/"},{"@type":"ListItem","position":2,"name":"Products","item":"https:\/\/klap.ee\/ergonomic-office-chairs\/"},{"@type":"ListItem","position":3,"name":"Herman Miller Cosm Low Back"}]},{"@type":"WebSite","@id":"https:\/\/klap.ee\/#website","url":"https:\/\/klap.ee\/","name":"KLAP","description":"J\u00e4tkusuutliku disainm\u00f6\u00f6bli pood","publisher":{"@id":"https:\/\/klap.ee\/#organization"},"potentialAction":[{"@type":"SearchAction","target":{"@type":"EntryPoint","urlTemplate":"https:\/\/klap.ee\/?s={search_term_string}"},"query-input":{"@type":"PropertyValueSpecification","valueRequired":true,"valueName":"search_term_string"}}],"inLanguage":"fi"},{"@type":"Organization","@id":"https:\/\/klap.ee\/#organization","name":"KLAP","url":"https:\/\/klap.ee\/","logo":{"@type":"ImageObject","inLanguage":"fi","@id":"https:\/\/klap.ee\/#\/schema\/logo\/image\/","url":"https:\/\/klap.ee\/wp-content\/uploads\/2025\/03\/klap_logo_transparent_410x158.png","contentUrl":"https:\/\/klap.ee\/wp-content\/uploads\/2025\/03\/klap_logo_transparent_410x158.png","width":410,"height":158,"caption":"KLAP"},"image":{"@id":"https:\/\/klap.ee\/#\/schema\/logo\/image\/"}}]}},"_links":{"self":[{"href":"https:\/\/klap.ee\/fi\/wp-json\/wp\/v2\/product\/3707","targetHints":{"allow":["GET"]}}],"collection":[{"href":"https:\/\/klap.ee\/fi\/wp-json\/wp\/v2\/product"}],"about":[{"href":"https:\/\/klap.ee\/fi\/wp-json\/wp\/v2\/types\/product"}],"wp:featuredmedia":[{"embeddable":true,"href":"https:\/\/klap.ee\/fi\/wp-json\/wp\/v2\/media\/4166"}],"wp:attachment":[{"href":"https:\/\/klap.ee\/fi\/wp-json\/wp\/v2\/media?parent=3707"}],"wp:term":[{"taxonomy":"product_brand","embeddable":true,"href":"https:\/\/klap.ee\/fi\/wp-json\/wp\/v2\/product_brand?post=3707"},{"taxonomy":"product_cat","embeddable":true,"href":"https:\/\/klap.ee\/fi\/wp-json\/wp\/v2\/product_cat?post=3707"},{"taxonomy":"product_tag","embeddable":true,"href":"https:\/\/klap.ee\/fi\/wp-json\/wp\/v2\/product_tag?post=3707"}],"curies":[{"name":"wp","href":"https:\/\/api.w.org\/{rel}","templated":true}]}}