{"id":3739,"date":"2025-12-09T07:55:53","date_gmt":"2025-12-09T07:55:53","guid":{"rendered":"https:\/\/klap.ee\/?post_type=product&#038;p=3739"},"modified":"2026-05-04T11:33:05","modified_gmt":"2026-05-04T11:33:05","slug":"herman-miller-aeron-remastered-aluminium","status":"publish","type":"product","link":"https:\/\/klap.ee\/fi\/tuote\/herman-miller-aeron-remastered-aluminium\/","title":{"rendered":"Herman Miller Aeron Remastered Onyx\/Alumiini"},"content":{"rendered":"<h2><strong>Tuotteen kuvaus<\/strong><\/h2>\n<p>Aeron Remastered on arvokas seuraaja yhdelle historian vaikutusvaltaisimmista toimistotuoleista. Se on kevyempi, ergonomisempi ja intuitiivisempi kuin ikoninen edelt\u00e4j\u00e4ns\u00e4, ja se m\u00e4\u00e4rittelee uudelleen nykyaikaiset istuinstandardit.<\/p>\n<p>Alun perin 1990-luvulla Don Chadwickin ja Bill Stumpfin suunnittelemasta Aeronista tuli nopeasti kulttuurinen ja ergonominen virstanpylv\u00e4s. Se oli ensimm\u00e4inen toimistotuoli, joka hylk\u00e4si perinteisen verhoilun ja tarjosi sen sijaan tulevaisuuteen suuntautuvan muotoilun, jossa yhdistyv\u00e4t innovaatiot ja mukavuus pitk\u00e4\u00e4 ty\u00f6p\u00e4iv\u00e4\u00e4 ty\u00f6p\u00f6yd\u00e4n \u00e4\u00e4ress\u00e4 viett\u00e4ville ammattilaisille. Nyt Aeron Classic on uudistettu nykyp\u00e4iv\u00e4n ty\u00f6paikkoja varten. Remastered-versiossa on parannettu ergonomiaa ja edistyksellist\u00e4 materiaalitekniikkaa, jotka parantavat suorituskyky\u00e4 vastaamaan 2000-luvun vaatimuksia.<\/p>\n<p>Aeron Remastered on luokassaan edelleen vertaansa vailla. Se on suunniteltu tarjoamaan erinomaista ergonomista tukea monenlaisille vartalotyypeille, ja siin\u00e4 on hengitt\u00e4v\u00e4 jousitusj\u00e4rjestelm\u00e4 istuimessa ja selk\u00e4nojassa, joka mukautuu k\u00e4ytt\u00e4j\u00e4n muotoon ja kevent\u00e4\u00e4 selk\u00e4rankaan, niskaan ja lantioon kohdistuvaa painetta. Sen hienostunut kallistusmekanismi ja t\u00e4ysin s\u00e4\u00e4dett\u00e4v\u00e4t k\u00e4sinojat mahdollistavat tarkan r\u00e4\u00e4t\u00e4l\u00f6innin, mik\u00e4 takaa terveen, tukevan asennon pitkien ty\u00f6p\u00e4ivien ajan. Aeron Remastered tarjoaa tyylikk\u00e4\u00e4n ja nykyaikaisen estetiikkansa ansiosta vertaansa vailla olevaa toiminnallisuutta, mutta se my\u00f6s integroituu saumattomasti mihin tahansa ammatilliseen ymp\u00e4rist\u00f6\u00f6n.<\/p>\n<h2>Avainominaisuudet<\/h2>\n<p><strong>PostureFit SL:<\/strong><br \/>T\u00e4m\u00e4 patentoitu, uudelleen suunniteltu selk\u00e4tukij\u00e4rjestelm\u00e4 tarjoaa ergonomista vakautta lantion alueelle ja jakaa tuen tasaisesti koko selk\u00e4rangalle. Remastered-versiossa hyv\u00e4ksi todettua PostureFit-j\u00e4rjestelm\u00e4\u00e4 on parannettu kahdella itsen\u00e4isesti s\u00e4\u00e4dett\u00e4v\u00e4ll\u00e4 tyynyll\u00e4, jotka stabiloivat sek\u00e4 ristiluun ett\u00e4 lannerangan aluetta.<\/p>\n<p><strong>8Z Pellikkelikalvo:<\/strong><br \/>Hengitt\u00e4v\u00e4, patentoitu kalvo j\u00e4ljittelee ihmisen ihon luonnollisia diffuusioprosesseja, est\u00e4\u00e4 l\u00e4mm\u00f6n kertymisen ja yll\u00e4pit\u00e4\u00e4 optimaalisen mukavuuden. Siin\u00e4 on kahdeksan erillist\u00e4 tukivy\u00f6hykett\u00e4, joiden kireys vaihtelee ja jotka takaavat r\u00e4\u00e4t\u00e4l\u00f6idyn kiinteyden ja mukautuvan paineenalennuksen koko keholle.<\/p>\n<p><strong>3D k\u00e4sinojat:<\/strong><br \/>K\u00e4sinojat ovat helppok\u00e4ytt\u00f6isempi\u00e4 ja mukavampia, ja niiss\u00e4 on kolmiulotteinen s\u00e4\u00e4t\u00f6mahdollisuus - korkeus, syvyys ja k\u00e4\u00e4nt\u00f6 - mik\u00e4 mahdollistaa tarkan mukauttamisen mihin tahansa ty\u00f6ymp\u00e4rist\u00f6\u00f6n.<\/p>\n<h2>Yleist\u00e4<\/h2>\n<p>N\u00e4m\u00e4 toimistotuolit ovat uusia.<\/p>\n<ul>\n<li>Koot: A, B, C<\/li>\n<li>Selk\u00e4nojan suojus: Graafiitti\/Onyx\/Mineraali<\/li>\n<li>Rungon v\u00e4ri: Kiillotettu<\/li>\n<li>Takuu: 12 vuotta<\/li>\n<li>K\u00e4sinojat ovat s\u00e4\u00e4dett\u00e4viss\u00e4 korkeussuunnassa, edestakaisin, sis\u00e4\u00e4n ja ulosp\u00e4in<\/li>\n<li>Kallistusj\u00e4nnitys<\/li>\n<li>S\u00e4\u00e4dett\u00e4v\u00e4 lannerangan tuki \/ PostureFit SL<\/li>\n<li>8Z-Pellikkelikalvo<\/li>\n<li>Vinyyliset k\u00e4sinojat<\/li>\n<li>S\u00e4\u00e4dett\u00e4v\u00e4 istuinkulma<\/li>\n<li>Kaasujousi s\u00e4\u00e4dett\u00e4v\u00e4ll\u00e4 korkeudella<\/li>\n<\/ul>\n<h2>Tuotteen tekniset tiedot<\/h2>\n<table style=\"width: 649px; height: 558px;\" width=\"100%\">\n<tbody>\n<tr style=\"height: 19.6px;\">\n<td style=\"width: 49.7619%; height: 19.6px;\">\n<p style=\"text-align: left;\"><span style=\"color: #808080;\">Suunnittelija<br \/>\n<\/span>Don Chadwick ja Bill Stumpf<\/p>\n<p style=\"text-align: left;\"><span style=\"color: #808080;\">Suunnitteluvuosi<br \/>\n<\/span>2016<\/p>\n<p style=\"text-align: left;\"><span style=\"color: #808080;\">Tuotettu<\/span><br \/>\nYHDYSVALLAT<\/p>\n<p style=\"text-align: left;\"><span style=\"color: #808080;\">Todistukset<br \/>\n<\/span>level\u00ae<br \/>\nGREENGUARD<br \/>\nCradle to Cradle<\/p>\n<\/td>\n<td style=\"width: 49.7619%; height: 19.6px;\">&nbsp;<\/p>\n<p>&nbsp;<\/p>\n<p>&nbsp;<\/p>\n<p><span style=\"color: #808080;\">Kokonaismitat<br \/>\n<\/span>Koko A - 953 (korkeus) x 635 (leveys) x 567 mm (syvyys).<br \/>\nKoko B - 1090 (K) x 658 (L) x 598 mm (S)<br \/>\nKoko C - 1128 (K) x 695 (L) x 664 mm (S)<\/p>\n<p><span style=\"color: #808080;\">Maksimikapasiteetti<br \/>\n<\/span>Koko A - 136 kg<br \/>\nKoko B - 159 kg<br \/>\nKoko C - 159 kg<\/p>\n<p><span style=\"color: #808080;\">Tuotteen paino<br \/>\n<\/span>Koko A - 18,1 kg<br \/>\nKoko B - 18,6 kg<br \/>\nKoko C - 19,5 kg<\/p>\n<p>&nbsp;<\/td>\n<\/tr>\n<\/tbody>\n<\/table>\n<p>&nbsp;<\/p>\n<div class=\"elementor-element elementor-element-4d311189 elementor-widget elementor-widget-text-editor\" data-id=\"4d311189\" data-element_type=\"widget\" data-widget_type=\"text-editor.default\">\n<div class=\"elementor-widget-container\"><\/div>\n<\/div>","protected":false},"excerpt":{"rendered":"<p>\u2713 Upouusi - Kiillotettu alumiinijalusta<br \/>\n\u2713 3 v\u00e4ri\u00e4: Onyx, Mineral<br \/>\n\u2713 Koot A, B, C - PostureFit SL tai 8Z Pellicle (Pellicle).<br \/>\n\u2713 12 vuoden takuu, valmistettu Yhdysvalloissa<br \/>\n\u2713 Nopea toimitus<\/p>","protected":false},"featured_media":3859,"template":"","meta":{"_themeisle_gutenberg_block_has_review":false,"iawp_total_views":16},"product_brand":[31],"product_cat":[115,33,34,120,112,25],"product_tag":[87,73,76],"class_list":{"0":"post-3739","1":"product","2":"type-product","3":"status-publish","4":"has-post-thumbnail","6":"product_brand-hermanmiller","7":"product_cat-brands","8":"product_cat-ergonomic-office-chairs","9":"product_cat-herman-miller","10":"product_cat-new","11":"product_cat-office-furniture","12":"product_cat-office-furniture-1","13":"product_tag-aeron","14":"product_tag-herman-miller","15":"product_tag-new","16":"product_shipping_class-toolid","18":"first","19":"instock","20":"sale","21":"taxable","22":"shipping-taxable","23":"purchasable","24":"product-type-variable"},"yoast_head":"<!-- This site is optimized with the Yoast SEO plugin v27.6 - https:\/\/yoast.com\/product\/yoast-seo-wordpress\/ -->\n<title>Herman Miller Aeron Remastered Aluminium Base (New) | From \u20ac1,476 | KLAP<\/title>\n<meta name=\"description\" content=\"Buy the Herman Miller Aeron Remastered with polished aluminium base from \u20ac1,476. Brand new, 3 colours, sizes A\u2013C, PostureFit SL or 8Z Pellicle, 12-year warranty. Delivery across Europe.\" \/>\n<meta name=\"robots\" content=\"index, follow, max-snippet:-1, max-image-preview:large, max-video-preview:-1\" \/>\n<link rel=\"canonical\" href=\"https:\/\/klap.ee\/fi\/tuote\/herman-miller-aeron-remastered-aluminium\/\" \/>\n<meta property=\"og:locale\" content=\"fi_FI\" \/>\n<meta property=\"og:type\" content=\"article\" \/>\n<meta property=\"og:title\" content=\"Herman Miller Aeron Remastered Aluminium Base (New) | From \u20ac1,476 | KLAP\" \/>\n<meta property=\"og:description\" content=\"Buy the Herman Miller Aeron Remastered with polished aluminium base from \u20ac1,476. Brand new, 3 colours, sizes A\u2013C, PostureFit SL or 8Z Pellicle, 12-year warranty. Delivery across Europe.\" \/>\n<meta property=\"og:url\" content=\"https:\/\/klap.ee\/fi\/tuote\/herman-miller-aeron-remastered-aluminium\/\" \/>\n<meta property=\"og:site_name\" content=\"KLAP\" \/>\n<meta property=\"article:modified_time\" content=\"2026-05-04T11:33:05+00:00\" \/>\n<meta property=\"og:image\" content=\"https:\/\/klap.ee\/wp-content\/uploads\/2025\/12\/Untitled-1600-x-1600-px-2.png\" \/>\n\t<meta property=\"og:image:width\" content=\"1600\" \/>\n\t<meta property=\"og:image:height\" content=\"1600\" \/>\n\t<meta property=\"og:image:type\" content=\"image\/png\" \/>\n<meta name=\"twitter:card\" content=\"summary_large_image\" \/>\n<meta name=\"twitter:label1\" content=\"Arvioitu lukuaika\" \/>\n\t<meta name=\"twitter:data1\" content=\"3 minuuttia\" \/>\n<script type=\"application\/ld+json\" class=\"yoast-schema-graph\">{\"@context\":\"https:\\\/\\\/schema.org\",\"@graph\":[{\"@type\":\"WebPage\",\"@id\":\"https:\\\/\\\/klap.ee\\\/product\\\/herman-miller-aeron-remastered-aluminium\\\/\",\"url\":\"https:\\\/\\\/klap.ee\\\/product\\\/herman-miller-aeron-remastered-aluminium\\\/\",\"name\":\"Herman Miller Aeron Remastered Aluminium Base (New) | From \u20ac1,476 | KLAP\",\"isPartOf\":{\"@id\":\"https:\\\/\\\/klap.ee\\\/#website\"},\"primaryImageOfPage\":{\"@id\":\"https:\\\/\\\/klap.ee\\\/product\\\/herman-miller-aeron-remastered-aluminium\\\/#primaryimage\"},\"image\":{\"@id\":\"https:\\\/\\\/klap.ee\\\/product\\\/herman-miller-aeron-remastered-aluminium\\\/#primaryimage\"},\"thumbnailUrl\":\"https:\\\/\\\/klap.ee\\\/wp-content\\\/uploads\\\/2025\\\/12\\\/Untitled-1600-x-1600-px-2.png\",\"datePublished\":\"2025-12-09T07:55:53+00:00\",\"dateModified\":\"2026-05-04T11:33:05+00:00\",\"description\":\"Buy the Herman Miller Aeron Remastered with polished aluminium base from \u20ac1,476. Brand new, 3 colours, sizes A\u2013C, PostureFit SL or 8Z Pellicle, 12-year warranty. Delivery across Europe.\",\"breadcrumb\":{\"@id\":\"https:\\\/\\\/klap.ee\\\/product\\\/herman-miller-aeron-remastered-aluminium\\\/#breadcrumb\"},\"inLanguage\":\"fi\",\"potentialAction\":[{\"@type\":\"ReadAction\",\"target\":[\"https:\\\/\\\/klap.ee\\\/product\\\/herman-miller-aeron-remastered-aluminium\\\/\"]}]},{\"@type\":\"ImageObject\",\"inLanguage\":\"fi\",\"@id\":\"https:\\\/\\\/klap.ee\\\/product\\\/herman-miller-aeron-remastered-aluminium\\\/#primaryimage\",\"url\":\"https:\\\/\\\/klap.ee\\\/wp-content\\\/uploads\\\/2025\\\/12\\\/Untitled-1600-x-1600-px-2.png\",\"contentUrl\":\"https:\\\/\\\/klap.ee\\\/wp-content\\\/uploads\\\/2025\\\/12\\\/Untitled-1600-x-1600-px-2.png\",\"width\":1600,\"height\":1600},{\"@type\":\"BreadcrumbList\",\"@id\":\"https:\\\/\\\/klap.ee\\\/product\\\/herman-miller-aeron-remastered-aluminium\\\/#breadcrumb\",\"itemListElement\":[{\"@type\":\"ListItem\",\"position\":1,\"name\":\"Home\",\"item\":\"https:\\\/\\\/klap.ee\\\/\"},{\"@type\":\"ListItem\",\"position\":2,\"name\":\"Products\",\"item\":\"https:\\\/\\\/klap.ee\\\/ergonomic-office-chairs\\\/\"},{\"@type\":\"ListItem\",\"position\":3,\"name\":\"Herman Miller Aeron Remastered Onyx\\\/Aluminium\"}]},{\"@type\":\"WebSite\",\"@id\":\"https:\\\/\\\/klap.ee\\\/#website\",\"url\":\"https:\\\/\\\/klap.ee\\\/\",\"name\":\"KLAP\",\"description\":\"J\u00e4tkusuutliku disainm\u00f6\u00f6bli pood\",\"publisher\":{\"@id\":\"https:\\\/\\\/klap.ee\\\/#organization\"},\"potentialAction\":[{\"@type\":\"SearchAction\",\"target\":{\"@type\":\"EntryPoint\",\"urlTemplate\":\"https:\\\/\\\/klap.ee\\\/?s={search_term_string}\"},\"query-input\":{\"@type\":\"PropertyValueSpecification\",\"valueRequired\":true,\"valueName\":\"search_term_string\"}}],\"inLanguage\":\"fi\"},{\"@type\":\"Organization\",\"@id\":\"https:\\\/\\\/klap.ee\\\/#organization\",\"name\":\"KLAP\",\"url\":\"https:\\\/\\\/klap.ee\\\/\",\"logo\":{\"@type\":\"ImageObject\",\"inLanguage\":\"fi\",\"@id\":\"https:\\\/\\\/klap.ee\\\/#\\\/schema\\\/logo\\\/image\\\/\",\"url\":\"https:\\\/\\\/klap.ee\\\/wp-content\\\/uploads\\\/2025\\\/03\\\/klap_logo_transparent_410x158.png\",\"contentUrl\":\"https:\\\/\\\/klap.ee\\\/wp-content\\\/uploads\\\/2025\\\/03\\\/klap_logo_transparent_410x158.png\",\"width\":410,\"height\":158,\"caption\":\"KLAP\"},\"image\":{\"@id\":\"https:\\\/\\\/klap.ee\\\/#\\\/schema\\\/logo\\\/image\\\/\"}}]}<\/script>\n<!-- \/ Yoast SEO plugin. -->","yoast_head_json":{"title":"Herman Miller Aeron Remastered Aluminium Base (New) | From \u20ac1,476 | KLAP","description":"Buy the Herman Miller Aeron Remastered with polished aluminium base from \u20ac1,476. Brand new, 3 colours, sizes A\u2013C, PostureFit SL or 8Z Pellicle, 12-year warranty. Delivery across Europe.","robots":{"index":"index","follow":"follow","max-snippet":"max-snippet:-1","max-image-preview":"max-image-preview:large","max-video-preview":"max-video-preview:-1"},"canonical":"https:\/\/klap.ee\/fi\/tuote\/herman-miller-aeron-remastered-aluminium\/","og_locale":"fi_FI","og_type":"article","og_title":"Herman Miller Aeron Remastered Aluminium Base (New) | From \u20ac1,476 | KLAP","og_description":"Buy the Herman Miller Aeron Remastered with polished aluminium base from \u20ac1,476. Brand new, 3 colours, sizes A\u2013C, PostureFit SL or 8Z Pellicle, 12-year warranty. Delivery across Europe.","og_url":"https:\/\/klap.ee\/fi\/tuote\/herman-miller-aeron-remastered-aluminium\/","og_site_name":"KLAP","article_modified_time":"2026-05-04T11:33:05+00:00","og_image":[{"width":1600,"height":1600,"url":"https:\/\/klap.ee\/wp-content\/uploads\/2025\/12\/Untitled-1600-x-1600-px-2.png","type":"image\/png"}],"twitter_card":"summary_large_image","twitter_misc":{"Arvioitu lukuaika":"3 minuuttia"},"schema":{"@context":"https:\/\/schema.org","@graph":[{"@type":"WebPage","@id":"https:\/\/klap.ee\/product\/herman-miller-aeron-remastered-aluminium\/","url":"https:\/\/klap.ee\/product\/herman-miller-aeron-remastered-aluminium\/","name":"Herman Miller Aeron Remastered Aluminium Base (New) | From \u20ac1,476 | KLAP","isPartOf":{"@id":"https:\/\/klap.ee\/#website"},"primaryImageOfPage":{"@id":"https:\/\/klap.ee\/product\/herman-miller-aeron-remastered-aluminium\/#primaryimage"},"image":{"@id":"https:\/\/klap.ee\/product\/herman-miller-aeron-remastered-aluminium\/#primaryimage"},"thumbnailUrl":"https:\/\/klap.ee\/wp-content\/uploads\/2025\/12\/Untitled-1600-x-1600-px-2.png","datePublished":"2025-12-09T07:55:53+00:00","dateModified":"2026-05-04T11:33:05+00:00","description":"Buy the Herman Miller Aeron Remastered with polished aluminium base from \u20ac1,476. Brand new, 3 colours, sizes A\u2013C, PostureFit SL or 8Z Pellicle, 12-year warranty. Delivery across Europe.","breadcrumb":{"@id":"https:\/\/klap.ee\/product\/herman-miller-aeron-remastered-aluminium\/#breadcrumb"},"inLanguage":"fi","potentialAction":[{"@type":"ReadAction","target":["https:\/\/klap.ee\/product\/herman-miller-aeron-remastered-aluminium\/"]}]},{"@type":"ImageObject","inLanguage":"fi","@id":"https:\/\/klap.ee\/product\/herman-miller-aeron-remastered-aluminium\/#primaryimage","url":"https:\/\/klap.ee\/wp-content\/uploads\/2025\/12\/Untitled-1600-x-1600-px-2.png","contentUrl":"https:\/\/klap.ee\/wp-content\/uploads\/2025\/12\/Untitled-1600-x-1600-px-2.png","width":1600,"height":1600},{"@type":"BreadcrumbList","@id":"https:\/\/klap.ee\/product\/herman-miller-aeron-remastered-aluminium\/#breadcrumb","itemListElement":[{"@type":"ListItem","position":1,"name":"Home","item":"https:\/\/klap.ee\/"},{"@type":"ListItem","position":2,"name":"Products","item":"https:\/\/klap.ee\/ergonomic-office-chairs\/"},{"@type":"ListItem","position":3,"name":"Herman Miller Aeron Remastered Onyx\/Aluminium"}]},{"@type":"WebSite","@id":"https:\/\/klap.ee\/#website","url":"https:\/\/klap.ee\/","name":"KLAP","description":"J\u00e4tkusuutliku disainm\u00f6\u00f6bli pood","publisher":{"@id":"https:\/\/klap.ee\/#organization"},"potentialAction":[{"@type":"SearchAction","target":{"@type":"EntryPoint","urlTemplate":"https:\/\/klap.ee\/?s={search_term_string}"},"query-input":{"@type":"PropertyValueSpecification","valueRequired":true,"valueName":"search_term_string"}}],"inLanguage":"fi"},{"@type":"Organization","@id":"https:\/\/klap.ee\/#organization","name":"KLAP","url":"https:\/\/klap.ee\/","logo":{"@type":"ImageObject","inLanguage":"fi","@id":"https:\/\/klap.ee\/#\/schema\/logo\/image\/","url":"https:\/\/klap.ee\/wp-content\/uploads\/2025\/03\/klap_logo_transparent_410x158.png","contentUrl":"https:\/\/klap.ee\/wp-content\/uploads\/2025\/03\/klap_logo_transparent_410x158.png","width":410,"height":158,"caption":"KLAP"},"image":{"@id":"https:\/\/klap.ee\/#\/schema\/logo\/image\/"}}]}},"_links":{"self":[{"href":"https:\/\/klap.ee\/fi\/wp-json\/wp\/v2\/product\/3739","targetHints":{"allow":["GET"]}}],"collection":[{"href":"https:\/\/klap.ee\/fi\/wp-json\/wp\/v2\/product"}],"about":[{"href":"https:\/\/klap.ee\/fi\/wp-json\/wp\/v2\/types\/product"}],"wp:featuredmedia":[{"embeddable":true,"href":"https:\/\/klap.ee\/fi\/wp-json\/wp\/v2\/media\/3859"}],"wp:attachment":[{"href":"https:\/\/klap.ee\/fi\/wp-json\/wp\/v2\/media?parent=3739"}],"wp:term":[{"taxonomy":"product_brand","embeddable":true,"href":"https:\/\/klap.ee\/fi\/wp-json\/wp\/v2\/product_brand?post=3739"},{"taxonomy":"product_cat","embeddable":true,"href":"https:\/\/klap.ee\/fi\/wp-json\/wp\/v2\/product_cat?post=3739"},{"taxonomy":"product_tag","embeddable":true,"href":"https:\/\/klap.ee\/fi\/wp-json\/wp\/v2\/product_tag?post=3739"}],"curies":[{"name":"wp","href":"https:\/\/api.w.org\/{rel}","templated":true}]}}