{"id":4428,"date":"2026-03-17T09:33:20","date_gmt":"2026-03-17T09:33:20","guid":{"rendered":"https:\/\/klap.ee\/?post_type=product&#038;p=4428"},"modified":"2026-05-02T12:45:30","modified_gmt":"2026-05-02T12:45:30","slug":"steelcase-amia-grey-refurbished","status":"publish","type":"product","link":"https:\/\/klap.ee\/fi\/tuote\/steelcase-amia-grey-refurbished\/","title":{"rendered":"Steelcase Amia Grey (kunnostettu)"},"content":{"rendered":"<h2><strong>Tuotteen kuvaus<\/strong><\/h2>\n<p>Etsitk\u00f6 toimistotuolia, jossa yhdistyv\u00e4t saumattomasti mukavuus ja helppok\u00e4ytt\u00f6isyys? Steelcase Amia tarjoaa juuri t\u00e4m\u00e4n. \u00c4lykk\u00e4\u00e4n LiveLumbar-teknologian ansiosta t\u00e4m\u00e4 tuoli mukautuu jatkuvasti selk\u00e4\u00e4si, jolloin voit ty\u00f6skennell\u00e4 mukavasti ja ergonomisesti koko p\u00e4iv\u00e4n. S\u00e4\u00e4dett\u00e4vien selk\u00e4- ja istuintoimintojensa ansiosta Amia sopii kaikille k\u00e4ytt\u00e4jille, jotka arvostavat terveellist\u00e4 ja mukavaa ty\u00f6tilaa.<\/p>\n<p>Tyylik\u00e4s muotoilu ja kest\u00e4v\u00e4t materiaalit tekev\u00e4t Steelcase Amia -mallista rikkauden miss\u00e4 tahansa ty\u00f6ymp\u00e4rist\u00f6ss\u00e4. Ty\u00f6skentelitp\u00e4 sitten kotona tai toimistossa, t\u00e4m\u00e4 tuoli auttaa sinua pysym\u00e4\u00e4n tuottavana ja ehk\u00e4isee selk\u00e4- tai niskavaivoja. Steelcase Amian avulla nautit ergonomisesta tuesta, joka mukautuu p\u00e4ivitt\u00e4isiin rutiineihisi, jolloin voit keskitty\u00e4 olennaiseen.<\/p>\n<h2>Steelcase Amia -toimistotuolin ominaisuudet<\/h2>\n<p>Steelcase Amia on suunniteltu yksityiskohtaisesti ja tarjoaa \u00e4lykk\u00e4\u00e4n yhdistelm\u00e4n teknologiaa ja ergonomiaa. Tuolin syd\u00e4men muodostaa LiveLumbar-teknologia, joka mukautuu dynaamisesti alaselk\u00e4\u00e4si ja antaa jatkuvasti tukea oikeisiin paikkoihin. N\u00e4in voit vaihtaa saumattomasti eri ty\u00f6asentojen v\u00e4lill\u00e4 ilman huolta ei-toivotuista painepisteist\u00e4.<\/p>\n<p>Lis\u00e4ksi Amia on varustettu s\u00e4\u00e4dett\u00e4v\u00e4ll\u00e4 lannerangan tuella ja liukuvalla istuimella, jonka avulla voit helposti mukauttaa tuolin pituutesi ja henkil\u00f6kohtaisten mieltymystesi mukaan. Mukavassa selk\u00e4nojassa k\u00e4ytet\u00e4\u00e4n joustavia materiaaleja, jotka seuraavat vaivattomasti liikkeit\u00e4si ja edist\u00e4v\u00e4t tervett\u00e4 istuma-asentoa. T\u00e4ydellisen paketin tekee t\u00e4ydelliseksi kest\u00e4v\u00e4 4D-k\u00e4sinojatuki, jonka avulla voit vaivattomasti s\u00e4\u00e4t\u00e4\u00e4 korkeutta, leveytt\u00e4, syvyytt\u00e4 ja k\u00e4\u00e4nt\u00f6suuntaa. N\u00e4in et hy\u00f6dy vain modernista ja tyylikk\u00e4\u00e4st\u00e4 muotoilusta vaan my\u00f6s luotettavasta ja k\u00e4ytt\u00e4j\u00e4yst\u00e4v\u00e4llisest\u00e4 toimistotuolista, joka kevent\u00e4\u00e4 optimaalisesti selk\u00e4\u00e4si ja niskaasi.<\/p>\n<h2>Steelcase Amia -toimistotuolin edut<\/h2>\n<ul>\n<li>S\u00e4\u00e4dett\u00e4v\u00e4t k\u00e4sinojat, jotka mukautuvat helposti kehoosi ja ty\u00f6asentoosi.<\/li>\n<li>LiveLumbar-teknologia, joka tarjoaa dynaamisen tuen jokaisen liikkeen yhteydess\u00e4.<\/li>\n<li>Kest\u00e4v\u00e4t materiaalit, jotka kest\u00e4v\u00e4t pitk\u00e4\u00e4n ja ovat ymp\u00e4rist\u00f6yst\u00e4v\u00e4llisi\u00e4.<\/li>\n<li>Liukuva istuin optimaalista ja yksil\u00f6llist\u00e4 istuma-asentoa varten.<\/li>\n<li>Tyylik\u00e4s muotoilu, joka antaa mille tahansa ty\u00f6tilalle ammattimaisen ilmeen.<\/li>\n<\/ul>\n<h2>Yleist\u00e4<\/h2>\n<p>N\u00e4m\u00e4 toimistotuolit on kunnostettu. Meille \u2018kunnostettu\u2019 tarkoittaa, ett\u00e4 tuolit on tarkistettu huolellisesti, mahdollisesti verhoiltu uudelleen, varustettu uusilla virallisilla osilla, puhdistettu ja tarvittaessa maalattu uudelleen. Pyrimme saamaan tuolien kunnon j\u00e4lleen uuden veroiseksi.<\/p>\n<ul>\n<li>Kunnostettu - Kunto: A<\/li>\n<li>Koko: universaali<\/li>\n<li>Mesh covering: grey<\/li>\n<li>V\u00e4ri kehys: musta<\/li>\n<li>S\u00e4\u00e4dett\u00e4v\u00e4 korkeus<\/li>\n<li>S\u00e4\u00e4dett\u00e4v\u00e4t k\u00e4sinojat<\/li>\n<li>Istuimen syvyyden s\u00e4\u00e4t\u00f6<\/li>\n<li>S\u00e4\u00e4dett\u00e4v\u00e4 selk\u00e4noja<\/li>\n<li>Kallistuksen lukitus taaksep\u00e4in<\/li>\n<li>Lannerangan tuki<\/li>\n<li>Korkealaatuinen istuintyyny ja hengitt\u00e4v\u00e4 verhoilu<\/li>\n<\/ul>\n<h2 style=\"text-align: left;\">Tuotteen tekniset tiedot<\/h2>\n<p>&nbsp;<\/p>\n<table style=\"width: 649px; height: 558px;\" width=\"100%\">\n<tbody>\n<tr style=\"height: 19.6px;\">\n<td style=\"width: 49.7619%; height: 19.6px;\">&nbsp;<\/p>\n<p style=\"text-align: left;\"><span style=\"color: #808080;\">Suunnittelija<br \/>\n<\/span>Thomas Overthun<\/p>\n<p style=\"text-align: left;\"><span style=\"color: #808080;\">Suunnitteluvuosi<br \/>\n<\/span>2007<\/p>\n<p style=\"text-align: left;\"><span style=\"color: #808080;\">Tuotettu<\/span><br \/>\nEU<\/p>\n<p style=\"text-align: left;\"><span style=\"color: #808080;\">Todistukset<br \/>\n<\/span>level\u00ae<br \/>\nGREENGUARD<br \/>\nCradle to Cradle<\/p>\n<\/td>\n<td style=\"width: 49.7619%; height: 19.6px;\"><span style=\"color: #808080;\">Kokonaismitat<br \/>\n<\/span>Koko - 410-525 (korkeus) x 490 (leveys) x 395-475 mm (pituus)<span style=\"color: #808080;\"><br \/>\n<\/span><span style=\"color: #808080;\">Maksimikapasiteetti<br \/>\n<\/span>181 kg<span style=\"color: #808080; font-family: inherit; font-size: inherit;\"><br \/>\n<\/span><span style=\"color: #808080; font-family: inherit; font-size: inherit;\">Tuotteen paino<br \/>\n<\/span>25,4 kg<\/td>\n<\/tr>\n<\/tbody>\n<\/table>","protected":false},"excerpt":{"rendered":"<p>\u2713 Kunnostettu - Kunto A<br \/>\n\u2713 Save 32% \u2013 Grey mesh, black frame<br \/>\n\u2713 LiveLumbar-teknologia - mukautuu automaattisesti selk\u00e4\u00e4si varten<br \/>\n\u2713 4D k\u00e4sinojat ja s\u00e4\u00e4dett\u00e4v\u00e4 lannerangan tuki<br \/>\n\u2713 Nopea toimitus<\/p>","protected":false},"featured_media":4430,"template":"","meta":{"_themeisle_gutenberg_block_has_review":false,"iawp_total_views":0},"product_brand":[54],"product_cat":[115,33,112,25,37],"product_tag":[91,58,30,88],"class_list":{"0":"post-4428","1":"product","2":"type-product","3":"status-publish","4":"has-post-thumbnail","6":"product_brand-steelcase","7":"product_cat-brands","8":"product_cat-ergonomic-office-chairs","9":"product_cat-office-furniture","10":"product_cat-office-furniture-1","11":"product_cat-steelcase","12":"product_tag-amia","13":"product_tag-eco-friendly-choice","14":"product_tag-refurbished","15":"product_tag-steelcase","16":"product_shipping_class-toolid","18":"first","19":"instock","20":"sale","21":"taxable","22":"shipping-taxable","23":"purchasable","24":"product-type-variable"},"yoast_head":"<!-- This site is optimized with the Yoast SEO plugin v27.6 - https:\/\/yoast.com\/product\/yoast-seo-wordpress\/ -->\n<title>Steelcase Amia Grey Refurbished | From \u20ac729 | KLAP<\/title>\n<meta name=\"description\" content=\"Buy a refurbished Steelcase Amia in Grey from \u20ac729. Save 32%, Condition A, LiveLumbar technology, 4D armrests, lumbar support. Choice of wheels included. Same day dispatch.\" \/>\n<meta name=\"robots\" content=\"index, follow, max-snippet:-1, max-image-preview:large, max-video-preview:-1\" \/>\n<link rel=\"canonical\" href=\"https:\/\/klap.ee\/fi\/tuote\/steelcase-amia-grey-refurbished\/\" \/>\n<meta property=\"og:locale\" content=\"fi_FI\" \/>\n<meta property=\"og:type\" content=\"article\" \/>\n<meta property=\"og:title\" content=\"Steelcase Amia Grey Refurbished | From \u20ac729 | KLAP\" \/>\n<meta property=\"og:description\" content=\"Buy a refurbished Steelcase Amia in Grey from \u20ac729. Save 32%, Condition A, LiveLumbar technology, 4D armrests, lumbar support. Choice of wheels included. Same day dispatch.\" \/>\n<meta property=\"og:url\" content=\"https:\/\/klap.ee\/fi\/tuote\/steelcase-amia-grey-refurbished\/\" \/>\n<meta property=\"og:site_name\" content=\"KLAP\" \/>\n<meta property=\"article:modified_time\" content=\"2026-05-02T12:45:30+00:00\" \/>\n<meta property=\"og:image\" content=\"http:\/\/klap.ee\/wp-content\/uploads\/2026\/03\/Untitled-design-1-1024x1024.png\" \/>\n\t<meta property=\"og:image:width\" content=\"1024\" \/>\n\t<meta property=\"og:image:height\" content=\"1024\" \/>\n\t<meta property=\"og:image:type\" content=\"image\/png\" \/>\n<meta name=\"twitter:card\" content=\"summary_large_image\" \/>\n<meta name=\"twitter:label1\" content=\"Arvioitu lukuaika\" \/>\n\t<meta name=\"twitter:data1\" content=\"3 minuuttia\" \/>\n<script type=\"application\/ld+json\" class=\"yoast-schema-graph\">{\"@context\":\"https:\\\/\\\/schema.org\",\"@graph\":[{\"@type\":\"WebPage\",\"@id\":\"https:\\\/\\\/klap.ee\\\/product\\\/steelcase-amia-grey-refurbished\\\/\",\"url\":\"https:\\\/\\\/klap.ee\\\/product\\\/steelcase-amia-grey-refurbished\\\/\",\"name\":\"Steelcase Amia Grey Refurbished | From \u20ac729 | KLAP\",\"isPartOf\":{\"@id\":\"https:\\\/\\\/klap.ee\\\/#website\"},\"primaryImageOfPage\":{\"@id\":\"https:\\\/\\\/klap.ee\\\/product\\\/steelcase-amia-grey-refurbished\\\/#primaryimage\"},\"image\":{\"@id\":\"https:\\\/\\\/klap.ee\\\/product\\\/steelcase-amia-grey-refurbished\\\/#primaryimage\"},\"thumbnailUrl\":\"https:\\\/\\\/klap.ee\\\/wp-content\\\/uploads\\\/2026\\\/03\\\/Untitled-design-1.png\",\"datePublished\":\"2026-03-17T09:33:20+00:00\",\"dateModified\":\"2026-05-02T12:45:30+00:00\",\"description\":\"Buy a refurbished Steelcase Amia in Grey from \u20ac729. Save 32%, Condition A, LiveLumbar technology, 4D armrests, lumbar support. Choice of wheels included. Same day dispatch.\",\"breadcrumb\":{\"@id\":\"https:\\\/\\\/klap.ee\\\/product\\\/steelcase-amia-grey-refurbished\\\/#breadcrumb\"},\"inLanguage\":\"fi\",\"potentialAction\":[{\"@type\":\"ReadAction\",\"target\":[\"https:\\\/\\\/klap.ee\\\/product\\\/steelcase-amia-grey-refurbished\\\/\"]}]},{\"@type\":\"ImageObject\",\"inLanguage\":\"fi\",\"@id\":\"https:\\\/\\\/klap.ee\\\/product\\\/steelcase-amia-grey-refurbished\\\/#primaryimage\",\"url\":\"https:\\\/\\\/klap.ee\\\/wp-content\\\/uploads\\\/2026\\\/03\\\/Untitled-design-1.png\",\"contentUrl\":\"https:\\\/\\\/klap.ee\\\/wp-content\\\/uploads\\\/2026\\\/03\\\/Untitled-design-1.png\",\"width\":1600,\"height\":1600},{\"@type\":\"BreadcrumbList\",\"@id\":\"https:\\\/\\\/klap.ee\\\/product\\\/steelcase-amia-grey-refurbished\\\/#breadcrumb\",\"itemListElement\":[{\"@type\":\"ListItem\",\"position\":1,\"name\":\"Home\",\"item\":\"https:\\\/\\\/klap.ee\\\/\"},{\"@type\":\"ListItem\",\"position\":2,\"name\":\"Products\",\"item\":\"https:\\\/\\\/klap.ee\\\/ergonomic-office-chairs\\\/\"},{\"@type\":\"ListItem\",\"position\":3,\"name\":\"Steelcase Amia Grey (Refurbished)\"}]},{\"@type\":\"WebSite\",\"@id\":\"https:\\\/\\\/klap.ee\\\/#website\",\"url\":\"https:\\\/\\\/klap.ee\\\/\",\"name\":\"KLAP\",\"description\":\"J\u00e4tkusuutliku disainm\u00f6\u00f6bli pood\",\"publisher\":{\"@id\":\"https:\\\/\\\/klap.ee\\\/#organization\"},\"potentialAction\":[{\"@type\":\"SearchAction\",\"target\":{\"@type\":\"EntryPoint\",\"urlTemplate\":\"https:\\\/\\\/klap.ee\\\/?s={search_term_string}\"},\"query-input\":{\"@type\":\"PropertyValueSpecification\",\"valueRequired\":true,\"valueName\":\"search_term_string\"}}],\"inLanguage\":\"fi\"},{\"@type\":\"Organization\",\"@id\":\"https:\\\/\\\/klap.ee\\\/#organization\",\"name\":\"KLAP\",\"url\":\"https:\\\/\\\/klap.ee\\\/\",\"logo\":{\"@type\":\"ImageObject\",\"inLanguage\":\"fi\",\"@id\":\"https:\\\/\\\/klap.ee\\\/#\\\/schema\\\/logo\\\/image\\\/\",\"url\":\"https:\\\/\\\/klap.ee\\\/wp-content\\\/uploads\\\/2025\\\/03\\\/klap_logo_transparent_410x158.png\",\"contentUrl\":\"https:\\\/\\\/klap.ee\\\/wp-content\\\/uploads\\\/2025\\\/03\\\/klap_logo_transparent_410x158.png\",\"width\":410,\"height\":158,\"caption\":\"KLAP\"},\"image\":{\"@id\":\"https:\\\/\\\/klap.ee\\\/#\\\/schema\\\/logo\\\/image\\\/\"}}]}<\/script>\n<!-- \/ Yoast SEO plugin. -->","yoast_head_json":{"title":"Steelcase Amia Grey Refurbished | From \u20ac729 | KLAP","description":"Buy a refurbished Steelcase Amia in Grey from \u20ac729. Save 32%, Condition A, LiveLumbar technology, 4D armrests, lumbar support. Choice of wheels included. Same day dispatch.","robots":{"index":"index","follow":"follow","max-snippet":"max-snippet:-1","max-image-preview":"max-image-preview:large","max-video-preview":"max-video-preview:-1"},"canonical":"https:\/\/klap.ee\/fi\/tuote\/steelcase-amia-grey-refurbished\/","og_locale":"fi_FI","og_type":"article","og_title":"Steelcase Amia Grey Refurbished | From \u20ac729 | KLAP","og_description":"Buy a refurbished Steelcase Amia in Grey from \u20ac729. Save 32%, Condition A, LiveLumbar technology, 4D armrests, lumbar support. Choice of wheels included. Same day dispatch.","og_url":"https:\/\/klap.ee\/fi\/tuote\/steelcase-amia-grey-refurbished\/","og_site_name":"KLAP","article_modified_time":"2026-05-02T12:45:30+00:00","og_image":[{"width":1024,"height":1024,"url":"http:\/\/klap.ee\/wp-content\/uploads\/2026\/03\/Untitled-design-1-1024x1024.png","type":"image\/png"}],"twitter_card":"summary_large_image","twitter_misc":{"Arvioitu lukuaika":"3 minuuttia"},"schema":{"@context":"https:\/\/schema.org","@graph":[{"@type":"WebPage","@id":"https:\/\/klap.ee\/product\/steelcase-amia-grey-refurbished\/","url":"https:\/\/klap.ee\/product\/steelcase-amia-grey-refurbished\/","name":"Steelcase Amia Grey Refurbished | From \u20ac729 | KLAP","isPartOf":{"@id":"https:\/\/klap.ee\/#website"},"primaryImageOfPage":{"@id":"https:\/\/klap.ee\/product\/steelcase-amia-grey-refurbished\/#primaryimage"},"image":{"@id":"https:\/\/klap.ee\/product\/steelcase-amia-grey-refurbished\/#primaryimage"},"thumbnailUrl":"https:\/\/klap.ee\/wp-content\/uploads\/2026\/03\/Untitled-design-1.png","datePublished":"2026-03-17T09:33:20+00:00","dateModified":"2026-05-02T12:45:30+00:00","description":"Buy a refurbished Steelcase Amia in Grey from \u20ac729. Save 32%, Condition A, LiveLumbar technology, 4D armrests, lumbar support. Choice of wheels included. Same day dispatch.","breadcrumb":{"@id":"https:\/\/klap.ee\/product\/steelcase-amia-grey-refurbished\/#breadcrumb"},"inLanguage":"fi","potentialAction":[{"@type":"ReadAction","target":["https:\/\/klap.ee\/product\/steelcase-amia-grey-refurbished\/"]}]},{"@type":"ImageObject","inLanguage":"fi","@id":"https:\/\/klap.ee\/product\/steelcase-amia-grey-refurbished\/#primaryimage","url":"https:\/\/klap.ee\/wp-content\/uploads\/2026\/03\/Untitled-design-1.png","contentUrl":"https:\/\/klap.ee\/wp-content\/uploads\/2026\/03\/Untitled-design-1.png","width":1600,"height":1600},{"@type":"BreadcrumbList","@id":"https:\/\/klap.ee\/product\/steelcase-amia-grey-refurbished\/#breadcrumb","itemListElement":[{"@type":"ListItem","position":1,"name":"Home","item":"https:\/\/klap.ee\/"},{"@type":"ListItem","position":2,"name":"Products","item":"https:\/\/klap.ee\/ergonomic-office-chairs\/"},{"@type":"ListItem","position":3,"name":"Steelcase Amia Grey (Refurbished)"}]},{"@type":"WebSite","@id":"https:\/\/klap.ee\/#website","url":"https:\/\/klap.ee\/","name":"KLAP","description":"J\u00e4tkusuutliku disainm\u00f6\u00f6bli pood","publisher":{"@id":"https:\/\/klap.ee\/#organization"},"potentialAction":[{"@type":"SearchAction","target":{"@type":"EntryPoint","urlTemplate":"https:\/\/klap.ee\/?s={search_term_string}"},"query-input":{"@type":"PropertyValueSpecification","valueRequired":true,"valueName":"search_term_string"}}],"inLanguage":"fi"},{"@type":"Organization","@id":"https:\/\/klap.ee\/#organization","name":"KLAP","url":"https:\/\/klap.ee\/","logo":{"@type":"ImageObject","inLanguage":"fi","@id":"https:\/\/klap.ee\/#\/schema\/logo\/image\/","url":"https:\/\/klap.ee\/wp-content\/uploads\/2025\/03\/klap_logo_transparent_410x158.png","contentUrl":"https:\/\/klap.ee\/wp-content\/uploads\/2025\/03\/klap_logo_transparent_410x158.png","width":410,"height":158,"caption":"KLAP"},"image":{"@id":"https:\/\/klap.ee\/#\/schema\/logo\/image\/"}}]}},"_links":{"self":[{"href":"https:\/\/klap.ee\/fi\/wp-json\/wp\/v2\/product\/4428","targetHints":{"allow":["GET"]}}],"collection":[{"href":"https:\/\/klap.ee\/fi\/wp-json\/wp\/v2\/product"}],"about":[{"href":"https:\/\/klap.ee\/fi\/wp-json\/wp\/v2\/types\/product"}],"wp:featuredmedia":[{"embeddable":true,"href":"https:\/\/klap.ee\/fi\/wp-json\/wp\/v2\/media\/4430"}],"wp:attachment":[{"href":"https:\/\/klap.ee\/fi\/wp-json\/wp\/v2\/media?parent=4428"}],"wp:term":[{"taxonomy":"product_brand","embeddable":true,"href":"https:\/\/klap.ee\/fi\/wp-json\/wp\/v2\/product_brand?post=4428"},{"taxonomy":"product_cat","embeddable":true,"href":"https:\/\/klap.ee\/fi\/wp-json\/wp\/v2\/product_cat?post=4428"},{"taxonomy":"product_tag","embeddable":true,"href":"https:\/\/klap.ee\/fi\/wp-json\/wp\/v2\/product_tag?post=4428"}],"curies":[{"name":"wp","href":"https:\/\/api.w.org\/{rel}","templated":true}]}}