{"id":4956,"date":"2026-04-21T10:00:38","date_gmt":"2026-04-21T10:00:38","guid":{"rendered":"https:\/\/klap.ee\/?post_type=product&#038;p=4956"},"modified":"2026-05-02T12:45:30","modified_gmt":"2026-05-02T12:45:30","slug":"vitra-eames-dsw-white-refurbished","status":"publish","type":"product","link":"https:\/\/klap.ee\/fi\/tuote\/vitra-eames-dsw-white-refurbished\/","title":{"rendered":"Vitra Eames DSW (Kunnostettu)"},"content":{"rendered":"<h2><strong>Tuotteen kuvaus<\/strong><\/h2>\n<p>Charles ja Ray Eames yhdistiv\u00e4t Dining Height Side Chair Wood Base (DSW) -mallia varten orgaanisesti muotoillun kuoren - jonka Vitra valmistaa nyky\u00e4\u00e4n kulutuksen j\u00e4lkeisest\u00e4 kierr\u00e4tysmuovista - nelijalkaiseen puiseen jalustaan. T\u00e4m\u00e4 muovin ja puun vastakkainasettelu antaa klassiselle muotoilulle l\u00e4mpim\u00e4n ja rennon ilmeen. Istuinkuoreen voidaan asentaa istuintyynyt tai t\u00e4ysverhoilu laajalla kangasv\u00e4rivalikoimalla, mik\u00e4 mahdollistaa lukuisat yksil\u00f6lliset kokoonpanot.<\/p>\n<h1>Keskeinen historia ja tausta<\/h1>\n<p>Eamesin muovituolit esiteltiin ensimm\u00e4isen kerran Museum of Modern Artin \u201cLow-Cost Furniture Design\u201d -kilpailussa vuonna 1948, ja ne tulivat markkinoille vuonna 1950 huonekaluhistorian ensimm\u00e4isin\u00e4 massatuotettuina muovituoleina. Charles ja Ray Eamesin tavoitteena oli: <em>\u201cParhaan mahdollisen saaminen mahdollisimman monelle ihmiselle mahdollisimman v\u00e4h\u00e4ll\u00e4 rahalla.\u201d<\/em> DSW oli my\u00f6s edell\u00e4k\u00e4vij\u00e4 uudessa huonekalutyypiss\u00e4 - monik\u00e4ytt\u00f6isess\u00e4 kuorituolissa, joka voidaan yhdist\u00e4\u00e4 erilaisiin alustoihin eri tarkoituksiin.<\/p>\n<h1>Vitra Eames DSW:n ominaisuudet<\/h1>\n<ul>\n<li>Orgaanisesti muotoiltu yksiosainen istuinkuori, joka on muotoiltu ergonomisesti ihmiskehon \u00e4\u00e4riviivojen mukaan.<\/li>\n<li>Nelijalkainen puinen jalusta (vaahtera tai tumma vaahtera), jossa on mustat lankaristikot.<\/li>\n<li>Voidaan varustaa lis\u00e4varusteena saatavilla istuintyynyill\u00e4 (pehme\u00e4t istuimet tyyppi B) tai t\u00e4ysverhoilulla.<\/li>\n<li>Kuoriliit\u00e4nt\u00e4j\u00e4rjestelm\u00e4 mahdollistaa yhteensopivuuden useiden alustatyyppien kanssa (DSW = ruokailukorkeus, sivutuoli, puualusta).<\/li>\n<\/ul>\n<h2>T\u00e4rkeimm\u00e4t edut<\/h2>\n<ul>\n<li class=\"whitespace-normal break-words pl-2\">Ikoninen muotoilu: Yksi muotoiluhistorian tunnistettavimmista ja tunnetuimmista tuoleista, joka on per\u00e4isin vuodelta 1950.<\/li>\n<li class=\"whitespace-normal break-words pl-2\">Ajaton monipuolisuus: Sopii ruokailuhuoneisiin, kotitoimistoihin, olohuoneisiin ja julkisiin tiloihin.<\/li>\n<li class=\"whitespace-normal break-words pl-2\">Muokattavissa: Valinnaiset istuintyynyt ja verhoiluvaihtoehdot: Useita pohjan viimeistelyj\u00e4, valinnaisia istuintyynyj\u00e4 ja verhoiluvaihtoehtoja.<\/li>\n<li class=\"whitespace-normal break-words pl-2\">Mukavuus ja kest\u00e4vyys: Kest\u00e4v\u00e4, helppo puhdistaa, sopii jokap\u00e4iv\u00e4iseen k\u00e4ytt\u00f6\u00f6n.<\/li>\n<li class=\"whitespace-normal break-words pl-2\">Aitous: Ainoastaan Vitran valmistamat tuolit ovat hyv\u00e4ksyttyj\u00e4 alkuper\u00e4istuoleja Euroopassa ja L\u00e4hi-id\u00e4ss\u00e4.<\/li>\n<\/ul>\n<h2>Yleist\u00e4<\/h2>\n<p class=\"\">N\u00e4m\u00e4 toimistotuolit on kunnostettu. Meille \u2018kunnostettu\u2019 tarkoittaa, ett\u00e4 tuolit on tarkistettu huolellisesti, mahdollisesti verhoiltu uudelleen, varustettu uusilla virallisilla osilla, puhdistettu ja tarvittaessa maalattu uudelleen. Pyrimme saamaan tuolien kunnon j\u00e4lleen uuden veroiseksi.<\/p>\n<ul>\n<li>Kunnostettu - Kunto: A<\/li>\n<li>Kuoren v\u00e4ri: valkoinen<\/li>\n<li>Jalustan materiaali: massiivivaahterapuu ja pulverimaalattu lankaristikko.<\/li>\n<li>Pohjav\u00e4ri: kultainen vaahtera \/ tumma vaahtera<\/li>\n<li>Liukukiskot: tummat perusliukukiskot (matto) tai huopakiskot (kovat lattiat).<\/li>\n<li>K\u00e4ytt\u00f6tarkoitus: Julkiset tilat, Kodit, Vieraanvaraisuus, Ruokailu<\/li>\n<\/ul>\n<h2>Tuotteen tekniset tiedot<\/h2>\n<div class=\"elementor-widget-container\"><\/div>\n<div>\n<table style=\"width: 649px; height: 558px;\" width=\"100%\">\n<tbody>\n<tr style=\"height: 19.6px;\">\n<td style=\"width: 49.7619%; height: 19.6px;\">&nbsp;<\/p>\n<p style=\"text-align: left;\"><span style=\"color: #808080;\">Suunnittelija<br \/>\n<\/span>Charles &amp; Ray Eames<\/p>\n<p style=\"text-align: left;\"><span style=\"color: #808080;\">Suunnitteluvuosi<br \/>\n<\/span>1950<\/p>\n<p style=\"text-align: left;\"><span style=\"color: #808080;\">Tuotettu<\/span><br \/>\nSaksa<\/p>\n<p style=\"text-align: left;\"><span style=\"color: #808080;\">Todistukset<\/span><br \/>\nEPC RE EPD,<br \/>\nGREENGUARD Gold,<br \/>\nGS<\/p>\n<\/td>\n<td style=\"width: 49.7619%; height: 19.6px;\">&nbsp;<\/p>\n<p><span style=\"color: #808080;\">Kokonaismitat<br \/>\n<\/span>Koko - 830 (K) x 465 (L) x 550 mm (S)<\/p>\n<p>&nbsp;<\/p>\n<p><span style=\"color: #808080;\"><span style=\"color: #808080;\">Maksimikapasiteetti<br \/>\n<\/span><\/span>110 kg<\/p>\n<p><span style=\"color: #808080; font-family: inherit; font-size: inherit;\"><br \/>\nTuotteen paino<br \/>\n<\/span>3,5 kg<\/p>\n<p>&nbsp;<\/td>\n<\/tr>\n<\/tbody>\n<\/table>\n<p>&nbsp;<\/p>\n<\/div>","protected":false},"excerpt":{"rendered":"<p>\u2713 Kunnostettu - Kunto A<br \/>\n\u2713 Save 44% - Charles &amp; Ray Eamesin suunnittelema (Vitra, Saksa).<br \/>\n\u2713 Valkoinen kierr\u00e4tysmuovikuori<br \/>\n\u2713 Massiivinen vaahtera puinen pohja<br \/>\n\u2713 Nopea toimitus<\/p>","protected":false},"featured_media":4964,"template":"","meta":{"_themeisle_gutenberg_block_has_review":false,"iawp_total_views":17},"product_brand":[78],"product_cat":[115,33,25,112,106],"product_tag":[58,30],"class_list":{"0":"post-4956","1":"product","2":"type-product","3":"status-publish","4":"has-post-thumbnail","6":"product_brand-vitra","7":"product_cat-brands","8":"product_cat-ergonomic-office-chairs","9":"product_cat-office-furniture-1","10":"product_cat-office-furniture","11":"product_cat-vitra","12":"product_tag-eco-friendly-choice","13":"product_tag-refurbished","14":"product_shipping_class-toolid","16":"first","17":"instock","18":"sale","19":"taxable","20":"shipping-taxable","21":"purchasable","22":"product-type-simple"},"yoast_head":"<!-- This site is optimized with the Yoast SEO plugin v27.6 - https:\/\/yoast.com\/product\/yoast-seo-wordpress\/ -->\n<title>itra Eames DSW White Refurbished | \u20ac246 | KLAP<\/title>\n<meta name=\"description\" content=\"Buy a refurbished Vitra Eames DSW in white for \u20ac246 \u2014 save 44%. Condition A, designed by Charles &amp; Ray Eames, recycled plastic shell, solid maple base. Fast delivery.\" \/>\n<meta name=\"robots\" content=\"index, follow, max-snippet:-1, max-image-preview:large, max-video-preview:-1\" \/>\n<link rel=\"canonical\" href=\"https:\/\/klap.ee\/fi\/tuote\/vitra-eames-dsw-white-refurbished\/\" \/>\n<meta property=\"og:locale\" content=\"fi_FI\" \/>\n<meta property=\"og:type\" content=\"article\" \/>\n<meta property=\"og:title\" content=\"itra Eames DSW White Refurbished | \u20ac246 | KLAP\" \/>\n<meta property=\"og:description\" content=\"Buy a refurbished Vitra Eames DSW in white for \u20ac246 \u2014 save 44%. Condition A, designed by Charles &amp; Ray Eames, recycled plastic shell, solid maple base. Fast delivery.\" \/>\n<meta property=\"og:url\" content=\"https:\/\/klap.ee\/fi\/tuote\/vitra-eames-dsw-white-refurbished\/\" \/>\n<meta property=\"og:site_name\" content=\"KLAP\" \/>\n<meta property=\"article:modified_time\" content=\"2026-05-02T12:45:30+00:00\" \/>\n<meta property=\"og:image\" content=\"http:\/\/klap.ee\/wp-content\/uploads\/2026\/04\/Untitled-design-2-1-1024x1024.png\" \/>\n\t<meta property=\"og:image:width\" content=\"1024\" \/>\n\t<meta property=\"og:image:height\" content=\"1024\" \/>\n\t<meta property=\"og:image:type\" content=\"image\/png\" \/>\n<meta name=\"twitter:card\" content=\"summary_large_image\" \/>\n<meta name=\"twitter:label1\" content=\"Arvioitu lukuaika\" \/>\n\t<meta name=\"twitter:data1\" content=\"3 minuuttia\" \/>\n<script type=\"application\/ld+json\" class=\"yoast-schema-graph\">{\"@context\":\"https:\\\/\\\/schema.org\",\"@graph\":[{\"@type\":\"WebPage\",\"@id\":\"https:\\\/\\\/klap.ee\\\/product\\\/vitra-eames-dsw-white-refurbished\\\/\",\"url\":\"https:\\\/\\\/klap.ee\\\/product\\\/vitra-eames-dsw-white-refurbished\\\/\",\"name\":\"itra Eames DSW White Refurbished | \u20ac246 | KLAP\",\"isPartOf\":{\"@id\":\"https:\\\/\\\/klap.ee\\\/#website\"},\"primaryImageOfPage\":{\"@id\":\"https:\\\/\\\/klap.ee\\\/product\\\/vitra-eames-dsw-white-refurbished\\\/#primaryimage\"},\"image\":{\"@id\":\"https:\\\/\\\/klap.ee\\\/product\\\/vitra-eames-dsw-white-refurbished\\\/#primaryimage\"},\"thumbnailUrl\":\"https:\\\/\\\/klap.ee\\\/wp-content\\\/uploads\\\/2026\\\/04\\\/Untitled-design-2-1.png\",\"datePublished\":\"2026-04-21T10:00:38+00:00\",\"dateModified\":\"2026-05-02T12:45:30+00:00\",\"description\":\"Buy a refurbished Vitra Eames DSW in white for \u20ac246 \u2014 save 44%. Condition A, designed by Charles & Ray Eames, recycled plastic shell, solid maple base. Fast delivery.\",\"breadcrumb\":{\"@id\":\"https:\\\/\\\/klap.ee\\\/product\\\/vitra-eames-dsw-white-refurbished\\\/#breadcrumb\"},\"inLanguage\":\"fi\",\"potentialAction\":[{\"@type\":\"ReadAction\",\"target\":[\"https:\\\/\\\/klap.ee\\\/product\\\/vitra-eames-dsw-white-refurbished\\\/\"]}]},{\"@type\":\"ImageObject\",\"inLanguage\":\"fi\",\"@id\":\"https:\\\/\\\/klap.ee\\\/product\\\/vitra-eames-dsw-white-refurbished\\\/#primaryimage\",\"url\":\"https:\\\/\\\/klap.ee\\\/wp-content\\\/uploads\\\/2026\\\/04\\\/Untitled-design-2-1.png\",\"contentUrl\":\"https:\\\/\\\/klap.ee\\\/wp-content\\\/uploads\\\/2026\\\/04\\\/Untitled-design-2-1.png\",\"width\":1600,\"height\":1600},{\"@type\":\"BreadcrumbList\",\"@id\":\"https:\\\/\\\/klap.ee\\\/product\\\/vitra-eames-dsw-white-refurbished\\\/#breadcrumb\",\"itemListElement\":[{\"@type\":\"ListItem\",\"position\":1,\"name\":\"Home\",\"item\":\"https:\\\/\\\/klap.ee\\\/\"},{\"@type\":\"ListItem\",\"position\":2,\"name\":\"Products\",\"item\":\"https:\\\/\\\/klap.ee\\\/ergonomic-office-chairs\\\/\"},{\"@type\":\"ListItem\",\"position\":3,\"name\":\"Vitra Eames DSW (Refurbished)\"}]},{\"@type\":\"WebSite\",\"@id\":\"https:\\\/\\\/klap.ee\\\/#website\",\"url\":\"https:\\\/\\\/klap.ee\\\/\",\"name\":\"KLAP\",\"description\":\"J\u00e4tkusuutliku disainm\u00f6\u00f6bli pood\",\"publisher\":{\"@id\":\"https:\\\/\\\/klap.ee\\\/#organization\"},\"potentialAction\":[{\"@type\":\"SearchAction\",\"target\":{\"@type\":\"EntryPoint\",\"urlTemplate\":\"https:\\\/\\\/klap.ee\\\/?s={search_term_string}\"},\"query-input\":{\"@type\":\"PropertyValueSpecification\",\"valueRequired\":true,\"valueName\":\"search_term_string\"}}],\"inLanguage\":\"fi\"},{\"@type\":\"Organization\",\"@id\":\"https:\\\/\\\/klap.ee\\\/#organization\",\"name\":\"KLAP\",\"url\":\"https:\\\/\\\/klap.ee\\\/\",\"logo\":{\"@type\":\"ImageObject\",\"inLanguage\":\"fi\",\"@id\":\"https:\\\/\\\/klap.ee\\\/#\\\/schema\\\/logo\\\/image\\\/\",\"url\":\"https:\\\/\\\/klap.ee\\\/wp-content\\\/uploads\\\/2025\\\/03\\\/klap_logo_transparent_410x158.png\",\"contentUrl\":\"https:\\\/\\\/klap.ee\\\/wp-content\\\/uploads\\\/2025\\\/03\\\/klap_logo_transparent_410x158.png\",\"width\":410,\"height\":158,\"caption\":\"KLAP\"},\"image\":{\"@id\":\"https:\\\/\\\/klap.ee\\\/#\\\/schema\\\/logo\\\/image\\\/\"}}]}<\/script>\n<!-- \/ Yoast SEO plugin. -->","yoast_head_json":{"title":"itra Eames DSW White Refurbished | \u20ac246 | KLAP","description":"Buy a refurbished Vitra Eames DSW in white for \u20ac246 \u2014 save 44%. Condition A, designed by Charles & Ray Eames, recycled plastic shell, solid maple base. Fast delivery.","robots":{"index":"index","follow":"follow","max-snippet":"max-snippet:-1","max-image-preview":"max-image-preview:large","max-video-preview":"max-video-preview:-1"},"canonical":"https:\/\/klap.ee\/fi\/tuote\/vitra-eames-dsw-white-refurbished\/","og_locale":"fi_FI","og_type":"article","og_title":"itra Eames DSW White Refurbished | \u20ac246 | KLAP","og_description":"Buy a refurbished Vitra Eames DSW in white for \u20ac246 \u2014 save 44%. Condition A, designed by Charles & Ray Eames, recycled plastic shell, solid maple base. Fast delivery.","og_url":"https:\/\/klap.ee\/fi\/tuote\/vitra-eames-dsw-white-refurbished\/","og_site_name":"KLAP","article_modified_time":"2026-05-02T12:45:30+00:00","og_image":[{"width":1024,"height":1024,"url":"http:\/\/klap.ee\/wp-content\/uploads\/2026\/04\/Untitled-design-2-1-1024x1024.png","type":"image\/png"}],"twitter_card":"summary_large_image","twitter_misc":{"Arvioitu lukuaika":"3 minuuttia"},"schema":{"@context":"https:\/\/schema.org","@graph":[{"@type":"WebPage","@id":"https:\/\/klap.ee\/product\/vitra-eames-dsw-white-refurbished\/","url":"https:\/\/klap.ee\/product\/vitra-eames-dsw-white-refurbished\/","name":"itra Eames DSW White Refurbished | \u20ac246 | KLAP","isPartOf":{"@id":"https:\/\/klap.ee\/#website"},"primaryImageOfPage":{"@id":"https:\/\/klap.ee\/product\/vitra-eames-dsw-white-refurbished\/#primaryimage"},"image":{"@id":"https:\/\/klap.ee\/product\/vitra-eames-dsw-white-refurbished\/#primaryimage"},"thumbnailUrl":"https:\/\/klap.ee\/wp-content\/uploads\/2026\/04\/Untitled-design-2-1.png","datePublished":"2026-04-21T10:00:38+00:00","dateModified":"2026-05-02T12:45:30+00:00","description":"Buy a refurbished Vitra Eames DSW in white for \u20ac246 \u2014 save 44%. Condition A, designed by Charles & Ray Eames, recycled plastic shell, solid maple base. Fast delivery.","breadcrumb":{"@id":"https:\/\/klap.ee\/product\/vitra-eames-dsw-white-refurbished\/#breadcrumb"},"inLanguage":"fi","potentialAction":[{"@type":"ReadAction","target":["https:\/\/klap.ee\/product\/vitra-eames-dsw-white-refurbished\/"]}]},{"@type":"ImageObject","inLanguage":"fi","@id":"https:\/\/klap.ee\/product\/vitra-eames-dsw-white-refurbished\/#primaryimage","url":"https:\/\/klap.ee\/wp-content\/uploads\/2026\/04\/Untitled-design-2-1.png","contentUrl":"https:\/\/klap.ee\/wp-content\/uploads\/2026\/04\/Untitled-design-2-1.png","width":1600,"height":1600},{"@type":"BreadcrumbList","@id":"https:\/\/klap.ee\/product\/vitra-eames-dsw-white-refurbished\/#breadcrumb","itemListElement":[{"@type":"ListItem","position":1,"name":"Home","item":"https:\/\/klap.ee\/"},{"@type":"ListItem","position":2,"name":"Products","item":"https:\/\/klap.ee\/ergonomic-office-chairs\/"},{"@type":"ListItem","position":3,"name":"Vitra Eames DSW (Refurbished)"}]},{"@type":"WebSite","@id":"https:\/\/klap.ee\/#website","url":"https:\/\/klap.ee\/","name":"KLAP","description":"J\u00e4tkusuutliku disainm\u00f6\u00f6bli pood","publisher":{"@id":"https:\/\/klap.ee\/#organization"},"potentialAction":[{"@type":"SearchAction","target":{"@type":"EntryPoint","urlTemplate":"https:\/\/klap.ee\/?s={search_term_string}"},"query-input":{"@type":"PropertyValueSpecification","valueRequired":true,"valueName":"search_term_string"}}],"inLanguage":"fi"},{"@type":"Organization","@id":"https:\/\/klap.ee\/#organization","name":"KLAP","url":"https:\/\/klap.ee\/","logo":{"@type":"ImageObject","inLanguage":"fi","@id":"https:\/\/klap.ee\/#\/schema\/logo\/image\/","url":"https:\/\/klap.ee\/wp-content\/uploads\/2025\/03\/klap_logo_transparent_410x158.png","contentUrl":"https:\/\/klap.ee\/wp-content\/uploads\/2025\/03\/klap_logo_transparent_410x158.png","width":410,"height":158,"caption":"KLAP"},"image":{"@id":"https:\/\/klap.ee\/#\/schema\/logo\/image\/"}}]}},"_links":{"self":[{"href":"https:\/\/klap.ee\/fi\/wp-json\/wp\/v2\/product\/4956","targetHints":{"allow":["GET"]}}],"collection":[{"href":"https:\/\/klap.ee\/fi\/wp-json\/wp\/v2\/product"}],"about":[{"href":"https:\/\/klap.ee\/fi\/wp-json\/wp\/v2\/types\/product"}],"wp:featuredmedia":[{"embeddable":true,"href":"https:\/\/klap.ee\/fi\/wp-json\/wp\/v2\/media\/4964"}],"wp:attachment":[{"href":"https:\/\/klap.ee\/fi\/wp-json\/wp\/v2\/media?parent=4956"}],"wp:term":[{"taxonomy":"product_brand","embeddable":true,"href":"https:\/\/klap.ee\/fi\/wp-json\/wp\/v2\/product_brand?post=4956"},{"taxonomy":"product_cat","embeddable":true,"href":"https:\/\/klap.ee\/fi\/wp-json\/wp\/v2\/product_cat?post=4956"},{"taxonomy":"product_tag","embeddable":true,"href":"https:\/\/klap.ee\/fi\/wp-json\/wp\/v2\/product_tag?post=4956"}],"curies":[{"name":"wp","href":"https:\/\/api.w.org\/{rel}","templated":true}]}}