{"id":25,"date":"2025-03-07T04:48:04","date_gmt":"2025-03-07T04:48:04","guid":{"rendered":"https:\/\/klap-ee.vserver.zonevs.eu\/about\/"},"modified":"2025-03-16T07:18:01","modified_gmt":"2025-03-16T07:18:01","slug":"about","status":"publish","type":"page","link":"https:\/\/klap.ee\/lt\/about\/","title":{"rendered":"Apie"},"content":{"rendered":"<div class=\"wp-block-group alignfull has-background-background-color has-background is-layout-constrained wp-container-core-group-is-layout-392eb801 wp-block-group-is-layout-constrained\" id=\"team\" style=\"margin-top:0;margin-bottom:0;padding-top:var(--wp--preset--spacing--60);padding-right:var(--wp--preset--spacing--30);padding-bottom:var(--wp--preset--spacing--60);padding-left:var(--wp--preset--spacing--30)\">\n<div class=\"wp-block-group is-content-justification-left is-layout-constrained wp-container-core-group-is-layout-eded1d97 wp-block-group-is-layout-constrained\">\n<div class=\"wp-block-media-text is-stacked-on-mobile is-vertically-aligned-center is-style-default\" style=\"grid-template-columns:45% auto\"><figure class=\"wp-block-media-text__media\"><img data-opt-id=450060387  fetchpriority=\"high\" decoding=\"async\" width=\"1024\" height=\"768\" src=\"http:\/\/klap-ee.vserver.zonevs.eu\/wp-content\/uploads\/2025\/03\/hermanmiller_klap_luther-1024x768.webp\" alt=\"\" class=\"wp-image-806 size-full\" srcset=\"https:\/\/mlwqeu8tue9b.i.optimole.com\/cb:q2jb.1a9\/w:1024\/h:768\/q:mauto\/ig:avif\/https:\/\/klap.ee\/wp-content\/uploads\/2025\/03\/hermanmiller_klap_luther.webp 1024w, https:\/\/mlwqeu8tue9b.i.optimole.com\/cb:q2jb.1a9\/w:300\/h:225\/q:mauto\/ig:avif\/https:\/\/klap.ee\/wp-content\/uploads\/2025\/03\/hermanmiller_klap_luther.webp 300w, https:\/\/mlwqeu8tue9b.i.optimole.com\/cb:q2jb.1a9\/w:768\/h:576\/q:mauto\/ig:avif\/https:\/\/klap.ee\/wp-content\/uploads\/2025\/03\/hermanmiller_klap_luther.webp 768w, https:\/\/mlwqeu8tue9b.i.optimole.com\/cb:q2jb.1a9\/w:600\/h:450\/q:mauto\/ig:avif\/https:\/\/klap.ee\/wp-content\/uploads\/2025\/03\/hermanmiller_klap_luther.webp 600w, https:\/\/mlwqeu8tue9b.i.optimole.com\/cb:q2jb.1a9\/w:150\/h:113\/q:mauto\/ig:avif\/https:\/\/klap.ee\/wp-content\/uploads\/2025\/03\/hermanmiller_klap_luther.webp 150w, https:\/\/mlwqeu8tue9b.i.optimole.com\/cb:q2jb.1a9\/w:1284\/h:963\/q:mauto\/ig:avif\/https:\/\/klap.ee\/wp-content\/uploads\/2025\/03\/hermanmiller_klap_luther.webp 1284w\" sizes=\"(max-width: 760px) 100vw, 760px\" \/><\/figure><div class=\"wp-block-media-text__content\">\n<h2 class=\"wp-block-heading\" style=\"font-size:26px\">Sveiki atvyk\u0119 \u012f KLAP - pagrindin\u0119 viet\u0105, kurioje rasite tvari\u0173 ir laiko i\u0161bandym\u0105 i\u0161laikiusi\u0173 bald\u0173.<\/h2>\n\n\n\n<p>M\u016bs\u0173 kelion\u0117 prasid\u0117jo nuo misijos kovoti su did\u017eiuliu kiekiu bald\u0173, kurie kasmet patenka \u012f s\u0105vartynus. KLAP - tai jud\u0117jimas prie\u0161 greitus baldus, si\u016blantis ekologi\u0161k\u0105 alternatyv\u0105 pigiai pagamintiems daiktams, kurie paprastai tarnauja nuo vieneri\u0173 iki penkeri\u0173 met\u0173 ir kuriuos sunku pataisyti ar atnaujinti.<\/p>\n\n\n\n<p>KLAP tiki, kad kokyb\u0117 yra svarbesn\u0117 u\u017e kiekyb\u0119. Siekiame, kad baldai ne tik pagerint\u0173 j\u016bs\u0173 gyvenam\u0105j\u0105 erdv\u0119, bet ir prisid\u0117t\u0173 prie sveikesn\u0117s planetos k\u016brimo. M\u016bs\u0173 kolekcijoje yra kruop\u0161\u010diai suprojektuot\u0173 ir auk\u0161tos kokyb\u0117s bald\u0173, kurie yra pagaminti taip, kad tarnaut\u0173 ilgai, o remontuojamos dalys dar labiau prailgina j\u0173 tarnavimo laik\u0105.<\/p>\n\n\n\n<p>Bendradarbiaujame tik su tvariais ir auk\u0161tos kokyb\u0117s bald\u0173 preki\u0173 \u017eenklais, tod\u0117l daugiau \u017emoni\u0173 gali \u012fsigyti ekologi\u0161k\u0173 gamini\u0173. Kiekviena m\u016bs\u0173 parduotuv\u0117je esanti prek\u0117 turi 100% ekologin\u012f sertifikat\u0105, tod\u0117l galite ramia s\u0105\u017eine \u012frengti savo namus.<\/p>\n<\/div><\/div>\n\n\n\n<p><\/p>\n\n\n\n<h2 class=\"wp-block-heading has-text-align-left\" style=\"margin-top:12px\">M\u016bs\u0173 \u012fsipareigojimas siekti tvarumo<\/h2>\n\n\n\n<ul class=\"wp-block-list\">\n<li><strong>Tvarus apsir\u016bpinimas<\/strong>: M\u016bs\u0173 preki\u0173 \u017eenklai naudoja medien\u0105 i\u0161 tvari\u0173 mi\u0161k\u0173, kurie yra kruop\u0161\u010diai tvarkomi, kad nat\u016braliai atsinaujint\u0173 ir b\u016bt\u0173 palaikoma vietin\u0117 gyv\u016bnija ir augalija. Darbuotoj\u0173 s\u0105lygos taip pat subalansuotos, kad b\u016bt\u0173 skatinama s\u0105\u017eininga darbo praktika.<br><\/li>\n\n\n\n<li><strong>Ekologi\u0161kos med\u017eiagos<\/strong>: Pirmenyb\u0119 teikiame vandens pagrindo lakams, kurie i\u0161ry\u0161kina nat\u016bral\u0173 medienos gro\u017e\u012f ir ilgaam\u017ei\u0161kum\u0105 nenaudojant kenksming\u0173 chemini\u0173 med\u017eiag\u0173.<br><\/li>\n\n\n\n<li><strong>Ilgaam\u017ei\u0161kumas ir taisymas<\/strong>: M\u016bs\u0173 baldai yra pagaminti ir i\u0161bandyti, kad b\u016bt\u0173 patvar\u016bs, jiems suteikiama penkeri\u0173 met\u0173 garantija. Jei kuri nors baldo dalis susid\u0117v\u0117t\u0173, j\u0105 galima pakeisti, o gaminiai suprojektuoti taip, kad juos b\u016bt\u0173 galima lengvai atskirti \u012f pagrindines med\u017eiagas ir perdirbti.<\/li>\n<\/ul>\n\n\n\n<p>KLAP - tai daugiau nei internetin\u0117 parduotuv\u0117, tai \u012fsipareigojimas siekti tvarios ateities. Rinkdamiesi m\u016bs\u0173 baldus, kartu su mumis pasisakote prie\u0161 greit\u0105 bald\u0173 gamyb\u0105 ir prisidedate prie sveikesn\u0117s aplinkos k\u016brimo. D\u0117kojame, kad palaikote m\u016bs\u0173 misij\u0105 - u\u017etikrinti, kad tvar\u016bs, auk\u0161tos kokyb\u0117s baldai patekt\u0173 \u012f daugiau nam\u0173.<\/p>\n\n\n\n<p class=\"has-text-align-left\" style=\"margin-top:16px\">Prisijunkite prie jud\u0117jimo. Pasirinkite KLAP.<\/p>\n<\/div>\n<\/div>\n\n\n\n<p><\/p>","protected":false},"excerpt":{"rendered":"<p>Welcome to KLAP \u2013 premier destination for sustainable furniture that stands the test of time. Our journey began with a mission to combat the overwhelming amount of furniture that ends &#8230;<\/p>","protected":false},"author":1,"featured_media":0,"parent":0,"menu_order":0,"comment_status":"closed","ping_status":"closed","template":"","meta":{"_themeisle_gutenberg_block_has_review":false,"iawp_total_views":25,"footnotes":""},"class_list":["post-25","page","type-page","status-publish","hentry"],"yoast_head":"<!-- This site is optimized with the Yoast SEO plugin v27.5 - https:\/\/yoast.com\/product\/yoast-seo-wordpress\/ -->\n<title>About - KLAP<\/title>\n<meta name=\"robots\" content=\"index, follow, max-snippet:-1, max-image-preview:large, max-video-preview:-1\" \/>\n<link rel=\"canonical\" href=\"https:\/\/klap.ee\/lt\/about\/\" \/>\n<meta property=\"og:locale\" content=\"lt_LT\" \/>\n<meta property=\"og:type\" content=\"article\" \/>\n<meta property=\"og:title\" content=\"About - KLAP\" \/>\n<meta property=\"og:description\" content=\"Welcome to KLAP \u2013 premier destination for sustainable furniture that stands the test of time. Our journey began with a mission to combat the overwhelming amount of furniture that ends ...\" \/>\n<meta property=\"og:url\" content=\"https:\/\/klap.ee\/lt\/about\/\" \/>\n<meta property=\"og:site_name\" content=\"KLAP\" \/>\n<meta property=\"article:modified_time\" content=\"2025-03-16T07:18:01+00:00\" \/>\n<meta property=\"og:image\" content=\"https:\/\/mlwqeu8tue9b.i.optimole.com\/cb:q2jb.1a9\/w:auto\/h:auto\/q:mauto\/ig:avif\/https:\/\/klap.ee\/wp-content\/uploads\/2025\/03\/hermanmiller_klap_luther.webp\" \/>\n\t<meta property=\"og:image:width\" content=\"1284\" \/>\n\t<meta property=\"og:image:height\" content=\"963\" \/>\n\t<meta property=\"og:image:type\" content=\"image\/webp\" \/>\n<meta name=\"twitter:card\" content=\"summary_large_image\" \/>\n<meta name=\"twitter:label1\" content=\"Est. reading time\" \/>\n\t<meta name=\"twitter:data1\" content=\"2 minut\u0117s\" \/>\n<script type=\"application\/ld+json\" class=\"yoast-schema-graph\">{\"@context\":\"https:\\\/\\\/schema.org\",\"@graph\":[{\"@type\":\"WebPage\",\"@id\":\"https:\\\/\\\/klap.ee\\\/about\\\/\",\"url\":\"https:\\\/\\\/klap.ee\\\/about\\\/\",\"name\":\"About - KLAP\",\"isPartOf\":{\"@id\":\"https:\\\/\\\/klap.ee\\\/#website\"},\"primaryImageOfPage\":{\"@id\":\"https:\\\/\\\/klap.ee\\\/about\\\/#primaryimage\"},\"image\":{\"@id\":\"https:\\\/\\\/klap.ee\\\/about\\\/#primaryimage\"},\"thumbnailUrl\":\"http:\\/\\/klap-ee.vserver.zonevs.eu\\/wp-content\\/uploads\\/2025\\/03\\/hermanmiller_klap_luther-1024x768.webp\",\"datePublished\":\"2025-03-07T04:48:04+00:00\",\"dateModified\":\"2025-03-16T07:18:01+00:00\",\"breadcrumb\":{\"@id\":\"https:\\\/\\\/klap.ee\\\/about\\\/#breadcrumb\"},\"inLanguage\":\"lt-LT\",\"potentialAction\":[{\"@type\":\"ReadAction\",\"target\":[\"https:\\\/\\\/klap.ee\\\/about\\\/\"]}]},{\"@type\":\"ImageObject\",\"inLanguage\":\"lt-LT\",\"@id\":\"https:\\\/\\\/klap.ee\\\/about\\\/#primaryimage\",\"url\":\"http:\\/\\/klap-ee.vserver.zonevs.eu\\/wp-content\\/uploads\\/2025\\/03\\/hermanmiller_klap_luther-1024x768.webp\",\"contentUrl\":\"http:\\/\\/klap-ee.vserver.zonevs.eu\\/wp-content\\/uploads\\/2025\\/03\\/hermanmiller_klap_luther-1024x768.webp\"},{\"@type\":\"BreadcrumbList\",\"@id\":\"https:\\\/\\\/klap.ee\\\/about\\\/#breadcrumb\",\"itemListElement\":[{\"@type\":\"ListItem\",\"position\":1,\"name\":\"Home\",\"item\":\"https:\\\/\\\/klap.ee\\\/\"},{\"@type\":\"ListItem\",\"position\":2,\"name\":\"About\"}]},{\"@type\":\"WebSite\",\"@id\":\"https:\\\/\\\/klap.ee\\\/#website\",\"url\":\"https:\\\/\\\/klap.ee\\\/\",\"name\":\"KLAP\",\"description\":\"J&auml;tkusuutliku disainm&ouml;&ouml;bli pood\",\"publisher\":{\"@id\":\"https:\\\/\\\/klap.ee\\\/#organization\"},\"potentialAction\":[{\"@type\":\"SearchAction\",\"target\":{\"@type\":\"EntryPoint\",\"urlTemplate\":\"https:\\\/\\\/klap.ee\\\/?s={search_term_string}\"},\"query-input\":{\"@type\":\"PropertyValueSpecification\",\"valueRequired\":true,\"valueName\":\"search_term_string\"}}],\"inLanguage\":\"lt-LT\"},{\"@type\":\"Organization\",\"@id\":\"https:\\\/\\\/klap.ee\\\/#organization\",\"name\":\"KLAP\",\"url\":\"https:\\\/\\\/klap.ee\\\/\",\"logo\":{\"@type\":\"ImageObject\",\"inLanguage\":\"lt-LT\",\"@id\":\"https:\\\/\\\/klap.ee\\\/#\\\/schema\\\/logo\\\/image\\\/\",\"url\":\"https:\\/\\/klap.ee\\/wp-content\\/uploads\\/2025\\/03\\/klap_logo_transparent_410x158.png\",\"contentUrl\":\"https:\\/\\/klap.ee\\/wp-content\\/uploads\\/2025\\/03\\/klap_logo_transparent_410x158.png\",\"width\":410,\"height\":158,\"caption\":\"KLAP\"},\"image\":{\"@id\":\"https:\\\/\\\/klap.ee\\\/#\\\/schema\\\/logo\\\/image\\\/\"}}]}<\/script>\n<!-- \/ Yoast SEO plugin. -->","yoast_head_json":{"title":"About - KLAP","robots":{"index":"index","follow":"follow","max-snippet":"max-snippet:-1","max-image-preview":"max-image-preview:large","max-video-preview":"max-video-preview:-1"},"canonical":"https:\/\/klap.ee\/lt\/about\/","og_locale":"lt_LT","og_type":"article","og_title":"About - KLAP","og_description":"Welcome to KLAP \u2013 premier destination for sustainable furniture that stands the test of time. Our journey began with a mission to combat the overwhelming amount of furniture that ends ...","og_url":"https:\/\/klap.ee\/lt\/about\/","og_site_name":"KLAP","article_modified_time":"2025-03-16T07:18:01+00:00","og_image":[{"width":1284,"height":963,"url":"https:\/\/mlwqeu8tue9b.i.optimole.com\/cb:q2jb.1a9\/w:auto\/h:auto\/q:mauto\/ig:avif\/https:\/\/klap.ee\/wp-content\/uploads\/2025\/03\/hermanmiller_klap_luther.webp","type":"image\/webp"}],"twitter_card":"summary_large_image","twitter_misc":{"Est. reading time":"2 minut\u0117s"},"schema":{"@context":"https:\/\/schema.org","@graph":[{"@type":"WebPage","@id":"https:\/\/klap.ee\/about\/","url":"https:\/\/klap.ee\/about\/","name":"About - KLAP","isPartOf":{"@id":"https:\/\/klap.ee\/#website"},"primaryImageOfPage":{"@id":"https:\/\/klap.ee\/about\/#primaryimage"},"image":{"@id":"https:\/\/klap.ee\/about\/#primaryimage"},"thumbnailUrl":"http:\/\/klap-ee.vserver.zonevs.eu\/wp-content\/uploads\/2025\/03\/hermanmiller_klap_luther-1024x768.webp","datePublished":"2025-03-07T04:48:04+00:00","dateModified":"2025-03-16T07:18:01+00:00","breadcrumb":{"@id":"https:\/\/klap.ee\/about\/#breadcrumb"},"inLanguage":"lt-LT","potentialAction":[{"@type":"ReadAction","target":["https:\/\/klap.ee\/about\/"]}]},{"@type":"ImageObject","inLanguage":"lt-LT","@id":"https:\/\/klap.ee\/about\/#primaryimage","url":"http:\/\/klap-ee.vserver.zonevs.eu\/wp-content\/uploads\/2025\/03\/hermanmiller_klap_luther-1024x768.webp","contentUrl":"http:\/\/klap-ee.vserver.zonevs.eu\/wp-content\/uploads\/2025\/03\/hermanmiller_klap_luther-1024x768.webp"},{"@type":"BreadcrumbList","@id":"https:\/\/klap.ee\/about\/#breadcrumb","itemListElement":[{"@type":"ListItem","position":1,"name":"Home","item":"https:\/\/klap.ee\/"},{"@type":"ListItem","position":2,"name":"About"}]},{"@type":"WebSite","@id":"https:\/\/klap.ee\/#website","url":"https:\/\/klap.ee\/","name":"KLAP","description":"J\u00e4tkusuutliku disainm\u00f6\u00f6\u00f6bli pood","publisher":{"@id":"https:\/\/klap.ee\/#organization"},"potentialAction":[{"@type":"SearchAction","target":{"@type":"EntryPoint","urlTemplate":"https:\/\/klap.ee\/?s={search_term_string}"},"query-input":{"@type":"PropertyValueSpecification","valueRequired":true,"valueName":"search_term_string"}}],"inLanguage":"lt-LT"},{"@type":"Organization","@id":"https:\/\/klap.ee\/#organization","name":"KLAP","url":"https:\/\/klap.ee\/","logo":{"@type":"ImageObject","inLanguage":"lt-LT","@id":"https:\/\/klap.ee\/#\/schema\/logo\/image\/","url":"https:\/\/mlwqeu8tue9b.i.optimole.com\/cb:q2jb.1a9\/w:auto\/h:auto\/q:mauto\/ig:avif\/https:\/\/klap.ee\/wp-content\/uploads\/2025\/03\/klap_logo_transparent_410x158.png","contentUrl":"https:\/\/mlwqeu8tue9b.i.optimole.com\/cb:q2jb.1a9\/w:auto\/h:auto\/q:mauto\/ig:avif\/https:\/\/klap.ee\/wp-content\/uploads\/2025\/03\/klap_logo_transparent_410x158.png","width":410,"height":158,"caption":"KLAP"},"image":{"@id":"https:\/\/klap.ee\/#\/schema\/logo\/image\/"}}]}},"_links":{"self":[{"href":"https:\/\/klap.ee\/lt\/wp-json\/wp\/v2\/pages\/25","targetHints":{"allow":["GET"]}}],"collection":[{"href":"https:\/\/klap.ee\/lt\/wp-json\/wp\/v2\/pages"}],"about":[{"href":"https:\/\/klap.ee\/lt\/wp-json\/wp\/v2\/types\/page"}],"author":[{"embeddable":true,"href":"https:\/\/klap.ee\/lt\/wp-json\/wp\/v2\/users\/1"}],"replies":[{"embeddable":true,"href":"https:\/\/klap.ee\/lt\/wp-json\/wp\/v2\/comments?post=25"}],"version-history":[{"count":4,"href":"https:\/\/klap.ee\/lt\/wp-json\/wp\/v2\/pages\/25\/revisions"}],"predecessor-version":[{"id":919,"href":"https:\/\/klap.ee\/lt\/wp-json\/wp\/v2\/pages\/25\/revisions\/919"}],"wp:attachment":[{"href":"https:\/\/klap.ee\/lt\/wp-json\/wp\/v2\/media?parent=25"}],"curies":[{"name":"wp","href":"https:\/\/api.w.org\/{rel}","templated":true}]}}