{"id":4636,"date":"2026-04-06T08:53:31","date_gmt":"2026-04-06T08:53:31","guid":{"rendered":"https:\/\/klap.ee\/?page_id=4636"},"modified":"2026-04-10T08:31:07","modified_gmt":"2026-04-10T08:31:07","slug":"schedule-a-visit","status":"publish","type":"page","link":"https:\/\/klap.ee\/lt\/schedule-a-visit\/","title":{"rendered":"Parod\u0173 sal\u0117"},"content":{"rendered":"<p>Maloniai kvie\u010diame apsilankyti m\u016bs\u0173 salone adresu <strong>Vana-L\u00f5una 39\/1, Talinas, Estija<\/strong>, kur galite asmeni\u0161kai i\u0161bandyti auk\u0161\u010diausios kokyb\u0117s ergonomines k\u0117des, \u012fskaitant \"Herman Miller\" ir \"Steelcase\". Nesvarbu, ar ie\u0161kote naujos, ar restauruotos ergonomin\u0117s biuro k\u0117d\u0117s, m\u016bs\u0173 ekspertas pad\u0117s jums rasti idealiai tinkan\u010di\u0105. M\u016bs\u0173 salonas veikia i\u0161 anksto susitarus - apsilankym\u0105 u\u017esisakykite bent <strong>1-2 valandos<\/strong> i\u0161 anksto. Kalendoriuje pasirinkite, kada nor\u0117tum\u0117te mus aplankyti, arba:<br>\ud83d\udcde +3725035442<br>\u2709\ufe0f info@klap.ee<\/p>\n\n\n\n<div class=\"wp-block-columns are-vertically-aligned-top is-layout-flex wp-container-core-columns-is-layout-9d6595d7 wp-block-columns-is-layout-flex\">\n<div class=\"wp-block-column is-vertically-aligned-top is-layout-flow wp-block-column-is-layout-flow\">\n<figure class=\"wp-block-image size-full\"><img data-opt-id=1313361812  fetchpriority=\"high\" decoding=\"async\" src=\"https:\/\/mlwqeu8tue9b.i.optimole.com\/cb:q2jb.1a9\/w:auto\/h:auto\/q:mauto\/ig:avif\/https:\/\/klap.ee\/wp-content\/uploads\/2026\/04\/IMG_4658-1-scaled.jpg\" alt=\"\" class=\"wp-image-4692\"\/><\/figure>\n<\/div>\n\n\n\n<div class=\"wp-block-column is-vertically-aligned-top is-layout-flow wp-block-column-is-layout-flow\">\n<!-- Calendly inline widget begin -->\n<div class=\"calendly-inline-widget\" data-url=\"https:\/\/calendly.com\/klap-info\/30min?hide_event_type_details=1&#038;hide_gdpr_banner=1\" style=\"min-width:320px;height:700px;\"><\/div>\n<script type=\"text\/javascript\" src=\"https:\/\/assets.calendly.com\/assets\/external\/widget.js\" async><\/script>\n<!-- Calendly inline widget end -->\n<\/div>\n<\/div>\n\n\n\n<p><\/p>","protected":false},"excerpt":{"rendered":"<p>We would be delighted to welcome you to our showroom at Vana-L\u00f5una 39\/1, Tallinn, Estonia, where you can try and test premium ergonomic chairs in person \u2014 including Herman Miller &#8230;<\/p>","protected":false},"author":2,"featured_media":0,"parent":0,"menu_order":0,"comment_status":"closed","ping_status":"closed","template":"","meta":{"_themeisle_gutenberg_block_has_review":false,"iawp_total_views":33,"footnotes":""},"class_list":["post-4636","page","type-page","status-publish","hentry"],"yoast_head":"<!-- This site is optimized with the Yoast SEO plugin v27.5 - https:\/\/yoast.com\/product\/yoast-seo-wordpress\/ -->\n<title>Ergonomic Chair Showroom in Tallinn - KLAP<\/title>\n<meta name=\"description\" content=\"Visit KLAP&#039;s showroom in Tallinn to try Herman Miller, Steelcase and Vitra chairs in person. Book your appointment and find your perfect ergonomic chair.\" \/>\n<meta name=\"robots\" content=\"index, follow, max-snippet:-1, max-image-preview:large, max-video-preview:-1\" \/>\n<link rel=\"canonical\" href=\"https:\/\/klap.ee\/lt\/schedule-a-visit\/\" \/>\n<meta property=\"og:locale\" content=\"lt_LT\" \/>\n<meta property=\"og:type\" content=\"article\" \/>\n<meta property=\"og:title\" content=\"Ergonomic Chair Showroom in Tallinn - KLAP\" \/>\n<meta property=\"og:description\" content=\"Visit KLAP&#039;s showroom in Tallinn to try Herman Miller, Steelcase and Vitra chairs in person. Book your appointment and find your perfect ergonomic chair.\" \/>\n<meta property=\"og:url\" content=\"https:\/\/klap.ee\/lt\/schedule-a-visit\/\" \/>\n<meta property=\"og:site_name\" content=\"KLAP\" \/>\n<meta property=\"article:modified_time\" content=\"2026-04-10T08:31:07+00:00\" \/>\n<meta property=\"og:image\" content=\"https:\/\/mlwqeu8tue9b.i.optimole.com\/cb:q2jb.1a9\/w:auto\/h:auto\/q:mauto\/ig:avif\/https:\/\/klap.ee\/wp-content\/uploads\/2026\/04\/IMG_4658-1-scaled.webp\" \/>\n\t<meta property=\"og:image:width\" content=\"1440\" \/>\n\t<meta property=\"og:image:height\" content=\"1920\" \/>\n\t<meta property=\"og:image:type\" content=\"image\/webp\" \/>\n<meta name=\"twitter:card\" content=\"summary_large_image\" \/>\n<meta name=\"twitter:label1\" content=\"Est. reading time\" \/>\n\t<meta name=\"twitter:data1\" content=\"1 minut\u0117\" \/>\n<script type=\"application\/ld+json\" class=\"yoast-schema-graph\">{\"@context\":\"https:\\\/\\\/schema.org\",\"@graph\":[{\"@type\":\"WebPage\",\"@id\":\"https:\\\/\\\/klap.ee\\\/schedule-a-visit\\\/\",\"url\":\"https:\\\/\\\/klap.ee\\\/schedule-a-visit\\\/\",\"name\":\"Ergonomic Chair Showroom in Tallinn - KLAP\",\"isPartOf\":{\"@id\":\"https:\\\/\\\/klap.ee\\\/#website\"},\"primaryImageOfPage\":{\"@id\":\"https:\\\/\\\/klap.ee\\\/schedule-a-visit\\\/#primaryimage\"},\"image\":{\"@id\":\"https:\\\/\\\/klap.ee\\\/schedule-a-visit\\\/#primaryimage\"},\"thumbnailUrl\":\"https:\\/\\/klap.ee\\/wp-content\\/uploads\\/2026\\/04\\/IMG_4658-1-scaled.jpg\",\"datePublished\":\"2026-04-06T08:53:31+00:00\",\"dateModified\":\"2026-04-10T08:31:07+00:00\",\"description\":\"Visit KLAP's showroom in Tallinn to try Herman Miller, Steelcase and Vitra chairs in person. Book your appointment and find your perfect ergonomic chair.\",\"breadcrumb\":{\"@id\":\"https:\\\/\\\/klap.ee\\\/schedule-a-visit\\\/#breadcrumb\"},\"inLanguage\":\"lt-LT\",\"potentialAction\":[{\"@type\":\"ReadAction\",\"target\":[\"https:\\\/\\\/klap.ee\\\/schedule-a-visit\\\/\"]}]},{\"@type\":\"ImageObject\",\"inLanguage\":\"lt-LT\",\"@id\":\"https:\\\/\\\/klap.ee\\\/schedule-a-visit\\\/#primaryimage\",\"url\":\"https:\\/\\/klap.ee\\/wp-content\\/uploads\\/2026\\/04\\/IMG_4658-1-scaled.jpg\",\"contentUrl\":\"https:\\/\\/klap.ee\\/wp-content\\/uploads\\/2026\\/04\\/IMG_4658-1-scaled.jpg\"},{\"@type\":\"BreadcrumbList\",\"@id\":\"https:\\\/\\\/klap.ee\\\/schedule-a-visit\\\/#breadcrumb\",\"itemListElement\":[{\"@type\":\"ListItem\",\"position\":1,\"name\":\"Home\",\"item\":\"https:\\\/\\\/klap.ee\\\/\"},{\"@type\":\"ListItem\",\"position\":2,\"name\":\"Showroom\"}]},{\"@type\":\"WebSite\",\"@id\":\"https:\\\/\\\/klap.ee\\\/#website\",\"url\":\"https:\\\/\\\/klap.ee\\\/\",\"name\":\"KLAP\",\"description\":\"J&auml;tkusuutliku disainm&ouml;&ouml;bli pood\",\"publisher\":{\"@id\":\"https:\\\/\\\/klap.ee\\\/#organization\"},\"potentialAction\":[{\"@type\":\"SearchAction\",\"target\":{\"@type\":\"EntryPoint\",\"urlTemplate\":\"https:\\\/\\\/klap.ee\\\/?s={search_term_string}\"},\"query-input\":{\"@type\":\"PropertyValueSpecification\",\"valueRequired\":true,\"valueName\":\"search_term_string\"}}],\"inLanguage\":\"lt-LT\"},{\"@type\":\"Organization\",\"@id\":\"https:\\\/\\\/klap.ee\\\/#organization\",\"name\":\"KLAP\",\"url\":\"https:\\\/\\\/klap.ee\\\/\",\"logo\":{\"@type\":\"ImageObject\",\"inLanguage\":\"lt-LT\",\"@id\":\"https:\\\/\\\/klap.ee\\\/#\\\/schema\\\/logo\\\/image\\\/\",\"url\":\"https:\\/\\/klap.ee\\/wp-content\\/uploads\\/2025\\/03\\/klap_logo_transparent_410x158.png\",\"contentUrl\":\"https:\\/\\/klap.ee\\/wp-content\\/uploads\\/2025\\/03\\/klap_logo_transparent_410x158.png\",\"width\":410,\"height\":158,\"caption\":\"KLAP\"},\"image\":{\"@id\":\"https:\\\/\\\/klap.ee\\\/#\\\/schema\\\/logo\\\/image\\\/\"}}]}<\/script>\n<!-- \/ Yoast SEO plugin. -->","yoast_head_json":{"title":"Ergonomic Chair Showroom in Tallinn - KLAP","description":"Visit KLAP's showroom in Tallinn to try Herman Miller, Steelcase and Vitra chairs in person. Book your appointment and find your perfect ergonomic chair.","robots":{"index":"index","follow":"follow","max-snippet":"max-snippet:-1","max-image-preview":"max-image-preview:large","max-video-preview":"max-video-preview:-1"},"canonical":"https:\/\/klap.ee\/lt\/schedule-a-visit\/","og_locale":"lt_LT","og_type":"article","og_title":"Ergonomic Chair Showroom in Tallinn - KLAP","og_description":"Visit KLAP's showroom in Tallinn to try Herman Miller, Steelcase and Vitra chairs in person. Book your appointment and find your perfect ergonomic chair.","og_url":"https:\/\/klap.ee\/lt\/schedule-a-visit\/","og_site_name":"KLAP","article_modified_time":"2026-04-10T08:31:07+00:00","og_image":[{"width":1440,"height":1920,"url":"https:\/\/mlwqeu8tue9b.i.optimole.com\/cb:q2jb.1a9\/w:auto\/h:auto\/q:mauto\/ig:avif\/https:\/\/klap.ee\/wp-content\/uploads\/2026\/04\/IMG_4658-1-scaled.webp","type":"image\/webp"}],"twitter_card":"summary_large_image","twitter_misc":{"Est. reading time":"1 minut\u0117"},"schema":{"@context":"https:\/\/schema.org","@graph":[{"@type":"WebPage","@id":"https:\/\/klap.ee\/schedule-a-visit\/","url":"https:\/\/klap.ee\/schedule-a-visit\/","name":"Ergonomic Chair Showroom in Tallinn - KLAP","isPartOf":{"@id":"https:\/\/klap.ee\/#website"},"primaryImageOfPage":{"@id":"https:\/\/klap.ee\/schedule-a-visit\/#primaryimage"},"image":{"@id":"https:\/\/klap.ee\/schedule-a-visit\/#primaryimage"},"thumbnailUrl":"https:\/\/mlwqeu8tue9b.i.optimole.com\/cb:q2jb.1a9\/w:auto\/h:auto\/q:mauto\/ig:avif\/https:\/\/klap.ee\/wp-content\/uploads\/2026\/04\/IMG_4658-1-scaled.jpg","datePublished":"2026-04-06T08:53:31+00:00","dateModified":"2026-04-10T08:31:07+00:00","description":"Visit KLAP's showroom in Tallinn to try Herman Miller, Steelcase and Vitra chairs in person. Book your appointment and find your perfect ergonomic chair.","breadcrumb":{"@id":"https:\/\/klap.ee\/schedule-a-visit\/#breadcrumb"},"inLanguage":"lt-LT","potentialAction":[{"@type":"ReadAction","target":["https:\/\/klap.ee\/schedule-a-visit\/"]}]},{"@type":"ImageObject","inLanguage":"lt-LT","@id":"https:\/\/klap.ee\/schedule-a-visit\/#primaryimage","url":"https:\/\/mlwqeu8tue9b.i.optimole.com\/cb:q2jb.1a9\/w:auto\/h:auto\/q:mauto\/ig:avif\/https:\/\/klap.ee\/wp-content\/uploads\/2026\/04\/IMG_4658-1-scaled.jpg","contentUrl":"https:\/\/mlwqeu8tue9b.i.optimole.com\/cb:q2jb.1a9\/w:auto\/h:auto\/q:mauto\/ig:avif\/https:\/\/klap.ee\/wp-content\/uploads\/2026\/04\/IMG_4658-1-scaled.jpg"},{"@type":"BreadcrumbList","@id":"https:\/\/klap.ee\/schedule-a-visit\/#breadcrumb","itemListElement":[{"@type":"ListItem","position":1,"name":"Home","item":"https:\/\/klap.ee\/"},{"@type":"ListItem","position":2,"name":"Showroom"}]},{"@type":"WebSite","@id":"https:\/\/klap.ee\/#website","url":"https:\/\/klap.ee\/","name":"KLAP","description":"J\u00e4tkusuutliku disainm\u00f6\u00f6\u00f6bli pood","publisher":{"@id":"https:\/\/klap.ee\/#organization"},"potentialAction":[{"@type":"SearchAction","target":{"@type":"EntryPoint","urlTemplate":"https:\/\/klap.ee\/?s={search_term_string}"},"query-input":{"@type":"PropertyValueSpecification","valueRequired":true,"valueName":"search_term_string"}}],"inLanguage":"lt-LT"},{"@type":"Organization","@id":"https:\/\/klap.ee\/#organization","name":"KLAP","url":"https:\/\/klap.ee\/","logo":{"@type":"ImageObject","inLanguage":"lt-LT","@id":"https:\/\/klap.ee\/#\/schema\/logo\/image\/","url":"https:\/\/mlwqeu8tue9b.i.optimole.com\/cb:q2jb.1a9\/w:auto\/h:auto\/q:mauto\/ig:avif\/https:\/\/klap.ee\/wp-content\/uploads\/2025\/03\/klap_logo_transparent_410x158.png","contentUrl":"https:\/\/mlwqeu8tue9b.i.optimole.com\/cb:q2jb.1a9\/w:auto\/h:auto\/q:mauto\/ig:avif\/https:\/\/klap.ee\/wp-content\/uploads\/2025\/03\/klap_logo_transparent_410x158.png","width":410,"height":158,"caption":"KLAP"},"image":{"@id":"https:\/\/klap.ee\/#\/schema\/logo\/image\/"}}]}},"_links":{"self":[{"href":"https:\/\/klap.ee\/lt\/wp-json\/wp\/v2\/pages\/4636","targetHints":{"allow":["GET"]}}],"collection":[{"href":"https:\/\/klap.ee\/lt\/wp-json\/wp\/v2\/pages"}],"about":[{"href":"https:\/\/klap.ee\/lt\/wp-json\/wp\/v2\/types\/page"}],"author":[{"embeddable":true,"href":"https:\/\/klap.ee\/lt\/wp-json\/wp\/v2\/users\/2"}],"replies":[{"embeddable":true,"href":"https:\/\/klap.ee\/lt\/wp-json\/wp\/v2\/comments?post=4636"}],"version-history":[{"count":29,"href":"https:\/\/klap.ee\/lt\/wp-json\/wp\/v2\/pages\/4636\/revisions"}],"predecessor-version":[{"id":4826,"href":"https:\/\/klap.ee\/lt\/wp-json\/wp\/v2\/pages\/4636\/revisions\/4826"}],"wp:attachment":[{"href":"https:\/\/klap.ee\/lt\/wp-json\/wp\/v2\/media?parent=4636"}],"curies":[{"name":"wp","href":"https:\/\/api.w.org\/{rel}","templated":true}]}}