{"id":1922,"date":"2025-05-19T10:35:42","date_gmt":"2025-05-19T10:35:42","guid":{"rendered":"https:\/\/klap.ee\/?post_type=product&#038;p=1922"},"modified":"2026-05-02T12:45:31","modified_gmt":"2026-05-02T12:45:31","slug":"steelcase-leap-v2-bordeaux-display-model","status":"publish","type":"product","link":"https:\/\/klap.ee\/lt\/produktas\/steelcase-leap-v2-bordeaux-display-model\/","title":{"rendered":"\"Steelcase Leap V2 Bordeaux\" (ekrano modelis)"},"content":{"rendered":"<h2><strong>Produkto apra\u0161ymas<\/strong><\/h2>\n<p class=\"\">Svetain\u0117 <strong>\"Steelcase Leap V2<\/strong> tai ergonomi\u0161ka biuro k\u0117d\u0117, sukurta taip, kad tiksliai ir individualiai prisitaikyt\u0173 b\u016btent ten, kur jums labiausiai reikia. \u0160i k\u0117d\u0117 yra labai intuityvi, ji skland\u017eiai juda kartu su jumis - jos s\u0117dyn\u0117 lengvai slysta, kai atsilenkia, u\u017etikrindama nuolatin\u012f komfort\u0105 ir leisdama susikaupti darbui.<\/p>\n<p class=\"\">\u017denkite \u012f <strong>ergonomi\u0161kas patogumas ir nepriekai\u0161tingas funkcionalumas<\/strong> su \"Steelcase Leap V2\" biuro k\u0117de. Precizi\u0161kai ir meistri\u0161kai pagaminta k\u0117d\u0117 puikiai suderina stili\u0173 ir atram\u0105, tod\u0117l puikiai tinka \u0161iuolaikinei darbo aplinkai.<\/p>\n<p class=\"\">Su savo <strong>dinamin\u0117 \"LiveBack\u00ae\" technologija<\/strong>, \"Leap V2\" nat\u016braliai prisitaiko prie j\u016bs\u0173 k\u016bno judesi\u0173 ir laikysenos, tod\u0117l vis\u0105 dien\u0105 u\u017etikrina nuolatin\u0119 atram\u0105 ir optimal\u0173 s\u0117d\u0117jimo komfort\u0105. <strong>4D reguliuojami porankiai, pritaikoma juosmens atrama ir reguliuojamas auk\u0161tis dujiniu keltuvu<\/strong> gal\u0117site tiksliai pritaikyti k\u0117d\u0119 pagal savo poreikius, kad s\u0117d\u0117jimo patirtis b\u016bt\u0173 visi\u0161kai individuali.<\/p>\n<p class=\"\">Ta\u010diau \"Leap V2\" ne tik patogus - jis pagamintas taip, kad tarnaut\u0173 ilgai. Pagamintas i\u0161 <strong>patvarios med\u017eiagos<\/strong> \u0161i k\u0117d\u0117 yra ilgaam\u017e\u0117 ir sukurta taip, kad u\u017etikrint\u0173 ilgalaik\u012f patikimum\u0105 tiek nam\u0173 biure, tiek profesionalioje darbo vietoje.<\/p>\n<p class=\"\">Atraskite <strong>auk\u0161\u010diausio lygio komforto, stiliaus ir funkcionalumo derinys<\/strong> su \"Steelcase Leap V2\" biuro k\u0117de ir paverskite kiekvien\u0105 darbo dien\u0105 \u012fkvepian\u010dia ir produktyvia patirtimi.<\/p>\n<p><strong>\"Steelcase Leap V2\" (ekrano modelis) privalumai:<\/strong><\/p>\n<ul>\n<li>\"LiveBack\u2122\" technologija: Suteikia dinami\u0161k\u0105 ir nat\u016brali\u0105 nugaros atram\u0105, atitinkan\u010di\u0105 kiekvien\u0105 judes\u012f.<\/li>\n<li>4D porankiai: Visi\u0161kai reguliuojamos rank\u0173 atramos u\u017etikrina optimal\u0173 komfort\u0105 dirbant \u012fvairiomis pozomis.<\/li>\n<li>Reguliuojama juosmens atrama ir pasvirimas \u012f priek\u012f: Si\u016bloma papildoma atrama aktyviai darbo pozai.<\/li>\n<li>Sinchronizuotas mechanizmas ir svorio reguliavimas: K\u0117d\u0117 automati\u0161kai prisitaiko prie j\u016bs\u0173 k\u016bno svorio ir judesi\u0173, kad s\u0117d\u0117jimas b\u016bt\u0173 sklandus.<\/li>\n<li>Pneumatinis auk\u0161\u010dio reguliavimas: Pneumatinis reguliatorius: lengvai nustatykite ideal\u0173 s\u0117d\u0117jimo auk\u0161t\u012f.<\/li>\n<li>Auk\u0161tos kokyb\u0117s s\u0117dyn\u0117s pagalv\u0117l\u0117 ir kv\u0117puojantys apmu\u0161alai: padidina komfort\u0105 ir apsaugo nuo perkaitimo ilgai s\u0117dint.<\/li>\n<li>Patvari konstrukcija: \"Steelcase Leap V2\" yra skirtas ilgalaikiam naudojimui, o auk\u0161tos kokyb\u0117s med\u017eiagos tarnauja ilgus metus.<\/li>\n<\/ul>\n<h2>Bendra informacija<\/h2>\n<p class=\"\">\u0160ios biuro k\u0117d\u0117s buvo atnaujintos. Mums \u2018atnaujintos\u2019 rei\u0161kia, kad k\u0117d\u0117s buvo kruop\u0161\u010diai patikrintos, galb\u016bt pervilktos, apr\u016bpintos naujomis oficialiomis dalimis, i\u0161valytos ir, jei reikia, perda\u017eytos. Stengiam\u0117s, kad k\u0117d\u017ei\u0173 b\u016bkl\u0117 v\u0117l b\u016bt\u0173 kaip nauj\u0173.<\/p>\n<ul>\n<li><strong>Ekrano modelis - B\u016bkl\u0117: A<\/strong><\/li>\n<li>Dydis: Universalus<\/li>\n<li>Upholstery Color: Bordeaux<\/li>\n<li>R\u0117mo spalva: juoda<\/li>\n<li>Garantija: 5 metai<\/li>\n<li>Reguliuojamas s\u0117dyn\u0117s auk\u0161tis ir gylis<\/li>\n<li>\"LiveBack\u2122\" technologija<\/li>\n<li>Sinchroninis mechanizmas ir svorio valdymas<\/li>\n<li>Pakreipimo u\u017eraktas<\/li>\n<li>Auk\u0161tos kokyb\u0117s s\u0117dyn\u0117s pagalv\u0117l\u0117 ir kv\u0117puojantys apmu\u0161alai<\/li>\n<li>Reguliuojamas pakreipimas \u012f priek\u012f<\/li>\n<li>S\u0117dyn\u0117s auk\u0161\u010dio reguliavimas<\/li>\n<li>4D reguliuojami porankiai<\/li>\n<li><b>Pilna parinktis<\/b><\/li>\n<\/ul>\n<h2>Produkto specifikacijos<\/h2>\n<p>&nbsp;<\/p>\n<table style=\"width: 649px; height: 558px;\" width=\"100%\">\n<tbody>\n<tr style=\"height: 19.6px;\">\n<td style=\"width: 49.7619%; height: 19.6px;\">\n<p style=\"text-align: left;\"><span style=\"color: #808080;\">Dizaineris<br \/>\n<\/span>Marcelis Breueris<\/p>\n<p style=\"text-align: left;\"><span style=\"color: #808080;\">Projektavimo metai<br \/>\n<\/span>2006<\/p>\n<p style=\"text-align: left;\"><span style=\"color: #808080;\">Pagaminta<\/span><br \/>\nJAV<\/p>\n<p style=\"text-align: left;\"><span style=\"color: #808080;\">Sertifikatai<br \/>\n<\/span>level\u00ae<br \/>\nGREENGUARD<br \/>\nNuo lop\u0161io iki lop\u0161io<\/p>\n<\/td>\n<td style=\"width: 49.7619%; height: 19.6px;\">&nbsp;<\/p>\n<p>&nbsp;<\/p>\n<p>&nbsp;<\/p>\n<p><span style=\"color: #808080;\">Bendrieji matmenys<br \/>\n<\/span>Dydis - 1000 (auk\u0161tis) x 860 (plotis) x 620 mm (gylis)<\/p>\n<p><span style=\"color: #808080;\">Maksimalus paj\u0117gumas<br \/>\n<\/span>Dydis - 150 kg<\/p>\n<p><span style=\"color: #808080;\">Produkto svoris<br \/>\n<\/span>Dydis - 20 kg<\/p>\n<p>&nbsp;<\/td>\n<\/tr>\n<\/tbody>\n<\/table>\n<p>&nbsp;<\/p>","protected":false},"excerpt":{"rendered":"<p>\u2713 Ekrano modelis - A b\u016bkl\u0117 (kaip naujas)<br \/>\n\u2713 Bordeaux upholstery \u2013 unique colour, limited stock<br \/>\n\u2713 \"LiveBack\" technologija ir 4D porankiai - papildoma galimyb\u0117<br \/>\n\u2713 5 met\u0173 garantija<br \/>\n\u2713 Greitas pristatymas<\/p>","protected":false},"featured_media":4114,"template":"","meta":{"_themeisle_gutenberg_block_has_review":false,"iawp_total_views":4},"product_brand":[54],"product_cat":[115,33,25,112,37],"product_tag":[57,58,81,30,88],"class_list":{"0":"post-1922","1":"product","2":"type-product","3":"status-publish","4":"has-post-thumbnail","6":"product_brand-steelcase","7":"product_cat-brands","8":"product_cat-ergonomic-office-chairs","9":"product_cat-office-furniture-1","10":"product_cat-office-furniture","11":"product_cat-steelcase","12":"product_tag-display-model","13":"product_tag-eco-friendly-choice","14":"product_tag-leap-v2","15":"product_tag-refurbished","16":"product_tag-steelcase","17":"product_shipping_class-toolid","19":"first","20":"instock","21":"taxable","22":"shipping-taxable","23":"purchasable","24":"product-type-simple"},"yoast_head":"<!-- This site is optimized with the Yoast SEO plugin v27.6 - https:\/\/yoast.com\/product\/yoast-seo-wordpress\/ -->\n<title>Steelcase Leap V2 Bordeaux Display Model | \u20ac898 | KLAP<\/title>\n<meta name=\"description\" content=\"Buy the Steelcase Leap V2 in Bordeaux as a display model for \u20ac898. Condition A, LiveBack technology, 4D armrests, full option, 5-year warranty. Unique colour. Fast delivery.\" \/>\n<meta name=\"robots\" content=\"index, follow, max-snippet:-1, max-image-preview:large, max-video-preview:-1\" \/>\n<link rel=\"canonical\" href=\"https:\/\/klap.ee\/lt\/produktas\/steelcase-leap-v2-bordeaux-display-model\/\" \/>\n<meta property=\"og:locale\" content=\"lt_LT\" \/>\n<meta property=\"og:type\" content=\"article\" \/>\n<meta property=\"og:title\" content=\"Steelcase Leap V2 Bordeaux Display Model | \u20ac898 | KLAP\" \/>\n<meta property=\"og:description\" content=\"Buy the Steelcase Leap V2 in Bordeaux as a display model for \u20ac898. Condition A, LiveBack technology, 4D armrests, full option, 5-year warranty. Unique colour. Fast delivery.\" \/>\n<meta property=\"og:url\" content=\"https:\/\/klap.ee\/lt\/produktas\/steelcase-leap-v2-bordeaux-display-model\/\" \/>\n<meta property=\"og:site_name\" content=\"KLAP\" \/>\n<meta property=\"article:modified_time\" content=\"2026-05-02T12:45:31+00:00\" \/>\n<meta property=\"og:image\" content=\"http:\/\/klap.ee\/wp-content\/uploads\/2025\/05\/Untitled-1600-x-1600-px-1-9.png\" \/>\n\t<meta property=\"og:image:width\" content=\"1600\" \/>\n\t<meta property=\"og:image:height\" content=\"1600\" \/>\n\t<meta property=\"og:image:type\" content=\"image\/png\" \/>\n<meta name=\"twitter:card\" content=\"summary_large_image\" \/>\n<meta name=\"twitter:label1\" content=\"Est. reading time\" \/>\n\t<meta name=\"twitter:data1\" content=\"3 minut\u0117s\" \/>\n<script type=\"application\/ld+json\" class=\"yoast-schema-graph\">{\"@context\":\"https:\\\/\\\/schema.org\",\"@graph\":[{\"@type\":\"WebPage\",\"@id\":\"https:\\\/\\\/klap.ee\\\/product\\\/steelcase-leap-v2-bordeaux-display-model\\\/\",\"url\":\"https:\\\/\\\/klap.ee\\\/product\\\/steelcase-leap-v2-bordeaux-display-model\\\/\",\"name\":\"Steelcase Leap V2 Bordeaux Display Model | \u20ac898 | KLAP\",\"isPartOf\":{\"@id\":\"https:\\\/\\\/klap.ee\\\/#website\"},\"primaryImageOfPage\":{\"@id\":\"https:\\\/\\\/klap.ee\\\/product\\\/steelcase-leap-v2-bordeaux-display-model\\\/#primaryimage\"},\"image\":{\"@id\":\"https:\\\/\\\/klap.ee\\\/product\\\/steelcase-leap-v2-bordeaux-display-model\\\/#primaryimage\"},\"thumbnailUrl\":\"https:\\\/\\\/klap.ee\\\/wp-content\\\/uploads\\\/2025\\\/05\\\/Untitled-1600-x-1600-px-1-9.png\",\"datePublished\":\"2025-05-19T10:35:42+00:00\",\"dateModified\":\"2026-05-02T12:45:31+00:00\",\"description\":\"Buy the Steelcase Leap V2 in Bordeaux as a display model for \u20ac898. Condition A, LiveBack technology, 4D armrests, full option, 5-year warranty. Unique colour. Fast delivery.\",\"breadcrumb\":{\"@id\":\"https:\\\/\\\/klap.ee\\\/product\\\/steelcase-leap-v2-bordeaux-display-model\\\/#breadcrumb\"},\"inLanguage\":\"lt-LT\",\"potentialAction\":[{\"@type\":\"ReadAction\",\"target\":[\"https:\\\/\\\/klap.ee\\\/product\\\/steelcase-leap-v2-bordeaux-display-model\\\/\"]}]},{\"@type\":\"ImageObject\",\"inLanguage\":\"lt-LT\",\"@id\":\"https:\\\/\\\/klap.ee\\\/product\\\/steelcase-leap-v2-bordeaux-display-model\\\/#primaryimage\",\"url\":\"https:\\\/\\\/klap.ee\\\/wp-content\\\/uploads\\\/2025\\\/05\\\/Untitled-1600-x-1600-px-1-9.png\",\"contentUrl\":\"https:\\\/\\\/klap.ee\\\/wp-content\\\/uploads\\\/2025\\\/05\\\/Untitled-1600-x-1600-px-1-9.png\",\"width\":1600,\"height\":1600},{\"@type\":\"BreadcrumbList\",\"@id\":\"https:\\\/\\\/klap.ee\\\/product\\\/steelcase-leap-v2-bordeaux-display-model\\\/#breadcrumb\",\"itemListElement\":[{\"@type\":\"ListItem\",\"position\":1,\"name\":\"Home\",\"item\":\"https:\\\/\\\/klap.ee\\\/\"},{\"@type\":\"ListItem\",\"position\":2,\"name\":\"Products\",\"item\":\"https:\\\/\\\/klap.ee\\\/ergonomic-office-chairs\\\/\"},{\"@type\":\"ListItem\",\"position\":3,\"name\":\"Steelcase Leap V2 Bordeaux (Display Model)\"}]},{\"@type\":\"WebSite\",\"@id\":\"https:\\\/\\\/klap.ee\\\/#website\",\"url\":\"https:\\\/\\\/klap.ee\\\/\",\"name\":\"KLAP\",\"description\":\"J\u00e4tkusuutliku disainm\u00f6\u00f6bli pood\",\"publisher\":{\"@id\":\"https:\\\/\\\/klap.ee\\\/#organization\"},\"potentialAction\":[{\"@type\":\"SearchAction\",\"target\":{\"@type\":\"EntryPoint\",\"urlTemplate\":\"https:\\\/\\\/klap.ee\\\/?s={search_term_string}\"},\"query-input\":{\"@type\":\"PropertyValueSpecification\",\"valueRequired\":true,\"valueName\":\"search_term_string\"}}],\"inLanguage\":\"lt-LT\"},{\"@type\":\"Organization\",\"@id\":\"https:\\\/\\\/klap.ee\\\/#organization\",\"name\":\"KLAP\",\"url\":\"https:\\\/\\\/klap.ee\\\/\",\"logo\":{\"@type\":\"ImageObject\",\"inLanguage\":\"lt-LT\",\"@id\":\"https:\\\/\\\/klap.ee\\\/#\\\/schema\\\/logo\\\/image\\\/\",\"url\":\"https:\\\/\\\/klap.ee\\\/wp-content\\\/uploads\\\/2025\\\/03\\\/klap_logo_transparent_410x158.png\",\"contentUrl\":\"https:\\\/\\\/klap.ee\\\/wp-content\\\/uploads\\\/2025\\\/03\\\/klap_logo_transparent_410x158.png\",\"width\":410,\"height\":158,\"caption\":\"KLAP\"},\"image\":{\"@id\":\"https:\\\/\\\/klap.ee\\\/#\\\/schema\\\/logo\\\/image\\\/\"}}]}<\/script>\n<!-- \/ Yoast SEO plugin. -->","yoast_head_json":{"title":"Steelcase Leap V2 Bordeaux Display Model | \u20ac898 | KLAP","description":"Buy the Steelcase Leap V2 in Bordeaux as a display model for \u20ac898. Condition A, LiveBack technology, 4D armrests, full option, 5-year warranty. Unique colour. Fast delivery.","robots":{"index":"index","follow":"follow","max-snippet":"max-snippet:-1","max-image-preview":"max-image-preview:large","max-video-preview":"max-video-preview:-1"},"canonical":"https:\/\/klap.ee\/lt\/produktas\/steelcase-leap-v2-bordeaux-display-model\/","og_locale":"lt_LT","og_type":"article","og_title":"Steelcase Leap V2 Bordeaux Display Model | \u20ac898 | KLAP","og_description":"Buy the Steelcase Leap V2 in Bordeaux as a display model for \u20ac898. Condition A, LiveBack technology, 4D armrests, full option, 5-year warranty. Unique colour. Fast delivery.","og_url":"https:\/\/klap.ee\/lt\/produktas\/steelcase-leap-v2-bordeaux-display-model\/","og_site_name":"KLAP","article_modified_time":"2026-05-02T12:45:31+00:00","og_image":[{"width":1600,"height":1600,"url":"http:\/\/klap.ee\/wp-content\/uploads\/2025\/05\/Untitled-1600-x-1600-px-1-9.png","type":"image\/png"}],"twitter_card":"summary_large_image","twitter_misc":{"Est. reading time":"3 minut\u0117s"},"schema":{"@context":"https:\/\/schema.org","@graph":[{"@type":"WebPage","@id":"https:\/\/klap.ee\/product\/steelcase-leap-v2-bordeaux-display-model\/","url":"https:\/\/klap.ee\/product\/steelcase-leap-v2-bordeaux-display-model\/","name":"Steelcase Leap V2 Bordeaux Display Model | \u20ac898 | KLAP","isPartOf":{"@id":"https:\/\/klap.ee\/#website"},"primaryImageOfPage":{"@id":"https:\/\/klap.ee\/product\/steelcase-leap-v2-bordeaux-display-model\/#primaryimage"},"image":{"@id":"https:\/\/klap.ee\/product\/steelcase-leap-v2-bordeaux-display-model\/#primaryimage"},"thumbnailUrl":"https:\/\/klap.ee\/wp-content\/uploads\/2025\/05\/Untitled-1600-x-1600-px-1-9.png","datePublished":"2025-05-19T10:35:42+00:00","dateModified":"2026-05-02T12:45:31+00:00","description":"Buy the Steelcase Leap V2 in Bordeaux as a display model for \u20ac898. Condition A, LiveBack technology, 4D armrests, full option, 5-year warranty. Unique colour. Fast delivery.","breadcrumb":{"@id":"https:\/\/klap.ee\/product\/steelcase-leap-v2-bordeaux-display-model\/#breadcrumb"},"inLanguage":"lt-LT","potentialAction":[{"@type":"ReadAction","target":["https:\/\/klap.ee\/product\/steelcase-leap-v2-bordeaux-display-model\/"]}]},{"@type":"ImageObject","inLanguage":"lt-LT","@id":"https:\/\/klap.ee\/product\/steelcase-leap-v2-bordeaux-display-model\/#primaryimage","url":"https:\/\/klap.ee\/wp-content\/uploads\/2025\/05\/Untitled-1600-x-1600-px-1-9.png","contentUrl":"https:\/\/klap.ee\/wp-content\/uploads\/2025\/05\/Untitled-1600-x-1600-px-1-9.png","width":1600,"height":1600},{"@type":"BreadcrumbList","@id":"https:\/\/klap.ee\/product\/steelcase-leap-v2-bordeaux-display-model\/#breadcrumb","itemListElement":[{"@type":"ListItem","position":1,"name":"Home","item":"https:\/\/klap.ee\/"},{"@type":"ListItem","position":2,"name":"Products","item":"https:\/\/klap.ee\/ergonomic-office-chairs\/"},{"@type":"ListItem","position":3,"name":"Steelcase Leap V2 Bordeaux (Display Model)"}]},{"@type":"WebSite","@id":"https:\/\/klap.ee\/#website","url":"https:\/\/klap.ee\/","name":"KLAP","description":"J\u00e4tkusuutliku disainm\u00f6\u00f6\u00f6bli pood","publisher":{"@id":"https:\/\/klap.ee\/#organization"},"potentialAction":[{"@type":"SearchAction","target":{"@type":"EntryPoint","urlTemplate":"https:\/\/klap.ee\/?s={search_term_string}"},"query-input":{"@type":"PropertyValueSpecification","valueRequired":true,"valueName":"search_term_string"}}],"inLanguage":"lt-LT"},{"@type":"Organization","@id":"https:\/\/klap.ee\/#organization","name":"KLAP","url":"https:\/\/klap.ee\/","logo":{"@type":"ImageObject","inLanguage":"lt-LT","@id":"https:\/\/klap.ee\/#\/schema\/logo\/image\/","url":"https:\/\/klap.ee\/wp-content\/uploads\/2025\/03\/klap_logo_transparent_410x158.png","contentUrl":"https:\/\/klap.ee\/wp-content\/uploads\/2025\/03\/klap_logo_transparent_410x158.png","width":410,"height":158,"caption":"KLAP"},"image":{"@id":"https:\/\/klap.ee\/#\/schema\/logo\/image\/"}}]}},"_links":{"self":[{"href":"https:\/\/klap.ee\/lt\/wp-json\/wp\/v2\/product\/1922","targetHints":{"allow":["GET"]}}],"collection":[{"href":"https:\/\/klap.ee\/lt\/wp-json\/wp\/v2\/product"}],"about":[{"href":"https:\/\/klap.ee\/lt\/wp-json\/wp\/v2\/types\/product"}],"wp:featuredmedia":[{"embeddable":true,"href":"https:\/\/klap.ee\/lt\/wp-json\/wp\/v2\/media\/4114"}],"wp:attachment":[{"href":"https:\/\/klap.ee\/lt\/wp-json\/wp\/v2\/media?parent=1922"}],"wp:term":[{"taxonomy":"product_brand","embeddable":true,"href":"https:\/\/klap.ee\/lt\/wp-json\/wp\/v2\/product_brand?post=1922"},{"taxonomy":"product_cat","embeddable":true,"href":"https:\/\/klap.ee\/lt\/wp-json\/wp\/v2\/product_cat?post=1922"},{"taxonomy":"product_tag","embeddable":true,"href":"https:\/\/klap.ee\/lt\/wp-json\/wp\/v2\/product_tag?post=1922"}],"curies":[{"name":"wp","href":"https:\/\/api.w.org\/{rel}","templated":true}]}}