{"id":1928,"date":"2025-05-19T11:04:37","date_gmt":"2025-05-19T11:04:37","guid":{"rendered":"https:\/\/klap.ee\/?post_type=product&#038;p=1928"},"modified":"2026-04-15T08:53:57","modified_gmt":"2026-04-15T08:53:57","slug":"steelcase-leap-v2-anthracite-refurbished","status":"publish","type":"product","link":"https:\/\/klap.ee\/lt\/produktas\/steelcase-leap-v2-anthracite-refurbished\/","title":{"rendered":"\"Steelcase Leap V2 Anthracite\" (restauruotas)"},"content":{"rendered":"<h2 data-start=\"0\" data-end=\"25\"><strong data-start=\"0\" data-end=\"23\">Produkto apra\u0161ymas<\/strong><\/h2>\n<p class=\"\" data-start=\"27\" data-end=\"347\">Svetain\u0117 <strong data-start=\"31\" data-end=\"52\">\"Steelcase Leap V2<\/strong> tai ergonomi\u0161ka biuro k\u0117d\u0117, sukurta taip, kad tiksliai ir individualiai prisitaikyt\u0173 b\u016btent ten, kur jums labiausiai reikia. \u0160i k\u0117d\u0117 yra labai intuityvi, ji skland\u017eiai juda kartu su jumis - jos s\u0117dyn\u0117 lengvai slysta, kai atsilenkia, u\u017etikrindama nuolatin\u012f komfort\u0105 ir leisdama susikaupti darbui.<\/p>\n<p class=\"\" data-start=\"349\" data-end=\"620\">\u017denkite \u012f <strong data-start=\"370\" data-end=\"418\">ergonomi\u0161kas patogumas ir nepriekai\u0161tingas funkcionalumas<\/strong> su \"Steelcase Leap V2\" biuro k\u0117de. Precizi\u0161kai ir meistri\u0161kai pagaminta k\u0117d\u0117 puikiai suderina stili\u0173 ir atram\u0105, tod\u0117l puikiai tinka \u0161iuolaikinei darbo aplinkai.<\/p>\n<p class=\"\" data-start=\"622\" data-end=\"1003\">Su savo <strong data-start=\"631\" data-end=\"663\">dinamin\u0117 \"LiveBack\u00ae\" technologija<\/strong>, \"Leap V2\" nat\u016braliai prisitaiko prie j\u016bs\u0173 k\u016bno judesi\u0173 ir laikysenos, tod\u0117l vis\u0105 dien\u0105 u\u017etikrina nuolatin\u0119 atram\u0105 ir optimal\u0173 s\u0117d\u0117jimo komfort\u0105. <strong data-start=\"810\" data-end=\"897\">4D reguliuojami porankiai, pritaikoma juosmens atrama ir reguliuojamas auk\u0161tis dujiniu keltuvu<\/strong> gal\u0117site tiksliai pritaikyti k\u0117d\u0119 pagal savo poreikius, kad s\u0117d\u0117jimo patirtis b\u016bt\u0173 visi\u0161kai individuali.<\/p>\n<p class=\"\" data-start=\"1005\" data-end=\"1239\">Ta\u010diau \"Leap V2\" ne tik patogus - jis pagamintas taip, kad tarnaut\u0173 ilgai. Pagamintas i\u0161 <strong data-start=\"1083\" data-end=\"1104\">patvarios med\u017eiagos<\/strong> \u0161i k\u0117d\u0117 yra ilgaam\u017e\u0117 ir sukurta taip, kad u\u017etikrint\u0173 ilgalaik\u012f patikimum\u0105 tiek nam\u0173 biure, tiek profesionalioje darbo vietoje.<\/p>\n<p class=\"\" data-start=\"1241\" data-end=\"1426\">Atraskite <strong data-start=\"1254\" data-end=\"1310\">auk\u0161\u010diausio lygio komforto, stiliaus ir funkcionalumo derinys<\/strong> su \"Steelcase Leap V2\" biuro k\u0117de ir paverskite kiekvien\u0105 darbo dien\u0105 \u012fkvepian\u010dia ir produktyvia patirtimi.<\/p>\n<p><strong>Advantages of Steelcase Leap V2:<\/strong><\/p>\n<ul>\n<li>Adjustable armrests that easily adapt to your body and work posture.<\/li>\n<li>LiveBack technology that provides dynamic support with every movement.<\/li>\n<li>Durable materials that last long and are environmentally friendly.<\/li>\n<li>Sliding seat for optimal and personalized seating posture.<\/li>\n<li>Stylish design that gives any workplace a professional appearance.<\/li>\n<\/ul>\n<h2 data-start=\"1428\" data-end=\"1457\">Bendra informacija<\/h2>\n<p class=\"\" data-start=\"1459\" data-end=\"1665\">\u0160ios biuro k\u0117d\u0117s buvo atnaujintos. Mums \u2018atnaujintos\u2019 rei\u0161kia, kad k\u0117d\u0117s buvo kruop\u0161\u010diai patikrintos, galb\u016bt pervilktos, apr\u016bpintos naujomis oficialiomis dalimis, i\u0161valytos ir, jei reikia, perda\u017eytos. Stengiam\u0117s, kad k\u0117d\u017ei\u0173 b\u016bkl\u0117 v\u0117l b\u016bt\u0173 kaip nauj\u0173.<\/p>\n<ul>\n<li data-start=\"1459\" data-end=\"1665\">Atnaujintas - B\u016bkl\u0117: A<\/li>\n<li data-start=\"1459\" data-end=\"1665\">Dydis: Universalus<\/li>\n<li data-start=\"1669\" data-end=\"1690\">Upholstery Color: Anthracite<\/li>\n<li data-start=\"1669\" data-end=\"1690\">R\u0117mo spalva: juoda<\/li>\n<li data-start=\"1669\" data-end=\"1690\">Garantija: 5 metai<\/li>\n<li>Adjustable seat height and depth<\/li>\n<li>Reguliuojama juosmens atrama<\/li>\n<li>LiveBack\u2122 technology<\/li>\n<li>Synchronous mechanism and weight control<\/li>\n<li>Tilt Lock<\/li>\n<li>Auk\u0161tos kokyb\u0117s s\u0117dyn\u0117s pagalv\u0117l\u0117 ir kv\u0117puojantys apmu\u0161alai<\/li>\n<li>Adjustable forward tilt<\/li>\n<li data-start=\"1669\" data-end=\"1690\">S\u0117dyn\u0117s auk\u0161\u010dio reguliavimas<\/li>\n<li data-start=\"1669\" data-end=\"1690\">4D reguliuojami porankiai<\/li>\n<li><b>Pilna parinktis<\/b><\/li>\n<\/ul>\n<h2>Produkto specifikacijos<\/h2>\n<p>&nbsp;<\/p>\n<table style=\"width: 649px; height: 558px;\" width=\"100%\">\n<tbody>\n<tr style=\"height: 19.6px;\">\n<td style=\"width: 49.7619%; height: 19.6px;\">\n<p style=\"text-align: left;\"><span style=\"color: #808080;\">Dizaineris<br \/>\n<\/span>Marcelis Breueris<\/p>\n<p style=\"text-align: left;\"><span style=\"color: #808080;\">Projektavimo metai<br \/>\n<\/span>2006<\/p>\n<p style=\"text-align: left;\"><span style=\"color: #808080;\">Pagaminta<\/span><br \/>\nJAV<\/p>\n<p style=\"text-align: left;\"><span style=\"color: #808080;\">Sertifikatai<br \/>\n<\/span>level\u00ae<br \/>\nGREENGUARD<br \/>\nNuo lop\u0161io iki lop\u0161io<\/p>\n<\/td>\n<td style=\"width: 49.7619%; height: 19.6px;\">&nbsp;<\/p>\n<p>&nbsp;<\/p>\n<p>&nbsp;<\/p>\n<p><span style=\"color: #808080;\">Bendrieji matmenys<br \/>\n<\/span>Dydis - 1000 (auk\u0161tis) x 860 (plotis) x 620 mm (gylis)<\/p>\n<p><span style=\"color: #808080;\">Maksimalus paj\u0117gumas<br \/>\n<\/span>Dydis - 150 kg<\/p>\n<p><span style=\"color: #808080;\">Produkto svoris<br \/>\n<\/span>Dydis - 20 kg<\/p>\n<p>&nbsp;<\/td>\n<\/tr>\n<\/tbody>\n<\/table>\n<p>&nbsp;<\/p>","protected":false},"excerpt":{"rendered":"<p>\u2713 Atnaujinta - A b\u016bkl\u0117<br \/>\n\u2713 Anthracite upholstery \/ Black frame<br \/>\n\u2713 \"LiveBack\" technologija ir 4D porankiai<br \/>\n\u2713 5 met\u0173 garantija<br \/>\n\u2713 Greitas pristatymas<\/p>","protected":false},"featured_media":4135,"template":"","meta":{"_themeisle_gutenberg_block_has_review":false,"iawp_total_views":19},"product_brand":[54],"product_cat":[115,33,25,112,37],"product_tag":[57,58,81,30,88],"class_list":{"0":"post-1928","1":"product","2":"type-product","3":"status-publish","4":"has-post-thumbnail","6":"product_brand-steelcase","7":"product_cat-brands","8":"product_cat-ergonomic-office-chairs","9":"product_cat-office-furniture-1","10":"product_cat-office-furniture","11":"product_cat-steelcase","12":"product_tag-display-model","13":"product_tag-eco-friendly-choice","14":"product_tag-leap-v2","15":"product_tag-refurbished","16":"product_tag-steelcase","17":"product_shipping_class-toolid","19":"first","20":"instock","21":"taxable","22":"shipping-taxable","23":"purchasable","24":"product-type-simple"},"yoast_head":"<!-- This site is optimized with the Yoast SEO plugin v27.5 - https:\/\/yoast.com\/product\/yoast-seo-wordpress\/ -->\n<title>Steelcase Leap V2 Refurbished (Anthracite) | \u20ac875 | KLAP<\/title>\n<meta name=\"description\" content=\"Buy a refurbished Steelcase Leap V2 ergonomic chair in Anthracite for \u20ac875. Professionally restored, LiveBack technology, 4D armrests, adjustable lumbar. Fast delivery across Europe.\" \/>\n<meta name=\"robots\" content=\"index, follow, max-snippet:-1, max-image-preview:large, max-video-preview:-1\" \/>\n<link rel=\"canonical\" href=\"https:\/\/klap.ee\/lt\/product\/steelcase-leap-v2-anthracite-refurbished\/\" \/>\n<meta property=\"og:locale\" content=\"lt_LT\" \/>\n<meta property=\"og:type\" content=\"article\" \/>\n<meta property=\"og:title\" content=\"Steelcase Leap V2 Refurbished (Anthracite) | \u20ac875 | KLAP\" \/>\n<meta property=\"og:description\" content=\"Buy a refurbished Steelcase Leap V2 ergonomic chair in Anthracite for \u20ac875. Professionally restored, LiveBack technology, 4D armrests, adjustable lumbar. Fast delivery across Europe.\" \/>\n<meta property=\"og:url\" content=\"https:\/\/klap.ee\/lt\/product\/steelcase-leap-v2-anthracite-refurbished\/\" \/>\n<meta property=\"og:site_name\" content=\"KLAP\" \/>\n<meta property=\"article:modified_time\" content=\"2026-04-15T08:53:57+00:00\" \/>\n<meta property=\"og:image\" content=\"https:\/\/mlwqeu8tue9b.i.optimole.com\/cb:q2jb.1a9\/w:1024\/h:1024\/q:mauto\/ig:avif\/http:\/\/klap.ee\/wp-content\/uploads\/2025\/05\/Untitled-design-3.png\" \/>\n\t<meta property=\"og:image:width\" content=\"1024\" \/>\n\t<meta property=\"og:image:height\" content=\"1024\" \/>\n\t<meta property=\"og:image:type\" content=\"image\/png\" \/>\n<meta name=\"twitter:card\" content=\"summary_large_image\" \/>\n<meta name=\"twitter:label1\" content=\"Est. reading time\" \/>\n\t<meta name=\"twitter:data1\" content=\"2 minut\u0117s\" \/>\n<script type=\"application\/ld+json\" class=\"yoast-schema-graph\">{\"@context\":\"https:\\\/\\\/schema.org\",\"@graph\":[{\"@type\":\"WebPage\",\"@id\":\"https:\\\/\\\/klap.ee\\\/product\\\/steelcase-leap-v2-anthracite-refurbished\\\/\",\"url\":\"https:\\\/\\\/klap.ee\\\/product\\\/steelcase-leap-v2-anthracite-refurbished\\\/\",\"name\":\"Steelcase Leap V2 Refurbished (Anthracite) | \u20ac875 | KLAP\",\"isPartOf\":{\"@id\":\"https:\\\/\\\/klap.ee\\\/#website\"},\"primaryImageOfPage\":{\"@id\":\"https:\\\/\\\/klap.ee\\\/product\\\/steelcase-leap-v2-anthracite-refurbished\\\/#primaryimage\"},\"image\":{\"@id\":\"https:\\\/\\\/klap.ee\\\/product\\\/steelcase-leap-v2-anthracite-refurbished\\\/#primaryimage\"},\"thumbnailUrl\":\"https:\\/\\/klap.ee\\/wp-content\\/uploads\\/2025\\/05\\/Untitled-design-3.png\",\"datePublished\":\"2025-05-19T11:04:37+00:00\",\"dateModified\":\"2026-04-15T08:53:57+00:00\",\"description\":\"Buy a refurbished Steelcase Leap V2 ergonomic chair in Anthracite for \u20ac875. Professionally restored, LiveBack technology, 4D armrests, adjustable lumbar. Fast delivery across Europe.\",\"breadcrumb\":{\"@id\":\"https:\\\/\\\/klap.ee\\\/product\\\/steelcase-leap-v2-anthracite-refurbished\\\/#breadcrumb\"},\"inLanguage\":\"lt-LT\",\"potentialAction\":[{\"@type\":\"ReadAction\",\"target\":[\"https:\\\/\\\/klap.ee\\\/product\\\/steelcase-leap-v2-anthracite-refurbished\\\/\"]}]},{\"@type\":\"ImageObject\",\"inLanguage\":\"lt-LT\",\"@id\":\"https:\\\/\\\/klap.ee\\\/product\\\/steelcase-leap-v2-anthracite-refurbished\\\/#primaryimage\",\"url\":\"https:\\/\\/klap.ee\\/wp-content\\/uploads\\/2025\\/05\\/Untitled-design-3.png\",\"contentUrl\":\"https:\\/\\/klap.ee\\/wp-content\\/uploads\\/2025\\/05\\/Untitled-design-3.png\",\"width\":1600,\"height\":1600},{\"@type\":\"BreadcrumbList\",\"@id\":\"https:\\\/\\\/klap.ee\\\/product\\\/steelcase-leap-v2-anthracite-refurbished\\\/#breadcrumb\",\"itemListElement\":[{\"@type\":\"ListItem\",\"position\":1,\"name\":\"Home\",\"item\":\"https:\\\/\\\/klap.ee\\\/\"},{\"@type\":\"ListItem\",\"position\":2,\"name\":\"Products\",\"item\":\"https:\\\/\\\/klap.ee\\\/ergonomic-office-chairs\\\/\"},{\"@type\":\"ListItem\",\"position\":3,\"name\":\"Steelcase Leap V2 Anthracite (Refurbished)\"}]},{\"@type\":\"WebSite\",\"@id\":\"https:\\\/\\\/klap.ee\\\/#website\",\"url\":\"https:\\\/\\\/klap.ee\\\/\",\"name\":\"KLAP\",\"description\":\"J&auml;tkusuutliku disainm&ouml;&ouml;bli pood\",\"publisher\":{\"@id\":\"https:\\\/\\\/klap.ee\\\/#organization\"},\"potentialAction\":[{\"@type\":\"SearchAction\",\"target\":{\"@type\":\"EntryPoint\",\"urlTemplate\":\"https:\\\/\\\/klap.ee\\\/?s={search_term_string}\"},\"query-input\":{\"@type\":\"PropertyValueSpecification\",\"valueRequired\":true,\"valueName\":\"search_term_string\"}}],\"inLanguage\":\"lt-LT\"},{\"@type\":\"Organization\",\"@id\":\"https:\\\/\\\/klap.ee\\\/#organization\",\"name\":\"KLAP\",\"url\":\"https:\\\/\\\/klap.ee\\\/\",\"logo\":{\"@type\":\"ImageObject\",\"inLanguage\":\"lt-LT\",\"@id\":\"https:\\\/\\\/klap.ee\\\/#\\\/schema\\\/logo\\\/image\\\/\",\"url\":\"https:\\/\\/klap.ee\\/wp-content\\/uploads\\/2025\\/03\\/klap_logo_transparent_410x158.png\",\"contentUrl\":\"https:\\/\\/klap.ee\\/wp-content\\/uploads\\/2025\\/03\\/klap_logo_transparent_410x158.png\",\"width\":410,\"height\":158,\"caption\":\"KLAP\"},\"image\":{\"@id\":\"https:\\\/\\\/klap.ee\\\/#\\\/schema\\\/logo\\\/image\\\/\"}}]}<\/script>\n<!-- \/ Yoast SEO plugin. -->","yoast_head_json":{"title":"Steelcase Leap V2 Refurbished (Anthracite) | \u20ac875 | KLAP","description":"Buy a refurbished Steelcase Leap V2 ergonomic chair in Anthracite for \u20ac875. Professionally restored, LiveBack technology, 4D armrests, adjustable lumbar. Fast delivery across Europe.","robots":{"index":"index","follow":"follow","max-snippet":"max-snippet:-1","max-image-preview":"max-image-preview:large","max-video-preview":"max-video-preview:-1"},"canonical":"https:\/\/klap.ee\/lt\/product\/steelcase-leap-v2-anthracite-refurbished\/","og_locale":"lt_LT","og_type":"article","og_title":"Steelcase Leap V2 Refurbished (Anthracite) | \u20ac875 | KLAP","og_description":"Buy a refurbished Steelcase Leap V2 ergonomic chair in Anthracite for \u20ac875. Professionally restored, LiveBack technology, 4D armrests, adjustable lumbar. Fast delivery across Europe.","og_url":"https:\/\/klap.ee\/lt\/product\/steelcase-leap-v2-anthracite-refurbished\/","og_site_name":"KLAP","article_modified_time":"2026-04-15T08:53:57+00:00","og_image":[{"width":1024,"height":1024,"url":"https:\/\/mlwqeu8tue9b.i.optimole.com\/cb:q2jb.1a9\/w:1024\/h:1024\/q:mauto\/ig:avif\/http:\/\/klap.ee\/wp-content\/uploads\/2025\/05\/Untitled-design-3.png","type":"image\/png"}],"twitter_card":"summary_large_image","twitter_misc":{"Est. reading time":"2 minut\u0117s"},"schema":{"@context":"https:\/\/schema.org","@graph":[{"@type":"WebPage","@id":"https:\/\/klap.ee\/product\/steelcase-leap-v2-anthracite-refurbished\/","url":"https:\/\/klap.ee\/product\/steelcase-leap-v2-anthracite-refurbished\/","name":"Steelcase Leap V2 Refurbished (Anthracite) | \u20ac875 | KLAP","isPartOf":{"@id":"https:\/\/klap.ee\/#website"},"primaryImageOfPage":{"@id":"https:\/\/klap.ee\/product\/steelcase-leap-v2-anthracite-refurbished\/#primaryimage"},"image":{"@id":"https:\/\/klap.ee\/product\/steelcase-leap-v2-anthracite-refurbished\/#primaryimage"},"thumbnailUrl":"https:\/\/mlwqeu8tue9b.i.optimole.com\/cb:q2jb.1a9\/w:auto\/h:auto\/q:mauto\/ig:avif\/https:\/\/klap.ee\/wp-content\/uploads\/2025\/05\/Untitled-design-3.png","datePublished":"2025-05-19T11:04:37+00:00","dateModified":"2026-04-15T08:53:57+00:00","description":"Buy a refurbished Steelcase Leap V2 ergonomic chair in Anthracite for \u20ac875. Professionally restored, LiveBack technology, 4D armrests, adjustable lumbar. Fast delivery across Europe.","breadcrumb":{"@id":"https:\/\/klap.ee\/product\/steelcase-leap-v2-anthracite-refurbished\/#breadcrumb"},"inLanguage":"lt-LT","potentialAction":[{"@type":"ReadAction","target":["https:\/\/klap.ee\/product\/steelcase-leap-v2-anthracite-refurbished\/"]}]},{"@type":"ImageObject","inLanguage":"lt-LT","@id":"https:\/\/klap.ee\/product\/steelcase-leap-v2-anthracite-refurbished\/#primaryimage","url":"https:\/\/mlwqeu8tue9b.i.optimole.com\/cb:q2jb.1a9\/w:auto\/h:auto\/q:mauto\/ig:avif\/https:\/\/klap.ee\/wp-content\/uploads\/2025\/05\/Untitled-design-3.png","contentUrl":"https:\/\/mlwqeu8tue9b.i.optimole.com\/cb:q2jb.1a9\/w:auto\/h:auto\/q:mauto\/ig:avif\/https:\/\/klap.ee\/wp-content\/uploads\/2025\/05\/Untitled-design-3.png","width":1600,"height":1600},{"@type":"BreadcrumbList","@id":"https:\/\/klap.ee\/product\/steelcase-leap-v2-anthracite-refurbished\/#breadcrumb","itemListElement":[{"@type":"ListItem","position":1,"name":"Home","item":"https:\/\/klap.ee\/"},{"@type":"ListItem","position":2,"name":"Products","item":"https:\/\/klap.ee\/ergonomic-office-chairs\/"},{"@type":"ListItem","position":3,"name":"Steelcase Leap V2 Anthracite (Refurbished)"}]},{"@type":"WebSite","@id":"https:\/\/klap.ee\/#website","url":"https:\/\/klap.ee\/","name":"KLAP","description":"J\u00e4tkusuutliku disainm\u00f6\u00f6\u00f6bli pood","publisher":{"@id":"https:\/\/klap.ee\/#organization"},"potentialAction":[{"@type":"SearchAction","target":{"@type":"EntryPoint","urlTemplate":"https:\/\/klap.ee\/?s={search_term_string}"},"query-input":{"@type":"PropertyValueSpecification","valueRequired":true,"valueName":"search_term_string"}}],"inLanguage":"lt-LT"},{"@type":"Organization","@id":"https:\/\/klap.ee\/#organization","name":"KLAP","url":"https:\/\/klap.ee\/","logo":{"@type":"ImageObject","inLanguage":"lt-LT","@id":"https:\/\/klap.ee\/#\/schema\/logo\/image\/","url":"https:\/\/mlwqeu8tue9b.i.optimole.com\/cb:q2jb.1a9\/w:auto\/h:auto\/q:mauto\/ig:avif\/https:\/\/klap.ee\/wp-content\/uploads\/2025\/03\/klap_logo_transparent_410x158.png","contentUrl":"https:\/\/mlwqeu8tue9b.i.optimole.com\/cb:q2jb.1a9\/w:auto\/h:auto\/q:mauto\/ig:avif\/https:\/\/klap.ee\/wp-content\/uploads\/2025\/03\/klap_logo_transparent_410x158.png","width":410,"height":158,"caption":"KLAP"},"image":{"@id":"https:\/\/klap.ee\/#\/schema\/logo\/image\/"}}]}},"_links":{"self":[{"href":"https:\/\/klap.ee\/lt\/wp-json\/wp\/v2\/product\/1928","targetHints":{"allow":["GET"]}}],"collection":[{"href":"https:\/\/klap.ee\/lt\/wp-json\/wp\/v2\/product"}],"about":[{"href":"https:\/\/klap.ee\/lt\/wp-json\/wp\/v2\/types\/product"}],"wp:featuredmedia":[{"embeddable":true,"href":"https:\/\/klap.ee\/lt\/wp-json\/wp\/v2\/media\/4135"}],"wp:attachment":[{"href":"https:\/\/klap.ee\/lt\/wp-json\/wp\/v2\/media?parent=1928"}],"wp:term":[{"taxonomy":"product_brand","embeddable":true,"href":"https:\/\/klap.ee\/lt\/wp-json\/wp\/v2\/product_brand?post=1928"},{"taxonomy":"product_cat","embeddable":true,"href":"https:\/\/klap.ee\/lt\/wp-json\/wp\/v2\/product_cat?post=1928"},{"taxonomy":"product_tag","embeddable":true,"href":"https:\/\/klap.ee\/lt\/wp-json\/wp\/v2\/product_tag?post=1928"}],"curies":[{"name":"wp","href":"https:\/\/api.w.org\/{rel}","templated":true}]}}