{"id":2391,"date":"2025-07-16T10:37:02","date_gmt":"2025-07-16T10:37:02","guid":{"rendered":"https:\/\/klap.ee\/?post_type=product&#038;p=2391"},"modified":"2026-04-15T08:53:19","modified_gmt":"2026-04-15T08:53:19","slug":"herman-miller-embody-gaming-chair","status":"publish","type":"product","link":"https:\/\/klap.ee\/lt\/produktas\/herman-miller-embody-gaming-chair\/","title":{"rendered":"Herman Miller \"Embody\" \u017eaidim\u0173 k\u0117d\u0117 (atvira d\u0117\u017e\u0117)"},"content":{"rendered":"<h2><strong>Produkto apra\u0161ymas<\/strong><\/h2>\n<p data-start=\"116\" data-end=\"483\"><strong data-start=\"116\" data-end=\"144\">U\u017e nuolatin\u0119 gerov\u0119<\/strong><br data-start=\"144\" data-end=\"147\" \/>K\u0117d\u0117 \"Embody\" sukurta remiantis daugiau nei 30 gydytoj\u0173 ir daktar\u0173, biomechanikos, regos, fizin\u0117s terapijos ir ergonomikos specialist\u0173 \u012f\u017evalgomis, tod\u0117l ji skirta tiems, kurie rimtai \u017ei\u016bri \u012f s\u0117d\u0117jim\u0105. Sukurta siekiant suma\u017einti diskomfort\u0105 ir skatinti ilgalaik\u0119 sveikat\u0105, ji u\u017etikrina neprilygstam\u0105 komforto ir patikimos stuburo atramos derin\u012f.<\/p>\n<p data-start=\"485\" data-end=\"930\">\"Embody\" i\u0161siskiria i\u0161 \u012fprast\u0173 biuro k\u0117d\u017ei\u0173 savo i\u0161skirtiniu komfortu, i\u0161tverminga nugaros atrama ir novatori\u0161ka dizaino filosofija. Unikali \"Tri-Flex\" nugaros sistema dinami\u0161kai prisitaiko prie kiekvieno judesio ir suteikia tiksling\u0105 atram\u0105 trijose skirtingose zonose. Stuburas, \u012fskaitant itin svarbi\u0105 juosmens srit\u012f, i\u0161lieka tinkamai i\u0161lygintas, o koj\u0173 ir klub\u0173 kraujotaka palaikoma net ir ilgai s\u0117dint.<\/p>\n<p data-start=\"932\" data-end=\"1477\"><strong data-start=\"932\" data-end=\"962\">\u012e \u017emog\u0173 orientuota in\u017einerija<\/strong><br data-start=\"962\" data-end=\"965\" \/>Kad b\u016bt\u0173 pasiektas toks ergonomikos lygis, kuriant dizain\u0105 buvo intensyviai bendradarbiaujama su gydytojais, fizioterapeutais ir biomechanikos ekspertais. S\u0117dyn\u0117 sudaryta i\u0161 keturi\u0173 kruop\u0161\u010diai suprojektuot\u0173 sluoksni\u0173, kuriuos palaiko spyruoklin\u0117 strukt\u016bra, u\u017etikrinanti auk\u0161tos kokyb\u0117s \u010diu\u017einio komfort\u0105. Nugar\u0117l\u0117 sukurta ant lankstaus r\u0117mo, kuris veikia pana\u0161iai kaip \u017emogaus skeletas - u\u017etikrina prisitaikan\u010di\u0105 atram\u0105 ir amortizacij\u0105, kuri yra tokia nat\u016brali, kad galite pamir\u0161ti, jog apskritai s\u0117dite.<\/p>\n<h2>Pagrindin\u0117s funkcijos<\/h2>\n<ul>\n<li data-start=\"119\" data-end=\"478\"><strong data-start=\"119\" data-end=\"140\">\"Pixelated\" palaikymas<\/strong><br data-start=\"140\" data-end=\"143\" \/>\"Pixelated Support\" sistema suteikia unikal\u0173 nesvarumo jausm\u0105. Dinami\u0161ka pikseli\u0173 matrica nuolat prisitaiko net prie ma\u017eiausi\u0173 pad\u0117ties poky\u010di\u0173, tolygiai paskirstydama spaudim\u0105 ant s\u0117dyn\u0117s ir atlo\u0161o. Kartu su keturi\u0173 sluoksni\u0173 itin pralaid\u017eia orui s\u0117dyn\u0117s strukt\u016bra ji u\u017etikrina i\u0161skirtin\u012f komfort\u0105 vis\u0105 dien\u0105.<\/li>\n<li data-start=\"480\" data-end=\"877\"><strong data-start=\"480\" data-end=\"520\">\"Backfit\" atlo\u0161as su lanks\u010diu r\u0117mu<\/strong><br data-start=\"520\" data-end=\"523\" \/>\u012ekv\u0117pta \u017emogaus stuburo, keli\u0173 zon\u0173 atlo\u0161o strukt\u016bra nat\u016braliai skatina sveik\u0105 laikysen\u0105 ir viso k\u016bno atram\u0105. \"Backfit\" mechanizmas prisitaiko prie dubens ir skland\u017eiai reaguoja \u012f judesius, skatindamas atsipalaidavim\u0105 ir net suma\u017eindamas \u0161irdies ritm\u0105. Jo plonas, kont\u016brinis profilis suteikia jud\u0117jimo laisv\u0119 ir kartu i\u0161laiko patikim\u0105 atram\u0105.<\/li>\n<li data-start=\"879\" data-end=\"1070\"><strong data-start=\"879\" data-end=\"904\">Patobulintas s\u0117dyn\u0117s pamink\u0161tinimas<\/strong><br data-start=\"904\" data-end=\"907\" \/>Patobulintas \"Scrim Foam\" pamink\u0161tinimas, \u012fdiegtas 2021 m. vasario m\u0117n. atnaujintoje versijoje, padidina komfort\u0105 ir patvarum\u0105, u\u017etikrindamas pastov\u0173 palaikym\u0105 ilg\u0105 naudojimo laik\u0105.<\/li>\n<li data-start=\"1072\" data-end=\"1364\"><strong data-start=\"1072\" data-end=\"1122\">Kv\u0117puojantis pavir\u0161ius ir ergonomi\u0161kas reguliavimas<\/strong><br data-start=\"1122\" data-end=\"1125\" \/>Kv\u0117puojan\u010dios s\u0117dyn\u0117s med\u017eiagos skatina kraujotak\u0105 ir palaiko aktyv\u0173 s\u0117d\u0117jim\u0105. Reguliuojami porankiai ir s\u0117dyn\u0117s gylis padeda suma\u017einti nugaros ir kaklo \u012ftamp\u0105, o plonas, lankstus atlo\u0161as gerina laikysen\u0105 nevar\u017eydamas judesi\u0173.<\/li>\n<li data-start=\"1366\" data-end=\"1633\"><strong data-start=\"1366\" data-end=\"1400\">Tvarus ir patvarus dizainas<\/strong><br data-start=\"1400\" data-end=\"1403\" \/>\"Embody\" k\u0117d\u0117 ne tik padeda u\u017etikrinti ger\u0105 fizin\u0119 savijaut\u0105, bet ir tvari\u0105 darbo viet\u0105. Pagaminta i\u0161 perdirbt\u0173 ir PVC neturin\u010di\u0173 med\u017eiag\u0173, ji suderina ilgalaikes ergonomines savybes ir atsakomyb\u0119 u\u017e aplink\u0105.<\/li>\n<\/ul>\n<h2>Bendra informacija<\/h2>\n<p>We have a great news! Although none of the official dealers is allowed by HermanMiller to sell gaming chairs (since HermanMiller sells them himself, only through its special distribution channels) we have managed to get &#8220;open-box&#8221; models. Open-box means that chairs are brand new &#8211; only unpacked for the presentation and then put back in the box.<\/p>\n<div id=\"tw-container\" class=\"nev7se\" data-cp=\"1\" data-nnttsvi=\"1\" data-ntl-fpwrite=\"true\" data-sletp=\"false\" data-ssbp=\"false\" data-sugg-time=\"500\" data-sugg-url=\"https:\/\/clients1.google.com\/complete\/search\" data-uilc=\"en\" data-vil=\",af,af-ZA,am,am-ET,ar-EG,ar-AE,ar-KW,ar-QA,ar,ar-IL,ar-JO,ar-LB,ar-PS,az,az-AZ,bg,bg-BG,bn,bn-BD,bn-IN,ca,ca-es,cs,cs-CZ,de,de-DE,de-CH,de-AT,de-LI,en,en-US,en-CA,en-AU,en-NZ,en-GB,en-IN,en-KE,en-TZ,en-NG,en-GH,en-PH,en-ZA,es,es-ES,es-AR,es-UY,es-419,es-BO,es-CL,es-CR,es-CO,es-DO,es-EC,es-GT,es-HN,es-NI,es-PA,es-PE,es-PR,es-PY,es-SV,es-VE,es-MX,es-US,eu,eu-ES,fi,fi-FI,fr,fr-FR,fr-CH,fr-BE,gl,gl-ES,gu,gu-IN,he,he-IL,iw,iw-IL,hu,hu-HU,hy,hy-AM,id,id-ID,is,is-IS,it,it-IT,it-CH,ja,ja-JP,jv,jv-ID,ka,ka-GE,km,km-KH,kn,kn-IN,ko,ko-KR,la,lo,lo-LA,lv,lv-LV,ml,ml-IN,mr,mr-IN,ms,ms-MY,nl,nl-NL,nb,nb-NO,ne,ne-NP,pl,pl-PL,pt,pt-BR,pt-PT,ro,ro-RO,ru,ru-RU,si-LK,sk,sk-SK,sr,sr-RS,su,su-ID,sv,sv-SE,sw,sw-TZ,sw-KE,ta,ta-IN,ta-SG,ta-LK,ta-MY,te,te-IN,tr,tr-TR,ur,ur-PK,ur-IN,yue,yue-HK,yue-Hant-HK,zh-HK,zh,zh-CN,zh-cmn,zh-cmn-CN,zh-Hans,zh-Hans-CN,zh-cmn-Hans,zh-cmn-Hans-CN,cmn-CN,cmn-Hans,cmn-Hans-CN,zh-TW,zh-Hant-TW,cmn-TW,cmn-Hant-TW,zh-cmn-TW,zh-cmn-Hant-TW,zu,zu-ZA,hi,hi-IN,tl,tl-PH,pa,pa-IN\">\n<div id=\"tw-ob\" class=\"tw-src-ltr\">\n<div class=\"oSioSc\">\n<div id=\"tw-target\">\n<div id=\"kAz1tf\" class=\"g9WsWb PZPZlf\" data-attrid=\"tw-targetArea\" data-entityname=\"Google Translate\">\n<div id=\"tw-target-rmn-container\" class=\"tw-target-rmn tw-ta-container tw-nfl\" tabindex=\"0\" role=\"text\"><\/div>\n<\/div>\n<\/div>\n<\/div>\n<\/div>\n<\/div>\n<ul>\n<li>Backrest colour: various<\/li>\n<li>Frame colour: black\/white<\/li>\n<li>Material: Sync fabric upholstery<\/li>\n<li>Garantija: 12 met\u0173<\/li>\n<li>Grind\u0173 ratukai: universal\u016bs ratukai (kilimas ir kietos grindys)<\/li>\n<li>Purpose of use: gaming, office, frequent Seater<\/li>\n<li>S\u0117dyn\u0117s ilgis: reguliuojamas<\/li>\n<li>Arm Options: fully adjustable arms<\/li>\n<li>Pakreipimo ribotuvas: standartinis<\/li>\n<li>Galima perdirbti iki 96%<\/li>\n<li>Did\u017eiausia apkrova: 136 kg<\/li>\n<\/ul>\n<h2>Produkto specifikacijos<\/h2>\n<div class=\"elementor-element elementor-element-7a1db292 elementor-widget elementor-widget-heading\" data-id=\"7a1db292\" data-element_type=\"widget\" data-widget_type=\"heading.default\">\n<div class=\"elementor-widget-container\">\n<div class=\"elementor-widget-container\"><\/div>\n<div>\n<table style=\"width: 649px; height: 558px;\" width=\"100%\">\n<tbody>\n<tr style=\"height: 19.6px;\">\n<td style=\"width: 49.7619%; height: 19.6px;\">&nbsp;<\/p>\n<p style=\"text-align: left;\"><span style=\"color: #808080;\">Dizaineris<br \/>\n<\/span>Don Chadwick ir Bill Stumpf<\/p>\n<p style=\"text-align: left;\"><span style=\"color: #808080;\">Projektavimo metai<br \/>\n<\/span>2009<\/p>\n<p style=\"text-align: left;\"><span style=\"color: #808080;\">Pagaminta<\/span><br \/>\nJAV<\/p>\n<p style=\"text-align: left;\"><span style=\"color: #808080;\">Sertifikatai<br \/>\n<\/span>Perdirbimo galimyb\u0117 Iki 95%<br \/>\nBIFMA lygis\u00ae 3<br \/>\nGREENGUARD\u00ae Gold<br \/>\n\"Cradle to Cradle\u00ae<\/p>\n<\/td>\n<td style=\"width: 49.7619%; height: 19.6px;\">&nbsp;<\/p>\n<p><span style=\"color: #808080;\">Bendrieji matmenys<br \/>\n<\/span>Dydis - 1067-1143 (H) x 749 (W) x 381-457 mm (D)<span style=\"color: #808080;\"><br \/>\n<\/span><\/p>\n<p>&nbsp;<\/p>\n<p><span style=\"color: #808080;\">Maksimalus paj\u0117gumas<br \/>\n<\/span>136 kg<\/p>\n<p><span style=\"color: #808080; font-family: inherit; font-size: inherit;\"><br \/>\nProdukto svoris<br \/>\n<\/span>23,2<\/p>\n<p>&nbsp;<\/td>\n<\/tr>\n<\/tbody>\n<\/table>\n<\/div>\n<\/div>\n<\/div>","protected":false},"excerpt":{"rendered":"<p>\u2713 Open-box \u2013 brand new, only unboxed<br \/>\n\u2713 \"Pixelated Support\" ir \"BackFit\" reguliavimas<br \/>\n\u2713 4 colours: Cyan, Black, Galaxy, Amethyst<br \/>\n\u2713 12-year warranty<br \/>\n\u2713 I\u0161siuntimas t\u0105 pa\u010di\u0105 dien\u0105<\/p>","protected":false},"featured_media":4499,"template":"","meta":{"_themeisle_gutenberg_block_has_review":false,"iawp_total_views":46},"product_brand":[31],"product_cat":[115,33,34,112,25],"product_tag":[86,73,85],"class_list":{"0":"post-2391","1":"product","2":"type-product","3":"status-publish","4":"has-post-thumbnail","6":"product_brand-hermanmiller","7":"product_cat-brands","8":"product_cat-ergonomic-office-chairs","9":"product_cat-herman-miller","10":"product_cat-office-furniture","11":"product_cat-office-furniture-1","12":"product_tag-gaming-embody","13":"product_tag-herman-miller","14":"product_tag-unboxed","15":"product_shipping_class-toolid","17":"first","18":"instock","19":"sale","20":"taxable","21":"shipping-taxable","22":"purchasable","23":"product-type-variable","24":"has-default-attributes"},"yoast_head":"<!-- This site is optimized with the Yoast SEO plugin v27.5 - https:\/\/yoast.com\/product\/yoast-seo-wordpress\/ -->\n<title>Herman Miller Embody Gaming Chair (Open-Box) | From \u20ac1,949 | KLAP<\/title>\n<meta name=\"description\" content=\"Buy the Herman Miller Embody Gaming Chair open-box \u2014 brand new, only unboxed. 12-year warranty, 4 colour options, fast delivery across Estonia. From \u20ac1,949.\" \/>\n<meta name=\"robots\" content=\"index, follow, max-snippet:-1, max-image-preview:large, max-video-preview:-1\" \/>\n<link rel=\"canonical\" href=\"https:\/\/klap.ee\/lt\/product\/herman-miller-embody-gaming-chair\/\" \/>\n<meta property=\"og:locale\" content=\"lt_LT\" \/>\n<meta property=\"og:type\" content=\"article\" \/>\n<meta property=\"og:title\" content=\"Herman Miller Embody Gaming Chair (Open-Box) | From \u20ac1,949 | KLAP\" \/>\n<meta property=\"og:description\" content=\"Buy the Herman Miller Embody Gaming Chair open-box \u2014 brand new, only unboxed. 12-year warranty, 4 colour options, fast delivery across Estonia. From \u20ac1,949.\" \/>\n<meta property=\"og:url\" content=\"https:\/\/klap.ee\/lt\/product\/herman-miller-embody-gaming-chair\/\" \/>\n<meta property=\"og:site_name\" content=\"KLAP\" \/>\n<meta property=\"article:modified_time\" content=\"2026-04-15T08:53:19+00:00\" \/>\n<meta property=\"og:image\" content=\"https:\/\/mlwqeu8tue9b.i.optimole.com\/cb:q2jb.1a9\/w:1024\/h:1024\/q:mauto\/ig:avif\/http:\/\/klap.ee\/wp-content\/uploads\/2025\/07\/Untitled-design-1-1.png\" \/>\n\t<meta property=\"og:image:width\" content=\"1024\" \/>\n\t<meta property=\"og:image:height\" content=\"1024\" \/>\n\t<meta property=\"og:image:type\" content=\"image\/png\" \/>\n<meta name=\"twitter:card\" content=\"summary_large_image\" \/>\n<meta name=\"twitter:label1\" content=\"Est. reading time\" \/>\n\t<meta name=\"twitter:data1\" content=\"3 minut\u0117s\" \/>\n<script type=\"application\/ld+json\" class=\"yoast-schema-graph\">{\"@context\":\"https:\\\/\\\/schema.org\",\"@graph\":[{\"@type\":\"WebPage\",\"@id\":\"https:\\\/\\\/klap.ee\\\/product\\\/herman-miller-embody-gaming-chair\\\/\",\"url\":\"https:\\\/\\\/klap.ee\\\/product\\\/herman-miller-embody-gaming-chair\\\/\",\"name\":\"Herman Miller Embody Gaming Chair (Open-Box) | From \u20ac1,949 | KLAP\",\"isPartOf\":{\"@id\":\"https:\\\/\\\/klap.ee\\\/#website\"},\"primaryImageOfPage\":{\"@id\":\"https:\\\/\\\/klap.ee\\\/product\\\/herman-miller-embody-gaming-chair\\\/#primaryimage\"},\"image\":{\"@id\":\"https:\\\/\\\/klap.ee\\\/product\\\/herman-miller-embody-gaming-chair\\\/#primaryimage\"},\"thumbnailUrl\":\"https:\\/\\/klap.ee\\/wp-content\\/uploads\\/2025\\/07\\/Untitled-design-1-1.png\",\"datePublished\":\"2025-07-16T10:37:02+00:00\",\"dateModified\":\"2026-04-15T08:53:19+00:00\",\"description\":\"Buy the Herman Miller Embody Gaming Chair open-box \u2014 brand new, only unboxed. 12-year warranty, 4 colour options, fast delivery across Estonia. From \u20ac1,949.\",\"breadcrumb\":{\"@id\":\"https:\\\/\\\/klap.ee\\\/product\\\/herman-miller-embody-gaming-chair\\\/#breadcrumb\"},\"inLanguage\":\"lt-LT\",\"potentialAction\":[{\"@type\":\"ReadAction\",\"target\":[\"https:\\\/\\\/klap.ee\\\/product\\\/herman-miller-embody-gaming-chair\\\/\"]}]},{\"@type\":\"ImageObject\",\"inLanguage\":\"lt-LT\",\"@id\":\"https:\\\/\\\/klap.ee\\\/product\\\/herman-miller-embody-gaming-chair\\\/#primaryimage\",\"url\":\"https:\\/\\/klap.ee\\/wp-content\\/uploads\\/2025\\/07\\/Untitled-design-1-1.png\",\"contentUrl\":\"https:\\/\\/klap.ee\\/wp-content\\/uploads\\/2025\\/07\\/Untitled-design-1-1.png\",\"width\":1600,\"height\":1600},{\"@type\":\"BreadcrumbList\",\"@id\":\"https:\\\/\\\/klap.ee\\\/product\\\/herman-miller-embody-gaming-chair\\\/#breadcrumb\",\"itemListElement\":[{\"@type\":\"ListItem\",\"position\":1,\"name\":\"Home\",\"item\":\"https:\\\/\\\/klap.ee\\\/\"},{\"@type\":\"ListItem\",\"position\":2,\"name\":\"Products\",\"item\":\"https:\\\/\\\/klap.ee\\\/ergonomic-office-chairs\\\/\"},{\"@type\":\"ListItem\",\"position\":3,\"name\":\"Herman Miller Embody Gaming Chair (open-box)\"}]},{\"@type\":\"WebSite\",\"@id\":\"https:\\\/\\\/klap.ee\\\/#website\",\"url\":\"https:\\\/\\\/klap.ee\\\/\",\"name\":\"KLAP\",\"description\":\"J&auml;tkusuutliku disainm&ouml;&ouml;bli pood\",\"publisher\":{\"@id\":\"https:\\\/\\\/klap.ee\\\/#organization\"},\"potentialAction\":[{\"@type\":\"SearchAction\",\"target\":{\"@type\":\"EntryPoint\",\"urlTemplate\":\"https:\\\/\\\/klap.ee\\\/?s={search_term_string}\"},\"query-input\":{\"@type\":\"PropertyValueSpecification\",\"valueRequired\":true,\"valueName\":\"search_term_string\"}}],\"inLanguage\":\"lt-LT\"},{\"@type\":\"Organization\",\"@id\":\"https:\\\/\\\/klap.ee\\\/#organization\",\"name\":\"KLAP\",\"url\":\"https:\\\/\\\/klap.ee\\\/\",\"logo\":{\"@type\":\"ImageObject\",\"inLanguage\":\"lt-LT\",\"@id\":\"https:\\\/\\\/klap.ee\\\/#\\\/schema\\\/logo\\\/image\\\/\",\"url\":\"https:\\/\\/klap.ee\\/wp-content\\/uploads\\/2025\\/03\\/klap_logo_transparent_410x158.png\",\"contentUrl\":\"https:\\/\\/klap.ee\\/wp-content\\/uploads\\/2025\\/03\\/klap_logo_transparent_410x158.png\",\"width\":410,\"height\":158,\"caption\":\"KLAP\"},\"image\":{\"@id\":\"https:\\\/\\\/klap.ee\\\/#\\\/schema\\\/logo\\\/image\\\/\"}}]}<\/script>\n<!-- \/ Yoast SEO plugin. -->","yoast_head_json":{"title":"Herman Miller Embody Gaming Chair (Open-Box) | From \u20ac1,949 | KLAP","description":"Buy the Herman Miller Embody Gaming Chair open-box \u2014 brand new, only unboxed. 12-year warranty, 4 colour options, fast delivery across Estonia. From \u20ac1,949.","robots":{"index":"index","follow":"follow","max-snippet":"max-snippet:-1","max-image-preview":"max-image-preview:large","max-video-preview":"max-video-preview:-1"},"canonical":"https:\/\/klap.ee\/lt\/product\/herman-miller-embody-gaming-chair\/","og_locale":"lt_LT","og_type":"article","og_title":"Herman Miller Embody Gaming Chair (Open-Box) | From \u20ac1,949 | KLAP","og_description":"Buy the Herman Miller Embody Gaming Chair open-box \u2014 brand new, only unboxed. 12-year warranty, 4 colour options, fast delivery across Estonia. From \u20ac1,949.","og_url":"https:\/\/klap.ee\/lt\/product\/herman-miller-embody-gaming-chair\/","og_site_name":"KLAP","article_modified_time":"2026-04-15T08:53:19+00:00","og_image":[{"width":1024,"height":1024,"url":"https:\/\/mlwqeu8tue9b.i.optimole.com\/cb:q2jb.1a9\/w:1024\/h:1024\/q:mauto\/ig:avif\/http:\/\/klap.ee\/wp-content\/uploads\/2025\/07\/Untitled-design-1-1.png","type":"image\/png"}],"twitter_card":"summary_large_image","twitter_misc":{"Est. reading time":"3 minut\u0117s"},"schema":{"@context":"https:\/\/schema.org","@graph":[{"@type":"WebPage","@id":"https:\/\/klap.ee\/product\/herman-miller-embody-gaming-chair\/","url":"https:\/\/klap.ee\/product\/herman-miller-embody-gaming-chair\/","name":"Herman Miller Embody Gaming Chair (Open-Box) | From \u20ac1,949 | KLAP","isPartOf":{"@id":"https:\/\/klap.ee\/#website"},"primaryImageOfPage":{"@id":"https:\/\/klap.ee\/product\/herman-miller-embody-gaming-chair\/#primaryimage"},"image":{"@id":"https:\/\/klap.ee\/product\/herman-miller-embody-gaming-chair\/#primaryimage"},"thumbnailUrl":"https:\/\/mlwqeu8tue9b.i.optimole.com\/cb:q2jb.1a9\/w:auto\/h:auto\/q:mauto\/ig:avif\/https:\/\/klap.ee\/wp-content\/uploads\/2025\/07\/Untitled-design-1-1.png","datePublished":"2025-07-16T10:37:02+00:00","dateModified":"2026-04-15T08:53:19+00:00","description":"Buy the Herman Miller Embody Gaming Chair open-box \u2014 brand new, only unboxed. 12-year warranty, 4 colour options, fast delivery across Estonia. From \u20ac1,949.","breadcrumb":{"@id":"https:\/\/klap.ee\/product\/herman-miller-embody-gaming-chair\/#breadcrumb"},"inLanguage":"lt-LT","potentialAction":[{"@type":"ReadAction","target":["https:\/\/klap.ee\/product\/herman-miller-embody-gaming-chair\/"]}]},{"@type":"ImageObject","inLanguage":"lt-LT","@id":"https:\/\/klap.ee\/product\/herman-miller-embody-gaming-chair\/#primaryimage","url":"https:\/\/mlwqeu8tue9b.i.optimole.com\/cb:q2jb.1a9\/w:auto\/h:auto\/q:mauto\/ig:avif\/https:\/\/klap.ee\/wp-content\/uploads\/2025\/07\/Untitled-design-1-1.png","contentUrl":"https:\/\/mlwqeu8tue9b.i.optimole.com\/cb:q2jb.1a9\/w:auto\/h:auto\/q:mauto\/ig:avif\/https:\/\/klap.ee\/wp-content\/uploads\/2025\/07\/Untitled-design-1-1.png","width":1600,"height":1600},{"@type":"BreadcrumbList","@id":"https:\/\/klap.ee\/product\/herman-miller-embody-gaming-chair\/#breadcrumb","itemListElement":[{"@type":"ListItem","position":1,"name":"Home","item":"https:\/\/klap.ee\/"},{"@type":"ListItem","position":2,"name":"Products","item":"https:\/\/klap.ee\/ergonomic-office-chairs\/"},{"@type":"ListItem","position":3,"name":"Herman Miller Embody Gaming Chair (open-box)"}]},{"@type":"WebSite","@id":"https:\/\/klap.ee\/#website","url":"https:\/\/klap.ee\/","name":"KLAP","description":"J\u00e4tkusuutliku disainm\u00f6\u00f6\u00f6bli pood","publisher":{"@id":"https:\/\/klap.ee\/#organization"},"potentialAction":[{"@type":"SearchAction","target":{"@type":"EntryPoint","urlTemplate":"https:\/\/klap.ee\/?s={search_term_string}"},"query-input":{"@type":"PropertyValueSpecification","valueRequired":true,"valueName":"search_term_string"}}],"inLanguage":"lt-LT"},{"@type":"Organization","@id":"https:\/\/klap.ee\/#organization","name":"KLAP","url":"https:\/\/klap.ee\/","logo":{"@type":"ImageObject","inLanguage":"lt-LT","@id":"https:\/\/klap.ee\/#\/schema\/logo\/image\/","url":"https:\/\/mlwqeu8tue9b.i.optimole.com\/cb:q2jb.1a9\/w:auto\/h:auto\/q:mauto\/ig:avif\/https:\/\/klap.ee\/wp-content\/uploads\/2025\/03\/klap_logo_transparent_410x158.png","contentUrl":"https:\/\/mlwqeu8tue9b.i.optimole.com\/cb:q2jb.1a9\/w:auto\/h:auto\/q:mauto\/ig:avif\/https:\/\/klap.ee\/wp-content\/uploads\/2025\/03\/klap_logo_transparent_410x158.png","width":410,"height":158,"caption":"KLAP"},"image":{"@id":"https:\/\/klap.ee\/#\/schema\/logo\/image\/"}}]}},"_links":{"self":[{"href":"https:\/\/klap.ee\/lt\/wp-json\/wp\/v2\/product\/2391","targetHints":{"allow":["GET"]}}],"collection":[{"href":"https:\/\/klap.ee\/lt\/wp-json\/wp\/v2\/product"}],"about":[{"href":"https:\/\/klap.ee\/lt\/wp-json\/wp\/v2\/types\/product"}],"wp:featuredmedia":[{"embeddable":true,"href":"https:\/\/klap.ee\/lt\/wp-json\/wp\/v2\/media\/4499"}],"wp:attachment":[{"href":"https:\/\/klap.ee\/lt\/wp-json\/wp\/v2\/media?parent=2391"}],"wp:term":[{"taxonomy":"product_brand","embeddable":true,"href":"https:\/\/klap.ee\/lt\/wp-json\/wp\/v2\/product_brand?post=2391"},{"taxonomy":"product_cat","embeddable":true,"href":"https:\/\/klap.ee\/lt\/wp-json\/wp\/v2\/product_cat?post=2391"},{"taxonomy":"product_tag","embeddable":true,"href":"https:\/\/klap.ee\/lt\/wp-json\/wp\/v2\/product_tag?post=2391"}],"curies":[{"name":"wp","href":"https:\/\/api.w.org\/{rel}","templated":true}]}}