{"id":2538,"date":"2025-08-12T07:29:14","date_gmt":"2025-08-12T07:29:14","guid":{"rendered":"https:\/\/klap.ee\/?post_type=product&#038;p=2538"},"modified":"2026-04-15T08:53:19","modified_gmt":"2026-04-15T08:53:19","slug":"herman-miller-embody-gaming-chair-headrest","status":"publish","type":"product","link":"https:\/\/klap.ee\/lt\/produktas\/herman-miller-embody-gaming-chair-headrest\/","title":{"rendered":"Atlas Headrest, skirtas \"Embody\" \u017eaidim\u0173 k\u0117d\u0117ms"},"content":{"rendered":"<h2><strong>Produkto apra\u0161ymas<\/strong><\/h2>\n<p>The\u00a0Atlas Headrest is undoubtedly the best headrest ever designed for your Embody Chair. Engineered from the ground up to complement your chair beautifully and maximize your ergonomic investment. Materials and craftsmanship have been perfected to perfectly complement your chair. Proudly designed, engineered, and manufactured in the USA.<\/p>\n<p><strong>Perfect Fit &amp; Premium Craftsmanship<\/strong><br \/>\nThe Atlas Headrest blends seamlessly with the iconic design of the Embody chair. Built with premium materials and precise craftsmanship, it meets the high-quality standards of Herman Miller \u2013 a true upgrade for all Embody users.<\/p>\n<h3>Pagrindin\u0117s funkcijos<\/h3>\n<ul>\n<li><strong>Optimali kaklo atrama:<\/strong>\u00a0Suma\u017eina spaudim\u0105 kakliniam stuburui per ilgus u\u017esi\u0117mimus<\/li>\n<li><strong>Dizaino suderinamumas:<\/strong>\u00a0Tailored to match the Embody Chair in the\u00a0<em>Sync Gaming<\/em>\u00a0look<\/li>\n<li><strong>Naujo lygio ergonomika:<\/strong>\u00a0Papildo \"Embody\" esam\u0105 nugaros atram\u0105<\/li>\n<li><strong>Auk\u0161\u010diausios klas\u0117s gamyba:<\/strong>\u00a0Pagaminta JAV, daugiausia d\u0117mesio skiriant patvarumui<\/li>\n<li><strong>Lengvas montavimas:<\/strong>\u00a0Greitas ir saugus tvirtinimas prie k\u0117d\u0117s<\/li>\n<li><strong>Auk\u0161\u010diausia kokyb\u0117:<\/strong> \"Atlas\" galvos atlo\u0161ai pasi\u017eymi tokia pat auk\u0161ta kokybe, kokios tikit\u0117s i\u0161 Herman Miller<\/li>\n<li class=\"translation-block\"><strong>Garantija:<\/strong> Galvos atramoms suteikiama <strong>3 met\u0173 garantija<\/strong>, tod\u0117l galite pasikliauti j\u0173 patvarumu ir kokybe.<\/li>\n<\/ul>\n<h2>Bendra informacija<\/h2>\n<p>These items are new. Same day \/ next day delivery.<\/p>","protected":false},"excerpt":{"rendered":"<p>\u2713 Brand new \u2013 specifically designed for Embody Gaming Chair<br \/>\n\u2713 Matches all 4 Embody Gaming colours: Black, Galaxy, Amethyst, Cyan<br \/>\n\u2713 Pagaminta JAV, auk\u0161\u010diausios kokyb\u0117s med\u017eiagos<br \/>\n\u2713 3 met\u0173 garantija<br \/>\n\u2713 I\u0161siuntimas t\u0105 pa\u010di\u0105 dien\u0105<\/p>","protected":false},"featured_media":2861,"template":"","meta":{"_themeisle_gutenberg_block_has_review":false,"iawp_total_views":35},"product_brand":[71],"product_cat":[70,115,114,25,112],"product_tag":[72,74,73,76],"class_list":{"0":"post-2538","1":"product","2":"type-product","3":"status-publish","4":"has-post-thumbnail","6":"product_brand-atlas-headrest","7":"product_cat-atlas-headrest","8":"product_cat-brands","9":"product_cat-office-chair-headrests","10":"product_cat-office-furniture-1","11":"product_cat-office-furniture","12":"product_tag-atlas-headrest","13":"product_tag-embody","14":"product_tag-herman-miller","15":"product_tag-new","16":"product_shipping_class-peatoed","18":"first","19":"instock","20":"taxable","21":"shipping-taxable","22":"purchasable","23":"product-type-variable"},"yoast_head":"<!-- This site is optimized with the Yoast SEO plugin v27.5 - https:\/\/yoast.com\/product\/yoast-seo-wordpress\/ -->\n<title>Herman Miller Embody Gaming Chair Headrest | Atlas | \u20ac239 | KLAP<\/title>\n<meta name=\"description\" content=\"Add neck support to your Herman Miller Embody Gaming Chair with the Atlas Headrest. Made in USA, 3-year warranty, matches all Embody Gaming colours. Black, Galaxy, Amethyst, Cyan. Same day delivery. \u20ac239.\" \/>\n<meta name=\"robots\" content=\"index, follow, max-snippet:-1, max-image-preview:large, max-video-preview:-1\" \/>\n<link rel=\"canonical\" href=\"https:\/\/klap.ee\/lt\/product\/herman-miller-embody-gaming-chair-headrest\/\" \/>\n<meta property=\"og:locale\" content=\"lt_LT\" \/>\n<meta property=\"og:type\" content=\"article\" \/>\n<meta property=\"og:title\" content=\"Herman Miller Embody Gaming Chair Headrest | Atlas | \u20ac239 | KLAP\" \/>\n<meta property=\"og:description\" content=\"Add neck support to your Herman Miller Embody Gaming Chair with the Atlas Headrest. Made in USA, 3-year warranty, matches all Embody Gaming colours. Black, Galaxy, Amethyst, Cyan. Same day delivery. \u20ac239.\" \/>\n<meta property=\"og:url\" content=\"https:\/\/klap.ee\/lt\/product\/herman-miller-embody-gaming-chair-headrest\/\" \/>\n<meta property=\"og:site_name\" content=\"KLAP\" \/>\n<meta property=\"article:modified_time\" content=\"2026-04-15T08:53:19+00:00\" \/>\n<meta property=\"og:image\" content=\"https:\/\/mlwqeu8tue9b.i.optimole.com\/cb:q2jb.1a9\/w:1024\/h:1024\/q:mauto\/ig:avif\/http:\/\/klap.ee\/wp-content\/uploads\/2025\/08\/Embody-Gaming-Black-GraphiteFrameGraphiteBackv2.png\" \/>\n\t<meta property=\"og:image:width\" content=\"1024\" \/>\n\t<meta property=\"og:image:height\" content=\"1024\" \/>\n\t<meta property=\"og:image:type\" content=\"image\/png\" \/>\n<meta name=\"twitter:card\" content=\"summary_large_image\" \/>\n<meta name=\"twitter:label1\" content=\"Est. reading time\" \/>\n\t<meta name=\"twitter:data1\" content=\"2 minut\u0117s\" \/>\n<script type=\"application\/ld+json\" class=\"yoast-schema-graph\">{\"@context\":\"https:\\\/\\\/schema.org\",\"@graph\":[{\"@type\":\"WebPage\",\"@id\":\"https:\\\/\\\/klap.ee\\\/product\\\/herman-miller-embody-gaming-chair-headrest\\\/\",\"url\":\"https:\\\/\\\/klap.ee\\\/product\\\/herman-miller-embody-gaming-chair-headrest\\\/\",\"name\":\"Herman Miller Embody Gaming Chair Headrest | Atlas | \u20ac239 | KLAP\",\"isPartOf\":{\"@id\":\"https:\\\/\\\/klap.ee\\\/#website\"},\"primaryImageOfPage\":{\"@id\":\"https:\\\/\\\/klap.ee\\\/product\\\/herman-miller-embody-gaming-chair-headrest\\\/#primaryimage\"},\"image\":{\"@id\":\"https:\\\/\\\/klap.ee\\\/product\\\/herman-miller-embody-gaming-chair-headrest\\\/#primaryimage\"},\"thumbnailUrl\":\"https:\\/\\/klap.ee\\/wp-content\\/uploads\\/2025\\/08\\/Embody-Gaming-Black-GraphiteFrameGraphiteBackv2.png\",\"datePublished\":\"2025-08-12T07:29:14+00:00\",\"dateModified\":\"2026-04-15T08:53:19+00:00\",\"description\":\"Add neck support to your Herman Miller Embody Gaming Chair with the Atlas Headrest. Made in USA, 3-year warranty, matches all Embody Gaming colours. Black, Galaxy, Amethyst, Cyan. Same day delivery. \u20ac239.\",\"breadcrumb\":{\"@id\":\"https:\\\/\\\/klap.ee\\\/product\\\/herman-miller-embody-gaming-chair-headrest\\\/#breadcrumb\"},\"inLanguage\":\"lt-LT\",\"potentialAction\":[{\"@type\":\"ReadAction\",\"target\":[\"https:\\\/\\\/klap.ee\\\/product\\\/herman-miller-embody-gaming-chair-headrest\\\/\"]}]},{\"@type\":\"ImageObject\",\"inLanguage\":\"lt-LT\",\"@id\":\"https:\\\/\\\/klap.ee\\\/product\\\/herman-miller-embody-gaming-chair-headrest\\\/#primaryimage\",\"url\":\"https:\\/\\/klap.ee\\/wp-content\\/uploads\\/2025\\/08\\/Embody-Gaming-Black-GraphiteFrameGraphiteBackv2.png\",\"contentUrl\":\"https:\\/\\/klap.ee\\/wp-content\\/uploads\\/2025\\/08\\/Embody-Gaming-Black-GraphiteFrameGraphiteBackv2.png\",\"width\":1800,\"height\":1800},{\"@type\":\"BreadcrumbList\",\"@id\":\"https:\\\/\\\/klap.ee\\\/product\\\/herman-miller-embody-gaming-chair-headrest\\\/#breadcrumb\",\"itemListElement\":[{\"@type\":\"ListItem\",\"position\":1,\"name\":\"Home\",\"item\":\"https:\\\/\\\/klap.ee\\\/\"},{\"@type\":\"ListItem\",\"position\":2,\"name\":\"Products\",\"item\":\"https:\\\/\\\/klap.ee\\\/ergonomic-office-chairs\\\/\"},{\"@type\":\"ListItem\",\"position\":3,\"name\":\"Atlas Headrest for Embody Gaming Chair\"}]},{\"@type\":\"WebSite\",\"@id\":\"https:\\\/\\\/klap.ee\\\/#website\",\"url\":\"https:\\\/\\\/klap.ee\\\/\",\"name\":\"KLAP\",\"description\":\"J&auml;tkusuutliku disainm&ouml;&ouml;bli pood\",\"publisher\":{\"@id\":\"https:\\\/\\\/klap.ee\\\/#organization\"},\"potentialAction\":[{\"@type\":\"SearchAction\",\"target\":{\"@type\":\"EntryPoint\",\"urlTemplate\":\"https:\\\/\\\/klap.ee\\\/?s={search_term_string}\"},\"query-input\":{\"@type\":\"PropertyValueSpecification\",\"valueRequired\":true,\"valueName\":\"search_term_string\"}}],\"inLanguage\":\"lt-LT\"},{\"@type\":\"Organization\",\"@id\":\"https:\\\/\\\/klap.ee\\\/#organization\",\"name\":\"KLAP\",\"url\":\"https:\\\/\\\/klap.ee\\\/\",\"logo\":{\"@type\":\"ImageObject\",\"inLanguage\":\"lt-LT\",\"@id\":\"https:\\\/\\\/klap.ee\\\/#\\\/schema\\\/logo\\\/image\\\/\",\"url\":\"https:\\/\\/klap.ee\\/wp-content\\/uploads\\/2025\\/03\\/klap_logo_transparent_410x158.png\",\"contentUrl\":\"https:\\/\\/klap.ee\\/wp-content\\/uploads\\/2025\\/03\\/klap_logo_transparent_410x158.png\",\"width\":410,\"height\":158,\"caption\":\"KLAP\"},\"image\":{\"@id\":\"https:\\\/\\\/klap.ee\\\/#\\\/schema\\\/logo\\\/image\\\/\"}}]}<\/script>\n<!-- \/ Yoast SEO plugin. -->","yoast_head_json":{"title":"Herman Miller Embody Gaming Chair Headrest | Atlas | \u20ac239 | KLAP","description":"Add neck support to your Herman Miller Embody Gaming Chair with the Atlas Headrest. Made in USA, 3-year warranty, matches all Embody Gaming colours. Black, Galaxy, Amethyst, Cyan. Same day delivery. \u20ac239.","robots":{"index":"index","follow":"follow","max-snippet":"max-snippet:-1","max-image-preview":"max-image-preview:large","max-video-preview":"max-video-preview:-1"},"canonical":"https:\/\/klap.ee\/lt\/product\/herman-miller-embody-gaming-chair-headrest\/","og_locale":"lt_LT","og_type":"article","og_title":"Herman Miller Embody Gaming Chair Headrest | Atlas | \u20ac239 | KLAP","og_description":"Add neck support to your Herman Miller Embody Gaming Chair with the Atlas Headrest. Made in USA, 3-year warranty, matches all Embody Gaming colours. Black, Galaxy, Amethyst, Cyan. Same day delivery. \u20ac239.","og_url":"https:\/\/klap.ee\/lt\/product\/herman-miller-embody-gaming-chair-headrest\/","og_site_name":"KLAP","article_modified_time":"2026-04-15T08:53:19+00:00","og_image":[{"width":1024,"height":1024,"url":"https:\/\/mlwqeu8tue9b.i.optimole.com\/cb:q2jb.1a9\/w:1024\/h:1024\/q:mauto\/ig:avif\/http:\/\/klap.ee\/wp-content\/uploads\/2025\/08\/Embody-Gaming-Black-GraphiteFrameGraphiteBackv2.png","type":"image\/png"}],"twitter_card":"summary_large_image","twitter_misc":{"Est. reading time":"2 minut\u0117s"},"schema":{"@context":"https:\/\/schema.org","@graph":[{"@type":"WebPage","@id":"https:\/\/klap.ee\/product\/herman-miller-embody-gaming-chair-headrest\/","url":"https:\/\/klap.ee\/product\/herman-miller-embody-gaming-chair-headrest\/","name":"Herman Miller Embody Gaming Chair Headrest | Atlas | \u20ac239 | KLAP","isPartOf":{"@id":"https:\/\/klap.ee\/#website"},"primaryImageOfPage":{"@id":"https:\/\/klap.ee\/product\/herman-miller-embody-gaming-chair-headrest\/#primaryimage"},"image":{"@id":"https:\/\/klap.ee\/product\/herman-miller-embody-gaming-chair-headrest\/#primaryimage"},"thumbnailUrl":"https:\/\/mlwqeu8tue9b.i.optimole.com\/cb:q2jb.1a9\/w:auto\/h:auto\/q:mauto\/ig:avif\/https:\/\/klap.ee\/wp-content\/uploads\/2025\/08\/Embody-Gaming-Black-GraphiteFrameGraphiteBackv2.png","datePublished":"2025-08-12T07:29:14+00:00","dateModified":"2026-04-15T08:53:19+00:00","description":"Add neck support to your Herman Miller Embody Gaming Chair with the Atlas Headrest. Made in USA, 3-year warranty, matches all Embody Gaming colours. Black, Galaxy, Amethyst, Cyan. Same day delivery. \u20ac239.","breadcrumb":{"@id":"https:\/\/klap.ee\/product\/herman-miller-embody-gaming-chair-headrest\/#breadcrumb"},"inLanguage":"lt-LT","potentialAction":[{"@type":"ReadAction","target":["https:\/\/klap.ee\/product\/herman-miller-embody-gaming-chair-headrest\/"]}]},{"@type":"ImageObject","inLanguage":"lt-LT","@id":"https:\/\/klap.ee\/product\/herman-miller-embody-gaming-chair-headrest\/#primaryimage","url":"https:\/\/mlwqeu8tue9b.i.optimole.com\/cb:q2jb.1a9\/w:auto\/h:auto\/q:mauto\/ig:avif\/https:\/\/klap.ee\/wp-content\/uploads\/2025\/08\/Embody-Gaming-Black-GraphiteFrameGraphiteBackv2.png","contentUrl":"https:\/\/mlwqeu8tue9b.i.optimole.com\/cb:q2jb.1a9\/w:auto\/h:auto\/q:mauto\/ig:avif\/https:\/\/klap.ee\/wp-content\/uploads\/2025\/08\/Embody-Gaming-Black-GraphiteFrameGraphiteBackv2.png","width":1800,"height":1800},{"@type":"BreadcrumbList","@id":"https:\/\/klap.ee\/product\/herman-miller-embody-gaming-chair-headrest\/#breadcrumb","itemListElement":[{"@type":"ListItem","position":1,"name":"Home","item":"https:\/\/klap.ee\/"},{"@type":"ListItem","position":2,"name":"Products","item":"https:\/\/klap.ee\/ergonomic-office-chairs\/"},{"@type":"ListItem","position":3,"name":"Atlas Headrest for Embody Gaming Chair"}]},{"@type":"WebSite","@id":"https:\/\/klap.ee\/#website","url":"https:\/\/klap.ee\/","name":"KLAP","description":"J\u00e4tkusuutliku disainm\u00f6\u00f6\u00f6bli pood","publisher":{"@id":"https:\/\/klap.ee\/#organization"},"potentialAction":[{"@type":"SearchAction","target":{"@type":"EntryPoint","urlTemplate":"https:\/\/klap.ee\/?s={search_term_string}"},"query-input":{"@type":"PropertyValueSpecification","valueRequired":true,"valueName":"search_term_string"}}],"inLanguage":"lt-LT"},{"@type":"Organization","@id":"https:\/\/klap.ee\/#organization","name":"KLAP","url":"https:\/\/klap.ee\/","logo":{"@type":"ImageObject","inLanguage":"lt-LT","@id":"https:\/\/klap.ee\/#\/schema\/logo\/image\/","url":"https:\/\/mlwqeu8tue9b.i.optimole.com\/cb:q2jb.1a9\/w:auto\/h:auto\/q:mauto\/ig:avif\/https:\/\/klap.ee\/wp-content\/uploads\/2025\/03\/klap_logo_transparent_410x158.png","contentUrl":"https:\/\/mlwqeu8tue9b.i.optimole.com\/cb:q2jb.1a9\/w:auto\/h:auto\/q:mauto\/ig:avif\/https:\/\/klap.ee\/wp-content\/uploads\/2025\/03\/klap_logo_transparent_410x158.png","width":410,"height":158,"caption":"KLAP"},"image":{"@id":"https:\/\/klap.ee\/#\/schema\/logo\/image\/"}}]}},"_links":{"self":[{"href":"https:\/\/klap.ee\/lt\/wp-json\/wp\/v2\/product\/2538","targetHints":{"allow":["GET"]}}],"collection":[{"href":"https:\/\/klap.ee\/lt\/wp-json\/wp\/v2\/product"}],"about":[{"href":"https:\/\/klap.ee\/lt\/wp-json\/wp\/v2\/types\/product"}],"wp:featuredmedia":[{"embeddable":true,"href":"https:\/\/klap.ee\/lt\/wp-json\/wp\/v2\/media\/2861"}],"wp:attachment":[{"href":"https:\/\/klap.ee\/lt\/wp-json\/wp\/v2\/media?parent=2538"}],"wp:term":[{"taxonomy":"product_brand","embeddable":true,"href":"https:\/\/klap.ee\/lt\/wp-json\/wp\/v2\/product_brand?post=2538"},{"taxonomy":"product_cat","embeddable":true,"href":"https:\/\/klap.ee\/lt\/wp-json\/wp\/v2\/product_cat?post=2538"},{"taxonomy":"product_tag","embeddable":true,"href":"https:\/\/klap.ee\/lt\/wp-json\/wp\/v2\/product_tag?post=2538"}],"curies":[{"name":"wp","href":"https:\/\/api.w.org\/{rel}","templated":true}]}}