{"id":2751,"date":"2025-08-13T13:16:50","date_gmt":"2025-08-13T13:16:50","guid":{"rendered":"https:\/\/klap.ee\/?post_type=product&#038;p=2751"},"modified":"2026-05-04T11:33:03","modified_gmt":"2026-05-04T11:33:03","slug":"herman-miller-embody-white","status":"publish","type":"product","link":"https:\/\/klap.ee\/lt\/produktas\/herman-miller-embody-white\/","title":{"rendered":"Herman Miller \"Embody White"},"content":{"rendered":"<h2><strong>Produkto apra\u0161ymas<\/strong><\/h2>\n<p><strong>U\u017e nuolatin\u0119 gerov\u0119<\/strong><br \/>K\u0117d\u0117 \"Embody\" sukurta remiantis daugiau nei 30 gydytoj\u0173 ir daktar\u0173, biomechanikos, regos, fizin\u0117s terapijos ir ergonomikos specialist\u0173 \u012f\u017evalgomis, tod\u0117l ji skirta tiems, kurie rimtai \u017ei\u016bri \u012f s\u0117d\u0117jim\u0105. Sukurta siekiant suma\u017einti diskomfort\u0105 ir skatinti ilgalaik\u0119 sveikat\u0105, ji u\u017etikrina neprilygstam\u0105 komforto ir patikimos stuburo atramos derin\u012f.<\/p>\n<p>\"Embody\" i\u0161siskiria i\u0161 \u012fprast\u0173 biuro k\u0117d\u017ei\u0173 savo i\u0161skirtiniu komfortu, i\u0161tverminga nugaros atrama ir novatori\u0161ka dizaino filosofija. Unikali \"Tri-Flex\" nugaros sistema dinami\u0161kai prisitaiko prie kiekvieno judesio ir suteikia tiksling\u0105 atram\u0105 trijose skirtingose zonose. Stuburas, \u012fskaitant itin svarbi\u0105 juosmens srit\u012f, i\u0161lieka tinkamai i\u0161lygintas, o koj\u0173 ir klub\u0173 kraujotaka palaikoma net ir ilgai s\u0117dint.<\/p>\n<p><strong>\u012e \u017emog\u0173 orientuota in\u017einerija<br \/>\n<\/strong>Kad b\u016bt\u0173 pasiektas toks ergonomikos lygis, kuriant dizain\u0105 buvo intensyviai bendradarbiaujama su gydytojais, fizioterapeutais ir biomechanikos ekspertais. S\u0117dyn\u0117 sudaryta i\u0161 keturi\u0173 kruop\u0161\u010diai suprojektuot\u0173 sluoksni\u0173, kuriuos palaiko spyruoklin\u0117 strukt\u016bra, u\u017etikrinanti auk\u0161tos kokyb\u0117s \u010diu\u017einio komfort\u0105. Nugar\u0117l\u0117 sukurta ant lankstaus r\u0117mo, kuris veikia pana\u0161iai kaip \u017emogaus skeletas - u\u017etikrina prisitaikan\u010di\u0105 atram\u0105 ir amortizacij\u0105, kuri yra tokia nat\u016brali, kad galite pamir\u0161ti, jog apskritai s\u0117dite.<\/p>\n<h2>Pagrindin\u0117s funkcijos<\/h2>\n<ul>\n<li><strong>\"Pixelated\" palaikymas<\/strong><br \/>\"Pixelated Support\" sistema suteikia unikal\u0173 nesvarumo jausm\u0105. Dinami\u0161ka pikseli\u0173 matrica nuolat prisitaiko net prie ma\u017eiausi\u0173 pad\u0117ties poky\u010di\u0173, tolygiai paskirstydama spaudim\u0105 ant s\u0117dyn\u0117s ir atlo\u0161o. Kartu su keturi\u0173 sluoksni\u0173 itin pralaid\u017eia orui s\u0117dyn\u0117s strukt\u016bra ji u\u017etikrina i\u0161skirtin\u012f komfort\u0105 vis\u0105 dien\u0105.<\/li>\n<li><strong>\"Backfit\" atlo\u0161as su lanks\u010diu r\u0117mu<\/strong><br \/>\u012ekv\u0117pta \u017emogaus stuburo, keli\u0173 zon\u0173 atlo\u0161o strukt\u016bra nat\u016braliai skatina sveik\u0105 laikysen\u0105 ir viso k\u016bno atram\u0105. \"Backfit\" mechanizmas prisitaiko prie dubens ir skland\u017eiai reaguoja \u012f judesius, skatindamas atsipalaidavim\u0105 ir net suma\u017eindamas \u0161irdies ritm\u0105. Jo plonas, kont\u016brinis profilis suteikia jud\u0117jimo laisv\u0119 ir kartu i\u0161laiko patikim\u0105 atram\u0105.<\/li>\n<li><strong>Patobulintas s\u0117dyn\u0117s pamink\u0161tinimas<\/strong><br \/>Patobulintas \"Scrim Foam\" pamink\u0161tinimas, \u012fdiegtas 2021 m. vasario m\u0117n. atnaujintoje versijoje, padidina komfort\u0105 ir patvarum\u0105, u\u017etikrindamas pastov\u0173 palaikym\u0105 ilg\u0105 naudojimo laik\u0105.<\/li>\n<li><strong>Kv\u0117puojantis pavir\u0161ius ir ergonomi\u0161kas reguliavimas<\/strong><br \/>Kv\u0117puojan\u010dios s\u0117dyn\u0117s med\u017eiagos skatina kraujotak\u0105 ir palaiko aktyv\u0173 s\u0117d\u0117jim\u0105. Reguliuojami porankiai ir s\u0117dyn\u0117s gylis padeda suma\u017einti nugaros ir kaklo \u012ftamp\u0105, o plonas, lankstus atlo\u0161as gerina laikysen\u0105 nevar\u017eydamas judesi\u0173.<\/li>\n<li><strong>Tvarus ir patvarus dizainas<\/strong><br \/>\"Embody\" k\u0117d\u0117 ne tik padeda u\u017etikrinti ger\u0105 fizin\u0119 savijaut\u0105, bet ir tvari\u0105 darbo viet\u0105. Pagaminta i\u0161 perdirbt\u0173 ir PVC neturin\u010di\u0173 med\u017eiag\u0173, ji suderina ilgalaikes ergonomines savybes ir atsakomyb\u0119 u\u017e aplink\u0105.<\/li>\n<\/ul>\n<p>&nbsp;<\/p>\n<h2>Bendra informacija<\/h2>\n<p>\u0160ios biuro k\u0117d\u0117s yra naujos.<\/p>\n<ul>\n<li>Atlo\u0161o spalva: \u012fvairi<\/li>\n<li>R\u0117mo spalva: balta<\/li>\n<li>Garantija: 12 met\u0173<\/li>\n<li>Grind\u0173 ratukai: universal\u016bs ratukai (kilimas ir kietos grindys)<\/li>\n<li>Naudojimo paskirtis: \u017eaidimai, Biuras, Da\u017enai s\u0117dintys asmenys<\/li>\n<li>S\u0117dyn\u0117s ilgis: reguliuojamas<\/li>\n<li>Rank\u0173 parinktys: visi\u0161kai reguliuojamos rankos<\/li>\n<li>Pakreipimo ribotuvas: standartinis<\/li>\n<li>Galima perdirbti iki 96%<\/li>\n<li>Did\u017eiausia apkrova: 136 kg<\/li>\n<\/ul>\n<h2>Produkto specifikacijos<\/h2>\n<div class=\"elementor-element elementor-element-7a1db292 elementor-widget elementor-widget-heading\" data-id=\"7a1db292\" data-element_type=\"widget\" data-widget_type=\"heading.default\">\n<div class=\"elementor-widget-container\">\n<div class=\"elementor-widget-container\"><\/div>\n<div>\n<table style=\"width: 649px; height: 558px;\" width=\"100%\">\n<tbody>\n<tr style=\"height: 19.6px;\">\n<td style=\"width: 49.7619%; height: 19.6px;\">&nbsp;<\/p>\n<p style=\"text-align: left;\"><span style=\"color: #808080;\">Dizaineris<br \/>\n<\/span>Don Chadwick ir Bill Stumpf<\/p>\n<p style=\"text-align: left;\"><span style=\"color: #808080;\">Projektavimo metai<br \/>\n<\/span>2009<\/p>\n<p style=\"text-align: left;\"><span style=\"color: #808080;\">Pagaminta<\/span><br \/>\nJAV<\/p>\n<p style=\"text-align: left;\"><span style=\"color: #808080;\">Sertifikatai<br \/>\n<\/span>Perdirbimo galimyb\u0117 Iki 95%<br \/>\nBIFMA lygis\u00ae 3<br \/>\nGREENGUARD\u00ae Gold<br \/>\n\"Cradle to Cradle\u00ae<\/p>\n<\/td>\n<td style=\"width: 49.7619%; height: 19.6px;\">&nbsp;<\/p>\n<p><span style=\"color: #808080;\">Bendrieji matmenys<br \/>\n<\/span>Dydis - 1067-1143 (H) x 749 (W) x 381-457 mm (D)<span style=\"color: #808080;\"><br \/>\n<\/span><\/p>\n<p>&nbsp;<\/p>\n<p><span style=\"color: #808080;\">Maksimalus paj\u0117gumas<br \/>\n<\/span>136 kg<\/p>\n<p><span style=\"color: #808080; font-family: inherit; font-size: inherit;\"><br \/>\nProdukto svoris<br \/>\n<\/span>23,2<\/p>\n<p>&nbsp;<\/td>\n<\/tr>\n<\/tbody>\n<\/table>\n<\/div>\n<\/div>\n<\/div>","protected":false},"excerpt":{"rendered":"<p>\u2713 Visi\u0161kai naujas - baltas r\u0117melis, 10 spalv\u0173 variant\u0173<br \/>\n\u2713 \"Pixelated Support\" ir \"BackFit\" reguliavimas<br \/>\n\u2713 Titano arba aliuminio pagrindas<br \/>\n\u2713 12 met\u0173 garantija, perdirbama iki 96%<br \/>\n\u2713 Greitas pristatymas<\/p>","protected":false},"featured_media":4171,"template":"","meta":{"_themeisle_gutenberg_block_has_review":false,"iawp_total_views":22},"product_brand":[31],"product_cat":[115,33,34,120,25,112],"product_tag":[74,73,76],"class_list":{"0":"post-2751","1":"product","2":"type-product","3":"status-publish","4":"has-post-thumbnail","6":"product_brand-hermanmiller","7":"product_cat-brands","8":"product_cat-ergonomic-office-chairs","9":"product_cat-herman-miller","10":"product_cat-new","11":"product_cat-office-furniture-1","12":"product_cat-office-furniture","13":"product_tag-embody","14":"product_tag-herman-miller","15":"product_tag-new","16":"product_shipping_class-toolid","18":"first","19":"instock","20":"sale","21":"taxable","22":"shipping-taxable","23":"purchasable","24":"product-type-variable"},"yoast_head":"<!-- This site is optimized with the Yoast SEO plugin v27.6 - https:\/\/yoast.com\/product\/yoast-seo-wordpress\/ -->\n<title>Herman Miller Embody White (New) | From \u20ac1,743 | 10 Colours | KLAP<\/title>\n<meta name=\"description\" content=\"Buy the Herman Miller Embody with White frame from \u20ac1,743. Brand new, 10 colour options, Pixelated Support, BackFit adjustment, Titan or Aluminium base, 12-year warranty. Fast delivery.\" \/>\n<meta name=\"robots\" content=\"index, follow, max-snippet:-1, max-image-preview:large, max-video-preview:-1\" \/>\n<link rel=\"canonical\" href=\"https:\/\/klap.ee\/lt\/produktas\/herman-miller-embody-white\/\" \/>\n<meta property=\"og:locale\" content=\"lt_LT\" \/>\n<meta property=\"og:type\" content=\"article\" \/>\n<meta property=\"og:title\" content=\"Herman Miller Embody White (New) | From \u20ac1,743 | 10 Colours | KLAP\" \/>\n<meta property=\"og:description\" content=\"Buy the Herman Miller Embody with White frame from \u20ac1,743. Brand new, 10 colour options, Pixelated Support, BackFit adjustment, Titan or Aluminium base, 12-year warranty. Fast delivery.\" \/>\n<meta property=\"og:url\" content=\"https:\/\/klap.ee\/lt\/produktas\/herman-miller-embody-white\/\" \/>\n<meta property=\"og:site_name\" content=\"KLAP\" \/>\n<meta property=\"article:modified_time\" content=\"2026-05-04T11:33:03+00:00\" \/>\n<meta property=\"og:image\" content=\"https:\/\/klap.ee\/wp-content\/uploads\/2025\/08\/Untitled-design-9-1024x1024.png\" \/>\n\t<meta property=\"og:image:width\" content=\"1024\" \/>\n\t<meta property=\"og:image:height\" content=\"1024\" \/>\n\t<meta property=\"og:image:type\" content=\"image\/png\" \/>\n<meta name=\"twitter:card\" content=\"summary_large_image\" \/>\n<meta name=\"twitter:label1\" content=\"Est. reading time\" \/>\n\t<meta name=\"twitter:data1\" content=\"3 minut\u0117s\" \/>\n<script type=\"application\/ld+json\" class=\"yoast-schema-graph\">{\"@context\":\"https:\\\/\\\/schema.org\",\"@graph\":[{\"@type\":\"WebPage\",\"@id\":\"https:\\\/\\\/klap.ee\\\/product\\\/herman-miller-embody-white\\\/\",\"url\":\"https:\\\/\\\/klap.ee\\\/product\\\/herman-miller-embody-white\\\/\",\"name\":\"Herman Miller Embody White (New) | From \u20ac1,743 | 10 Colours | KLAP\",\"isPartOf\":{\"@id\":\"https:\\\/\\\/klap.ee\\\/#website\"},\"primaryImageOfPage\":{\"@id\":\"https:\\\/\\\/klap.ee\\\/product\\\/herman-miller-embody-white\\\/#primaryimage\"},\"image\":{\"@id\":\"https:\\\/\\\/klap.ee\\\/product\\\/herman-miller-embody-white\\\/#primaryimage\"},\"thumbnailUrl\":\"https:\\\/\\\/klap.ee\\\/wp-content\\\/uploads\\\/2025\\\/08\\\/Untitled-design-9.png\",\"datePublished\":\"2025-08-13T13:16:50+00:00\",\"dateModified\":\"2026-05-04T11:33:03+00:00\",\"description\":\"Buy the Herman Miller Embody with White frame from \u20ac1,743. Brand new, 10 colour options, Pixelated Support, BackFit adjustment, Titan or Aluminium base, 12-year warranty. Fast delivery.\",\"breadcrumb\":{\"@id\":\"https:\\\/\\\/klap.ee\\\/product\\\/herman-miller-embody-white\\\/#breadcrumb\"},\"inLanguage\":\"lt-LT\",\"potentialAction\":[{\"@type\":\"ReadAction\",\"target\":[\"https:\\\/\\\/klap.ee\\\/product\\\/herman-miller-embody-white\\\/\"]}]},{\"@type\":\"ImageObject\",\"inLanguage\":\"lt-LT\",\"@id\":\"https:\\\/\\\/klap.ee\\\/product\\\/herman-miller-embody-white\\\/#primaryimage\",\"url\":\"https:\\\/\\\/klap.ee\\\/wp-content\\\/uploads\\\/2025\\\/08\\\/Untitled-design-9.png\",\"contentUrl\":\"https:\\\/\\\/klap.ee\\\/wp-content\\\/uploads\\\/2025\\\/08\\\/Untitled-design-9.png\",\"width\":1600,\"height\":1600},{\"@type\":\"BreadcrumbList\",\"@id\":\"https:\\\/\\\/klap.ee\\\/product\\\/herman-miller-embody-white\\\/#breadcrumb\",\"itemListElement\":[{\"@type\":\"ListItem\",\"position\":1,\"name\":\"Home\",\"item\":\"https:\\\/\\\/klap.ee\\\/\"},{\"@type\":\"ListItem\",\"position\":2,\"name\":\"Products\",\"item\":\"https:\\\/\\\/klap.ee\\\/ergonomic-office-chairs\\\/\"},{\"@type\":\"ListItem\",\"position\":3,\"name\":\"Herman Miller Embody White\"}]},{\"@type\":\"WebSite\",\"@id\":\"https:\\\/\\\/klap.ee\\\/#website\",\"url\":\"https:\\\/\\\/klap.ee\\\/\",\"name\":\"KLAP\",\"description\":\"J\u00e4tkusuutliku disainm\u00f6\u00f6bli pood\",\"publisher\":{\"@id\":\"https:\\\/\\\/klap.ee\\\/#organization\"},\"potentialAction\":[{\"@type\":\"SearchAction\",\"target\":{\"@type\":\"EntryPoint\",\"urlTemplate\":\"https:\\\/\\\/klap.ee\\\/?s={search_term_string}\"},\"query-input\":{\"@type\":\"PropertyValueSpecification\",\"valueRequired\":true,\"valueName\":\"search_term_string\"}}],\"inLanguage\":\"lt-LT\"},{\"@type\":\"Organization\",\"@id\":\"https:\\\/\\\/klap.ee\\\/#organization\",\"name\":\"KLAP\",\"url\":\"https:\\\/\\\/klap.ee\\\/\",\"logo\":{\"@type\":\"ImageObject\",\"inLanguage\":\"lt-LT\",\"@id\":\"https:\\\/\\\/klap.ee\\\/#\\\/schema\\\/logo\\\/image\\\/\",\"url\":\"https:\\\/\\\/klap.ee\\\/wp-content\\\/uploads\\\/2025\\\/03\\\/klap_logo_transparent_410x158.png\",\"contentUrl\":\"https:\\\/\\\/klap.ee\\\/wp-content\\\/uploads\\\/2025\\\/03\\\/klap_logo_transparent_410x158.png\",\"width\":410,\"height\":158,\"caption\":\"KLAP\"},\"image\":{\"@id\":\"https:\\\/\\\/klap.ee\\\/#\\\/schema\\\/logo\\\/image\\\/\"}}]}<\/script>\n<!-- \/ Yoast SEO plugin. -->","yoast_head_json":{"title":"Herman Miller Embody White (New) | From \u20ac1,743 | 10 Colours | KLAP","description":"Buy the Herman Miller Embody with White frame from \u20ac1,743. Brand new, 10 colour options, Pixelated Support, BackFit adjustment, Titan or Aluminium base, 12-year warranty. Fast delivery.","robots":{"index":"index","follow":"follow","max-snippet":"max-snippet:-1","max-image-preview":"max-image-preview:large","max-video-preview":"max-video-preview:-1"},"canonical":"https:\/\/klap.ee\/lt\/produktas\/herman-miller-embody-white\/","og_locale":"lt_LT","og_type":"article","og_title":"Herman Miller Embody White (New) | From \u20ac1,743 | 10 Colours | KLAP","og_description":"Buy the Herman Miller Embody with White frame from \u20ac1,743. Brand new, 10 colour options, Pixelated Support, BackFit adjustment, Titan or Aluminium base, 12-year warranty. Fast delivery.","og_url":"https:\/\/klap.ee\/lt\/produktas\/herman-miller-embody-white\/","og_site_name":"KLAP","article_modified_time":"2026-05-04T11:33:03+00:00","og_image":[{"width":1024,"height":1024,"url":"https:\/\/klap.ee\/wp-content\/uploads\/2025\/08\/Untitled-design-9-1024x1024.png","type":"image\/png"}],"twitter_card":"summary_large_image","twitter_misc":{"Est. reading time":"3 minut\u0117s"},"schema":{"@context":"https:\/\/schema.org","@graph":[{"@type":"WebPage","@id":"https:\/\/klap.ee\/product\/herman-miller-embody-white\/","url":"https:\/\/klap.ee\/product\/herman-miller-embody-white\/","name":"Herman Miller Embody White (New) | From \u20ac1,743 | 10 Colours | KLAP","isPartOf":{"@id":"https:\/\/klap.ee\/#website"},"primaryImageOfPage":{"@id":"https:\/\/klap.ee\/product\/herman-miller-embody-white\/#primaryimage"},"image":{"@id":"https:\/\/klap.ee\/product\/herman-miller-embody-white\/#primaryimage"},"thumbnailUrl":"https:\/\/klap.ee\/wp-content\/uploads\/2025\/08\/Untitled-design-9.png","datePublished":"2025-08-13T13:16:50+00:00","dateModified":"2026-05-04T11:33:03+00:00","description":"Buy the Herman Miller Embody with White frame from \u20ac1,743. Brand new, 10 colour options, Pixelated Support, BackFit adjustment, Titan or Aluminium base, 12-year warranty. Fast delivery.","breadcrumb":{"@id":"https:\/\/klap.ee\/product\/herman-miller-embody-white\/#breadcrumb"},"inLanguage":"lt-LT","potentialAction":[{"@type":"ReadAction","target":["https:\/\/klap.ee\/product\/herman-miller-embody-white\/"]}]},{"@type":"ImageObject","inLanguage":"lt-LT","@id":"https:\/\/klap.ee\/product\/herman-miller-embody-white\/#primaryimage","url":"https:\/\/klap.ee\/wp-content\/uploads\/2025\/08\/Untitled-design-9.png","contentUrl":"https:\/\/klap.ee\/wp-content\/uploads\/2025\/08\/Untitled-design-9.png","width":1600,"height":1600},{"@type":"BreadcrumbList","@id":"https:\/\/klap.ee\/product\/herman-miller-embody-white\/#breadcrumb","itemListElement":[{"@type":"ListItem","position":1,"name":"Home","item":"https:\/\/klap.ee\/"},{"@type":"ListItem","position":2,"name":"Products","item":"https:\/\/klap.ee\/ergonomic-office-chairs\/"},{"@type":"ListItem","position":3,"name":"Herman Miller Embody White"}]},{"@type":"WebSite","@id":"https:\/\/klap.ee\/#website","url":"https:\/\/klap.ee\/","name":"KLAP","description":"J\u00e4tkusuutliku disainm\u00f6\u00f6\u00f6bli pood","publisher":{"@id":"https:\/\/klap.ee\/#organization"},"potentialAction":[{"@type":"SearchAction","target":{"@type":"EntryPoint","urlTemplate":"https:\/\/klap.ee\/?s={search_term_string}"},"query-input":{"@type":"PropertyValueSpecification","valueRequired":true,"valueName":"search_term_string"}}],"inLanguage":"lt-LT"},{"@type":"Organization","@id":"https:\/\/klap.ee\/#organization","name":"KLAP","url":"https:\/\/klap.ee\/","logo":{"@type":"ImageObject","inLanguage":"lt-LT","@id":"https:\/\/klap.ee\/#\/schema\/logo\/image\/","url":"https:\/\/klap.ee\/wp-content\/uploads\/2025\/03\/klap_logo_transparent_410x158.png","contentUrl":"https:\/\/klap.ee\/wp-content\/uploads\/2025\/03\/klap_logo_transparent_410x158.png","width":410,"height":158,"caption":"KLAP"},"image":{"@id":"https:\/\/klap.ee\/#\/schema\/logo\/image\/"}}]}},"_links":{"self":[{"href":"https:\/\/klap.ee\/lt\/wp-json\/wp\/v2\/product\/2751","targetHints":{"allow":["GET"]}}],"collection":[{"href":"https:\/\/klap.ee\/lt\/wp-json\/wp\/v2\/product"}],"about":[{"href":"https:\/\/klap.ee\/lt\/wp-json\/wp\/v2\/types\/product"}],"wp:featuredmedia":[{"embeddable":true,"href":"https:\/\/klap.ee\/lt\/wp-json\/wp\/v2\/media\/4171"}],"wp:attachment":[{"href":"https:\/\/klap.ee\/lt\/wp-json\/wp\/v2\/media?parent=2751"}],"wp:term":[{"taxonomy":"product_brand","embeddable":true,"href":"https:\/\/klap.ee\/lt\/wp-json\/wp\/v2\/product_brand?post=2751"},{"taxonomy":"product_cat","embeddable":true,"href":"https:\/\/klap.ee\/lt\/wp-json\/wp\/v2\/product_cat?post=2751"},{"taxonomy":"product_tag","embeddable":true,"href":"https:\/\/klap.ee\/lt\/wp-json\/wp\/v2\/product_tag?post=2751"}],"curies":[{"name":"wp","href":"https:\/\/api.w.org\/{rel}","templated":true}]}}