{"id":463,"date":"2024-11-05T12:34:43","date_gmt":"2024-11-05T12:34:43","guid":{"rendered":"https:\/\/klap-ee.vserver.zonevs.eu\/product\/aeron-remastered-graphite-new\/"},"modified":"2026-04-15T08:54:23","modified_gmt":"2026-04-15T08:54:23","slug":"aeron-remastered-graphite-new","status":"publish","type":"product","link":"https:\/\/klap.ee\/lt\/produktas\/aeron-remastered-graphite-new\/","title":{"rendered":"Herman Miller \"Aeron Remastered Graphite"},"content":{"rendered":"<h2><strong>Produkto apra\u0161ymas<\/strong><\/h2>\n<p data-start=\"116\" data-end=\"364\">\"Aeron Remastered\" yra vertas vienos \u012ftakingiausi\u0173 biuro k\u0117d\u017ei\u0173 istorijoje \u012fp\u0117dinis. Lengvesn\u0117, ergonomi\u0161kesn\u0117 ir intuityvesn\u0117 nei jos kultin\u0117 pirmtak\u0117, ji i\u0161 naujo apibr\u0117\u017eia \u0161iuolaikinius s\u0117d\u0117jimo standartus.<\/p>\n<p data-start=\"366\" data-end=\"911\">1990-aisiais Dono Chadwicko ir Billo Stumpfo sukurtas \"Aeron\" greitai tapo kult\u016briniu ir ergonominiu etapu. Tai buvo pirmoji biuro k\u0117d\u0117, kurioje atsisakyta tradicini\u0173 apmu\u0161al\u0173, o vietoj j\u0173 pasi\u016blytas \u012f ateit\u012f orientuotas dizainas, kuriame inovacijos der\u0117jo su patogumu, skirtu ilgas valandas prie darbo stalo praleid\u017eiantiems specialistams. Dabar \"Aeron Classic\" i\u0161 naujo sukurta \u0161iuolaikinei darbo vietai. Atnaujintoje versijoje patobulinta ergonomika ir pa\u017eangi med\u017eiag\u0173 in\u017einerija, o tai pagerina na\u0161um\u0105, kad atitikt\u0173 XXI a. reikalavimus.<\/p>\n<p data-start=\"913\" data-end=\"1534\">\"Aeron Remastered\" i\u0161lieka neprilygstamas savo kategorijoje. Sukurtas taip, kad suteikt\u0173 i\u0161skirtin\u0119 ergonomin\u0119 atram\u0105 \u012fvairiems k\u016bno tipams, jis turi kv\u0117puojan\u010di\u0105 s\u0117dyn\u0117s ir atlo\u0161o pakabos sistem\u0105, kuri prisitaiko prie naudotojo formos ir suma\u017eina spaudim\u0105 stuburui, kaklui ir klubams. Patobulintas pakreipimo mechanizmas ir visi\u0161kai reguliuojami porankiai leid\u017eia tiksliai prisitaikyti, u\u017etikrinant sveik\u0105, palanki\u0105 laikysen\u0105 ilgomis darbo dienomis. Eleganti\u0161kas ir \u0161iuolaiki\u0161kas \"Aeron Remastered\" ne tik u\u017etikrina neprilygstam\u0105 funkcionalum\u0105, bet ir puikiai dera bet kokioje profesin\u0117je aplinkoje.<\/p>\n<h2>Pagrindin\u0117s funkcijos<\/h2>\n<p data-start=\"141\" data-end=\"460\"><strong data-start=\"141\" data-end=\"159\">\"PostureFit SL\":<\/strong><br data-start=\"159\" data-end=\"162\" \/>\u0160i patentuota, pertvarkyta nugaros atramos sistema u\u017etikrina ergonomi\u0161k\u0105 dubens srities stabilum\u0105, tolygiai paskirstydama atram\u0105 per vis\u0105 stubur\u0105. \"Remastered\" versijoje i\u0161bandyta \"PostureFit\" sistema papildyta dviem nepriklausomai reguliuojamomis pagalv\u0117l\u0117mis, kurios stabilizuoja kry\u017ekaulio ir juosmens srit\u012f.<\/p>\n<p data-start=\"462\" data-end=\"784\"><strong data-start=\"462\" data-end=\"487\">8Z Pelikuliarin\u0117 membrana:<\/strong><br data-start=\"487\" data-end=\"490\" \/>Kv\u0117puojanti patentuota membrana imituoja nat\u016bralius \u017emogaus odos difuzijos procesus, neleid\u017eia kauptis \u0161ilumai ir u\u017etikrina optimal\u0173 komfort\u0105. Jame yra a\u0161tuonios skirtingos skirtingo \u012ftempimo atramin\u0117s zonos, u\u017etikrinan\u010dios individual\u0173 kietum\u0105 ir prisitaikant\u012f spaudimo ma\u017einim\u0105 visame k\u016bne.<\/p>\n<p data-start=\"786\" data-end=\"988\"><strong data-start=\"786\" data-end=\"802\">3D porankiai:<\/strong><br data-start=\"802\" data-end=\"805\" \/>Rank\u0173 atramos pasi\u017eymi trima\u010diu auk\u0161\u010dio, gylio ir pasukimo reguliavimu, tod\u0117l jas lengviau naudoti ir patogiau, tod\u0117l jas galima tiksliai pritaikyti bet kokiai darbo vietai.<\/p>\n<h2>Bendra informacija<\/h2>\n<p>\u0160ios biuro k\u0117d\u0117s yra naujos.<\/p>\n<ul>\n<li>Dyd\u017eiai: A, B, C<\/li>\n<li>Atlo\u0161o u\u017evalkalas: Grafitinis<\/li>\n<li>R\u0117mo spalva: Graphite<\/li>\n<li>Garantija: 12 met\u0173<\/li>\n<li>Reguliuojamas poranki\u0173 atram\u0173 auk\u0161tis, pad\u0117tis pirmyn ir atgal, vidin\u0117 ir i\u0161orin\u0117 pad\u0117tis<\/li>\n<li>Pakreipimo \u012ftempimas<\/li>\n<li>Reguliuojama juosmens atrama \/ \"PostureFit SL<\/li>\n<li>8Z-Pellicle-Membrane<\/li>\n<li>Viniliniai porankiai<\/li>\n<li>Reguliuojamas s\u0117dyn\u0117s kampas<\/li>\n<li>Dujin\u0117 spyruokl\u0117 su reguliuojamu auk\u0161\u010diu<\/li>\n<\/ul>\n<h2>Produkto specifikacijos<\/h2>\n<div class=\"elementor-element elementor-element-4d311189 elementor-widget elementor-widget-text-editor\" data-widget_type=\"text-editor.default\" data-element_type=\"widget\" data-id=\"4d311189\">\n<div class=\"elementor-widget-container\">\n<table style=\"width: 649px; height: 558px;\" width=\"100%\">\n<tbody>\n<tr style=\"height: 19.6px;\">\n<td style=\"width: 49.7619%; height: 19.6px;\">\n<p style=\"text-align: left;\"><span style=\"color: #808080;\">Dizaineris<br \/>\n<\/span>Don Chadwick ir Bill Stumpf<\/p>\n<p style=\"text-align: left;\"><span style=\"color: #808080;\">Projektavimo metai<br \/>\n<\/span>2016<\/p>\n<p style=\"text-align: left;\"><span style=\"color: #808080;\">Pagaminta<\/span><br \/>\nJAV<\/p>\n<p style=\"text-align: left;\"><span style=\"color: #808080;\">Sertifikatai<br \/>\n<\/span>level\u00ae<br \/>\nGREENGUARD<br \/>\nNuo lop\u0161io iki lop\u0161io<\/p>\n<\/td>\n<td style=\"width: 49.7619%; height: 19.6px;\">&nbsp;<\/p>\n<p>&nbsp;<\/p>\n<p>&nbsp;<\/p>\n<p><span style=\"color: #808080;\">Bendrieji matmenys<br \/>\n<\/span>A dydis - 953 (H) x 635 (W) x 567 mm (D)<br \/>\nB dydis - 1090 (auk\u0161tis) x 658 (plotis) x 598 mm (gylis)<br \/>\nC dydis - 1128 (auk\u0161tis) x 695 (plotis) x 664 mm (gylis)<\/p>\n<p><span style=\"color: #808080;\">Maksimalus paj\u0117gumas<br \/>\n<\/span>A dydis - 136 kg<br \/>\nB dydis - 159 kg<br \/>\nC dydis - 159 kg<\/p>\n<p><span style=\"color: #808080;\">Produkto svoris<br \/>\n<\/span>A dydis - 18,1 kg<br \/>\nB dydis - 18,6 kg<br \/>\nC dydis - 19,5 kg<\/p>\n<p>&nbsp;<\/td>\n<\/tr>\n<\/tbody>\n<\/table>\n<p>&nbsp;<\/p>\n<\/div>\n<\/div>","protected":false},"excerpt":{"rendered":"<p>Product description The Aeron Remastered stands as the worthy successor to one of the most influential office chairs in history. Lighter, more ergonomic, and more intuitive than its iconic predecessor, &#8230;<\/p>","protected":false},"featured_media":4161,"template":"","meta":{"_themeisle_gutenberg_block_has_review":false,"iawp_total_views":16},"product_brand":[31],"product_cat":[115,33,34,112,25],"product_tag":[101,73,76],"class_list":{"0":"post-463","1":"product","2":"type-product","3":"status-publish","4":"has-post-thumbnail","6":"product_brand-hermanmiller","7":"product_cat-brands","8":"product_cat-ergonomic-office-chairs","9":"product_cat-herman-miller","10":"product_cat-office-furniture","11":"product_cat-office-furniture-1","12":"product_tag-aeron-graphite","13":"product_tag-herman-miller","14":"product_tag-new","15":"product_shipping_class-toolid","17":"first","18":"instock","19":"sale","20":"taxable","21":"shipping-taxable","22":"purchasable","23":"product-type-variable"},"yoast_head":"<!-- This site is optimized with the Yoast SEO plugin v27.5 - https:\/\/yoast.com\/product\/yoast-seo-wordpress\/ -->\n<title>Herman Miller Aeron Remastered Graphite - KLAP<\/title>\n<meta name=\"robots\" content=\"index, follow, max-snippet:-1, max-image-preview:large, max-video-preview:-1\" \/>\n<link rel=\"canonical\" href=\"https:\/\/klap.ee\/lt\/produktas\/aeron-remastered-graphite-new\/\" \/>\n<meta property=\"og:locale\" content=\"lt_LT\" \/>\n<meta property=\"og:type\" content=\"article\" \/>\n<meta property=\"og:title\" content=\"Herman Miller Aeron Remastered Graphite - KLAP\" \/>\n<meta property=\"og:description\" content=\"Product description The Aeron Remastered stands as the worthy successor to one of the most influential office chairs in history. Lighter, more ergonomic, and more intuitive than its iconic predecessor, ...\" \/>\n<meta property=\"og:url\" content=\"https:\/\/klap.ee\/lt\/produktas\/aeron-remastered-graphite-new\/\" \/>\n<meta property=\"og:site_name\" content=\"KLAP\" \/>\n<meta property=\"article:modified_time\" content=\"2026-04-15T08:54:23+00:00\" \/>\n<meta property=\"og:image\" content=\"https:\/\/mlwqeu8tue9b.i.optimole.com\/cb:q2jb.1a9\/w:1024\/h:1024\/q:mauto\/ig:avif\/http:\/\/klap.ee\/wp-content\/uploads\/2025\/05\/Untitled-design-1-2.png\" \/>\n\t<meta property=\"og:image:width\" content=\"1024\" \/>\n\t<meta property=\"og:image:height\" content=\"1024\" \/>\n\t<meta property=\"og:image:type\" content=\"image\/png\" \/>\n<meta name=\"twitter:card\" content=\"summary_large_image\" \/>\n<meta name=\"twitter:label1\" content=\"Est. reading time\" \/>\n\t<meta name=\"twitter:data1\" content=\"2 minut\u0117s\" \/>\n<script type=\"application\/ld+json\" class=\"yoast-schema-graph\">{\"@context\":\"https:\\\/\\\/schema.org\",\"@graph\":[{\"@type\":\"WebPage\",\"@id\":\"https:\\\/\\\/klap.ee\\\/product\\\/aeron-remastered-graphite-new\\\/\",\"url\":\"https:\\\/\\\/klap.ee\\\/product\\\/aeron-remastered-graphite-new\\\/\",\"name\":\"Herman Miller Aeron Remastered Graphite - KLAP\",\"isPartOf\":{\"@id\":\"https:\\\/\\\/klap.ee\\\/#website\"},\"primaryImageOfPage\":{\"@id\":\"https:\\\/\\\/klap.ee\\\/product\\\/aeron-remastered-graphite-new\\\/#primaryimage\"},\"image\":{\"@id\":\"https:\\\/\\\/klap.ee\\\/product\\\/aeron-remastered-graphite-new\\\/#primaryimage\"},\"thumbnailUrl\":\"https:\\/\\/klap.ee\\/wp-content\\/uploads\\/2025\\/05\\/Untitled-design-1-2.png\",\"datePublished\":\"2024-11-05T12:34:43+00:00\",\"dateModified\":\"2026-04-15T08:54:23+00:00\",\"breadcrumb\":{\"@id\":\"https:\\\/\\\/klap.ee\\\/product\\\/aeron-remastered-graphite-new\\\/#breadcrumb\"},\"inLanguage\":\"lt-LT\",\"potentialAction\":[{\"@type\":\"ReadAction\",\"target\":[\"https:\\\/\\\/klap.ee\\\/product\\\/aeron-remastered-graphite-new\\\/\"]}]},{\"@type\":\"ImageObject\",\"inLanguage\":\"lt-LT\",\"@id\":\"https:\\\/\\\/klap.ee\\\/product\\\/aeron-remastered-graphite-new\\\/#primaryimage\",\"url\":\"https:\\/\\/klap.ee\\/wp-content\\/uploads\\/2025\\/05\\/Untitled-design-1-2.png\",\"contentUrl\":\"https:\\/\\/klap.ee\\/wp-content\\/uploads\\/2025\\/05\\/Untitled-design-1-2.png\",\"width\":1600,\"height\":1600},{\"@type\":\"BreadcrumbList\",\"@id\":\"https:\\\/\\\/klap.ee\\\/product\\\/aeron-remastered-graphite-new\\\/#breadcrumb\",\"itemListElement\":[{\"@type\":\"ListItem\",\"position\":1,\"name\":\"Home\",\"item\":\"https:\\\/\\\/klap.ee\\\/\"},{\"@type\":\"ListItem\",\"position\":2,\"name\":\"Products\",\"item\":\"https:\\\/\\\/klap.ee\\\/ergonomic-office-chairs\\\/\"},{\"@type\":\"ListItem\",\"position\":3,\"name\":\"Herman Miller Aeron Remastered Graphite\"}]},{\"@type\":\"WebSite\",\"@id\":\"https:\\\/\\\/klap.ee\\\/#website\",\"url\":\"https:\\\/\\\/klap.ee\\\/\",\"name\":\"KLAP\",\"description\":\"J&auml;tkusuutliku disainm&ouml;&ouml;bli pood\",\"publisher\":{\"@id\":\"https:\\\/\\\/klap.ee\\\/#organization\"},\"potentialAction\":[{\"@type\":\"SearchAction\",\"target\":{\"@type\":\"EntryPoint\",\"urlTemplate\":\"https:\\\/\\\/klap.ee\\\/?s={search_term_string}\"},\"query-input\":{\"@type\":\"PropertyValueSpecification\",\"valueRequired\":true,\"valueName\":\"search_term_string\"}}],\"inLanguage\":\"lt-LT\"},{\"@type\":\"Organization\",\"@id\":\"https:\\\/\\\/klap.ee\\\/#organization\",\"name\":\"KLAP\",\"url\":\"https:\\\/\\\/klap.ee\\\/\",\"logo\":{\"@type\":\"ImageObject\",\"inLanguage\":\"lt-LT\",\"@id\":\"https:\\\/\\\/klap.ee\\\/#\\\/schema\\\/logo\\\/image\\\/\",\"url\":\"https:\\/\\/klap.ee\\/wp-content\\/uploads\\/2025\\/03\\/klap_logo_transparent_410x158.png\",\"contentUrl\":\"https:\\/\\/klap.ee\\/wp-content\\/uploads\\/2025\\/03\\/klap_logo_transparent_410x158.png\",\"width\":410,\"height\":158,\"caption\":\"KLAP\"},\"image\":{\"@id\":\"https:\\\/\\\/klap.ee\\\/#\\\/schema\\\/logo\\\/image\\\/\"}}]}<\/script>\n<!-- \/ Yoast SEO plugin. -->","yoast_head_json":{"title":"Herman Miller Aeron Remastered Graphite - KLAP","robots":{"index":"index","follow":"follow","max-snippet":"max-snippet:-1","max-image-preview":"max-image-preview:large","max-video-preview":"max-video-preview:-1"},"canonical":"https:\/\/klap.ee\/lt\/produktas\/aeron-remastered-graphite-new\/","og_locale":"lt_LT","og_type":"article","og_title":"Herman Miller Aeron Remastered Graphite - KLAP","og_description":"Product description The Aeron Remastered stands as the worthy successor to one of the most influential office chairs in history. Lighter, more ergonomic, and more intuitive than its iconic predecessor, ...","og_url":"https:\/\/klap.ee\/lt\/produktas\/aeron-remastered-graphite-new\/","og_site_name":"KLAP","article_modified_time":"2026-04-15T08:54:23+00:00","og_image":[{"width":1024,"height":1024,"url":"https:\/\/mlwqeu8tue9b.i.optimole.com\/cb:q2jb.1a9\/w:1024\/h:1024\/q:mauto\/ig:avif\/http:\/\/klap.ee\/wp-content\/uploads\/2025\/05\/Untitled-design-1-2.png","type":"image\/png"}],"twitter_card":"summary_large_image","twitter_misc":{"Est. reading time":"2 minut\u0117s"},"schema":{"@context":"https:\/\/schema.org","@graph":[{"@type":"WebPage","@id":"https:\/\/klap.ee\/product\/aeron-remastered-graphite-new\/","url":"https:\/\/klap.ee\/product\/aeron-remastered-graphite-new\/","name":"Herman Miller Aeron Remastered Graphite - KLAP","isPartOf":{"@id":"https:\/\/klap.ee\/#website"},"primaryImageOfPage":{"@id":"https:\/\/klap.ee\/product\/aeron-remastered-graphite-new\/#primaryimage"},"image":{"@id":"https:\/\/klap.ee\/product\/aeron-remastered-graphite-new\/#primaryimage"},"thumbnailUrl":"https:\/\/mlwqeu8tue9b.i.optimole.com\/cb:q2jb.1a9\/w:auto\/h:auto\/q:mauto\/ig:avif\/https:\/\/klap.ee\/wp-content\/uploads\/2025\/05\/Untitled-design-1-2.png","datePublished":"2024-11-05T12:34:43+00:00","dateModified":"2026-04-15T08:54:23+00:00","breadcrumb":{"@id":"https:\/\/klap.ee\/product\/aeron-remastered-graphite-new\/#breadcrumb"},"inLanguage":"lt-LT","potentialAction":[{"@type":"ReadAction","target":["https:\/\/klap.ee\/product\/aeron-remastered-graphite-new\/"]}]},{"@type":"ImageObject","inLanguage":"lt-LT","@id":"https:\/\/klap.ee\/product\/aeron-remastered-graphite-new\/#primaryimage","url":"https:\/\/mlwqeu8tue9b.i.optimole.com\/cb:q2jb.1a9\/w:auto\/h:auto\/q:mauto\/ig:avif\/https:\/\/klap.ee\/wp-content\/uploads\/2025\/05\/Untitled-design-1-2.png","contentUrl":"https:\/\/mlwqeu8tue9b.i.optimole.com\/cb:q2jb.1a9\/w:auto\/h:auto\/q:mauto\/ig:avif\/https:\/\/klap.ee\/wp-content\/uploads\/2025\/05\/Untitled-design-1-2.png","width":1600,"height":1600},{"@type":"BreadcrumbList","@id":"https:\/\/klap.ee\/product\/aeron-remastered-graphite-new\/#breadcrumb","itemListElement":[{"@type":"ListItem","position":1,"name":"Home","item":"https:\/\/klap.ee\/"},{"@type":"ListItem","position":2,"name":"Products","item":"https:\/\/klap.ee\/ergonomic-office-chairs\/"},{"@type":"ListItem","position":3,"name":"Herman Miller Aeron Remastered Graphite"}]},{"@type":"WebSite","@id":"https:\/\/klap.ee\/#website","url":"https:\/\/klap.ee\/","name":"KLAP","description":"J\u00e4tkusuutliku disainm\u00f6\u00f6\u00f6bli pood","publisher":{"@id":"https:\/\/klap.ee\/#organization"},"potentialAction":[{"@type":"SearchAction","target":{"@type":"EntryPoint","urlTemplate":"https:\/\/klap.ee\/?s={search_term_string}"},"query-input":{"@type":"PropertyValueSpecification","valueRequired":true,"valueName":"search_term_string"}}],"inLanguage":"lt-LT"},{"@type":"Organization","@id":"https:\/\/klap.ee\/#organization","name":"KLAP","url":"https:\/\/klap.ee\/","logo":{"@type":"ImageObject","inLanguage":"lt-LT","@id":"https:\/\/klap.ee\/#\/schema\/logo\/image\/","url":"https:\/\/mlwqeu8tue9b.i.optimole.com\/cb:q2jb.1a9\/w:auto\/h:auto\/q:mauto\/ig:avif\/https:\/\/klap.ee\/wp-content\/uploads\/2025\/03\/klap_logo_transparent_410x158.png","contentUrl":"https:\/\/mlwqeu8tue9b.i.optimole.com\/cb:q2jb.1a9\/w:auto\/h:auto\/q:mauto\/ig:avif\/https:\/\/klap.ee\/wp-content\/uploads\/2025\/03\/klap_logo_transparent_410x158.png","width":410,"height":158,"caption":"KLAP"},"image":{"@id":"https:\/\/klap.ee\/#\/schema\/logo\/image\/"}}]}},"_links":{"self":[{"href":"https:\/\/klap.ee\/lt\/wp-json\/wp\/v2\/product\/463","targetHints":{"allow":["GET"]}}],"collection":[{"href":"https:\/\/klap.ee\/lt\/wp-json\/wp\/v2\/product"}],"about":[{"href":"https:\/\/klap.ee\/lt\/wp-json\/wp\/v2\/types\/product"}],"wp:featuredmedia":[{"embeddable":true,"href":"https:\/\/klap.ee\/lt\/wp-json\/wp\/v2\/media\/4161"}],"wp:attachment":[{"href":"https:\/\/klap.ee\/lt\/wp-json\/wp\/v2\/media?parent=463"}],"wp:term":[{"taxonomy":"product_brand","embeddable":true,"href":"https:\/\/klap.ee\/lt\/wp-json\/wp\/v2\/product_brand?post=463"},{"taxonomy":"product_cat","embeddable":true,"href":"https:\/\/klap.ee\/lt\/wp-json\/wp\/v2\/product_cat?post=463"},{"taxonomy":"product_tag","embeddable":true,"href":"https:\/\/klap.ee\/lt\/wp-json\/wp\/v2\/product_tag?post=463"}],"curies":[{"name":"wp","href":"https:\/\/api.w.org\/{rel}","templated":true}]}}