{"id":5061,"date":"2026-04-30T07:20:18","date_gmt":"2026-04-30T07:20:18","guid":{"rendered":"https:\/\/klap.ee\/?post_type=product&#038;p=5061"},"modified":"2026-04-30T08:30:04","modified_gmt":"2026-04-30T08:30:04","slug":"herman-miller-setu-refurbished","status":"publish","type":"product","link":"https:\/\/klap.ee\/lt\/produktas\/herman-miller-setu-refurbished\/","title":{"rendered":"Herman Miller Setu (Refurbished)"},"content":{"rendered":"<h2><strong>Product description<\/strong><\/h2>\n<p data-start=\"116\" data-end=\"483\">The Setu Chair&#8217;s function and contours were shaped by the changing world around us. We work collaboratively in a variety of less formal spaces, moving around more and more throughout the day. As we&#8217;re expected to work anywhere and everywhere, we need furniture that can keep up. Designed by the Berlin-based Studio 7.5, Setu was shaped by the world around us \u2014 not the other way around.<br \/>\nSetu&#8217;s dematerialized, environmentally sensitive design uses less material \u2014 only 18 pounds for the multipurpose chair \u2014 to support more people, up to 300 pounds. It includes only one adjustment, and its bumper protects and enhances the chair&#8217;s aesthetic. That single adjustment controlling the height lets anyone sit down and immediately feel at home, without needing to fiddle with knobs or levers. From the graceful curve of its ribbon arms to the durable, silver alloy base, Setu&#8217;s minimal design aesthetic and customizable nature let it blend in or serve as a focal point in any space.<\/p>\n<h2>The key features<\/h2>\n<ul>\n<li class=\"font-claude-response-body break-words whitespace-normal leading-[1.7]\"><strong>Kinematic Spine<\/strong> Setu features the Kinematic Spine, which uses two types of polypropylene to control resistance and support your weight as you recline. Without requiring adjustments, it bends and flexes with every movement \u2014 responding to your body&#8217;s natural movements and providing the same consistent experience from chair to chair.<\/li>\n<li class=\"font-claude-response-body break-words whitespace-normal leading-[1.7]\"><strong>Intercept Suspension<\/strong> The Kinematic Spine works in concert with the breathable, temperature-neutral, and durable Intercept suspension \u2014 originally a Cosm innovation \u2014 for seamless comfort wherever you are. Designed to keep you cool and comfortable during long periods of sitting, it requires no break-in period and maintains its performance over time.<\/li>\n<li class=\"font-claude-response-body break-words whitespace-normal leading-[1.7]\"><strong>C-Layer Suspension<\/strong> The upholstered Setu features a C-Layer Suspension that works with a variety of textiles, adding a degree of structural support to the fabric and maintaining the comfort and resilience of the seat surface across heavy use.<\/li>\n<li class=\"font-claude-response-body break-words whitespace-normal leading-[1.7]\"><strong>Dematerialized, Environmentally Sensitive Design<\/strong> Setu uses less material than conventional office chairs to support more people. Its bumper protects and enhances the chair&#8217;s aesthetic, while the dipped-in-color option \u2014 available in one hue from top to bottom \u2014 allows Setu to complement a variety of spaces and blend harmoniously with other seating options.<\/li>\n<li class=\"font-claude-response-body break-words whitespace-normal leading-[1.7]\"><strong>A Minimal Aesthetic<\/strong> From the graceful curve of its ribbon arms to the durable silver alloy base, Setu&#8217;s clean lines and customizable nature let it serve as both a subtle background piece or a bold focal point. It pairs naturally with its fellow Studio 7.5-designed Cosm Chair.<\/li>\n<\/ul>\n<h2>General Information<\/h2>\n<p>These office chairs have been refurbished. For us, \u2018refurbished\u2019 means that the chairs have been carefully checked, possibly reupholstered, fitted with new official parts, cleaned and resprayed if necessary. We try to get the condition of the chairs as good as new again.<\/p>\n<ul>\n<li><strong>Refurbished: Conditon A<\/strong><\/li>\n<li>Backrest color: mineral<\/li>\n<li>Frame clour: mineral<\/li>\n<li>Base: aluminium<\/li>\n<li>Floor rollers: universal castors (carpet\/hard floor)<\/li>\n<li>Purpose of use: office, collaborative spaces, multipurpose seating<\/li>\n<li>Seat debth: adjustable<\/li>\n<li>Arm options: fixed ribbon arms<\/li>\n<li>Tilt limiter: standard<\/li>\n<li>Seat height: adjustable<\/li>\n<li>Max load: 136kg<\/li>\n<\/ul>\n<h2>Product specifications<\/h2>\n<div class=\"elementor-widget-container\"><\/div>\n<div>\n<table style=\"width: 649px; height: 558px;\" width=\"100%\">\n<tbody>\n<tr style=\"height: 19.6px;\">\n<td style=\"width: 49.7619%; height: 19.6px;\">&nbsp;<\/p>\n<p style=\"text-align: left;\"><span style=\"color: #808080;\">Designer<br \/>\n<\/span>Studio 7.5<\/p>\n<p style=\"text-align: left;\"><span style=\"color: #808080;\">Design year<br \/>\n<\/span>2009<\/p>\n<p style=\"text-align: left;\"><span style=\"color: #808080;\">Produced in<\/span><br \/>\nUSA<\/p>\n<p style=\"text-align: left;\"><span style=\"color: #808080;\">Certificates<\/span><br \/>\nGREENGUARD\u00ae Gold<br \/>\nCradle to Cradle\u00ae<\/p>\n<\/td>\n<td style=\"width: 49.7619%; height: 19.6px;\"><span style=\"color: #808080;\">Overall Dimensions<br \/>\n<\/span>Size &#8211; 840\u2013981 mm (H) x 483 (W) x 610 mm (D)<span style=\"color: #808080;\"><span style=\"color: #808080;\">_<br \/>\nMax Capacity<br \/>\n<\/span><\/span>136 kg<span style=\"color: #808080; font-family: inherit; font-size: inherit;\"><br \/>\nProduct Weight<br \/>\n<\/span>8<\/td>\n<\/tr>\n<\/tbody>\n<\/table>\n<p>&nbsp;<\/p>\n<\/div>\n","protected":false},"excerpt":{"rendered":"<p>\u2713 Atnaujinta - A b\u016bkl\u0117<br \/>\n\u2713 Save 27% vs new price \u2013 was \u20ac1170, now \u20ac374<br \/>\n\u2713 Kinematic Spine &amp; Intercept Suspension<br \/>\n\u2713 Mineral frame, mineral backrest, aluminium base<br \/>\n\u2713 Greitas pristatymas<br \/>\n\u2713 Sustainable choice<\/p>\n<p>&nbsp;<\/p>\n<p>&nbsp;<\/p>","protected":false},"featured_media":5063,"template":"","meta":{"_themeisle_gutenberg_block_has_review":false,"iawp_total_views":1},"product_brand":[31],"product_cat":[115,33,34,112,25],"product_tag":[57,58,74,73],"class_list":{"0":"post-5061","1":"product","2":"type-product","3":"status-publish","4":"has-post-thumbnail","6":"product_brand-hermanmiller","7":"product_cat-brands","8":"product_cat-ergonomic-office-chairs","9":"product_cat-herman-miller","10":"product_cat-office-furniture","11":"product_cat-office-furniture-1","12":"product_tag-display-model","13":"product_tag-eco-friendly-choice","14":"product_tag-embody","15":"product_tag-herman-miller","16":"product_shipping_class-toolid","18":"first","19":"instock","20":"sale","21":"taxable","22":"shipping-taxable","23":"purchasable","24":"product-type-simple"},"yoast_head":"<!-- This site is optimized with the Yoast SEO plugin v27.5 - https:\/\/yoast.com\/product\/yoast-seo-wordpress\/ -->\n<title>Herman Miller Setu Refurbished | \u20ac374 | KLAP)<\/title>\n<meta name=\"description\" content=\"Buy a refurbished Herman Miller Setu chair \u2014 Condition A, Kinematic Spine &amp; Intercept suspension, aluminium base, adjustable height. Fast delivery.\" \/>\n<meta name=\"robots\" content=\"index, follow, max-snippet:-1, max-image-preview:large, max-video-preview:-1\" \/>\n<link rel=\"canonical\" href=\"https:\/\/klap.ee\/lt\/produktas\/herman-miller-setu-refurbished\/\" \/>\n<meta property=\"og:locale\" content=\"lt_LT\" \/>\n<meta property=\"og:type\" content=\"article\" \/>\n<meta property=\"og:title\" content=\"Herman Miller Setu Refurbished | \u20ac374 | KLAP)\" \/>\n<meta property=\"og:description\" content=\"Buy a refurbished Herman Miller Setu chair \u2014 Condition A, Kinematic Spine &amp; Intercept suspension, aluminium base, adjustable height. Fast delivery.\" \/>\n<meta property=\"og:url\" content=\"https:\/\/klap.ee\/lt\/produktas\/herman-miller-setu-refurbished\/\" \/>\n<meta property=\"og:site_name\" content=\"KLAP\" \/>\n<meta property=\"article:modified_time\" content=\"2026-04-30T08:30:04+00:00\" \/>\n<meta property=\"og:image\" content=\"https:\/\/mlwqeu8tue9b.i.optimole.com\/cb:_I1b.1c0\/w:1024\/h:1024\/q:mauto\/ig:avif\/http:\/\/klap.ee\/wp-content\/uploads\/2026\/04\/Untitled-design-2-2.png\" \/>\n\t<meta property=\"og:image:width\" content=\"1024\" \/>\n\t<meta property=\"og:image:height\" content=\"1024\" \/>\n\t<meta property=\"og:image:type\" content=\"image\/png\" \/>\n<meta name=\"twitter:card\" content=\"summary_large_image\" \/>\n<meta name=\"twitter:label1\" content=\"Est. reading time\" \/>\n\t<meta name=\"twitter:data1\" content=\"3 minut\u0117s\" \/>\n<script type=\"application\/ld+json\" class=\"yoast-schema-graph\">{\"@context\":\"https:\\\/\\\/schema.org\",\"@graph\":[{\"@type\":\"WebPage\",\"@id\":\"https:\\\/\\\/klap.ee\\\/product\\\/herman-miller-setu-refurbished\\\/\",\"url\":\"https:\\\/\\\/klap.ee\\\/product\\\/herman-miller-setu-refurbished\\\/\",\"name\":\"Herman Miller Setu Refurbished | \u20ac374 | KLAP)\",\"isPartOf\":{\"@id\":\"https:\\\/\\\/klap.ee\\\/#website\"},\"primaryImageOfPage\":{\"@id\":\"https:\\\/\\\/klap.ee\\\/product\\\/herman-miller-setu-refurbished\\\/#primaryimage\"},\"image\":{\"@id\":\"https:\\\/\\\/klap.ee\\\/product\\\/herman-miller-setu-refurbished\\\/#primaryimage\"},\"thumbnailUrl\":\"https:\\/\\/klap.ee\\/wp-content\\/uploads\\/2026\\/04\\/Untitled-design-2-2.png\",\"datePublished\":\"2026-04-30T07:20:18+00:00\",\"dateModified\":\"2026-04-30T08:30:04+00:00\",\"description\":\"Buy a refurbished Herman Miller Setu chair \u2014 Condition A, Kinematic Spine & Intercept suspension, aluminium base, adjustable height. Fast delivery.\",\"breadcrumb\":{\"@id\":\"https:\\\/\\\/klap.ee\\\/product\\\/herman-miller-setu-refurbished\\\/#breadcrumb\"},\"inLanguage\":\"lt-LT\",\"potentialAction\":[{\"@type\":\"ReadAction\",\"target\":[\"https:\\\/\\\/klap.ee\\\/product\\\/herman-miller-setu-refurbished\\\/\"]}]},{\"@type\":\"ImageObject\",\"inLanguage\":\"lt-LT\",\"@id\":\"https:\\\/\\\/klap.ee\\\/product\\\/herman-miller-setu-refurbished\\\/#primaryimage\",\"url\":\"https:\\/\\/klap.ee\\/wp-content\\/uploads\\/2026\\/04\\/Untitled-design-2-2.png\",\"contentUrl\":\"https:\\/\\/klap.ee\\/wp-content\\/uploads\\/2026\\/04\\/Untitled-design-2-2.png\",\"width\":1600,\"height\":1600},{\"@type\":\"BreadcrumbList\",\"@id\":\"https:\\\/\\\/klap.ee\\\/product\\\/herman-miller-setu-refurbished\\\/#breadcrumb\",\"itemListElement\":[{\"@type\":\"ListItem\",\"position\":1,\"name\":\"Home\",\"item\":\"https:\\\/\\\/klap.ee\\\/\"},{\"@type\":\"ListItem\",\"position\":2,\"name\":\"Products\",\"item\":\"https:\\\/\\\/klap.ee\\\/ergonomic-office-chairs\\\/\"},{\"@type\":\"ListItem\",\"position\":3,\"name\":\"Herman Miller Setu (Refurbished)\"}]},{\"@type\":\"WebSite\",\"@id\":\"https:\\\/\\\/klap.ee\\\/#website\",\"url\":\"https:\\\/\\\/klap.ee\\\/\",\"name\":\"KLAP\",\"description\":\"J&auml;tkusuutliku disainm&ouml;&ouml;bli pood\",\"publisher\":{\"@id\":\"https:\\\/\\\/klap.ee\\\/#organization\"},\"potentialAction\":[{\"@type\":\"SearchAction\",\"target\":{\"@type\":\"EntryPoint\",\"urlTemplate\":\"https:\\\/\\\/klap.ee\\\/?s={search_term_string}\"},\"query-input\":{\"@type\":\"PropertyValueSpecification\",\"valueRequired\":true,\"valueName\":\"search_term_string\"}}],\"inLanguage\":\"lt-LT\"},{\"@type\":\"Organization\",\"@id\":\"https:\\\/\\\/klap.ee\\\/#organization\",\"name\":\"KLAP\",\"url\":\"https:\\\/\\\/klap.ee\\\/\",\"logo\":{\"@type\":\"ImageObject\",\"inLanguage\":\"lt-LT\",\"@id\":\"https:\\\/\\\/klap.ee\\\/#\\\/schema\\\/logo\\\/image\\\/\",\"url\":\"https:\\/\\/klap.ee\\/wp-content\\/uploads\\/2025\\/03\\/klap_logo_transparent_410x158.png\",\"contentUrl\":\"https:\\/\\/klap.ee\\/wp-content\\/uploads\\/2025\\/03\\/klap_logo_transparent_410x158.png\",\"width\":410,\"height\":158,\"caption\":\"KLAP\"},\"image\":{\"@id\":\"https:\\\/\\\/klap.ee\\\/#\\\/schema\\\/logo\\\/image\\\/\"}}]}<\/script>\n<!-- \/ Yoast SEO plugin. -->","yoast_head_json":{"title":"Herman Miller Setu Refurbished | \u20ac374 | KLAP)","description":"Buy a refurbished Herman Miller Setu chair \u2014 Condition A, Kinematic Spine & Intercept suspension, aluminium base, adjustable height. Fast delivery.","robots":{"index":"index","follow":"follow","max-snippet":"max-snippet:-1","max-image-preview":"max-image-preview:large","max-video-preview":"max-video-preview:-1"},"canonical":"https:\/\/klap.ee\/lt\/produktas\/herman-miller-setu-refurbished\/","og_locale":"lt_LT","og_type":"article","og_title":"Herman Miller Setu Refurbished | \u20ac374 | KLAP)","og_description":"Buy a refurbished Herman Miller Setu chair \u2014 Condition A, Kinematic Spine & Intercept suspension, aluminium base, adjustable height. Fast delivery.","og_url":"https:\/\/klap.ee\/lt\/produktas\/herman-miller-setu-refurbished\/","og_site_name":"KLAP","article_modified_time":"2026-04-30T08:30:04+00:00","og_image":[{"width":1024,"height":1024,"url":"https:\/\/mlwqeu8tue9b.i.optimole.com\/cb:_I1b.1c0\/w:1024\/h:1024\/q:mauto\/ig:avif\/http:\/\/klap.ee\/wp-content\/uploads\/2026\/04\/Untitled-design-2-2.png","type":"image\/png"}],"twitter_card":"summary_large_image","twitter_misc":{"Est. reading time":"3 minut\u0117s"},"schema":{"@context":"https:\/\/schema.org","@graph":[{"@type":"WebPage","@id":"https:\/\/klap.ee\/product\/herman-miller-setu-refurbished\/","url":"https:\/\/klap.ee\/product\/herman-miller-setu-refurbished\/","name":"Herman Miller Setu Refurbished | \u20ac374 | KLAP)","isPartOf":{"@id":"https:\/\/klap.ee\/#website"},"primaryImageOfPage":{"@id":"https:\/\/klap.ee\/product\/herman-miller-setu-refurbished\/#primaryimage"},"image":{"@id":"https:\/\/klap.ee\/product\/herman-miller-setu-refurbished\/#primaryimage"},"thumbnailUrl":"https:\/\/mlwqeu8tue9b.i.optimole.com\/cb:_I1b.1c0\/w:auto\/h:auto\/q:mauto\/ig:avif\/https:\/\/klap.ee\/wp-content\/uploads\/2026\/04\/Untitled-design-2-2.png","datePublished":"2026-04-30T07:20:18+00:00","dateModified":"2026-04-30T08:30:04+00:00","description":"Buy a refurbished Herman Miller Setu chair \u2014 Condition A, Kinematic Spine & Intercept suspension, aluminium base, adjustable height. Fast delivery.","breadcrumb":{"@id":"https:\/\/klap.ee\/product\/herman-miller-setu-refurbished\/#breadcrumb"},"inLanguage":"lt-LT","potentialAction":[{"@type":"ReadAction","target":["https:\/\/klap.ee\/product\/herman-miller-setu-refurbished\/"]}]},{"@type":"ImageObject","inLanguage":"lt-LT","@id":"https:\/\/klap.ee\/product\/herman-miller-setu-refurbished\/#primaryimage","url":"https:\/\/mlwqeu8tue9b.i.optimole.com\/cb:_I1b.1c0\/w:auto\/h:auto\/q:mauto\/ig:avif\/https:\/\/klap.ee\/wp-content\/uploads\/2026\/04\/Untitled-design-2-2.png","contentUrl":"https:\/\/mlwqeu8tue9b.i.optimole.com\/cb:_I1b.1c0\/w:auto\/h:auto\/q:mauto\/ig:avif\/https:\/\/klap.ee\/wp-content\/uploads\/2026\/04\/Untitled-design-2-2.png","width":1600,"height":1600},{"@type":"BreadcrumbList","@id":"https:\/\/klap.ee\/product\/herman-miller-setu-refurbished\/#breadcrumb","itemListElement":[{"@type":"ListItem","position":1,"name":"Home","item":"https:\/\/klap.ee\/"},{"@type":"ListItem","position":2,"name":"Products","item":"https:\/\/klap.ee\/ergonomic-office-chairs\/"},{"@type":"ListItem","position":3,"name":"Herman Miller Setu (Refurbished)"}]},{"@type":"WebSite","@id":"https:\/\/klap.ee\/#website","url":"https:\/\/klap.ee\/","name":"KLAP","description":"J\u00e4tkusuutliku disainm\u00f6\u00f6\u00f6bli pood","publisher":{"@id":"https:\/\/klap.ee\/#organization"},"potentialAction":[{"@type":"SearchAction","target":{"@type":"EntryPoint","urlTemplate":"https:\/\/klap.ee\/?s={search_term_string}"},"query-input":{"@type":"PropertyValueSpecification","valueRequired":true,"valueName":"search_term_string"}}],"inLanguage":"lt-LT"},{"@type":"Organization","@id":"https:\/\/klap.ee\/#organization","name":"KLAP","url":"https:\/\/klap.ee\/","logo":{"@type":"ImageObject","inLanguage":"lt-LT","@id":"https:\/\/klap.ee\/#\/schema\/logo\/image\/","url":"https:\/\/mlwqeu8tue9b.i.optimole.com\/cb:q2jb.1a9\/w:auto\/h:auto\/q:mauto\/ig:avif\/https:\/\/klap.ee\/wp-content\/uploads\/2025\/03\/klap_logo_transparent_410x158.png","contentUrl":"https:\/\/mlwqeu8tue9b.i.optimole.com\/cb:q2jb.1a9\/w:auto\/h:auto\/q:mauto\/ig:avif\/https:\/\/klap.ee\/wp-content\/uploads\/2025\/03\/klap_logo_transparent_410x158.png","width":410,"height":158,"caption":"KLAP"},"image":{"@id":"https:\/\/klap.ee\/#\/schema\/logo\/image\/"}}]}},"_links":{"self":[{"href":"https:\/\/klap.ee\/lt\/wp-json\/wp\/v2\/product\/5061","targetHints":{"allow":["GET"]}}],"collection":[{"href":"https:\/\/klap.ee\/lt\/wp-json\/wp\/v2\/product"}],"about":[{"href":"https:\/\/klap.ee\/lt\/wp-json\/wp\/v2\/types\/product"}],"wp:featuredmedia":[{"embeddable":true,"href":"https:\/\/klap.ee\/lt\/wp-json\/wp\/v2\/media\/5063"}],"wp:attachment":[{"href":"https:\/\/klap.ee\/lt\/wp-json\/wp\/v2\/media?parent=5061"}],"wp:term":[{"taxonomy":"product_brand","embeddable":true,"href":"https:\/\/klap.ee\/lt\/wp-json\/wp\/v2\/product_brand?post=5061"},{"taxonomy":"product_cat","embeddable":true,"href":"https:\/\/klap.ee\/lt\/wp-json\/wp\/v2\/product_cat?post=5061"},{"taxonomy":"product_tag","embeddable":true,"href":"https:\/\/klap.ee\/lt\/wp-json\/wp\/v2\/product_tag?post=5061"}],"curies":[{"name":"wp","href":"https:\/\/api.w.org\/{rel}","templated":true}]}}